{"id":14549,"date":"2017-12-03T11:38:30","date_gmt":"2017-12-03T11:38:30","guid":{"rendered":"http:\/\/www.adrianwood.ch\/?page_id=14549"},"modified":"2017-12-03T11:38:30","modified_gmt":"2017-12-03T11:38:30","slug":"08-24-col-di-vessona","status":"publish","type":"page","link":"https:\/\/www.adrianwood.ch\/?page_id=14549","title":{"rendered":"08-24 Col di Vessona"},"content":{"rendered":"<div class=\"pmdi_content_wrapper\">\n<p class=\"Normal-P\" style=\"margin-bottom: 6pt; direction: ltr; unicode-bidi: normal;\"><span class=\"Normal-H\"><span style=\";   font-weight: bold; font-size: 11pt;\">Mittwoch, 24. <\/span><span style=\";   font-weight: bold; font-size: 11pt;\">August<\/span><span style=\";   font-weight: bold; font-size: 11pt;\">, <\/span><span style=\";   font-weight: bold; font-size: 11pt;\">Rifugio Cuney <\/span><span style=\";   font-weight: bold; font-size: 11pt;\">\u2013<\/span><span style=\";   font-weight: bold; font-size: 11pt;\">Col <\/span><span style=\";   font-weight: bold; font-size: 11pt;\">di Vessona \u2013 Close &#8211; <\/span><span style=\";   font-weight: bold; font-size: 11pt;\">Valpelline<\/span><\/span><\/p>\n<p class=\"Normal-P\" style=\"margin-bottom: 6pt; text-align: justify; text-justify: inter-ideograph; direction: ltr; unicode-bidi: normal;\"><span class=\"Normal-H\"><\/span><\/p>\n<table class=\"TableGrid-T\" style=\"border-collapse: collapse;\" cellspacing=\"0\">\n<tbody>\n<tr class=\"-R\">\n<td class=\"-C\" style=\"width: 481pt; border: none windowtext 0pt;\" colspan=\"2\">\n<p class=\"Normal-P\" style=\"margin-bottom: 6pt; text-align: justify; text-justify: inter-ideograph; direction: ltr; unicode-bidi: normal;\"><span class=\"Normal-H\"><span style=\";        font-size: 11pt;\">Mit b\u00f6sen Vorahnungen legte ich mich am Dienstagabend ins Massenlager, denn mein Versuch, das Fenster \u00fcber Nacht offenzulassen, erwiess sich schnell als hoffnungsloses Unterfangen. So verbrachten wir die Nacht mit 9 Personen im geschlossenen Raum und umso gr\u00f6sser war die \u00dcberraschung, dass ich gut 6-7 h st\u00f6rungsfrei durchschlafen konnte und die Luft am fr\u00fchen Morgen erstaunlich gut war. Die L\u00f6sung war schnell gefunden: Durch die Decke zog es kr\u00e4ftig durch, zum Leidwesen der oberen Etage &#8230;.<\/span><\/span><\/p>\n<p class=\"Normal-P\" style=\"margin-bottom: 6pt; text-align: justify; text-justify: inter-ideograph; direction: ltr; unicode-bidi: normal;\"><span class=\"Normal-H\"><span style=\";        font-size: 11pt;\">Der Blick auf das geschlossene Fenster nach dem Aufwachen brachte noch eine zweite freudige \u00dcberraschung: Einzelne Staubk\u00f6rner im Zimmer, die nur in einem engen Sonnenstrahl vom Fenster ausgehend als leuchtende Reflexionspunkte auf und ab tanzten, liessen mich hoffnungsvoll aus dem Lager ans (immer noch geschlossene) Fenster springen. Richtig vermutet: Strahlender Sonnenschein im wolkenlosen Firmament k\u00fcndigte einen Traumtag an.<\/span><\/span><\/p>\n<\/td>\n<\/tr>\n<tr class=\"-R\">\n<td class=\"-C\" style=\"width: 239.75pt; border: none windowtext 0pt;\">\n<p class=\"Normal-P\" style=\"margin-bottom: 6pt; text-align: justify; text-justify: inter-ideograph; direction: ltr; unicode-bidi: normal;\"><span class=\"Normal-H\"><span style=\";        font-size: 11pt;\"><img decoding=\"async\" src=\"http:\/\/www.adrianwood.ch\/wp-content\/uploads\/2017\/12\/1512301089_image1.jpeg\" data-link=\"\" width=\"311px       \" height=\"206px       \"><\/span><\/span><\/p>\n<\/td>\n<td class=\"-C\" style=\"width: 241.25pt; border: none windowtext 0pt;\">\n<p class=\"Normal-P\" style=\"margin-bottom: 6pt; text-align: justify; text-justify: inter-ideograph; direction: ltr; unicode-bidi: normal;\"><span class=\"Normal-H\"><span style=\";        font-size: 11pt;\"><img decoding=\"async\" src=\"http:\/\/www.adrianwood.ch\/wp-content\/uploads\/2017\/12\/1512301089_image2.jpeg\" data-link=\"\" width=\"309px       \" height=\"206px       \"><\/span><\/span><\/p>\n<\/td>\n<\/tr>\n<tr class=\"-R\">\n<td class=\"-C\" style=\"width: 481pt; border: none windowtext 0pt;\" colspan=\"2\">\n<p class=\"Normal-P\" style=\"margin-bottom: 6pt; text-align: justify; text-justify: inter-ideograph; direction: ltr; unicode-bidi: normal;\"><span class=\"Normal-H\"><span style=\";        font-size: 11pt;\">Nach sp\u00e4rlichem, oder anders gesagt, italienischem Fr\u00fchst\u00fcck, das vom immer freundlichen H\u00fcttenpersonal um 7 Uhr aufgetischt wurde, standen wir gegen 8 vor der allmorgentlichen Entscheidung: lange Hosen oder kurze Hemden<\/span><span style=\";        font-size: 11pt;\">?<\/span><\/span><\/p>\n<\/td>\n<\/tr>\n<tr class=\"-R\">\n<td class=\"-C\" style=\"width: 481pt; border: none windowtext 0pt;\" colspan=\"2\">\n<p class=\"Normal-P\" style=\"margin-bottom: 6pt; text-align: center; direction: ltr; unicode-bidi: normal;\"><span class=\"Normal-H\"><span style=\";        font-size: 11pt;\"><img decoding=\"async\" src=\"http:\/\/www.adrianwood.ch\/wp-content\/uploads\/2017\/12\/1512301089_image3.jpeg\" data-link=\"\" width=\"612px       \" height=\"407px       \"><\/span><\/span><\/p>\n<\/td>\n<\/tr>\n<tr class=\"-R\">\n<td class=\"-C\" style=\"width: 239.75pt; border: none windowtext 0pt;\">\n<p class=\"Normal-P\" style=\"margin-bottom: 6pt; text-align: justify; text-justify: inter-ideograph; direction: ltr; unicode-bidi: normal;\"><span class=\"Normal-H\"><span style=\";        font-size: 11pt;\"><img decoding=\"async\" src=\"http:\/\/www.adrianwood.ch\/wp-content\/uploads\/2017\/12\/1512301089_image4.jpeg\" data-link=\"\" width=\"314px       \" height=\"208px       \"><\/span><\/span><\/p>\n<\/td>\n<td class=\"-C\" style=\"width: 241.25pt; border: none windowtext 0pt;\">\n<p class=\"Normal-P\" style=\"margin-bottom: 6pt; text-align: justify; text-justify: inter-ideograph; direction: ltr; unicode-bidi: normal;\"><span class=\"Normal-H\"><span style=\";        font-size: 11pt;\"><img decoding=\"async\" src=\"http:\/\/www.adrianwood.ch\/wp-content\/uploads\/2017\/12\/1512301089_image5.jpeg\" data-link=\"\" width=\"313px       \" height=\"208px       \"><\/span><\/span><\/p>\n<\/td>\n<\/tr>\n<tr class=\"-R\">\n<td class=\"-C\" style=\"width: 481pt; border: none windowtext 0pt;\" colspan=\"2\">\n<p class=\"Normal-P\" style=\"margin-bottom: 6pt; text-align: justify; text-justify: inter-ideograph; direction: ltr; unicode-bidi: normal;\"><span class=\"Normal-H\"><span style=\";        font-size: 11pt;\">Gleich zu Beginn forderte eine gesichterte Passage mit Drahtseilen uns heraus. Das Ergebnis ist unzensiert und erbarmungslos in Raffaelos Camcoder verewigt. Na ja, so schlimm wird\u2019s ja nicht sein. Bald schon erreichen wir das Bivacco Clermont, eine winzige H\u00fctte mit einer nie gesehen Raumnutzung: 18 Lagerpl\u00e4tze auf gerade mal ca. 15 m<\/span><span style=\";        font-size: 11pt; vertical-align: super;\">2<\/span><span style=\";        font-size: 11pt;\">. Kurz darauf stehen wir am Col di Vessona (2788m), dem h\u00f6chsten Punkt unserer Wanderwoche. Im Osten zeigt sich Mont Blanc und vor uns Grand Combin.<\/span><\/span><\/p>\n<\/td>\n<\/tr>\n<tr class=\"-R\">\n<td class=\"-C\" style=\"width: 239.75pt; border: none windowtext 0pt;\">\n<p class=\"Normal-P\" style=\"margin-bottom: 6pt; text-align: justify; text-justify: inter-ideograph; direction: ltr; unicode-bidi: normal;\"><span class=\"Normal-H\"><span style=\";        font-size: 11pt;\"><img decoding=\"async\" src=\"http:\/\/www.adrianwood.ch\/wp-content\/uploads\/2017\/12\/1512301089_image6.jpeg\" data-link=\"\" width=\"311px       \" height=\"207px       \"><\/span><\/span><\/p>\n<\/td>\n<td class=\"-C\" style=\"width: 241.25pt; border: none windowtext 0pt;\">\n<p class=\"Normal-P\" style=\"margin-bottom: 6pt; text-align: justify; text-justify: inter-ideograph; direction: ltr; unicode-bidi: normal;\"><span class=\"Normal-H\"><span style=\";        font-size: 11pt;\"><img decoding=\"async\" src=\"http:\/\/www.adrianwood.ch\/wp-content\/uploads\/2017\/12\/1512301089_image7.jpeg\" data-link=\"\" width=\"312px       \" height=\"207px       \"><\/span><\/span><\/p>\n<\/td>\n<\/tr>\n<tr class=\"-R\">\n<td class=\"-C\" style=\"width: 481pt; border: none windowtext 0pt;\" colspan=\"2\">\n<p class=\"Normal-P\" style=\"margin-bottom: 6pt; text-align: justify; text-justify: inter-ideograph; direction: ltr; unicode-bidi: normal;\"><span class=\"Normal-H\"><span style=\";        font-size: 11pt;\">Nach kurzen Abstieg gibt\u2019s eine l\u00e4ngere Rast und die Gruppe trennt sich: der gr\u00f6ssere Teil mit 9 Personen steigt vorzeitig ab, um mehr Zeit in der Beiz im Tal,&#8230; \u00e4h, Verzeihung, &#8230;. um nicht nur nach Close zu wandern, sondern sogar bis nach Valpelline ins Hotel. Der Abstieg ist wunderbar und die sich schnell ver\u00e4ndernde Flora, das Zirpen der Grillen, die immer st\u00e4rker werdende Sonne und das brennende Salz in den Augen bringen uns die Gewissheit: ja, es gibt in tats\u00e4chlich noch, den Sommer.<\/span><\/span><\/p>\n<\/td>\n<\/tr>\n<tr class=\"-R\">\n<td class=\"-C\" style=\"width: 239.75pt; border: none windowtext 0pt;\">\n<p class=\"Normal-P\" style=\"margin-top: 6pt; text-align: justify; text-justify: inter-ideograph; direction: ltr; unicode-bidi: normal;\"><span class=\"Normal-H\"><span style=\";        font-size: 11pt;\"><img decoding=\"async\" src=\"http:\/\/www.adrianwood.ch\/wp-content\/uploads\/2017\/12\/1512301089_image8.jpeg\" data-link=\"\" width=\"314px       \" height=\"209px       \"><\/span><\/span><\/p>\n<\/td>\n<td class=\"-C\" style=\"width: 241.25pt; border: none windowtext 0pt;\">\n<p class=\"Normal-P\" style=\"margin-bottom: 6pt; text-align: justify; text-justify: inter-ideograph; direction: ltr; unicode-bidi: normal;\"><span class=\"Normal-H\"><span style=\";        font-size: 11pt;\"><img decoding=\"async\" src=\"http:\/\/www.adrianwood.ch\/wp-content\/uploads\/2017\/12\/1512301089_image9.jpeg\" data-link=\"\" width=\"316px       \" height=\"210px       \"><\/span><\/span><\/p>\n<\/td>\n<\/tr>\n<tr class=\"-R\">\n<td class=\"-C\" style=\"width: 481pt; border: none windowtext 0pt;\" colspan=\"2\">\n<p class=\"Normal-P\" style=\"margin-bottom: 6pt; direction: ltr; unicode-bidi: normal;\"><span class=\"Normal-H\"><span style=\";        font-size: 11pt;\">Unten war es dann doch zu heiss und nach einigen Orientierungsproblemen aufgrund einer Falschanzeige im GPS beschliessen wir dann doch, in die Beiz einzulaufen, zumal sie sich unmittelbar neben der Bushaltestelle befindet. Das hat am Anfang niemand so gewollt (Es sei denn, in Raffaelos Film stellt sich heraus, dass das vorher jemand gesagt hat; aber d<\/span><span style=\";        font-size: 11pt;\">as kann man ja herausschneiden.<\/span><span style=\";        font-size: 11pt;\">)<\/span><span style=\";        font-size: 11pt;\">Das k\u00fchle Bier ist wunderbar und 20 min. <\/span><span style=\";        font-size: 11pt;\">vor der Busabfahrt rauschen Adrian und Jean-Francois heran. F\u00fcr ein Bier reicht es auch f\u00fcr sie allemal.<\/span><span style=\";        font-size: 11pt;\">Eine Busstation weiter stehen <\/span><span style=\";        font-size: 11pt;\">Hans-Peter und Ulrike bereit und gemeinsam fahren wir zum Hotel, in den \u201cVerliebten Hasen\u201c oder so \u00e4hnlich. Das Essen war sehr gut und, wie immer, reichlich. Es war ein wirklich wunderbarer Tag in einer in jeder Hinsicht stimmigen Wanderwoche.<\/span><span style=\";        font-size: 11pt;\">Klaus<\/span><\/span><\/p>\n<\/td>\n<\/tr>\n<p><!-- [if !supportMisalignedColumns]--><\/tbody>\n<\/table>\n<\/div>\n","protected":false},"excerpt":{"rendered":"<p>Mittwoch, 24. August, Rifugio Cuney \u2013Col di Vessona \u2013 Close &#8211; Valpelline Mit b\u00f6sen Vorahnungen legte ich mich am Dienstagabend ins Massenlager, denn mein Versuch, das Fenster \u00fcber Nacht offenzulassen, erwiess sich schnell als hoffnungsloses Unterfangen. So verbrachten wir die Nacht mit 9 Personen im geschlossenen Raum und umso gr\u00f6sser war die \u00dcberraschung, dass ich &hellip; <a href=\"https:\/\/www.adrianwood.ch\/?page_id=14549\" class=\"more-link\">Continue reading <span class=\"screen-reader-text\">08-24 Col di Vessona<\/span> <span class=\"meta-nav\">&rarr;<\/span><\/a><\/p>\n","protected":false},"author":1,"featured_media":0,"parent":14510,"menu_order":3433,"comment_status":"closed","ping_status":"closed","template":"","meta":{"ngg_post_thumbnail":0,"footnotes":""},"class_list":["post-14549","page","type-page","status-publish","hentry"],"_links":{"self":[{"href":"https:\/\/www.adrianwood.ch\/index.php?rest_route=\/wp\/v2\/pages\/14549","targetHints":{"allow":["GET"]}}],"collection":[{"href":"https:\/\/www.adrianwood.ch\/index.php?rest_route=\/wp\/v2\/pages"}],"about":[{"href":"https:\/\/www.adrianwood.ch\/index.php?rest_route=\/wp\/v2\/types\/page"}],"author":[{"embeddable":true,"href":"https:\/\/www.adrianwood.ch\/index.php?rest_route=\/wp\/v2\/users\/1"}],"replies":[{"embeddable":true,"href":"https:\/\/www.adrianwood.ch\/index.php?rest_route=%2Fwp%2Fv2%2Fcomments&post=14549"}],"version-history":[{"count":2,"href":"https:\/\/www.adrianwood.ch\/index.php?rest_route=\/wp\/v2\/pages\/14549\/revisions"}],"predecessor-version":[{"id":14560,"href":"https:\/\/www.adrianwood.ch\/index.php?rest_route=\/wp\/v2\/pages\/14549\/revisions\/14560"}],"up":[{"embeddable":true,"href":"https:\/\/www.adrianwood.ch\/index.php?rest_route=\/wp\/v2\/pages\/14510"}],"wp:attachment":[{"href":"https:\/\/www.adrianwood.ch\/index.php?rest_route=%2Fwp%2Fv2%2Fmedia&parent=14549"}],"curies":[{"name":"wp","href":"https:\/\/api.w.org\/{rel}","templated":true}]}}