{"id":14582,"date":"2017-12-03T11:44:08","date_gmt":"2017-12-03T11:44:08","guid":{"rendered":"http:\/\/www.adrianwood.ch\/?page_id=14582"},"modified":"2017-12-03T11:44:08","modified_gmt":"2017-12-03T11:44:08","slug":"08-27-fenetre-de-ferret","status":"publish","type":"page","link":"https:\/\/www.adrianwood.ch\/?page_id=14582","title":{"rendered":"08-27 Fen\u00eatre de Ferret"},"content":{"rendered":"<div class=\"pmdi_content_wrapper\">\n<h1><span style=\"font-family: Times New Roman; font-size: 11pt;\">Samstag<\/span><span style=\"font-family: Times New Roman; font-size: 11pt;\">, 27. <\/span><span style=\"font-family: Times New Roman; font-size: 11pt;\">August<\/span><span style=\"font-family: Times New Roman; font-size: 11pt;\">, <\/span><span style=\"font-family: Times New Roman; font-size: 11pt;\">Grand St. Bernhard via Fen\u00eatre en Haut (d\u2019Hiver) nach Ferret<\/span><\/h1>\n<p class=\"Normal-P\" style=\"direction: ltr; unicode-bidi: normal;\"><span class=\"Normal-H\"><\/span><\/p>\n<table class=\"TableGrid-T\" style=\"border-collapse: collapse;\" cellspacing=\"0\">\n<tbody>\n<tr class=\"-R\">\n<td class=\"-C\" style=\"width: 464.3pt; border: none windowtext 0pt;\" colspan=\"2\">\n<p class=\"Normal-P\" style=\"margin-bottom: 6pt; text-align: justify; text-justify: inter-ideograph; direction: ltr; unicode-bidi: normal;\"><span class=\"Normal-H\"><span style=\"font-size: 11pt;\">Nach einer angenehmen und ruhigen Nacht im Ho<\/span><span style=\"font-size: 11pt;\">tel L\u2019Hospice (2460m), war um <\/span><span style=\"font-size: 11pt;\">7 Uhr Fr\u00fchst\u00fcck angesagt. Das kleine Fr\u00fchst\u00fccksbuffet gen\u00fcgte vollkommen um unsere Akkus aufzuladen. Um 7.30 Uhr verabschiedeten sich Uli und Brigitte. Sie w\u00e4hlten die schwierigere Route \u00fcber den Klettersteig am Pte de Dr\u00f4ne und wollten vor allem den fr\u00fcheren Bus in Ferret erreichen (f\u00fcr die zwei Gl\u00fccklichen ging das fr\u00f6hliche Wanderleben am Sonntag<\/span><span style=\"font-size: 11pt;\"> gleich weiter).<\/span><\/span><\/p>\n<\/td>\n<\/tr>\n<tr class=\"-R\">\n<td class=\"-C\" style=\"width: 231.85pt; border: none windowtext 0pt;\">\n<p class=\"Normal-P\" style=\"margin-bottom: 6pt; text-align: justify; text-justify: inter-ideograph; direction: ltr; unicode-bidi: normal;\"><span class=\"Normal-H\"><span style=\"font-size: 11pt;\"><img decoding=\"async\" src=\"http:\/\/www.adrianwood.ch\/wp-content\/uploads\/2017\/12\/1512301443_image1.jpeg\" data-link=\"\" width=\"300px       \" height=\"199px       \"><\/span><\/span><\/p>\n<\/td>\n<td class=\"-C\" style=\"width: 232.45pt; border: none windowtext 0pt;\">\n<p class=\"Normal-P\" style=\"margin-bottom: 6pt; text-align: justify; text-justify: inter-ideograph; direction: ltr; unicode-bidi: normal;\"><span class=\"Normal-H\"><span style=\"font-size: 11pt;\"><img decoding=\"async\" src=\"http:\/\/www.adrianwood.ch\/wp-content\/uploads\/2017\/12\/1512301443_image2.jpeg\" data-link=\"\" width=\"297px       \" height=\"198px       \"><\/span><\/span><\/p>\n<\/td>\n<\/tr>\n<tr class=\"-R\">\n<td class=\"-C\" style=\"width: 464.3pt; border: none windowtext 0pt;\" colspan=\"2\">\n<p class=\"Normal-P\" style=\"margin-bottom: 6pt; text-align: justify; text-justify: inter-ideograph; direction: ltr; unicode-bidi: normal;\"><span class=\"Normal-H\"><span style=\"font-size: 11pt;\">Die 12 verbliebenen Wanderfreaks waren um 8 Uhr abmarschbereit. Zuerst passierten wir wiederum die Grenze nach Italien und umrundeten den Pte de Dr\u00f4ne Richtung Fen\u00eatre en Haut (nicht wie vorgesehen Fen\u00eatre de Ferret). Der Anfang des Aufstiegs war nur mit \u201eSteinm\u00e4nnlis\u201c markiert. Man musste schon die Augen eines Scharfsch\u00fc<\/span><span style=\"font-size: 11pt;\">tzen haben, um diese zu finden.<\/span><\/span><\/p>\n<\/td>\n<\/tr>\n<tr class=\"-R\">\n<td class=\"-C\" style=\"width: 231.85pt; border: none windowtext 0pt;\">\n<p class=\"Normal-P\" style=\"margin-bottom: 6pt; text-align: justify; text-justify: inter-ideograph; direction: ltr; unicode-bidi: normal;\"><span class=\"Normal-H\"><span style=\"font-size: 11pt;\"><img decoding=\"async\" src=\"http:\/\/www.adrianwood.ch\/wp-content\/uploads\/2017\/12\/1512301443_image3.jpeg\" data-link=\"\" width=\"300px       \" height=\"199px       \"><\/span><\/span><\/p>\n<\/td>\n<td class=\"-C\" style=\"width: 232.45pt; border: none windowtext 0pt;\">\n<p class=\"Normal-P\" style=\"margin-bottom: 6pt; text-align: justify; text-justify: inter-ideograph; direction: ltr; unicode-bidi: normal;\"><span class=\"Normal-H\"><span style=\"font-size: 11pt;\"><img decoding=\"async\" src=\"http:\/\/www.adrianwood.ch\/wp-content\/uploads\/2017\/12\/1512301443_image4.jpeg\" data-link=\"\" width=\"301px       \" height=\"200px       \"><\/span><\/span><\/p>\n<\/td>\n<\/tr>\n<tr class=\"-R\">\n<td class=\"-C\" style=\"width: 464.3pt; border: none windowtext 0pt;\" colspan=\"2\">\n<p class=\"Normal-P\" style=\"margin-bottom: 6pt; text-align: justify; text-justify: inter-ideograph; direction: ltr; unicode-bidi: normal;\"><span class=\"Normal-H\"><span style=\"font-size: 11pt;\">Nach 1\u00bd Stunden erreichten wir das Fen\u00eatre en Haut (ca. 2700m) und legten eine kurze Pause ein. Wir staunten nicht schlecht, als pl\u00f6tzlich Uli und Brigitte nach der \u00dcberquerung des Klettersteigs wiederum zu uns stiessen. Sie hatten immer noch den fr\u00fcheren Bus als Ziel und legten dementsprechend ein forsches Marschtempo vor. Der Abstieg zu den 3 Lacs de Fen\u00eatre (2456m) war anfangs etwas steil, <\/span><span style=\"font-size: 11pt;\">aber gut zu bew\u00e4ltigen.<\/span><\/span><\/p>\n<\/td>\n<\/tr>\n<tr class=\"-R\">\n<td class=\"-C\" style=\"width: 231.85pt; border: none windowtext 0pt;\">\n<p class=\"Normal-P\" style=\"margin-bottom: 6pt; text-align: justify; text-justify: inter-ideograph; direction: ltr; unicode-bidi: normal;\"><span class=\"Normal-H\"><span style=\"font-size: 11pt;\"><img decoding=\"async\" src=\"http:\/\/www.adrianwood.ch\/wp-content\/uploads\/2017\/12\/1512301443_image5.jpeg\" data-link=\"\" width=\"300px       \" height=\"199px       \"><\/span><\/span><\/p>\n<\/td>\n<td class=\"-C\" style=\"width: 232.45pt; border: none windowtext 0pt;\">\n<p class=\"Normal-P\" style=\"margin-bottom: 6pt; text-align: justify; text-justify: inter-ideograph; direction: ltr; unicode-bidi: normal;\"><span class=\"Normal-H\"><span style=\"font-size: 11pt;\"><img decoding=\"async\" src=\"http:\/\/www.adrianwood.ch\/wp-content\/uploads\/2017\/12\/1512301443_image6.jpeg\" data-link=\"\" width=\"300px       \" height=\"199px       \"><\/span><\/span><\/p>\n<\/td>\n<\/tr>\n<tr class=\"-R\">\n<td class=\"-C\" style=\"width: 464.3pt; border: none windowtext 0pt;\" colspan=\"2\">\n<p class=\"Normal-P\" style=\"margin-bottom: 6pt; text-align: justify; text-justify: inter-ideograph; direction: ltr; unicode-bidi: normal;\"><span class=\"Normal-H\"><span style=\"font-size: 11pt;\">Die eher k\u00fchle Temperatur und der giftige Wind, animierte nicht wirklich um ein Bad zu nehmen. Wir meinten, dass die Option des fr\u00fcheren Busses in Ferret f\u00fcr uns auch machbar sein sollte. Ohne grosse<\/span><\/span><\/p>\n<\/td>\n<\/tr>\n<tr class=\"-R\">\n<td class=\"-C\" style=\"width: 464.3pt; border: none windowtext 0pt;\" colspan=\"2\">\n<p class=\"Normal-P\" style=\"margin-bottom: 6pt; text-align: center; direction: ltr; unicode-bidi: normal;\"><span class=\"Normal-H\"><span style=\"font-size: 11pt;\"><img decoding=\"async\" src=\"http:\/\/www.adrianwood.ch\/wp-content\/uploads\/2017\/12\/1512301443_image7.jpeg\" data-link=\"\" width=\"516px       \" height=\"343px       \"><\/span><\/span><\/p>\n<\/td>\n<\/tr>\n<tr class=\"-R\">\n<td class=\"-C\" style=\"width: 464.3pt; border: none windowtext 0pt;\" colspan=\"2\">\n<p class=\"Normal-P\" style=\"margin-bottom: 6pt; text-align: justify; text-justify: inter-ideograph; direction: ltr; unicode-bidi: normal;\"><span class=\"Normal-H\"><span style=\"font-size: 11pt;\">Pausen marschierten wir wacker im z\u00fcgigen Tempo Richtung Ferret und staunten nicht schlecht, als kurz vor Ferret Bergl\u00e4ufer an uns vorbei joggten. Angeblich sei dies ein 10<\/span><span style=\"font-size: 11pt;\">0km Berglauf, wurde uns gesagt.<\/span><\/span><\/p>\n<\/td>\n<\/tr>\n<tr class=\"-R\">\n<td class=\"-C\" style=\"width: 231.85pt; border: none windowtext 0pt;\">\n<p class=\"Normal-P\" style=\"margin-bottom: 6pt; text-align: justify; text-justify: inter-ideograph; direction: ltr; unicode-bidi: normal;\"><span class=\"Normal-H\"><span style=\"font-size: 11pt;\"><img decoding=\"async\" src=\"http:\/\/www.adrianwood.ch\/wp-content\/uploads\/2017\/12\/1512301443_image8.jpeg\" data-link=\"\" width=\"300px       \" height=\"199px       \"><\/span><\/span><\/p>\n<\/td>\n<td class=\"-C\" style=\"width: 232.45pt; border: none windowtext 0pt;\">\n<p class=\"Normal-P\" style=\"margin-bottom: 6pt; text-align: justify; text-justify: inter-ideograph; direction: ltr; unicode-bidi: normal;\"><span class=\"Normal-H\"><span style=\"font-size: 11pt;\"><img decoding=\"async\" src=\"http:\/\/www.adrianwood.ch\/wp-content\/uploads\/2017\/12\/1512301443_image9.jpeg\" data-link=\"\" width=\"302px       \" height=\"201px       \"><\/span><\/span><\/p>\n<\/td>\n<\/tr>\n<tr class=\"-R\">\n<td class=\"-C\" style=\"width: 464.3pt; border: none windowtext 0pt;\" colspan=\"2\">\n<p class=\"Normal-P\" style=\"margin-bottom: 6pt; text-align: justify; text-justify: inter-ideograph; direction: ltr; unicode-bidi: normal;\"><span class=\"Normal-H\"><span style=\"font-size: 11pt;\">Kurz nach 12 Uhr erreichten auch wir Ferret (1707m) und trafen erneut auf Uli und Brigitte. Da die Abfahrtszeit des Busses erst um 12.50 Uhr erfolgte, konnten wir noch gem\u00fctlich zu Mittag essen. Anni und ich haben uns mit Proviant verpflegt, den wir 6 Tage wacker \u00fcber Stock und Stein geschleppt haben. Einige M\u00fcsliriegel sind sogar origina<\/span><span style=\"font-size: 11pt;\">l wieder in Basel angekommen.<\/span><\/span><\/p>\n<p class=\"Normal-P\" style=\"margin-bottom: 6pt; text-align: justify; text-justify: inter-ideograph; direction: ltr; unicode-bidi: normal;\"><span class=\"Normal-H\"><span style=\"font-size: 11pt;\">P\u00fcnktlich fuhr unser Bus durchs Val Ferret Richtung Orsi\u00e8re. Hier hatten wir 45 Minuten Zeit um das Kaffeemanko zu reduzieren. Nach 2 Stationen Zugfahrt durften wir in Sembrancher schon wieder umsteigen in den Zug Richtung Martigny. Nach dem Umsteigen in den Zug Richtung Lausanne wurden wir von Hanspeter mit einem Becher Rotwein \u00fcberrascht. Er meinte, dass eine tolle Woche mit Stil abgeschlossen werden sollte. In Lausanne verliessen uns Ulrike und Hanspeter. Kurz vor 18 Uhr trafen wir p\u00fcnktlich in Basel ein, nachdem wir ein weiteres Mal in Biel umsteigen durften. Wie \u00fcblich erfolgte die Verabschiedung recht zackig, den jeder ist froh, wenn er m\u00f6glichst rasch unter einer warmen Dusche sich erfrischen kann.<\/span><\/span><\/p>\n<p class=\"Normal-P\" style=\"margin-bottom: 6pt; text-align: justify; text-justify: inter-ideograph; direction: ltr; unicode-bidi: normal;\"><span class=\"Normal-H\"><span style=\"font-size: 11pt;\">Ich glaube, alle Teilnehmer sind jetzt gespannt, welche Meisterwerke von den diversen Fotographen sowie dem Filmemacher Rafaello, abgeliefert werden. Die Woche hat sicher wieder einige spezielle Highlights geliefert, aber im R\u00fcckblick war f\u00fcr mich die ganze Woche ein Highlight. <\/span><\/span><\/p>\n<p class=\"Normal-P\" style=\"margin-bottom: 6pt; direction: ltr; unicode-bidi: normal;\"><span class=\"Normal-H\"><span style=\"font-size: 11pt;\">An dieser Stelle nochmals ein herzliches Danke an unseren Reiseleiter Adrian und nat\u00fcrlich ein zus\u00e4tzliches Merci an Mitorganisator Hanspeter. Es war logistisch sicher nicht einfach, in k\u00fcrzester Zeit die abge\u00e4nderte Variante der Tour zu organisieren.<\/span><span style=\"font-size: 11pt;\">Peter<\/span><\/span><\/p>\n<\/td>\n<\/tr>\n<p><!-- [if !supportMisalignedColumns]--><\/tbody>\n<\/table>\n<\/div>\n","protected":false},"excerpt":{"rendered":"<p>Samstag, 27. August, Grand St. Bernhard via Fen\u00eatre en Haut (d\u2019Hiver) nach Ferret Nach einer angenehmen und ruhigen Nacht im Hotel L\u2019Hospice (2460m), war um 7 Uhr Fr\u00fchst\u00fcck angesagt. Das kleine Fr\u00fchst\u00fccksbuffet gen\u00fcgte vollkommen um unsere Akkus aufzuladen. Um 7.30 Uhr verabschiedeten sich Uli und Brigitte. Sie w\u00e4hlten die schwierigere Route \u00fcber den Klettersteig am &hellip; <a href=\"https:\/\/www.adrianwood.ch\/?page_id=14582\" class=\"more-link\">Continue reading <span class=\"screen-reader-text\">08-27 Fen\u00eatre de Ferret<\/span> <span class=\"meta-nav\">&rarr;<\/span><\/a><\/p>\n","protected":false},"author":1,"featured_media":0,"parent":14510,"menu_order":3436,"comment_status":"closed","ping_status":"closed","template":"","meta":{"ngg_post_thumbnail":0,"footnotes":""},"class_list":["post-14582","page","type-page","status-publish","hentry"],"_links":{"self":[{"href":"https:\/\/www.adrianwood.ch\/index.php?rest_route=\/wp\/v2\/pages\/14582","targetHints":{"allow":["GET"]}}],"collection":[{"href":"https:\/\/www.adrianwood.ch\/index.php?rest_route=\/wp\/v2\/pages"}],"about":[{"href":"https:\/\/www.adrianwood.ch\/index.php?rest_route=\/wp\/v2\/types\/page"}],"author":[{"embeddable":true,"href":"https:\/\/www.adrianwood.ch\/index.php?rest_route=\/wp\/v2\/users\/1"}],"replies":[{"embeddable":true,"href":"https:\/\/www.adrianwood.ch\/index.php?rest_route=%2Fwp%2Fv2%2Fcomments&post=14582"}],"version-history":[{"count":2,"href":"https:\/\/www.adrianwood.ch\/index.php?rest_route=\/wp\/v2\/pages\/14582\/revisions"}],"predecessor-version":[{"id":14593,"href":"https:\/\/www.adrianwood.ch\/index.php?rest_route=\/wp\/v2\/pages\/14582\/revisions\/14593"}],"up":[{"embeddable":true,"href":"https:\/\/www.adrianwood.ch\/index.php?rest_route=\/wp\/v2\/pages\/14510"}],"wp:attachment":[{"href":"https:\/\/www.adrianwood.ch\/index.php?rest_route=%2Fwp%2Fv2%2Fmedia&parent=14582"}],"curies":[{"name":"wp","href":"https:\/\/api.w.org\/{rel}","templated":true}]}}