{"id":1472,"date":"2011-08-28T08:57:34","date_gmt":"2011-08-28T08:57:34","guid":{"rendered":"http:\/\/adrianwood.ch\/?page_id=1472"},"modified":"2017-09-11T13:08:15","modified_gmt":"2017-09-11T13:08:15","slug":"2011-08-alpstein","status":"publish","type":"page","link":"https:\/\/www.adrianwood.ch\/?page_id=1472","title":{"rendered":"2011-08 Alpstein"},"content":{"rendered":"<div>\n<dl id=\"attachment_1473\">\n<dt><a href=\"http:\/\/adrianwood.ch\/private-tours\/switzerland\/nordostschwei\/2011-08-alpstein\/dscn5824_r3\/\" rel=\"attachment wp-att-1473\"><img loading=\"lazy\" decoding=\"async\" title=\"DSCN5824_r3\" src=\"http:\/\/adrianwood.ch\/wp-content\/uploads\/2011\/08\/DSCN5824_r3.jpg\" alt=\"Oehrli, S\u00e4ntis, Lisengrat von Sch\u00e4fler\" width=\"730\" height=\"548\" \/><\/a><\/dt>\n<dd>Oehrli, S\u00e4ntis, Lisengrat von Sch\u00e4fler<\/dd>\n<\/dl>\n<\/div>\n<h2><strong>Alpstein, Donnerstag, 11. August &#8211;\u00a0 Freitag, 12. August 2011<\/strong><\/h2>\n<p><em>Warum nicht einmal das Alpstein bewandern?<\/em><\/p>\n<p><em>Bei sch\u00f6nem Wetter hat man eine hervorragende Rundsicht \u00fcber die ganze Ostschweiz.<\/em><\/p>\n<p align=\"center\"><strong>Schwindelfreiheit und Trittsicherheit erforderlich.<\/strong><\/p>\n<p>\u00a0<strong>Wanderung:\u00a0 <\/strong><\/p>\n<p>1.Tag:\u00a0\u00a0\u00a0\u00a0\u00a0\u00a0\u00a0\u00a0\u00a0\u00a0\u00a0\u00a0 Ebenalp 1644m \u2013 Sch\u00e4fler 1924m \u2013 \u00a01 Std.<\/p>\n<p>Sch\u00e4fler \u2013 S\u00e4ntis 2501m\u00a0\u00a0\u00a0\u00a0\u00a0\u00a0\u00a0\u00a0\u00a0\u00a0\u00a0\u00a0\u00a0\u00a0\u00a0\u00a0\u00a0\u00a0 3\u00bdStd.<\/p>\n<p>S\u00e4ntis \u2013 Lisengrat \u2013 Rotsteinpass \u2013 \u00a0\u00a01Std.<\/p>\n<p>2. Tag:\u00a0\u00a0\u00a0\u00a0\u00a0\u00a0\u00a0\u00a0\u00a0\u00a0 Rotsteinpass 2120m \u2013 Altmannsattel 2368m \u2013 45 Min.<\/p>\n<p>F\u00fcr Kletterbegabte Besteigung des Altmann( ohne F\u00fchrung)<\/p>\n<p>Altmannsattel \u2013 L\u00f6chlibettensattel \u2013 Bollenwees 1470m \u00a03Std.<\/p>\n<p>Bollenwees \u2013 Br\u00fclisau\u00a0 922m\u00a0 \u00a02\u00bd Std. Bus Br\u00fclisau \u2013 Weissbad<\/p>\n<p>Evt. 3. Tag\u00a0\u00a0\u00a0 Bollenwees \u2013 Saxerl\u00fccke \u2013 Hoher Kasten \u2013 Br\u00fclisau (Luftseilbahn) 3\u00bd Std.<\/p>\n<p>So hat Margrit Probst ihre Einladung zu einer Wanderung in ihrer Heimat formuliert. Elf Leute sind ihr gefolgt und konnten eine abenteuerliche Wanderung bei herrlichem Wetter geniessen. Zwei blieben nur einem Tag bis zum S\u00e4ntis Gipfel und noch f\u00fcnf Personen haben uns beim F\u00e4hlensee verlassen. Eigentliche kannte ich alles schon von fr\u00fcheren Wanderungen und hatte manche Teilstrecken schon mehrmals begangen. Trotzdem kam es mir ziemlich anspruchvoll vor und das obwohl der Weg inzwischen gut ausgebaut ist. Es wurden viel mehr Eisendr\u00e4hte und Tritte in den Felsen befestigt. Auff\u00e4llig war der Schneeschwund unterhalb des S\u00e4ntisgipfels. Der Gipfegrat wird nicht mehr \u00fcber Schnee, aber \u00fcber einem neu gebautem Weg im Fels erreicht. Mit dem Erreichen vom F\u00e4hlensee waren die grossen Strapazen schon hinter uns und wir konnten uns dort ausgiebig entspannen und sogar baden. Den dritten Tag bildete einen genussvollen Ausklang zu einer perfekt verlaufenem Tour. Vielen Dank Margrit.<\/p>\n<p>Weil meine Fotoapparat Ersatzbatterie versagte sind die Bilder vom zweitem und drittem Tag von Marianne Frei und Vreni Gubler. Die Karten sind von Hermann Weber.<\/p>\nngg_shortcode_0_placeholder\n<p><a href=\"http:\/\/adrianwood.ch\/private-tours\/switzerland\/nordostschwei\/2011-08-alpstein\/dsc03963a-karte-ebenalp-santis\/\" rel=\"attachment wp-att-1490\"><img loading=\"lazy\" decoding=\"async\" class=\"size-full wp-image-1490\" title=\"DSC03963a\" src=\"http:\/\/adrianwood.ch\/wp-content\/uploads\/2011\/08\/DSC03963a-Karte-Ebenalp-S%C3%A4ntis.jpg\" alt=\"Ebenalp-S\u00e4ntis\" width=\"1024\" height=\"705\" \/><\/a><\/p>\n<p>Ebenalp-S\u00e4ntis<\/p>\n<figure id=\"attachment_4756\" aria-describedby=\"caption-attachment-4756\" style=\"width: 1024px\" class=\"wp-caption alignnone\"><a href=\"http:\/\/www.adrianwood.ch\/wp-content\/uploads\/2011\/08\/DSCN5960a-Karte-Rotsteinpass-Bollenwees.jpg\"><img loading=\"lazy\" decoding=\"async\" class=\"size-full wp-image-4756\" src=\"http:\/\/www.adrianwood.ch\/wp-content\/uploads\/2011\/08\/DSCN5960a-Karte-Rotsteinpass-Bollenwees.jpg\" alt=\"Rotsteinpass-Bollenwees\" width=\"1024\" height=\"718\" \/><\/a><figcaption id=\"caption-attachment-4756\" class=\"wp-caption-text\">Rotsteinpass-Bollenwees<\/figcaption><\/figure>\n","protected":false},"excerpt":{"rendered":"<p>Oehrli, S\u00e4ntis, Lisengrat von Sch\u00e4fler Alpstein, Donnerstag, 11. August &#8211;\u00a0 Freitag, 12. August 2011 Warum nicht einmal das Alpstein bewandern? Bei sch\u00f6nem Wetter hat man eine hervorragende Rundsicht \u00fcber die ganze Ostschweiz. Schwindelfreiheit und Trittsicherheit erforderlich. \u00a0Wanderung:\u00a0 1.Tag:\u00a0\u00a0\u00a0\u00a0\u00a0\u00a0\u00a0\u00a0\u00a0\u00a0\u00a0\u00a0 Ebenalp 1644m \u2013 Sch\u00e4fler 1924m \u2013 \u00a01 Std. Sch\u00e4fler \u2013 S\u00e4ntis 2501m\u00a0\u00a0\u00a0\u00a0\u00a0\u00a0\u00a0\u00a0\u00a0\u00a0\u00a0\u00a0\u00a0\u00a0\u00a0\u00a0\u00a0\u00a0 3\u00bdStd. S\u00e4ntis \u2013 Lisengrat \u2013 &hellip; <a href=\"https:\/\/www.adrianwood.ch\/?page_id=1472\" class=\"more-link\">Continue reading <span class=\"screen-reader-text\">2011-08 Alpstein<\/span> <span class=\"meta-nav\">&rarr;<\/span><\/a><\/p>\n","protected":false},"author":1,"featured_media":0,"parent":131,"menu_order":1817,"comment_status":"closed","ping_status":"closed","template":"","meta":{"ngg_post_thumbnail":0,"footnotes":""},"class_list":["post-1472","page","type-page","status-publish","hentry"],"_links":{"self":[{"href":"https:\/\/www.adrianwood.ch\/index.php?rest_route=\/wp\/v2\/pages\/1472","targetHints":{"allow":["GET"]}}],"collection":[{"href":"https:\/\/www.adrianwood.ch\/index.php?rest_route=\/wp\/v2\/pages"}],"about":[{"href":"https:\/\/www.adrianwood.ch\/index.php?rest_route=\/wp\/v2\/types\/page"}],"author":[{"embeddable":true,"href":"https:\/\/www.adrianwood.ch\/index.php?rest_route=\/wp\/v2\/users\/1"}],"replies":[{"embeddable":true,"href":"https:\/\/www.adrianwood.ch\/index.php?rest_route=%2Fwp%2Fv2%2Fcomments&post=1472"}],"version-history":[{"count":2,"href":"https:\/\/www.adrianwood.ch\/index.php?rest_route=\/wp\/v2\/pages\/1472\/revisions"}],"predecessor-version":[{"id":13517,"href":"https:\/\/www.adrianwood.ch\/index.php?rest_route=\/wp\/v2\/pages\/1472\/revisions\/13517"}],"up":[{"embeddable":true,"href":"https:\/\/www.adrianwood.ch\/index.php?rest_route=\/wp\/v2\/pages\/131"}],"wp:attachment":[{"href":"https:\/\/www.adrianwood.ch\/index.php?rest_route=%2Fwp%2Fv2%2Fmedia&parent=1472"}],"curies":[{"name":"wp","href":"https:\/\/api.w.org\/{rel}","templated":true}]}}