{"id":15093,"date":"2017-12-13T10:03:31","date_gmt":"2017-12-13T10:03:31","guid":{"rendered":"http:\/\/www.adrianwood.ch\/?page_id=15093"},"modified":"2017-12-13T10:08:09","modified_gmt":"2017-12-13T10:08:09","slug":"2011-10-northern-cyprus","status":"publish","type":"page","link":"https:\/\/www.adrianwood.ch\/?page_id=15093","title":{"rendered":"2011 10 Northern Cyprus"},"content":{"rendered":"<div class=\"pmdi_content_wrapper\">\n<figure id=\"attachment_15094\" aria-describedby=\"caption-attachment-15094\" style=\"width: 1620px\" class=\"wp-caption alignleft\"><a href=\"http:\/\/www.adrianwood.ch\/wp-content\/uploads\/2017\/12\/DSC_0114_r16.jpg\"><img loading=\"lazy\" decoding=\"async\" class=\"size-full wp-image-15094\" src=\"http:\/\/www.adrianwood.ch\/wp-content\/uploads\/2017\/12\/DSC_0114_r16.jpg\" alt=\"\" width=\"1620\" height=\"1076\" srcset=\"https:\/\/www.adrianwood.ch\/wp-content\/uploads\/2017\/12\/DSC_0114_r16.jpg 1620w, https:\/\/www.adrianwood.ch\/wp-content\/uploads\/2017\/12\/DSC_0114_r16-300x199.jpg 300w, https:\/\/www.adrianwood.ch\/wp-content\/uploads\/2017\/12\/DSC_0114_r16-768x510.jpg 768w, https:\/\/www.adrianwood.ch\/wp-content\/uploads\/2017\/12\/DSC_0114_r16-1024x680.jpg 1024w\" sizes=\"auto, (max-width: 1620px) 100vw, 1620px\" \/><\/a><figcaption id=\"caption-attachment-15094\" class=\"wp-caption-text\">auf den mittelalterlichen H\u00f6henburg St. Hilarion<\/figcaption><\/figure>\n<p class=\"Normal-P\" style=\"margin-bottom: 6pt; text-align: justify; text-justify: inter-ideograph; direction: ltr; unicode-bidi: normal; text-autospace: none;\"><span class=\"Normal-H\"><span style=\"font-family: Arial; font-weight: bold; font-size: 12pt;\">Nordzypern, <\/span><span style=\"font-family: Arial; font-weight: bold; font-size: 12pt;\">5<\/span><span style=\"font-family: Arial; font-weight: bold; font-size: 12pt;\">th.-1<\/span><span style=\"font-family: Arial; font-weight: bold; font-size: 12pt;\">3<\/span><span style=\"font-family: Arial; font-weight: bold; font-size: 12pt;\">th.Oktober 2011<\/span><\/span><\/p>\n<p class=\"Normal-P\" style=\"margin-bottom: 6pt; text-align: justify; text-justify: inter-ideograph; direction: ltr; unicode-bidi: normal; text-autospace: none;\"><span class=\"Normal-H\"><span style=\"font-family: Arial; font-size: 10pt;\">Zypern ist als sonnenverw\u00f6hnte Urlaubsinsel im \u00f6stlichen Mittelmeer bekannt. Der Nordteil der Insel ist aufgrund der politischen Lage der letzten 30 Jahre jedoch vom Massentourismus mit all seinen negativen Folgen verschont geblieben. Der EU-Beitritt Zyperns und die Ann\u00e4herung des t\u00fcrkisch-sprachigen Nordteils und des <\/span><span style=\"font-family: Arial; font-size: 10pt;\">griechischsprachigen<\/span><span style=\"font-family: Arial; font-size: 10pt;\"> S\u00fcdteils haben bislang noch nicht zur endg\u00fcltigen politischen L\u00f6sung, jedoch zu einer gr\u00f6\u00dferen Entspannung gef\u00fchrt. Es ist abzusehen, dass das gro\u00dfe touristische Potenzial des Nordens immer mehr Besucher ins Land bringen wird und sich in einigen Jahren die aus touristischer Sicht interessante Abgeschiedenheit und \u201cR\u00fcckst\u00e4ndigkeit\u201d einem modernen Mittelmeertourismus ann\u00e4hern wird. <\/span><\/span><\/p>\n<p class=\"Normal-P\" style=\"margin-bottom: 6pt; text-align: justify; text-justify: inter-ideograph; direction: ltr; unicode-bidi: normal; text-autospace: none;\"><span class=\"Normal-H\"><span style=\"font-family: Arial; font-size: 10pt;\">Der Nordteil Zyperns wird entlang der Nordk\u00fcste durch einen bis 1.000 m hohen, oft schroffen Gebirgszug gepr\u00e4gt. Nach S\u00fcden und Osten schlie\u00dfen sich eine landwirtschaftlich genutzte Ebene und ausgedehnte Sandstr\u00e4nde an. Weit nach Osten erstreckt sich die abgelegene und naturnahe <\/span><span style=\"font-family: Arial; font-size: 10pt;\">Karpaz<\/span><span style=\"font-family: Arial; font-size: 10pt;\">-Halbinsel wie ein Finger ins Meer. Die 9.000-j\u00e4hrige Besiedlungsgeschichte Zyperns wird vielerorts durch \u00dcberreste deutlich: Hellenen, R\u00f6mer, Byzantiner, Araber, Kreuzfahrer, Lusignan-K\u00f6nige, Venezianer, Osmanen und Engl\u00e4nder haben ihre Spuren hinterlassen.<\/span><\/span><\/p>\n<p class=\"Normal-P\" style=\"margin-bottom: 6pt; text-align: justify; text-justify: inter-ideograph; direction: ltr; unicode-bidi: normal; text-autospace: none;\"><span class=\"Normal-H\"><span style=\"font-family: Arial; font-weight: bold; font-size: 12pt;\">Unsere Reise<\/span><\/span><\/p>\n<p class=\"Normal-P\" style=\"margin-bottom: 6pt; text-align: justify; text-justify: inter-ideograph; direction: ltr; unicode-bidi: normal; text-autospace: none;\"><span class=\"Normal-H\"><span style=\"font-family: Arial; font-size: 10pt;\">Ich habe mich der Gruppe eine Deutscher Reiseveranstalter mit langj\u00e4hrige Nordzypern-Erfahrung angeschlossen. Mit dieser Reise wird den Aufbau eines natur- und kulturvertr\u00e4glichen Wandertourismus<\/span><span style=\"font-family: Arial; font-size: 10pt;\">unterst\u00fctzt. <\/span><span style=\"font-family: Arial; font-size: 10pt;\">Unser Stadthotel in <\/span><span style=\"font-family: Arial; font-size: 10pt;\">Girne<\/span><span style=\"font-family: Arial; font-size: 10pt;\"> mit Swimmingpool liegt in fu\u00dfl\u00e4ufiger Entfernung (1.000 m) zum quirligen Zentrum der Stadt, so dass abendliche Shoppingg\u00e4nge und Restaurant- oder Bar-Besuche kein Problem sind. Ganz im Osten der langgestreckten <\/span><span style=\"font-family: Arial; font-size: 10pt;\">Karpaz<\/span><span style=\"font-family: Arial; font-size: 10pt;\">-Halbinsel wohnen wir im griechisch-t\u00fcrkischen Dorf <\/span><span style=\"font-family: Arial; font-size: 10pt;\">Dipkarpaz<\/span><span style=\"font-family: Arial; font-size: 10pt;\">in einem<\/span><span style=\"font-family: Arial; font-size: 10pt;\"> Ensemble sch\u00f6n renovierter, ehemaliger Bauernh\u00e4user. Unsere dritte Unterkunft an der Ostk\u00fcste ist eine ruhige, komfortable Bungalow-Anlage direkt an einem sch\u00f6nen Sandstrand in etwa 14 km Entfernung von der Hafenstadt <\/span><span style=\"font-family: Arial; font-size: 10pt;\">Famagusta<\/span><span style=\"font-family: Arial; font-size: 10pt;\">.<\/span><\/span><\/p>\n<p class=\"Normal-P\" style=\"margin-bottom: 6pt; text-align: justify; text-justify: inter-ideograph; direction: ltr; unicode-bidi: normal; text-autospace: none;\"><span class=\"Normal-H\"><span style=\"font-family: Arial; font-size: 10pt;\">Auf <\/span><span style=\"font-family: Arial; font-size: 10pt;\">5<\/span><span style=\"font-family: Arial; font-size: 10pt;\"> Tageswanderungen und <\/span><span style=\"font-family: Arial; font-size: 10pt;\">2 <\/span><span style=\"font-family: Arial; font-size: 10pt;\">Halbtagswanderungen von der K\u00fcste bis ins Gebirge erleben wir die sch\u00f6nsten Landschaften Nordzypern<\/span><span style=\"font-family: Arial; font-size: 10pt;\">unter der kompetenten Leitung d<\/span><span style=\"font-family: Arial; font-size: 10pt;\">er erfahrene und weltgewandte Nordzyprer <\/span><span style=\"font-family: Arial; font-size: 10pt;\">Sabri Abi<\/span><span style=\"font-family: Arial; font-weight: bold; font-size: 10pt;\">t<\/span><span style=\"font-family: Arial; font-size: 10pt;\">. Viele arch\u00e4ologische Sehensw\u00fcrdigkeiten sind zwanglos in die Wanderungen integriert<\/span><span style=\"font-family: Arial; font-size: 10pt;\">und gew\u00e4hren Einblick in die kulturhistorische Bedeutung Zyperns.<\/span><span style=\"font-family: Arial; font-size: 10pt;\"> Spannende Naturbeobachtungen ergeben sich in diesem Umfeld von selbst. In Begegnungen mit Einheimischen werden Hoffnungen und Lebensziele der Menschen Nordzyperns deutlich.<\/span><\/span><\/p>\n<p class=\"Normal-P\" style=\"margin-bottom: 6pt; text-align: justify; text-justify: inter-ideograph; direction: ltr; unicode-bidi: normal; text-autospace: none;\"><span class=\"Normal-H\"><span style=\"font-family: Arial; font-weight: bold; font-size: 12pt;\">Reiseablauf<\/span><\/span><\/p>\n<p class=\"Normal-P\" style=\"margin-bottom: 0pt; direction: ltr; unicode-bidi: normal; text-autospace: none;\"><span class=\"Normal-H\"><span style=\"font-family: Arial; font-weight: bold; font-size: 10pt;\">5. <\/span><span style=\"font-family: Arial; font-weight: bold; font-size: 10pt;\">Okt<\/span><span style=\"font-family: Arial; font-weight: bold; font-size: 10pt;\">: Fluganreise nach Nord-Zypern<\/span><\/span><\/p>\n<p class=\"Normal-P\" style=\"margin-bottom: 0pt; direction: ltr; unicode-bidi: normal; text-autospace: none;\"><span class=\"Normal-H\"><span style=\"font-family: Arial; font-size: 10pt;\">Transfer (45 min) vom Flughafen Ercan zum ersten Hotel in <\/span><span style=\"font-family: Arial; font-size: 10pt;\">Girne<\/span><span style=\"font-family: Arial; font-size: 10pt;\"> an der Nordk\u00fcste<\/span><span style=\"font-family: Arial; font-size: 10pt;\">.<\/span><\/span><\/p>\n<p class=\"Normal-P\" style=\"margin-bottom: 0pt; direction: ltr; unicode-bidi: normal; text-autospace: none;\"><span class=\"Normal-H\"><span style=\"font-family: Arial; font-weight: bold; font-size: 10pt;\">6. <\/span><span style=\"font-family: Arial; font-weight: bold; font-size: 10pt;\">O<\/span><span style=\"font-family: Arial; font-weight: bold; font-size: 10pt;\">kt<\/span><span style=\"font-family: Arial; font-weight: bold; font-size: 10pt;\">: <\/span><span style=\"font-family: Arial; font-weight: bold; font-size: 10pt;\">Antifonitis<\/span><span style=\"font-family: Arial; font-weight: bold; font-size: 10pt;\">-Wanderung<\/span><\/span><\/p>\n<p class=\"Normal-P\" style=\"margin-bottom: 0pt; direction: ltr; unicode-bidi: normal; text-autospace: none;\"><span class=\"Normal-H\"><span style=\"font-family: Arial; font-size: 10pt;\">Wanderung \u00fcber den H\u00f6henweg im bewaldeten <\/span><span style=\"font-family: Arial; font-size: 10pt;\">Besparmakgebirge<\/span><span style=\"font-family: Arial; font-size: 10pt;\"> von der Forststation <\/span><span style=\"font-family: Arial; font-size: 10pt;\">Alevkaya<\/span><\/span><\/p>\n<p class=\"Normal-P\" style=\"margin-bottom: 0pt; direction: ltr; unicode-bidi: normal; text-autospace: none;\"><span class=\"Normal-H\"><span style=\"font-family: Arial; font-size: 10pt;\">durch Kiefernwald zur verlassenen byzantinischen Klosterkirche <\/span><span style=\"font-family: Arial; font-size: 10pt;\">Antifonitis<\/span><span style=\"font-family: Arial; font-size: 10pt;\">. (Gehzeit: ca. 5 Std.)<\/span><\/span><\/p>\n<p class=\"Normal-P\" style=\"margin-bottom: 0pt; direction: ltr; unicode-bidi: normal; text-autospace: none;\"><span class=\"Normal-H\"><span style=\"font-family: Arial; font-weight: bold; font-size: 10pt;\">7.<\/span><span style=\"font-family: Arial; font-weight: bold; font-size: 10pt;\">Okt<\/span><span style=\"font-family: Arial; font-weight: bold; font-size: 10pt;\">: Kreuzritter und Gotik<\/span><\/span><\/p>\n<p class=\"Normal-P\" style=\"margin-bottom: 0pt; direction: ltr; unicode-bidi: normal; text-autospace: none;\"><span class=\"Normal-H\"><span style=\"font-family: Arial; font-size: 10pt;\">Wanderung vom Ort Karaman hinauf zur mittelalterlichen H\u00f6henburg St. Hilarion. <\/span><span style=\"font-family: Arial; font-size: 10pt;\">(Gehzeit ca.4 Std.)<\/span><\/span><\/p>\n<p class=\"Normal-P\" style=\"margin-bottom: 0pt; direction: ltr; unicode-bidi: normal; text-autospace: none;\"><span class=\"Normal-H\"><span style=\"font-family: Arial; font-size: 10pt;\">Nachmittags Bummeln und Relaxen am alten \u201cBilderbuchhafen\u201d von <\/span><span style=\"font-family: Arial; font-size: 10pt;\">Girne<\/span><span style=\"font-family: Arial; font-size: 10pt;\">.<\/span><span style=\"font-family: Arial; font-size: 10pt;\">Besuch der Hafenfestung mit Schiffswrackmuseum<\/span><span style=\"font-family: Arial; font-size: 10pt;\">.<\/span><\/span><\/p>\n<p class=\"Normal-P\" style=\"margin-bottom: 0pt; direction: ltr; unicode-bidi: normal; text-autospace: none;\"><span class=\"Normal-H\"><span style=\"font-family: Arial; font-weight: bold; font-size: 10pt;\">8<\/span><span style=\"font-family: Arial; font-weight: bold; font-size: 10pt;\">. <\/span><span style=\"font-family: Arial; font-weight: bold; font-size: 10pt;\">Okt<\/span><span style=\"font-family: Arial; font-weight: bold; font-size: 10pt;\">: <\/span><span style=\"font-family: Arial; font-weight: bold; font-size: 10pt;\">Buffavento<\/span><span style=\"font-family: Arial; font-weight: bold; font-size: 10pt;\">-Wanderung<\/span><\/span><\/p>\n<p class=\"Normal-P\" style=\"margin-bottom: 0pt; direction: ltr; unicode-bidi: normal; text-autospace: none;\"><span class=\"Normal-H\"><span style=\"font-family: Arial; font-size: 10pt;\">Panorama-Wanderung zur spektakul\u00e4r gelegenen H\u00f6henburgruine <\/span><span style=\"font-family: Arial; font-size: 10pt;\">Buffavento<\/span><span style=\"font-family: Arial; font-size: 10pt;\"> und weiter durch das<\/span><\/span><\/p>\n<p class=\"Normal-P\" style=\"margin-bottom: 0pt; direction: ltr; unicode-bidi: normal; text-autospace: none;\"><span class=\"Normal-H\"><span style=\"font-family: Arial; font-size: 10pt;\">Gebirge hinunter <\/span><span style=\"font-family: Arial; font-size: 10pt;\">zur gotischen Abtei <\/span><span style=\"font-family: Arial; font-size: 10pt;\">Bellapais<\/span><span style=\"font-family: Arial; font-size: 10pt;\">. (Gehzeit: ca. 5 Std.)<\/span><\/span><\/p>\n<p class=\"Normal-P\" style=\"margin-bottom: 0pt; direction: ltr; unicode-bidi: normal; text-autospace: none;\"><span class=\"Normal-H\"><span style=\"font-family: Arial; font-weight: bold; font-size: 10pt;\">9<\/span><span style=\"font-family: Arial; font-weight: bold; font-size: 10pt;\">. <\/span><span style=\"font-family: Arial; font-weight: bold; font-size: 10pt;\">Okt<\/span><span style=\"font-family: Arial; font-weight: bold; font-size: 10pt;\">: Unterkunftswechsel und <\/span><span style=\"font-family: Arial; font-weight: bold; font-size: 10pt;\">Sipahi<\/span><\/span><\/p>\n<p class=\"Normal-P\" style=\"margin-bottom: 0pt; direction: ltr; unicode-bidi: normal; text-autospace: none;\"><span class=\"Normal-H\"><span style=\"font-family: Arial; font-size: 10pt;\">Dreist\u00fcndiger Transfer von <\/span><span style=\"font-family: Arial; font-size: 10pt;\">Girne<\/span><span style=\"font-family: Arial; font-size: 10pt;\"> ins <\/span><span style=\"font-family: Arial; font-size: 10pt;\">t\u00fcrkischgriechischsprachige<\/span><span style=\"font-family: Arial; font-size: 10pt;\"> Dorf <\/span><span style=\"font-family: Arial; font-size: 10pt;\">Dipkarpaz<\/span><span style=\"font-family: Arial; font-size: 10pt;\"> auf der <\/span><span style=\"font-family: Arial; font-size: 10pt;\">Karpaz<\/span><span style=\"font-family: Arial; font-size: 10pt;\">-Halbinsel, unterwegs Wanderung mit Besuch einer arch\u00e4ologischen St\u00e4tte beim Ort <\/span><span style=\"font-family: Arial; font-size: 10pt;\">Sipahi<\/span><span style=\"font-family: Arial; font-size: 10pt;\">. (Gehzeit ca. 1,5 Std.)<\/span><\/span><\/p>\n<p class=\"Normal-P\" style=\"margin-bottom: 0pt; direction: ltr; unicode-bidi: normal; text-autospace: none;\"><span class=\"Normal-H\"><span style=\"font-family: Arial; font-weight: bold; font-size: 10pt;\">10<\/span><span style=\"font-family: Arial; font-weight: bold; font-size: 10pt;\">. <\/span><span style=\"font-family: Arial; font-weight: bold; font-size: 10pt;\">Okt<\/span><span style=\"font-family: Arial; font-weight: bold; font-size: 10pt;\">: Wanderung auf der <\/span><span style=\"font-family: Arial; font-weight: bold; font-size: 10pt;\">Karpaz<\/span><span style=\"font-family: Arial; font-weight: bold; font-size: 10pt;\">-Halbinsel<\/span><\/span><\/p>\n<p class=\"Normal-P\" style=\"margin-bottom: 0pt; direction: ltr; unicode-bidi: normal; text-autospace: none;\"><span class=\"Normal-H\"><span style=\"font-family: Arial; font-size: 10pt;\">Wanderung durch die h\u00fcgelige <\/span><span style=\"font-family: Arial; font-size: 10pt;\">Macchienlandschaft<\/span><span style=\"font-family: Arial; font-size: 10pt;\"> der einsamen <\/span><span style=\"font-family: Arial; font-size: 10pt;\">Karpaz<\/span><span style=\"font-family: Arial; font-size: 10pt;\">-Halbinsel mit ihrer verwilderten Eselherde. Besuch des Apostel-Andreas-Klosters und Entspannung am sch\u00f6nsten, fast unber\u00fchrten Sandstrand Zyperns. (Gehzeit: ca. 3 Std)<\/span><\/span><\/p>\n<p class=\"Normal-P\" style=\"margin-bottom: 0pt; direction: ltr; unicode-bidi: normal; text-autospace: none;\"><span class=\"Normal-H\"><span style=\"font-family: Arial; font-weight: bold; font-size: 10pt;\">11<\/span><span style=\"font-family: Arial; font-weight: bold; font-size: 10pt;\">. <\/span><span style=\"font-family: Arial; font-weight: bold; font-size: 10pt;\">Okt<\/span><span style=\"font-family: Arial; font-weight: bold; font-size: 10pt;\">: Wanderung bei <\/span><span style=\"font-family: Arial; font-weight: bold; font-size: 10pt;\">Avtepe<\/span><\/span><\/p>\n<p class=\"Normal-P\" style=\"margin-bottom: 0pt; direction: ltr; unicode-bidi: normal; text-autospace: none;\"><span class=\"Normal-H\"><span style=\"font-family: Arial; font-size: 10pt;\">Wanderung bis zur K\u00fcste auf einem j\u00fcngst erstellten Kultur- und Naturwanderweg entlang arch\u00e4ologisch und landschaftlich interessanter Kalktafelberge mit vielen Besiedelungsspuren. (Gehzeit: ca. 4 Std.)<\/span><span style=\"font-family: Arial; font-size: 10pt;\"> Anschliessend Badem\u00f6glichkeit <\/span><span style=\"font-family: Arial; font-size: 10pt;\">an einem abgelegenen Strand.<\/span><\/span><\/p>\n<p class=\"Normal-P\" style=\"margin-bottom: 0pt; direction: ltr; unicode-bidi: normal; text-autospace: none;\"><span class=\"Normal-H\"><span style=\"font-family: Arial; font-weight: bold; font-size: 10pt;\">12<\/span><span style=\"font-family: Arial; font-weight: bold; font-size: 10pt;\">. <\/span><span style=\"font-family: Arial; font-weight: bold; font-size: 10pt;\">Okt<\/span><span style=\"font-family: Arial; font-weight: bold; font-size: 10pt;\">: Unterkunftswechsel und <\/span><span style=\"font-family: Arial; font-weight: bold; font-size: 10pt;\">Kantara<\/span><\/span><\/p>\n<p class=\"Normal-P\" style=\"margin-bottom: 0pt; direction: ltr; unicode-bidi: normal; text-autospace: none;\"><span class=\"Normal-H\"><span style=\"font-family: Arial; font-size: 10pt;\">Anderthalbst\u00fcndiger Transfer von <\/span><span style=\"font-family: Arial; font-size: 10pt;\">Dipkarpaz<\/span><span style=\"font-family: Arial; font-size: 10pt;\"> zur letzten Unterkunft an der Ostk\u00fcste, unterwegs Wanderung zur H\u00f6henburg <\/span><span style=\"font-family: Arial; font-size: 10pt;\">Kantara<\/span><span style=\"font-family: Arial; font-size: 10pt;\"> mit beeindruckendem Weitblick \u00fcber die Insel. (Gehzeit ca. 3 Std.)<\/span><\/span><\/p>\n<p class=\"Normal-P\" style=\"margin-bottom: 0pt; direction: ltr; unicode-bidi: normal; text-autospace: none;\"><span class=\"Normal-H\"><span style=\"font-family: Arial; font-weight: bold; font-size: 10pt;\">1<\/span><span style=\"font-family: Arial; font-weight: bold; font-size: 10pt;\">3<\/span><span style=\"font-family: Arial; font-weight: bold; font-size: 10pt;\">. <\/span><span style=\"font-family: Arial; font-weight: bold; font-size: 10pt;\">Okt<\/span><span style=\"font-family: Arial; font-weight: bold; font-size: 10pt;\">: Abreise<\/span><\/span><\/p>\n<p class=\"Normal-P\" style=\"margin-bottom: 0pt; direction: ltr; unicode-bidi: normal; text-autospace: none;\"><span class=\"Normal-H\"><span style=\"font-family: Arial; font-size: 10pt;\">Transfer (45 min) <\/span><span style=\"font-family: Arial; font-size: 10pt;\">in der Nacht vom Hotel<\/span><span style=\"font-family: Arial; font-size: 10pt;\"> zum Flughafen Ercan, R\u00fcckflug <\/span><span style=\"font-family: Arial; font-size: 10pt;\">via <\/span><span style=\"font-family: Arial; font-size: 10pt;\">Istambul<\/span><span style=\"font-family: Arial; font-size: 10pt;\"> in der Schweiz.<\/span><\/span><\/p>\n<p><a href=\"http:\/\/www.adrianwood.ch\/wp-content\/uploads\/2017\/12\/Nordzypern-Karte.png\"><img loading=\"lazy\" decoding=\"async\" class=\"alignleft size-full wp-image-15095\" src=\"http:\/\/www.adrianwood.ch\/wp-content\/uploads\/2017\/12\/Nordzypern-Karte.png\" alt=\"\" width=\"640\" height=\"347\" srcset=\"https:\/\/www.adrianwood.ch\/wp-content\/uploads\/2017\/12\/Nordzypern-Karte.png 640w, https:\/\/www.adrianwood.ch\/wp-content\/uploads\/2017\/12\/Nordzypern-Karte-300x163.png 300w\" sizes=\"auto, (max-width: 640px) 100vw, 640px\" \/><\/a><\/p>\n<p class=\"Normal-P\" style=\"margin-bottom: 6pt; direction: ltr; unicode-bidi: normal;\">\nngg_shortcode_0_placeholder\n<\/div>\n","protected":false},"excerpt":{"rendered":"<p>Nordzypern, 5th.-13th.Oktober 2011 Zypern ist als sonnenverw\u00f6hnte Urlaubsinsel im \u00f6stlichen Mittelmeer bekannt. Der Nordteil der Insel ist aufgrund der politischen Lage der letzten 30 Jahre jedoch vom Massentourismus mit all seinen negativen Folgen verschont geblieben. Der EU-Beitritt Zyperns und die Ann\u00e4herung des t\u00fcrkisch-sprachigen Nordteils und des griechischsprachigen S\u00fcdteils haben bislang noch nicht zur endg\u00fcltigen politischen &hellip; <a href=\"https:\/\/www.adrianwood.ch\/?page_id=15093\" class=\"more-link\">Continue reading <span class=\"screen-reader-text\">2011 10 Northern Cyprus<\/span> <span class=\"meta-nav\">&rarr;<\/span><\/a><\/p>\n","protected":false},"author":1,"featured_media":0,"parent":1200,"menu_order":4931,"comment_status":"closed","ping_status":"closed","template":"","meta":{"ngg_post_thumbnail":0,"footnotes":""},"class_list":["post-15093","page","type-page","status-publish","hentry"],"_links":{"self":[{"href":"https:\/\/www.adrianwood.ch\/index.php?rest_route=\/wp\/v2\/pages\/15093","targetHints":{"allow":["GET"]}}],"collection":[{"href":"https:\/\/www.adrianwood.ch\/index.php?rest_route=\/wp\/v2\/pages"}],"about":[{"href":"https:\/\/www.adrianwood.ch\/index.php?rest_route=\/wp\/v2\/types\/page"}],"author":[{"embeddable":true,"href":"https:\/\/www.adrianwood.ch\/index.php?rest_route=\/wp\/v2\/users\/1"}],"replies":[{"embeddable":true,"href":"https:\/\/www.adrianwood.ch\/index.php?rest_route=%2Fwp%2Fv2%2Fcomments&post=15093"}],"version-history":[{"count":3,"href":"https:\/\/www.adrianwood.ch\/index.php?rest_route=\/wp\/v2\/pages\/15093\/revisions"}],"predecessor-version":[{"id":15097,"href":"https:\/\/www.adrianwood.ch\/index.php?rest_route=\/wp\/v2\/pages\/15093\/revisions\/15097"}],"up":[{"embeddable":true,"href":"https:\/\/www.adrianwood.ch\/index.php?rest_route=\/wp\/v2\/pages\/1200"}],"wp:attachment":[{"href":"https:\/\/www.adrianwood.ch\/index.php?rest_route=%2Fwp%2Fv2%2Fmedia&parent=15093"}],"curies":[{"name":"wp","href":"https:\/\/api.w.org\/{rel}","templated":true}]}}