{"id":1562,"date":"2011-09-06T11:03:22","date_gmt":"2011-09-06T10:03:22","guid":{"rendered":"http:\/\/adrianwood.ch\/?page_id=1562"},"modified":"2011-09-06T11:03:22","modified_gmt":"2011-09-06T10:03:22","slug":"08-01-col-de-roux","status":"publish","type":"page","link":"https:\/\/www.adrianwood.ch\/?page_id=1562","title":{"rendered":"08-01 Col de Roux"},"content":{"rendered":"<figure id=\"attachment_1563\" aria-describedby=\"caption-attachment-1563\" style=\"width: 730px\" class=\"wp-caption alignleft\"><a href=\"http:\/\/adrianwood.ch\/club-tours\/wallis\/2008-07-col-de-louvie\/08-01-col-de-roux\/dscn2587_1\/\" rel=\"attachment wp-att-1563\"><img loading=\"lazy\" decoding=\"async\" class=\"size-full wp-image-1563\" title=\"DSCN2587_1\" src=\"http:\/\/adrianwood.ch\/wp-content\/uploads\/2011\/09\/DSCN2587_1.jpg\" alt=\"auf Mont Blava\" width=\"730\" height=\"547\" \/><\/a><figcaption id=\"caption-attachment-1563\" class=\"wp-caption-text\">auf Mont Blava<\/figcaption><\/figure>\n<p>&nbsp;<\/p>\n<p><strong>Freitag, 01. August, Grand Dixence \u2013 Col des Roux \u2013 Cabane de Prafleuri<\/strong><\/p>\n<table width=\"730\" border=\"0\" cellspacing=\"0\" cellpadding=\"0\">\n<tbody>\n<tr>\n<td valign=\"top\" width=\"821\">\u00a0<em>\u201e<\/em><em>D<\/em><em>er Col des Roux mit seiner sch\u00f6nen Aussicht auf den Lac des Dix zum Mont Blanc de Cheillon und Pigne de Arolla bietet einen interessanten Aufstieg zur Cabane de Prafleuri.\u201c<\/em>Soweit der Ank\u00fcndigungstext f\u00fcr den heutigen 1. August.Es hat uns dann aber doch weit mehr erwartet am heutigen Nationalfeiertag der Schweiz als diese Ansage vermuten l\u00e4sst.<\/td>\n<\/tr>\n<tr>\n<td valign=\"top\" width=\"821\">\u00a0<img decoding=\"async\" class=\"ngg-singlepic ngg-none\" src=\"http:\/\/adrianwood.ch\/wp-content\/gallery\/coldelouvie02\/image002.jpg\" alt=\"image002\" \/><\/td>\n<\/tr>\n<\/tbody>\n<\/table>\n<table width=\"729\" border=\"0\" cellspacing=\"0\" cellpadding=\"0\">\n<tbody>\n<tr>\n<td valign=\"top\" width=\"821\">Und gleich vorab:Das wird ein ungew\u00f6hnlicher Tag mit mehreren H\u00f6hepunkten:<strong>1. August &#8211; Nationalfeiertag<\/strong>. Wusste Adrian, warum er mir heute die Ehre zugedacht hat, den Tourenbericht zu schreiben?Ein Nichtschweizer den Nationalfeiertags-Tourenbericht abzuliefern, welch eine Herausforderung!Die Tagestour heute war das Gegenteil: keine Herausforderung.Deshalb beginnt es zun\u00e4chst ganz unspektakul\u00e4r, wenn auch etwas ungew\u00f6hnlich, da sich die Gruppe an diesem Tag erst einmal \u201ezusammenfinden\u201c muss:Der zahlenm\u00e4ssig \u00fcberwiegende Teil \u2013 immerhin 8 Personen \u2013 \u00fcbernachtete direkt unterhalb der <strong><em>grossen Staumauer der Grande Dixence<\/em><\/strong>\u00a0 &#8211; allein diese imposante Mauer war ein H\u00f6hepunkt (dar\u00fcber gleich mehr) &#8211; im Hotel Le Chargeur \u2013 6 Personen weit unterhalb der Staumauer im Hotel in Pralong \u2013 und 4 weitere kamen erst heute gegen 9.30 Uhr per Bahn\/Bus aus Basel nach Pralong und komplettierten die Gruppe von jetzt insgesamt 18 Teilnehmern.Der Tag begann sehr sonnig, ein gemeinsamer Start formierte sich aber erst oberhalb der Staumauer der \u201eBarrage de la Grande Dixence\u201c (2141\u00a0m). Von Le Chargeur lief jeder nach Lust und Laune los: Brigitte mit Hans-Peter als erste, der Berichterstatter startete mit zwei weiteren (Albert, Klaus) hinterher hinauf zur Krone der Staumauer. Dann spazierten Anna, Peter und Toni die Serpentinen herauf. Dort war dann der Sammelpunkt, den der Rest der Gruppe aus Pralong per Seilbahn erreichte.Doch zun\u00e4chst muss ich ein paar (fast unglaubliche) Fakten zur derzeit noch h\u00f6chsten Staumauer der Talsperre Grande Dixence einf\u00fcgen.<\/td>\n<\/tr>\n<\/tbody>\n<\/table>\n<table width=\"729\" border=\"0\" cellspacing=\"0\" cellpadding=\"0\">\n<tbody>\n<tr>\n<td valign=\"top\" width=\"407\">\u00a0<img decoding=\"async\" class=\"ngg-singlepic ngg-none\" src=\"http:\/\/adrianwood.ch\/wp-content\/gallery\/coldelouvie02\/image003_r4.jpg\" alt=\"image003_r4\" \/><\/td>\n<td valign=\"top\" width=\"407\">An der Basis hat sie eine Dicke von (unglaublichen) 200\u00a0Metern, die Kronenl\u00e4nge betr\u00e4gt 695 m. Beim Bau wurden \u00fcber 6\u00a0Millionen m\u00b3 Beton verbaut, das Gewicht der Mauer liegt bei etwa 15\u00a0Millionen Tonnen. Zur Wartung und Kontrolle sind im Inneren der Mauer \u00fcber 30\u00a0km Stollen angelegt. \u00dcbrigens kann man das Innere besichtigen, Informations-material gibt\u00b4s in der Talstation der Seilbahn.Der Lac des Dix ist etwa 5,3\u00a0km lang und durch-schnittlich ca. 600\u00a0Meter breit. Der See ist maximal 227\u00a0m tief und umfasst je nach F\u00fcllh\u00f6he eine Fl\u00e4che von rund 4\u00a0km\u00b2.Das Fassungsverm\u00f6gen liegt bei rund 400 Millionen m\u00b3. Der Stausee wird durch die Zulaufstollen von \u00fcber 100 Kilometern L\u00e4nge und 75 Wasserfassungen mit vier Pumpstationen aus einem Einzugsgebiet von 375\u00a0km\u00b2 mit 35 Gletschern gespeist. Die pro Jahr durchschnittlich gesammelte Wassermenge liegt bei 500\u00a0Millionen m\u00b3 Wasser, \u00fcberwiegend im Sommer.<\/td>\n<\/tr>\n<tr>\n<td colspan=\"2\" valign=\"top\" width=\"815\"><\/td>\n<\/tr>\n<\/tbody>\n<\/table>\n<table border=\"0\" cellspacing=\"0\" cellpadding=\"0\">\n<tbody>\n<tr>\n<td valign=\"top\" width=\"774\"><em>\u00a0<img decoding=\"async\" class=\"ngg-singlepic ngg-none\" src=\"http:\/\/adrianwood.ch\/wp-content\/gallery\/coldelouvie02\/image007.jpg\" alt=\"image007\" \/><br \/>\n<\/em><\/td>\n<\/tr>\n<tr>\n<td valign=\"top\" width=\"774\"><em>\u00a0<\/em><em>Diese \u00dcbersicht zeigt das gewaltige Wasser-Einzugsgebiet des Wasserkraftkomplexes der Grand Dixence von Zermatt bis zur Rosablance, das zu zwei Dritteln mit Gletschern (noch) bedeckt ist, d.h. 50 Gletscher von der Mischabel bis zum Mont Gele liefert das Wasser f\u00fcr diese Anlage.<\/em><em>\u00a0<\/em><\/td>\n<\/tr>\n<\/tbody>\n<\/table>\n<table border=\"0\" cellspacing=\"0\" cellpadding=\"0\">\n<tbody>\n<tr>\n<td colspan=\"2\" valign=\"top\" width=\"815\">Es wurde ca. 10 Uhr bis sich die Gruppe zum Abmarsch zusammenfand. Vorgesehen war heute ohnehin nur ein verh\u00e4ltnism\u00e4ssig\u00a0 kurzes St\u00fcck unserer 4-t\u00e4gigen Wanderung:Von Pralong, bzw. von Le Chargeur aus rechts am gestauten Lac des Dix entlang zum Col des Roux mit Blick auf Mont Blanc de Cheillon\/Pigne de Arolla zur Cabane de Prafleuri.Nach wenigen 100 m mussten 2 Tunnel durchquert werden, nach weiteren ca. 30 Minuten geht es rechts hinauf zum Col. Hier war dann bereits die 1. Rast und Trinkpause.<\/td>\n<\/tr>\n<tr>\n<td valign=\"top\" width=\"407\">\u00a0<img decoding=\"async\" class=\"ngg-singlepic ngg-none\" src=\"http:\/\/adrianwood.ch\/wp-content\/gallery\/coldelouvie02\/image008_r4.jpg\" alt=\"image008_r4\" \/><\/td>\n<td valign=\"top\" width=\"407\">\u00a0<img decoding=\"async\" class=\"ngg-singlepic ngg-none\" src=\"http:\/\/adrianwood.ch\/wp-content\/gallery\/coldelouvie02\/image010_r4.jpg\" alt=\"image010_r4\" \/><\/td>\n<\/tr>\n<tr>\n<td colspan=\"2\" valign=\"top\" width=\"815\">Und f\u00fcr die Hobbyphotographen gute Gelegenheit, die beeindruckende Vielfalt der Alpenblumen-pracht festzuhalten und nat\u00fcrlich auch die Sicht auf die (wie lange noch) vergletscherten Gipfel.<\/td>\n<\/tr>\n<tr>\n<td valign=\"top\" width=\"407\">\u00a0<img decoding=\"async\" class=\"ngg-singlepic ngg-none\" src=\"http:\/\/adrianwood.ch\/wp-content\/gallery\/coldelouvie02\/image012_r4.jpg\" alt=\"image012_r4\" \/><\/td>\n<td valign=\"top\" width=\"407\">\u00a0<img decoding=\"async\" class=\"ngg-singlepic ngg-none\" src=\"http:\/\/adrianwood.ch\/wp-content\/gallery\/coldelouvie02\/image014_r4.jpg\" alt=\"image014_r4\" \/><\/td>\n<\/tr>\n<tr>\n<td colspan=\"2\" valign=\"top\" width=\"815\">Gegen 12.30 Uhr erreichten wir dann bereits den Col (2800 m), wobei sich schon ein Wetterumschwung ank\u00fcndigte. Hier oben musste man sich schon ein gesch\u00fctztes, windstilles Pl\u00e4tzchen f\u00fcr die Mittagtsrast suchen.<\/td>\n<\/tr>\n<tr>\n<td valign=\"top\" width=\"407\">\u00a0<img decoding=\"async\" class=\"ngg-singlepic ngg-none\" src=\"http:\/\/adrianwood.ch\/wp-content\/gallery\/coldelouvie02\/image016_r4.jpg\" alt=\"image016_r4\" \/><\/td>\n<td valign=\"top\" width=\"407\">\u00a0<img decoding=\"async\" class=\"ngg-singlepic ngg-none\" src=\"http:\/\/adrianwood.ch\/wp-content\/gallery\/coldelouvie02\/image018_r4.jpg\" alt=\"image018_r4\" \/><\/td>\n<\/tr>\n<tr>\n<td colspan=\"2\" valign=\"top\" width=\"815\">Ein paar Unentwegte erreichten nach einer kurzen Gradwanderung den Gipfel, aber andere \u2013 so auch ich \u2013 zogen doch angesichts drohender Regenwolken den direkten Abstieg zur H\u00fctte vor, die von hier oben bereits gut erkennbar in ca. 30 Minuten zu erreichen ist.<\/td>\n<\/tr>\n<\/tbody>\n<\/table>\n<table width=\"788\" border=\"0\" cellspacing=\"0\" cellpadding=\"0\">\n<tbody>\n<tr>\n<td valign=\"top\" width=\"408\">\u00a0<img decoding=\"async\" class=\"ngg-singlepic ngg-none\" src=\"http:\/\/adrianwood.ch\/wp-content\/gallery\/coldelouvie02\/image020_r4.jpg\" alt=\"image020_r4\" \/><\/td>\n<td colspan=\"2\" valign=\"top\" width=\"413\">\u00a0<img decoding=\"async\" class=\"ngg-singlepic ngg-none\" src=\"http:\/\/adrianwood.ch\/wp-content\/gallery\/coldelouvie02\/image022_r4.jpg\" alt=\"image022_r4\" \/><\/td>\n<\/tr>\n<tr>\n<td colspan=\"3\" valign=\"top\" width=\"821\"><\/td>\n<\/tr>\n<tr>\n<td valign=\"top\" width=\"408\">\u00a0<img decoding=\"async\" class=\"ngg-singlepic ngg-none\" src=\"http:\/\/adrianwood.ch\/wp-content\/gallery\/coldelouvie02\/image024_r4.jpg\" alt=\"image024_r4\" \/><\/td>\n<td colspan=\"2\" valign=\"top\" width=\"413\">\u00a0<img decoding=\"async\" class=\"ngg-singlepic ngg-none\" src=\"http:\/\/adrianwood.ch\/wp-content\/gallery\/coldelouvie02\/image026_r4.jpg\" alt=\"OLYMPUS DIGITAL CAMERA\" \/><\/td>\n<\/tr>\n<tr>\n<td colspan=\"3\" valign=\"top\" width=\"821\">Es empfing uns bereits Francoise, der heute direttissima die k\u00fcrzeste Verbindung \u2013 nicht \u00fcber den Col und nicht \u00fcber den Gipfel &#8211; von H\u00fctte zu H\u00fctte gew\u00e4hlt hatte.<\/td>\n<\/tr>\n<tr>\n<td colspan=\"2\" valign=\"top\" width=\"421\">\u00a0<img decoding=\"async\" class=\"ngg-singlepic ngg-none\" src=\"http:\/\/adrianwood.ch\/wp-content\/gallery\/coldelouvie02\/image028_r4.jpg\" alt=\"image028_r4\" \/><\/td>\n<td valign=\"top\" width=\"400\">\u00a0<img decoding=\"async\" class=\"ngg-singlepic ngg-none\" src=\"http:\/\/adrianwood.ch\/wp-content\/gallery\/coldelouvie02\/image030_r4.jpg\" alt=\"OLYMPUS DIGITAL CAMERA\" \/><\/td>\n<\/tr>\n<tr>\n<td colspan=\"3\" valign=\"top\" width=\"821\">Damit endet die heutige Wanderung und somit der Tourenbericht, aber wie oben erw\u00e4hnt:Heute ist Schweizer Nationalfeiertag und uns erwartete ein H\u00f6hepunkt nach dem anderen.Wer schon alles \u00fcber diesen Schweizer freien Arbeitstag weiss, der kann die n\u00e4chste Seite \u00fcberschlagen, doch es gibt nicht nur f\u00fcr Nichtschweizer sicher einiges Wissenswertes.<\/td>\n<\/tr>\n<tr>\n<td width=\"412\"><\/td>\n<td width=\"11\"><\/td>\n<td width=\"401\"><\/td>\n<\/tr>\n<\/tbody>\n<\/table>\n<table border=\"0\" cellspacing=\"0\" cellpadding=\"0\">\n<tbody>\n<tr>\n<td valign=\"top\" width=\"252\">\u00a0<img decoding=\"async\" class=\"ngg-singlepic ngg-none\" src=\"http:\/\/adrianwood.ch\/wp-content\/gallery\/coldelouvie02\/image032.jpg\" alt=\"image032\" \/><\/td>\n<td valign=\"top\" width=\"162\">\u00a0<img decoding=\"async\" class=\"ngg-singlepic ngg-none\" src=\"http:\/\/adrianwood.ch\/wp-content\/gallery\/coldelouvie02\/image034.png\" alt=\"image034\" \/><\/td>\n<td valign=\"top\" width=\"405\"><strong>\u00a0<\/strong><strong>\u201eDurch diese hohle Gasse muss er kommen\u201c<\/strong><\/td>\n<\/tr>\n<tr>\n<td colspan=\"3\" valign=\"top\" width=\"819\">Vor dem Feiern zun\u00e4chst ein Blick zur\u00fcck zur Geschichte:Es gibt ihn tats\u00e4chlich erst seit 1994 und ist seither auch ein arbeitsfreier Tag und deshalb gute Gelegenheit f\u00fcr Bergwanderungen:<strong>Der Nationalfeiertag<\/strong>Der Gedenktag geht auf den <strong>1. August 1291<\/strong> zur\u00fcck. Damals schlossen sich die drei \u201eWaldst\u00e4tten\u201c Uri, Schwyz und Unterwalden zum &#8220;Ewigen Bund&#8221; zusammen, um sich gegen das Machtstreben der Habsburger zu wappnen. Man sagt: \u201eWie durch ein Wunder gelingt es den vereinigten Bergbauern <strong>1315<\/strong>ein haushoch \u00fcberlegenes Ritterheer der \u00d6sterreicher vernichtend zu schlagen\u201c. Und weitere Triumphe folgen.Aus dem &#8220;Ewigen Bund&#8221; entstand die Schweizer Eidgenossenschaft. In den folgenden Jahrhunderten kamen weitere St\u00e4dte wie Morgarten, Luzern, Z\u00fcrich und Bern dazu.Das B\u00fcndnis war zun\u00e4chst f\u00fcr gegenseitigen Beistand bei einem Angriff von au\u00dfen eingerichtet worden. Es entwickelte sich mehr und mehr zu einem Verteidigungspakt gegen die Vorherrschaft des Adels, allen voran des Habsburgischen F\u00fcrstenhauses. Die Eidgenossen strebten die Unabh\u00e4ngigkeit an. Sie wollten nicht mehr den Landesf\u00fcrsten, sondern nur dem Kaiser unterstehen.Der Mythos aus den Anf\u00e4ngen der Eidgenossenschaft ist erstmals im 15. Jahrhundert in der Schweiz belegt.Gegen Ende des 19. Jahrhunderts wurde der Gr\u00fcndungsmythos des <a title=\"R\u00fctlischwur\" href=\"http:\/\/de.wikipedia.org\/wiki\/R%C3%BCtlischwur\">R\u00fctlischwurs<\/a> durch einen neuen Gr\u00fcndungsmythos ersetzt. Die Idee, das Jahr 1291 als Gr\u00fcndungsjahr der Eidgenossenschaft und den ersten August als Bundesfeiertag festzulegen, geht auf die Initiative der <a title=\"Bern\" href=\"http:\/\/de.wikipedia.org\/wiki\/Bern\">Berner<\/a> zur\u00fcck. In Bern wollte man 1891 das 700-j\u00e4hrige Bestehen der Stadt feiern. Die Verbindung mit einer 600-Jahr-Feier der Eidgenossenschaft kam da sehr gelegen. Im Bericht, den das <a title=\"Departement (Schweiz) (Seite nicht vorhanden)\" href=\"http:\/\/de.wikipedia.org\/w\/index.php?title=Departement_%28Schweiz%29&amp;action=edit&amp;redlink=1\">Departement<\/a> des <a title=\"Eidgen\u00f6ssisches Departement des Innern\" href=\"http:\/\/de.wikipedia.org\/wiki\/Eidgen%C3%B6ssisches_Departement_des_Innern\">Innern<\/a> am 21.\u00a0November 1889 zuhanden des <a title=\"Bundesrat (Schweiz)\" href=\"http:\/\/de.wikipedia.org\/wiki\/Bundesrat_%28Schweiz%29\">Bundesrates<\/a> verfasste, ist denn auch tats\u00e4chlich eine zweit\u00e4gige Feier in Bern und nicht etwa in der Innerschweiz vorgesehen. Mit dem <a title=\"Bundesbrief von 1291\" href=\"http:\/\/de.wikipedia.org\/wiki\/Bundesbrief_von_1291\">Bundesbrief<\/a> von 1291, der das Verteidigungsabkommen zwischen den drei <a title=\"Urkanton\" href=\"http:\/\/de.wikipedia.org\/wiki\/Urkanton\">Urkantonen<\/a>festhielt, hatte man jedoch ein Dokument gew\u00e4hlt, das nicht unumstritten war. Namentlich der Bund zu Brunnen von 1315 galt vielen als Gr\u00fcndungsakt der Eidgenossenschaft, wenn man denn nicht \u00fcberhaupt von einer schrittweisen Entstehung der Eidgenossenschaft ausging. Noch bis ins 20. Jahrhundert hielt man das Datum des R\u00fctlischwurs (8. November 1307) als Gr\u00fcndungjahr der Eidgenossenschaft.Apropos R\u00fctlischwur: im Winter 1803\/04 ringt Friedrich Schiller in seiner Weimarer Schreibstube mit einem neuen B\u00fchnenstoff, den ihm sein Freund Goethe von einer Schweizreise mitgebracht hat. Schiller leidet da schon unter starken Schmerzen und Atemnot. Dennoch studiert er unerm\u00fcdlich alte Chroniken und bittet seinen Verleger, ihm Prospekte von den Alpen zu schicken \u2013 Schiller hat die Alpen nie gesehen! Er beginn,t die Sage von \u201eWilhelm Tell\u201c in Szene zu setzen: den R\u00fctlischwur, den Apfelschuss und die Ermordung des tyrannischen Landvogts Gessler.Um jeden Funken Freiheitssinn zu ersticken, l\u00e4sst Gessler auf dem Markt zu Altdorf einen Hut auf einer Stange aufstellen, mit dem Gebot, dass jeder den Hut zu gr\u00fc\u00dfen habe. Bei einer n\u00e4chtlichen Zusammenkunft auf dem R\u00fctli leisten die Vertreter der Schweizer Kantone einen Schwur und schlie\u00dfen ein B\u00fcndnis gegen die Tyrannei und f\u00fcr das Recht auf Freiheit.Dieser R\u00fctli-Schwur vollzieht sich ohne Wilhelm Tell. Der meisterhafte Armbrustsch\u00fctze wird eher zuf\u00e4llig in das Geschehen einbezogen, denn er hat vergessen, den Hut des Landvogts Ge\u00dfler zu gr\u00fc\u00dfen. Dieser stellt ihn daraufhin vor die grausame Alternative, einen Apfel vom Kopf seines Sohnes zu schie\u00dfen und damit dessen Leben zu riskieren, oder selbst zu sterben. Tell greift verzweifelt nach seiner Armbrust, steckt zwei Pfeile zu sich und wagt den Schuss, der ihm auch gl\u00fcckt. Auf Ge\u00dflers argw\u00f6hnische Frage, was er mit dem zweiten Pfeil beabsichtigt habe, antwortet Tell, dass dieser Pfeil sicher des Vogtes Brust nicht verfehlt h\u00e4tte, wenn er sein geliebtes Kind getroffen h\u00e4tte. Tell wird in Haft genommen, doch bei der Fahrt \u00fcber den See gelingt ihm die Flucht. Nun beschlie\u00dft er, Ge\u00dfler zu t\u00f6ten, um dessen verbrecherisches Treiben zu beenden<em>. In der hohlen Gasse<\/em>bei K\u00fcssnacht durchbohrt er ihn mit einem Pfeil. Auf dieses Signal hin erheben sich die Eidgenossen, zerst\u00f6ren die Zwingburgen und verk\u00fcnden ihre Freiheit.Schillers Verarbeitung des Schweizer Mythos wird ein grandioser Erfolg und erweckt Tell zum Nationalhelden \u2013 doch einen \u201eWilhelm Tell\u201c, den hat es vermutlich nie gegeben.<\/td>\n<\/tr>\n<\/tbody>\n<\/table>\n<table border=\"0\" cellspacing=\"0\" cellpadding=\"0\">\n<tbody>\n<tr>\n<td colspan=\"4\" valign=\"top\" width=\"821\">Und wie haben wir den Tag auf der Prafleurih\u00fctte erlebt?<\/td>\n<\/tr>\n<tr>\n<td colspan=\"2\" valign=\"top\" width=\"401\">\u00a0<img decoding=\"async\" class=\"ngg-singlepic ngg-none\" src=\"http:\/\/adrianwood.ch\/wp-content\/gallery\/coldelouvie02\/image036_r4.jpg\" alt=\"OLYMPUS DIGITAL CAMERA\" \/><\/td>\n<td colspan=\"2\" valign=\"top\" width=\"420\">\u00a0<img decoding=\"async\" class=\"ngg-singlepic ngg-none\" src=\"http:\/\/adrianwood.ch\/wp-content\/gallery\/coldelouvie02\/image038_r4.jpg\" alt=\"OLYMPUS DIGITAL CAMERA\" \/><\/td>\n<\/tr>\n<tr>\n<td colspan=\"4\" valign=\"top\" width=\"821\"><\/td>\n<\/tr>\n<tr>\n<td valign=\"top\" width=\"399\">\u00a0<img decoding=\"async\" class=\"ngg-singlepic ngg-none\" src=\"http:\/\/adrianwood.ch\/wp-content\/gallery\/coldelouvie02\/image040_r4.jpg\" alt=\"OLYMPUS DIGITAL CAMERA\" \/><\/td>\n<td colspan=\"2\" valign=\"top\" width=\"420\">Die H\u00fcttenwirtin \u00fcberraschte ihre G\u00e4ste mit einem Festtags-progamm:Sobald der Regen aufgeh\u00f6rt hatte, lockten uns ungwohnte Kl\u00e4nge ins Freie.Es war noch hell \u2013 oder noch nicht ganz dunkel, jedenfall zeigte uns ein Alphornbl\u00e4ser, dass man aus diesem Instrument vom Volkslied, von italienischen Arien, Beethoven bis zur Nationalhymne alles herausblasen kann. Dem Kerl hat man seine Begeisterung angesehen und seine Professionalit\u00e4t bestaunt.Das Ganze wurde mit einem Gl\u00e4sschen guten Walliser Weins \u201ebegossen\u201c \u2013 und allen war die Neugier anzusehen: als Nachtessen war zu lesen:welch eine \u00dcberraschung in einer Bergh\u00fctte auf 2662 m. Jedenfalls sollte man sie sich f\u00fcr weitere Exkursionen gut merken \u2026.<strong>Cabane de Prafleur. <\/strong>Und weil es die Witterung gut mit uns meinte, konnten wir zum Ausklang ein Feuerwerk am Nachthimmel bewundern.Dank an Klaus, der mir seine Photos zu diesem Bericht zur Verf\u00fcgung gestellt hat undDank an Adrian f\u00fcr die wieder einmal gelungene Planung und Organisation dieser Tour.\u00a0 Peter M.<\/td>\n<td width=\"2\"><\/td>\n<\/tr>\n<tr>\n<td width=\"392\"><\/td>\n<td width=\"1\"><\/td>\n<td width=\"418\"><\/td>\n<td width=\"2\"><\/td>\n<\/tr>\n<\/tbody>\n<\/table>\n<table border=\"0\" cellspacing=\"0\" cellpadding=\"0\">\n<tbody>\n<tr>\n<td valign=\"top\" width=\"272\">\u00a0<img decoding=\"async\" class=\"ngg-singlepic ngg-none\" src=\"http:\/\/adrianwood.ch\/wp-content\/gallery\/coldelouvie02\/image043.jpg\" alt=\"image043\" \/><\/td>\n<td valign=\"top\" width=\"272\">\u00a0<img decoding=\"async\" class=\"ngg-singlepic ngg-none\" src=\"http:\/\/adrianwood.ch\/wp-content\/gallery\/coldelouvie02\/image045.jpg\" alt=\"image045\" \/><\/td>\n<td valign=\"top\" width=\"272\">\u00a0<img decoding=\"async\" class=\"ngg-singlepic ngg-none\" src=\"http:\/\/adrianwood.ch\/wp-content\/gallery\/coldelouvie02\/image047.jpg\" alt=\"image047\" \/><\/td>\n<\/tr>\n<tr>\n<td colspan=\"3\" valign=\"top\" width=\"815\"><\/td>\n<\/tr>\n<\/tbody>\n<\/table>\n<p><img decoding=\"async\" class=\"ngg-singlepic ngg-none\" src=\"http:\/\/adrianwood.ch\/wp-content\/gallery\/coldelouvie02\/image001.jpg\" alt=\"image001\" \/><\/p>\n<p>xxx<\/p>\n","protected":false},"excerpt":{"rendered":"<p>&nbsp; Freitag, 01. August, Grand Dixence \u2013 Col des Roux \u2013 Cabane de Prafleuri \u00a0\u201eDer Col des Roux mit seiner sch\u00f6nen Aussicht auf den Lac des Dix zum Mont Blanc de Cheillon und Pigne de Arolla bietet einen interessanten Aufstieg zur Cabane de Prafleuri.\u201cSoweit der Ank\u00fcndigungstext f\u00fcr den heutigen 1. August.Es hat uns dann aber &hellip; <a href=\"https:\/\/www.adrianwood.ch\/?page_id=1562\" class=\"more-link\">Continue reading <span class=\"screen-reader-text\">08-01 Col de Roux<\/span> <span class=\"meta-nav\">&rarr;<\/span><\/a><\/p>\n","protected":false},"author":1,"featured_media":0,"parent":1532,"menu_order":1334,"comment_status":"closed","ping_status":"closed","template":"","meta":{"ngg_post_thumbnail":0,"footnotes":""},"class_list":["post-1562","page","type-page","status-publish","hentry"],"_links":{"self":[{"href":"https:\/\/www.adrianwood.ch\/index.php?rest_route=\/wp\/v2\/pages\/1562","targetHints":{"allow":["GET"]}}],"collection":[{"href":"https:\/\/www.adrianwood.ch\/index.php?rest_route=\/wp\/v2\/pages"}],"about":[{"href":"https:\/\/www.adrianwood.ch\/index.php?rest_route=\/wp\/v2\/types\/page"}],"author":[{"embeddable":true,"href":"https:\/\/www.adrianwood.ch\/index.php?rest_route=\/wp\/v2\/users\/1"}],"replies":[{"embeddable":true,"href":"https:\/\/www.adrianwood.ch\/index.php?rest_route=%2Fwp%2Fv2%2Fcomments&post=1562"}],"version-history":[{"count":0,"href":"https:\/\/www.adrianwood.ch\/index.php?rest_route=\/wp\/v2\/pages\/1562\/revisions"}],"up":[{"embeddable":true,"href":"https:\/\/www.adrianwood.ch\/index.php?rest_route=\/wp\/v2\/pages\/1532"}],"wp:attachment":[{"href":"https:\/\/www.adrianwood.ch\/index.php?rest_route=%2Fwp%2Fv2%2Fmedia&parent=1562"}],"curies":[{"name":"wp","href":"https:\/\/api.w.org\/{rel}","templated":true}]}}