{"id":157,"date":"2011-01-05T10:37:24","date_gmt":"2011-01-05T09:37:24","guid":{"rendered":"http:\/\/adrianwood.ch\/"},"modified":"2019-11-02T19:52:32","modified_gmt":"2019-11-02T19:52:32","slug":"2009-05-scotland","status":"publish","type":"page","link":"https:\/\/www.adrianwood.ch\/?page_id=157","title":{"rendered":"2009-05 Scotland"},"content":{"rendered":"<h2>Schottland, Hoher Norden und Orkney Inseln, Reise 16.-30.Mai 2009<\/h2>\n<h3><a href=\"http:\/\/adrianwood.ch\/wp-content\/uploads\/2011\/01\/DSC_0685_r-e1294229197997.jpg\"><img loading=\"lazy\" decoding=\"async\" class=\"aligncenter size-full wp-image-178\" title=\"DSC_0685_r\" src=\"http:\/\/adrianwood.ch\/wp-content\/uploads\/2011\/01\/DSC_0685_r-e1294229197997.jpg\" alt=\"Dungail Broch\" width=\"712\" height=\"473\"><\/a><\/h3>\n<table cellspacing=\"0\" cellpadding=\"0\" border=\"1\">\n<tbody>\n<tr>\n<td width=\"716\" valign=\"top\">Die Landschaft n\u00f6rdlich von Ullapool geh\u00f6rt zu den spektakul\u00e4rsten Schottlands und ist einzigartig in seiner Einsamkeit und verlassenen Sch\u00f6nheit. Hier gab es einmal m\u00e4chtige Berge, deren blossgelegtes Skelett heute in bizarren Formen aus der Erde ragt. B\u00e4ume gibt es hier nur wenige, daf\u00fcr umso mehr Hochmoor und ein Gewirr von grossen und kleinen Seen. Nicht dass es hoch liegt. Aber das Moorland f\u00e4ngt schon auf Meeresniveau an. In diesem abgelegenen Gebiet gibt es noch wenig Tourismus.Wir wandern haupts\u00e4chlich im wundersch\u00f6nen Inverpolly Nature Reserve, dessen Gesteine zu den \u00e4ltesten der Welt z\u00e4hlen. Berge mit (f\u00fcr Briten) ber\u00fchmten Namen sind unter anderem Suilven (der \u201aZuckerhut\u2019), Ben More, Quinag und Stack Polly. Entlang der K\u00fcste erkunden wir die Felsnadel \u201aOld Man of Stoer\u2019, die Vogel Insel Handa &#8211; mit Papageientauchern, Alken und Skuas &#8211; und die Str\u00e4nde um Oldshoremore. Am sch\u00f6nsten ist Sandwood Bay, nicht nur der entlegenste, sondern auch einer der spektakul\u00e4rsten Str\u00e4nde Grossbritanniens. Das gr\u00f6sste Dorf hier ist Lochinver und weiter n\u00f6rdlich liegt Kinlochbervie, beide bedeutende Fischerh\u00e4fen.Nach drei Uebernachtungen in jeder Ortschaft fahren wir dann weiter in Richtung Norden, durch immer wilder und einsamer werdende Landschaft, bis wir die Nordk\u00fcste bei Durness erreichen. Gewaltige Klippen, kleine Buchten und eine vielf\u00e4ltige Flora pr\u00e4gen diese Uferlandschaft. Auf den langen, weissen Sandstr\u00e4nden ist es herrlich zu wandern und vom Gipfel des Ben Loyal, die \u201aK\u00f6nigin der schottischen Berge\u2019, haben wir einen endlosen Blick auf das raue Land im Westen, auf das liebliche \u201aFlow Country\u2019 im Osten und im Norden auf die Orkney Inseln, die unser n\u00e4chstes Ziel sein werden. Wir verbringen zwei N\u00e4chte in Tongue, eine von Vikinger gegr\u00fcndete Siedlung, \u00fcber der sich die Ruinen einer Burg erheben.Von Scrabster aus bringt uns die \u201aMV Hamnavoe\u2019 in das Hafenst\u00e4dtchen Stromness, wo wir Quartier beziehen. Zu Recht wird die Inselgruppe als arch\u00e4ologisches Freilichtmuseum gepriesen. Seit \u00fcber 5,000 Jahre leben Menschen auf Orkney, und sie haben eine derartige F\u00fclle von Spuren hinterlassen wie sonst nirgendwo in Europa. Orte wie Skara Brae, Maes Howe und der Ring of Brodgar werden wir in unser Tagesprogramm aufnehmen. Einer der H\u00f6hepunkte ist die beeindruckende Wanderung auf der Insel Hoy zum \u201aOld Man of Hoy\u2019, einer 137 Meter hohen, senkrecht aus dem Meer ragenden Felsnadel. Nach drei Tagen in Stromness fahren wir der Nord- und Ostk\u00fcste entlang zur\u00fcck nach Inverness, mit Gelegenheiten beim Castle of Mey, bei John o Groats und bei Duncansby Head einen Halt zu machen.<\/td>\n<\/tr>\n<\/tbody>\n<\/table>\n<h3><a href=\"http:\/\/www.adrianwood.ch\/?page_id=433\">Inhalt<\/a><\/h3>\nngg_shortcode_0_placeholder\n","protected":false},"excerpt":{"rendered":"<p>Schottland, Hoher Norden und Orkney Inseln, Reise 16.-30.Mai 2009 Die Landschaft n\u00f6rdlich von Ullapool geh\u00f6rt zu den spektakul\u00e4rsten Schottlands und ist einzigartig in seiner Einsamkeit und verlassenen Sch\u00f6nheit. Hier gab es einmal m\u00e4chtige Berge, deren blossgelegtes Skelett heute in bizarren Formen aus der Erde ragt. B\u00e4ume gibt es hier nur wenige, daf\u00fcr umso mehr Hochmoor &hellip; <a href=\"https:\/\/www.adrianwood.ch\/?page_id=157\" class=\"more-link\">Continue reading <span class=\"screen-reader-text\">2009-05 Scotland<\/span> <span class=\"meta-nav\">&rarr;<\/span><\/a><\/p>\n","protected":false},"author":1,"featured_media":0,"parent":20727,"menu_order":232,"comment_status":"closed","ping_status":"closed","template":"","meta":{"ngg_post_thumbnail":0,"footnotes":""},"class_list":["post-157","page","type-page","status-publish","hentry"],"_links":{"self":[{"href":"https:\/\/www.adrianwood.ch\/index.php?rest_route=\/wp\/v2\/pages\/157","targetHints":{"allow":["GET"]}}],"collection":[{"href":"https:\/\/www.adrianwood.ch\/index.php?rest_route=\/wp\/v2\/pages"}],"about":[{"href":"https:\/\/www.adrianwood.ch\/index.php?rest_route=\/wp\/v2\/types\/page"}],"author":[{"embeddable":true,"href":"https:\/\/www.adrianwood.ch\/index.php?rest_route=\/wp\/v2\/users\/1"}],"replies":[{"embeddable":true,"href":"https:\/\/www.adrianwood.ch\/index.php?rest_route=%2Fwp%2Fv2%2Fcomments&post=157"}],"version-history":[{"count":3,"href":"https:\/\/www.adrianwood.ch\/index.php?rest_route=\/wp\/v2\/pages\/157\/revisions"}],"predecessor-version":[{"id":20730,"href":"https:\/\/www.adrianwood.ch\/index.php?rest_route=\/wp\/v2\/pages\/157\/revisions\/20730"}],"up":[{"embeddable":true,"href":"https:\/\/www.adrianwood.ch\/index.php?rest_route=\/wp\/v2\/pages\/20727"}],"wp:attachment":[{"href":"https:\/\/www.adrianwood.ch\/index.php?rest_route=%2Fwp%2Fv2%2Fmedia&parent=157"}],"curies":[{"name":"wp","href":"https:\/\/api.w.org\/{rel}","templated":true}]}}