{"id":16172,"date":"2018-02-19T14:24:37","date_gmt":"2018-02-19T14:24:37","guid":{"rendered":"http:\/\/www.adrianwood.ch\/?page_id=16172"},"modified":"2018-02-19T14:35:08","modified_gmt":"2018-02-19T14:35:08","slug":"2018-02-janzi","status":"publish","type":"page","link":"https:\/\/www.adrianwood.ch\/?page_id=16172","title":{"rendered":"2018-02 J\u00e4nzi"},"content":{"rendered":"<div class=\"pmdi_content_wrapper\">\n<h2 class=\"Normal-P\" style=\"margin-bottom: 6pt; text-align: justify; text-justify: inter-ideograph; direction: ltr; unicode-bidi: normal;\"><span class=\"Normal-H\"><span style=\"font-weight: bold;\"><img decoding=\"async\" class=\"ngg-singlepic ngg-none\" src=\"http:\/\/www.adrianwood.ch\/wp-content\/gallery\/jaenzi06\/JAE_18_0015.jpg\" alt=\"JAE_18_0015\">11.Februar 2018<\/span><span style=\"font-weight: bold;\">, <\/span><span style=\"font-weight: bold;\">Schneeschuhtour <\/span><span style=\"font-weight: bold;\">J\u00e4nzi<\/span><span style=\"font-weight: bold;\">, <\/span><span style=\"font-weight: bold;\">Glaubenbergpass<\/span><\/span><\/h2>\n<p class=\"Normal-P\" style=\"margin-bottom: 6pt; text-align: justify; text-justify: inter-ideograph; direction: ltr; unicode-bidi: normal;\"><span class=\"Normal-H\">Eigentlich war eine Schneeschuhtour auf das Cheibehorn beim Stockhorn geplant, doch habe ich leider erst eine Woche vorher festgestellt, dass die Stockhornbahn die Wintersaison gek\u00fcrzt hat, weil eine neue Bahn gebaut wird. Sie war schon geschlossen! Also die Tour auf das Cheibehorn war nicht m\u00f6glich. Die Wetterprognose f\u00fcr das Wochenende war nicht schlecht, jedenfalls f\u00fcr den Sonntag. Ich hatte die J\u00e4nzi Schneeschuhtour im Dezember nicht durchgef\u00fchrt wegen Schneemangel und gemischtes Wetter und habe sie als Alternative angeboten.<\/span><\/p>\n<p class=\"Normal-P\" style=\"margin-bottom: 6pt; text-align: justify; text-justify: inter-ideograph; direction: ltr; unicode-bidi: normal;\"><span class=\"Normal-H\">Zehn Leute haben Interesse gezeigt. Obwohl die Wetterprognose jeden Tag etwas schlechter wurde f\u00fchren wir \u00fcber Sarnen nach Langis (1400m) neben dem Glaubenbergpass. Am Boden lag sch\u00f6ner weicher Schnee und am Anfang auf dem Weg nach Schwendi Kaltbad gab es sogar ein paar Sonnenstrahlen. Leider hatten wir keine Weitsicht, aber wir konnten den Weg durch die ruhige verschneite Landschaft, zuerst entlang einem Bach und dann durch den Wald voll geniessen. Leichter Schneefall trug zeitweise zur Stimmung bei. Wir erreichten die Waldh\u00fctte auf dem Grat bei Egg (1611m) und machten dort unsere Mittagspause. Die H\u00fctte war sogar offen, was ich bei meinem fr\u00fcheren sch\u00f6n-wetter Besteigungen des J\u00e4nzi nie erlebt hatte. Ohne Hoffnung auf Aussicht vom Gipfel haben wir darauf verzichtet und stiegen teilweise auf einem unterschiedlichen Weg hinunter. Es reichte noch f\u00fcr ein Getr\u00e4nk im Langis Restaurant bevor wir den Bus etwas fr\u00fcher als geplant nach Hause nahmen. Zu unserer Ueberraschung hatten wir dann doch noch eine sch\u00f6ne Aussicht auf die Alpenkette im fahlen Licht mit Wolken dar\u00fcber und Nebelmeer dazwischen.<\/span><\/p>\n<p class=\"Normal-P\" style=\"margin-bottom: 6pt; text-align: justify; text-justify: inter-ideograph; direction: ltr; unicode-bidi: normal;\"><span class=\"Normal-H\">Trotz dem schlechten Wetter wurde glaube ich die Tour von den wetterfesten Teilnehmern genossen. Hier die Worte einer der Teilnehmerinnen:<\/span><\/p>\n<p class=\"Normal-P\" style=\"margin-bottom: 6pt; text-align: justify; text-justify: inter-ideograph; direction: ltr; unicode-bidi: normal;\"><span class=\"Normal-H\"><span style=\"font-style: italic;\">\u2018<\/span><span style=\"font-style: italic;\">F\u00fcr mich war dieses Hochmoor bei <\/span><span style=\"font-style: italic;\">Langis<\/span><span style=\"font-style: italic;\"> Neuland. Das B\u00e4chlein, die verschneiten Arven und das h\u00fcgelige Gel\u00e4nde wirkten sehr beruhigend auf mich, auch ohne Weitsicht. Ich werde dieses Gebiet mal in einer anderen Jahreszeit besuchen. Vielleicht reicht es dann auch auf den Gipfel und die tolle Aussicht von dort oben. Wiedermit den Schneeschuhen unterwegs zu sein und in dieser winterlichen Landschaft war wunderbar und hat sich auch ohne Gipfelbesteigung gelohnt.<\/span><span style=\"font-style: italic;\">\u2019<\/span><\/span><\/p>\nngg_shortcode_0_placeholder\n<\/div>\n","protected":false},"excerpt":{"rendered":"<p>11.Februar 2018, Schneeschuhtour J\u00e4nzi, Glaubenbergpass Eigentlich war eine Schneeschuhtour auf das Cheibehorn beim Stockhorn geplant, doch habe ich leider erst eine Woche vorher festgestellt, dass die Stockhornbahn die Wintersaison gek\u00fcrzt hat, weil eine neue Bahn gebaut wird. Sie war schon geschlossen! Also die Tour auf das Cheibehorn war nicht m\u00f6glich. Die Wetterprognose f\u00fcr das Wochenende &hellip; <a href=\"https:\/\/www.adrianwood.ch\/?page_id=16172\" class=\"more-link\">Continue reading <span class=\"screen-reader-text\">2018-02 J\u00e4nzi<\/span> <span class=\"meta-nav\">&rarr;<\/span><\/a><\/p>\n","protected":false},"author":1,"featured_media":0,"parent":122,"menu_order":1152,"comment_status":"closed","ping_status":"closed","template":"","meta":{"ngg_post_thumbnail":0,"footnotes":""},"class_list":["post-16172","page","type-page","status-publish","hentry"],"_links":{"self":[{"href":"https:\/\/www.adrianwood.ch\/index.php?rest_route=\/wp\/v2\/pages\/16172","targetHints":{"allow":["GET"]}}],"collection":[{"href":"https:\/\/www.adrianwood.ch\/index.php?rest_route=\/wp\/v2\/pages"}],"about":[{"href":"https:\/\/www.adrianwood.ch\/index.php?rest_route=\/wp\/v2\/types\/page"}],"author":[{"embeddable":true,"href":"https:\/\/www.adrianwood.ch\/index.php?rest_route=\/wp\/v2\/users\/1"}],"replies":[{"embeddable":true,"href":"https:\/\/www.adrianwood.ch\/index.php?rest_route=%2Fwp%2Fv2%2Fcomments&post=16172"}],"version-history":[{"count":3,"href":"https:\/\/www.adrianwood.ch\/index.php?rest_route=\/wp\/v2\/pages\/16172\/revisions"}],"predecessor-version":[{"id":20431,"href":"https:\/\/www.adrianwood.ch\/index.php?rest_route=\/wp\/v2\/pages\/16172\/revisions\/20431"}],"up":[{"embeddable":true,"href":"https:\/\/www.adrianwood.ch\/index.php?rest_route=\/wp\/v2\/pages\/122"}],"wp:attachment":[{"href":"https:\/\/www.adrianwood.ch\/index.php?rest_route=%2Fwp%2Fv2%2Fmedia&parent=16172"}],"curies":[{"name":"wp","href":"https:\/\/api.w.org\/{rel}","templated":true}]}}