{"id":16207,"date":"2018-03-01T13:06:41","date_gmt":"2018-03-01T13:06:41","guid":{"rendered":"http:\/\/www.adrianwood.ch\/?page_id=16207"},"modified":"2018-03-02T14:11:46","modified_gmt":"2018-03-02T14:11:46","slug":"einfuhrung","status":"publish","type":"page","link":"https:\/\/www.adrianwood.ch\/?page_id=16207","title":{"rendered":"Einf\u00fchrung"},"content":{"rendered":"<div class=\"pmdi_content_wrapper\">\n<h2 class=\"Normal-P\" style=\"margin-bottom: 6pt; text-align: justify; text-justify: inter-ideograph; direction: ltr; unicode-bidi: normal;\"><span class=\"Normal-H\"><span style=\"font-weight: bold; font-size: 12pt;\">Warum Corfu?<\/span><\/span><\/h2>\n<table class=\"TableNormal-T\" style=\"width: 481.7pt; border-collapse: collapse;\" cellspacing=\"0\">\n<tbody>\n<tr class=\"-R\">\n<td class=\"-C\" style=\"width: 481.7pt;\" colspan=\"2\">\n<p class=\"Normal-P\" style=\"margin-bottom: 6pt; text-align: justify; text-justify: inter-ideograph; direction: ltr; unicode-bidi: normal;\"><span class=\"Normal-H\"><span style=\"font-size: 11pt;\">&#8216;Days in Kalami passed like a song&#8217; schrieb Henry Miller nachdem er dort bei Lawrence Durrell im &#8220;White house&#8221;, direkt am Meer, zu Besuch gewesen war. So war es auch f\u00fcr uns, nicht nur in Kalami, sondern auch in Paramonas, Pelekas, Agios Georgios und in den anderen reizvollen kleinen Ortschaften, die wir besuchten. W<\/span><span style=\"font-size: 11pt;\">ir hatten fast jeden Tag ideales Wanderwetter, sonnig und warm, aber nicht zu heiss zum Wandern. Eine etwas regenreiche Woche, unmittelbar vor unsere Ankunft, hatte die Insel in ein Bl\u00fctenmeer verwandelt.<\/span><\/span><\/p>\n<\/td>\n<\/tr>\n<tr class=\"-R\">\n<td class=\"-C\" style=\"width: 240.85pt;\">\n<p class=\"Normal-P\" style=\"margin-bottom: 6pt; text-align: justify; text-justify: inter-ideograph; direction: ltr; unicode-bidi: normal;\"><span class=\"Normal-H\"><span style=\"font-weight: bold; font-size: 11pt;\"><img loading=\"lazy\" decoding=\"async\" class=\"\" src=\"http:\/\/www.adrianwood.ch\/wp-content\/uploads\/2018\/03\/1519909542_image1.jpeg\" data-link=\"\" width=\"350\" height=\"246\"><\/span><\/span><\/p>\n<\/td>\n<td class=\"-C\" style=\"width: 240.85pt;\">\n<p class=\"Normal-P\" style=\"margin-bottom: 6pt; text-align: center; direction: ltr; unicode-bidi: normal;\"><span class=\"Normal-H\"><span style=\"font-weight: bold; font-size: 11pt;\"><img loading=\"lazy\" decoding=\"async\" class=\"\" src=\"http:\/\/www.adrianwood.ch\/wp-content\/uploads\/2018\/03\/1519909542_image2.jpeg\" data-link=\"\" width=\"349\" height=\"261\"><\/span><\/span><\/p>\n<\/td>\n<\/tr>\n<tr class=\"-R\" style=\"height: 0; page-break-inside: avoid;\">\n<td class=\"-C\" style=\"width: 481.7pt;\" colspan=\"2\">\n<p class=\"Normal-P\" style=\"margin-bottom: 6pt; text-align: justify; text-justify: inter-ideograph; direction: ltr; unicode-bidi: normal;\"><span class=\"Normal-H\"><span style=\"font-size: 11pt;\">Die offenen Fl\u00e4chen zwischen den immensen Olivenhainen pr\u00e4sentierten sich in allen Farben auf einem Hintergrund von saftigem Gr\u00fcn. Corfu wurde seinem Ruf als gr\u00fcne Insel Griechenlands wirklich ganz gerecht. In diese Umgebung f\u00fchlte unsere Gruppe sich sehr wohl und die Wanderferien verliefen sehr harmonisch.<\/span><\/span><\/p>\n<\/td>\n<\/tr>\n<tr class=\"-R\">\n<td class=\"-C\" style=\"width: 240.85pt;\">\n<p class=\"Normal-P\" style=\"margin-bottom: 6pt; text-align: justify; text-justify: inter-ideograph; direction: ltr; unicode-bidi: normal;\"><span class=\"Normal-H\"><span style=\"font-weight: bold; font-size: 11pt;\"><img decoding=\"async\" src=\"http:\/\/www.adrianwood.ch\/wp-content\/uploads\/2018\/03\/1519909542_image3.jpeg\" data-link=\"\" width=\"305px \" height=\"229px \"><\/span><\/span><\/p>\n<\/td>\n<td class=\"-C\" style=\"width: 240.85pt;\">\n<p class=\"Normal-P\" style=\"margin-bottom: 6pt; text-align: justify; text-justify: inter-ideograph; direction: ltr; unicode-bidi: normal;\"><span class=\"Normal-H\"><span style=\"font-weight: bold; font-size: 11pt;\"><img decoding=\"async\" src=\"http:\/\/www.adrianwood.ch\/wp-content\/uploads\/2018\/03\/1519909542_image4.jpeg\" data-link=\"\" width=\"315px \" height=\"237px \"><\/span><\/span><\/p>\n<\/td>\n<\/tr>\n<tr class=\"-R\">\n<td class=\"-C\" style=\"width: 481.7pt;\" colspan=\"2\">\n<p class=\"Normal-P\" style=\"margin-bottom: 6pt; text-align: justify; text-justify: inter-ideograph; direction: ltr; unicode-bidi: normal;\"><span class=\"Normal-H\"><span style=\"font-size: 11pt;\">&#8216;Warum Corfu?&#8217;, wurde ich \u00f6fters gefragt, als ich das Ziel f\u00fcr unsere n\u00e4chsten Wanderferien bekannt gab. Wahrscheinlich hatte das mit den Durrell Br\u00fcder zu tun, genauer gesagt, mit Gerald Durrell. Schon als Kind habe ich mich sehr f\u00fcr die Natur interessiert und damals alle seine lustigen B\u00fccher \u00fcber Menschen und Tiere fleissig gelesen. Die ersten B\u00fccher beschreiben viel von seinem Leben auf Corfu in den dreissiger Jahren. Im deutschsprachigen Raum scheint Durrell praktisch unbekannt zu sein, obwohl es inzwischen in England sogar eine Fernsehserie \u00fcber die Durrell Familie gab. Seine Mutter ist damals sicher deshalb nach Corfu ausgewandert, weil die Insel fr\u00fcher eine Zeitlang eine englische Kolonie war. Sie wurde 1864 an Griechenland \u00fcbergeben, aber einige \u00dcberreste der alten englischen Lebensweise sind noch erhalten geblieben, z.B. der Cricket-Platz in Corfu Stadt und das Gingerbeer.<\/span><\/span><\/p>\n<\/td>\n<\/tr>\n<tr class=\"-R\">\n<td class=\"-C\" style=\"width: 240.85pt;\">\n<p class=\"Normal-P\" style=\"margin-bottom: 6pt; text-align: justify; text-justify: inter-ideograph; direction: ltr; unicode-bidi: normal;\"><span class=\"Normal-H\"><span style=\"font-size: 11pt;\"><img decoding=\"async\" src=\"http:\/\/www.adrianwood.ch\/wp-content\/uploads\/2018\/03\/1519909542_image5.jpg\" data-link=\"\" width=\"306.299107611549px \" height=\"204px \"><\/span><\/span><\/p>\n<\/td>\n<td class=\"-C\" style=\"width: 240.85pt;\">\n<p class=\"Normal-P\" style=\"margin-bottom: 6pt; text-align: justify; text-justify: inter-ideograph; direction: ltr; unicode-bidi: normal;\"><span class=\"Normal-H\"><span style=\"font-weight: bold; font-size: 11pt;\"><img decoding=\"async\" src=\"http:\/\/www.adrianwood.ch\/wp-content\/uploads\/2018\/03\/1519909542_image6.jpeg\" data-link=\"\" width=\"305px \" height=\"206px \"><\/span><\/span><\/p>\n<\/td>\n<\/tr>\n<tr class=\"-R\">\n<td class=\"-C\" style=\"width: 481.7pt;\" colspan=\"2\">\n<p class=\"Normal-P\" style=\"margin-bottom: 6pt; text-align: justify; text-justify: inter-ideograph; direction: ltr; unicode-bidi: normal;\"><span class=\"Normal-H\"><span style=\"font-size: 11pt;\">Wichtig f\u00fcr die Wahl von Corfu als unser Wanderziel war auch eine Engl\u00e4nderin der jetzigen Zeit &#8211; Hilary Whitton Paipeti. Sie lebt seit l\u00e4ngere Zeit auf Corfu und schrieb schon fr\u00fcher zwei Wanderf\u00fchrer, aber erst in den letzten drei Jahren hat sie ihr Ziel, die Errichtung einer markierten Route l\u00e4ngs durch die ganze Insel, erreicht. Ohne diesen &#8216;Corfu Trail&#8217;, w\u00e4re es f\u00fcr mich nicht m\u00f6glich gewesen, die Wanderungen ohne erhebliche vorherige Rekognoszierungen zu leiten. Sehr geholfen haben mir dabei auch die schnelleren Wanderer, die den schriftlichen F\u00fchrer stets fleissig studierten, um die n\u00e4chste Abzweigung nicht zu verpassen. Ihnen sei an dieser Stelle herzlich gedankt. Nur selten mussten wir kurz zur\u00fccklaufen um den richtigen Weg wieder zu finden und ein paar Mal haben wir leicht unterschiedliche Routen genommen. Ich hatte mich im Vorjahr auf die K\u00fcstenwanderungen und den Berg Pantokrator konzentriert und war angenehm \u00fcberrascht zu finden, dass die Wanderungen im Landesinneren genau so interessant sind. Von den Bewohnern der kleinen D\u00f6rfer, die meist an Bergh\u00e4ngen liegen, wurden wir stets freundlich begr\u00fcsst, obwohl unsere grosse Gruppe fast wie eine Invasion aussah.<\/span><\/span><\/p>\n<\/td>\n<\/tr>\n<tr class=\"-R\">\n<td class=\"-C\" style=\"width: 240.85pt;\">\n<p class=\"Normal-P\" style=\"margin-bottom: 6pt; text-align: justify; text-justify: inter-ideograph; direction: ltr; unicode-bidi: normal;\"><span class=\"Normal-H\"><span style=\"font-size: 11pt;\"><img decoding=\"async\" src=\"http:\/\/www.adrianwood.ch\/wp-content\/uploads\/2018\/03\/1519909542_image7.jpeg\" data-link=\"\" width=\"303.886299212598px \" height=\"229px \"><\/span><\/span><\/p>\n<\/td>\n<td class=\"-C\" style=\"width: 240.85pt;\">\n<p class=\"Normal-P\" style=\"margin-bottom: 6pt; text-align: justify; text-justify: inter-ideograph; direction: ltr; unicode-bidi: normal;\"><span class=\"Normal-H\"><span style=\"font-weight: bold; font-size: 11pt;\"><img decoding=\"async\" src=\"http:\/\/www.adrianwood.ch\/wp-content\/uploads\/2018\/03\/1519909542_image8.jpeg\" data-link=\"\" width=\"305px \" height=\"229px \"><\/span><\/span><\/p>\n<\/td>\n<\/tr>\n<tr class=\"-R\">\n<td class=\"-C\" style=\"width: 481.7pt;\" colspan=\"2\">\n<p class=\"Normal-P\" style=\"margin-bottom: 6pt; text-align: justify; text-justify: inter-ideograph; direction: ltr; unicode-bidi: normal;\"><span class=\"Normal-H\"><span style=\"font-size: 11pt;\">Auch der Ausflug zur abgelegenen Insel Mathraki verlief planm\u00e4ssig bei sch\u00f6nem Wetter und angenehmem Seegang. Auf der Schweizer Seite hat Rosetta Ruzza von Media Reisen unsere Pl\u00e4tze auf dem direkten Charterflug von Basel lange im voraus gesichert. Den kleinen Umweg \u00fcber Rhodos auf der R\u00fcckreise haben wir in Kauf genommen. Vielleicht war das ein Hinweis, wohin wir ein anderes Mal gehen k\u00f6nnten.<\/span><\/span><\/p>\n<p class=\"Normal-P\" style=\"margin-bottom: 6pt; text-align: justify; text-justify: inter-ideograph; direction: ltr; unicode-bidi: normal;\"><span class=\"Normal-H\"><span style=\"font-size: 11pt;\">Am wichtigsten sind nat\u00fcrlich die Teilnehmer selber, viele gute Bekannte und ein paar neue Gesichter. Ich glaube, alle waren zufrieden oder sogar begeistert von den Wanderungen, auch wenn (weil?) keine besonderen bergsteigerischen F\u00e4higkeiten gefordert wurden.<\/span><\/span><\/p>\n<\/td>\n<\/tr>\n<tr class=\"-R\">\n<td class=\"-C\" style=\"width: 240.85pt;\">\n<p class=\"Normal-P\" style=\"margin-bottom: 6pt; text-align: justify; text-justify: inter-ideograph; direction: ltr; unicode-bidi: normal;\"><span class=\"Normal-H\"><span style=\"font-size: 11pt;\"><img decoding=\"async\" src=\"http:\/\/www.adrianwood.ch\/wp-content\/uploads\/2018\/03\/1519909542_image9.jpg\" data-link=\"\" width=\"309.047874015748px \" height=\"232px \"><\/span><\/span><\/p>\n<\/td>\n<td class=\"-C\" style=\"width: 240.85pt;\">\n<p class=\"Normal-P\" style=\"margin-bottom: 6pt; text-align: justify; text-justify: inter-ideograph; direction: ltr; unicode-bidi: normal;\"><span class=\"Normal-H\"><span style=\"font-size: 11pt;\"><img decoding=\"async\" src=\"http:\/\/www.adrianwood.ch\/wp-content\/uploads\/2018\/03\/1519909542_image10.jpeg\" data-link=\"\" width=\"315px \" height=\"236px \"><\/span><\/span><\/p>\n<\/td>\n<\/tr>\n<tr class=\"-R\" style=\"height: 0; page-break-inside: avoid;\">\n<td class=\"-C\" style=\"width: 481.7pt;\" colspan=\"2\">\n<p class=\"Normal-P\" style=\"margin-bottom: 6pt; text-align: center; direction: ltr; unicode-bidi: normal;\"><span class=\"Normal-H\"><span style=\"font-size: 11pt;\"><img decoding=\"async\" src=\"http:\/\/www.adrianwood.ch\/wp-content\/uploads\/2018\/03\/1519909542_image11.jpeg\" data-link=\"\" width=\"628.187926509186px \" height=\"360px \"><\/span><\/span><\/p>\n<\/td>\n<\/tr>\n<tr class=\"-R\" style=\"height: 0; page-break-inside: avoid;\">\n<td class=\"-C\" style=\"width: 240.85pt;\">\n<p class=\"Normal-P\" style=\"margin-bottom: 6pt; text-align: justify; text-justify: inter-ideograph; direction: ltr; unicode-bidi: normal;\"><span class=\"Normal-H\"><span style=\"font-size: 11pt;\">Nicht, dass die Wanderungen kurz waren, etwas Ausdauer musste man schon mitbringen. Wo es zuviel war, konnte manchmal die Route mit Hilfe eines Taxis abgek\u00fcrzt werden. Zwei Ruhetage waren eingeplant und einige Teilnehmer haben weitere f\u00fcr sich genommen um einen reizvollen Ort zu geniessen und\/oder einen ausgiebigen Badetag zu verbringen. Ich danke allen Teilnehmern f\u00fcr ihre Kameradschaft und hoffe sie auch bei zuk\u00fcnftigen Wanderungen wieder dabei zu haben. <\/span><\/span><\/p>\n<p class=\"Normal-P\" style=\"margin-bottom: 6pt; text-align: justify; text-justify: inter-ideograph; direction: ltr; unicode-bidi: normal;\"><span class=\"Normal-H\"><span style=\"font-size: 11pt;\">Adrian<\/span><\/span><\/p>\n<\/td>\n<td class=\"-C\" style=\"width: 240.85pt;\">\n<p class=\"Normal-P\" style=\"margin-bottom: 6pt; text-align: justify; text-justify: inter-ideograph; direction: ltr; unicode-bidi: normal;\"><span class=\"Normal-H\"><span style=\"font-size: 11pt;\"><img decoding=\"async\" src=\"http:\/\/www.adrianwood.ch\/wp-content\/uploads\/2018\/03\/1519909542_image12.jpeg\" data-link=\"\" width=\"315px \" height=\"236px \"><\/span><\/span><\/p>\n<\/td>\n<\/tr>\n<tr class=\"-R\" style=\"height: 0; page-break-inside: avoid;\">\n<td class=\"-C\" style=\"width: 481.7pt;\" colspan=\"2\">\n<p class=\"Normal-P\" style=\"margin-bottom: 6pt; text-align: justify; text-justify: inter-ideograph; direction: ltr; unicode-bidi: normal;\"><span class=\"Normal-H\"><span style=\"font-weight: bold; font-size: 11pt;\">Verschiedene Einwohner von Corfu<\/span><\/span><\/p>\n<\/td>\n<\/tr>\n<tr class=\"-R\" style=\"height: 0; page-break-inside: avoid;\">\n<td class=\"-C\" style=\"width: 240.85pt;\">\n<p class=\"Normal-P\" style=\"margin-bottom: 6pt; text-align: justify; text-justify: inter-ideograph; direction: ltr; unicode-bidi: normal;\"><span class=\"Normal-H\"><span style=\"font-size: 11pt;\"><img decoding=\"async\" src=\"http:\/\/www.adrianwood.ch\/wp-content\/uploads\/2018\/03\/1519909542_image13.jpeg\" data-link=\"\" width=\"309px \" height=\"234px \"><\/span><\/span><\/p>\n<\/td>\n<td class=\"-C\" style=\"width: 240.85pt;\">\n<p class=\"Normal-P\" style=\"margin-bottom: 6pt; text-align: justify; text-justify: inter-ideograph; direction: ltr; unicode-bidi: normal;\"><span class=\"Normal-H\"><span style=\"font-size: 11pt;\"><img decoding=\"async\" src=\"http:\/\/www.adrianwood.ch\/wp-content\/uploads\/2018\/03\/1519909542_image14.jpeg\" data-link=\"\" width=\"305px \" height=\"238px \"><\/span><\/span><\/p>\n<\/td>\n<\/tr>\n<tr class=\"-R\" style=\"height: 0; page-break-inside: avoid;\">\n<td class=\"-C\" style=\"width: 240.85pt;\">\n<p class=\"Normal-P\" style=\"margin-bottom: 6pt; text-align: justify; text-justify: inter-ideograph; direction: ltr; unicode-bidi: normal;\">\n<\/td>\n<td class=\"-C\" style=\"width: 240.85pt;\">\n<p class=\"Normal-P\" style=\"margin-bottom: 6pt; text-align: justify; text-justify: inter-ideograph; direction: ltr; unicode-bidi: normal;\">\n<\/td>\n<\/tr>\n<tr class=\"-R\" style=\"height: 0; page-break-inside: avoid;\">\n<td class=\"-C\" style=\"width: 240.85pt;\">\n<p class=\"Normal-P\" style=\"margin-bottom: 6pt; text-align: justify; text-justify: inter-ideograph; direction: ltr; unicode-bidi: normal;\"><span class=\"Normal-H\"><span style=\"font-size: 11pt;\"><img decoding=\"async\" src=\"http:\/\/www.adrianwood.ch\/wp-content\/uploads\/2018\/03\/1519909542_image15.jpeg\" data-link=\"\" width=\"309px \" height=\"232px \"><\/span><\/span><\/p>\n<\/td>\n<td class=\"-C\" style=\"width: 240.85pt;\">\n<p class=\"Normal-P\" style=\"margin-bottom: 6pt; text-align: justify; text-justify: inter-ideograph; direction: ltr; unicode-bidi: normal;\"><span class=\"Normal-H\"><span style=\"font-size: 11pt;\"><img decoding=\"async\" src=\"http:\/\/www.adrianwood.ch\/wp-content\/uploads\/2018\/03\/1519909542_image16.jpeg\" data-link=\"\" width=\"315px \" height=\"233px \"><\/span><\/span><\/p>\n<\/td>\n<\/tr>\n<tr class=\"-R\" style=\"height: 0; page-break-inside: avoid;\">\n<td class=\"-C\" style=\"width: 240.85pt;\">\n<p class=\"Normal-P\" style=\"margin-bottom: 6pt; text-align: justify; text-justify: inter-ideograph; direction: ltr; unicode-bidi: normal;\">\n<\/td>\n<td class=\"-C\" style=\"width: 240.85pt;\">\n<p class=\"Normal-P\" style=\"margin-bottom: 6pt; text-align: justify; text-justify: inter-ideograph; direction: ltr; unicode-bidi: normal;\">\n<\/td>\n<\/tr>\n<tr class=\"-R\" style=\"height: 0; page-break-inside: avoid;\">\n<td class=\"-C\" style=\"width: 240.85pt;\">\n<p class=\"Normal-P\" style=\"margin-bottom: 6pt; text-align: justify; text-justify: inter-ideograph; direction: ltr; unicode-bidi: normal;\"><span class=\"Normal-H\"><span style=\"font-size: 11pt;\"><img decoding=\"async\" src=\"http:\/\/www.adrianwood.ch\/wp-content\/uploads\/2018\/03\/1519909542_image17.jpeg\" data-link=\"\" width=\"309px \" height=\"231px \"><\/span><\/span><\/p>\n<\/td>\n<td class=\"-C\" style=\"width: 240.85pt;\">\n<p class=\"Normal-P\" style=\"margin-bottom: 6pt; text-align: justify; text-justify: inter-ideograph; direction: ltr; unicode-bidi: normal;\"><span class=\"Normal-H\"><span style=\"font-size: 11pt;\"><img decoding=\"async\" src=\"http:\/\/www.adrianwood.ch\/wp-content\/uploads\/2018\/03\/1519909542_image18.jpeg\" data-link=\"\" width=\"314px \" height=\"228px \"><\/span><\/span><\/p>\n<\/td>\n<\/tr>\n<p><!-- [if !supportMisalignedColumns]--><\/tbody>\n<\/table>\n<\/div>\n","protected":false},"excerpt":{"rendered":"<p>Warum Corfu? &#8216;Days in Kalami passed like a song&#8217; schrieb Henry Miller nachdem er dort bei Lawrence Durrell im &#8220;White house&#8221;, direkt am Meer, zu Besuch gewesen war. So war es auch f\u00fcr uns, nicht nur in Kalami, sondern auch in Paramonas, Pelekas, Agios Georgios und in den anderen reizvollen kleinen Ortschaften, die wir besuchten. &hellip; <a href=\"https:\/\/www.adrianwood.ch\/?page_id=16207\" class=\"more-link\">Continue reading <span class=\"screen-reader-text\">Einf\u00fchrung<\/span> <span class=\"meta-nav\">&rarr;<\/span><\/a><\/p>\n","protected":false},"author":1,"featured_media":0,"parent":16195,"menu_order":2202,"comment_status":"closed","ping_status":"closed","template":"","meta":{"ngg_post_thumbnail":0,"footnotes":""},"class_list":["post-16207","page","type-page","status-publish","hentry"],"_links":{"self":[{"href":"https:\/\/www.adrianwood.ch\/index.php?rest_route=\/wp\/v2\/pages\/16207","targetHints":{"allow":["GET"]}}],"collection":[{"href":"https:\/\/www.adrianwood.ch\/index.php?rest_route=\/wp\/v2\/pages"}],"about":[{"href":"https:\/\/www.adrianwood.ch\/index.php?rest_route=\/wp\/v2\/types\/page"}],"author":[{"embeddable":true,"href":"https:\/\/www.adrianwood.ch\/index.php?rest_route=\/wp\/v2\/users\/1"}],"replies":[{"embeddable":true,"href":"https:\/\/www.adrianwood.ch\/index.php?rest_route=%2Fwp%2Fv2%2Fcomments&post=16207"}],"version-history":[{"count":6,"href":"https:\/\/www.adrianwood.ch\/index.php?rest_route=\/wp\/v2\/pages\/16207\/revisions"}],"predecessor-version":[{"id":16227,"href":"https:\/\/www.adrianwood.ch\/index.php?rest_route=\/wp\/v2\/pages\/16207\/revisions\/16227"}],"up":[{"embeddable":true,"href":"https:\/\/www.adrianwood.ch\/index.php?rest_route=\/wp\/v2\/pages\/16195"}],"wp:attachment":[{"href":"https:\/\/www.adrianwood.ch\/index.php?rest_route=%2Fwp%2Fv2%2Fmedia&parent=16207"}],"curies":[{"name":"wp","href":"https:\/\/api.w.org\/{rel}","templated":true}]}}