{"id":1621,"date":"2011-09-08T14:07:11","date_gmt":"2011-09-08T13:07:11","guid":{"rendered":"http:\/\/adrianwood.ch\/?page_id=1621"},"modified":"2011-09-08T14:07:11","modified_gmt":"2011-09-08T13:07:11","slug":"08-03-col-de-sarshlau","status":"publish","type":"page","link":"https:\/\/www.adrianwood.ch\/?page_id=1621","title":{"rendered":"08-03 Col de Sarshlau"},"content":{"rendered":"<figure id=\"attachment_1622\" aria-describedby=\"caption-attachment-1622\" style=\"width: 730px\" class=\"wp-caption alignleft\"><a href=\"http:\/\/adrianwood.ch\/club-tours\/wallis\/2008-07-col-de-louvie\/08-03-col-de-sarshlau\/olympus-digital-camera-3\/\" rel=\"attachment wp-att-1622\"><img loading=\"lazy\" decoding=\"async\" class=\"size-full wp-image-1622\" title=\"OLYMPUS DIGITAL CAMERA\" src=\"http:\/\/adrianwood.ch\/wp-content\/uploads\/2011\/09\/2008-08-03-16_r31.jpg\" alt=\"Col de Sarshlau\" width=\"730\" height=\"548\" \/><\/a><figcaption id=\"caption-attachment-1622\" class=\"wp-caption-text\">Col de Sarshlau<\/figcaption><\/figure>\n<p><strong>Sonntag, 03. <\/strong><strong>August, Cabanne de Louvie (2207m) \u2013 Col du Bec d\u2019Aigle (2567m) \u2013 Le D\u00e2 (2365m) \u2013 T\u00eate de Sarshlau (2622m) \u2013 Mauvoisin (1683m)<\/strong><\/p>\n<table width=\"758\" border=\"0\" cellspacing=\"0\" cellpadding=\"0\">\n<tbody>\n<tr>\n<td colspan=\"2\" valign=\"top\" width=\"829\">Vor sechs Uhr fr\u00fch beginnt im Schlafraum der Cabanne de Louvie mit leisem Rascheln einiger Fr\u00fchaufsteher unser\u00a0 letzter Wandertag. Die Order von gestern Abend war: Fr\u00fchst\u00fcck um sechs Uhr und Abmarsch um sieben Uhr. Aber dies scheint niemand so genau zu nehmen. Nach und nach finden sich die Leute im Essraum ein, um sich am Morgenbuffet zu bedienen. Heisses Wasser gibt es genug, um Tee oder Kaffee zu machen und diesen mit der\u00a0 w\u00e4ssrigen Milch (es wurde Trockenmilchpulver verwendet)\u00a0 anzureichern. Dazu gibt es Brot, Butter, Konfit\u00fcre und Fl\u00f6ckli. Vor sieben Uhr steht unsere Gruppe bereit zum Abmarsch draussen auf<\/td>\n<\/tr>\n<tr>\n<td valign=\"top\" width=\"410\">der Terrasse. Wir haben noch Zeit, den Grand Combin abzulichten, dessen Spitze bereits\u00a0 von der Sonne beschienen ist. Dann kommt auch der\u00a0 Adrian und es kann mit ihm an der Spitze losgehen. Wir steigen hinunter zum Lac de Louvie, dessen Ufer wir bis zur Abzweigung zum Col du Bec d\u2019 Aigle folgen. Nun geht es in Kehren den steilen Hang hinauf. Der Talgrund liegt noch im Schatten, nur auf der gegen\u00fcberliegenden Talseite kann ich das\u00a0 Hinunterwandern der Sonnenstrahlen beobachten. Alle sind ruhig und es kommt eine beinahe feierliche Stimmung auf, welche sich dann aber\u00a0 bald verfl\u00fcchtigt als es zwecks Kartenkonsultation einen kurzen Halt gibt. Der schmale Fusspfad, den wir gefolgt sind wendet sich so sehr nach Nordosten, dass Zweifel aufkommen, ob dies der richtige Weg ist, sehen wir doch oben einen Pass\u00fcbergang. Pl\u00f6tzlich ist unsere Gruppe wie eine Herde ohne Hirten und die Leute versuchen, im Ger\u00f6ll einen Weg zum Pass zu finden.<\/td>\n<td valign=\"top\" width=\"419\">\u00a0<img decoding=\"async\" class=\"ngg-singlepic ngg-none\" src=\"http:\/\/adrianwood.ch\/wp-content\/gallery\/coldelouvie04\/image001_r4.jpg\" alt=\"image001_r4\" \/><\/td>\n<\/tr>\n<tr>\n<td colspan=\"2\" valign=\"top\" width=\"829\"><\/td>\n<\/tr>\n<tr>\n<td valign=\"top\" width=\"410\">\u00a0<img decoding=\"async\" class=\"ngg-singlepic ngg-none\" src=\"http:\/\/adrianwood.ch\/wp-content\/gallery\/coldelouvie04\/image003_r4.jpg\" alt=\"image003_r4\" \/><\/td>\n<td valign=\"top\" width=\"419\">Eine halbe Stunde sp\u00e4ter sieht man \u00fcberall im Talkessel einige Menschen stehen \u2013 drei sind bis auf die vermeintliche Passh\u00f6he gekommen. Ich stehe mit einer kleinen Gruppe an einem steilen Grashang, den wir mit grosser Anstrengung hochgeklettert sind.Hanspeter hat nochmals die Karte studiert und ist zum Schluss gekommen, dass wir unbedingt den Pfad wieder finden m\u00fcssten. Es entsteht ein Dialog \u00fcber die Ger\u00f6llhalde hinweg woraus ein Konsens entsteht, dass wir falsch liegen oder eher falsch stehen. Wir\u00a0 m\u00fcssen den Steilhang sorgf\u00e4ltig queren und stossen dann auf den kleinen Weg! Bald kommt auch schon ein gelber Wegweiser. Allm\u00e4hlich finden sich alle auf dem schmalen\u00a0 Pass ein. Ein Halt dr\u00e4ngt sich auf, denn der Aufstieg war recht anstrengend und wir m\u00fcssen uns von der \u201eAdriante\u201c erholen!<\/td>\n<\/tr>\n<tr>\n<td colspan=\"2\" valign=\"top\" width=\"829\">Die Sicht von Col du Bec de l \u201aAigle (2567m) auf die Gipfel des Grand Combin ist grossartig, die Sicht hinunter ins Tal nichtweniger. Die Abh\u00e4nge sind sehr steil. Und da m\u00fcssen wir hinunter? Ja, schon geht es im G\u00e4nsemarsch wieder los. In Kehren\u00a0 erreichen wir die\u00a0 sehr idyllisch gelegene Alp Le D\u00e2, wo\u00a0 wir\u00a0 uns in einzeln oder in kleinen Gruppen in der N\u00e4he des Baches niederlassen. Die Zeit reicht f\u00fcr einige Fotos und zu einer kurzen St\u00e4rkung.<\/td>\n<\/tr>\n<tr>\n<td valign=\"top\" width=\"410\">\u00a0<img decoding=\"async\" class=\"ngg-singlepic ngg-none\" src=\"http:\/\/adrianwood.ch\/wp-content\/gallery\/coldelouvie04\/image005_r4.jpg\" alt=\"image005_r4\" \/><\/td>\n<td valign=\"top\" width=\"419\">\u00a0<img decoding=\"async\" class=\"ngg-singlepic ngg-none\" src=\"http:\/\/adrianwood.ch\/wp-content\/gallery\/coldelouvie04\/image007_r4.jpg\" alt=\"image007_r4\" \/><\/td>\n<\/tr>\n<tr>\n<td colspan=\"2\" valign=\"top\" width=\"829\">Beim Aufbruch vertreiben wir etliche Schafe, die hier lagern. Der Pfad f\u00fchrt zuerst talw\u00e4rts und dann hangw\u00e4rts. Ein gelber Wegweiser zeigt die Richtung zum T\u00eate de Sarshlau an. Nun kann ja nichts mehr schief gehen! Wie zuvor beim anderen Pass kommen wir nach einiger Zeit auf einen halbwegs flachen Talboden, wo ein kleiner See liegt.<\/td>\n<\/tr>\n<tr>\n<td valign=\"top\" width=\"410\">\u00a0<img decoding=\"async\" class=\"ngg-singlepic ngg-none\" src=\"http:\/\/adrianwood.ch\/wp-content\/gallery\/coldelouvie04\/image009_r4.jpg\" alt=\"image009_r4\" \/><\/td>\n<td valign=\"top\" width=\"419\">\u00a0<img decoding=\"async\" class=\"ngg-singlepic ngg-none\" src=\"http:\/\/adrianwood.ch\/wp-content\/gallery\/coldelouvie04\/image011_r4.jpg\" alt=\"image011_r4\" \/><\/td>\n<\/tr>\n<tr>\n<td colspan=\"2\" valign=\"top\" width=\"829\">Dann geht es, zunehmend steiler werdend in den Talkessel hinein. Am seitlichen Hang zeigen die rot-weissen Zeichen auf den Felsbl\u00f6cken die Richtung nach oben an. Der steile Aufstieg ist schweisstreibend und ich bin froh als ich endlich den Uebergang sehe, wo schon etliche sitzen. Hier oben ist es wieder sehr eng und es gibt keine flachen Stellen, um gem\u00fctlich eine Mittagspause zu machen. Aber es gibt Edelweisse zu photographieren!<\/td>\n<\/tr>\n<tr>\n<td valign=\"top\" width=\"410\">\u00a0<img decoding=\"async\" class=\"ngg-singlepic ngg-none\" src=\"http:\/\/adrianwood.ch\/wp-content\/gallery\/coldelouvie04\/image013_r4.jpg\" alt=\"image013_r4\" \/><\/td>\n<td valign=\"top\" width=\"419\">\u00a0<img decoding=\"async\" class=\"ngg-singlepic ngg-none\" src=\"http:\/\/adrianwood.ch\/wp-content\/gallery\/coldelouvie04\/image015_r4.jpg\" alt=\"image015_r4\" \/><\/td>\n<\/tr>\n<tr>\n<td colspan=\"2\" valign=\"top\" width=\"829\">Einer nach dem andern verl\u00e4sst den Tete de Sarshlau (2622m), um weiter unten am Steilhang einen Picknickplatz am Weg zu finden. Kaum bin ich einige Schritte auf dem absch\u00fcssigen Pfad gegangen sehe ich den Lac de Mauvoisin in der Tiefe liegen. Gegen\u00fcber in der H\u00f6he ist der\u00a0 m\u00e4iest\u00e4tische Grand Combin immer pr\u00e4sent.<\/td>\n<\/tr>\n<tr>\n<td valign=\"top\" width=\"410\">\u00a0<img decoding=\"async\" class=\"ngg-singlepic ngg-none\" src=\"http:\/\/adrianwood.ch\/wp-content\/gallery\/coldelouvie04\/image017_r4.jpg\" alt=\"image017_r4\" \/><\/td>\n<td valign=\"top\" width=\"419\">\u00a0<img decoding=\"async\" class=\"ngg-singlepic ngg-none\" src=\"http:\/\/adrianwood.ch\/wp-content\/gallery\/coldelouvie04\/image019_r4.jpg\" alt=\"image019_r4\" \/><\/td>\n<\/tr>\n<tr>\n<td valign=\"top\" width=\"410\">\u00a0<img decoding=\"async\" class=\"ngg-singlepic ngg-none\" src=\"http:\/\/adrianwood.ch\/wp-content\/gallery\/coldelouvie04\/image021_r4.jpg\" alt=\"image021_r4\" \/><\/td>\n<td valign=\"top\" width=\"419\">\u00a0<img decoding=\"async\" class=\"ngg-singlepic ngg-none\" src=\"http:\/\/adrianwood.ch\/wp-content\/gallery\/coldelouvie04\/image023_r4.jpg\" alt=\"image023_r4\" \/><\/td>\n<\/tr>\n<tr>\n<td valign=\"top\" width=\"410\">\u00a0<img decoding=\"async\" class=\"ngg-singlepic ngg-none\" src=\"http:\/\/adrianwood.ch\/wp-content\/gallery\/coldelouvie04\/image025_r4.jpg\" alt=\"image025_r4\" \/><\/td>\n<td valign=\"top\" width=\"419\">Aber auch am Wegrande ist es nicht sehr gem\u00fctlich und schon bald geht eine Gruppe weiter, um weiter unten eine flachere Stelle zu finden. Dort finden sich allm\u00e4hlich wieder alle ein und dann geht es weiter durch H\u00e4nge voller Alpenblumen. Es\u00a0 wird wieder viel photographiert.Allm\u00e4hlich kommen wir etwas tiefer hinunter und treffen auf einige Alpgeb\u00e4ude, die aber verlassen wirken. Von hier aus gibt es nochmals eine Steilstufe zu \u00fcberwinden. Ein Bergbach muss \u00fcberquert werden, dessen Wasser weiter unten in einem Auffangbecken gespeichert wird.In vielen Kehren geht es dem Tal zu, die Gipfel des Grand Combin verschwinden immer mehr. Bei der unteren Alp gibt es nochmals eine kurze Rast. Dann aber zieht es die Leute wie magisch ins Tal. Ein k\u00fchles Bier winkt falls von Tal aus noch ein Gegenanstieg in Kauf genommen wird. Einige sind zu m\u00fcde oder nicht gen\u00fcgend motiviert, um nochmals aufzusteigen.<\/td>\n<\/tr>\n<tr>\n<td valign=\"top\" width=\"410\">\u00a0<img decoding=\"async\" class=\"ngg-singlepic ngg-none\" src=\"http:\/\/adrianwood.ch\/wp-content\/gallery\/coldelouvie04\/image027_r4.jpg\" alt=\"image027_r4\" \/><\/td>\n<td valign=\"top\" width=\"419\">\u00a0<img decoding=\"async\" class=\"ngg-singlepic ngg-none\" src=\"http:\/\/adrianwood.ch\/wp-content\/gallery\/coldelouvie04\/image029_r4.jpg\" alt=\"image029_r4\" \/><\/td>\n<\/tr>\n<tr>\n<td colspan=\"2\" valign=\"top\" width=\"829\">Ich geh\u00f6re zu denen. Wir verteilen uns unter den B\u00e4umen, geniessen ein k\u00fchles Luftbad und r\u00e4umen die Rucks\u00e4cke um. Vor allem entledigen wir uns der heissen Wanderschuhe. Wir warten auf das Postauto, das die Durstigen von oben bringen wird. Ungef\u00e4hr nach drei Uhr sitzen wir dann alle zusammen im Postauto, das uns hinunter nach le Chable bringt. Trotz der Zusatzschleife am morgen sind wir zurzeit und auch wohlbehalten und ganz angekommen. Daf\u00fcr k\u00f6nnen wir dankbar sein.Die Heimfahrt durch das wilde Val de Bagne und durch das weite Rhonetal ist sehr sch\u00f6n. Ein heisser Wind bl\u00e4st uns auf dem Perron in Sion entgegen. Dank dem neuen L\u00f6tschberg \u00ad\u2013 Basistunnel sind wir in zwei Stunden in Basel.Dies waren sehr sch\u00f6ne, erlebnisreiche Wandertage.Ganz herzlichen Dank an Arian f\u00fcr die gute Routenwahl und F\u00fchrung. Dank an alle f\u00fcr die gute Gesellschaft und Kameradschaft.\u00a0\u00a0\u00a0\u00a0 Marianne<\/td>\n<\/tr>\n<tr>\n<td colspan=\"2\" valign=\"top\" width=\"829\"><strong>Die Alpenblumen<\/strong><\/td>\n<\/tr>\n<tr>\n<td valign=\"top\" width=\"410\">\u00a0<img decoding=\"async\" class=\"ngg-singlepic ngg-none\" src=\"http:\/\/adrianwood.ch\/wp-content\/gallery\/coldelouvie04\/image031_r4.jpg\" alt=\"OLYMPUS DIGITAL CAMERA\" \/><\/td>\n<td valign=\"top\" width=\"419\">\u00a0<img decoding=\"async\" class=\"ngg-singlepic ngg-none\" src=\"http:\/\/adrianwood.ch\/wp-content\/gallery\/coldelouvie04\/image033_r4.jpg\" alt=\"image033_r4\" \/><\/td>\n<\/tr>\n<tr>\n<td valign=\"top\" width=\"410\">\u00a0<img decoding=\"async\" class=\"ngg-singlepic ngg-none\" src=\"http:\/\/adrianwood.ch\/wp-content\/gallery\/coldelouvie04\/image035_r4.jpg\" alt=\"OLYMPUS DIGITAL CAMERA\" \/><\/td>\n<td valign=\"top\" width=\"419\">\u00a0<img decoding=\"async\" class=\"ngg-singlepic ngg-none\" src=\"http:\/\/adrianwood.ch\/wp-content\/gallery\/coldelouvie04\/image037_r4.jpg\" alt=\"image037_r4\" \/><\/td>\n<\/tr>\n<tr>\n<td valign=\"top\" width=\"410\">\u00a0<img decoding=\"async\" class=\"ngg-singlepic ngg-none\" src=\"http:\/\/adrianwood.ch\/wp-content\/gallery\/coldelouvie04\/image039_r4.jpg\" alt=\"image039_r4\" \/><\/td>\n<td valign=\"top\" width=\"419\">\u00a0<img decoding=\"async\" class=\"ngg-singlepic ngg-none\" src=\"http:\/\/adrianwood.ch\/wp-content\/gallery\/coldelouvie04\/image041_r4.jpg\" alt=\"OLYMPUS DIGITAL CAMERA\" \/><\/td>\n<\/tr>\n<tr>\n<td valign=\"top\" width=\"410\">\u00a0<img decoding=\"async\" class=\"ngg-singlepic ngg-none\" src=\"http:\/\/adrianwood.ch\/wp-content\/gallery\/coldelouvie04\/image043_r4.jpg\" alt=\"OLYMPUS DIGITAL CAMERA\" \/><\/td>\n<td valign=\"top\" width=\"419\">\u00a0<img decoding=\"async\" class=\"ngg-singlepic ngg-none\" src=\"http:\/\/adrianwood.ch\/wp-content\/gallery\/coldelouvie04\/image045_r4.jpg\" alt=\"OLYMPUS DIGITAL CAMERA\" \/><\/td>\n<\/tr>\n<\/tbody>\n<\/table>\n<p><img decoding=\"async\" class=\"ngg-singlepic ngg-none\" src=\"http:\/\/adrianwood.ch\/wp-content\/gallery\/coldelouvie04\/image001.jpg\" alt=\"image001\" \/><\/p>\n<p>xxx<\/p>\n","protected":false},"excerpt":{"rendered":"<p>Sonntag, 03. August, Cabanne de Louvie (2207m) \u2013 Col du Bec d\u2019Aigle (2567m) \u2013 Le D\u00e2 (2365m) \u2013 T\u00eate de Sarshlau (2622m) \u2013 Mauvoisin (1683m) Vor sechs Uhr fr\u00fch beginnt im Schlafraum der Cabanne de Louvie mit leisem Rascheln einiger Fr\u00fchaufsteher unser\u00a0 letzter Wandertag. Die Order von gestern Abend war: Fr\u00fchst\u00fcck um sechs Uhr und &hellip; <a href=\"https:\/\/www.adrianwood.ch\/?page_id=1621\" class=\"more-link\">Continue reading <span class=\"screen-reader-text\">08-03 Col de Sarshlau<\/span> <span class=\"meta-nav\">&rarr;<\/span><\/a><\/p>\n","protected":false},"author":1,"featured_media":0,"parent":1532,"menu_order":1335,"comment_status":"closed","ping_status":"closed","template":"","meta":{"ngg_post_thumbnail":0,"footnotes":""},"class_list":["post-1621","page","type-page","status-publish","hentry"],"_links":{"self":[{"href":"https:\/\/www.adrianwood.ch\/index.php?rest_route=\/wp\/v2\/pages\/1621","targetHints":{"allow":["GET"]}}],"collection":[{"href":"https:\/\/www.adrianwood.ch\/index.php?rest_route=\/wp\/v2\/pages"}],"about":[{"href":"https:\/\/www.adrianwood.ch\/index.php?rest_route=\/wp\/v2\/types\/page"}],"author":[{"embeddable":true,"href":"https:\/\/www.adrianwood.ch\/index.php?rest_route=\/wp\/v2\/users\/1"}],"replies":[{"embeddable":true,"href":"https:\/\/www.adrianwood.ch\/index.php?rest_route=%2Fwp%2Fv2%2Fcomments&post=1621"}],"version-history":[{"count":0,"href":"https:\/\/www.adrianwood.ch\/index.php?rest_route=\/wp\/v2\/pages\/1621\/revisions"}],"up":[{"embeddable":true,"href":"https:\/\/www.adrianwood.ch\/index.php?rest_route=\/wp\/v2\/pages\/1532"}],"wp:attachment":[{"href":"https:\/\/www.adrianwood.ch\/index.php?rest_route=%2Fwp%2Fv2%2Fmedia&parent=1621"}],"curies":[{"name":"wp","href":"https:\/\/api.w.org\/{rel}","templated":true}]}}