{"id":16296,"date":"2018-03-01T14:32:38","date_gmt":"2018-03-01T14:32:38","guid":{"rendered":"http:\/\/www.adrianwood.ch\/?page_id=16296"},"modified":"2018-03-02T14:15:53","modified_gmt":"2018-03-02T14:15:53","slug":"05-20-stavros","status":"publish","type":"page","link":"https:\/\/www.adrianwood.ch\/?page_id=16296","title":{"rendered":"05-20 Stavros"},"content":{"rendered":"<div class=\"pmdi_content_wrapper\">\n<h2 class=\"Normal-P\" style=\"margin-bottom: 6pt; direction: ltr; unicode-bidi: normal; text-align: left;\"><span class=\"Normal-H\"><span style=\"font-weight: bold; font-size: 11pt;\">20.Mai, <\/span><span style=\"font-weight: bold; font-size: 11pt;\">Paramonas<\/span><span style=\"font-weight: bold; font-size: 11pt;\"> &#8211; Stavros<\/span><br \/>\n<\/span><\/h2>\n<table class=\"TableNormal-T\" style=\"width: 464.4pt; border-collapse: collapse;\" cellspacing=\"0\">\n<tbody>\n<tr class=\"-R\">\n<td class=\"-C\" style=\"width: 232.2pt;\">\n<p class=\"Normal-P\" style=\"margin-bottom: 6pt; text-align: justify; text-justify: inter-ideograph; direction: ltr; unicode-bidi: normal;\"><span class=\"Normal-H\"><span style=\"font-size: 11pt;\"><img loading=\"lazy\" decoding=\"async\" class=\"\" src=\"http:\/\/www.adrianwood.ch\/wp-content\/uploads\/2018\/03\/1519914998_image1.jpg\" data-link=\"\" width=\"349\" height=\"232\"><\/span><\/span><\/p>\n<\/td>\n<td class=\"-C\" style=\"width: 232.2pt;\">\n<p class=\"Normal-P\" style=\"margin-bottom: 6pt; direction: ltr; unicode-bidi: normal;\"><span class=\"Normal-H\"><span style=\"font-size: 11pt;\"><img loading=\"lazy\" decoding=\"async\" class=\"\" src=\"http:\/\/www.adrianwood.ch\/wp-content\/uploads\/2018\/03\/1519914998_image2.jpeg\" data-link=\"\" width=\"351\" height=\"233\"><\/span><\/span><\/p>\n<\/td>\n<\/tr>\n<tr class=\"-R\" style=\"height: 0; page-break-inside: avoid;\">\n<td class=\"-C\" style=\"width: 464.4pt;\" colspan=\"2\">\n<p class=\"Normal-P\" style=\"margin-bottom: 6pt; text-align: justify; text-justify: inter-ideograph; direction: ltr; unicode-bidi: normal;\"><span class=\"Normal-H\"><span style=\"font-size: 11pt;\">Wiederum ein strahlender Morgen und wir marschieren p\u00fcnktlich um 9.00h los. Gleich hinter unseren Unterk\u00fcnften geht es bergauf. Zuerst auf einem Wanderweg, doch schon bald steigen wir in einer Kolonne durch einen Olivenhain und dann durch \u00fcppige <\/span><span style=\"font-size: 11pt;\">Maquia<\/span><span style=\"font-size: 11pt;\"> steil hoch \u2013 lange Hosen sind hier sehr vorteilhaft \u2013 bis zum ersten Aussichtspunkt \u00fcber die K\u00fcste. Auf einem breiten Weg dem Berg entlang erreichen wir eine kleine Passh\u00f6he mit einem <\/span><span style=\"font-size: 11pt;\">herrlichen Blick<\/span><span style=\"font-size: 11pt;\"> auf das Innere der Insel und auf den H\u00f6henzug, den wir an Nachmittag beschreiten werden.<\/span><\/span><\/p>\n<p class=\"Normal-P\" style=\"margin-bottom: 6pt; text-align: justify; text-justify: inter-ideograph; direction: ltr; unicode-bidi: normal;\"><span class=\"Normal-H\"><span style=\"font-size: 11pt;\">Gleich biegt der Korfu Trail rechts ab, doch wird dies von der schnelleren Vorhut missachtet. Nach etwa 20 Minuten sind die letzten zur\u00fcck, die von Heinz mit seiner Trillerpfeife zur\u00fcckgepfiffen wurden. Nach einem kurzen steilen Abstieg erreichen wir <\/span><span style=\"font-size: 11pt;\">Ano<\/span><span style=\"font-size: 11pt;\">Pavliano<\/span><span style=\"font-size: 11pt;\"> wo der h\u00fcbsche winzige Dorfplatz uns alle zu einer Rast verf\u00fchrt.<\/span><\/span><\/p>\n<\/td>\n<\/tr>\n<tr class=\"-R\">\n<td class=\"-C\" style=\"width: 232.2pt;\">\n<p class=\"Normal-P\" style=\"margin-bottom: 6pt; direction: ltr; unicode-bidi: normal;\"><span class=\"Normal-H\"><span style=\"font-size: 11pt;\"><img decoding=\"async\" src=\"http:\/\/www.adrianwood.ch\/wp-content\/uploads\/2018\/03\/1519914998_image3.jpeg\" data-link=\"\" width=\"300px \" height=\"225px \"><\/span><\/span><\/p>\n<\/td>\n<td class=\"-C\" style=\"width: 232.2pt;\">\n<p class=\"Normal-P\" style=\"margin-bottom: 6pt; text-align: justify; text-justify: inter-ideograph; direction: ltr; unicode-bidi: normal;\"><span class=\"Normal-H\"><span style=\"font-size: 11pt;\"><img decoding=\"async\" src=\"http:\/\/www.adrianwood.ch\/wp-content\/uploads\/2018\/03\/1519914998_image4.jpeg\" data-link=\"\" width=\"300px \" height=\"225px \"><\/span><\/span><\/p>\n<\/td>\n<\/tr>\n<tr class=\"-R\">\n<td class=\"-C\" style=\"width: 464.4pt;\" colspan=\"2\">\n<p class=\"Normal-P\" style=\"margin-bottom: 6pt; text-align: justify; text-justify: inter-ideograph; direction: ltr; unicode-bidi: normal;\"><span class=\"Normal-H\"><span style=\"font-size: 11pt;\">Bald wandern wir durch Kato <\/span><span style=\"font-size: 11pt;\">Pavliano<\/span><span style=\"font-size: 11pt;\"> und weiter durch Olivenhaine ins Tal hinunter. Immer wieder bestaunen wir wunderbare Blumen wie wilde Gladiolen oder gelbe und<\/span><span style=\"font-size: 11pt;\"> weisse<\/span><span style=\"font-size: 11pt;\"> Teppiche unter den herrlich alten Olivenb\u00e4umen.<\/span><\/span><\/p>\n<p class=\"Normal-P\" style=\"margin-bottom: 6pt; text-align: justify; text-justify: inter-ideograph; direction: ltr; unicode-bidi: normal;\"><span class=\"Normal-H\"><span style=\"font-size: 11pt;\">In<\/span><span style=\"font-size: 11pt;\">Vouniatades<\/span><span style=\"font-size: 11pt;\"> trinken wir etwas in einem Restaurant und kurz darauf<\/span><span style=\"font-size: 11pt;\"> geniessen<\/span><span style=\"font-size: 11pt;\"> wir unser Picknick im angenehmen Schatten von Olivenb\u00e4umen. Nun erklimmen wir den fr\u00fcher gesichteten H\u00f6henzug, der uns sehr zum Schwitzen bringt. Unterwegs suchen wir hin und wieder den Weg, aber immer mit Erfolg, wenn auch mit etwas Zeitverlust.<\/span><\/span><\/p>\n<\/td>\n<\/tr>\n<tr class=\"-R\">\n<td class=\"-C\" style=\"width: 232.2pt;\">\n<p class=\"Normal-P\" style=\"margin-bottom: 6pt; direction: ltr; unicode-bidi: normal;\"><span class=\"Normal-H\"><span style=\"font-size: 11pt;\"><img decoding=\"async\" src=\"http:\/\/www.adrianwood.ch\/wp-content\/uploads\/2018\/03\/1519914998_image5.jpeg\" data-link=\"\" width=\"300px \" height=\"225px \"><\/span><\/span><\/p>\n<\/td>\n<td class=\"-C\" style=\"width: 232.2pt;\">\n<p class=\"Normal-P\" style=\"margin-bottom: 6pt; text-align: justify; text-justify: inter-ideograph; direction: ltr; unicode-bidi: normal;\"><span class=\"Normal-H\"><span style=\"font-size: 11pt;\"><img decoding=\"async\" src=\"http:\/\/www.adrianwood.ch\/wp-content\/uploads\/2018\/03\/1519914998_image6.jpeg\" data-link=\"\" width=\"300px \" height=\"225px \"><\/span><\/span><\/p>\n<\/td>\n<\/tr>\n<tr class=\"-R\">\n<td class=\"-C\" style=\"width: 232.2pt;\">\n<p class=\"Normal-P\" style=\"margin-bottom: 6pt; direction: ltr; unicode-bidi: normal;\"><span class=\"Normal-H\"><span style=\"font-size: 11pt;\"><img decoding=\"async\" src=\"http:\/\/www.adrianwood.ch\/wp-content\/uploads\/2018\/03\/1519914998_image7.jpeg\" data-link=\"\" width=\"297px \" height=\"223px \"><\/span><\/span><\/p>\n<\/td>\n<td class=\"-C\" style=\"width: 232.2pt;\">\n<p class=\"Normal-P\" style=\"margin-bottom: 6pt; text-align: justify; text-justify: inter-ideograph; direction: ltr; unicode-bidi: normal;\"><span class=\"Normal-H\"><span style=\"font-size: 11pt;\"><img decoding=\"async\" src=\"http:\/\/www.adrianwood.ch\/wp-content\/uploads\/2018\/03\/1519914998_image8.jpeg\" data-link=\"\" width=\"297px \" height=\"223px \"><\/span><\/span><\/p>\n<\/td>\n<\/tr>\n<tr class=\"-R\">\n<td class=\"-C\" style=\"width: 464.4pt;\" colspan=\"2\">\n<p class=\"Normal-P\" style=\"margin-bottom: 6pt; text-align: justify; text-justify: inter-ideograph; direction: ltr; unicode-bidi: normal;\"><span class=\"Normal-H\"><span style=\"font-size: 11pt;\">In Stavros werden wir von einer sch\u00f6nen Aussicht auf die andere K\u00fcste von Korfu belohnt und der Bus erwartet uns wenige Minuten weiter unten. Der Bus bringt uns nach <\/span><span style=\"font-size: 11pt;\">Pelekas<\/span><span style=\"font-size: 11pt;\">. Hier bezieht ein Teil der Gruppe Zimmer bei Jimmys und der Rest wird im Hotel Levante einquartiert, das zuoberst auf dem H\u00fcgel<\/span><span style=\"font-size: 11pt;\">trohnt<\/span><span style=\"font-size: 11pt;\">. Die Aussicht entsch\u00e4digt, dass wir zum Abendessen zu Jimmys runtersteigen und nat\u00fcrlich nach dem Essen wieder hochsteigen m\u00fcssen. Da heute Auffahrt ist, gibt es auf dem Kirchplatz Musik und Tanz. Zu Beginn sind wir von diesen griechischen Kl\u00e4ngen begeistert, doch leider ist sie bis weit nach <\/span><span style=\"font-size: 11pt;\">Mitternacht zu<\/span><span style=\"font-size: 11pt;\"> h\u00f6ren, sogar bis auf den Berg hinauf, wenn auch dort etwas leiser als bei Jimmys. Hier hat sie Etlichen einige Stunden Schlaf geraubt. <\/span><span style=\"font-size: 11pt;\">Vreny<\/span><span style=\"font-size: 11pt;\"> S.<\/span><\/span><\/p>\n<\/td>\n<\/tr>\n<tr class=\"-R\">\n<td class=\"-C\" style=\"width: 232.2pt;\">\n<p class=\"Normal-P\" style=\"margin-bottom: 6pt; direction: ltr; unicode-bidi: normal;\"><span class=\"Normal-H\"><span style=\"font-size: 11pt;\"><img decoding=\"async\" src=\"http:\/\/www.adrianwood.ch\/wp-content\/uploads\/2018\/03\/1519914998_image9.jpeg\" data-link=\"\" width=\"300px \" height=\"225px \"><\/span><\/span><\/p>\n<\/td>\n<td class=\"-C\" style=\"width: 232.2pt;\">\n<p class=\"Normal-P\" style=\"margin-bottom: 6pt; text-align: justify; text-justify: inter-ideograph; direction: ltr; unicode-bidi: normal;\"><span class=\"Normal-H\"><span style=\"font-size: 11pt;\"><img decoding=\"async\" src=\"http:\/\/www.adrianwood.ch\/wp-content\/uploads\/2018\/03\/1519914998_image10.jpeg\" data-link=\"\" width=\"297px \" height=\"223px \"><\/span><\/span><\/p>\n<\/td>\n<\/tr>\n<p><!-- [if !supportMisalignedColumns]--><\/tbody>\n<\/table>\n<\/div>\n","protected":false},"excerpt":{"rendered":"<p>20.Mai, Paramonas &#8211; Stavros Wiederum ein strahlender Morgen und wir marschieren p\u00fcnktlich um 9.00h los. Gleich hinter unseren Unterk\u00fcnften geht es bergauf. Zuerst auf einem Wanderweg, doch schon bald steigen wir in einer Kolonne durch einen Olivenhain und dann durch \u00fcppige Maquia steil hoch \u2013 lange Hosen sind hier sehr vorteilhaft \u2013 bis zum ersten &hellip; <a href=\"https:\/\/www.adrianwood.ch\/?page_id=16296\" class=\"more-link\">Continue reading <span class=\"screen-reader-text\">05-20 Stavros<\/span> <span class=\"meta-nav\">&rarr;<\/span><\/a><\/p>\n","protected":false},"author":1,"featured_media":0,"parent":16195,"menu_order":2205,"comment_status":"closed","ping_status":"closed","template":"","meta":{"ngg_post_thumbnail":0,"footnotes":""},"class_list":["post-16296","page","type-page","status-publish","hentry"],"_links":{"self":[{"href":"https:\/\/www.adrianwood.ch\/index.php?rest_route=\/wp\/v2\/pages\/16296","targetHints":{"allow":["GET"]}}],"collection":[{"href":"https:\/\/www.adrianwood.ch\/index.php?rest_route=\/wp\/v2\/pages"}],"about":[{"href":"https:\/\/www.adrianwood.ch\/index.php?rest_route=\/wp\/v2\/types\/page"}],"author":[{"embeddable":true,"href":"https:\/\/www.adrianwood.ch\/index.php?rest_route=\/wp\/v2\/users\/1"}],"replies":[{"embeddable":true,"href":"https:\/\/www.adrianwood.ch\/index.php?rest_route=%2Fwp%2Fv2%2Fcomments&post=16296"}],"version-history":[{"count":4,"href":"https:\/\/www.adrianwood.ch\/index.php?rest_route=\/wp\/v2\/pages\/16296\/revisions"}],"predecessor-version":[{"id":16386,"href":"https:\/\/www.adrianwood.ch\/index.php?rest_route=\/wp\/v2\/pages\/16296\/revisions\/16386"}],"up":[{"embeddable":true,"href":"https:\/\/www.adrianwood.ch\/index.php?rest_route=\/wp\/v2\/pages\/16195"}],"wp:attachment":[{"href":"https:\/\/www.adrianwood.ch\/index.php?rest_route=%2Fwp%2Fv2%2Fmedia&parent=16296"}],"curies":[{"name":"wp","href":"https:\/\/api.w.org\/{rel}","templated":true}]}}