{"id":16320,"date":"2018-03-01T14:43:09","date_gmt":"2018-03-01T14:43:09","guid":{"rendered":"http:\/\/www.adrianwood.ch\/?page_id=16320"},"modified":"2018-03-02T14:04:37","modified_gmt":"2018-03-02T14:04:37","slug":"05-21-pelekas","status":"publish","type":"page","link":"https:\/\/www.adrianwood.ch\/?page_id=16320","title":{"rendered":"05-21 Pelekas"},"content":{"rendered":"<div class=\"pmdi_content_wrapper\">\n<h2 class=\"Normal-P\" style=\"margin-bottom: 6pt; text-align: justify; text-justify: inter-ideograph; direction: ltr; unicode-bidi: normal;\"><span class=\"Normal-H\"><span style=\"font-weight: bold; font-size: 11pt;\">21.Mai, Stavros &#8211; Pelekas<\/span><br \/>\n<\/span><\/h2>\n<table class=\"TableNormal-T\" style=\"border-collapse: collapse;\" cellspacing=\"0\">\n<tbody>\n<tr class=\"-R\">\n<td class=\"-C\" style=\"width: 464.4pt;\" colspan=\"2\">\n<p class=\"Normal-P\" style=\"margin-bottom: 6pt; text-align: justify; text-justify: inter-ideograph; direction: ltr; unicode-bidi: normal;\"><span class=\"Normal-H\"><span style=\"font-size: 11pt;\">Von den 30 Teilnehmern hatten nicht alle den sportlichen Ehrgeiz den 6-Stundentrip unter die F\u00fcsse zu nehmen. So starteten denn <\/span><span style=\"font-size: 11pt;\">gerade mal 23 Unentwegte am gleichen Punkt, wo wir tags zuvor vom Bus abgeholt worden waren. <\/span><\/span><\/p>\n<p class=\"Normal-P\" style=\"margin-bottom: 6pt; text-align: justify; text-justify: inter-ideograph; direction: ltr; unicode-bidi: normal;\"><span class=\"Normal-H\"><span style=\"font-size: 11pt;\">Der Weg ging erst flach dann sp\u00e4ter zunehmend steiler werdend in die H\u00f6he durch Oliven-Haine, die mit zunehmender H\u00f6he durch Geb\u00fcsch, Ginster und vor allem den stacheligen Steineichen abgel\u00f6st wurden. Auf einem kleinen Plateau stiessen wir gar auf einen kleinen Weinberg.<\/span><\/span><\/p>\n<\/td>\n<\/tr>\n<tr class=\"-R\">\n<td class=\"-C\" style=\"width: 232.2pt;\">\n<p class=\"Normal-P\" style=\"margin-bottom: 6pt; text-align: justify; text-justify: inter-ideograph; direction: ltr; unicode-bidi: normal;\"><span class=\"Normal-H\"><span style=\"font-size: 11pt;\"><img loading=\"lazy\" decoding=\"async\" class=\"\" src=\"http:\/\/www.adrianwood.ch\/wp-content\/uploads\/2018\/03\/1519915300_image1.jpeg\" data-link=\"\" width=\"349\" height=\"262\"><\/span><\/span><\/p>\n<\/td>\n<td class=\"-C\" style=\"width: 232.2pt;\">\n<p class=\"Normal-P\" style=\"margin-bottom: 6pt; text-align: justify; text-justify: inter-ideograph; direction: ltr; unicode-bidi: normal;\"><span class=\"Normal-H\"><span style=\"font-size: 11pt;\"><img loading=\"lazy\" decoding=\"async\" class=\"\" src=\"http:\/\/www.adrianwood.ch\/wp-content\/uploads\/2018\/03\/1519915300_image2.jpeg\" data-link=\"\" width=\"351\" height=\"263\"><\/span><\/span><\/p>\n<\/td>\n<\/tr>\n<tr class=\"-R\">\n<td class=\"-C\" style=\"width: 464.4pt;\" colspan=\"2\">\n<p class=\"Normal-P\" style=\"margin-bottom: 6pt; text-align: justify; text-justify: inter-ideograph; direction: ltr; unicode-bidi: normal;\"><span class=\"Normal-H\"><span style=\"font-size: 11pt;\">Gleich dahinter ging der Weg erneut steil in die H\u00f6he und f\u00fchrte uns schliesslich auf ein weiteres Plateau mit einer kleinen Kapelle und einer wundervollen Rundsicht. \u00d6stlich war der Berg mit der unverwechselbaren Radarkugel f\u00fcr die \u00dcberwachung der Flugbewegungen des Flughafens Kerkira zu sehen. Der Halt wurde genutzt um ausgiebig zu fotografieren und vor allem Gruppenfotos mit dem einmaligen Hintergrund zu schiessen.<\/span><\/span><\/p>\n<\/td>\n<\/tr>\n<tr class=\"-R\" style=\"height: 0; page-break-inside: avoid;\">\n<td class=\"-C\" style=\"width: 464.4pt;\" colspan=\"2\">\n<p class=\"Normal-P\" style=\"margin-bottom: 6pt; text-align: center; direction: ltr; unicode-bidi: normal;\"><span class=\"Normal-H\"><span style=\"font-size: 11pt;\"><img loading=\"lazy\" decoding=\"async\" class=\"\" src=\"http:\/\/www.adrianwood.ch\/wp-content\/uploads\/2018\/03\/1519915300_image3.jpeg\" data-link=\"\" width=\"720\" height=\"390\"><\/span><\/span><\/p>\n<\/td>\n<\/tr>\n<tr class=\"-R\">\n<td class=\"-C\" style=\"width: 464.4pt;\" colspan=\"2\">\n<p class=\"Normal-P\" style=\"margin-bottom: 6pt; text-align: justify; text-justify: inter-ideograph; direction: ltr; unicode-bidi: normal;\"><span class=\"Normal-H\"><span style=\"font-size: 11pt;\">Wir trennten uns dann von diesem Plateau und stiessen gleich wenige Meter tiefer auf das alte verlassene Kloster Ano Garouna. Ein idealer Platz um unser mitt\u00e4gliches Picknick einzunehmen. Die Sitzordnung war ideal vorgegeben, der Steintisch auf der Stirnseite war f\u00fcr den Vorstand, der Plebs musste an den seitlichen Tischen Platz nehmen, was allerdings der gem\u00fctlichen Stimmung keinen Abbruch tat. Und wer es besonders stilvoll vollenden wollte, hatte die M\u00f6glichkeit in der gut erhaltenen Kapelle seine Seele auszul\u00fcften. Einen so gut ausgestatteten Picknickplatz h\u00e4tte sich kaum jemand tr\u00e4umen lassen. Man konnte sich mit Recht fragen, ob dieser Platz wohl von den Corfioten als Banntag-Rummelplatz genutzt w\u00fcrde, sofern die heimische Bev\u00f6lkerung \u00fcberhaupt f\u00fcr diese Art k\u00f6rperlicher Bet\u00e4tigung empf\u00e4nglich sei.<\/span><\/span><\/p>\n<\/td>\n<\/tr>\n<tr class=\"-R\">\n<td class=\"-C\" style=\"width: 232.2pt;\">\n<p class=\"Normal-P\" style=\"margin-bottom: 6pt; text-align: justify; text-justify: inter-ideograph; direction: ltr; unicode-bidi: normal;\"><span class=\"Normal-H\"><span style=\"font-size: 11pt;\"><img loading=\"lazy\" decoding=\"async\" class=\"\" src=\"http:\/\/www.adrianwood.ch\/wp-content\/uploads\/2018\/03\/1519915300_image4.jpeg\" data-link=\"\" width=\"347\" height=\"462\"><\/span><\/span><\/p>\n<\/td>\n<td class=\"-C\" style=\"width: 232.2pt;\">\n<p class=\"Normal-P\" style=\"margin-bottom: 6pt; text-align: center; direction: ltr; unicode-bidi: normal;\"><span class=\"Normal-H\"><span style=\"font-size: 11pt;\"><img loading=\"lazy\" decoding=\"async\" class=\"\" src=\"http:\/\/www.adrianwood.ch\/wp-content\/uploads\/2018\/03\/1519915300_image5.jpeg\" data-link=\"\" width=\"348\" height=\"486\"><\/span><\/span><\/p>\n<\/td>\n<\/tr>\n<tr class=\"-R\">\n<td class=\"-C\" style=\"width: 464.4pt;\" colspan=\"2\">\n<p class=\"Normal-P\" style=\"margin-bottom: 6pt; text-align: justify; text-justify: inter-ideograph; direction: ltr; unicode-bidi: normal;\"><span class=\"Normal-H\"><span style=\"font-size: 11pt;\">Wie auch immer, nach ausgiebiger Rast verliessen wir dieses sch\u00f6ne erinnernswerte Landst\u00fcck und begaben uns auf einen zum Teil recht steilen Abstieg. Beim Erreichen einer mit Bulldozern in den Steilhang geschlagenen Querstrasse, stellten wir fest, dass die Routen-beschreibung wohl kaum \u00fcber alle Zweifel erhaben war. Zu viele menschliche Eingriffe hatten das Antlitz der lokalen Geographie massiv ver\u00e4ndert. Die sehnlichst gesuchten Wegmarken mit dem unverwechselbaren C.T. oder jeder andere Art von Markierung waren schlicht nicht auffindbar. Da irrte die Truppe entlang des breiten, rohen Strassentrasses im eifrigen Bem\u00fchen eine kleine L\u00fccke im talseitigen Gestr\u00fcpp zu entdecken. Diese wurde denn auch prompt mit etwas Phantasie gefunden.<\/span><\/span><\/p>\n<\/td>\n<\/tr>\n<tr class=\"-R\">\n<td class=\"-C\" style=\"width: 232.2pt;\">\n<p class=\"Normal-P\" style=\"margin-bottom: 6pt; text-align: justify; text-justify: inter-ideograph; direction: ltr; unicode-bidi: normal;\"><span class=\"Normal-H\"><span style=\"font-size: 11pt;\"><img loading=\"lazy\" decoding=\"async\" class=\"\" src=\"http:\/\/www.adrianwood.ch\/wp-content\/uploads\/2018\/03\/1519915300_image6.jpeg\" data-link=\"\" width=\"348\" height=\"261\"><\/span><\/span><\/p>\n<\/td>\n<td class=\"-C\" style=\"width: 232.2pt;\">\n<p class=\"Normal-P\" style=\"margin-bottom: 6pt; text-align: justify; text-justify: inter-ideograph; direction: ltr; unicode-bidi: normal;\"><span class=\"Normal-H\"><span style=\"font-size: 11pt;\"><img loading=\"lazy\" decoding=\"async\" class=\"\" src=\"http:\/\/www.adrianwood.ch\/wp-content\/uploads\/2018\/03\/1519915300_image7.jpeg\" data-link=\"\" width=\"347\" height=\"260\"><\/span><\/span><\/p>\n<\/td>\n<\/tr>\n<tr class=\"-R\">\n<td class=\"-C\" style=\"width: 464.4pt;\" colspan=\"2\">\n<p class=\"Normal-P\" style=\"margin-bottom: 6pt; text-align: justify; text-justify: inter-ideograph; direction: ltr; unicode-bidi: normal;\"><span class=\"Normal-H\"><span style=\"font-size: 11pt;\">Dem Drang talw\u00e4rts stand nun nichts mehr im Wege, wenn auch die Spurensuche noch immer M\u00fche bereitete. Da die allgemeine Richtung talw\u00e4rts richtig war wurde auch folgerichtig die n\u00e4chste Ortschaft Agii Deka erreicht. Die Temperatur war indessen schon t\u00fcchtig geklettert, sodass eine Erholungspause angemessen erschien. An Getr\u00e4nken und Icecream tat man sich g\u00fctlich bis Adrian der Truppe erneut den Marsch blies. Der Weg nach Sinarades verlief dann ohne gr\u00f6ssere Irrwege. Auf dem Dorfplatz machte man sich erneut gem\u00fctlich, die einen nutzten die Pause f\u00fcr ein Picknick, die anderen erlabten sich am Nescaf\u00e9 Frapp\u00e9. Dieser Ort f\u00fchrte dann erneut zu einer Z\u00e4sur in den Reihen der Wanderlustigen. Gleich vier Wanderer warfen das Handtuch und bestiegen ein Taxi, um so Knochen, Fuss- und Schuhsohlen zu schonen und um auf die faule Tour den Zielort Pelekas zu erreichen.<\/span><\/span><\/p>\n<p class=\"Normal-P\" style=\"margin-bottom: 6pt; text-align: justify; text-justify: inter-ideograph; direction: ltr; unicode-bidi: normal;\"><span class=\"Normal-H\">Die Verbliebenen der geschw\u00e4chten Gruppe nahm indessen unverdrossen den Weg erneut unter die F\u00fcsse und erreichte immerhin gegen 6 Uhr abends Pelekas. Verluste wurden keine verzeichnet, Blasen an den F\u00fcssen nur hinter vorgehaltener Hand erw\u00e4hnt und daf\u00fcr umso tapferer beim gemeinsamen Nachtessen bei Jimmy\u2019s zugelangt. Man hatte es sich wahrlich verdient.<\/span><\/p>\n<p class=\"Normal-P\" style=\"margin-bottom: 6pt; text-align: justify; text-justify: inter-ideograph; direction: ltr; unicode-bidi: normal;\"><span class=\"Normal-H\">Franz<\/span><\/p>\n<\/td>\n<\/tr>\n<p><!-- [if !supportMisalignedColumns]--><\/tbody>\n<\/table>\n<\/div>\n","protected":false},"excerpt":{"rendered":"<p>21.Mai, Stavros &#8211; Pelekas Von den 30 Teilnehmern hatten nicht alle den sportlichen Ehrgeiz den 6-Stundentrip unter die F\u00fcsse zu nehmen. So starteten denn gerade mal 23 Unentwegte am gleichen Punkt, wo wir tags zuvor vom Bus abgeholt worden waren. Der Weg ging erst flach dann sp\u00e4ter zunehmend steiler werdend in die H\u00f6he durch Oliven-Haine, &hellip; <a href=\"https:\/\/www.adrianwood.ch\/?page_id=16320\" class=\"more-link\">Continue reading <span class=\"screen-reader-text\">05-21 Pelekas<\/span> <span class=\"meta-nav\">&rarr;<\/span><\/a><\/p>\n","protected":false},"author":1,"featured_media":0,"parent":16195,"menu_order":2206,"comment_status":"closed","ping_status":"closed","template":"","meta":{"ngg_post_thumbnail":0,"footnotes":""},"class_list":["post-16320","page","type-page","status-publish","hentry"],"_links":{"self":[{"href":"https:\/\/www.adrianwood.ch\/index.php?rest_route=\/wp\/v2\/pages\/16320","targetHints":{"allow":["GET"]}}],"collection":[{"href":"https:\/\/www.adrianwood.ch\/index.php?rest_route=\/wp\/v2\/pages"}],"about":[{"href":"https:\/\/www.adrianwood.ch\/index.php?rest_route=\/wp\/v2\/types\/page"}],"author":[{"embeddable":true,"href":"https:\/\/www.adrianwood.ch\/index.php?rest_route=\/wp\/v2\/users\/1"}],"replies":[{"embeddable":true,"href":"https:\/\/www.adrianwood.ch\/index.php?rest_route=%2Fwp%2Fv2%2Fcomments&post=16320"}],"version-history":[{"count":6,"href":"https:\/\/www.adrianwood.ch\/index.php?rest_route=\/wp\/v2\/pages\/16320\/revisions"}],"predecessor-version":[{"id":16391,"href":"https:\/\/www.adrianwood.ch\/index.php?rest_route=\/wp\/v2\/pages\/16320\/revisions\/16391"}],"up":[{"embeddable":true,"href":"https:\/\/www.adrianwood.ch\/index.php?rest_route=\/wp\/v2\/pages\/16195"}],"wp:attachment":[{"href":"https:\/\/www.adrianwood.ch\/index.php?rest_route=%2Fwp%2Fv2%2Fmedia&parent=16320"}],"curies":[{"name":"wp","href":"https:\/\/api.w.org\/{rel}","templated":true}]}}