{"id":16345,"date":"2018-03-01T14:59:44","date_gmt":"2018-03-01T14:59:44","guid":{"rendered":"http:\/\/www.adrianwood.ch\/?page_id=16345"},"modified":"2018-03-02T14:21:48","modified_gmt":"2018-03-02T14:21:48","slug":"05-23-liapades","status":"publish","type":"page","link":"https:\/\/www.adrianwood.ch\/?page_id=16345","title":{"rendered":"05-23 Liapades"},"content":{"rendered":"<div class=\"pmdi_content_wrapper\">\n<h2 class=\"Normal-P\" style=\"margin-bottom: 6pt; text-align: justify; text-justify: inter-ideograph; direction: ltr; unicode-bidi: normal;\"><span class=\"Normal-H\"><span style=\"font-family: Times New Roman; font-size: 11pt;\">23.Mai, Pelekas &#8211; Liapades<\/span><br \/>\n<\/span><\/h2>\n<table class=\"TableNormal-T\" style=\"width: 464.4pt; border-collapse: collapse;\" cellspacing=\"0\">\n<tbody>\n<tr class=\"-R\" style=\"height: 0; page-break-inside: avoid;\">\n<td class=\"-C\" style=\"width: 464.4pt;\" colspan=\"2\">\n<p class=\"Normal-P\" style=\"margin-bottom: 6pt; text-align: center; direction: ltr; unicode-bidi: normal;\"><span class=\"Normal-H\"><span style=\"font-size: 11pt;\">I I I I iiiehhhh \u2013 ein gellender Schrei zerreisst die Nacht!<\/span><\/span><\/p>\n<p class=\"Normal-P\" style=\"margin-bottom: 6pt; text-align: justify; text-justify: inter-ideograph; direction: ltr; unicode-bidi: normal;\"><span class=\"Normal-H\"><span style=\"font-size: 11pt;\">Christina <\/span><span style=\"font-size: 11pt;\">steht zitternd auf dem Balkon &#8211; Ein haariger Schwanz zuckt unter ihrem Bett! &#8211; Beelzebub?<\/span><\/span><\/p>\n<p class=\"Normal-P\" style=\"margin-bottom: 6pt; text-align: justify; text-justify: inter-ideograph; direction: ltr; unicode-bidi: normal;\"><span class=\"Normal-H\"><span style=\"font-size: 11pt;\">Nein, nur ein harmloser kleiner Siebenschl\u00e4fer, der nicht schlafen kann und Liebe und ein warmes Bett sucht. Aber das kann man ja im Dunklen nicht wissen.<\/span><\/span><\/p>\n<p class=\"BodyText-P\" style=\"margin-top: 0pt; margin-bottom: 6pt; direction: ltr; unicode-bidi: normal;\"><span class=\"BodyText-H\"><span style=\"font-family: Times New Roman; font-size: 11pt;\">Tierisch geht&#8217;s weiter. Um 4:25 legt der erste Hahn los \u2013 wenn ich das gewusst h\u00e4tte, w\u00e4re ich gestern fr\u00fcher ins Bett.<\/span><\/span><\/p>\n<p class=\"Normal-P\" style=\"margin-bottom: 6pt; text-align: justify; text-justify: inter-ideograph; direction: ltr; unicode-bidi: normal;\"><span class=\"Normal-H\"><span style=\"font-size: 11pt;\">Z&#8217;morge um 8 Uhr \u2013 wieder ausgiebig und freundlich serviert mit Jus, Omelette, Gomfi, Brot und dem gesegneten Kuchen vom Feiertag \u2013 Jimmy&#8217;s ist bis jetzt f\u00fcr mich das Hotel mit dem besten Essen und den nettesten Personal. Ganz im Gegensatz zum Hotelier, der uns heute abend in Liapades empfangen wird. Aber ich will nicht vorgreifen.<\/span><\/span><\/p>\n<\/td>\n<\/tr>\n<tr class=\"-R\">\n<td class=\"-C\" style=\"width: 232.2pt;\">\n<p class=\"Normal-P\" style=\"margin-bottom: 6pt; text-align: justify; text-justify: inter-ideograph; direction: ltr; unicode-bidi: normal;\"><span class=\"Normal-H\"><span style=\"font-size: 11pt;\"><img loading=\"lazy\" decoding=\"async\" class=\"\" src=\"http:\/\/www.adrianwood.ch\/wp-content\/uploads\/2018\/03\/1519916298_image1.jpeg\" data-link=\"\" width=\"351\" height=\"263\"><\/span><\/span><\/p>\n<\/td>\n<td class=\"-C\" style=\"width: 232.2pt;\">\n<p class=\"Normal-P\" style=\"margin-bottom: 6pt; text-align: justify; text-justify: inter-ideograph; direction: ltr; unicode-bidi: normal;\"><span class=\"Normal-H\"><span style=\"font-size: 11pt;\"><img loading=\"lazy\" decoding=\"async\" class=\"\" src=\"http:\/\/www.adrianwood.ch\/wp-content\/uploads\/2018\/03\/1519916298_image2.jpeg\" data-link=\"\" width=\"351\" height=\"263\"><\/span><\/span><\/p>\n<\/td>\n<\/tr>\n<tr class=\"-R\" style=\"height: 0; page-break-inside: avoid;\">\n<td class=\"-C\" style=\"width: 464.4pt;\" colspan=\"2\">\n<p class=\"Normal-P\" style=\"margin-bottom: 6pt; text-align: justify; text-justify: inter-ideograph; direction: ltr; unicode-bidi: normal;\"><span class=\"Normal-H\"><span style=\"font-size: 11pt;\">Lieber noch mal zur\u00fcck auf das Dorffest von vorgestern abend. (Die Befreiung 1864 von den Engl\u00e4ndern wurde gefeiert. Adrian, darauf angetippt, war nicht sehr gespr\u00e4chig). Das Fest war ein Hit. Der Pope, der zum Gottesdienst l\u00e4utet (s.Foto &#8220;Korfu1_62&#8221; von Rene Frei in <\/span><a href=\"http:\/\/www.renefrei.ch\" target=\"\">www.renefrei.ch<\/a><span style=\"font-size: 11pt;\">), unsere Hotelieuse im roten Kleid, die unseren Damen die griechischen Tanzschritte beibringt, die kleinen M\u00e4dchen, kaum 6 Jahre alt, die ernst und konzentriert noch um 23 Uhr auf dem Dorfplatz mittanzen und die lokalen Platzhirsche, die den Rundtanz mit beherrscht pr\u00e4zisen Bewegungen anf\u00fchren \u2013 es war ein wundersch\u00f6ner Abend.<\/span><\/span><\/p>\n<\/td>\n<\/tr>\n<tr class=\"-R\">\n<td class=\"-C\" style=\"width: 232.2pt;\">\n<p class=\"Normal-P\" style=\"margin-bottom: 6pt; text-align: justify; text-justify: inter-ideograph; direction: ltr; unicode-bidi: normal;\"><span class=\"Normal-H\"><span style=\"font-size: 11pt;\"><img decoding=\"async\" src=\"http:\/\/www.adrianwood.ch\/wp-content\/uploads\/2018\/03\/1519916298_image3.jpg\" data-link=\"\" width=\"298px \" height=\"208.6px \"><\/span><\/span><\/p>\n<\/td>\n<td class=\"-C\" style=\"width: 232.2pt;\">\n<p class=\"Normal-P\" style=\"margin-bottom: 6pt; text-align: justify; text-justify: inter-ideograph; direction: ltr; unicode-bidi: normal;\"><span class=\"Normal-H\"><span style=\"font-size: 11pt;\"><img decoding=\"async\" src=\"http:\/\/www.adrianwood.ch\/wp-content\/uploads\/2018\/03\/1519916298_image4.jpeg\" data-link=\"\" width=\"297px \" height=\"207px \"><\/span><\/span><\/p>\n<\/td>\n<\/tr>\n<tr class=\"-R\" style=\"height: 0; page-break-inside: avoid;\">\n<td class=\"-C\" style=\"width: 464.4pt;\" colspan=\"2\">\n<p class=\"Normal-P\" style=\"margin-bottom: 6pt; text-align: justify; text-justify: inter-ideograph; direction: ltr; unicode-bidi: normal;\"><span class=\"Normal-H\"><span style=\"font-size: 11pt;\">Zur\u00fcck zu &#8220;heute&#8221;. Besammlung ist um 9:Uhr vor Jimmy&#8217;s, die Sonne scheint, der Bus ist etwas versp\u00e4tet, was soll&#8217;s \u2013 wir haben Ferien, das Gep\u00e4ck wird eingeladen, Abmarsch Richtung Myrtiotissa, Corfus inoffiziellem FKK-Strand. Kurz vor dem Kloster (ein einziger M\u00f6nch soll dort noch hausen) geht die Wegspur ab, sie f\u00fchrt durch Blumenwiesen mit Pusteblumen und Olivenhaine hinauf. Zeitweise steil. Von einem Felsvorsprung geniessen wir noch einmal den Blick zur\u00fcck auf die K\u00fcste, die Str\u00e4nde von Myrtiotissa und Glyfada und \u2013 am Horizont \u2013 den Aussichtsgipfel &#8220;Kaizers Throne&#8221;. <\/span><\/span><\/p>\n<p class=\"Normal-P\" style=\"margin-bottom: 6pt; text-align: justify; text-justify: inter-ideograph; direction: ltr; unicode-bidi: normal;\"><span class=\"Normal-H\"><span style=\"font-size: 11pt;\">Das Weglein wird bald zur Naturstrasse, sie f\u00fchrt um den mit Funkantennen gekr\u00f6nten Berggipfel herum, ins Dorf Vatos.<\/span><\/span><\/p>\n<\/td>\n<\/tr>\n<tr class=\"-R\">\n<td class=\"-C\" style=\"width: 232.2pt;\">\n<p class=\"Normal-P\" style=\"margin-bottom: 6pt; text-align: justify; text-justify: inter-ideograph; direction: ltr; unicode-bidi: normal;\"><span class=\"Normal-H\"><span style=\"font-size: 11pt;\"><img decoding=\"async\" src=\"http:\/\/www.adrianwood.ch\/wp-content\/uploads\/2018\/03\/1519916298_image5.jpeg\" data-link=\"\" width=\"300px \" height=\"224px \"><\/span><\/span><\/p>\n<\/td>\n<td class=\"-C\" style=\"width: 232.2pt;\">\n<p class=\"Normal-P\" style=\"margin-bottom: 6pt; text-align: justify; text-justify: inter-ideograph; direction: ltr; unicode-bidi: normal;\"><span class=\"Normal-H\"><span style=\"font-size: 11pt;\"><img decoding=\"async\" src=\"http:\/\/www.adrianwood.ch\/wp-content\/uploads\/2018\/03\/1519916298_image6.jpeg\" data-link=\"\" width=\"297px \" height=\"223px \"><\/span><\/span><\/p>\n<\/td>\n<\/tr>\n<tr class=\"-R\">\n<td class=\"-C\" style=\"width: 464.4pt;\" colspan=\"2\">\n<p class=\"Normal-P\" style=\"margin-bottom: 6pt; text-align: justify; text-justify: inter-ideograph; direction: ltr; unicode-bidi: normal;\"><span class=\"Normal-H\"><span style=\"font-size: 11pt;\">Es ist 11 Uhr, also ist es Zeit f\u00fcr einen Zwischenhalt auf dem Dorfplatz, ein &#8220;Supermarkt&#8221; ist offen, die Ladenbesitzerin verkauft uns Nescafe-Frappe, Coca Cola, die Sonne scheint &#8230; es ist wie Ferien.<\/span><\/span><\/p>\n<p class=\"Normal-P\" style=\"margin-bottom: 6pt; text-align: justify; text-justify: inter-ideograph; direction: ltr; unicode-bidi: normal;\"><span class=\"Normal-H\"><span style=\"font-size: 11pt;\">Von Vatos steigen wir auf der Strasse ab in die Ebene die der Fluss Ropa &#8212; Fluss??, hah, dass ich nicht lache! \u2013 ein B\u00e4chlein h\u00f6chstens!, also \u2013 die der Ropa durchquert. Wir verlassen die Strasse, nehmen den Weg zum Golfplatz, diskutieren &#8211; wo geht&#8217;s weiter? rechts, links oder&#8230;? der Boss dekretiert &#8220;straight on&#8221;- er hat wieder, wie meistens (aber nicht immer) recht.<\/span><\/span><\/p>\n<p class=\"Normal-P\" style=\"margin-bottom: 6pt; text-align: justify; text-justify: inter-ideograph; direction: ltr; unicode-bidi: normal;\"><span class=\"Normal-H\"><span style=\"font-size: 11pt;\">Wir laufen im G\u00e4nsemarsch dem Ropa entlang, er ist unter dem dichten Schilf fast nicht zu sehen, Fr\u00f6sche quaken, Blumen rechts Blumen links, wir n\u00e4hern uns der Br\u00fccke, es ist kurz vor 12 Uhr, Zeit f\u00fcr eine halbe Stunde Mittagsrast und ein Siesta-Nickerchen. Ein kurzes nur, denn Liapades ist noch weit.<\/span><\/span><\/p>\n<p class=\"Normal-P\" style=\"margin-bottom: 6pt; text-align: justify; text-justify: inter-ideograph; direction: ltr; unicode-bidi: normal;\"><span class=\"Normal-H\"><span style=\"font-size: 11pt;\">Weiter geht&#8217;s durch die Ebene in das D\u00f6rfchen Kanakades, wo die Taverne geschlossen ist \u2013 weil Sonntag ist, weil nach dem Feiertag vorgestern kein Wein mehr vorhanden ist \u2013 oder weil einfach Siesta-Zeit ist? Keine Ahnung.<\/span><\/span><\/p>\n<\/td>\n<\/tr>\n<tr class=\"-R\" style=\"height: 0; page-break-inside: avoid;\">\n<td class=\"-C\" style=\"width: 464.4pt;\" colspan=\"2\">\n<p class=\"Normal-P\" style=\"margin-bottom: 6pt; direction: ltr; unicode-bidi: normal;\"><span class=\"Normal-H\"><span style=\"font-size: 11pt;\"><img decoding=\"async\" src=\"http:\/\/www.adrianwood.ch\/wp-content\/uploads\/2018\/03\/1519916298_image7.jpeg\" data-link=\"\" width=\"616px \" height=\"389px \"><\/span><\/span><\/p>\n<\/td>\n<\/tr>\n<tr class=\"-R\">\n<td class=\"-C\" style=\"width: 464.4pt;\" colspan=\"2\">\n<p class=\"Normal-P\" style=\"margin-bottom: 6pt; text-align: justify; text-justify: inter-ideograph; direction: ltr; unicode-bidi: normal;\"><span class=\"Normal-H\"><span style=\"font-size: 11pt;\">Ein paar von uns finden, dass f\u00fcr heute genug gewandert ist &#8211; Daniel gelingt es f\u00fcr sie den Taxitransport direkt nach Liapades zu organisieren.<\/span><\/span><\/p>\n<p class=\"Normal-P\" style=\"margin-bottom: 6pt; text-align: justify; text-justify: inter-ideograph; direction: ltr; unicode-bidi: normal;\"><span class=\"Normal-H\"><span style=\"font-size: 11pt;\">Bald nach Kanakades und nach einem n\u00e4chsten &#8220;wogohts\u00e4chschtwiiter&#8221;-Stop (kurz &#8220;wg\u00e4wS&#8221;) beim Steinbruch, eine dramatische Szene. Franz wird von wilden Tieren angefallen! Mechthild \u2013 bestens <\/span><span style=\"font-size: 11pt;\">ausger\u00fcstet mit einem Kombi-Vipergift-Zecken-Sauger &#8211; nimmt sich seiner Wade an, Vreni G. versucht mit einer gefundenen rostigen Zange zu assistieren, weitere Vorschl\u00e4ge \u2013 Vollnarkose, Amputation \u2013 werden in der Runde diskutiert, aber doch noch verworfen. Schliesslich kann der Schwerverletzte mit zusammen-gebissenen Z\u00e4hnen weiterziehen.<\/span><\/span><\/p>\n<p class=\"Normal-P\" style=\"margin-bottom: 6pt; text-align: justify; text-justify: inter-ideograph; direction: ltr; unicode-bidi: normal;\"><span class=\"Normal-H\"><span style=\"font-size: 11pt;\">Aber Liapades ist jetzt nah, ein schattiger Dorfplatz l\u00e4dt uns zum Verweilen ein. So sitzen wir halt auf der runden Bank um den Baum herum, der in der Mitte des Platzes steht und der mit einem Kreisverkehr-Schild ausger\u00fcstet ist um Ordnung in den brausenden Verkehr bringen soll. Im Moment ist er allerdings arbeitslos \u2013 kein Rad bewegt sich. Siesta!<\/span><\/span><\/p>\n<\/td>\n<\/tr>\n<tr class=\"-R\">\n<td class=\"-C\" style=\"width: 232.2pt;\">\n<p class=\"Normal-P\" style=\"margin-bottom: 6pt; text-align: justify; text-justify: inter-ideograph; direction: ltr; unicode-bidi: normal;\"><span class=\"Normal-H\"><span style=\"font-size: 11pt;\"><img decoding=\"async\" src=\"http:\/\/www.adrianwood.ch\/wp-content\/uploads\/2018\/03\/1519916298_image8.png\" data-link=\"\" width=\"295px \" height=\"197px \"><\/span><\/span><\/p>\n<\/td>\n<td class=\"-C\" style=\"width: 232.2pt;\">\n<p class=\"Normal-P\" style=\"margin-bottom: 6pt; text-align: justify; text-justify: inter-ideograph; direction: ltr; unicode-bidi: normal;\"><span class=\"Normal-H\"><span style=\"font-size: 11pt;\"><img decoding=\"async\" src=\"http:\/\/www.adrianwood.ch\/wp-content\/uploads\/2018\/03\/1519916298_image9.gif\" data-link=\"\" width=\"295.2px \" height=\"196.533333333333px \"><\/span><\/span><\/p>\n<\/td>\n<\/tr>\n<tr class=\"-R\" style=\"height: 0; page-break-inside: avoid;\">\n<td class=\"-C\" style=\"width: 464.4pt;\" colspan=\"2\">\n<p class=\"Normal-P\" style=\"margin-bottom: 6pt; text-align: justify; text-justify: inter-ideograph; direction: ltr; unicode-bidi: normal;\"><span class=\"Normal-H\"><span style=\"font-size: 11pt;\">Der Rest wandert weiter, nur um nach wenigen Minuten im Dorf wieder einen &#8220;wg\u00e4wS&#8221; einzulegen. Nach altbew\u00e4hrter Methode schw\u00e4rmt der Leseclub aus (das sind diejenigen dankenswerten Wanderkollegen &#8211; ihnen sei einmal an dieser Stelle ein Kr\u00e4nzlein gewunden &#8211; die an der Spitze unserer Rotte, Punkt f\u00fcr Punkt die SOP abhaken, d.h. die das B\u00fcchlein mit den detaillierten, aber manchmal doch diskutablen, Wegbeschreibungen in der Hand halten und versuchen peinlich genau die Anweisungen in die Realit\u00e4t umzusetzen) und bald sind wir wieder <\/span><span style=\"font-size: 11pt;\">auf Kurs. Puh! Ein komplizierter Absatz. Also f\u00fcr alle, die ihn nicht verstanden haben: &#8220;wieder zur\u00fcck zum Absatz<\/span><span style=\"font-size: 11pt;\">\u2011Anfang&#8221;. Nach der vierten Wiederholung ein Email an die Help-Line: &#8220;<\/span><a href=\"mailto:bert.operschall@bluewin.ch\" target=\"\">bert.operschall@bluewin.ch<\/a><span style=\"font-size: 11pt;\">&#8221; senden.<\/span><\/span><\/p>\n<p class=\"Normal-P\" style=\"margin-bottom: 6pt; text-align: justify; text-justify: inter-ideograph; direction: ltr; unicode-bidi: normal;\"><span class=\"Normal-H\"><span style=\"font-size: 11pt;\">So treffen wir schon relativ fr\u00fch in Liapades ein. Dort wird&#8217;s interessant. Adrians Tagesplan sah vor, dass vor Zimmerbezug zuerst am Strand Sonne und Wasser getankt wird. Aber diejenigen, die direkt der Cricketer Taverna zusteuern, stossen auf einen Hotelier, der \u00fcberrascht\/\u00fcberfordert ist und auf dynamische Aktionen sauer reagiert. Originalton: &#8220;Ich bin Grieche!!!!! Kein Amerikaner, kein Engl\u00e4nder, kein Deutscher &#8212; Grieche!!!&#8221;.<\/span><\/span><\/p>\n<\/td>\n<\/tr>\n<tr class=\"-R\">\n<td class=\"-C\" style=\"width: 464.4pt;\" colspan=\"2\">\n<p class=\"Normal-P\" style=\"margin-bottom: 6pt; text-align: justify; text-justify: inter-ideograph; direction: ltr; unicode-bidi: normal;\"><span class=\"Normal-H\"><span style=\"font-size: 11pt;\">Je nun, auch das legt sich. Alle finden Unterkunft, wenn nicht im Hotel, so doch in netten, nahe gelegenen Ferienwohnungen und bald trifft man sich wieder im Strandhotel, wo Adrian auf der Terrasse einen Super-Apero organisiert hat. Und anschliessend stiften Peter und Vreni im Cricketer Ouzo und Geb\u00e4ck und Mechthild den Wein. Sie hat eine Enkelin bekommen, Caroline ist auf die Welt gekommen. Wir gratulieren herzlich!<\/span><\/span><\/p>\n<p class=\"Normal-P\" style=\"margin-bottom: 6pt; text-align: justify; text-justify: inter-ideograph; direction: ltr; unicode-bidi: normal;\"><span class=\"Normal-H\"><span style=\"font-size: 11pt;\">Und das war&#8217;s dann auch. Es wird noch einige Zeit diskutiert, dann geht die Sonne im Meer unter und ich unter der Bettdecke. Es war wieder ein wundersch\u00f6ner Tag. Merci Adrian<\/span><\/span><\/p>\n<p class=\"Normal-P\" style=\"margin-bottom: 6pt; text-align: right; direction: ltr; unicode-bidi: normal;\"><span class=\"Normal-H\"><span style=\"font-size: 11pt;\">Bert<\/span><\/span><\/p>\n<\/td>\n<\/tr>\n<tr class=\"-R\">\n<td class=\"-C\" style=\"width: 464.4pt;\" colspan=\"2\">\n<p class=\"Normal-P\" style=\"margin-bottom: 6pt; text-align: center; direction: ltr; unicode-bidi: normal;\"><span class=\"Normal-H\"><span style=\"font-weight: bold; font-size: 11pt;\">Eindr\u00fccke von Corfu Stadt<\/span><\/span><\/p>\n<\/td>\n<\/tr>\n<tr class=\"-R\">\n<td class=\"-C\" style=\"width: 232.2pt;\">\n<p class=\"Normal-P\" style=\"margin-bottom: 6pt; text-align: justify; text-justify: inter-ideograph; direction: ltr; unicode-bidi: normal;\"><span class=\"Normal-H\"><span style=\"font-size: 11pt;\"><img decoding=\"async\" src=\"http:\/\/www.adrianwood.ch\/wp-content\/uploads\/2018\/03\/1519916298_image10.jpeg\" data-link=\"\" width=\"300px \" height=\"226px \"><\/span><\/span><\/p>\n<\/td>\n<td class=\"-C\" style=\"width: 232.2pt;\">\n<p class=\"Normal-P\" style=\"margin-bottom: 6pt; text-align: center; direction: ltr; unicode-bidi: normal;\"><span class=\"Normal-H\"><span style=\"font-size: 11pt;\"><img decoding=\"async\" src=\"http:\/\/www.adrianwood.ch\/wp-content\/uploads\/2018\/03\/1519916298_image11.jpeg\" data-link=\"\" width=\"306px \" height=\"230px \"><\/span><\/span><\/p>\n<\/td>\n<\/tr>\n<tr class=\"-R\">\n<td class=\"-C\" style=\"width: 232.2pt;\">\n<p class=\"Normal-P\" style=\"margin-bottom: 6pt; text-align: justify; text-justify: inter-ideograph; direction: ltr; unicode-bidi: normal;\">\n<\/td>\n<td class=\"-C\" style=\"width: 232.2pt;\">\n<p class=\"Normal-P\" style=\"margin-bottom: 6pt; text-align: right; direction: ltr; unicode-bidi: normal;\">\n<\/td>\n<\/tr>\n<tr class=\"-R\">\n<td class=\"-C\" style=\"width: 232.2pt;\">\n<p class=\"Normal-P\" style=\"margin-bottom: 6pt; text-align: justify; text-justify: inter-ideograph; direction: ltr; unicode-bidi: normal;\"><span class=\"Normal-H\"><span style=\"font-size: 11pt;\"><img decoding=\"async\" src=\"http:\/\/www.adrianwood.ch\/wp-content\/uploads\/2018\/03\/1519916298_image12.jpeg\" data-link=\"\" width=\"300px \" height=\"225px \"><\/span><\/span><\/p>\n<\/td>\n<td class=\"-C\" style=\"width: 232.2pt;\">\n<p class=\"Normal-P\" style=\"margin-bottom: 6pt; text-align: right; direction: ltr; unicode-bidi: normal;\"><span class=\"Normal-H\"><span style=\"font-size: 11pt;\"><img decoding=\"async\" src=\"http:\/\/www.adrianwood.ch\/wp-content\/uploads\/2018\/03\/1519916298_image13.jpeg\" data-link=\"\" width=\"305px \" height=\"229px \"><\/span><\/span><\/p>\n<\/td>\n<\/tr>\n<tr class=\"-R\">\n<td class=\"-C\" style=\"width: 232.2pt;\">\n<p class=\"Normal-P\" style=\"margin-bottom: 6pt; text-align: justify; text-justify: inter-ideograph; direction: ltr; unicode-bidi: normal;\">\n<\/td>\n<td class=\"-C\" style=\"width: 232.2pt;\">\n<p class=\"Normal-P\" style=\"margin-bottom: 6pt; text-align: right; direction: ltr; unicode-bidi: normal;\">\n<\/td>\n<\/tr>\n<tr class=\"-R\">\n<td class=\"-C\" style=\"width: 232.2pt;\">\n<p class=\"Normal-P\" style=\"margin-bottom: 6pt; text-align: justify; text-justify: inter-ideograph; direction: ltr; unicode-bidi: normal;\"><span class=\"Normal-H\"><span style=\"font-size: 11pt;\"><img decoding=\"async\" src=\"http:\/\/www.adrianwood.ch\/wp-content\/uploads\/2018\/03\/1519916298_image14.jpeg\" data-link=\"\" width=\"295px \" height=\"390px \"><\/span><\/span><\/p>\n<\/td>\n<td class=\"-C\" style=\"width: 232.2pt;\">\n<p class=\"Normal-P\" style=\"margin-bottom: 6pt; text-align: center; direction: ltr; unicode-bidi: normal;\"><span class=\"Normal-H\"><span style=\"font-size: 11pt;\"><img decoding=\"async\" src=\"http:\/\/www.adrianwood.ch\/wp-content\/uploads\/2018\/03\/1519916298_image15.jpeg\" data-link=\"\" width=\"293px \" height=\"390px \"><\/span><\/span><\/p>\n<\/td>\n<\/tr>\n<p><!-- [if !supportMisalignedColumns]--><\/tbody>\n<\/table>\n<\/div>\n","protected":false},"excerpt":{"rendered":"<p>23.Mai, Pelekas &#8211; Liapades I I I I iiiehhhh \u2013 ein gellender Schrei zerreisst die Nacht! Christina steht zitternd auf dem Balkon &#8211; Ein haariger Schwanz zuckt unter ihrem Bett! &#8211; Beelzebub? Nein, nur ein harmloser kleiner Siebenschl\u00e4fer, der nicht schlafen kann und Liebe und ein warmes Bett sucht. Aber das kann man ja im &hellip; <a href=\"https:\/\/www.adrianwood.ch\/?page_id=16345\" class=\"more-link\">Continue reading <span class=\"screen-reader-text\">05-23 Liapades<\/span> <span class=\"meta-nav\">&rarr;<\/span><\/a><\/p>\n","protected":false},"author":1,"featured_media":0,"parent":16195,"menu_order":2208,"comment_status":"closed","ping_status":"closed","template":"","meta":{"ngg_post_thumbnail":0,"footnotes":""},"class_list":["post-16345","page","type-page","status-publish","hentry"],"_links":{"self":[{"href":"https:\/\/www.adrianwood.ch\/index.php?rest_route=\/wp\/v2\/pages\/16345","targetHints":{"allow":["GET"]}}],"collection":[{"href":"https:\/\/www.adrianwood.ch\/index.php?rest_route=\/wp\/v2\/pages"}],"about":[{"href":"https:\/\/www.adrianwood.ch\/index.php?rest_route=\/wp\/v2\/types\/page"}],"author":[{"embeddable":true,"href":"https:\/\/www.adrianwood.ch\/index.php?rest_route=\/wp\/v2\/users\/1"}],"replies":[{"embeddable":true,"href":"https:\/\/www.adrianwood.ch\/index.php?rest_route=%2Fwp%2Fv2%2Fcomments&post=16345"}],"version-history":[{"count":3,"href":"https:\/\/www.adrianwood.ch\/index.php?rest_route=\/wp\/v2\/pages\/16345\/revisions"}],"predecessor-version":[{"id":16362,"href":"https:\/\/www.adrianwood.ch\/index.php?rest_route=\/wp\/v2\/pages\/16345\/revisions\/16362"}],"up":[{"embeddable":true,"href":"https:\/\/www.adrianwood.ch\/index.php?rest_route=\/wp\/v2\/pages\/16195"}],"wp:attachment":[{"href":"https:\/\/www.adrianwood.ch\/index.php?rest_route=%2Fwp%2Fv2%2Fmedia&parent=16345"}],"curies":[{"name":"wp","href":"https:\/\/api.w.org\/{rel}","templated":true}]}}