{"id":16394,"date":"2018-03-05T09:44:32","date_gmt":"2018-03-05T09:44:32","guid":{"rendered":"http:\/\/www.adrianwood.ch\/?page_id=16394"},"modified":"2018-03-05T09:44:32","modified_gmt":"2018-03-05T09:44:32","slug":"05-25-mathraki-insel","status":"publish","type":"page","link":"https:\/\/www.adrianwood.ch\/?page_id=16394","title":{"rendered":"05-25 Mathraki Insel"},"content":{"rendered":"<div class=\"pmdi_content_wrapper\">\n<h2 class=\"Normal-P\" style=\"margin-top: 6pt; direction: ltr; unicode-bidi: normal;\"><span class=\"Normal-H\"><span style=\"font-weight: bold; font-size: 11pt;\">25.Mai, <\/span><span style=\"font-weight: bold; font-size: 11pt;\">Mathraki<\/span><span style=\"font-weight: bold; font-size: 11pt;\">Insel<\/span><br \/>\n<\/span><\/h2>\n<table class=\"TableNormal-T\" style=\"width: 464.4pt; border-collapse: collapse;\" cellspacing=\"0\">\n<tbody>\n<tr class=\"-R\" style=\"height: 0; page-break-inside: avoid;\">\n<td class=\"-C\" style=\"width: 464.4pt;\" colspan=\"2\">\n<p class=\"BodyText-P\" style=\"margin-top: 6pt; margin-bottom: 6pt; direction: ltr; unicode-bidi: normal;\"><span class=\"BodyText-H\"><span style=\"font-size: 11pt;\">F\u00fcr diesen Tag gab es zwei Optionen &#8211; Wandern auf Korfu oder eine kleine Bootsfahrt zu <\/span><span style=\"font-size: 11pt;\">einer nahe gelegenen Miniinsel<\/span><span style=\"font-size: 11pt;\">, falls es das Wetter zul\u00e4sst. Zur\u00fcckblickend auf die mehrt\u00e4gigen Wanderexzesse habe ich am Vorabend inbr\u00fcnstig f\u00fcr gutes<\/span><span style=\"font-size: 11pt;\"> Wetter gebetet. Am n\u00e4chsten Morgen wurden wir mit strahlend blauem Himmel belohnt, keine einzige Wolke zeigte sich am Horizont. W\u00e4hrend des Morgenessens haben noch einzelne UPs (unbekehrbare Pessimisten) kommentiert, dass der Wind wohl zu stark w\u00e4re, aber<\/span><span style=\"font-size: 11pt;\"> nichtsdestotrotz hat sich dann die gesamte Gruppe f\u00fcr die Inselvariante entschieden. Erleichtert habe ich meine Wanderschuhe in den Koffer gepackt.<\/span><\/span><\/p>\n<\/td>\n<\/tr>\n<tr class=\"-R\">\n<td class=\"-C\" style=\"width: 232.2pt;\">\n<p class=\"BodyText-P\" style=\"margin-top: 6pt; direction: ltr; unicode-bidi: normal;\"><span class=\"BodyText-H\"><span style=\"font-size: 11pt;\"><img decoding=\"async\" src=\"http:\/\/www.adrianwood.ch\/wp-content\/uploads\/2018\/03\/1520242954_image1.jpeg\" data-link=\"\" width=\"300px       \" height=\"225px       \"><\/span><\/span><\/p>\n<\/td>\n<td class=\"-C\" style=\"width: 232.2pt;\">\n<p class=\"BodyText-P\" style=\"margin-top: 6pt; direction: ltr; unicode-bidi: normal;\"><span class=\"BodyText-H\"><span style=\"font-size: 11pt;\"><img decoding=\"async\" src=\"http:\/\/www.adrianwood.ch\/wp-content\/uploads\/2018\/03\/1520242954_image2.jpeg\" data-link=\"\" width=\"300px       \" height=\"225px       \"><\/span><\/span><\/p>\n<\/td>\n<\/tr>\n<tr class=\"-R\" style=\"height: 0; page-break-inside: avoid;\">\n<td class=\"-C\" style=\"width: 464.4pt;\" colspan=\"2\">\n<p class=\"BodyText-P\" style=\"margin-top: 6pt; margin-bottom: 6pt; direction: ltr; unicode-bidi: normal;\"><span class=\"BodyText-H\"><span style=\"font-size: 11pt;\">Nachdem wir den \u00fcberp\u00fcnktlichen Bus bestiegen und unser ausuferndes Gep\u00e4ck eingeladen hatten, ging es<\/span><span style=\"font-size: 11pt;\"> entlang einer aussichtsreichen K\u00fcstenstrasse nach Agios Stefanos, wo unser Schiff bereits im Hafen lag. Die halbst\u00fcndige Schifffahrt selbst verlief weitgehend ereignislos \u2013 zeitweise hat das Boot massiv geschaukelt (ist aber nicht einmal gekentert), wir h<\/span><span style=\"font-size: 11pt;\">aben viele kleine Inseln passiert (aber keine gerammt), manchen Leuten wurde leicht \u00fcbel (aber keiner ist \u00fcber Bord gegangen). Alles in allem eine gegl\u00fcckte \u00dcberfahrt. Um Mut zu machen, haben unsere UPs einstimmig kommentiert, dass bei der R\u00fcckfahrt am Nac<\/span><span style=\"font-size: 11pt;\">hmittag wohl mit viel st\u00e4rkerem Wind zu rechnen sei. Aber wer will schon so weit voraus denken.<\/span> <\/span><\/p>\n<\/td>\n<\/tr>\n<tr class=\"-R\">\n<td class=\"-C\" style=\"width: 232.2pt;\">\n<p class=\"BodyText-P\" style=\"margin-top: 6pt; direction: ltr; unicode-bidi: normal;\"><span class=\"BodyText-H\"><span style=\"font-size: 11pt;\"><img decoding=\"async\" src=\"http:\/\/www.adrianwood.ch\/wp-content\/uploads\/2018\/03\/1520242954_image3.jpeg\" data-link=\"\" width=\"295px       \" height=\"195px       \"><\/span><\/span><\/p>\n<\/td>\n<td class=\"-C\" style=\"width: 232.2pt;\">\n<p class=\"BodyText-P\" style=\"margin-top: 6pt; direction: ltr; unicode-bidi: normal;\"><span class=\"BodyText-H\"><span style=\"font-size: 11pt;\"><img decoding=\"async\" src=\"http:\/\/www.adrianwood.ch\/wp-content\/uploads\/2018\/03\/1520242954_image4.jpeg\" data-link=\"\" width=\"295px       \" height=\"197px       \"><\/span><\/span><\/p>\n<\/td>\n<\/tr>\n<tr class=\"-R\" style=\"height: 0; page-break-inside: avoid;\">\n<td class=\"-C\" style=\"width: 464.4pt;\" colspan=\"2\">\n<p class=\"Normal-P\" style=\"margin-top: 6pt; text-align: justify; text-justify: inter-ideograph; direction: ltr; unicode-bidi: normal;\"><span class=\"Normal-H\"><span style=\"font-size: 11pt;\">Eine sehr kleine Insel wie Mathraki von ungef\u00e4hr 3 km L\u00e4nge hat einen nicht zu untersch\u00e4tzenden Vorteil \u2013 exzessives Wandern ist unm\u00f6glich, bei aller Kre<\/span><span style=\"font-size: 11pt;\">ativit\u00e4t. Als Nachteil hingegen k\u00f6nnte es dort langweilig werden, weil der Handlungsspielraum etwas limitiert ist. Es freut mich, zu berichten, dass unser Tagesprogramm von einer einzigartigen Vielf\u00e4ltigkeit gepr\u00e4gt war und jeder in unserer Gruppe ihre\/sei<\/span><span style=\"font-size: 11pt;\">ne nat\u00fcrlichen Begabungen voll ausleben konnte.<\/span><\/span><\/p>\n<p class=\"xa-P\" style=\"margin-top: 3pt; text-align: justify; text-justify: inter-ideograph; direction: ltr; unicode-bidi: normal; margin-left: 26.9pt; text-indent: -17.85pt;\"><span class=\"xa-H\"><span style=\"font-size: 11pt;\">Es gab solche, die jede Bewegung minimierten, einfach den Moment genossen und die unvergesslichen Blaut\u00f6ne des Meers auf sich wirken liessen \u2013 diese Leute haben am gl\u00fccklichsten gewirkt am Abend.<\/span><\/span><\/p>\n<p class=\"xa-P\" style=\"margin-top: 3pt; direction: ltr; unicode-bidi: normal; margin-left: 26.9pt; text-indent: -17.85pt;\"><span class=\"xa-H\"><span style=\"font-size: 11pt;\">Andere haben<\/span><span style=\"font-size: 11pt;\"> sich in Steine verbissen und die geologischen Hintergr\u00fcnde der Insel genauestens studiert (alles mathrakiatischer Sandstein, stellenweise tafoni-verwittert).<\/span><\/span><\/p>\n<\/td>\n<\/tr>\n<tr class=\"-R\" style=\"height: 0; page-break-inside: avoid;\">\n<td class=\"-C\" style=\"width: 464.4pt;\" colspan=\"2\">\n<p class=\"xa-P\" style=\"margin-top: 3pt; text-align: justify; text-justify: inter-ideograph; direction: ltr; unicode-bidi: normal; margin-left: 26.9pt; text-indent: -17.85pt;\"><span class=\"xa-H\"><span style=\"font-size: 11pt;\">Wieder andere haben ethnologische Studien betrieben \u2013 eine Eliteeinheit unserer Gruppe wurde vo<\/span><span style=\"font-size: 11pt;\">n Einheimischen zu Hause einladen und konnte feststellen, dass die meisten Mathrakiaten ihre Insel schon einmal verlassen haben (einige haben viele Jahre in Amerika gelebt). <\/span><\/span><\/p>\n<p class=\"xa-P\" style=\"margin-top: 3pt; text-align: justify; text-justify: inter-ideograph; direction: ltr; unicode-bidi: normal; margin-left: 26.9pt; text-indent: -17.85pt;\"><span class=\"xa-H\"><span style=\"font-size: 11pt;\">Adelheid hat sich mehr f\u00fcr das Tierreich interessiert und wurde in ihrer Spezialm<\/span><span style=\"font-size: 11pt;\">ission <\/span><span style=\"font-size: 11pt;\">von einem<\/span><span style=\"font-size: 11pt;\"> Ungeheuer angefallen, das ihr die Hose vom Leibe riss \u2013 dabei handelte es sich um eine mathrakiatische Hybridform zwischen Geissbock und Hund. V\u00f6gel gab es nur wenig auf dieser Insel, weil die <\/span><span style=\"font-size: 11pt;\">werden auf speziell konstruierten B\u00e4umen zuer<\/span><span style=\"font-size: 11pt;\">st angelockt<\/span><span style=\"font-size: 11pt;\"> und dann abgeschossen (unglaublich, aber wahr \u2013 leider). Quallen waren auch zahlreich vorhanden und wurden von manchen n\u00e4her inspiziert.<\/span><\/span><\/p>\n<p class=\"xa-P\" style=\"margin-top: 3pt; text-align: justify; text-justify: inter-ideograph; direction: ltr; unicode-bidi: normal; margin-left: 26.9pt; text-indent: -17.85pt;\"><span class=\"xa-H\"><span style=\"font-size: 11pt;\">Dann gab es die, die bevorzugt das Pflanzenreich bestaunten &#8211; die Bl\u00fctenpracht war einfach \u00fcberw\u00e4ltigend u<\/span><span style=\"font-size: 11pt;\">nd die D\u00fcfte berauschend.<\/span><\/span><\/p>\n<p class=\"xa-P\" style=\"margin-top: 3pt; direction: ltr; unicode-bidi: normal; margin-left: 26.9pt; text-indent: -17.85pt;\"><span class=\"xa-H\"><span style=\"font-size: 11pt;\">Manche gingen schwimmen (siehe sp\u00e4ter). <\/span><\/span><\/p>\n<p class=\"xa-P\" style=\"margin-top: 3pt; text-align: justify; text-justify: inter-ideograph; direction: ltr; unicode-bidi: normal; margin-left: 26.9pt; text-indent: -17.85pt;\"><span class=\"xa-H\"><span style=\"font-size: 11pt;\">Und dann gab es noch solche, die nur wandern wollten und alle steilen Weglein mehrmals abliefen, um auf ihre Kosten zu kommen &#8211; aber die sind nicht Thema meines Tourenberichts.<\/span><\/span><\/p>\n<\/td>\n<\/tr>\n<tr class=\"-R\">\n<td class=\"-C\" style=\"width: 232.2pt;\">\n<p class=\"BodyText-P\" style=\"margin-top: 6pt; direction: ltr; unicode-bidi: normal;\"><span class=\"BodyText-H\"><span style=\"font-size: 11pt;\"><img decoding=\"async\" src=\"http:\/\/www.adrianwood.ch\/wp-content\/uploads\/2018\/03\/1520242954_image5.jpeg\" data-link=\"\" width=\"300px       \" height=\"225px       \"><\/span><\/span><\/p>\n<\/td>\n<td class=\"-C\" style=\"width: 232.2pt;\">\n<p class=\"BodyText-P\" style=\"margin-top: 6pt; direction: ltr; unicode-bidi: normal;\"><span class=\"BodyText-H\"><span style=\"font-size: 11pt;\"><img decoding=\"async\" src=\"http:\/\/www.adrianwood.ch\/wp-content\/uploads\/2018\/03\/1520242954_image6.JPG\" data-link=\"\" width=\"297.33343832021px       \" height=\"223px       \"><\/span><\/span><\/p>\n<\/td>\n<\/tr>\n<tr class=\"-R\">\n<td class=\"-C\" style=\"width: 464.4pt;\" colspan=\"2\">\n<p class=\"Normal-P\" style=\"margin-top: 6pt; text-align: justify; text-justify: inter-ideograph; direction: ltr; unicode-bidi: normal;\"><span class=\"Normal-H\"><span style=\"font-size: 11pt;\">Das mit dem Schwimmen m\u00f6chte ich kurz er\u00f6rtern. <\/span><span style=\"font-size: 11pt;\">Wie<\/span><span style=\"font-size: 11pt;\"> die <\/span><span style=\"font-size: 11pt;\">meisten<\/span><span style=\"font-size: 11pt;\">Inseln<\/span><span style=\"font-size: 11pt;\"> hat Mathraki mindestens zwei Seiten, in diesem Fall eine Ost- und eine Westk\u00fcste. Nun ein Geheimtipp \u2013 die leichter zug\u00e4ngliche Ostk\u00fcste ist nicht nur windig, sondern auch menschen- und quallenverseucht. Die Westk\u00fcste hingegen ist von einzigartiger Sch\u00f6nheit und menschenleer (weil nur wenige sie finden). Mechthild, Marianne und ich haben als Sp\u00e4htrupp das Gel\u00e4nde rekognosziert und Ren\u00e9 als Begleitschutz mitgenommen. Das Gel\u00e4nde war <\/span><span style=\"font-size: 11pt;\">ger\u00f6llig<\/span><span style=\"font-size: 11pt;\"> und <\/span><span style=\"font-size: 11pt;\">unwegsam<\/span><span style=\"font-size: 11pt;\">. <\/span><span style=\"font-size: 11pt;\">Nachdem wir verstanden <\/span><span style=\"font-size: 11pt;\">haben,<\/span><span style=\"font-size: 11pt;\">wie<\/span><span style=\"font-size: 11pt;\"> das Gel\u00e4nde funktioniert, haben wir alsbald eine kleine Bucht f\u00fcr uns okkupiert (Ren\u00e9 ging noch circa zwei Kilometer weiter, um dann schnorchelnderweise das Meer R<\/span><span style=\"font-size: 11pt;\">ichtung Italien zu \u00fcberqueren).<\/span><\/span><\/p>\n<\/td>\n<\/tr>\n<tr class=\"-R\">\n<td class=\"-C\" style=\"width: 232.2pt;\">\n<p class=\"BodyText-P\" style=\"margin-top: 6pt; direction: ltr; unicode-bidi: normal;\"><span class=\"BodyText-H\"><span style=\"font-size: 11pt;\"><img decoding=\"async\" src=\"http:\/\/www.adrianwood.ch\/wp-content\/uploads\/2018\/03\/1520242954_image7.jpg\" data-link=\"\" width=\"296.420997375328px       \" height=\"198px       \"><\/span><\/span><\/p>\n<\/td>\n<td class=\"-C\" style=\"width: 232.2pt;\">\n<p class=\"BodyText-P\" style=\"margin-top: 6pt; direction: ltr; unicode-bidi: normal;\"><span class=\"BodyText-H\"><span style=\"font-size: 11pt;\"><img decoding=\"async\" src=\"http:\/\/www.adrianwood.ch\/wp-content\/uploads\/2018\/03\/1520242954_image8.jpeg\" data-link=\"\" width=\"295px       \" height=\"197px       \"><\/span><\/span><\/p>\n<\/td>\n<\/tr>\n<tr class=\"-R\" style=\"height: 0; page-break-inside: avoid;\">\n<td class=\"-C\" style=\"width: 464.4pt;\" colspan=\"2\">\n<p class=\"Normal-P\" style=\"margin-top: 6pt; text-align: justify; text-justify: inter-ideograph; direction: ltr; unicode-bidi: normal;\"><span class=\"Normal-H\"><span style=\"font-size: 11pt;\">So blieb de<\/span><span style=\"font-size: 11pt;\">r Frauentrupp in dieser lauschigen Bucht, wo wir uns stundenlangen Badefreuden hingeben konnten \u2013 abwechselnd haben wir uns in die tiefblauen Fluten gest\u00fcrzt, um dann ausgebreitet auf karstigem Sandstein von den wohltemperierten Sonnenstrahlen erw\u00e4rmt zu w<\/span><span style=\"font-size: 11pt;\">erden. All das unbeobachtet und vollkommen ungest\u00f6rt von Einheimischen oder l\u00e4stigen Wanderern. Dass die Einsamkeit ihren Grund hat und unsere holden Gestalten als biologische Strandsperre fungiert haben k\u00f6nnten \u2013 dieser b\u00f6se Verdacht darf nur aus unserem <\/span><span style=\"font-size: 11pt;\">Munde ge\u00e4ussert werden.<\/span><\/span><\/p>\n<p class=\"Normal-P\" style=\"margin-top: 6pt; text-align: justify; text-justify: inter-ideograph; direction: ltr; unicode-bidi: normal;\"><span class=\"Normal-H\"><span style=\"font-size: 11pt;\">Die R\u00fcckreise per Boot verlief absolut reibungsfrei und wellenlos.<\/span><\/span><\/p>\n<p class=\"Normal-P\" style=\"margin-top: 6pt; text-align: justify; text-justify: inter-ideograph; direction: ltr; unicode-bidi: normal;\"><span class=\"Normal-H\">(Heinzine)<\/span><\/p>\n<\/td>\n<\/tr>\n<p><!-- [if !supportMisalignedColumns]--><\/tbody>\n<\/table>\n<\/div>\n","protected":false},"excerpt":{"rendered":"<p>25.Mai, MathrakiInsel F\u00fcr diesen Tag gab es zwei Optionen &#8211; Wandern auf Korfu oder eine kleine Bootsfahrt zu einer nahe gelegenen Miniinsel, falls es das Wetter zul\u00e4sst. Zur\u00fcckblickend auf die mehrt\u00e4gigen Wanderexzesse habe ich am Vorabend inbr\u00fcnstig f\u00fcr gutes Wetter gebetet. Am n\u00e4chsten Morgen wurden wir mit strahlend blauem Himmel belohnt, keine einzige Wolke zeigte &hellip; <a href=\"https:\/\/www.adrianwood.ch\/?page_id=16394\" class=\"more-link\">Continue reading <span class=\"screen-reader-text\">05-25 Mathraki Insel<\/span> <span class=\"meta-nav\">&rarr;<\/span><\/a><\/p>\n","protected":false},"author":1,"featured_media":0,"parent":16195,"menu_order":2210,"comment_status":"closed","ping_status":"closed","template":"","meta":{"ngg_post_thumbnail":0,"footnotes":""},"class_list":["post-16394","page","type-page","status-publish","hentry"],"_links":{"self":[{"href":"https:\/\/www.adrianwood.ch\/index.php?rest_route=\/wp\/v2\/pages\/16394","targetHints":{"allow":["GET"]}}],"collection":[{"href":"https:\/\/www.adrianwood.ch\/index.php?rest_route=\/wp\/v2\/pages"}],"about":[{"href":"https:\/\/www.adrianwood.ch\/index.php?rest_route=\/wp\/v2\/types\/page"}],"author":[{"embeddable":true,"href":"https:\/\/www.adrianwood.ch\/index.php?rest_route=\/wp\/v2\/users\/1"}],"replies":[{"embeddable":true,"href":"https:\/\/www.adrianwood.ch\/index.php?rest_route=%2Fwp%2Fv2%2Fcomments&post=16394"}],"version-history":[{"count":2,"href":"https:\/\/www.adrianwood.ch\/index.php?rest_route=\/wp\/v2\/pages\/16394\/revisions"}],"predecessor-version":[{"id":16404,"href":"https:\/\/www.adrianwood.ch\/index.php?rest_route=\/wp\/v2\/pages\/16394\/revisions\/16404"}],"up":[{"embeddable":true,"href":"https:\/\/www.adrianwood.ch\/index.php?rest_route=\/wp\/v2\/pages\/16195"}],"wp:attachment":[{"href":"https:\/\/www.adrianwood.ch\/index.php?rest_route=%2Fwp%2Fv2%2Fmedia&parent=16394"}],"curies":[{"name":"wp","href":"https:\/\/api.w.org\/{rel}","templated":true}]}}