{"id":16416,"date":"2018-03-05T09:51:45","date_gmt":"2018-03-05T09:51:45","guid":{"rendered":"http:\/\/www.adrianwood.ch\/?page_id=16416"},"modified":"2018-03-05T09:51:45","modified_gmt":"2018-03-05T09:51:45","slug":"05-27-spartylas","status":"publish","type":"page","link":"https:\/\/www.adrianwood.ch\/?page_id=16416","title":{"rendered":"05-27 Spartylas"},"content":{"rendered":"<div class=\"pmdi_content_wrapper\">\n<h2 class=\"Normal-P\" style=\"margin-bottom: 6pt; text-align: justify; text-justify: inter-ideograph; direction: ltr; unicode-bidi: normal;\"><span class=\"Normal-H\"><span style=\"font-weight: bold; font-size: 11pt;\">27. Mai, Rekini &#8211; Spartylas<\/span><br \/>\n<\/span><\/h2>\n<table class=\"TableNormal-T\" style=\"width: 464.4pt; border-collapse: collapse;\" cellspacing=\"0\">\n<tbody>\n<tr class=\"-R\" style=\"height: 0; page-break-inside: avoid;\">\n<td class=\"-C\" style=\"width: 464.4pt;\" colspan=\"2\">\n<p class=\"Normal-P\" style=\"margin-bottom: 6pt; text-align: justify; text-justify: inter-ideograph; direction: ltr; unicode-bidi: normal;\"><span class=\"Normal-H\"><span style=\"font-size: 11pt;\">Ich habe gut geschlafen, trotz offenem Fenster auf die belebten Strassen und den Hafen von Corfu. Das Gep\u00e4ck habe ich \u201evorsichtshalber\u201c schon vor dem Morgenessen mit dem Bijou-Museumslift hinuntergefahren. Die Fahrt ge<\/span><span style=\"font-size: 11pt;\">ht mit dem<\/span><span style=\"font-size: 11pt;\"> Bus von Corfu Town nach Rekini, dem Ausgangspunkt unserer Wanderung. Kaum ausgestiegen, begegnen wir bereits der ersten Sehensw\u00fcrdigkeit: eine Ausgrabung wird mit Staunen besichtigt und fotografiert. <\/span><\/span><\/p>\n<\/td>\n<\/tr>\n<tr class=\"-R\">\n<td class=\"-C\" style=\"width: 232.2pt;\">\n<p class=\"Normal-P\" style=\"margin-bottom: 6pt; text-align: justify; text-justify: inter-ideograph; direction: ltr; unicode-bidi: normal;\"><span class=\"Normal-H\"><span style=\"font-size: 11pt;\"><img decoding=\"async\" src=\"http:\/\/www.adrianwood.ch\/wp-content\/uploads\/2018\/03\/1520243466_image1.JPG\" data-link=\"\" width=\"295.2px       \" height=\"221.4px       \"><\/span><\/span><\/p>\n<\/td>\n<td class=\"-C\" style=\"width: 232.2pt;\">\n<p class=\"Normal-P\" style=\"margin-bottom: 6pt; text-align: justify; text-justify: inter-ideograph; direction: ltr; unicode-bidi: normal;\"><span class=\"Normal-H\"><span style=\"font-size: 11pt;\"><img decoding=\"async\" src=\"http:\/\/www.adrianwood.ch\/wp-content\/uploads\/2018\/03\/1520243466_image2.jpeg\" data-link=\"\" width=\"297px       \" height=\"223px       \"><\/span><\/span><\/p>\n<\/td>\n<\/tr>\n<tr class=\"-R\" style=\"height: 0; page-break-inside: avoid;\">\n<td class=\"-C\" style=\"width: 464.4pt;\" colspan=\"2\">\n<p class=\"Normal-P\" style=\"margin-bottom: 6pt; text-align: justify; text-justify: inter-ideograph; direction: ltr; unicode-bidi: normal;\"><span class=\"Normal-H\"><span style=\"font-size: 11pt;\">Dann wird losmarschiert. Schon nach kurzem Anlaufen kommen wir auf ein scheinbar un\u00fcberwindbares Hindernis. Wir \u00fcberqueren einen \u201ereissenden Fluss\u201c der mit Hilfe von starker M\u00e4nnerhand (trotz einiger \u201aTr\u00f6tzeleien\u2019) \u00fcberwunden wird. Dann geht es stetig bergauf durch wilde Olivenhaine mit fast subtropischem Urwaldcharakter. Eine Gabelung des Weges l\u00e4sst die Geister scheiden, wohin der Wege uns f\u00fchren sollte. Obwohl das Zeichen am Stein (und Adrians Anweisung) eindeutig ist, wird die Eindeutigkeit des Steines (und der Anweisung &#8230;) bezweifelt. Dieser besitzt eine Gr\u00f6sse, so, dass<\/span><span style=\"font-size: 11pt;\">man(n) ihn durchaus wegtragen k\u00f6nnte. Diskutieren f\u00fchrt nicht zum Ziel, deshalb geht Adrian den Weg erkunden. Er will wohl nicht riskieren, die ganze Horde hinunter laufen zu lassen, und nachher, &#8211; falls der Weg doch falsch sein sol<\/span><span style=\"font-size: 11pt;\">lte -, wieder alle bergauf zu jagen. <\/span><\/span><\/p>\n<\/td>\n<\/tr>\n<tr class=\"-R\">\n<td class=\"-C\" style=\"width: 232.2pt;\">\n<p class=\"Normal-P\" style=\"margin-bottom: 6pt; text-align: justify; text-justify: inter-ideograph; direction: ltr; unicode-bidi: normal;\"><span class=\"Normal-H\"><span style=\"font-size: 11pt;\"><img decoding=\"async\" src=\"http:\/\/www.adrianwood.ch\/wp-content\/uploads\/2018\/03\/1520243466_image3.jpeg\" data-link=\"\" width=\"300px       \" height=\"225px       \"><\/span><\/span><\/p>\n<\/td>\n<td class=\"-C\" style=\"width: 232.2pt;\">\n<p class=\"Normal-P\" style=\"margin-bottom: 6pt; text-align: justify; text-justify: inter-ideograph; direction: ltr; unicode-bidi: normal;\"><span class=\"Normal-H\"><span style=\"font-size: 11pt;\"><img decoding=\"async\" src=\"http:\/\/www.adrianwood.ch\/wp-content\/uploads\/2018\/03\/1520243466_image4.jpeg\" data-link=\"\" width=\"297px       \" height=\"223px       \"><\/span><\/span><\/p>\n<\/td>\n<\/tr>\n<tr class=\"-R\">\n<td class=\"-C\" style=\"width: 464.4pt;\" colspan=\"2\">\n<p class=\"Normal-P\" style=\"margin-bottom: 6pt; text-align: justify; text-justify: inter-ideograph; direction: ltr; unicode-bidi: normal;\"><span class=\"Normal-H\"><span style=\"font-size: 11pt;\">Nach dem Mini-Abstieg laufen wir stetig aufw\u00e4rts, alles auf kleinen Trampelpfaden. Nicht immer ist der Weg f\u00fcr uns eindeutig \u2013 nicht immer haben wir im Dickicht Blickkontakt zu unserem Vordermann. Nur durch zurufen k\u00f6nnen wir den Weg eruieren. Wir kommen aber schliesslich alle am vorgesehen Rastplatz an und geniessen eine gem\u00fctliche Mittagspause mit sch\u00f6ner Aussicht. Einige laufen nat\u00fcrlich bereits vor der vorgegebenen Zeit weiter, obwohl &#8211; die Zeitangabe f\u00fcr die Mittagspause war wohl nicht ganz so ernst gemeint. Zur Belohnung macht Adrian von dem kl\u00e4glichen H\u00e4ufchen der \u201eZeit-Treuen\u201c ein Erinnerungsfoto.<\/span><\/span><\/p>\n<\/td>\n<\/tr>\n<tr class=\"-R\">\n<td class=\"-C\" style=\"width: 232.2pt;\">\n<p class=\"Normal-P\" style=\"margin-bottom: 6pt; text-align: justify; text-justify: inter-ideograph; direction: ltr; unicode-bidi: normal;\"><span class=\"Normal-H\"><span style=\"font-size: 11pt;\"><img decoding=\"async\" src=\"http:\/\/www.adrianwood.ch\/wp-content\/uploads\/2018\/03\/1520243466_image5.JPG\" data-link=\"\" width=\"295.2px       \" height=\"329.2px       \"><\/span><\/span><\/p>\n<\/td>\n<td class=\"-C\" style=\"width: 232.2pt;\">\n<p class=\"Normal-P\" style=\"margin-bottom: 6pt; text-align: justify; text-justify: inter-ideograph; direction: ltr; unicode-bidi: normal;\"><span class=\"Normal-H\"><span style=\"font-size: 11pt;\"><img decoding=\"async\" src=\"http:\/\/www.adrianwood.ch\/wp-content\/uploads\/2018\/03\/1520243466_image6.jpeg\" data-link=\"\" width=\"302.091758530184px       \" height=\"336px       \"><\/span><\/span><\/p>\n<\/td>\n<\/tr>\n<tr class=\"-R\">\n<td class=\"-C\" style=\"width: 464.4pt;\" colspan=\"2\">\n<p class=\"Normal-P\" style=\"margin-bottom: 6pt; text-align: justify; text-justify: inter-ideograph; direction: ltr; unicode-bidi: normal;\"><span class=\"Normal-H\"><span style=\"font-size: 11pt;\">Im nahe gelegenen Dorf gibt es dann einen Konkurrenzkampf: gleich zwei Tavernen hat es, &#8211; und gleich gegen\u00fcber liegen sie. Die Tavernenbesitzer versuchen, die durstigen Wanderer an ihre Tische zu locken. Danach gibt es Konkurrenzkampf unter der \u201eKundschaft\u201c:<\/span><span style=\"font-size: 11pt;\">wo ist das bessere Frapp\u00e8 \u2013 wo die bessere Toilette?. Frisch gest\u00e4rkt ziehen wir alle weiter.<\/span><\/span><\/p>\n<\/td>\n<\/tr>\n<tr class=\"-R\">\n<td class=\"-C\" style=\"width: 232.2pt;\">\n<p class=\"Normal-P\" style=\"margin-bottom: 6pt; text-align: justify; text-justify: inter-ideograph; direction: ltr; unicode-bidi: normal;\"><span class=\"Normal-H\"><span style=\"font-size: 11pt;\"><img decoding=\"async\" src=\"http:\/\/www.adrianwood.ch\/wp-content\/uploads\/2018\/03\/1520243466_image7.jpeg\" data-link=\"\" width=\"300px       \" height=\"225px       \"><\/span><\/span><\/p>\n<\/td>\n<td class=\"-C\" style=\"width: 232.2pt;\">\n<p class=\"Normal-P\" style=\"margin-bottom: 6pt; text-align: justify; text-justify: inter-ideograph; direction: ltr; unicode-bidi: normal;\"><span class=\"Normal-H\"><span style=\"font-size: 11pt;\"><img decoding=\"async\" src=\"http:\/\/www.adrianwood.ch\/wp-content\/uploads\/2018\/03\/1520243466_image8.jpeg\" data-link=\"\" width=\"297px       \" height=\"223px       \"><\/span><\/span><\/p>\n<\/td>\n<\/tr>\n<tr class=\"-R\">\n<td class=\"-C\" style=\"width: 232.2pt;\">\n<p class=\"Normal-P\" style=\"margin-bottom: 6pt; text-align: justify; text-justify: inter-ideograph; direction: ltr; unicode-bidi: normal;\"><span class=\"Normal-H\"><span style=\"font-size: 11pt;\"><img decoding=\"async\" src=\"http:\/\/www.adrianwood.ch\/wp-content\/uploads\/2018\/03\/1520243466_image9.jpeg\" data-link=\"\" width=\"300px       \" height=\"225px       \"><\/span><\/span><\/p>\n<\/td>\n<td class=\"-C\" style=\"width: 232.2pt;\">\n<p class=\"Normal-P\" style=\"margin-bottom: 6pt; text-align: justify; text-justify: inter-ideograph; direction: ltr; unicode-bidi: normal;\"><span class=\"Normal-H\"><span style=\"font-size: 11pt;\"><img decoding=\"async\" src=\"http:\/\/www.adrianwood.ch\/wp-content\/uploads\/2018\/03\/1520243466_image10.jpeg\" data-link=\"\" width=\"297px       \" height=\"223px       \"><\/span><\/span><\/p>\n<\/td>\n<\/tr>\n<tr class=\"-R\">\n<td class=\"-C\" style=\"width: 464.4pt;\" colspan=\"2\">\n<p class=\"Normal-P\" style=\"margin-bottom: 6pt; text-align: justify; text-justify: inter-ideograph; direction: ltr; unicode-bidi: normal;\"><span class=\"Normal-H\"><span style=\"font-size: 11pt;\">Durch Untergestr\u00fcpp &#8211; mit fast Urwaldcharakter &#8211; laufen wir weiter und weiter. \u201eWir\u201c m\u00fcssen von der vorderen Gruppe verlangen, dass sie auf uns warten sollen, denn es wird ausgetreten. Wir spekulieren, ob das jetzt der \u201aAustritt\u2019 oder \u201aaustreten\u2019 ist (ich muss mal&#8230;). Wir einigen uns auch darauf, dass wir \u201eDas\u201c lieber seriell statt parallel (oder gar im Reisverschluss)? tun sollten. <\/span><\/span><\/p>\n<p class=\"Normal-P\" style=\"margin-bottom: 6pt; text-align: justify; text-justify: inter-ideograph; direction: ltr; unicode-bidi: normal;\"><span class=\"Normal-H\"><span style=\"font-size: 11pt;\">Grosse Zwischenstufen zwingen uns nochmals, unsere Sozialkompetenz unter Beweis zu stellen: wir helfen uns gegenseitig. Nur noch ein kurzes unwegsames St\u00fcck und schon kommen wir wieder auf einen breiten Weg, der dann in Asphalt \u00fcbergeht.<\/span><\/span><\/p>\n<\/td>\n<\/tr>\n<tr class=\"-R\">\n<td class=\"-C\" style=\"width: 232.2pt;\">\n<p class=\"Normal-P\" style=\"margin-bottom: 6pt; text-align: justify; text-justify: inter-ideograph; direction: ltr; unicode-bidi: normal;\"><span class=\"Normal-H\"><span style=\"font-size: 11pt;\"><img decoding=\"async\" src=\"http:\/\/www.adrianwood.ch\/wp-content\/uploads\/2018\/03\/1520243466_image11.jpeg\" data-link=\"\" width=\"297px       \" height=\"225px       \"><\/span><\/span><\/p>\n<\/td>\n<td class=\"-C\" style=\"width: 232.2pt;\">\n<p class=\"Normal-P\" style=\"margin-bottom: 6pt; text-align: right; direction: ltr; unicode-bidi: normal;\"><span class=\"Normal-H\"><span style=\"font-size: 11pt;\"><img decoding=\"async\" src=\"http:\/\/www.adrianwood.ch\/wp-content\/uploads\/2018\/03\/1520243466_image12.JPG\" data-link=\"\" width=\"294.947401574803px       \" height=\"224.16px       \"><\/span><\/span><\/p>\n<\/td>\n<\/tr>\n<tr class=\"-R\">\n<td class=\"-C\" style=\"width: 464.4pt;\" colspan=\"2\">\n<p class=\"Normal-P\" style=\"margin-bottom: 6pt; text-align: justify; text-justify: inter-ideograph; direction: ltr; unicode-bidi: normal;\"><span class=\"Normal-H\"><span style=\"font-size: 11pt;\">Durch eine wundersch\u00f6ne Agrarhochebene kommen wir in Spartylas an, wo wir uns nochmals mit einem k\u00fchlen Nass erfrischen. <\/span><\/span><\/p>\n<p class=\"Normal-P\" style=\"margin-bottom: 6pt; text-align: justify; text-justify: inter-ideograph; direction: ltr; unicode-bidi: normal;\"><span class=\"Normal-H\"><span style=\"font-size: 11pt;\">Dann geht es mit dem Bus zu unserem letzten Uebernachtungsort. Nach einer wundersch\u00f6nen Panorama-Sight-Seeing Tour durch Korfus enge D\u00f6rfer und sch\u00f6ne Landschaft kommen wir nach l\u00e4ngerer Fahrt in Kalami an. Unser Busfahrer hat die schwierigen Passagen mit Bravour gemeistert. <\/span><\/span><\/p>\n<p class=\"Normal-P\" style=\"margin-bottom: 6pt; text-align: justify; text-justify: inter-ideograph; direction: ltr; unicode-bidi: normal;\"><span class=\"Normal-H\"><span style=\"font-size: 11pt;\">Als \u201eKleinfamilien\u201c beziehen wir unsere Bungalows \u2013 packen aus, richten uns h\u00e4uslich ein, geniessen den Swimmingpool, gehen Fr\u00fchst\u00fcck einkaufen, &#8230; Ein wiederum sch\u00f6ner Tag geht dem Ende entgegen. Niggi<\/span><\/span><\/p>\n<\/td>\n<\/tr>\n<p><!-- [if !supportMisalignedColumns]--><\/tbody>\n<\/table>\n<\/div>\n","protected":false},"excerpt":{"rendered":"<p>27. Mai, Rekini &#8211; Spartylas Ich habe gut geschlafen, trotz offenem Fenster auf die belebten Strassen und den Hafen von Corfu. Das Gep\u00e4ck habe ich \u201evorsichtshalber\u201c schon vor dem Morgenessen mit dem Bijou-Museumslift hinuntergefahren. Die Fahrt geht mit dem Bus von Corfu Town nach Rekini, dem Ausgangspunkt unserer Wanderung. Kaum ausgestiegen, begegnen wir bereits der &hellip; <a href=\"https:\/\/www.adrianwood.ch\/?page_id=16416\" class=\"more-link\">Continue reading <span class=\"screen-reader-text\">05-27 Spartylas<\/span> <span class=\"meta-nav\">&rarr;<\/span><\/a><\/p>\n","protected":false},"author":1,"featured_media":0,"parent":16195,"menu_order":2212,"comment_status":"closed","ping_status":"closed","template":"","meta":{"ngg_post_thumbnail":0,"footnotes":""},"class_list":["post-16416","page","type-page","status-publish","hentry"],"_links":{"self":[{"href":"https:\/\/www.adrianwood.ch\/index.php?rest_route=\/wp\/v2\/pages\/16416","targetHints":{"allow":["GET"]}}],"collection":[{"href":"https:\/\/www.adrianwood.ch\/index.php?rest_route=\/wp\/v2\/pages"}],"about":[{"href":"https:\/\/www.adrianwood.ch\/index.php?rest_route=\/wp\/v2\/types\/page"}],"author":[{"embeddable":true,"href":"https:\/\/www.adrianwood.ch\/index.php?rest_route=\/wp\/v2\/users\/1"}],"replies":[{"embeddable":true,"href":"https:\/\/www.adrianwood.ch\/index.php?rest_route=%2Fwp%2Fv2%2Fcomments&post=16416"}],"version-history":[{"count":2,"href":"https:\/\/www.adrianwood.ch\/index.php?rest_route=\/wp\/v2\/pages\/16416\/revisions"}],"predecessor-version":[{"id":16430,"href":"https:\/\/www.adrianwood.ch\/index.php?rest_route=\/wp\/v2\/pages\/16416\/revisions\/16430"}],"up":[{"embeddable":true,"href":"https:\/\/www.adrianwood.ch\/index.php?rest_route=\/wp\/v2\/pages\/16195"}],"wp:attachment":[{"href":"https:\/\/www.adrianwood.ch\/index.php?rest_route=%2Fwp%2Fv2%2Fmedia&parent=16416"}],"curies":[{"name":"wp","href":"https:\/\/api.w.org\/{rel}","templated":true}]}}