{"id":16450,"date":"2018-03-05T10:04:25","date_gmt":"2018-03-05T10:04:25","guid":{"rendered":"http:\/\/www.adrianwood.ch\/?page_id=16450"},"modified":"2018-03-05T10:04:25","modified_gmt":"2018-03-05T10:04:25","slug":"05-29-kalami","status":"publish","type":"page","link":"https:\/\/www.adrianwood.ch\/?page_id=16450","title":{"rendered":"05-29 Kalami"},"content":{"rendered":"<div class=\"pmdi_content_wrapper\">\n<h2 class=\"Normal-P\" style=\"direction: ltr; unicode-bidi: normal;\"><span class=\"Normal-H\"><span style=\"font-family: Times New Roman; font-weight: bold; color: windowtext; font-size: 11pt;\">29. Mai, Nissaki &#8211; Kalami<\/span><br \/>\n<\/span><\/h2>\n<table class=\"TableNormal-T\" style=\"width: 488.9pt; border-collapse: collapse;\" cellspacing=\"0\">\n<tbody>\n<tr class=\"-R\" style=\"height: 37.2pt;\">\n<td class=\"-C\" style=\"width: 488.9pt; padding: 0 3.5pt        0 3.5pt;\" colspan=\"4\">\n<p class=\"Normal-P\" style=\"margin-top: 6pt; text-align: justify; text-justify: inter-ideograph; direction: ltr; unicode-bidi: normal;\"><span class=\"Normal-H\"><span style=\"font-family: Times New Roman; color: windowtext; font-size: 11pt;\">Der heutige Tag war uns schon im Programm als Genusstag angek\u00fcndigt; und so war es auch:<\/span><\/span><\/p>\n<p class=\"Normal-P\" style=\"margin-top: 6pt; margin-bottom: 6pt; text-align: justify; text-justify: inter-ideograph; direction: ltr; unicode-bidi: normal;\"><span class=\"Normal-H\"><span style=\"font-family: Times New Roman; color: windowtext; font-size: 11pt;\">Um 9Uhr bestiegen wir in Kalami an der Strasse oberhalb unserer Ferienh\u00e4uschen den Bus, der uns nach kurzer Fahrt in Nissaki im Ortsteil Bouratika bei der uns schon vertrauten Shell-Tankstelle absetzte. Von dort ging es zwischen Olivenb\u00e4umen hinunter an die K\u00fcste zum ersten Strand \u2013 Kaminaki. Hier blieben denn auch schon die ersten Wanderer h\u00e4ngen. Der <\/span><span style=\"font-family: Times New Roman; color: windowtext; font-size: 11pt;\">Rest marschierte \u2013 in Wanderschuhen wohlgemerkt \u2013 durch das Hotelgel\u00e4nde auf einen Pfad, von dem aus man bald die Kapelle Ag. Arsenious auf einem Felsen \u00fcber dem tiefblauen Meer erblickt. Mutig wagen wir den angeblich schwindelerregenden Abstieg zur Kapelle. Erst wird in der H\u00e4ngemattenformation (geologische Erl\u00e4uterung siehe Photo!) gerastet,<\/span><\/span><\/p>\n<\/td>\n<\/tr>\n<tr class=\"-R\" style=\"height: 0; page-break-inside: avoid;\">\n<td class=\"-C\" style=\"width: 244.45pt; padding: 0 3.5pt        0 3.5pt;\" colspan=\"2\">\n<p class=\"Normal-P\" style=\"direction: ltr; unicode-bidi: normal;\"><span class=\"Normal-H\"><span style=\"font-family: Times New Roman; color: windowtext; font-size: 11pt;\"><img decoding=\"async\" src=\"http:\/\/www.adrianwood.ch\/wp-content\/uploads\/2018\/03\/1520244203_image1.jpeg\" data-link=\"\" width=\"290px       \" height=\"217px       \"><\/span><\/span><\/p>\n<\/td>\n<td class=\"-C\" style=\"width: 244.45pt; padding: 0 3.5pt        0 3.5pt;\" colspan=\"2\">\n<p class=\"Normal-P\" style=\"text-align: center; direction: ltr; unicode-bidi: normal;\"><span class=\"Normal-H\"><img decoding=\"async\" src=\"http:\/\/www.adrianwood.ch\/wp-content\/uploads\/2018\/03\/1520244203_image2.jpeg\" data-link=\"\" width=\"318px       \" height=\"218px       \"><\/span><\/p>\n<\/td>\n<\/tr>\n<tr class=\"-R\">\n<td class=\"-C\" style=\"width: 244.45pt; padding: 0 3.5pt        0 3.5pt;\" colspan=\"2\">\n<p class=\"Normal-P\" style=\"text-align: center; direction: ltr; unicode-bidi: normal;\"><span class=\"Normal-H\"><\/span><\/p>\n<p class=\"Normal-P\" style=\"text-align: center; direction: ltr; unicode-bidi: normal;\"><span class=\"Normal-H\"><img decoding=\"async\" src=\"http:\/\/www.adrianwood.ch\/wp-content\/uploads\/2018\/03\/1520244203_image3.jpeg\" data-link=\"\" width=\"312px       \" height=\"209px       \"><\/span><\/p>\n<\/td>\n<td class=\"-C\" style=\"width: 244.45pt; padding: 0 3.5pt        0 3.5pt;\" colspan=\"2\">\n<p class=\"Normal-P\" style=\"text-align: center; direction: ltr; unicode-bidi: normal;\"><span class=\"Normal-H\"><\/span><\/p>\n<p class=\"Normal-P\" style=\"text-align: center; direction: ltr; unicode-bidi: normal;\"><span class=\"Normal-H\"><img decoding=\"async\" src=\"http:\/\/www.adrianwood.ch\/wp-content\/uploads\/2018\/03\/1520244203_image4.jpeg\" data-link=\"\" width=\"318px       \" height=\"212px       \"><\/span><\/p>\n<\/td>\n<\/tr>\n<tr class=\"-R\" style=\"height: 56.65pt;\">\n<td class=\"-C\" style=\"width: 488.9pt; padding: 0 3.5pt        0 3.5pt;\" colspan=\"4\">\n<p class=\"Normal-P\" style=\"margin-top: 6pt; margin-bottom: 6pt; direction: ltr; unicode-bidi: normal;\"><span class=\"Normal-H\"><span style=\"font-family: Times New Roman; color: windowtext; font-size: 11pt;\">Doch dann <\/span><span style=\"font-family: Times New Roman; color: windowtext; font-size: 11pt;\">taucht ein bayrisches S-Nessy (<\/span><span style=\"font-family: Times New Roman; color: windowtext; font-size: 11pt;\">Schwimm- oder Schnorchel-Nessy<\/span><span style=\"font-family: Times New Roman; color: windowtext; font-size: 11pt;\">) auf und verf\u00fchrt die ersten <\/span><span style=\"font-family: Times New Roman; color: windowtext; font-size: 11pt;\">Wanderfrauen.<\/span><\/span><\/p>\n<p class=\"Normal-P\" style=\"margin-top: 6pt; margin-bottom: 6pt; direction: ltr; unicode-bidi: normal;\"><span class=\"Normal-H\"><span style=\"font-family: Times New Roman; color: windowtext; font-size: 11pt;\">Beim Weiterlaufen wird uns klar, wie aufmerksam diese Route ausgew\u00e4hlt wurde: f\u00fcr Agnes die Agni-Bucht, f\u00fcr Niggi die Taverna Nikolas; wie heisst wohl die n\u00e4chste Beiz? <\/span><\/span><\/p>\n<p class=\"Normal-P\" style=\"margin-bottom: 6pt; direction: ltr; unicode-bidi: normal;\"><span class=\"Normal-H\"><span style=\"font-family: Times New Roman; color: windowtext; font-size: 11pt;\">Doch so schnell erreichen wir diese nicht, einer schl\u00e4ft ja schon bei Nikolas ein.<\/span><\/span><\/p>\n<\/td>\n<\/tr>\n<tr class=\"-R\">\n<td class=\"-C\" style=\"width: 244.45pt; padding: 0 3.5pt        0 3.5pt;\" colspan=\"2\">\n<p class=\"Normal-P\" style=\"text-align: center; direction: ltr; unicode-bidi: normal;\"><span class=\"Normal-H\"><img decoding=\"async\" src=\"http:\/\/www.adrianwood.ch\/wp-content\/uploads\/2018\/03\/1520244203_image5.jpeg\" data-link=\"\" width=\"315px       \" height=\"208.646929133858px       \"><\/span><\/p>\n<\/td>\n<td class=\"-C\" style=\"width: 244.45pt; padding: 0 3.5pt        0 3.5pt;\" colspan=\"2\">\n<p class=\"Normal-P\" style=\"text-align: center; direction: ltr; unicode-bidi: normal;\"><span class=\"Normal-H\"><img decoding=\"async\" src=\"http:\/\/www.adrianwood.ch\/wp-content\/uploads\/2018\/03\/1520244203_image6.jpeg\" data-link=\"\" width=\"314px       \" height=\"210px       \"><\/span><\/p>\n<\/td>\n<\/tr>\n<tr class=\"-R\">\n<td class=\"-C\" style=\"width: 488.9pt; padding: 0 3.5pt        0 3.5pt;\" colspan=\"4\">\n<p class=\"Normal-P\" style=\"margin-top: 6pt; direction: ltr; unicode-bidi: normal;\"><span class=\"Normal-H\"><span style=\"font-family: Times New Roman; color: windowtext; font-size: 11pt;\">Was geschah wohl am Abend vorher? Ger\u00fcchte, die berichten von Pyjamas mit kurzen oder langen Hosen, mit oder ohne Hosen&#8230;haben damit nichts zu tun!<\/span><\/span><\/p>\n<p class=\"BodyText-P\" style=\"margin-top: 6pt; margin-bottom: 6pt; direction: ltr; unicode-bidi: normal;\"><span class=\"BodyText-H\">Niggi entdeckt ein USO (unbekanntes Swimming-Objekt ), aber Bert beobachtet und dokumentiert ein BSO (bekanntes Swimming-Objekt ), und Adelheid ruft begeistert: schau was er f\u00fcr Wellen macht!<\/span><\/p>\n<\/td>\n<\/tr>\n<tr class=\"-R\">\n<td class=\"-C\" style=\"width: 162.95pt; padding: 0 3.5pt        0 3.5pt;\">\n<p class=\"Normal-P\" style=\"text-align: center; direction: ltr; unicode-bidi: normal;\"><span class=\"Normal-H\"><img decoding=\"async\" src=\"http:\/\/www.adrianwood.ch\/wp-content\/uploads\/2018\/03\/1520244203_image7.jpeg\" data-link=\"\" width=\"157px       \" height=\"118px       \"><\/span><\/p>\n<\/td>\n<td class=\"-C\" style=\"width: 162.95pt; padding: 0 3.5pt        0 3.5pt;\" colspan=\"2\">\n<p class=\"Normal-P\" style=\"text-align: center; direction: ltr; unicode-bidi: normal;\"><span class=\"Normal-H\"><img decoding=\"async\" src=\"http:\/\/www.adrianwood.ch\/wp-content\/uploads\/2018\/03\/1520244203_image8.jpeg\" data-link=\"\" width=\"160px       \" height=\"119px       \"><\/span><\/p>\n<\/td>\n<td class=\"-C\" style=\"width: 163pt; padding: 0 3.5pt        0 3.5pt;\">\n<p class=\"Normal-P\" style=\"text-align: center; direction: ltr; unicode-bidi: normal;\"><span class=\"Normal-H\"><img decoding=\"async\" src=\"http:\/\/www.adrianwood.ch\/wp-content\/uploads\/2018\/03\/1520244203_image9.jpeg\" data-link=\"\" width=\"162px       \" height=\"123px       \"><\/span><\/p>\n<\/td>\n<\/tr>\n<tr class=\"-R\">\n<td class=\"-C\" style=\"width: 162.95pt; padding: 0 3.5pt        0 3.5pt;\">\n<p class=\"Normal-P\" style=\"text-align: center; direction: ltr; unicode-bidi: normal;\"><span class=\"Normal-H\"><span style=\"font-family: Times New Roman; color: windowtext; font-size: 11pt;\">12.14<\/span><\/span><\/p>\n<\/td>\n<td class=\"-C\" style=\"width: 162.95pt; padding: 0 3.5pt        0 3.5pt;\" colspan=\"2\">\n<p class=\"Normal-P\" style=\"text-align: center; direction: ltr; unicode-bidi: normal;\"><span class=\"Normal-H\"><span style=\"font-family: Times New Roman; color: windowtext; font-size: 11pt;\">12.17<\/span><\/span><\/p>\n<\/td>\n<td class=\"-C\" style=\"width: 163pt; padding: 0 3.5pt        0 3.5pt;\">\n<p class=\"Normal-P\" style=\"text-align: center; direction: ltr; unicode-bidi: normal;\"><span class=\"Normal-H\"><span style=\"font-family: Times New Roman; color: windowtext; font-size: 11pt;\">12.27<\/span><\/span><\/p>\n<\/td>\n<\/tr>\n<tr class=\"-R\">\n<td class=\"-C\" style=\"width: 162.95pt; padding: 0 3.5pt        0 3.5pt;\">\n<p class=\"Normal-P\" style=\"text-align: center; direction: ltr; unicode-bidi: normal;\"><span class=\"Normal-H\"><img decoding=\"async\" src=\"http:\/\/www.adrianwood.ch\/wp-content\/uploads\/2018\/03\/1520244203_image10.jpeg\" data-link=\"\" width=\"157px       \" height=\"118px       \"><\/span><\/p>\n<\/td>\n<td class=\"-C\" style=\"width: 162.95pt; padding: 0 3.5pt        0 3.5pt;\" colspan=\"2\">\n<p class=\"Normal-P\" style=\"text-align: center; direction: ltr; unicode-bidi: normal;\"><span class=\"Normal-H\"><img decoding=\"async\" src=\"http:\/\/www.adrianwood.ch\/wp-content\/uploads\/2018\/03\/1520244203_image11.jpeg\" data-link=\"\" width=\"160px       \" height=\"119px       \"><\/span><\/p>\n<\/td>\n<td class=\"-C\" style=\"width: 163pt; padding: 0 3.5pt        0 3.5pt;\">\n<p class=\"Normal-P\" style=\"text-align: center; direction: ltr; unicode-bidi: normal;\"><span class=\"Normal-H\"><img decoding=\"async\" src=\"http:\/\/www.adrianwood.ch\/wp-content\/uploads\/2018\/03\/1520244203_image12.jpeg\" data-link=\"\" width=\"163px       \" height=\"121px       \"><\/span><\/p>\n<\/td>\n<\/tr>\n<tr class=\"-R\">\n<td class=\"-C\" style=\"width: 162.95pt; padding: 0 3.5pt        0 3.5pt;\">\n<p class=\"Normal-P\" style=\"text-align: center; direction: ltr; unicode-bidi: normal;\"><span class=\"Normal-H\"><span style=\"font-family: Times New Roman; color: windowtext; font-size: 11pt;\">12.28<\/span><\/span><\/p>\n<\/td>\n<td class=\"-C\" style=\"width: 162.95pt; padding: 0 3.5pt        0 3.5pt;\" colspan=\"2\">\n<p class=\"Normal-P\" style=\"direction: ltr; unicode-bidi: normal;\"><span class=\"Normal-H\"><span style=\"font-family: Times New Roman; color: windowtext; font-size: 11pt;\"> 12.30<\/span><\/span><\/p>\n<\/td>\n<td class=\"-C\" style=\"width: 163pt; padding: 0 3.5pt        0 3.5pt;\">\n<p class=\"Normal-P\" style=\"direction: ltr; unicode-bidi: normal;\"><span class=\"Normal-H\"><span style=\"font-family: Times New Roman; color: windowtext; font-size: 11pt;\"> 12.33<\/span><\/span><\/p>\n<p class=\"Normal-P\" style=\"text-align: center; direction: ltr; unicode-bidi: normal;\"><span class=\"Normal-H\"><\/span><\/p>\n<\/td>\n<\/tr>\n<tr class=\"-R\">\n<td class=\"-C\" style=\"width: 488.9pt; padding: 0 3.5pt        0 3.5pt;\" colspan=\"4\">\n<p class=\"Normal-P\" style=\"margin-bottom: 6pt; text-align: justify; text-justify: inter-ideograph; direction: ltr; unicode-bidi: normal;\"><span class=\"Normal-H\"><span style=\"font-family: Times New Roman; color: windowtext; font-size: 11pt;\">\u00dcber die namenlose Bucht, die wiederum zum Baden in Wasser und Sonne einl\u00e4dt, erreichen wir schliesslich Kalami.<\/span><\/span><\/p>\n<p class=\"BodyText-P\" style=\"margin-bottom: 6pt; direction: ltr; unicode-bidi: normal;\"><span class=\"BodyText-H\">W\u00e4hrend ein Exquisitclub sich zum Dinner for 4 mit Ratatouille, Spiesschen und Rotwein trifft, zieht das Fussvolk von Balkon zu Balkon, oder ehrlicher gesagt von Apero zu Apero. Was es da doch alles gab: Weisswein trocken, Ouzo nass, Metaxa pur, N\u00fcssli, Sauertopf und Crackers. Und als kr\u00f6nenden Abschluss eine umwerfend spannende Modenschau f\u00fcr den flotten Herrn von heute! <\/span><\/p>\n<p class=\"BodyText-P\" style=\"margin-bottom: 6pt; direction: ltr; unicode-bidi: normal;\"><span class=\"BodyText-H\">Mechthild<\/span><\/p>\n<\/td>\n<\/tr>\n<tr class=\"-R\" style=\"height: 0; page-break-inside: avoid;\">\n<td class=\"-C\" style=\"width: 244.45pt; padding: 0 3.5pt        0 3.5pt;\" colspan=\"2\">\n<p class=\"Normal-P\" style=\"text-align: center; direction: ltr; unicode-bidi: normal;\"><span class=\"Normal-H\"><span style=\"font-family: Times New Roman; color: windowtext; font-size: 11pt;\"><img decoding=\"async\" src=\"http:\/\/www.adrianwood.ch\/wp-content\/uploads\/2018\/03\/1520244203_image13.jpeg\" data-link=\"\" width=\"204px       \" height=\"345.953910761155px       \"><\/span><\/span><\/p>\n<\/td>\n<td class=\"-C\" style=\"width: 244.45pt; padding: 0 3.5pt        0 3.5pt;\" colspan=\"2\">\n<p class=\"Normal-P\" style=\"text-align: center; direction: ltr; unicode-bidi: normal;\"><span class=\"Normal-H\"><span style=\"font-family: Times New Roman; color: windowtext; font-size: 11pt;\"><img decoding=\"async\" src=\"http:\/\/www.adrianwood.ch\/wp-content\/uploads\/2018\/03\/1520244203_image14.jpeg\" data-link=\"\" width=\"321px       \" height=\"214px       \"><\/span><\/span><\/p>\n<\/td>\n<\/tr>\n<tr class=\"-R\" style=\"height: 0; page-break-inside: avoid;\">\n<td class=\"-C\" style=\"width: 244.45pt; padding: 0 3.5pt        0 3.5pt;\" colspan=\"2\">\n<p class=\"Normal-P\" style=\"text-align: center; direction: ltr; unicode-bidi: normal;\"><span class=\"Normal-H\"><span style=\"font-family: Times New Roman; color: windowtext; font-size: 11pt;\"><img decoding=\"async\" src=\"http:\/\/www.adrianwood.ch\/wp-content\/uploads\/2018\/03\/1520244203_image15.jpeg\" data-link=\"\" width=\"298px       \" height=\"221px       \"><\/span><\/span><\/p>\n<\/td>\n<td class=\"-C\" style=\"width: 244.45pt; padding: 0 3.5pt        0 3.5pt;\" colspan=\"2\">\n<p class=\"Normal-P\" style=\"text-align: center; direction: ltr; unicode-bidi: normal;\"><span class=\"Normal-H\"><span style=\"font-family: Times New Roman; color: windowtext; font-size: 11pt;\"><img decoding=\"async\" src=\"http:\/\/www.adrianwood.ch\/wp-content\/uploads\/2018\/03\/1520244203_image16.jpeg\" data-link=\"\" width=\"299px       \" height=\"224px       \"><\/span><\/span><\/p>\n<\/td>\n<\/tr>\n<tr class=\"-R\">\n<td class=\"-C\" style=\"width: 244.45pt; padding: 0 3.5pt        0 3.5pt;\" colspan=\"2\">\n<p class=\"Normal-P\" style=\"text-align: center; direction: ltr; unicode-bidi: normal;\"><span class=\"Normal-H\"><span style=\"font-family: Times New Roman; color: windowtext; font-size: 11pt;\"><img decoding=\"async\" src=\"http:\/\/www.adrianwood.ch\/wp-content\/uploads\/2018\/03\/1520244203_image17.jpeg\" data-link=\"\" width=\"305px       \" height=\"229px       \"><\/span><\/span><\/p>\n<\/td>\n<td class=\"-C\" style=\"width: 244.45pt; padding: 0 3.5pt        0 3.5pt;\" colspan=\"2\">\n<p class=\"Normal-P\" style=\"text-align: center; direction: ltr; unicode-bidi: normal;\"><span class=\"Normal-H\"><span style=\"font-family: Times New Roman; color: windowtext; font-size: 11pt;\"><img decoding=\"async\" src=\"http:\/\/www.adrianwood.ch\/wp-content\/uploads\/2018\/03\/1520244203_image18.jpeg\" data-link=\"\" width=\"301px       \" height=\"227px       \"><\/span><\/span><\/p>\n<\/td>\n<\/tr>\n<p><!-- [if !supportMisalignedColumns]--><\/tbody>\n<\/table>\n<\/div>\n","protected":false},"excerpt":{"rendered":"<p>29. Mai, Nissaki &#8211; Kalami Der heutige Tag war uns schon im Programm als Genusstag angek\u00fcndigt; und so war es auch: Um 9Uhr bestiegen wir in Kalami an der Strasse oberhalb unserer Ferienh\u00e4uschen den Bus, der uns nach kurzer Fahrt in Nissaki im Ortsteil Bouratika bei der uns schon vertrauten Shell-Tankstelle absetzte. Von dort ging &hellip; <a href=\"https:\/\/www.adrianwood.ch\/?page_id=16450\" class=\"more-link\">Continue reading <span class=\"screen-reader-text\">05-29 Kalami<\/span> <span class=\"meta-nav\">&rarr;<\/span><\/a><\/p>\n","protected":false},"author":1,"featured_media":0,"parent":16195,"menu_order":2214,"comment_status":"closed","ping_status":"closed","template":"","meta":{"ngg_post_thumbnail":0,"footnotes":""},"class_list":["post-16450","page","type-page","status-publish","hentry"],"_links":{"self":[{"href":"https:\/\/www.adrianwood.ch\/index.php?rest_route=\/wp\/v2\/pages\/16450","targetHints":{"allow":["GET"]}}],"collection":[{"href":"https:\/\/www.adrianwood.ch\/index.php?rest_route=\/wp\/v2\/pages"}],"about":[{"href":"https:\/\/www.adrianwood.ch\/index.php?rest_route=\/wp\/v2\/types\/page"}],"author":[{"embeddable":true,"href":"https:\/\/www.adrianwood.ch\/index.php?rest_route=\/wp\/v2\/users\/1"}],"replies":[{"embeddable":true,"href":"https:\/\/www.adrianwood.ch\/index.php?rest_route=%2Fwp%2Fv2%2Fcomments&post=16450"}],"version-history":[{"count":2,"href":"https:\/\/www.adrianwood.ch\/index.php?rest_route=\/wp\/v2\/pages\/16450\/revisions"}],"predecessor-version":[{"id":16470,"href":"https:\/\/www.adrianwood.ch\/index.php?rest_route=\/wp\/v2\/pages\/16450\/revisions\/16470"}],"up":[{"embeddable":true,"href":"https:\/\/www.adrianwood.ch\/index.php?rest_route=\/wp\/v2\/pages\/16195"}],"wp:attachment":[{"href":"https:\/\/www.adrianwood.ch\/index.php?rest_route=%2Fwp%2Fv2%2Fmedia&parent=16450"}],"curies":[{"name":"wp","href":"https:\/\/api.w.org\/{rel}","templated":true}]}}