{"id":16471,"date":"2018-03-05T10:11:40","date_gmt":"2018-03-05T10:11:40","guid":{"rendered":"http:\/\/www.adrianwood.ch\/?page_id=16471"},"modified":"2018-03-05T10:11:40","modified_gmt":"2018-03-05T10:11:40","slug":"05-30-portes","status":"publish","type":"page","link":"https:\/\/www.adrianwood.ch\/?page_id=16471","title":{"rendered":"05-30 Portes"},"content":{"rendered":"<div class=\"pmdi_content_wrapper\">\n<h2><span style=\"font-size: 11pt;\">30. Mai, Kentroma \u2013 <\/span><span style=\"font-size: 11pt;\">Verlassene D\u00f6rfer<\/span><span style=\"font-size: 11pt;\"> \u2013 <\/span><span style=\"font-size: 11pt;\">Portes<\/span><span class=\"Normal-H\"><br \/>\n<\/span><\/h2>\n<table class=\"TableNormal-T\" style=\"width: 465pt; border-collapse: collapse;\" cellspacing=\"0\">\n<tbody>\n<tr class=\"-R\" style=\"height: 0; page-break-inside: avoid;\">\n<td class=\"-C\" style=\"width: 465pt;\" colspan=\"2\">\n<p class=\"Normal-P\" style=\"margin-bottom: 6pt; text-align: justify; text-justify: inter-ideograph; direction: ltr; unicode-bidi: normal;\"><span class=\"Normal-H\"><span style=\"font-size: 11pt;\">Nach dem sch\u00f6nen Ruhetag in Kalami Beach, mit nur kurzer Wanderung den Badebuchten entlang, galt es heute wieder ernst. Die letzte grosse Wanderung mit rund sechs Stunden aktueller Wanderzeit stand an, mit erst noch ge<\/span><span style=\"font-size: 11pt;\">sch\u00e4tzten etwa 600 H\u00f6henmetern. Nach Buch w\u00e4re die Etappe sogar acht Stunden und 800 H\u00f6henmeter, aber wir k\u00fcrzten vorne und hinten je eine Stunde, was uns am Anfang einen Aufstieg ersparte. <\/span><\/span><\/p>\n<p class=\"Normal-P\" style=\"margin-bottom: 6pt; text-align: justify; text-justify: inter-ideograph; direction: ltr; unicode-bidi: normal;\"><span class=\"Normal-H\"><span style=\"font-size: 11pt;\">Erstaunlich und ein Plus f\u00fcr Adrian: nach dem anstrengenden vorletzten Tag, wo alle so abgeschlagen heimkehrten, fanden sich nun doch wieder 19 von uns zum letzten &#8216;H\u00e4rtetest&#8217; ein. Der Bus brachte uns in kurzer Fahrt nach Kentroma. Da die K\u00fcstenstrasse dort recht hoch verl\u00e4uft, ersparte uns dies einen ersten Aufstieg welche uns die ausgelassene erste Wanderstunde gebracht h\u00e4tte. Unser Aufstieg zum Bergdorf Porta verlief einmal mehr durch sch\u00f6ne Olivenhaine und lichte W\u00e4lder, und wir gewannen die erste H\u00f6he bei angeregten Gespr\u00e4chen recht m\u00fchelos. In Porta war es nach noch nicht einmal einer Stunde Aufstieg etwas fr\u00fch f\u00fcr eine Einkehr, deshalb rasteten wir dort nur zu einer Verschnaufpause.<\/span><\/span><\/p>\n<\/td>\n<\/tr>\n<tr class=\"-R\">\n<td class=\"-C\" style=\"width: 232.5pt;\">\n<p class=\"Normal-P\" style=\"margin-bottom: 6pt; text-align: justify; text-justify: inter-ideograph; direction: ltr; unicode-bidi: normal;\"><span class=\"Normal-H\"><span style=\"font-size: 11pt;\"><img decoding=\"async\" src=\"http:\/\/www.adrianwood.ch\/wp-content\/uploads\/2018\/03\/1520244667_image1.png\" data-link=\"\" width=\"295px       \" height=\"222px       \"><\/span><\/span><\/p>\n<\/td>\n<td class=\"-C\" style=\"width: 232.5pt;\">\n<p class=\"Normal-P\" style=\"margin-bottom: 6pt; text-align: justify; text-justify: inter-ideograph; direction: ltr; unicode-bidi: normal;\"><span class=\"Normal-H\"><span style=\"font-size: 11pt;\"><img decoding=\"async\" src=\"http:\/\/www.adrianwood.ch\/wp-content\/uploads\/2018\/03\/1520244667_image2.png\" data-link=\"\" width=\"296.980997375328px       \" height=\"223px       \"><\/span><\/span><\/p>\n<\/td>\n<\/tr>\n<tr class=\"-R\" style=\"height: 0; page-break-inside: avoid;\">\n<td class=\"-C\" style=\"width: 465pt;\" colspan=\"2\">\n<p class=\"Normal-P\" style=\"margin-bottom: 6pt; text-align: justify; text-justify: inter-ideograph; direction: ltr; unicode-bidi: normal;\"><span class=\"Normal-H\"><span style=\"font-size: 11pt;\">Es war Pfingstsonntag, und al<\/span><span style=\"font-size: 11pt;\">s wir an der kleinen griechisch <\/span><span style=\"font-size: 11pt;\">orthodoxen Kirche am Ende des Dorfes vorbeikamen, erschall sch\u00f6ner Chorgesang via Lautsprecher aus dem Inneren der Kirche. Durch das offene Kirchenportal konnten wir die Messe beobachten und etwas Weniges von der feierlichen Stimmung erahnen. Aber weiter ging es f\u00fcr uns aufw\u00e4rts durch dichten gr\u00fcnen Wald auf sch\u00f6nem Pfad nach Santa, wo wir aber schon beim ersten Haus vor dem Dorfeingang auf eine nach Buch &#8220;ruhige&#8221; Asphaltstrasse Richtung Mengoulas nach links abbogen.<\/span><\/span><\/p>\n<\/td>\n<\/tr>\n<tr class=\"-R\">\n<td class=\"-C\" style=\"width: 232.5pt;\">\n<p class=\"Normal-P\" style=\"margin-bottom: 6pt; text-align: justify; text-justify: inter-ideograph; direction: ltr; unicode-bidi: normal;\"><span class=\"Normal-H\"><span style=\"font-size: 11pt;\"><img decoding=\"async\" src=\"http:\/\/www.adrianwood.ch\/wp-content\/uploads\/2018\/03\/1520244667_image3.jpeg\" data-link=\"\" width=\"295px       \" height=\"221.249973753281px       \"><\/span><\/span><\/p>\n<\/td>\n<td class=\"-C\" style=\"width: 232.5pt;\">\n<p class=\"Normal-P\" style=\"margin-bottom: 6pt; text-align: justify; text-justify: inter-ideograph; direction: ltr; unicode-bidi: normal;\"><span class=\"Normal-H\"><span style=\"font-size: 11pt;\"><img decoding=\"async\" src=\"http:\/\/www.adrianwood.ch\/wp-content\/uploads\/2018\/03\/1520244667_image4.jpeg\" data-link=\"\" width=\"293.885669291339px       \" height=\"222px       \"><\/span><\/span><\/p>\n<\/td>\n<\/tr>\n<tr class=\"-R\">\n<td class=\"-C\" style=\"width: 465pt;\" colspan=\"2\">\n<p class=\"Normal-P\" style=\"text-align: justify; text-justify: inter-ideograph; direction: ltr; unicode-bidi: normal;\"><span class=\"Normal-H\"><span style=\"font-size: 11pt;\">G\u00f6ttervater Zeus jedoch hegte einen Groll gegen uns Fremd<\/span><span style=\"font-size: 11pt;\">\u00adlinge: unvermittelt liess er Gewitterwolken aufziehen, schleuderte ohne Vorwarnung einen furchter<\/span><span style=\"font-size: 11pt;\">\u00adregenden Blitz in grosse N\u00e4he zu uns und schwang dabei gewaltig seinen Donnerkeil. Dies jagte uns einen grossen Schrecken ein: einige vollf\u00fchrten fast einen Salto. Zeus sandte zur Untermauerung seines Grolls in kurzer Folge noch etwa drei bis vier weitere Blitze mit entsprechendem Get\u00f6se gegen uns, und so waren wir alle bestrebt so rasch wie nur m\u00f6glich das nahe und heute fast verlassene Dorf Mengoulas zu erreichen, wo wir etwas angstvoll in einem alten Turmgem\u00e4uer Schutz suchten. Gl\u00fccklicherweise lenkten Zeus aber bald dringendere Gesch\u00e4fte ab, wahrscheinlich Frauen, und so liess er uns bald wieder zufrieden, das Gewitter verzog sich wieder so rasch wie es gekommen war, und wir konnten weiterziehen.<\/span><\/span><\/p>\n<\/td>\n<\/tr>\n<tr class=\"-R\" style=\"height: 0; page-break-inside: avoid;\">\n<td class=\"-C\" style=\"width: 465pt;\" colspan=\"2\">\n<p class=\"Normal-P\" style=\"text-align: center; direction: ltr; unicode-bidi: normal;\"><span class=\"Normal-H\"><span style=\"font-size: 11pt;\"><img decoding=\"async\" src=\"http:\/\/www.adrianwood.ch\/wp-content\/uploads\/2018\/03\/1520244667_image5.jpeg\" data-link=\"\" width=\"600.932388451444px       \" height=\"405px       \"><\/span><\/span><\/p>\n<\/td>\n<\/tr>\n<tr class=\"-R\" style=\"height: 0; page-break-inside: avoid;\">\n<td class=\"-C\" style=\"width: 465pt;\" colspan=\"2\">\n<p class=\"Normal-P\" style=\"margin-bottom: 6pt; text-align: justify; text-justify: inter-ideograph; direction: ltr; unicode-bidi: normal;\"><span class=\"Normal-H\"><span style=\"font-size: 11pt;\">Der weitere Aufstieg durch bl\u00fchende Ginsterfelder auf nicht sehr steilem Str\u00e4sschen wurde durch sch\u00f6ne Ausblicke in die Tiefe und auf das Meer versch\u00f6nt. Wir genossen die Aussicht, die Ruhe und das Blumenmeer.In etwa 1 \u00bd Stunden erreichten wir den High Col. Diesen hatten wir schon vor zwei Tagen auf unserer damaligen langen Tour \u00fcberquert. Ich realisierte, dass man sich damals den langen Wiederaufstieg an der heissen Nachmittagssonne h\u00e4tte ersparen k\u00f6nnen, wenn wir damals unseren sanft ansteigenden Weg anstatt den Weg nach Old Sinies als Abstieg gew\u00e4hlt h\u00e4tten und dass wir weiter unten ohne nennenswerte Gegensteigung <\/span><span style=\"font-size: 11pt;\">in kuzem Wegst\u00fcck den zweiten Sattel der damaligen Tour leicht h\u00e4tten erreichen k\u00f6nnen. Aber das w\u00e4re nicht nach Buch gewesen und wir h\u00e4tten das Ruinendorf Old Sinies so nicht gesehen und durchwandert! Der Kulminationspunkt des heutigen Tages war mit dem High Col erreicht und wir wanderten nach einer Essensrast aus dem Rucksack ein kurzes St\u00fcck auf bequemer Strasse bergab.<\/span><\/span><\/p>\n<\/td>\n<\/tr>\n<tr class=\"-R\">\n<td class=\"-C\" style=\"width: 232.5pt;\">\n<p class=\"Normal-P\" style=\"margin-bottom: 6pt; text-align: justify; text-justify: inter-ideograph; direction: ltr; unicode-bidi: normal;\"><span class=\"Normal-H\"><span style=\"font-size: 11pt;\"><img decoding=\"async\" src=\"http:\/\/www.adrianwood.ch\/wp-content\/uploads\/2018\/03\/1520244667_image6.png\" data-link=\"\" width=\"295px       \" height=\"222px       \"><\/span><\/span><\/p>\n<\/td>\n<td class=\"-C\" style=\"width: 232.5pt;\">\n<p class=\"Normal-P\" style=\"margin-bottom: 6pt; text-align: justify; text-justify: inter-ideograph; direction: ltr; unicode-bidi: normal;\"><span class=\"Normal-H\"><span style=\"font-size: 11pt;\"><img decoding=\"async\" src=\"http:\/\/www.adrianwood.ch\/wp-content\/uploads\/2018\/03\/1520244667_image7.png\" data-link=\"\" width=\"295px       \" height=\"221px       \"><\/span><\/span><\/p>\n<\/td>\n<\/tr>\n<tr class=\"-R\" style=\"height: 0; page-break-inside: avoid;\">\n<td class=\"-C\" style=\"width: 465pt;\" colspan=\"2\">\n<p class=\"Normal-P\" style=\"margin-bottom: 6pt; text-align: justify; text-justify: inter-ideograph; direction: ltr; unicode-bidi: normal;\"><span class=\"Normal-H\"><span style=\"font-size: 11pt;\">Jetzt aber wurde es wieder ernst. Ein Steinh\u00e4ufchen am Wegrand zeigte den Einstieg zu einem Pfad, den man kaum erkennen konnte. Auch im Buch stand, der Pfad sei schwierig zu erkennen. Durch dichtes Farngestr\u00fcpp suchten wir den kaum sichtbaren Pfad, einigen n\u00fctzlichen Anweisungen im Buch wie &#8220;Baum ansteuern&#8221; (welchen?), &#8220;kleines Ruinengem\u00e4uer rechts&#8221;, &#8220;Steingem\u00e4uer entlangehen&#8221; (welchem?), &#8220;Gully linke Seite&#8221; (welches Gully?) nachfolgend. Pfadfindertum war im dichten Gestr\u00fcpp gefragt. Ein Schuh blieb in einer Steinspalte h\u00e4ngen und ging fast verloren. Schliesslich wurde der Weg aber doch wieder klarer und wir kamen, auf der linken Seite eines Gully<\/span><span style=\"font-size: 11pt;\"> absteigend, auf ein Str\u00e4sschen hinunter.<\/span><\/span><\/p>\n<p class=\"Normal-P\" style=\"margin-bottom: 6pt; text-align: justify; text-justify: inter-ideograph; direction: ltr; unicode-bidi: normal;\"><span class=\"Normal-H\"><span style=\"font-size: 11pt;\">Old Perithia, heute nahezu verlassen, war nah. Die nicht mehr genutzte Kirche wie auch andere verfallende einst stattliche H\u00e4user erzeugten beim Durchwandern ein leicht beklemmendes Gef\u00fchl. Aber halt, es gab auch ein kleines Bauger\u00fcst: kehren einige Talbewohner wieder zur\u00fcck in das Bergdorf, wenn vielleicht auch nur zum Wochenendaufenthalt?<\/span><\/span><\/p>\n<\/td>\n<\/tr>\n<tr class=\"-R\">\n<td class=\"-C\" style=\"width: 232.5pt;\">\n<p class=\"Normal-P\" style=\"margin-bottom: 6pt; text-align: justify; text-justify: inter-ideograph; direction: ltr; unicode-bidi: normal;\"><span class=\"Normal-H\"><span style=\"font-size: 11pt;\"><img decoding=\"async\" src=\"http:\/\/www.adrianwood.ch\/wp-content\/uploads\/2018\/03\/1520244667_image8.png\" data-link=\"\" width=\"295px       \" height=\"222px       \"><\/span><\/span><\/p>\n<\/td>\n<td class=\"-C\" style=\"width: 232.5pt;\">\n<p class=\"Normal-P\" style=\"text-align: justify; text-justify: inter-ideograph; direction: ltr; unicode-bidi: normal;\"><span class=\"Normal-H\"><span style=\"font-size: 11pt;\"><img decoding=\"async\" src=\"http:\/\/www.adrianwood.ch\/wp-content\/uploads\/2018\/03\/1520244667_image9.png\" data-link=\"\" width=\"295px       \" height=\"221px       \"><\/span><\/span><\/p>\n<\/td>\n<\/tr>\n<tr class=\"-R\">\n<td class=\"-C\" style=\"width: 465pt;\" colspan=\"2\">\n<p class=\"Normal-P\" style=\"margin-bottom: 6pt; text-align: justify; text-justify: inter-ideograph; direction: ltr; unicode-bidi: normal;\"><span class=\"Normal-H\"><span style=\"font-size: 11pt;\">Eine wie mir schien Fata Morgana weckte mich aus der etwas schwerm\u00fctigen Tr\u00e4umerei auf. War dort geradeaus vorn oben nicht eine Restaurant-Terrasse?? Wie sich herausstellte, gab es sogar zwei Restaurants!! Um nicht einen der beiden Wirte zu entt\u00e4uschen, teilten wir uns auf die beiden heimeligen und typisch lokalen Tavernen auf. In meiner Gruppe schmeckten einheimische Bratw\u00fcrste mit einem Glas Bier herrlich. Brigitte liess sich zu einem besonderen Schlemmermahl hinreissen!<\/span><\/span><\/p>\n<p class=\"Normal-P\" style=\"margin-bottom: 6pt; text-align: justify; text-justify: inter-ideograph; direction: ltr; unicode-bidi: normal;\"><span class=\"Normal-H\"><span style=\"font-size: 11pt;\">Wir merkten \u00fcberhaupt nicht, dass w\u00e4hrend dem ganz nahe von uns ein Gewitter mit Hagel vorbei-zog, denn wo wir waren, regnete es kaum. Nach einer Stunde zogen wir wieder weiter. Ein St\u00fcck breiten Weges, der in ein T\u00e4lchen f\u00fchrte und dann endete, f\u00fchrte uns auf einen schmalen, aber gut befolgbaren Pfad. Jetzt erst sahen wir, dass Hagel am Boden lag! Und schon ging es durch klatschnasses und dichtes Farngestr\u00fcpp. Unsere Schuhe waren im Nu durchn\u00e4sst, auch eventuelle lange Hosen. Bald aber weitete sich der Weg und n\u00e4herte sich in kleinem Zickzack dem Talgrund. Es ging jetzt auf gutem Weg durch herrlich gr\u00fcnen dichten Wald. Nach gut eineinhalb Stunden erreichten wir Krinias &#8211; kein Restaurant &#8211; und bald darauf nach kurzem Ab- und Aufstieg Portes. <\/span><\/span><\/p>\n<\/td>\n<\/tr>\n<tr class=\"-R\">\n<td class=\"-C\" style=\"width: 232.5pt;\">\n<p class=\"Normal-P\" style=\"margin-bottom: 6pt; text-align: justify; text-justify: inter-ideograph; direction: ltr; unicode-bidi: normal;\"><span class=\"Normal-H\"><span style=\"font-size: 11pt;\"><img decoding=\"async\" src=\"http:\/\/www.adrianwood.ch\/wp-content\/uploads\/2018\/03\/1520244667_image10.png\" data-link=\"\" width=\"295px       \" height=\"222px       \"><\/span><\/span><\/p>\n<\/td>\n<td class=\"-C\" style=\"width: 232.5pt;\">\n<p class=\"Normal-P\" style=\"margin-bottom: 6pt; text-align: justify; text-justify: inter-ideograph; direction: ltr; unicode-bidi: normal;\"><span class=\"Normal-H\"><span style=\"font-size: 11pt;\"><img decoding=\"async\" src=\"http:\/\/www.adrianwood.ch\/wp-content\/uploads\/2018\/03\/1520244667_image11.jpeg\" data-link=\"\" width=\"297px       \" height=\"223px       \"><\/span><\/span><\/p>\n<\/td>\n<\/tr>\n<tr class=\"-R\" style=\"height: 0; page-break-inside: avoid;\">\n<td class=\"-C\" style=\"width: 465pt;\" colspan=\"2\">\n<p class=\"Normal-P\" style=\"margin-top: 6pt; margin-bottom: 6pt; text-align: justify; text-justify: inter-ideograph; direction: ltr; unicode-bidi: normal;\"><span class=\"Normal-H\"><span style=\"font-size: 11pt;\">In einem sch\u00f6nen Eichenhain machten wir noch eine letzte Rast bevor wir in einer weiteren knappen Stunde bei sch\u00f6ner Wanderung durch weitere Olivenhaine, ehemalige Mandel<\/span><span style=\"font-size: 11pt;\">\u00adbaum-Anpflanzungen und Eichen<\/span><span style=\"font-size: 11pt;\">\u00adw\u00e4ldern die Hauptstrasse bei Almiros, nahe zur K\u00fcste, erreichten, wo uns p\u00fcnktlich um halb f\u00fcnf der Bus abholte um uns \u00fcber die sch\u00f6ne K\u00fcstenstrasse via n\u00f6rdlichster Punkt von Korfu wieder heimzuf\u00fchren. Wir waren alle gl\u00fccklich und zufrieden \u00fcber den sch\u00f6nen Tag!<\/span><\/span><\/p>\n<p class=\"Normal-P\" style=\"margin-bottom: 6pt; text-align: justify; text-justify: inter-ideograph; direction: ltr; unicode-bidi: normal;\"><span class=\"Normal-H\"><span style=\"font-size: 11pt;\"> Ren\u00e9<\/span><\/span><\/p>\n<\/td>\n<\/tr>\n<tr class=\"-R\" style=\"height: 0; page-break-inside: avoid;\">\n<td class=\"-C\" style=\"width: 465pt;\" colspan=\"2\">\n<p class=\"Normal-P\" style=\"margin-top: 6pt; margin-bottom: 12pt; text-align: justify; text-justify: inter-ideograph; direction: ltr; unicode-bidi: normal;\"><span class=\"Normal-H\"><span style=\"font-weight: bold; font-size: 11pt;\">Apero bei unserem Pool am vorletzten Abend<\/span><\/span><\/p>\n<\/td>\n<\/tr>\n<tr class=\"-R\" style=\"height: 0; page-break-inside: avoid;\">\n<td class=\"-C\" style=\"width: 232.5pt;\">\n<p class=\"Normal-P\" style=\"margin-top: 6pt; margin-bottom: 6pt; text-align: justify; text-justify: inter-ideograph; direction: ltr; unicode-bidi: normal;\"><span class=\"Normal-H\"><span style=\"font-size: 11pt;\"><img decoding=\"async\" src=\"http:\/\/www.adrianwood.ch\/wp-content\/uploads\/2018\/03\/1520244667_image12.jpeg\" data-link=\"\" width=\"300px       \" height=\"225px       \"><\/span><\/span><\/p>\n<\/td>\n<td class=\"-C\" style=\"width: 232.5pt;\">\n<p class=\"Normal-P\" style=\"margin-top: 6pt; margin-bottom: 6pt; text-align: justify; text-justify: inter-ideograph; direction: ltr; unicode-bidi: normal;\"><span class=\"Normal-H\"><span style=\"font-size: 11pt;\"><img decoding=\"async\" src=\"http:\/\/www.adrianwood.ch\/wp-content\/uploads\/2018\/03\/1520244667_image13.jpeg\" data-link=\"\" width=\"297px       \" height=\"223px       \"><\/span><\/span><\/p>\n<\/td>\n<\/tr>\n<tr class=\"-R\" style=\"height: 0; page-break-inside: avoid;\">\n<td class=\"-C\" style=\"width: 465pt;\" colspan=\"2\">\n<p class=\"Normal-P\" style=\"margin-top: 6pt; margin-bottom: 6pt; text-align: justify; text-justify: inter-ideograph; direction: ltr; unicode-bidi: normal;\"><span class=\"Normal-H\"><span style=\"font-size: 11pt;\"><img decoding=\"async\" src=\"http:\/\/www.adrianwood.ch\/wp-content\/uploads\/2018\/03\/1520244667_image14.jpeg\" data-link=\"\" width=\"607px       \" height=\"303px       \"><\/span><\/span><\/p>\n<\/td>\n<\/tr>\n<tr class=\"-R\" style=\"height: 0; page-break-inside: avoid;\">\n<td class=\"-C\" style=\"width: 232.5pt;\">\n<p class=\"Normal-P\" style=\"margin-top: 6pt; margin-bottom: 6pt; text-align: justify; text-justify: inter-ideograph; direction: ltr; unicode-bidi: normal;\"><span class=\"Normal-H\"><span style=\"font-size: 11pt;\"><img decoding=\"async\" src=\"http:\/\/www.adrianwood.ch\/wp-content\/uploads\/2018\/03\/1520244667_image15.jpeg\" data-link=\"\" width=\"300px       \" height=\"225px       \"><\/span><\/span><\/p>\n<\/td>\n<td class=\"-C\" style=\"width: 232.5pt;\">\n<p class=\"Normal-P\" style=\"margin-top: 6pt; margin-bottom: 6pt; text-align: justify; text-justify: inter-ideograph; direction: ltr; unicode-bidi: normal;\"><span class=\"Normal-H\"><span style=\"font-size: 11pt;\"><img decoding=\"async\" src=\"http:\/\/www.adrianwood.ch\/wp-content\/uploads\/2018\/03\/1520244667_image16.jpeg\" data-link=\"\" width=\"306px       \" height=\"230px       \"><\/span><\/span><\/p>\n<\/td>\n<\/tr>\n<p><!-- [if !supportMisalignedColumns]--><\/tbody>\n<\/table>\n<\/div>\n","protected":false},"excerpt":{"rendered":"<p>30. Mai, Kentroma \u2013 Verlassene D\u00f6rfer \u2013 Portes Nach dem sch\u00f6nen Ruhetag in Kalami Beach, mit nur kurzer Wanderung den Badebuchten entlang, galt es heute wieder ernst. Die letzte grosse Wanderung mit rund sechs Stunden aktueller Wanderzeit stand an, mit erst noch gesch\u00e4tzten etwa 600 H\u00f6henmetern. Nach Buch w\u00e4re die Etappe sogar acht Stunden und &hellip; <a href=\"https:\/\/www.adrianwood.ch\/?page_id=16471\" class=\"more-link\">Continue reading <span class=\"screen-reader-text\">05-30 Portes<\/span> <span class=\"meta-nav\">&rarr;<\/span><\/a><\/p>\n","protected":false},"author":1,"featured_media":0,"parent":16195,"menu_order":2215,"comment_status":"closed","ping_status":"closed","template":"","meta":{"ngg_post_thumbnail":0,"footnotes":""},"class_list":["post-16471","page","type-page","status-publish","hentry"],"_links":{"self":[{"href":"https:\/\/www.adrianwood.ch\/index.php?rest_route=\/wp\/v2\/pages\/16471","targetHints":{"allow":["GET"]}}],"collection":[{"href":"https:\/\/www.adrianwood.ch\/index.php?rest_route=\/wp\/v2\/pages"}],"about":[{"href":"https:\/\/www.adrianwood.ch\/index.php?rest_route=\/wp\/v2\/types\/page"}],"author":[{"embeddable":true,"href":"https:\/\/www.adrianwood.ch\/index.php?rest_route=\/wp\/v2\/users\/1"}],"replies":[{"embeddable":true,"href":"https:\/\/www.adrianwood.ch\/index.php?rest_route=%2Fwp%2Fv2%2Fcomments&post=16471"}],"version-history":[{"count":2,"href":"https:\/\/www.adrianwood.ch\/index.php?rest_route=\/wp\/v2\/pages\/16471\/revisions"}],"predecessor-version":[{"id":16489,"href":"https:\/\/www.adrianwood.ch\/index.php?rest_route=\/wp\/v2\/pages\/16471\/revisions\/16489"}],"up":[{"embeddable":true,"href":"https:\/\/www.adrianwood.ch\/index.php?rest_route=\/wp\/v2\/pages\/16195"}],"wp:attachment":[{"href":"https:\/\/www.adrianwood.ch\/index.php?rest_route=%2Fwp%2Fv2%2Fmedia&parent=16471"}],"curies":[{"name":"wp","href":"https:\/\/api.w.org\/{rel}","templated":true}]}}