{"id":165,"date":"2011-01-05T10:48:36","date_gmt":"2011-01-05T09:48:36","guid":{"rendered":"http:\/\/adrianwood.ch\/"},"modified":"2011-01-05T10:48:36","modified_gmt":"2011-01-05T09:48:36","slug":"05-09-fairfield","status":"publish","type":"page","link":"https:\/\/www.adrianwood.ch\/?page_id=165","title":{"rendered":"05-09 Fairfield"},"content":{"rendered":"<h2>8. Mai, Anreise und\u00a09. Mai, Grasmere &#8211; Fairfield &#8211; Dove Crag &#8211; Ambleside<\/h2>\n<table border=\"0\" cellspacing=\"0\" cellpadding=\"0\">\n<tbody>\n<tr>\n<td colspan=\"2\" width=\"657\" valign=\"top\">Nach einem glatten Flug mit SWISS von Basel (ab 11.35) nach Manchester (an 12.35 Local Time), ohne Behinderung durch die Asche des isl\u00e4ndischen Vulkanausbruchs, und problemlosem Bustransfer erreichen<\/td>\n<\/tr>\n<tr>\n<td width=\"326\" valign=\"top\">\u00a0<img decoding=\"async\" class=\"ngg-singlepic ngg-none\" src=\"http:\/\/adrianwood.ch\/wp-content\/gallery\/nordengland09\/image002.jpg\" alt=\"image002\" \/><\/td>\n<td width=\"331\" valign=\"top\">\u00a0<img decoding=\"async\" class=\"ngg-singlepic ngg-none\" src=\"http:\/\/adrianwood.ch\/wp-content\/gallery\/nordengland09\/image004.jpg\" alt=\"image004\" \/><\/td>\n<\/tr>\n<tr>\n<td width=\"326\" valign=\"top\">wir bei sonnigen Wetter Windermere, wo wir die Eink\u00e4ufe im Booths neben dem Bahnhof f\u00fcr morgen Sonntag t\u00e4tigen.Der Bus f\u00e4hrt uns dann weiter nach Grasmere zu unserem Red Lion Hotel. Das Wetter ist k\u00fchl aber trocken. Das gute und reichliche Nachtessen im Hotel ist mit Unterhaltung durch eine lokale Geburtstagsfeier gew\u00fcrzt. Spazierg\u00e4nge durchs abendliche Grasmere bis zum idyllischen See schliessen unseren ersten Abend in Nordengland ab.<\/p>\n<h2>\u00a0<\/h2>\n<h2>9. Mai, Fairfield<\/h2>\n<\/td>\n<td width=\"331\" valign=\"top\">\u00a0<img decoding=\"async\" class=\"ngg-singlepic ngg-none\" src=\"http:\/\/adrianwood.ch\/wp-content\/gallery\/nordengland09\/image006.jpg\" alt=\"image006\" \/><\/td>\n<\/tr>\n<tr>\n<td colspan=\"2\" width=\"657\" valign=\"top\">Das erste reichliche English Breakfast gibt uns genug Kalorien f\u00fcr die heutige Wanderung! Adrian\u2019s Bruder Peter st\u00f6sst schon beim Fr\u00fchstuck zu uns und begleitet uns auf der heutigen Wanderung.<\/td>\n<\/tr>\n<tr>\n<td width=\"326\" valign=\"top\">\u00a0<img decoding=\"async\" class=\"ngg-singlepic ngg-none\" src=\"http:\/\/adrianwood.ch\/wp-content\/gallery\/nordengland09\/image008.jpg\" alt=\"image008\" \/><\/td>\n<td width=\"331\" valign=\"top\">\u00a0<img decoding=\"async\" class=\"ngg-singlepic ngg-none\" src=\"http:\/\/adrianwood.ch\/wp-content\/gallery\/nordengland09\/image010.jpg\" alt=\"image010\" \/><\/td>\n<\/tr>\n<tr>\n<td width=\"326\" valign=\"top\">\u00a0<img decoding=\"async\" class=\"ngg-singlepic ngg-none\" src=\"http:\/\/adrianwood.ch\/wp-content\/gallery\/nordengland09\/image012.jpg\" alt=\"image012\" \/><\/td>\n<td width=\"331\" valign=\"top\">\u00a0<img decoding=\"async\" class=\"ngg-singlepic ngg-none\" src=\"http:\/\/adrianwood.ch\/wp-content\/gallery\/nordengland09\/image014.jpg\" alt=\"image014\" \/><\/td>\n<\/tr>\n<tr>\n<td colspan=\"2\" width=\"657\" valign=\"top\">18 Wanderer (zwei laufen \u00fcber Loughrigg nach Ambleside) starten um 9.15 Uhr und nach Michael\u2019s Fold beginnt ein recht steiler Anstieg am Felsvorsprung Stone Arthur vorbei bis zum ersten richtigen Gipfel, dem Great Rigg auf 767 m, der sich bei mildem sonnigem Wetter zeigt.<\/td>\n<\/tr>\n<tr>\n<td width=\"326\" valign=\"top\">\u00a0<img decoding=\"async\" class=\"ngg-singlepic ngg-none\" src=\"http:\/\/adrianwood.ch\/wp-content\/gallery\/nordengland09\/image016.jpg\" alt=\"image016\" \/><\/td>\n<td width=\"331\" valign=\"top\">\u00a0<img decoding=\"async\" class=\"ngg-singlepic ngg-none\" src=\"http:\/\/adrianwood.ch\/wp-content\/gallery\/nordengland09\/image018.jpg\" alt=\"image018\" \/><\/td>\n<\/tr>\n<tr>\n<td colspan=\"2\" width=\"657\" valign=\"top\">Weiter steigt es steil zum h\u00f6chsten Punkt unserer Bergwanderung hinauf, dem Fairfield auf 873 m H\u00f6he mit sch\u00f6nem Rundblick auf die Lakes. Doch ist es bedeckt, kalt und windig, sodass der Rast nur kurz dauert. Die Mittagspause machen wir etwas weiter unten im Windschatten.<\/td>\n<\/tr>\n<tr>\n<td width=\"326\" valign=\"top\">\u00a0<img decoding=\"async\" class=\"ngg-singlepic ngg-none\" src=\"http:\/\/adrianwood.ch\/wp-content\/gallery\/nordengland09\/image020.jpg\" alt=\"image020\" \/><\/td>\n<td width=\"331\" valign=\"top\">\u00a0<img decoding=\"async\" class=\"ngg-singlepic ngg-none\" src=\"http:\/\/adrianwood.ch\/wp-content\/gallery\/nordengland09\/image022.jpg\" alt=\"image022\" \/><\/td>\n<\/tr>\n<tr>\n<td colspan=\"2\" width=\"657\" valign=\"top\">Nun geht es etwas weniger steil auf und ab zum Hart Crag (822 m, kalt), Dove Crag (792 m, sonnig und mild mit sch\u00f6ner Aussicht), High Pike (656 m) und Low Pike (507 m) via Low Sweden Bridge bis nach Ambleside (63 m) hinunter. Es ist ein lebendiges St\u00e4dtchen mit vielen kleinen Gesch\u00e4ften, Restaurants und Pubs. So kehren wir durstig im Hotel White Lion zu einem Bier ein.<\/td>\n<\/tr>\n<tr>\n<td width=\"326\" valign=\"top\">\u00a0<img decoding=\"async\" class=\"ngg-singlepic ngg-none\" src=\"http:\/\/adrianwood.ch\/wp-content\/gallery\/nordengland09\/image024.jpg\" alt=\"image024\" \/><\/td>\n<td width=\"331\" valign=\"top\">\u00a0<img decoding=\"async\" class=\"ngg-singlepic ngg-none\" src=\"http:\/\/adrianwood.ch\/wp-content\/gallery\/nordengland09\/image026.jpg\" alt=\"image026\" \/><\/td>\n<\/tr>\n<tr>\n<td colspan=\"2\" width=\"657\" valign=\"top\">Der oben offene Doppeldeckerbus f\u00fchrt uns nach Grasmere zur\u00fcck. Das Wetter war also wechselhaft aber trocken. Der Aufstieg betrug 980 m, der Abstieg 975 m, die Streckenl\u00e4nge 15 km und die reine Marschzeit 5 \u00bd Stunden. Abends ist freies Nachtessen vorgesehen, so z.B. im originell ausgestatteten Restaurant \u201eThe Jumble Room\u201c, wo Adrian, Peter, Hanspeter und der Schreibende ausgezeichnet gespeist haben. Doch etwas m\u00fcde sinken wir in die Federn und freuen uns auf den morgigen Tag.Philippe<\/td>\n<\/tr>\n<\/tbody>\n<\/table>\n<p><img decoding=\"async\" class=\"ngg-singlepic ngg-none\" src=\"http:\/\/adrianwood.ch\/wp-content\/gallery\/nordengland09\/image027.jpg\" alt=\"image027\" \/><\/p>\n","protected":false},"excerpt":{"rendered":"<p>8. Mai, Anreise und\u00a09. Mai, Grasmere &#8211; Fairfield &#8211; Dove Crag &#8211; Ambleside Nach einem glatten Flug mit SWISS von Basel (ab 11.35) nach Manchester (an 12.35 Local Time), ohne Behinderung durch die Asche des isl\u00e4ndischen Vulkanausbruchs, und problemlosem Bustransfer erreichen \u00a0 \u00a0 wir bei sonnigen Wetter Windermere, wo wir die Eink\u00e4ufe im Booths neben &hellip; <a href=\"https:\/\/www.adrianwood.ch\/?page_id=165\" class=\"more-link\">Continue reading <span class=\"screen-reader-text\">05-09 Fairfield<\/span> <span class=\"meta-nav\">&rarr;<\/span><\/a><\/p>\n","protected":false},"author":1,"featured_media":0,"parent":159,"menu_order":2364,"comment_status":"closed","ping_status":"closed","template":"","meta":{"ngg_post_thumbnail":0,"footnotes":""},"class_list":["post-165","page","type-page","status-publish","hentry"],"_links":{"self":[{"href":"https:\/\/www.adrianwood.ch\/index.php?rest_route=\/wp\/v2\/pages\/165","targetHints":{"allow":["GET"]}}],"collection":[{"href":"https:\/\/www.adrianwood.ch\/index.php?rest_route=\/wp\/v2\/pages"}],"about":[{"href":"https:\/\/www.adrianwood.ch\/index.php?rest_route=\/wp\/v2\/types\/page"}],"author":[{"embeddable":true,"href":"https:\/\/www.adrianwood.ch\/index.php?rest_route=\/wp\/v2\/users\/1"}],"replies":[{"embeddable":true,"href":"https:\/\/www.adrianwood.ch\/index.php?rest_route=%2Fwp%2Fv2%2Fcomments&post=165"}],"version-history":[{"count":0,"href":"https:\/\/www.adrianwood.ch\/index.php?rest_route=\/wp\/v2\/pages\/165\/revisions"}],"up":[{"embeddable":true,"href":"https:\/\/www.adrianwood.ch\/index.php?rest_route=\/wp\/v2\/pages\/159"}],"wp:attachment":[{"href":"https:\/\/www.adrianwood.ch\/index.php?rest_route=%2Fwp%2Fv2%2Fmedia&parent=165"}],"curies":[{"name":"wp","href":"https:\/\/api.w.org\/{rel}","templated":true}]}}