{"id":16622,"date":"2018-07-20T16:23:17","date_gmt":"2018-07-20T16:23:17","guid":{"rendered":"http:\/\/www.adrianwood.ch\/?page_id=16622"},"modified":"2018-07-22T10:38:53","modified_gmt":"2018-07-22T10:38:53","slug":"santorin","status":"publish","type":"page","link":"https:\/\/www.adrianwood.ch\/?page_id=16622","title":{"rendered":"Santorin"},"content":{"rendered":"<figure id=\"attachment_16623\" aria-describedby=\"caption-attachment-16623\" style=\"width: 1620px\" class=\"wp-caption alignleft\"><a href=\"http:\/\/www.adrianwood.ch\/wp-content\/uploads\/2018\/07\/KYK_2631.jpg\"><img loading=\"lazy\" decoding=\"async\" class=\"size-full wp-image-16623\" src=\"http:\/\/www.adrianwood.ch\/wp-content\/uploads\/2018\/07\/KYK_2631.jpg\" alt=\"\" width=\"1620\" height=\"1080\" srcset=\"https:\/\/www.adrianwood.ch\/wp-content\/uploads\/2018\/07\/KYK_2631.jpg 1620w, https:\/\/www.adrianwood.ch\/wp-content\/uploads\/2018\/07\/KYK_2631-300x200.jpg 300w, https:\/\/www.adrianwood.ch\/wp-content\/uploads\/2018\/07\/KYK_2631-768x512.jpg 768w, https:\/\/www.adrianwood.ch\/wp-content\/uploads\/2018\/07\/KYK_2631-1024x683.jpg 1024w\" sizes=\"auto, (max-width: 1620px) 100vw, 1620px\" \/><\/a><figcaption id=\"caption-attachment-16623\" class=\"wp-caption-text\">Aussicht auf Fira und Oia am Kraterrand von Profitis Elias<\/figcaption><\/figure>\n<p><strong>Santorin<\/strong><\/p>\n<p>Die Insel Santorin geh\u00f6rt zu den ber\u00fchmtesten Inseln der Welt und ist ein Wahrzeichen Griechenlands. San\u00adto\u00adrin wurde mehrfach zu den sch\u00f6nsten Inseln der Welt gez\u00e4hlt. Zweifellos ist das Panorama \u00fcber den fast senkrechten Rand der vulkanischen Caldera \u00fcber die jungen Vulkaninseln hinweg ein sehr spekta\u00adku\u00adl\u00e4r\u00ader und aufregender Anblick. Eine Wanderung am Rand dieser Caldera entlang ist deshalb ein \u201eMuss\u201c auf Santorin. Die Insel war schon in der Bronzezeit f\u00fcr den Menschen attraktiv. Zu dieser Zeit entstand auf der Insel eine Stadt, die uns durch die sie \u00fcberdeckenden Vulkanaschen sehr gut erhalten ist. Wir besuchen diese Ausgrabung und wandern danach entlang der Kliffs der S\u00fcdk\u00fcste. Eine andere Wanderung f\u00fchrt uns nach Alt Thera, die Siedlung der Insel in antiker Zeit. Nicht fehlen darf ein Besuch des bis 1950 aktiven Vul\u00adkans auf der Vulkaninsel <u>Nea Kameni<\/u> und der stillen Nachbarinsel <u>Thirassia<\/u>.<\/p>\nngg_shortcode_0_placeholder\n<ol>\n<li>Tag (So, 13.05.2018)<\/li>\n<\/ol>\n<p>Abends Ankunft aus Z\u00fcrich in Santorin; Transfer ins Hotel; Abendessen<\/p>\n<ol start=\"2\">\n<li>Tag (Mo, 14.05.2018)<\/li>\n<\/ol>\n<p>Morgens Fahrt nach Oia; Ortsbesichtigung; kurze Erl\u00e4uterung zum Vulkanismus auf Santorin und zur Ent\u00adstehung der vulkanischen Caldera; Wanderung entlang des ber\u00fchmten Calderarandweges nach Fira; 4 Std. Fahrt ins Hotel (Ankunft ca. 17:00h)<\/p>\n<ol start=\"3\">\n<li>Tag (Di, 15.05.2018)<\/li>\n<\/ol>\n<p>Vormittags Fahrt an die S\u00fcdk\u00fcste nach Akrotiri; Besichtigung der Ausgrabung der bronzezeitlichen Siedlung von Akrotiri; Wanderung entlang der Steilk\u00fcste nach Vlychada, Besichtigung des Tomatenmuseums, Weiter\u00adwanderung entlang der K\u00fcste nach Perissa. 4 Std. Bus- oder Bootsfahrt nach Kamari (Ankunft ca. 17:30h)<\/p>\n<ol start=\"4\">\n<li>Tag (Mi, 16.05.2018)<\/li>\n<\/ol>\n<p>Morgens Fahrt nach Fira; Abstieg in den Alten Hafen; Bootsfahrt nach Nea Kameni; Besuch des Vulkans von Nea Kameni; Weiterfahrt zu den warmen Quellen von Palea Kameni; Badem\u00f6glichkeit; Weiterfahrt nach Thirasia; Aufstieg nach Manolas (M\u00f6glichkeit zum Mittagessen); Wanderung \u00fcber Thirasia nach Riva (Bade\u00adm\u00f6g\u00adlich\u00adkeit); 3 Std. \u00dcberfahrt nach Ammoudi\/Oia; Fahrt ins Hotel (Ankunft ca. 19:00h)<\/p>\n<ol start=\"5\">\n<li>Tag (Do, 17.05.2018)<\/li>\n<\/ol>\n<p>Morgens Aufstieg nach Alt Thera, Besichtigung der antiken Ausgrabungsst\u00e4tte. 1.5 Std. Mittags (ca. 14:00h) Transfer zum Hafen Athinios; \u00dcberfahrt nach <strong>Naxos<\/strong>; Transfer ins Hotel; Abendessen<\/p>\n","protected":false},"excerpt":{"rendered":"<p>Santorin Die Insel Santorin geh\u00f6rt zu den ber\u00fchmtesten Inseln der Welt und ist ein Wahrzeichen Griechenlands. San\u00adto\u00adrin wurde mehrfach zu den sch\u00f6nsten Inseln der Welt gez\u00e4hlt. Zweifellos ist das Panorama \u00fcber den fast senkrechten Rand der vulkanischen Caldera \u00fcber die jungen Vulkaninseln hinweg ein sehr spekta\u00adku\u00adl\u00e4r\u00ader und aufregender Anblick. Eine Wanderung am Rand dieser Caldera &hellip; <a href=\"https:\/\/www.adrianwood.ch\/?page_id=16622\" class=\"more-link\">Continue reading <span class=\"screen-reader-text\">Santorin<\/span> <span class=\"meta-nav\">&rarr;<\/span><\/a><\/p>\n","protected":false},"author":1,"featured_media":0,"parent":16596,"menu_order":2583,"comment_status":"closed","ping_status":"closed","template":"","meta":{"ngg_post_thumbnail":0,"footnotes":""},"class_list":["post-16622","page","type-page","status-publish","hentry"],"_links":{"self":[{"href":"https:\/\/www.adrianwood.ch\/index.php?rest_route=\/wp\/v2\/pages\/16622","targetHints":{"allow":["GET"]}}],"collection":[{"href":"https:\/\/www.adrianwood.ch\/index.php?rest_route=\/wp\/v2\/pages"}],"about":[{"href":"https:\/\/www.adrianwood.ch\/index.php?rest_route=\/wp\/v2\/types\/page"}],"author":[{"embeddable":true,"href":"https:\/\/www.adrianwood.ch\/index.php?rest_route=\/wp\/v2\/users\/1"}],"replies":[{"embeddable":true,"href":"https:\/\/www.adrianwood.ch\/index.php?rest_route=%2Fwp%2Fv2%2Fcomments&post=16622"}],"version-history":[{"count":3,"href":"https:\/\/www.adrianwood.ch\/index.php?rest_route=\/wp\/v2\/pages\/16622\/revisions"}],"predecessor-version":[{"id":17073,"href":"https:\/\/www.adrianwood.ch\/index.php?rest_route=\/wp\/v2\/pages\/16622\/revisions\/17073"}],"up":[{"embeddable":true,"href":"https:\/\/www.adrianwood.ch\/index.php?rest_route=\/wp\/v2\/pages\/16596"}],"wp:attachment":[{"href":"https:\/\/www.adrianwood.ch\/index.php?rest_route=%2Fwp%2Fv2%2Fmedia&parent=16622"}],"curies":[{"name":"wp","href":"https:\/\/api.w.org\/{rel}","templated":true}]}}