{"id":16638,"date":"2018-07-20T16:31:06","date_gmt":"2018-07-20T16:31:06","guid":{"rendered":"http:\/\/www.adrianwood.ch\/?page_id=16638"},"modified":"2018-07-21T14:16:13","modified_gmt":"2018-07-21T14:16:13","slug":"05-15-akrotiri","status":"publish","type":"page","link":"https:\/\/www.adrianwood.ch\/?page_id=16638","title":{"rendered":"05-15 Akrotiri Perissa"},"content":{"rendered":"<div class=\"pmdi_content_wrapper\">\n<p class=\"Normal-P\" style=\"margin-bottom: 6pt; text-align: justify; text-justify: inter-ideograph; direction: ltr; unicode-bidi: normal;\"><span class=\"Normal-H\"><span style=\"font-family: Arial; font-weight: bold;\">15. Mai<\/span><span style=\"font-family: Arial; font-weight: bold;\">, <\/span><span style=\"font-family: Arial; font-weight: bold;\">Santorin<\/span><span style=\"font-family: Arial; font-weight: bold;\">, <\/span><span style=\"font-family: Arial; font-weight: bold;\">Akrotiri<\/span><span style=\"font-family: Arial; font-weight: bold;\">, Wanderung <\/span><span style=\"font-family: Arial; font-weight: bold;\">von <\/span><span style=\"font-family: Arial; font-weight: bold;\">Akrotiri<\/span><span style=\"font-family: Arial; font-weight: bold;\"> via <\/span><span style=\"font-family: Arial; font-weight: bold;\">Vlychada<\/span><span style=\"font-family: Arial; font-weight: bold;\"> nach <\/span><span style=\"font-family: Arial; font-weight: bold;\">Perissa<\/span><\/span><\/p>\n<table class=\"TableGrid-T\" style=\"border-collapse: collapse;\" cellspacing=\"0\">\n<tbody>\n<tr class=\"-R\">\n<td class=\"-C\" style=\"width: 481.4pt; border: none windowtext 0pt;\" colspan=\"2\">\n<p class=\"Normal-P\" style=\"margin-bottom: 6pt; text-align: justify; text-justify: inter-ideograph; direction: ltr; unicode-bidi: normal;\"><span class=\"Normal-H\"><span style=\"font-family: Arial;\">Nach dem Fr\u00fchst\u00fcck brachte uns der Bus in den S\u00fcden von Santorin, wo wir zun\u00e4chst die Ausgrabungen von <\/span><span style=\"font-family: Arial;\">Akrotiri<\/span><span style=\"font-family: Arial;\"> besichtigten. Hier wurde im 17. Jahrhundert vor Christus eine bl\u00fchende Handels Metropole durch einen Vulkanausbruch mit 60 m Asche zugedeckt. Bis auf etwa 7 m wurde diese Schicht durch Erosion abgetragen. 1967 begannen die Ausgrabungen und sie brachten eine ganze Stadt mit erhaltenen Strassenz\u00fcgen und bis zu 3 Stockwerken hohen H\u00e4usern ans Tageslicht. Die Ausgrabungen sind noch l\u00e4ngst nicht abgeschlossen, der Standort des antiken Hafens bis heute nicht gefunden. Da man weder Wertgegenst\u00e4nde noch menschliche <\/span><span style=\"font-family: Arial;\">Ueberreste<\/span><span style=\"font-family: Arial;\"> fand, nehmen die Arch\u00e4ologen an, dass die Stadt bereits vor dem Ausbruch verlassen worden war, wohl waren die Bewohner durch Erdbeben gewarnt worden. Leider hat man die Fresken entfernt, sie werden nach der Restaurierung in Athen und Fira ausgestellt.<\/span><\/span><\/p>\n<\/td>\n<\/tr>\n<tr class=\"-R\">\n<td class=\"-C\" style=\"width: 239.95pt; border: none windowtext 0pt;\">\n<p class=\"Normal-P\" style=\"margin-bottom: 6pt; text-align: justify; text-justify: inter-ideograph; direction: ltr; unicode-bidi: normal;\"><span class=\"Normal-H\"><span style=\"font-family: Arial;\"><img loading=\"lazy\" decoding=\"async\" class=\"\" src=\"http:\/\/www.adrianwood.ch\/wp-content\/uploads\/2018\/07\/1532104208_image1.jpeg\" data-link=\"\" width=\"347\" height=\"232\"><\/span><\/span><\/p>\n<\/td>\n<td class=\"-C\" style=\"width: 241.45pt; border: none windowtext 0pt;\">\n<p class=\"Normal-P\" style=\"margin-bottom: 6pt; text-align: justify; text-justify: inter-ideograph; direction: ltr; unicode-bidi: normal;\"><span class=\"Normal-H\"><span style=\"font-family: Arial;\"><img loading=\"lazy\" decoding=\"async\" class=\"\" src=\"http:\/\/www.adrianwood.ch\/wp-content\/uploads\/2018\/07\/1532104208_image2.jpeg\" data-link=\"\" width=\"347\" height=\"231\"><\/span><\/span><\/p>\n<\/td>\n<\/tr>\n<tr class=\"-R\">\n<td class=\"-C\" style=\"width: 481.4pt; border: none windowtext 0pt;\" colspan=\"2\">\n<p class=\"Normal-P\" style=\"margin-bottom: 6pt; text-align: justify; text-justify: inter-ideograph; direction: ltr; unicode-bidi: normal;\"><span class=\"Normal-H\"><span style=\"font-family: Arial;\">Danach wanderten wir \u00fcber Kies am Fuss der Steilk\u00fcste dem Strand nach bis uns eine Engstelle ins Wasser zwang. Die meisten Teilnehmer zogen die Schuhe aus und wateten weiter, einige aber wollten das nicht und gingen zur\u00fcck nach <\/span><span style=\"font-family: Arial;\">Akr<\/span><span style=\"font-family: Arial;\">o<\/span><span style=\"font-family: Arial;\">tiri<\/span><span style=\"font-family: Arial;\">, um von dort ein Taxi nach <\/span><span style=\"font-family: Arial;\">Vlychada<\/span><span style=\"font-family: Arial;\"> zu nehmen.<\/span><\/span><\/p>\n<\/td>\n<\/tr>\n<tr class=\"-R\">\n<td class=\"-C\" style=\"width: 239.95pt; border: none windowtext 0pt;\">\n<p class=\"Normal-P\" style=\"margin-bottom: 6pt; text-align: justify; text-justify: inter-ideograph; direction: ltr; unicode-bidi: normal;\"><span class=\"Normal-H\"><span style=\"font-family: Arial;\"><img loading=\"lazy\" decoding=\"async\" class=\"\" src=\"http:\/\/www.adrianwood.ch\/wp-content\/uploads\/2018\/07\/1532104208_image3.jpeg\" data-link=\"\" width=\"350\" height=\"234\"><\/span><\/span><\/p>\n<\/td>\n<td class=\"-C\" style=\"width: 241.45pt; border: none windowtext 0pt;\">\n<p class=\"Normal-P\" style=\"margin-bottom: 6pt; text-align: justify; text-justify: inter-ideograph; direction: ltr; unicode-bidi: normal;\"><span class=\"Normal-H\"><span style=\"font-family: Arial;\"><img loading=\"lazy\" decoding=\"async\" class=\"\" src=\"http:\/\/www.adrianwood.ch\/wp-content\/uploads\/2018\/07\/1532104208_image4.jpeg\" data-link=\"\" width=\"350\" height=\"233\"><\/span><\/span><\/p>\n<\/td>\n<\/tr>\n<tr class=\"-R\">\n<td class=\"-C\" style=\"width: 239.95pt; border: none windowtext 0pt;\">\n<p class=\"Normal-P\" style=\"margin-bottom: 6pt; text-align: justify; text-justify: inter-ideograph; direction: ltr; unicode-bidi: normal;\"><span class=\"Normal-H\"><span style=\"font-family: Arial;\"><img loading=\"lazy\" decoding=\"async\" class=\"\" src=\"http:\/\/www.adrianwood.ch\/wp-content\/uploads\/2018\/07\/1532104208_image5.jpeg\" data-link=\"\" width=\"350\" height=\"234\"><\/span><\/span><\/p>\n<\/td>\n<td class=\"-C\" style=\"width: 241.45pt; border: none windowtext 0pt;\">\n<p class=\"Normal-P\" style=\"margin-bottom: 6pt; text-align: justify; text-justify: inter-ideograph; direction: ltr; unicode-bidi: normal;\"><span class=\"Normal-H\"><span style=\"font-family: Arial;\"><img loading=\"lazy\" decoding=\"async\" class=\"\" src=\"http:\/\/www.adrianwood.ch\/wp-content\/uploads\/2018\/07\/1532104208_image6.jpeg\" data-link=\"\" width=\"350\" height=\"233\"><\/span><\/span><\/p>\n<\/td>\n<\/tr>\n<tr class=\"-R\">\n<td class=\"-C\" style=\"width: 239.95pt; border: none windowtext 0pt;\">\n<p class=\"Normal-P\" style=\"margin-bottom: 6pt; text-align: justify; text-justify: inter-ideograph; direction: ltr; unicode-bidi: normal;\"><span class=\"Normal-H\"><span style=\"font-family: Arial;\"><img loading=\"lazy\" decoding=\"async\" class=\"\" src=\"http:\/\/www.adrianwood.ch\/wp-content\/uploads\/2018\/07\/1532104208_image7.jpeg\" data-link=\"\" width=\"350\" height=\"234\"><\/span><\/span><\/p>\n<\/td>\n<td class=\"-C\" style=\"width: 241.45pt; border: none windowtext 0pt;\">\n<p class=\"Normal-P\" style=\"margin-bottom: 6pt; text-align: justify; text-justify: inter-ideograph; direction: ltr; unicode-bidi: normal;\"><span class=\"Normal-H\"><span style=\"font-family: Arial;\"><img loading=\"lazy\" decoding=\"async\" class=\"\" src=\"http:\/\/www.adrianwood.ch\/wp-content\/uploads\/2018\/07\/1532104208_image8.jpeg\" data-link=\"\" width=\"350\" height=\"233\"><\/span><\/span><\/p>\n<\/td>\n<\/tr>\n<tr class=\"-R\">\n<td class=\"-C\" style=\"width: 481.4pt; border: none windowtext 0pt;\" colspan=\"2\">\n<p class=\"Normal-P\" style=\"margin-bottom: 6pt; text-align: justify; text-justify: inter-ideograph; direction: ltr; unicode-bidi: normal;\"><span class=\"Normal-H\"><span style=\"font-family: Arial;\">Das Timing war perfekt, beide Gruppen kamen zum selben Zeitpunkt an und genossen die Annehmlichkeiten eines Restaurants mit Terrasse. Eine dritte <\/span><span style=\"font-family: Arial;\">Guppe<\/span><span style=\"font-family: Arial;\"> kam etwas sp\u00e4ter, sie hatte noch gebadet.<\/span><\/span><\/p>\n<\/td>\n<\/tr>\n<tr class=\"-R\">\n<td class=\"-C\" style=\"width: 239.95pt; border: none windowtext 0pt;\">\n<p class=\"Normal-P\" style=\"margin-bottom: 6pt; text-align: justify; text-justify: inter-ideograph; direction: ltr; unicode-bidi: normal;\"><span class=\"Normal-H\"><span style=\"font-family: Arial;\">Nachdem <\/span><span style=\"font-family: Arial;\">alle gen\u00fcgend Zeit<\/span><span style=\"font-family: Arial;\"> zur Verpflegung hatten, wanderten wir dann \u00fcber Land nach <\/span><span style=\"font-family: Arial;\">Perissa<\/span><span style=\"font-family: Arial;\">, einem ganz und gar unansehnlichen Ort, dessen Promenade am Meer von Restaurants, Billigl\u00e4den und Hotelanlagen ges\u00e4umt war und die kein Ende zu nehmen schien. Das Boot, das uns nach <\/span><span style=\"font-family: Arial;\">Kamiri<\/span><span style=\"font-family: Arial;\"> bringen sollte, konnte in Ermangelung eines Stegs nur durch Waten ohne Schuhe durchs Meer erreicht werden. Da der Schreibende \u00fcble Erfahrungen mit Laufen in feuchten Schuhen oder St\u00fcmpfen gemacht hat, war f\u00fcr ihn die <\/span><\/span><\/p>\n<\/td>\n<td class=\"-C\" style=\"width: 241.45pt; border: none windowtext 0pt;\">\n<p class=\"Normal-P\" style=\"margin-bottom: 6pt; text-align: justify; text-justify: inter-ideograph; direction: ltr; unicode-bidi: normal;\"><span class=\"Normal-H\"><span style=\"font-family: Arial;\"><img loading=\"lazy\" decoding=\"async\" class=\"\" src=\"http:\/\/www.adrianwood.ch\/wp-content\/uploads\/2018\/07\/1532104208_image9.jpeg\" data-link=\"\" width=\"350\" height=\"233\"><\/span><\/span><\/p>\n<\/td>\n<\/tr>\n<tr class=\"-R\">\n<td class=\"-C\" style=\"width: 481.4pt; border: none windowtext 0pt;\" colspan=\"2\">\n<p class=\"Normal-P\" style=\"margin-bottom: 6pt; text-align: justify; text-justify: inter-ideograph; direction: ltr; unicode-bidi: normal;\"><span class=\"Normal-H\"><span style=\"font-family: Arial;\">R\u00fcckfahrt mit Taxi die einzig vern\u00fcnftige Alternative. Das dem an Erlebnissen so reichen Tag folgende gemeinsame Abendessen war typisch griechisch, gut vielseitig und reichlich. Sonne, Wind und Wandern forderten ihren Tribut, die Mehrheit war m\u00fcde und nur einige Wenige legten noch einen Zwischenhalt an der Bar ein.<\/span><\/span><\/p>\n<p class=\"Normal-P\" style=\"margin-bottom: 6pt; text-align: justify; text-justify: inter-ideograph; direction: ltr; unicode-bidi: normal;\"><span class=\"Normal-H\"><span style=\"font-family: Arial;\">Michael<\/span><\/span><\/p>\n<\/td>\n<\/tr>\n<tr class=\"-R\">\n<td class=\"-C\" style=\"width: 481.4pt; border: none windowtext 0pt;\" colspan=\"2\">\n<p class=\"Normal-P\" style=\"margin-bottom: 6pt; text-align: justify; text-justify: inter-ideograph; direction: ltr; unicode-bidi: normal;\"><span class=\"Normal-H\"><span style=\"font-family: Arial;\"><img loading=\"lazy\" decoding=\"async\" class=\"\" src=\"http:\/\/www.adrianwood.ch\/wp-content\/uploads\/2018\/07\/1532104208_image10.jpeg\" data-link=\"\" width=\"751\" height=\"393\"><\/span><\/span><\/p>\n<\/td>\n<\/tr>\n<p><!-- [if !supportMisalignedColumns]--><\/tbody>\n<\/table>\n<\/div>\n","protected":false},"excerpt":{"rendered":"<p>15. Mai, Santorin, Akrotiri, Wanderung von Akrotiri via Vlychada nach Perissa Nach dem Fr\u00fchst\u00fcck brachte uns der Bus in den S\u00fcden von Santorin, wo wir zun\u00e4chst die Ausgrabungen von Akrotiri besichtigten. Hier wurde im 17. Jahrhundert vor Christus eine bl\u00fchende Handels Metropole durch einen Vulkanausbruch mit 60 m Asche zugedeckt. Bis auf etwa 7 m &hellip; <a href=\"https:\/\/www.adrianwood.ch\/?page_id=16638\" class=\"more-link\">Continue reading <span class=\"screen-reader-text\">05-15 Akrotiri Perissa<\/span> <span class=\"meta-nav\">&rarr;<\/span><\/a><\/p>\n","protected":false},"author":1,"featured_media":0,"parent":16596,"menu_order":2585,"comment_status":"closed","ping_status":"closed","template":"","meta":{"ngg_post_thumbnail":0,"footnotes":""},"class_list":["post-16638","page","type-page","status-publish","hentry"],"_links":{"self":[{"href":"https:\/\/www.adrianwood.ch\/index.php?rest_route=\/wp\/v2\/pages\/16638","targetHints":{"allow":["GET"]}}],"collection":[{"href":"https:\/\/www.adrianwood.ch\/index.php?rest_route=\/wp\/v2\/pages"}],"about":[{"href":"https:\/\/www.adrianwood.ch\/index.php?rest_route=\/wp\/v2\/types\/page"}],"author":[{"embeddable":true,"href":"https:\/\/www.adrianwood.ch\/index.php?rest_route=\/wp\/v2\/users\/1"}],"replies":[{"embeddable":true,"href":"https:\/\/www.adrianwood.ch\/index.php?rest_route=%2Fwp%2Fv2%2Fcomments&post=16638"}],"version-history":[{"count":5,"href":"https:\/\/www.adrianwood.ch\/index.php?rest_route=\/wp\/v2\/pages\/16638\/revisions"}],"predecessor-version":[{"id":16863,"href":"https:\/\/www.adrianwood.ch\/index.php?rest_route=\/wp\/v2\/pages\/16638\/revisions\/16863"}],"up":[{"embeddable":true,"href":"https:\/\/www.adrianwood.ch\/index.php?rest_route=\/wp\/v2\/pages\/16596"}],"wp:attachment":[{"href":"https:\/\/www.adrianwood.ch\/index.php?rest_route=%2Fwp%2Fv2%2Fmedia&parent=16638"}],"curies":[{"name":"wp","href":"https:\/\/api.w.org\/{rel}","templated":true}]}}