{"id":16653,"date":"2018-07-20T16:35:13","date_gmt":"2018-07-20T16:35:13","guid":{"rendered":"http:\/\/www.adrianwood.ch\/?page_id=16653"},"modified":"2018-07-21T14:21:09","modified_gmt":"2018-07-21T14:21:09","slug":"05-16-kameni","status":"publish","type":"page","link":"https:\/\/www.adrianwood.ch\/?page_id=16653","title":{"rendered":"05-16 Kameni Inseln"},"content":{"rendered":"<div class=\"pmdi_content_wrapper\">\n<p class=\"Normal-P\" style=\"margin-bottom: 6pt; text-align: justify; text-justify: inter-ideograph; direction: ltr; unicode-bidi: normal;\"><span class=\"Normal-H\"><span style=\"font-family: Arial; font-weight: bold; font-size: 11pt;\">16. Mai<\/span><span style=\"font-family: Arial; font-weight: bold; font-size: 11pt;\">, <\/span><span style=\"font-family: Arial; font-weight: bold; font-size: 11pt;\">Kameni<\/span><span style=\"font-family: Arial; font-weight: bold; font-size: 11pt;\"> Inseln und <\/span><span style=\"font-family: Arial; font-weight: bold; font-size: 11pt;\">Thirassia<\/span><\/span><\/p>\n<table class=\"TableGrid-T\" style=\"border-collapse: collapse;\" cellspacing=\"0\">\n<tbody>\n<tr class=\"-R\">\n<td class=\"-C\" style=\"width: 481.4pt; border: none windowtext 0pt;\" colspan=\"3\">\n<p class=\"Normal-P\" style=\"margin-bottom: 6pt; text-align: justify; text-justify: inter-ideograph; direction: ltr; unicode-bidi: normal;\"><span class=\"Normal-H\"><span style=\"font-family: Arial; font-size: 11pt;\">Am heutigen Tag ist eine Boots- und Wanderreise innerhalb des Santorini Archipels angesagt. Ein paar Inseln und Inselchen bilden einen Ring mitten im \u00c4g\u00e4ischen Meer, und innerhalb des Ringes <\/span><span style=\"font-family: Arial; font-size: 11pt;\">befinden sich weitere kleine Inselchen (siehe Bild). Diese wollen wir heute speziell erkunden.<\/span><\/span><\/p>\n<\/td>\n<\/tr>\n<tr class=\"-R\">\n<td class=\"-C\" style=\"width: 239.7pt; border: none windowtext 0pt;\">\n<p class=\"Normal-P\" style=\"text-align: justify; text-justify: inter-ideograph; direction: ltr; unicode-bidi: normal;\"><span class=\"Normal-H\"><span style=\"font-family: Arial; font-size: 11pt;\">Bereits beim Anblick dieses Bildes erahnt man, dass geologisch in den letzten Millionen Jahren einiges geschehen ist. Immer wieder wurde das Gebiet von Vulkanausbr\u00fcchen und Erdbeben ersch\u00fcttert. Dabei vermischte sich vulkanisches Gestein mit nicht-vulkanischem. Neue riesige Krater entstanden und umfasste den ganzen Archipel. Dann sank das ganze Gebiet wieder ab, die Calderas st\u00fcrzten ein und es bildete sich ein Innenmeer, das wir heute bewundern k\u00f6nnen. Dies geschah schubweise und wiederholt, der jetzige Zustand wird nur tempor\u00e4r existieren. Detaillierte Angaben zu dieser bewegten Geschichte kann auf Wikipedia nachgelesen werden.<\/span><\/span><\/p>\n<p class=\"Normal-P\" style=\"margin-bottom: 6pt; text-align: justify; text-justify: inter-ideograph; direction: ltr; unicode-bidi: normal;\"><span class=\"Normal-H\"><a href=\"https:\/\/de.wikipedia.org\/wiki\/Santorin\" target=\"\">https:\/\/de.wikipedia.org\/wiki\/Santorin<\/a><\/span><\/p>\n<\/td>\n<td class=\"-C\" style=\"width: 241.7pt; border: none windowtext 0pt;\" colspan=\"2\">\n<p class=\"Normal-P\" style=\"margin-bottom: 6pt; text-align: justify; text-justify: inter-ideograph; direction: ltr; unicode-bidi: normal;\"><span class=\"Normal-H\"><span style=\"font-family: Arial; font-size: 11pt;\"><img loading=\"lazy\" decoding=\"async\" class=\"\" src=\"http:\/\/www.adrianwood.ch\/wp-content\/uploads\/2018\/07\/1532104885_image1.jpg\" data-link=\"\" width=\"375\" height=\"367\"><\/span><\/span><\/p>\n<\/td>\n<\/tr>\n<tr class=\"-R\">\n<td class=\"-C\" style=\"width: 481.4pt; border: none windowtext 0pt;\" colspan=\"3\">\n<p class=\"Normal-P\" style=\"margin-bottom: 6pt; text-align: justify; text-justify: inter-ideograph; direction: ltr; unicode-bidi: normal;\"><span class=\"Normal-H\"><span style=\"font-family: Arial; font-size: 11pt;\">An diesem Tag stehen wir fr\u00fch auf. Wir wollen weder im Verkehrsstau noch im Fussg\u00e4ngertouristenstau im Hauptort Fira steckenbleiben. Ein Touristenboot soll uns auf zwei innere Inseln des Archipels (Nea <\/span><span style=\"font-family: Arial; font-size: 11pt;\">Kameni<\/span><span style=\"font-family: Arial; font-size: 11pt;\"> und <\/span><span style=\"font-family: Arial; font-size: 11pt;\">Palea<\/span><span style=\"font-family: Arial; font-size: 11pt;\">Kameni<\/span><span style=\"font-family: Arial; font-size: 11pt;\">) f\u00fchren und dann weiter auf die Ringinsel <\/span><span style=\"font-family: Arial; font-size: 11pt;\">Thirassia<\/span><span style=\"font-family: Arial; font-size: 11pt;\"> bringen. Das Fr\u00fchaufstehen hat sich gelohnt. Bei noch k\u00fchlen Temperaturen k\u00f6nnen wir den Abstieg von Fira zum Hafen auf dem ber\u00fchmten <\/span><span style=\"font-family: Arial; font-size: 11pt;\">Eselsweg<\/span><span style=\"font-family: Arial; font-size: 11pt;\">, den ein deutscher Architekt f\u00fcr den Besuch eines Kaisers entworfen hatte, vornehmen. Immer wieder geniessen wir eine pr\u00e4chtige Panoramasicht auf Inseln, Kreuzschiffe und die z.T. stark bebaute Caldera. Eigentlich gibt es auf Santorini ein \u00fcber 20 Jahren altes Gesetz, wonach die Caldera nicht bebaut werden darf. Offensichtlich st\u00f6rt das niemanden, es wird gebaut und gebaut, was das Zeug h\u00e4lt. Ganz so schlimm ist es auch nicht. Die Vulkant\u00e4tigkeiten sind ja noch lange nicht am Ende. Neue Calderas werden entstehen, die alten wird es nicht mehr geben, samt den illegalen Bauten. Auf dem Weg nach unten geht es tierisch und stinkig zu. Immer wieder werden wir von Esel- und Touristengruppen regelrecht weggeschoben. Auch die Aufforderung nach mehr Respekt (\u201eIch bin auch ein Esel\u201c oder \u201e<\/span><span style=\"font-family: Arial; font-size: 11pt;\">Dr<\/span><span style=\"font-family: Arial; font-size: 11pt;\"> Esel bin <\/span><span style=\"font-family: Arial; font-size: 11pt;\">ig<\/span><span style=\"font-family: Arial; font-size: 11pt;\">\u201c) bewirken nur wenig. Trotzdem erreichen wir alle heil und rechtzeitig den Hafen.<\/span><\/span><\/p>\n<\/td>\n<\/tr>\n<tr class=\"-R\">\n<td class=\"-C\" style=\"width: 481.4pt; border: none windowtext 0pt;\" colspan=\"3\">\n<p class=\"Normal-P\" style=\"margin-bottom: 6pt; text-align: justify; text-justify: inter-ideograph; direction: ltr; unicode-bidi: normal;\"><span class=\"Normal-H\"><span style=\"font-family: Arial; font-size: 11pt;\">Ein neu-antikes 3- mastiges grosses Segelboot, zwar ohne Segel, daf\u00fcr mit einem kr\u00e4ftigen Motor, bringt uns auf die erste unbewohnte Insel Nea <\/span><span style=\"font-family: Arial; font-size: 11pt;\">Kameni<\/span><span style=\"font-family: Arial; font-size: 11pt;\">, ein nationaler Natur- und <\/span><span style=\"font-family: Arial; font-size: 11pt;\">Geologiepark<\/span><span style=\"font-family: Arial; font-size: 11pt;\">. Wir Schweizer haben vielleicht keine grosse Ahnung, wie eine kleine unbewohnte Insel mitten im Meer aussieht. Deshalb m\u00f6chte ich ein typisches Bild einer solchen Insel zeigen:<\/span><\/span><\/p>\n<\/td>\n<\/tr>\n<tr class=\"-R\">\n<td class=\"-C\" style=\"width: 241.3pt; border: none windowtext 0pt;\" colspan=\"2\">\n<p class=\"Normal-P\" style=\"margin-bottom: 6pt; text-align: justify; text-justify: inter-ideograph; direction: ltr; unicode-bidi: normal;\"><span class=\"Normal-H\"><span style=\"font-family: Arial; font-size: 11pt;\"><img loading=\"lazy\" decoding=\"async\" class=\"\" src=\"http:\/\/www.adrianwood.ch\/wp-content\/uploads\/2018\/07\/1532104885_image2.jpeg\" data-link=\"\" width=\"350\" height=\"233\"><\/span><\/span><\/p>\n<\/td>\n<td class=\"-C\" style=\"width: 240.1pt; border: none windowtext 0pt;\">\n<p class=\"Normal-P\" style=\"margin-bottom: 6pt; text-align: justify; text-justify: inter-ideograph; direction: ltr; unicode-bidi: normal;\"><span class=\"Normal-H\"><span style=\"font-family: Arial; font-size: 11pt;\"><img loading=\"lazy\" decoding=\"async\" class=\"\" src=\"http:\/\/www.adrianwood.ch\/wp-content\/uploads\/2018\/07\/1532104885_image3.jpeg\" data-link=\"\" width=\"350\" height=\"233\"><\/span><\/span><\/p>\n<\/td>\n<\/tr>\n<tr class=\"-R\">\n<td class=\"-C\" style=\"width: 481.4pt; border: none windowtext 0pt;\" colspan=\"3\">\n<p class=\"Normal-P\" style=\"margin-bottom: 6pt; text-align: justify; text-justify: inter-ideograph; direction: ltr; unicode-bidi: normal;\"><span class=\"Normal-H\"><span style=\"font-family: Arial; font-size: 11pt;\">Nach dem letzten riesigen Vulkanausbruch im 17. Jh. v. Chr. entstand ein kleines <\/span><span style=\"font-family: Arial; font-size: 11pt;\">T\u00fcpfchen<\/span><span style=\"font-family: Arial; font-size: 11pt;\"> im Meer, die Spitze eines Untermeervulkans. Die Aktivit\u00e4t des Vulkans liess <\/span><span style=\"font-family: Arial; font-size: 11pt;\">peu<\/span><span style=\"font-family: Arial; font-size: 11pt;\"> \u00e0 <\/span><span style=\"font-family: Arial; font-size: 11pt;\">peu<\/span><span style=\"font-family: Arial; font-size: 11pt;\"> Nea <\/span><span style=\"font-family: Arial; font-size: 11pt;\">Kameni<\/span><span style=\"font-family: Arial; font-size: 11pt;\"> und <\/span><span style=\"font-family: Arial; font-size: 11pt;\">Palea<\/span><span style=\"font-family: Arial; font-size: 11pt;\">Kameni<\/span><span style=\"font-family: Arial; font-size: 11pt;\"> wachsen, bis im Laufe des letzten Jahrhunderts die beiden Inseln ihre heutige Form erhielten. Heute noch sprudeln einige heisse Quellen hervor. Detaillierte Angaben \u00fcber Nea <\/span><span style=\"font-family: Arial; font-size: 11pt;\">Kameni<\/span><span style=\"font-family: Arial; font-size: 11pt;\"> siehe <\/span><a href=\"https:\/\/de.wikipedia.org\/wiki\/Nea_Kameni\" target=\"\">https:\/\/de.wikipedia.org\/wiki\/Nea_Kameni<\/a><\/span><\/p>\n<p class=\"Normal-P\" style=\"margin-bottom: 6pt; text-align: justify; text-justify: inter-ideograph; direction: ltr; unicode-bidi: normal;\"><span class=\"Normal-H\"><span style=\"font-family: Arial; font-size: 11pt;\">Die n\u00e4chste Etappe mit dem Boot f\u00fchrt uns vor der kleinen Schwesterinsel <\/span><span style=\"font-family: Arial; font-size: 11pt;\">Palea<\/span><span style=\"font-family: Arial; font-size: 11pt;\">Kameni<\/span><span style=\"font-family: Arial; font-size: 11pt;\">, ohne Anlegestelle, daf\u00fcr mit einer Sehensw\u00fcrdigkeit, oder besser gesagt mit einer Wohlbefindlich<\/span><span style=\"font-family: Arial; font-size: 11pt;\">&#8211;<\/span><span style=\"font-family: Arial; font-size: 11pt;\">w\u00fcrdigkeit. Sie verf\u00fcgt n\u00e4mlich \u00fcber eine der vorhin erw\u00e4hnten Vulkanquelle, die sich vor der K\u00fcste befindet und nur schwimmend erreicht werden kann. Naja, einige von uns haben sich ins kalte Nass zum Warmwasserbecken gewagt und sind \u2013 das wundert mich am meisten \u2013 nicht schwefelstinkig wieder zur\u00fcckgekommen.<\/span><\/span><\/p>\n<\/td>\n<\/tr>\n<tr class=\"-R\">\n<td class=\"-C\" style=\"width: 241.3pt; border: none windowtext 0pt;\" colspan=\"2\">\n<p class=\"Normal-P\" style=\"margin-bottom: 6pt; text-align: justify; text-justify: inter-ideograph; direction: ltr; unicode-bidi: normal;\"><span class=\"Normal-H\"><span style=\"font-family: Arial; font-size: 11pt;\"><img loading=\"lazy\" decoding=\"async\" class=\"\" src=\"http:\/\/www.adrianwood.ch\/wp-content\/uploads\/2018\/07\/1532104885_image4.jpg\" data-link=\"\" width=\"351\" height=\"234\"><\/span><\/span><\/p>\n<\/td>\n<td class=\"-C\" style=\"width: 240.1pt; border: none windowtext 0pt;\">\n<p class=\"Normal-P\" style=\"margin-bottom: 6pt; text-align: justify; text-justify: inter-ideograph; direction: ltr; unicode-bidi: normal;\"><span class=\"Normal-H\"><span style=\"font-family: Arial; font-size: 11pt;\"><img loading=\"lazy\" decoding=\"async\" class=\"\" src=\"http:\/\/www.adrianwood.ch\/wp-content\/uploads\/2018\/07\/1532104885_image5.jpeg\" data-link=\"\" width=\"350\" height=\"233\"><\/span><\/span><\/p>\n<\/td>\n<\/tr>\n<tr class=\"-R\">\n<td class=\"-C\" style=\"width: 481.4pt; border: none windowtext 0pt;\" colspan=\"3\">\n<p class=\"Normal-P\" style=\"margin-bottom: 6pt; text-align: justify; text-justify: inter-ideograph; direction: ltr; unicode-bidi: normal;\"><span class=\"Normal-H\"><span style=\"font-family: Arial; font-size: 11pt;\">Die letzte Insel <\/span><span style=\"font-family: Arial; font-size: 11pt;\">Thirassia<\/span><span style=\"font-family: Arial; font-size: 11pt;\"> erreichen wir w\u00e4hrend der gr\u00f6ssten Nachmittagshitze, hungrig und durstig. <\/span><span style=\"font-family: Arial; font-size: 11pt;\">Thirassia<\/span><span style=\"font-family: Arial; font-size: 11pt;\"> ist eine bewohnte Insel, wo die Zeit im wahrsten Sinne des Wortes stehen geblieben ist. Das tut gut, nach dem Rummel von Fira und der unbewohnten Inseln. Nun aber, das Dorf liegt oben auf der dortigen Caldera, nur erreichbar auf einem steilen endlosen <\/span><span style=\"font-family: Arial; font-size: 11pt;\">Eselsweg<\/span><span style=\"font-family: Arial; font-size: 11pt;\">, und das empfohlene Restaurant liegt dort oben. Aber, auf einem <\/span><span style=\"font-family: Arial; font-size: 11pt;\">Eselsweg<\/span><span style=\"font-family: Arial; font-size: 11pt;\"> gibt es doch sicher Esel, und die k\u00f6nnten <\/span><span style=\"font-family: Arial; font-size: 11pt;\">uns einige<\/span><span style=\"font-family: Arial; font-size: 11pt;\"> Schweisstropfen abnehmen&#8230; hatte sich einer von uns ausgedacht. Als letzter kommt er jedoch ganz abgek\u00e4mpft an, ohne Esel (und schon wieder hat einer gedacht: \u201e<\/span><span style=\"font-family: Arial; font-size: 11pt;\">dr<\/span><span style=\"font-family: Arial; font-size: 11pt;\"> Esel bin <\/span><span style=\"font-family: Arial; font-size: 11pt;\">ig<\/span><span style=\"font-family: Arial; font-size: 11pt;\">\u201c). Kein Esel ist n\u00e4mlich bereit, nur eine einzige Person hinaufzuf\u00fchren, das rentiert nicht.<\/span><\/span><\/p>\n<\/td>\n<\/tr>\n<tr class=\"-R\">\n<td class=\"-C\" style=\"width: 241.3pt; border: none windowtext 0pt;\" colspan=\"2\">\n<p class=\"Normal-P\" style=\"margin-bottom: 6pt; text-align: justify; text-justify: inter-ideograph; direction: ltr; unicode-bidi: normal;\"><span class=\"Normal-H\"><span style=\"font-family: Arial; font-size: 11pt;\"><img loading=\"lazy\" decoding=\"async\" class=\"\" src=\"http:\/\/www.adrianwood.ch\/wp-content\/uploads\/2018\/07\/1532104885_image6.jpg\" data-link=\"\" width=\"350\" height=\"233\"><\/span><\/span><\/p>\n<\/td>\n<td class=\"-C\" style=\"width: 240.1pt; border: none windowtext 0pt;\">\n<p class=\"Normal-P\" style=\"margin-bottom: 6pt; text-align: justify; text-justify: inter-ideograph; direction: ltr; unicode-bidi: normal;\"><span class=\"Normal-H\"><span style=\"font-family: Arial; font-size: 11pt;\"><img loading=\"lazy\" decoding=\"async\" class=\"\" src=\"http:\/\/www.adrianwood.ch\/wp-content\/uploads\/2018\/07\/1532104885_image7.jpg\" data-link=\"\" width=\"351\" height=\"234\"><\/span><\/span><\/p>\n<\/td>\n<\/tr>\n<tr class=\"-R\">\n<td class=\"-C\" style=\"width: 481.4pt; border: none windowtext 0pt;\" colspan=\"3\">\n<p class=\"Normal-P\" style=\"margin-bottom: 6pt; text-align: justify; text-justify: inter-ideograph; direction: ltr; unicode-bidi: normal;\"><span class=\"Normal-H\"><span style=\"font-family: Arial; font-size: 11pt;\">Im Restaurant erleben wir nun eine typisch griechische Gastfreundschaft und zudem ein Kunstst\u00fcck, wie Chaos produziert wird, und wie man wieder aus der Situation herauskommt. Vorweg m\u00f6chte ich erw\u00e4hnen, dass wir noch am selben Tag die Insel verlassen k\u00f6nnen und wieder zur\u00fcck zu unserem Hotel ankommen werden. Zum Chaos haben wir Mitteleurop\u00e4er aber auch unseren Beitrag geleistet. Nun, 30 Personen ist eine ganze Menge in einem kleinen Dorfrestaurant, und wenn sie hungrig und durstig sind, reicht es schon f\u00fcr ein gewisses &#8211; <\/span><span style=\"font-family: Arial; font-size: 11pt;\">sagen wir es so &#8211; unkonventionelles Vorgehen. <\/span><span style=\"font-family: Arial; font-size: 11pt;\">Die Bestellung geht kreuz und quer vor sich, die Tische und Pl\u00e4tze werden umgeordnet, man erinnert sich dann nicht mehr genau, was man bestellt hat, die K\u00fcche und das Servicepersonal werden zusehend \u00fcberfordert, und die Kundschaft \u2013 gemeint sind wir \u2013 beginnen zu helfen. Das f\u00fchrt zu einem Riesenchaos, das schier nur noch mit <\/span><span style=\"font-family: Arial; font-size: 11pt;\">\u00fcberirdischem Sinn wieder ein bisschen in Griff zu haben ist. Und da haben nat\u00fcrlich die Griechen immer noch ihre G\u00f6tter, die mit vereinten Kr\u00e4ften versuchen, den Gordischen Knoten zu entr\u00fcmpeln. Und siehe da, die bestellten Men\u00fcs kommen nach und nach. Es gibt schon noch Fragen wie: \u201eHabe ich das wirklich bestellt?\u201c, aber am Ende sind alle zufrieden ab der exzellenten K\u00fcche, die wir auf einer sch\u00f6nen <\/span><span style=\"font-family: Arial; font-size: 11pt;\">Panoramaterasse<\/span><span style=\"font-family: Arial; font-size: 11pt;\"> geniessen k\u00f6nnen.<\/span><\/span><\/p>\n<\/td>\n<\/tr>\n<tr class=\"-R\">\n<td class=\"-C\" style=\"width: 241.3pt; border: none windowtext 0pt;\" colspan=\"2\">\n<p class=\"Normal-P\" style=\"margin-bottom: 6pt; text-align: justify; text-justify: inter-ideograph; direction: ltr; unicode-bidi: normal;\"><span class=\"Normal-H\"><span style=\"font-family: Arial; font-size: 11pt;\"><img loading=\"lazy\" decoding=\"async\" class=\"\" src=\"http:\/\/www.adrianwood.ch\/wp-content\/uploads\/2018\/07\/1532104885_image8.jpg\" data-link=\"\" width=\"350\" height=\"233\"><\/span><\/span><\/p>\n<\/td>\n<td class=\"-C\" style=\"width: 240.1pt; border: none windowtext 0pt;\">\n<p class=\"Normal-P\" style=\"margin-bottom: 6pt; text-align: justify; text-justify: inter-ideograph; direction: ltr; unicode-bidi: normal;\"><span class=\"Normal-H\"><span style=\"font-family: Arial; font-size: 11pt;\"><img loading=\"lazy\" decoding=\"async\" class=\"\" src=\"http:\/\/www.adrianwood.ch\/wp-content\/uploads\/2018\/07\/1532104885_image9.jpg\" data-link=\"\" width=\"350\" height=\"233\"><\/span><\/span><\/p>\n<\/td>\n<\/tr>\n<tr class=\"-R\">\n<td class=\"-C\" style=\"width: 481.4pt; border: none windowtext 0pt;\" colspan=\"3\">\n<p class=\"Normal-P\" style=\"margin-bottom: 6pt; text-align: justify; text-justify: inter-ideograph; direction: ltr; unicode-bidi: normal;\"><span class=\"Normal-H\"><span style=\"font-family: Arial; font-size: 11pt;\">Am Nachmittag f\u00e4ngt die Wanderung erst richtig an, Wir gehen \u00fcber eine wundersch\u00f6ne leicht h\u00fcgelige Landschaft quer \u00fcber die Insel, an H\u00f6hlenh\u00e4usern vorbei und einer verlassenen, neu renovierten Kirche, die eine wunderbare Atmosph\u00e4re ausstrahlt,<\/span><span style=\"font-family: Arial; font-size: 11pt;\">vorbei.<\/span><span style=\"font-family: Arial; font-size: 11pt;\">Bevor uns ein Taxischiff zur\u00fcck nach Santorini bringt, reicht es noch f\u00fcr ein Bad im Meer und\/oder zu einem Bier in der einzigen Kneipe des kleinen Hafens im leider sehr verlotternden Weiler. <\/span><\/span><\/p>\n<\/td>\n<\/tr>\n<tr class=\"-R\">\n<td class=\"-C\" style=\"width: 241.3pt; border: none windowtext 0pt;\" colspan=\"2\">\n<p class=\"Normal-P\" style=\"margin-bottom: 6pt; text-align: justify; text-justify: inter-ideograph; direction: ltr; unicode-bidi: normal;\"><span class=\"Normal-H\"><span style=\"font-family: Arial; font-size: 11pt;\">Und so kommen wir abends gl\u00fccklich von einem eindr\u00fccklichen Wander- und Kulturtag wieder in unser Hotel zur\u00fcck.<\/span><\/span><\/p>\n<p class=\"Normal-P\" style=\"margin-bottom: 6pt; text-align: justify; text-justify: inter-ideograph; direction: ltr; unicode-bidi: normal;\"><span class=\"Normal-H\"><span style=\"font-family: Arial; font-size: 11pt;\">Last but not least m\u00f6chte ich erw\u00e4hnen, dass Markus mit seinen stets sehr kompetenten und lebendig vorgetragenen geologischen und historischen Schilderungen den Tag zu einem gr<\/span><span style=\"font-family: Arial; font-size: 11pt;\">ossen Erfolg beigetragen hat.<\/span><span style=\"font-family: Arial; font-size: 11pt;\"> Roland<\/span><\/span><\/p>\n<\/td>\n<td class=\"-C\" style=\"width: 240.1pt; border: none windowtext 0pt;\">\n<p class=\"Normal-P\" style=\"margin-bottom: 6pt; text-align: justify; text-justify: inter-ideograph; direction: ltr; unicode-bidi: normal;\"><span class=\"Normal-H\"><span style=\"font-family: Arial; font-size: 11pt;\"><img loading=\"lazy\" decoding=\"async\" class=\"\" src=\"http:\/\/www.adrianwood.ch\/wp-content\/uploads\/2018\/07\/1532104885_image10.jpeg\" data-link=\"\" width=\"350\" height=\"233\"><\/span><\/span><\/p>\n<\/td>\n<\/tr>\n<tr class=\"-R\">\n<td class=\"-C\" style=\"width: 481.4pt; border: none windowtext 0pt;\" colspan=\"3\">\n<p class=\"Normal-P\" style=\"margin-bottom: 6pt; text-align: justify; text-justify: inter-ideograph; direction: ltr; unicode-bidi: normal;\"><span class=\"Normal-H\"><span style=\"font-family: Arial; font-size: 11pt;\"><img loading=\"lazy\" decoding=\"async\" class=\"\" src=\"http:\/\/www.adrianwood.ch\/wp-content\/uploads\/2018\/07\/1532104885_image11.jpeg\" data-link=\"\" width=\"752\" height=\"405\"><\/span><\/span><\/p>\n<\/td>\n<\/tr>\n<p><!-- [if !supportMisalignedColumns]--><\/tbody>\n<\/table>\n<\/div>\n","protected":false},"excerpt":{"rendered":"<p>16. Mai, Kameni Inseln und Thirassia Am heutigen Tag ist eine Boots- und Wanderreise innerhalb des Santorini Archipels angesagt. Ein paar Inseln und Inselchen bilden einen Ring mitten im \u00c4g\u00e4ischen Meer, und innerhalb des Ringes befinden sich weitere kleine Inselchen (siehe Bild). Diese wollen wir heute speziell erkunden. Bereits beim Anblick dieses Bildes erahnt man, &hellip; <a href=\"https:\/\/www.adrianwood.ch\/?page_id=16653\" class=\"more-link\">Continue reading <span class=\"screen-reader-text\">05-16 Kameni Inseln<\/span> <span class=\"meta-nav\">&rarr;<\/span><\/a><\/p>\n","protected":false},"author":1,"featured_media":0,"parent":16596,"menu_order":2586,"comment_status":"closed","ping_status":"closed","template":"","meta":{"ngg_post_thumbnail":0,"footnotes":""},"class_list":["post-16653","page","type-page","status-publish","hentry"],"_links":{"self":[{"href":"https:\/\/www.adrianwood.ch\/index.php?rest_route=\/wp\/v2\/pages\/16653","targetHints":{"allow":["GET"]}}],"collection":[{"href":"https:\/\/www.adrianwood.ch\/index.php?rest_route=\/wp\/v2\/pages"}],"about":[{"href":"https:\/\/www.adrianwood.ch\/index.php?rest_route=\/wp\/v2\/types\/page"}],"author":[{"embeddable":true,"href":"https:\/\/www.adrianwood.ch\/index.php?rest_route=\/wp\/v2\/users\/1"}],"replies":[{"embeddable":true,"href":"https:\/\/www.adrianwood.ch\/index.php?rest_route=%2Fwp%2Fv2%2Fcomments&post=16653"}],"version-history":[{"count":8,"href":"https:\/\/www.adrianwood.ch\/index.php?rest_route=\/wp\/v2\/pages\/16653\/revisions"}],"predecessor-version":[{"id":16865,"href":"https:\/\/www.adrianwood.ch\/index.php?rest_route=\/wp\/v2\/pages\/16653\/revisions\/16865"}],"up":[{"embeddable":true,"href":"https:\/\/www.adrianwood.ch\/index.php?rest_route=\/wp\/v2\/pages\/16596"}],"wp:attachment":[{"href":"https:\/\/www.adrianwood.ch\/index.php?rest_route=%2Fwp%2Fv2%2Fmedia&parent=16653"}],"curies":[{"name":"wp","href":"https:\/\/api.w.org\/{rel}","templated":true}]}}