{"id":16692,"date":"2018-07-21T08:10:12","date_gmt":"2018-07-21T08:10:12","guid":{"rendered":"http:\/\/www.adrianwood.ch\/?page_id=16692"},"modified":"2018-07-22T10:41:41","modified_gmt":"2018-07-22T10:41:41","slug":"naxos","status":"publish","type":"page","link":"https:\/\/www.adrianwood.ch\/?page_id=16692","title":{"rendered":"Naxos"},"content":{"rendered":"<figure id=\"attachment_16693\" aria-describedby=\"caption-attachment-16693\" style=\"width: 1620px\" class=\"wp-caption alignleft\"><a href=\"http:\/\/www.adrianwood.ch\/wp-content\/uploads\/2018\/07\/KYK_2799.jpg\"><img loading=\"lazy\" decoding=\"async\" class=\"size-full wp-image-16693\" src=\"http:\/\/www.adrianwood.ch\/wp-content\/uploads\/2018\/07\/KYK_2799.jpg\" alt=\"\" width=\"1620\" height=\"1080\" srcset=\"https:\/\/www.adrianwood.ch\/wp-content\/uploads\/2018\/07\/KYK_2799.jpg 1620w, https:\/\/www.adrianwood.ch\/wp-content\/uploads\/2018\/07\/KYK_2799-300x200.jpg 300w, https:\/\/www.adrianwood.ch\/wp-content\/uploads\/2018\/07\/KYK_2799-768x512.jpg 768w, https:\/\/www.adrianwood.ch\/wp-content\/uploads\/2018\/07\/KYK_2799-1024x683.jpg 1024w\" sizes=\"auto, (max-width: 1620px) 100vw, 1620px\" \/><\/a><figcaption id=\"caption-attachment-16693\" class=\"wp-caption-text\">Aliko Beach<\/figcaption><\/figure>\n<p><strong>Naxos<\/strong><\/p>\n<p>Die Insel Naxos liegt 2 F\u00e4hrstunden von Santorin entfernt. Die Fahrt f\u00fchrt vorbei an der Insel Ios und den kleinen Ostkykladen. Naxos ist die gr\u00f6\u00dfte Insel der Kykladen. Ihrer Gr\u00f6\u00dfe entsprechend weist die Insel viele unterschiedliche Landschaften auf, von langen Sandstr\u00e4nden an der S\u00fcd- und Westk\u00fcste \u00fcber die mit Oliven bepflanzte zentrale Hoch\u00adebene \u201eTragea\u201c bis zu fast 1.000m hohen Bergen. Entsprechend vielseitig sind Wirtschaft und Kultur. Neben dem Tourismus ist die Landwirtschaft und die Gewinnung von Marmor bedeutsam. Unsere Wanderungen ber\u00fchren alle Land\u00adschaften, wir besuchen dabei eine alte Tempelanlage, eine der \u00e4ltesten Kirchen der Kykladen und im ehemalige Hauptdorf des Ostteils der Insel eine alte Lik\u00f6rdestille. Abgerundet wird unser Naxos Besuch durch eine Besichtigung der Chora, des geschichts\u00adtr\u00e4chtigen Hauptorts mit seiner venezianischen Burg, einst Sitz des Herzogtums Naxos.<\/p>\n<ol start=\"6\">\n<li>Tag (Fr, 18.05.2018)<\/li>\n<\/ol>\n<p>Morgens Fahrt nach Apiranthos; Wanderung \u00fcber den Fanari (802m) in das Bergdorf Moni (Mittagspause) und weiter \u00fcber die Panagia Drosiani (kurze Besichtigung einer der \u00e4ltesten Kirchen der Kykladen mit seltenen Wandmalereien) und die mit Oliven bepflanzte Hochebene Tragea nach Chalki; 5 Std. Transfer ins Hotel (Ankunft ca. 17:30h; bzw. bei Besichtigung einer Kitron-Destille in Chalki ca. 19:00h)<\/p>\nngg_shortcode_0_placeholder\n<ol start=\"7\">\n<li>Tag (Sa, 19.05.2018)<\/li>\n<\/ol>\n<p>Fahrt nach Sangri; Besichtigung des Demetra-Tempels; Wanderung nach Alyko; 2.5 Std. Zeit zum Baden am kilo\u00admeter\u00adlangen Sandstrand, Abendessen in einer Landtaverne; Transfer ins Hotel (Ankunft ca. 20:30h)<\/p>\n<ol start=\"8\">\n<li>Tag (So, 20.05.2018)<\/li>\n<\/ol>\n<p>Wanderung von Chalki \u00fcber das Apano-Kastro nach Potamia (kurze Pause) und weiter zu den Kouroi von Flerio (Ankunft ca. 16:00h); Abendessen (5)<\/p>\n<ol start=\"9\">\n<li>Tag (Mo, 21.05.2018)<\/li>\n<\/ol>\n<p>Vormittags F\u00fchrung durch Naxos-Chora und die venezianische Burg; 1 Std. voraus. mittags \u00dcberfahrt nach Amorgos; Transfer ins Hotel<\/p>\n","protected":false},"excerpt":{"rendered":"<p>Naxos Die Insel Naxos liegt 2 F\u00e4hrstunden von Santorin entfernt. Die Fahrt f\u00fchrt vorbei an der Insel Ios und den kleinen Ostkykladen. Naxos ist die gr\u00f6\u00dfte Insel der Kykladen. Ihrer Gr\u00f6\u00dfe entsprechend weist die Insel viele unterschiedliche Landschaften auf, von langen Sandstr\u00e4nden an der S\u00fcd- und Westk\u00fcste \u00fcber die mit Oliven bepflanzte zentrale Hoch\u00adebene \u201eTragea\u201c &hellip; <a href=\"https:\/\/www.adrianwood.ch\/?page_id=16692\" class=\"more-link\">Continue reading <span class=\"screen-reader-text\">Naxos<\/span> <span class=\"meta-nav\">&rarr;<\/span><\/a><\/p>\n","protected":false},"author":1,"featured_media":0,"parent":16596,"menu_order":2588,"comment_status":"closed","ping_status":"closed","template":"","meta":{"ngg_post_thumbnail":0,"footnotes":""},"class_list":["post-16692","page","type-page","status-publish","hentry"],"_links":{"self":[{"href":"https:\/\/www.adrianwood.ch\/index.php?rest_route=\/wp\/v2\/pages\/16692","targetHints":{"allow":["GET"]}}],"collection":[{"href":"https:\/\/www.adrianwood.ch\/index.php?rest_route=\/wp\/v2\/pages"}],"about":[{"href":"https:\/\/www.adrianwood.ch\/index.php?rest_route=\/wp\/v2\/types\/page"}],"author":[{"embeddable":true,"href":"https:\/\/www.adrianwood.ch\/index.php?rest_route=\/wp\/v2\/users\/1"}],"replies":[{"embeddable":true,"href":"https:\/\/www.adrianwood.ch\/index.php?rest_route=%2Fwp%2Fv2%2Fcomments&post=16692"}],"version-history":[{"count":3,"href":"https:\/\/www.adrianwood.ch\/index.php?rest_route=\/wp\/v2\/pages\/16692\/revisions"}],"predecessor-version":[{"id":17076,"href":"https:\/\/www.adrianwood.ch\/index.php?rest_route=\/wp\/v2\/pages\/16692\/revisions\/17076"}],"up":[{"embeddable":true,"href":"https:\/\/www.adrianwood.ch\/index.php?rest_route=\/wp\/v2\/pages\/16596"}],"wp:attachment":[{"href":"https:\/\/www.adrianwood.ch\/index.php?rest_route=%2Fwp%2Fv2%2Fmedia&parent=16692"}],"curies":[{"name":"wp","href":"https:\/\/api.w.org\/{rel}","templated":true}]}}