{"id":16731,"date":"2018-07-21T09:03:03","date_gmt":"2018-07-21T09:03:03","guid":{"rendered":"http:\/\/www.adrianwood.ch\/?page_id=16731"},"modified":"2018-07-21T09:03:46","modified_gmt":"2018-07-21T09:03:46","slug":"05-20-kouros-statuen","status":"publish","type":"page","link":"https:\/\/www.adrianwood.ch\/?page_id=16731","title":{"rendered":"05-20 Kouros Statuen"},"content":{"rendered":"<div class=\"pmdi_content_wrapper\">\n<p class=\"Normal-P\" style=\"margin-bottom: 6pt; text-align: justify; text-justify: inter-ideograph; direction: ltr; unicode-bidi: normal; text-autospace: none;\"><span class=\"Normal-H\"><span style=\"font-family: Arial; font-weight: bold; font-size: 11pt;\">20.<\/span><span style=\"font-family: Arial; font-weight: bold; font-size: 11pt;\">Mai, von <\/span><span style=\"font-family: Arial; font-weight: bold; font-size: 11pt;\">Chalki<\/span><span style=\"font-family: Arial; font-weight: bold; font-size: 11pt;\"> \u00fcber das <\/span><span style=\"font-family: Arial; font-weight: bold; font-size: 11pt;\">Apano-Kastro<\/span><span style=\"font-family: Arial; font-weight: bold; font-size: 11pt;\"> nach Potamia und zu den <\/span><span style=\"font-family: Arial; font-weight: bold; font-size: 11pt;\">K<\/span><span style=\"font-family: Arial; font-weight: bold; font-size: 11pt;\">o<\/span><span style=\"font-family: Arial; font-weight: bold; font-size: 11pt;\">uro<\/span><span style=\"font-family: Arial; font-weight: bold; font-size: 11pt;\"> von <\/span><span style=\"font-family: Arial; font-weight: bold; font-size: 11pt;\">Flerio<\/span><\/span><\/p>\n<table class=\"TableGrid-T\" style=\"border-collapse: collapse;\" cellspacing=\"0\">\n<tbody>\n<tr class=\"-R\">\n<td class=\"-C\" style=\"width: 498.1pt; border: none windowtext 0pt;\" colspan=\"2\">\n<p class=\"Normal-P\" style=\"margin-bottom: 6pt; text-align: justify; text-justify: inter-ideograph; direction: ltr; unicode-bidi: normal; text-autospace: none;\"><span class=\"Normal-H\"><span style=\"font-family: Arial; font-size: 11pt;\">Die heutige Wanderung wird uns durch verschiedene Landschaften der Insel Naxos und in fr\u00fchere Zeiten f\u00fchren, ab vom Rummel des Tourismus.<\/span><\/span><\/p>\n<p class=\"Normal-P\" style=\"margin-bottom: 6pt; text-align: justify; text-justify: inter-ideograph; direction: ltr; unicode-bidi: normal; text-autospace: none;\"><span class=\"Normal-H\"><span style=\"font-family: Arial; font-size: 11pt;\">Gestern haben wir bereits einen der pr\u00e4chtigen Sandstr\u00e4nde kennengelernt. Nun werden wir uns im Inneren der Insel in der Bergregion bewegen. Wir waren schon am 18.5. nach der Wanderung auf den Fanari in Chalki, der Hauptstadt der fruchtbaren Trag\u00e9a Hochebne, wo unsere Wanderung beginnt.<\/span><\/span><\/p>\n<\/td>\n<\/tr>\n<tr class=\"-R\">\n<td class=\"-C\" style=\"width: 249.05pt; border: none windowtext 0pt;\">\n<p class=\"Normal-P\" style=\"margin-bottom: 6pt; text-align: justify; text-justify: inter-ideograph; direction: ltr; unicode-bidi: normal; text-autospace: none;\"><span class=\"Normal-H\"><span style=\"font-family: Arial; font-size: 11pt;\"><img loading=\"lazy\" decoding=\"async\" class=\"\" src=\"http:\/\/www.adrianwood.ch\/wp-content\/uploads\/2018\/07\/1532163596_image1.jpeg\" data-link=\"\" width=\"350\" height=\"262\"><\/span><\/span><\/p>\n<\/td>\n<td class=\"-C\" style=\"width: 249.05pt; border: none windowtext 0pt;\">\n<p class=\"Normal-P\" style=\"margin-bottom: 6pt; text-align: justify; text-justify: inter-ideograph; direction: ltr; unicode-bidi: normal; text-autospace: none;\"><span class=\"Normal-H\"><span style=\"font-family: Arial; font-size: 11pt;\"><img loading=\"lazy\" decoding=\"async\" class=\"\" src=\"http:\/\/www.adrianwood.ch\/wp-content\/uploads\/2018\/07\/1532163596_image2.jpeg\" data-link=\"\" width=\"350\" height=\"262\"><\/span><\/span><\/p>\n<\/td>\n<\/tr>\n<tr class=\"-R\">\n<td class=\"-C\" style=\"width: 498.1pt; border: none windowtext 0pt;\" colspan=\"2\">\n<p class=\"Normal-P\" style=\"margin-bottom: 6pt; text-align: justify; text-justify: inter-ideograph; direction: ltr; unicode-bidi: normal; text-autospace: none;\"><span class=\"Normal-H\"><span style=\"font-family: Arial; font-size: 11pt;\">Durch das Dorf wandern wir durch eine Art von Hohlweg und befinden uns bald in einer typischen griechischen, zeitlosen Landschaft, wo zwischen Olivenhainen und Felsbrocken die Schafe grasen. Wahrscheinlich sah es vor sehr langer Zeit gleich aus wie heute. Wir werden sp\u00e4ter auf der Wanderung noch <\/span><span style=\"font-family: Arial; font-size: 11pt;\">die Abbildern<\/span><span style=\"font-family: Arial; font-size: 11pt;\"> der Menschen aus ferner Zeit kennenlernen.<\/span><\/span><\/p>\n<p class=\"Normal-P\" style=\"margin-bottom: 6pt; text-align: justify; text-justify: inter-ideograph; direction: ltr; unicode-bidi: normal; text-autospace: none;\"><span class=\"Normal-H\"><span style=\"font-family: Arial; font-size: 11pt;\">In <\/span><span style=\"font-family: Arial; color: #000000; font-size: 11pt;\">Tsikalari\u00f3 <\/span><span style=\"font-family: Arial; font-size: 11pt;\">kommen wir an einem Brunnen vorbei, wo fr\u00fcher die W\u00e4sche gewaschen wurde.<\/span><span style=\"font-family: Arial; color: #000000; font-size: 11pt;\">Unser Weg f\u00fchrt jetzt zwischen Felsen und Ziegenmauern hindurch und schon bald sieht man oben auf einem Gipfel das Apano K\u00e1stro, eine Festungsruine. Dieser Wegabschnitt ist sehr malerisch und gef\u00e4llt mir sehr gut.<\/span><span style=\"font-family: Arial; color: #000000; font-size: 11pt;\"> An einer Steinmauer entlang steigen wir auf einen Pass, der zu F\u00fcssen der Ruine liegt. Hier gibt es einen Trinkhalt und Informationen zur bewegten Geschichte.<\/span><\/span><\/p>\n<\/td>\n<\/tr>\n<tr class=\"-R\">\n<td class=\"-C\" style=\"width: 249.05pt; border: none windowtext 0pt;\">\n<p class=\"Normal-P\" style=\"margin-bottom: 6pt; text-align: justify; text-justify: inter-ideograph; direction: ltr; unicode-bidi: normal; text-autospace: none;\"><span class=\"Normal-H\"><span style=\"font-family: Arial; font-size: 11pt;\"><img loading=\"lazy\" decoding=\"async\" class=\"\" src=\"http:\/\/www.adrianwood.ch\/wp-content\/uploads\/2018\/07\/1532163596_image3.jpeg\" data-link=\"\" width=\"350\" height=\"262\"><\/span><\/span><\/p>\n<\/td>\n<td class=\"-C\" style=\"width: 249.05pt; border: none windowtext 0pt;\">\n<p class=\"Normal-P\" style=\"margin-bottom: 6pt; text-align: justify; text-justify: inter-ideograph; direction: ltr; unicode-bidi: normal; text-autospace: none;\"><span class=\"Normal-H\"><span style=\"font-family: Arial; font-size: 11pt;\"><img loading=\"lazy\" decoding=\"async\" class=\"\" src=\"http:\/\/www.adrianwood.ch\/wp-content\/uploads\/2018\/07\/1532163596_image4.jpeg\" data-link=\"\" width=\"350\" height=\"262\"><\/span><\/span><\/p>\n<\/td>\n<\/tr>\n<tr class=\"-R\">\n<td class=\"-C\" style=\"width: 498.1pt; border: none windowtext 0pt;\" colspan=\"2\">\n<p class=\"Normal-P\" style=\"margin-bottom: 6pt; text-align: justify; text-justify: inter-ideograph; direction: ltr; unicode-bidi: normal; text-autospace: none;\"><span class=\"Normal-H\"><span style=\"font-family: Arial; color: #000000; font-size: 11pt;\">Wir haben eine pr\u00e4chtige Sicht auf die umliegende Landschaft mit den Bergen, der Trag\u00e9a Hochebene und in der Ferne auf das Meer.<\/span><span style=\"font-family: Arial; color: #000000; font-size: 11pt;\"> Der sanfte Abstieg f\u00fchrt uns weiter auf der Route No.5 an Ginsterbewachsenen Steinmauern und bizarren Felsformationen und an der Bruchsteilkapelle Agios Andr\u00e9as vorbei. Jetzt geht es bergab, der Weg kreuzt irgendwann die Stra\u00dfe von Chalki nach Potami\u00e1 und dann geht es \u00fcber gepflasterte Wege und Treppen hinab durch den Ort Ep\u00e1no Potami\u00e1, der in einer Talmulde liegt.<\/span><span style=\"font-family: Arial; color: #000000; font-size: 11pt;\">Wir finden neben der Kirche eine sch\u00f6ne Taverne, wo die meisten einkehren.<\/span><\/span><\/p>\n<\/td>\n<\/tr>\n<tr class=\"-R\">\n<td class=\"-C\" style=\"width: 498.1pt; border: none windowtext 0pt;\" colspan=\"2\">\n<p class=\"Normal-P\" style=\"margin-bottom: 6pt; text-align: justify; text-justify: inter-ideograph; direction: ltr; unicode-bidi: normal; text-autospace: none;\">\n<p class=\"Normal-P\" style=\"margin-bottom: 6pt; text-align: justify; text-justify: inter-ideograph; direction: ltr; unicode-bidi: normal; text-autospace: none;\">\n<p class=\"Normal-P\" style=\"margin-bottom: 6pt; text-align: justify; text-justify: inter-ideograph; direction: ltr; unicode-bidi: normal; text-autospace: none;\"><span class=\"Normal-H\"><span style=\"font-family: Arial; color: #000000; font-size: 11pt;\">Dann geht es weiter hinunter zu einem Bach, der ein rarer Anblick ist in Naxos. Wir folgen ihm eine Weile, dann steigt der Weg wieder an und wir gelangen in die mit vielen Mauern durchsetzte Landschaft, durch welche wir dann zum ber\u00fchmten <\/span><span style=\"font-family: Arial; color: #000000; font-size: 11pt;\">K<\/span><span style=\"font-family: Arial; color: #000000; font-size: 11pt;\">o<\/span><span style=\"font-family: Arial; color: #000000; font-size: 11pt;\">uro<\/span><span style=\"font-family: Arial; color: #000000; font-size: 11pt;\"> von <\/span><span style=\"font-family: Arial; color: #000000; font-size: 11pt;\">Flerio<\/span><span style=\"font-family: Arial; color: #000000; font-size: 11pt;\"> gelangen, der seit Jahrhunderten hier liegt und nun von unz\u00e4hligen Touristen besucht wird. Ein Fuss ist abgebrochen, ein Grund warum die Statue an diesem Ort liegengelassen wurde. <\/span><\/span><\/p>\n<\/td>\n<\/tr>\n<tr class=\"-R\">\n<td class=\"-C\" style=\"width: 249.05pt; border: none windowtext 0pt;\">\n<p class=\"Normal-P\" style=\"margin-bottom: 6pt; text-align: justify; text-justify: inter-ideograph; direction: ltr; unicode-bidi: normal; text-autospace: none;\"><span class=\"Normal-H\"><span style=\"font-family: Arial; font-size: 11pt;\"><img loading=\"lazy\" decoding=\"async\" class=\"\" src=\"http:\/\/www.adrianwood.ch\/wp-content\/uploads\/2018\/07\/1532163596_image5.jpg\" data-link=\"\" width=\"350\" height=\"234\"><\/span><\/span><\/p>\n<\/td>\n<td class=\"-C\" style=\"width: 249.05pt; border: none windowtext 0pt;\">\n<p class=\"Normal-P\" style=\"margin-bottom: 6pt; text-align: justify; text-justify: inter-ideograph; direction: ltr; unicode-bidi: normal; text-autospace: none;\"><span class=\"Normal-H\"><span style=\"font-family: Arial; font-size: 11pt;\"><img loading=\"lazy\" decoding=\"async\" class=\"\" src=\"http:\/\/www.adrianwood.ch\/wp-content\/uploads\/2018\/07\/1532163596_image6.jpg\" data-link=\"\" width=\"350\" height=\"234\"><\/span><\/span><\/p>\n<\/td>\n<\/tr>\n<tr class=\"-R\">\n<td class=\"-C\" style=\"width: 498.1pt; border: none windowtext 0pt;\" colspan=\"2\">\n<p class=\"Normal-P\" style=\"margin-bottom: 6pt; text-align: justify; text-justify: inter-ideograph; direction: ltr; unicode-bidi: normal; text-autospace: none;\"><span class=\"Normal-H\"><span style=\"font-family: Arial; color: #000000; font-size: 11pt;\">Hier wird ein weiterer Halt eingeschaltet und der Reisef\u00fchrer Markus erz\u00e4hlt einiges \u00fcber diese Steinstatue, griechisch <\/span><span style=\"font-family: Arial; color: #000000; font-size: 11pt;\">K<\/span><span style=\"font-family: Arial; color: #000000; font-size: 11pt;\">o<\/span><span style=\"font-family: Arial; color: #000000; font-size: 11pt;\">uro<\/span><span style=\"font-family: Arial; color: #000000; font-size: 11pt;\"> genannt, das Wort f\u00fcr einen unbekleideten J\u00fcngling. Das Gegenst\u00fcck w\u00e4re die Kore, das M\u00e4dchen oder die Jungfrau, die allerdings bekleidet ist, wie wir dies am Erechtheion Tempel in Athen mit der ber\u00fchmten Korenhalle sehen. Als tragendes Element wird die Kore allerdings Karyatide genannt.<\/span><span style=\"font-family: Arial; font-size: 11pt;\">Wir wandern dann weiter hinunter zu einem kleinen Steinbruch und dann in einen Garten hinein, wo ein weiterer <\/span><span style=\"font-family: Arial; font-size: 11pt;\">K<\/span><span style=\"font-family: Arial; font-size: 11pt;\">o<\/span><span style=\"font-family: Arial; font-size: 11pt;\">uro<\/span><span style=\"font-family: Arial; font-size: 11pt;\"> liegt, welcher wahrscheinlich noch mehr Besuch kriegt, da er n\u00e4her liegt als der andere Steinmann. Der n\u00e4chste Garten, den wir betreten wird Paradiesgarten genannt, ist aber in Tat eine Abfallhalde.<\/span><\/span><\/p>\n<p class=\"Normal-P\" style=\"margin-bottom: 6pt; text-align: justify; text-justify: inter-ideograph; direction: ltr; unicode-bidi: normal; text-autospace: none;\"><span class=\"Normal-H\"><span style=\"font-family: Arial; font-size: 11pt;\">Unser Bus erwartet uns ausserhalb des Ortes und bringt uns zur\u00fcck nach Naxos in die N\u00e4he unseres Hotels.<\/span><span style=\"font-family: Arial; font-size: 11pt;\">Ein gemeinsames Abendessen <\/span><span style=\"font-family: Arial; font-size: 11pt;\">beschliesst<\/span><span style=\"font-family: Arial; font-size: 11pt;\"> den <\/span><span style=\"font-family: Arial; font-size: 11pt;\">erreignisvollen<\/span><span style=\"font-family: Arial; font-size: 11pt;\"> Tag, der uns einen Blick in die Vergangenheit und in die f\u00fcr uns typische griechische Landschaft gegeben hat. <\/span><span style=\"font-family: Arial; font-size: 11pt;\">Marianne<\/span><\/span><\/p>\n<\/td>\n<\/tr>\n<tr class=\"-R\">\n<td class=\"-C\" style=\"width: 498.1pt; border: none windowtext 0pt;\" colspan=\"2\">\n<p class=\"Normal-P\" style=\"margin-bottom: 6pt; text-align: justify; text-justify: inter-ideograph; direction: ltr; unicode-bidi: normal; text-autospace: none;\"><span class=\"Normal-H\"><span style=\"font-family: Arial; font-size: 11pt;\"><img loading=\"lazy\" decoding=\"async\" class=\"\" src=\"http:\/\/www.adrianwood.ch\/wp-content\/uploads\/2018\/07\/1532163596_image7.jpg\" data-link=\"\" width=\"758\" height=\"456\"><\/span><\/span><\/p>\n<\/td>\n<\/tr>\n<\/tbody>\n<\/table>\n<\/div>\n","protected":false},"excerpt":{"rendered":"<p>20.Mai, von Chalki \u00fcber das Apano-Kastro nach Potamia und zu den Kouro von Flerio Die heutige Wanderung wird uns durch verschiedene Landschaften der Insel Naxos und in fr\u00fchere Zeiten f\u00fchren, ab vom Rummel des Tourismus. Gestern haben wir bereits einen der pr\u00e4chtigen Sandstr\u00e4nde kennengelernt. Nun werden wir uns im Inneren der Insel in der Bergregion &hellip; <a href=\"https:\/\/www.adrianwood.ch\/?page_id=16731\" class=\"more-link\">Continue reading <span class=\"screen-reader-text\">05-20 Kouros Statuen<\/span> <span class=\"meta-nav\">&rarr;<\/span><\/a><\/p>\n","protected":false},"author":1,"featured_media":0,"parent":16596,"menu_order":2591,"comment_status":"closed","ping_status":"closed","template":"","meta":{"ngg_post_thumbnail":0,"footnotes":""},"class_list":["post-16731","page","type-page","status-publish","hentry"],"_links":{"self":[{"href":"https:\/\/www.adrianwood.ch\/index.php?rest_route=\/wp\/v2\/pages\/16731","targetHints":{"allow":["GET"]}}],"collection":[{"href":"https:\/\/www.adrianwood.ch\/index.php?rest_route=\/wp\/v2\/pages"}],"about":[{"href":"https:\/\/www.adrianwood.ch\/index.php?rest_route=\/wp\/v2\/types\/page"}],"author":[{"embeddable":true,"href":"https:\/\/www.adrianwood.ch\/index.php?rest_route=\/wp\/v2\/users\/1"}],"replies":[{"embeddable":true,"href":"https:\/\/www.adrianwood.ch\/index.php?rest_route=%2Fwp%2Fv2%2Fcomments&post=16731"}],"version-history":[{"count":3,"href":"https:\/\/www.adrianwood.ch\/index.php?rest_route=\/wp\/v2\/pages\/16731\/revisions"}],"predecessor-version":[{"id":16740,"href":"https:\/\/www.adrianwood.ch\/index.php?rest_route=\/wp\/v2\/pages\/16731\/revisions\/16740"}],"up":[{"embeddable":true,"href":"https:\/\/www.adrianwood.ch\/index.php?rest_route=\/wp\/v2\/pages\/16596"}],"wp:attachment":[{"href":"https:\/\/www.adrianwood.ch\/index.php?rest_route=%2Fwp%2Fv2%2Fmedia&parent=16731"}],"curies":[{"name":"wp","href":"https:\/\/api.w.org\/{rel}","templated":true}]}}