{"id":16744,"date":"2018-07-21T09:10:42","date_gmt":"2018-07-21T09:10:42","guid":{"rendered":"http:\/\/www.adrianwood.ch\/?page_id=16744"},"modified":"2018-07-21T09:10:42","modified_gmt":"2018-07-21T09:10:42","slug":"05-21-naxos-chora","status":"publish","type":"page","link":"https:\/\/www.adrianwood.ch\/?page_id=16744","title":{"rendered":"05-21 Naxos Chora"},"content":{"rendered":"<div class=\"pmdi_content_wrapper\">\n<p class=\"Normal-P\" style=\"margin-bottom: 6pt; text-align: justify; text-justify: inter-ideograph; direction: ltr; unicode-bidi: normal;\"><span class=\"Normal-H\"><span style=\"font-weight: bold;\">Pfingstmontag, <\/span><span style=\"font-weight: bold;\">21.<\/span><span style=\"font-weight: bold;\">Mai<\/span><span style=\"font-weight: bold;\">, Naxos &#8211; <\/span><span style=\"font-weight: bold;\">Amorgos<\/span><\/span><\/p>\n<table class=\"TableGrid-T\" style=\"border-collapse: collapse;\" cellspacing=\"0\">\n<tbody>\n<tr class=\"-R\">\n<td class=\"-C\" style=\"width: 481.4pt; border: none windowtext 0pt;\" colspan=\"2\">\n<p class=\"Normal-P\" style=\"margin-bottom: 6pt; text-align: justify; text-justify: inter-ideograph; direction: ltr; unicode-bidi: normal;\"><span class=\"Normal-H\">Aufbruch vom Hotel Sonnenuntergang \u00abIliovasilema\u00bb auf Naxos mit dem Bus nach Chora und anschliessendem Schiffstransfer mit der \u00abSkopelitis\u00bb nach Katapola auf der Insel Amorgos.<\/span><\/p>\n<p class=\"Normal-P\" style=\"margin-bottom: 6pt; text-align: justify; text-justify: inter-ideograph; direction: ltr; unicode-bidi: normal;\"><span class=\"Normal-H\">Am sp\u00e4ten Vormittag haben wir ein wenig Zeit, zusammen durch die an der nordwestlichen K\u00fcste gelegene Hauptstadt &#8211; Chora &#8211; zu schlendern, zum Wahrzeichen von Naxos \u00abPortara\u00bb, dem monumentalen Marmortor des Apollontempels aus dem 6. Jh. vor Chr. zu wandern, das \u00fcbrigens von den Einheimischen \u00abPalatia\u00bb genannt wird und uns bis zur Schiffspassage am Hafen umzusehen. <\/span><\/p>\n<\/td>\n<\/tr>\n<tr class=\"-R\">\n<td class=\"-C\" style=\"width: 240.7pt; border: none windowtext 0pt;\">\n<p class=\"Normal-P\" style=\"margin-bottom: 6pt; text-align: justify; text-justify: inter-ideograph; direction: ltr; unicode-bidi: normal;\"><span class=\"Normal-H\"><img loading=\"lazy\" decoding=\"async\" class=\"\" src=\"http:\/\/www.adrianwood.ch\/wp-content\/uploads\/2018\/07\/1532164080_image1.jpeg\" data-link=\"\" width=\"350\" height=\"234\"><\/span><\/p>\n<\/td>\n<td class=\"-C\" style=\"width: 240.7pt; border: none windowtext 0pt;\">\n<p class=\"Normal-P\" style=\"margin-bottom: 6pt; text-align: justify; text-justify: inter-ideograph; direction: ltr; unicode-bidi: normal;\"><span class=\"Normal-H\"><img loading=\"lazy\" decoding=\"async\" class=\"\" src=\"http:\/\/www.adrianwood.ch\/wp-content\/uploads\/2018\/07\/1532164080_image2.jpeg\" data-link=\"\" width=\"350\" height=\"234\"><\/span><\/p>\n<\/td>\n<\/tr>\n<tr class=\"-R\">\n<td class=\"-C\" style=\"width: 481.4pt; border: none windowtext 0pt;\" colspan=\"2\">\n<p class=\"Normal-P\" style=\"margin-bottom: 6pt; text-align: justify; text-justify: inter-ideograph; direction: ltr; unicode-bidi: normal;\"><span class=\"Normal-H\">Auf einer Anh\u00f6he, welche die nat\u00fcrliche Oberstadt von Chora bildet, findet sich die venezianische Burg, erbaut mit an vielen Stellen erkennbaren antiken Versatzst\u00fccken. Geht man durch das \u00abTrani-Tor\u00bb gelangt man in die eindrucksvolle mittelalterliche Siedlung der Festung, die Wohnort, aber auch verwaltungsm\u00e4ssiges und religi\u00f6ses Zentrum der venezianischen Eroberer war. Die verwinkelte Altstadt besteht aus unz\u00e4hligen lauschigen Winkeln und schattenspendenden Pl\u00e4tzen, einem Paradies f\u00fcr Fotografen. Das Rot und Rosa des Oleanders, das Orange der Trompetenb\u00e4ume konkurrieren mit dem kr\u00e4ftigen Blau der Fensterl\u00e4den und Holzt\u00fcren, dem Weiss der W\u00e4nde und dem charakteristischen Gr\u00fcn der Balustraden. Licht und Schatten lassen interessante Gem\u00e4lde entstehen, eine Vielzahl potentieller Sujets f\u00fcr Maler. Der Abstieg zum Hafen ist ges\u00e4umt von unz\u00e4hligen Touristenl\u00e4den, die regionale Produkte, Stoffe, K\u00f6rbe, Keramik, Glaskunst, Schmuck, Kleidung anbieten sowie von einer Vielzahl heimeliger Tavernen. <\/span><\/p>\n<\/td>\n<\/tr>\n<tr class=\"-R\">\n<td class=\"-C\" style=\"width: 240.7pt; border: none windowtext 0pt;\">\n<p class=\"Normal-P\" style=\"margin-bottom: 6pt; text-align: justify; text-justify: inter-ideograph; direction: ltr; unicode-bidi: normal;\"><span class=\"Normal-H\"><img loading=\"lazy\" decoding=\"async\" class=\"\" src=\"http:\/\/www.adrianwood.ch\/wp-content\/uploads\/2018\/07\/1532164080_image3.jpeg\" data-link=\"\" width=\"350\" height=\"234\"><\/span><\/p>\n<\/td>\n<td class=\"-C\" style=\"width: 240.7pt; border: none windowtext 0pt;\">\n<p class=\"Normal-P\" style=\"margin-bottom: 6pt; text-align: justify; text-justify: inter-ideograph; direction: ltr; unicode-bidi: normal;\"><span class=\"Normal-H\"><img loading=\"lazy\" decoding=\"async\" class=\"\" src=\"http:\/\/www.adrianwood.ch\/wp-content\/uploads\/2018\/07\/1532164080_image4.jpeg\" data-link=\"\" width=\"350\" height=\"234\"><\/span><\/p>\n<\/td>\n<\/tr>\n<tr class=\"-R\">\n<td class=\"-C\" style=\"width: 481.4pt; border: none windowtext 0pt;\" colspan=\"2\">\n<p class=\"Normal-P\" style=\"margin-bottom: 6pt; text-align: justify; text-justify: inter-ideograph; direction: ltr; unicode-bidi: normal;\"><span class=\"Normal-H\">Als n\u00e4chstes eilen wir zu den \u00dcberresten des auf einer kleinen mit einem Steg \u00fcberquerbaren Insel gelegenen Apollontempels. Das m\u00e4chtige Marmortor glitzert aus der Ferne in der Sonne und gr\u00fcsst die in den Hafen einfahrenden Schiffe. Die Gischt umsp\u00fclt die Klippen und bricht das Licht in den Regenbogenfarben. Die Menschen unter dem Torbogen erscheinen wie Spielzeugfiguren.<\/span><\/p>\n<p class=\"Normal-P\" style=\"margin-bottom: 6pt; text-align: justify; text-justify: inter-ideograph; direction: ltr; unicode-bidi: normal;\"><span class=\"Normal-H\">Die Zeit bis zur Abfahrt des Schiffes verbringen wir in der N\u00e4he des Hafens bei einem kleinen typischen Imbiss begleitet vom Ferien-Ouzo, von dem behauptet wurde, er w\u00fcrde die Schiffspassage ertr\u00e4glicher gestalten.<\/span><\/p>\n<p class=\"Normal-P\" style=\"margin-bottom: 6pt; text-align: justify; text-justify: inter-ideograph; direction: ltr; unicode-bidi: normal;\"><span class=\"Normal-H\"><\/span><\/p>\n<\/td>\n<\/tr>\n<tr class=\"-R\">\n<td class=\"-C\" style=\"width: 240.7pt; border: none windowtext 0pt;\">\n<p class=\"Normal-P\" style=\"margin-bottom: 6pt; text-align: justify; text-justify: inter-ideograph; direction: ltr; unicode-bidi: normal;\"><span class=\"Normal-H\"><\/span><\/p>\n<\/td>\n<td class=\"-C\" style=\"width: 240.7pt; border: none windowtext 0pt;\">\n<p class=\"Normal-P\" style=\"margin-bottom: 6pt; text-align: justify; text-justify: inter-ideograph; direction: ltr; unicode-bidi: normal;\"><span class=\"Normal-H\"><\/span><\/p>\n<\/td>\n<\/tr>\n<tr class=\"-R\">\n<td class=\"-C\" style=\"width: 240.7pt; border: none windowtext 0pt;\">\n<p class=\"Normal-P\" style=\"margin-bottom: 6pt; text-align: justify; text-justify: inter-ideograph; direction: ltr; unicode-bidi: normal;\"><span class=\"Normal-H\"><img loading=\"lazy\" decoding=\"async\" class=\"\" src=\"http:\/\/www.adrianwood.ch\/wp-content\/uploads\/2018\/07\/1532164080_image5.jpeg\" data-link=\"\" width=\"350\" height=\"234\"><\/span><\/p>\n<\/td>\n<td class=\"-C\" style=\"width: 240.7pt; border: none windowtext 0pt;\">\n<p class=\"Normal-P\" style=\"margin-bottom: 6pt; text-align: justify; text-justify: inter-ideograph; direction: ltr; unicode-bidi: normal;\"><span class=\"Normal-H\"><img loading=\"lazy\" decoding=\"async\" class=\"\" src=\"http:\/\/www.adrianwood.ch\/wp-content\/uploads\/2018\/07\/1532164080_image6.jpeg\" data-link=\"\" width=\"350\" height=\"234\"><\/span><\/p>\n<\/td>\n<\/tr>\n<tr class=\"-R\">\n<td class=\"-C\" style=\"width: 481.4pt; border: none windowtext 0pt;\" colspan=\"2\">\n<p class=\"Normal-P\" style=\"margin-bottom: 6pt; text-align: justify; text-justify: inter-ideograph; direction: ltr; unicode-bidi: normal;\"><span class=\"Normal-H\">Die \u00dcberfahrt nach Amorgos konnte zu dieser Jahreszeit, wie uns gesagt wurde, nur auf einer \u00ablangsamen\u00bb F\u00e4hre erfolgen, die einen Riesenumweg machen musste, um eine Reihe von Inseln anzufahren. Zun\u00e4chst konnte man sich noch problemlos auf dem Oberdeck aufhalten und bei einer leichten Brise und bei Sonnenschein die Haare im Wind flattern lassen. Mit der Zeit bliess es aber schon viel heftiger und als wir auf der H\u00f6he der Str\u00e4nde des Vortages, die wir gut erkennen konnten, ankamen, begann der Seegang langsam Fahrt aufzunehmen. In der Ferne waren eine Reihe von Hotelruinen zu erkennen. Fast fertig gestellte Geb\u00e4ude, die wohl die Krise erwischte. Wir unterhielten uns eine Weile mit einem freundlichen Paar, das mehrmals im Jahr ihr Haus mit dem gleichen Schiff anfuhr und uns verriet, dass dieses Schiff noch bei Windst\u00e4rke 7 fahren w\u00fcrde und gleich die Wellen noch ein wenig h\u00f6her schlagen werden. Sie erz\u00e4hlten uns auch ein paar Geschichten, die f\u00fcr die Korruption in Griechenland typisch seien, z.B. von einer Wasser-entsalzungsanlage, die zwar fertig gebaut dennoch nicht in Betrieb genommen werden durfte, weil sonst die Schiffe, die das Trinkwasser auf die Inseln liefern, obsolet geworden w\u00e4ren. Sie erz\u00e4hlten auch was Leute tun, die zwar kein Grundst\u00fcck besitzen, aber ein Haus bauen wollen. Angeblich g\u00e4be es ein Gesetz, das sage, wenn es einer fertig bringt an einem Tag ein Dach zu bauen, dann k\u00f6nne er das Grundst\u00fcck darunter erwerben. So g\u00e4be es Leute, die mit Hilfe von Kumpels in einer Nacht- und Nebelaktion ein grosses Hausdach erstellen und somit Besitzer eines Grundst\u00fccks werden k\u00f6nnten. Vielleicht ist das aber nur Fischerlatein.<\/span><\/p>\n<p class=\"Normal-P\" style=\"margin-bottom: 6pt; text-align: justify; text-justify: inter-ideograph; direction: ltr; unicode-bidi: normal;\"><span class=\"Normal-H\">Jedenfalls dauerte die Fahrt \u00fcber 6 Stunden, bei der einige von uns sicher ein mulmiges Gef\u00fchl in der Magengegend versp\u00fcrten und froh waren, als das Schiff im Hafen von Amorgos anlegte. Ein Bus f\u00fchrte uns f\u00fcr weitere 4 N\u00e4chte nach Katapola ins Hotel Agios Georgios Valsamitis.<\/span><\/p>\n<p class=\"Normal-P\" style=\"margin-bottom: 6pt; text-align: justify; text-justify: inter-ideograph; direction: ltr; unicode-bidi: normal;\"><span class=\"Normal-H\">Brigitte D. <\/span><\/p>\n<\/td>\n<\/tr>\n<tr class=\"-R\">\n<td class=\"-C\" style=\"width: 481.4pt; border: none windowtext 0pt;\" colspan=\"2\">\n<p class=\"Normal-P\" style=\"margin-bottom: 6pt; text-align: justify; text-justify: inter-ideograph; direction: ltr; unicode-bidi: normal;\"><span class=\"Normal-H\"><img loading=\"lazy\" decoding=\"async\" class=\"\" src=\"http:\/\/www.adrianwood.ch\/wp-content\/uploads\/2018\/07\/1532164080_image7.jpeg\" data-link=\"\" width=\"758\" height=\"408\"><\/span><\/p>\n<\/td>\n<\/tr>\n<p><!-- [if !supportMisalignedColumns]--><\/tbody>\n<\/table>\n<\/div>\n","protected":false},"excerpt":{"rendered":"<p>Pfingstmontag, 21.Mai, Naxos &#8211; Amorgos Aufbruch vom Hotel Sonnenuntergang \u00abIliovasilema\u00bb auf Naxos mit dem Bus nach Chora und anschliessendem Schiffstransfer mit der \u00abSkopelitis\u00bb nach Katapola auf der Insel Amorgos. Am sp\u00e4ten Vormittag haben wir ein wenig Zeit, zusammen durch die an der nordwestlichen K\u00fcste gelegene Hauptstadt &#8211; Chora &#8211; zu schlendern, zum Wahrzeichen von Naxos &hellip; <a href=\"https:\/\/www.adrianwood.ch\/?page_id=16744\" class=\"more-link\">Continue reading <span class=\"screen-reader-text\">05-21 Naxos Chora<\/span> <span class=\"meta-nav\">&rarr;<\/span><\/a><\/p>\n","protected":false},"author":1,"featured_media":0,"parent":16596,"menu_order":2592,"comment_status":"closed","ping_status":"closed","template":"","meta":{"ngg_post_thumbnail":0,"footnotes":""},"class_list":["post-16744","page","type-page","status-publish","hentry"],"_links":{"self":[{"href":"https:\/\/www.adrianwood.ch\/index.php?rest_route=\/wp\/v2\/pages\/16744","targetHints":{"allow":["GET"]}}],"collection":[{"href":"https:\/\/www.adrianwood.ch\/index.php?rest_route=\/wp\/v2\/pages"}],"about":[{"href":"https:\/\/www.adrianwood.ch\/index.php?rest_route=\/wp\/v2\/types\/page"}],"author":[{"embeddable":true,"href":"https:\/\/www.adrianwood.ch\/index.php?rest_route=\/wp\/v2\/users\/1"}],"replies":[{"embeddable":true,"href":"https:\/\/www.adrianwood.ch\/index.php?rest_route=%2Fwp%2Fv2%2Fcomments&post=16744"}],"version-history":[{"count":2,"href":"https:\/\/www.adrianwood.ch\/index.php?rest_route=\/wp\/v2\/pages\/16744\/revisions"}],"predecessor-version":[{"id":16753,"href":"https:\/\/www.adrianwood.ch\/index.php?rest_route=\/wp\/v2\/pages\/16744\/revisions\/16753"}],"up":[{"embeddable":true,"href":"https:\/\/www.adrianwood.ch\/index.php?rest_route=\/wp\/v2\/pages\/16596"}],"wp:attachment":[{"href":"https:\/\/www.adrianwood.ch\/index.php?rest_route=%2Fwp%2Fv2%2Fmedia&parent=16744"}],"curies":[{"name":"wp","href":"https:\/\/api.w.org\/{rel}","templated":true}]}}