{"id":16774,"date":"2018-07-21T10:36:05","date_gmt":"2018-07-21T10:36:05","guid":{"rendered":"http:\/\/www.adrianwood.ch\/?page_id=16774"},"modified":"2018-07-21T10:36:05","modified_gmt":"2018-07-21T10:36:05","slug":"05-23-minoa-valsamitis","status":"publish","type":"page","link":"https:\/\/www.adrianwood.ch\/?page_id=16774","title":{"rendered":"05-23 Minoa Valsamitis"},"content":{"rendered":"<div class=\"pmdi_content_wrapper\">\n<p class=\"Normal-P\" style=\"margin-bottom: 6pt; text-align: justify; text-justify: inter-ideograph; direction: ltr; unicode-bidi: normal;\"><span class=\"Normal-H\"><span style=\"font-family: Arial; font-weight: bold;\">23.<\/span><span style=\"font-family: Arial; font-weight: bold;\">Mai,<\/span><span style=\"font-family: Arial; font-weight: bold;\">Katapola<\/span><span style=\"font-family: Arial; font-weight: bold;\">\u2013<\/span><span style=\"font-family: Arial; font-weight: bold;\">Minoa<\/span><span style=\"font-family: Arial; font-weight: bold;\"> &#8211; <\/span><span style=\"font-family: Arial; font-weight: bold;\">Kloster <\/span><span style=\"font-family: Arial; font-weight: bold;\">Valsamitis<\/span><span style=\"font-family: Arial; font-weight: bold;\"> \u2013 <\/span><span style=\"font-family: Arial; font-weight: bold;\">Chora<\/span><span style=\"font-family: Arial; font-weight: bold;\"> &#8211; <\/span><span style=\"font-family: Arial; font-weight: bold;\">Katapola<\/span><\/span><\/p>\n<table class=\"TableGrid-T\" style=\"border-collapse: collapse;\" cellspacing=\"0\">\n<tbody>\n<tr class=\"-R\">\n<td class=\"-C\" style=\"width: 481.4pt; border: none windowtext 0pt;\" colspan=\"2\">\n<p class=\"Normal-P\" style=\"margin-bottom: 6pt; text-align: justify; text-justify: inter-ideograph; direction: ltr; unicode-bidi: normal;\"><span class=\"Normal-H\"><span style=\"font-family: Arial;\">Heute war Abmarsch direkt von unserem Hotel aus. Zuerst nach <\/span><span style=\"font-family: Arial;\">Katapola<\/span><span style=\"font-family: Arial;\">, wo, wer wollte, letzte Eink\u00e4ufe (Reiseproviant) t\u00e4tigen konnte. Dann begann die eigentliche Wanderung; zuerst auf einem Fussweg bergauf, dann auf einer Asphaltstrasse, gl\u00fccklicherweise fast ohne Verkehr. Wir wurden nur von einem E-Biker!! (die gibt es nun auch schon hier) \u00fcberholt.<\/span><\/span><\/p>\n<\/td>\n<\/tr>\n<tr class=\"-R\">\n<td class=\"-C\" style=\"width: 239.2pt; border: none windowtext 0pt;\">\n<p class=\"Normal-P\" style=\"margin-bottom: 6pt; text-align: justify; text-justify: inter-ideograph; direction: ltr; unicode-bidi: normal;\"><span class=\"Normal-H\"><span style=\"font-family: Arial;\"><img loading=\"lazy\" decoding=\"async\" class=\"\" src=\"http:\/\/www.adrianwood.ch\/wp-content\/uploads\/2018\/07\/1532169204_image1.jpeg\" data-link=\"\" width=\"350\" height=\"233\"><\/span><\/span><\/p>\n<\/td>\n<td class=\"-C\" style=\"width: 242.2pt; border: none windowtext 0pt;\">\n<p class=\"Normal-P\" style=\"margin-bottom: 6pt; text-align: justify; text-justify: inter-ideograph; direction: ltr; unicode-bidi: normal;\"><span class=\"Normal-H\"><span style=\"font-family: Arial;\"><img loading=\"lazy\" decoding=\"async\" class=\"\" src=\"http:\/\/www.adrianwood.ch\/wp-content\/uploads\/2018\/07\/1532169204_image2.jpeg\" data-link=\"\" width=\"350\" height=\"234\"><\/span><\/span><\/p>\n<\/td>\n<\/tr>\n<tr class=\"-R\">\n<td class=\"-C\" style=\"width: 481.4pt; border: none windowtext 0pt;\" colspan=\"2\">\n<p class=\"Normal-P\" style=\"margin-bottom: 6pt; text-align: justify; text-justify: inter-ideograph; direction: ltr; unicode-bidi: normal;\"><span class=\"Normal-H\"><span style=\"font-family: Arial;\">Unser erstes Ziel war die antike Stadt <\/span><span style=\"font-family: Arial;\">Minoa<\/span><span style=\"font-family: Arial;\">; eine der drei antiken St\u00e4dte von <\/span><span style=\"font-family: Arial;\">Amorgos<\/span><span style=\"font-family: Arial;\">. Der Saga nach soll K\u00f6nig Minos hier begraben sein (sehr unwahrscheinlich). Von der Stadt selber sieht man ausser einigen Mauerresten, welche aus verschiedenen Epochen stammen, nichts mehr.<\/span><\/span><\/p>\n<\/td>\n<\/tr>\n<tr class=\"-R\">\n<td class=\"-C\" style=\"width: 239.2pt; border: none windowtext 0pt;\">\n<p class=\"Normal-P\" style=\"margin-bottom: 6pt; text-align: justify; text-justify: inter-ideograph; direction: ltr; unicode-bidi: normal;\"><span class=\"Normal-H\"><span style=\"font-family: Arial;\"><img loading=\"lazy\" decoding=\"async\" class=\"\" src=\"http:\/\/www.adrianwood.ch\/wp-content\/uploads\/2018\/07\/1532169204_image3.jpeg\" data-link=\"\" width=\"350\" height=\"233\"><\/span><\/span><\/p>\n<\/td>\n<td class=\"-C\" style=\"width: 242.2pt; border: none windowtext 0pt;\">\n<p class=\"Normal-P\" style=\"margin-bottom: 6pt; text-align: justify; text-justify: inter-ideograph; direction: ltr; unicode-bidi: normal;\"><span class=\"Normal-H\"><span style=\"font-family: Arial;\"><img loading=\"lazy\" decoding=\"async\" class=\"\" src=\"http:\/\/www.adrianwood.ch\/wp-content\/uploads\/2018\/07\/1532169204_image4.jpeg\" data-link=\"\" width=\"350\" height=\"234\"><\/span><\/span><\/p>\n<\/td>\n<\/tr>\n<tr class=\"-R\">\n<td class=\"-C\" style=\"width: 481.4pt; border: none windowtext 0pt;\" colspan=\"2\">\n<p class=\"Normal-P\" style=\"margin-bottom: 6pt; text-align: justify; text-justify: inter-ideograph; direction: ltr; unicode-bidi: normal;\"><span class=\"Normal-H\"><span style=\"font-family: Arial;\">Dann ging es weiter. Nach einem kleinen <\/span><span style=\"font-family: Arial;\">Verhauer<\/span><span style=\"font-family: Arial;\"> marschierten wir auf einem sch\u00f6nen Wanderweg zum ehemaligen, aus dem 16. Jahrhundert stammenden Kloster Agios Georgios <\/span><span style=\"font-family: Arial;\">Valsamitis<\/span><span style=\"font-family: Arial;\">, welches auf einer Terrasse mit grandioser Aussicht liegt. Das Kloster war ehemals auch weitherum bekannt f\u00fcr sein Wasserorakel: \u201eSprechendes Wasser\u201c. Das Orakel wurde erst 1967 durch die Di\u00f6zese <\/span><span style=\"font-family: Arial;\">Thera<\/span><span style=\"font-family: Arial;\"> \u201ezum Schweigen\u201c gebracht. Die Anlage wird durch Schwester Irina, einer Nonne mit viel Witz, geleitet. Sie erl\u00e4uterte uns in der Kirche in farbigen Worten die Geschichte von <\/span><span style=\"font-family: Arial;\">Valsamitis<\/span><span style=\"font-family: Arial;\">. Zum Abschluss unseres Besuches wurde uns im Refektorium <\/span><span style=\"font-family: Arial;\">Loukoumi<\/span><span style=\"font-family: Arial;\">, eine S\u00fcssspeise aus Wasser, Zucker und gelierter St\u00e4rke angeboten.<\/span><\/span><\/p>\n<\/td>\n<\/tr>\n<tr class=\"-R\">\n<td class=\"-C\" style=\"width: 239.2pt; border: none windowtext 0pt;\">\n<p class=\"Normal-P\" style=\"margin-bottom: 6pt; text-align: justify; text-justify: inter-ideograph; direction: ltr; unicode-bidi: normal;\"><span class=\"Normal-H\"><span style=\"font-family: Arial;\"><img loading=\"lazy\" decoding=\"async\" class=\"\" src=\"http:\/\/www.adrianwood.ch\/wp-content\/uploads\/2018\/07\/1532169204_image5.jpeg\" data-link=\"\" width=\"350\" height=\"262\"><\/span><\/span><\/p>\n<\/td>\n<td class=\"-C\" style=\"width: 242.2pt; border: none windowtext 0pt;\">\n<p class=\"Normal-P\" style=\"margin-bottom: 6pt; text-align: justify; text-justify: inter-ideograph; direction: ltr; unicode-bidi: normal;\"><span class=\"Normal-H\"><span style=\"font-family: Arial;\"><img loading=\"lazy\" decoding=\"async\" class=\"\" src=\"http:\/\/www.adrianwood.ch\/wp-content\/uploads\/2018\/07\/1532169204_image6.jpeg\" data-link=\"\" width=\"351\" height=\"263\"><\/span><\/span><\/p>\n<\/td>\n<\/tr>\n<tr class=\"-R\">\n<td class=\"-C\" style=\"width: 481.4pt; border: none windowtext 0pt;\" colspan=\"2\">\n<p class=\"Normal-P\" style=\"margin-bottom: 6pt; text-align: justify; text-justify: inter-ideograph; direction: ltr; unicode-bidi: normal;\"><span class=\"Normal-H\"><span style=\"font-family: Arial;\">Anschliessend marschierten wir bei br\u00fctender Hitze, welche nur durch den Wind etwas gelindert wurde, nach dem malerischen <\/span><span style=\"font-family: Arial;\">Chora<\/span><span style=\"font-family: Arial;\"> (400 <\/span><span style=\"font-family: Arial;\">M.\u00fc.M<\/span><span style=\"font-family: Arial;\">), dem Hauptort von <\/span><span style=\"font-family: Arial;\">Amorgos<\/span><span style=\"font-family: Arial;\">. <\/span><span style=\"font-family: Arial;\">Chora<\/span><span style=\"font-family: Arial;\">, touristisch zum Gl\u00fcck noch wenig erschlossen, besticht durch seine verwinkelten Gassen, seine Windm\u00fchlen und einem venezianischen Kastell aus dem 13. Jahrhundert, das \u00fcber der Stadt thront. Nach der Bruthitze waren wir alle froh \u00fcber die schattigen Tavernen und die diversen Durstl\u00f6scher. Ob dann jemand noch den Aufstieg zum Kastell wagte, entzieht sich meiner Kenntnis. <\/span><\/span><\/p>\n<\/td>\n<\/tr>\n<tr class=\"-R\">\n<td class=\"-C\" style=\"width: 239.2pt; border: none windowtext 0pt;\">\n<p class=\"Normal-P\" style=\"margin-bottom: 6pt; text-align: justify; text-justify: inter-ideograph; direction: ltr; unicode-bidi: normal;\"><span class=\"Normal-H\"><span style=\"font-family: Arial;\"><img loading=\"lazy\" decoding=\"async\" class=\"\" src=\"http:\/\/www.adrianwood.ch\/wp-content\/uploads\/2018\/07\/1532169204_image7.jpeg\" data-link=\"\" width=\"350\" height=\"262\"><\/span><\/span><\/p>\n<\/td>\n<td class=\"-C\" style=\"width: 242.2pt; border: none windowtext 0pt;\">\n<p class=\"Normal-P\" style=\"margin-bottom: 6pt; text-align: justify; text-justify: inter-ideograph; direction: ltr; unicode-bidi: normal;\"><span class=\"Normal-H\"><span style=\"font-family: Arial;\"><img loading=\"lazy\" decoding=\"async\" class=\"\" src=\"http:\/\/www.adrianwood.ch\/wp-content\/uploads\/2018\/07\/1532169204_image8.jpeg\" data-link=\"\" width=\"351\" height=\"263\"><\/span><\/span><\/p>\n<\/td>\n<\/tr>\n<tr class=\"-R\">\n<td class=\"-C\" style=\"width: 481.4pt; border: none windowtext 0pt;\" colspan=\"2\">\n<p class=\"Normal-P\" style=\"margin-bottom: 6pt; text-align: justify; text-justify: inter-ideograph; direction: ltr; unicode-bidi: normal;\"><span class=\"Normal-H\"><span style=\"font-family: Arial;\">Rund eine Stunde sp\u00e4ter fand man uns auf einem teilweise recht steilen Wanderweg auf dem Abstieg nach <\/span><span style=\"font-family: Arial;\">Katapola<\/span><span style=\"font-family: Arial;\">. Der Weg endete zur Freude aller direkt bei unserem Hotel, wo weitere Durstl\u00f6scher auf uns warteten.<\/span><\/span><\/p>\n<p class=\"Normal-P\" style=\"margin-bottom: 6pt; text-align: justify; text-justify: inter-ideograph; direction: ltr; unicode-bidi: normal;\"><span class=\"Normal-H\"><span style=\"font-family: Arial;\">Zusammenfassend kann ich sagen, dass wir eine sch\u00f6ne, abwechslungsreiche, aber auch eine k\u00f6rperlich fordernde Wanderung gl\u00fccklich hinter uns gebracht hatten. Der Lohn war ein Abendessen zu zweit in einer gem\u00fctlichen Taverne mit griechischem Wein und Speisen unmittelbar am Meer in <\/span><span style=\"font-family: Arial;\">Katapola<\/span><span style=\"font-family: Arial;\">.<\/span><\/span><\/p>\n<p class=\"Normal-P\" style=\"margin-bottom: 6pt; text-align: justify; text-justify: inter-ideograph; direction: ltr; unicode-bidi: normal;\"><span class=\"Normal-H\"><span style=\"font-family: Arial;\">Beat<\/span><\/span><\/p>\n<\/td>\n<\/tr>\n<tr class=\"-R\">\n<td class=\"-C\" style=\"width: 239.2pt; border: none windowtext 0pt;\">\n<p class=\"Normal-P\" style=\"margin-bottom: 6pt; text-align: justify; text-justify: inter-ideograph; direction: ltr; unicode-bidi: normal;\"><span class=\"Normal-H\"><\/span><\/p>\n<\/td>\n<td class=\"-C\" style=\"width: 242.2pt; border: none windowtext 0pt;\">\n<p class=\"Normal-P\" style=\"margin-bottom: 6pt; text-align: justify; text-justify: inter-ideograph; direction: ltr; unicode-bidi: normal;\"><span class=\"Normal-H\"><\/span><\/p>\n<\/td>\n<\/tr>\n<tr class=\"-R\">\n<td class=\"-C\" style=\"width: 481.4pt; border: none windowtext 0pt;\" colspan=\"2\">\n<p class=\"Normal-P\" style=\"margin-bottom: 6pt; text-align: justify; text-justify: inter-ideograph; direction: ltr; unicode-bidi: normal;\"><span class=\"Normal-H\"><span style=\"font-family: Arial;\"><img loading=\"lazy\" decoding=\"async\" class=\"\" src=\"http:\/\/www.adrianwood.ch\/wp-content\/uploads\/2018\/07\/1532169204_image9.jpeg\" data-link=\"\" width=\"759\" height=\"513\"><\/span><\/span><\/p>\n<\/td>\n<\/tr>\n<p><!-- [if !supportMisalignedColumns]--><\/tbody>\n<\/table>\n<\/div>\n","protected":false},"excerpt":{"rendered":"<p>23.Mai,Katapola\u2013Minoa &#8211; Kloster Valsamitis \u2013 Chora &#8211; Katapola Heute war Abmarsch direkt von unserem Hotel aus. Zuerst nach Katapola, wo, wer wollte, letzte Eink\u00e4ufe (Reiseproviant) t\u00e4tigen konnte. Dann begann die eigentliche Wanderung; zuerst auf einem Fussweg bergauf, dann auf einer Asphaltstrasse, gl\u00fccklicherweise fast ohne Verkehr. Wir wurden nur von einem E-Biker!! (die gibt es nun &hellip; <a href=\"https:\/\/www.adrianwood.ch\/?page_id=16774\" class=\"more-link\">Continue reading <span class=\"screen-reader-text\">05-23 Minoa Valsamitis<\/span> <span class=\"meta-nav\">&rarr;<\/span><\/a><\/p>\n","protected":false},"author":1,"featured_media":0,"parent":16596,"menu_order":2595,"comment_status":"closed","ping_status":"closed","template":"","meta":{"ngg_post_thumbnail":0,"footnotes":""},"class_list":["post-16774","page","type-page","status-publish","hentry"],"_links":{"self":[{"href":"https:\/\/www.adrianwood.ch\/index.php?rest_route=\/wp\/v2\/pages\/16774","targetHints":{"allow":["GET"]}}],"collection":[{"href":"https:\/\/www.adrianwood.ch\/index.php?rest_route=\/wp\/v2\/pages"}],"about":[{"href":"https:\/\/www.adrianwood.ch\/index.php?rest_route=\/wp\/v2\/types\/page"}],"author":[{"embeddable":true,"href":"https:\/\/www.adrianwood.ch\/index.php?rest_route=\/wp\/v2\/users\/1"}],"replies":[{"embeddable":true,"href":"https:\/\/www.adrianwood.ch\/index.php?rest_route=%2Fwp%2Fv2%2Fcomments&post=16774"}],"version-history":[{"count":2,"href":"https:\/\/www.adrianwood.ch\/index.php?rest_route=\/wp\/v2\/pages\/16774\/revisions"}],"predecessor-version":[{"id":16785,"href":"https:\/\/www.adrianwood.ch\/index.php?rest_route=\/wp\/v2\/pages\/16774\/revisions\/16785"}],"up":[{"embeddable":true,"href":"https:\/\/www.adrianwood.ch\/index.php?rest_route=\/wp\/v2\/pages\/16596"}],"wp:attachment":[{"href":"https:\/\/www.adrianwood.ch\/index.php?rest_route=%2Fwp%2Fv2%2Fmedia&parent=16774"}],"curies":[{"name":"wp","href":"https:\/\/api.w.org\/{rel}","templated":true}]}}