{"id":16786,"date":"2018-07-21T10:46:25","date_gmt":"2018-07-21T10:46:25","guid":{"rendered":"http:\/\/www.adrianwood.ch\/?page_id=16786"},"modified":"2018-07-21T10:46:25","modified_gmt":"2018-07-21T10:46:25","slug":"05-24-langada-tholaria","status":"publish","type":"page","link":"https:\/\/www.adrianwood.ch\/?page_id=16786","title":{"rendered":"05-24 Langada Tholaria"},"content":{"rendered":"<div class=\"pmdi_content_wrapper\">\n<p class=\"Normal-P\" style=\"margin-bottom: 6pt; text-align: justify; text-justify: inter-ideograph; direction: ltr; unicode-bidi: normal;\"><span class=\"Normal-H\"><span style=\"font-family: Arial; font-weight: bold;\">24. Mai<\/span><span style=\"font-family: Arial; font-weight: bold;\">, <\/span><span style=\"font-family: Arial; font-weight: bold;\">Langada<\/span><span style=\"font-family: Arial; font-weight: bold;\"> \u2013 (Agios Theologos) &#8211; <\/span><span style=\"font-family: Arial; font-weight: bold;\">Tholaria<\/span><\/span><\/p>\n<p class=\"Normal-P\" style=\"margin-bottom: 6pt; text-align: justify; text-justify: inter-ideograph; direction: ltr; unicode-bidi: normal;\"><span class=\"Normal-H\"><span style=\"font-family: Arial;\">Heute ist der 3. Tag auf <\/span><span style=\"font-family: Arial;\">Amorgos<\/span><span style=\"font-family: Arial;\"> und damit beginnt die letzte Wanderung auf dieser Insel. Heute ohne Markus, der wegen einer Magenverstimmung zur\u00fcckbleibt. Wir fahren mit dem Bus 45 Min<\/span><span style=\"font-family: Arial;\">uten von <\/span><span style=\"font-family: Arial;\">Katapola<\/span><span style=\"font-family: Arial;\"> nach <\/span><span style=\"font-family: Arial;\">Aigiali<\/span><span style=\"font-family: Arial;\">, dem 2. F\u00e4hrhafen der Insel. Das Panorama w\u00e4hrend der Busfahrt, auf einsamer K\u00fcstenh\u00f6henstrasse mit Blick auf die Insel <\/span><span style=\"font-family: Arial;\">Nikouria<\/span><span style=\"font-family: Arial;\">, ist wieder beeindruckend. Am Dienstag haben wir die gleiche Fahrt in umgekehrter Richtung, von <\/span><span style=\"font-family: Arial;\">Potamas<\/span><span style=\"font-family: Arial;\"> kommend, in der Abendsonne genossen.<\/span><\/span><\/p>\n<table class=\"TableGrid-T\" style=\"border-collapse: collapse;\" cellspacing=\"0\">\n<tbody>\n<tr class=\"-R\">\n<td class=\"-C\" style=\"width: 481.4pt; border: none windowtext 0pt;\" colspan=\"2\"><\/td>\n<\/tr>\n<tr class=\"-R\">\n<td class=\"-C\" style=\"width: 239.95pt; border: none windowtext 0pt;\">\n<p class=\"Normal-P\" style=\"margin-bottom: 6pt; text-align: justify; text-justify: inter-ideograph; direction: ltr; unicode-bidi: normal;\"><span class=\"Normal-H\"><span style=\"font-family: Arial;\"><img loading=\"lazy\" decoding=\"async\" class=\"\" src=\"http:\/\/www.adrianwood.ch\/wp-content\/uploads\/2018\/07\/1532169761_image1.jpeg\" data-link=\"\" width=\"351\" height=\"234\"><\/span><\/span><\/p>\n<\/td>\n<td class=\"-C\" style=\"width: 241.45pt; border: none windowtext 0pt;\">\n<p class=\"Normal-P\" style=\"margin-bottom: 6pt; text-align: justify; text-justify: inter-ideograph; direction: ltr; unicode-bidi: normal;\"><span class=\"Normal-H\"><span style=\"font-family: Arial;\"><img loading=\"lazy\" decoding=\"async\" class=\"\" src=\"http:\/\/www.adrianwood.ch\/wp-content\/uploads\/2018\/07\/1532169761_image2.jpeg\" data-link=\"\" width=\"350\" height=\"233\"><\/span><\/span><\/p>\n<\/td>\n<\/tr>\n<tr class=\"-R\">\n<td class=\"-C\" style=\"width: 481.4pt; border: none windowtext 0pt;\" colspan=\"2\">\n<p class=\"Normal-P\" style=\"margin-bottom: 6pt; text-align: justify; text-justify: inter-ideograph; direction: ltr; unicode-bidi: normal;\"><span class=\"Normal-H\"><span style=\"font-family: Arial;\">Um 10 Uhr geht es am Hafen von <\/span><span style=\"font-family: Arial;\">Aigiali<\/span><span style=\"font-family: Arial;\"> los \u2013 und gleich <\/span><span style=\"font-family: Arial;\">kr\u00e4ftig !!!<\/span><span style=\"font-family: Arial;\"> In 45 Minuten marschieren wir in gl\u00fchender Sonne auf einem Pflasterstein-Gehweg schweisstreibend hoch auf 200 Meter zum Dorf <\/span><span style=\"font-family: Arial;\">Lan<\/span><span style=\"font-family: Arial;\">gada<\/span><span style=\"font-family: Arial;\">. Die ersten entdecken in einem schattigen G\u00e4sschen eine kleine Bar, an der sich dann auch die langsameren mit der Gruppe wieder zusammenfinden. Die <\/span><span style=\"font-family: Arial;\">Serviertocher<\/span><span style=\"font-family: Arial;\"> hat Mitleid mit uns und serviert zu jedem Kaffee oder Orangensaft noch ein kaltes Glas Wasser.<\/span><\/span><\/p>\n<p class=\"Normal-P\" style=\"margin-bottom: 6pt; text-align: justify; text-justify: inter-ideograph; direction: ltr; unicode-bidi: normal;\"><span class=\"Normal-H\"><span style=\"font-family: Arial;\">Bevor wir dann wieder aufbrechen fragt Roland, ob jemand zu einer l\u00e4ngeren Tour mitkommt. Anstatt sich mit dem Wanderweg Nr. 4 zu begn\u00fcgen, soll es weiter gehen, auf dem Wanderweg 5 in Richtung <\/span><span style=\"font-family: Arial;\">Agios Theologos<\/span><span style=\"font-family: Arial;\"> zum nord\u00f6stlichen Inselende: nur ein 2 Stunden l\u00e4ngerer Marsch und nur 400 H\u00f6henmeter <\/span><span style=\"font-family: Arial;\">mehr !!!<\/span><span style=\"font-family: Arial;\"> Tats\u00e4chlich nehmen 6 Wanderer die Aufforderung an. Die restlichen Wanderer nehmen nach der Rast den Weg Nr. 4 in \u00f6stlicher Richtung zum Kloster <\/span><span style=\"font-family: Arial;\">Panagia<\/span><span style=\"font-family: Arial;\">Epanochoriani<\/span><span style=\"font-family: Arial;\"> wieder auf.<\/span><\/span><\/p>\n<\/td>\n<\/tr>\n<tr class=\"-R\">\n<td class=\"-C\" style=\"width: 239.95pt; border: none windowtext 0pt;\">\n<p class=\"Normal-P\" style=\"margin-bottom: 6pt; text-align: justify; text-justify: inter-ideograph; direction: ltr; unicode-bidi: normal;\"><span class=\"Normal-H\"><span style=\"font-family: Arial;\"><img loading=\"lazy\" decoding=\"async\" class=\"\" src=\"http:\/\/www.adrianwood.ch\/wp-content\/uploads\/2018\/07\/1532169761_image3.jpeg\" data-link=\"\" width=\"351\" height=\"234\"><\/span><\/span><\/p>\n<\/td>\n<td class=\"-C\" style=\"width: 241.45pt; border: none windowtext 0pt;\">\n<p class=\"Normal-P\" style=\"margin-bottom: 6pt; text-align: justify; text-justify: inter-ideograph; direction: ltr; unicode-bidi: normal;\"><span class=\"Normal-H\"><span style=\"font-family: Arial;\"><img loading=\"lazy\" decoding=\"async\" class=\"\" src=\"http:\/\/www.adrianwood.ch\/wp-content\/uploads\/2018\/07\/1532169761_image4.jpeg\" data-link=\"\" width=\"350\" height=\"233\"><\/span><\/span><\/p>\n<\/td>\n<\/tr>\n<tr class=\"-R\">\n<td class=\"-C\" style=\"width: 481.4pt; border: none windowtext 0pt;\" colspan=\"2\">\n<p class=\"Normal-P\" style=\"margin-bottom: 6pt; text-align: justify; text-justify: inter-ideograph; direction: ltr; unicode-bidi: normal;\"><span class=\"Normal-H\"><span style=\"font-family: Arial;\">Am sp\u00e4ten Nachmittag werden wir Rolands Wandergruppe beim Abstieg vom Dorf <\/span><span style=\"font-family: Arial;\">Tholaria<\/span><span style=\"font-family: Arial;\"> nach <\/span><span style=\"font-family: Arial;\">Aigialis<\/span><span style=\"font-family: Arial;\"> wieder treffen: Wir gut erholt w\u00e4hrend der langen Mittagspause in der Taverne, die Roland-Gruppe trotz Mittagspausenverzicht in guter Stimmung und keineswegs ersch\u00f6pft erscheinend.<\/span><\/span><\/p>\n<p class=\"Normal-P\" style=\"margin-bottom: 6pt; text-align: justify; text-justify: inter-ideograph; direction: ltr; unicode-bidi: normal;\"><span class=\"Normal-H\"><span style=\"font-family: Arial;\">Unter Adrians Leitung erreichen wir, auf breitem Eselspfad und mit einem kurzen dornigen Abstecher, um 12:00 Uhr das Klostergeb\u00e4ude. Nach kurzer Besichtigung der kleinen Klosteranlage geht es auf engem Fussweg durch Gestr\u00fcpp dem Bergr\u00fccken entlang nach Westen. Sp\u00e4ter wird der Weg breiter, aber auch immer steiler. Auf diesem Weg zum Dorf <\/span><span style=\"font-family: Arial;\">Tholaria<\/span><span style=\"font-family: Arial;\"> hat sich Adrians Wandergruppe nun in schnellere und langsamere Wanderer \u00abaufgel\u00f6st\u00bb. Die kleinere, langsamere Wandergruppe trifft sich in der Taverne <\/span><span style=\"font-family: Arial;\">Tianopama<\/span><span style=\"font-family: Arial;\"> in der Dorfmitte von <\/span><span style=\"font-family: Arial;\">Tholaria<\/span><span style=\"font-family: Arial;\">, um ausgiebig zu Mittag zu speisen.<\/span><\/span><\/p>\n<\/td>\n<\/tr>\n<tr class=\"-R\">\n<td class=\"-C\" style=\"width: 239.95pt; border: none windowtext 0pt;\">\n<p class=\"Normal-P\" style=\"margin-bottom: 6pt; text-align: justify; text-justify: inter-ideograph; direction: ltr; unicode-bidi: normal;\"><span class=\"Normal-H\"><span style=\"font-family: Arial;\"><img loading=\"lazy\" decoding=\"async\" class=\"\" src=\"http:\/\/www.adrianwood.ch\/wp-content\/uploads\/2018\/07\/1532169761_image5.jpeg\" data-link=\"\" width=\"350\" height=\"233\"><\/span><\/span><\/p>\n<\/td>\n<td class=\"-C\" style=\"width: 241.45pt; border: none windowtext 0pt;\">\n<p class=\"Normal-P\" style=\"margin-bottom: 6pt; text-align: justify; text-justify: inter-ideograph; direction: ltr; unicode-bidi: normal;\"><span class=\"Normal-H\"><span style=\"font-family: Arial;\"><img loading=\"lazy\" decoding=\"async\" class=\"\" src=\"http:\/\/www.adrianwood.ch\/wp-content\/uploads\/2018\/07\/1532169761_image6.jpeg\" data-link=\"\" width=\"350\" height=\"233\"><\/span><\/span><\/p>\n<\/td>\n<\/tr>\n<tr class=\"-R\">\n<td class=\"-C\" style=\"width: 481.4pt; border: none windowtext 0pt;\" colspan=\"2\">\n<p class=\"Normal-P\" style=\"margin-bottom: 6pt; text-align: justify; text-justify: inter-ideograph; direction: ltr; unicode-bidi: normal;\"><span class=\"Normal-H\"><span style=\"font-family: Arial;\">Um 15:00 Uhr verlassen wir, die<\/span><span style=\"font-family: Arial;\"> l<\/span><span style=\"font-family: Arial;\">angsamere<\/span><span style=\"font-family: Arial;\"> Wandergruppe<\/span><span style=\"font-family: Arial;\">, <\/span><span style=\"font-family: Arial;\">Tholaria<\/span><span style=\"font-family: Arial;\">. Am westlichen <\/span><span style=\"font-family: Arial;\">Dorfende<\/span><span style=\"font-family: Arial;\"> sehen wir unser Ziel <\/span><span style=\"font-family: Arial;\">Aigiali<\/span><span style=\"font-family: Arial;\"> unten am Meer und wir finden auch gleich den Einstieg zum Wanderweg. Und v\u00f6llig \u00fcberraschend sehen wir auf diesem Fussweg Rolands Wandergruppe in flottem Schritt herannahen. Zusammen gehen wir den Abstieg weiter. Um 15:30 erreichen wir den Strand von <\/span><span style=\"font-family: Arial;\">Aigiali<\/span><span style=\"font-family: Arial;\">. Hier sehen wir die schnelleren Wanderer der \u00abaufgel\u00f6sten Gruppe\u00bb, inklusive Adrian, gen\u00fcsslich und entspannt im Meer schwimmen. Einige Wanderkameraden verlieren wir an sie.<\/span><\/span><\/p>\n<\/td>\n<\/tr>\n<tr class=\"-R\">\n<td class=\"-C\" style=\"width: 239.95pt; border: none windowtext 0pt;\">\n<p class=\"Normal-P\" style=\"margin-bottom: 6pt; text-align: justify; text-justify: inter-ideograph; direction: ltr; unicode-bidi: normal;\"><span class=\"Normal-H\"><span style=\"font-family: Arial;\"><img loading=\"lazy\" decoding=\"async\" class=\"\" src=\"http:\/\/www.adrianwood.ch\/wp-content\/uploads\/2018\/07\/1532169761_image7.jpeg\" data-link=\"\" width=\"350\" height=\"233\"><\/span><\/span><\/p>\n<\/td>\n<td class=\"-C\" style=\"width: 241.45pt; border: none windowtext 0pt;\">\n<p class=\"Normal-P\" style=\"margin-bottom: 6pt; text-align: justify; text-justify: inter-ideograph; direction: ltr; unicode-bidi: normal;\"><span class=\"Normal-H\"><span style=\"font-family: Arial;\"><img loading=\"lazy\" decoding=\"async\" class=\"\" src=\"http:\/\/www.adrianwood.ch\/wp-content\/uploads\/2018\/07\/1532169761_image8.jpeg\" data-link=\"\" width=\"350\" height=\"233\"><\/span><\/span><\/p>\n<\/td>\n<\/tr>\n<tr class=\"-R\">\n<td class=\"-C\" style=\"width: 481.4pt; border: none windowtext 0pt;\" colspan=\"2\">\n<p class=\"Normal-P\" style=\"margin-bottom: 6pt; text-align: justify; text-justify: inter-ideograph; direction: ltr; unicode-bidi: normal;\"><span class=\"Normal-H\"><span style=\"font-family: Arial;\">Bis zur Abfahrt des Busses zur\u00fcck nach <\/span><span style=\"font-family: Arial;\">Katapola<\/span><span style=\"font-family: Arial;\"> um 17:40 Uhr geniessen wir das Ambiente des kleinen Hafens mit einem Ap\u00e9ro in Caf\u00e9s und Tavernen.<\/span><span style=\"font-family: Arial;\">Der Tag endet entspannt in einem Fischrestaurant am \u00e4ussersten westlichen Teil des Hafens von <\/span><span style=\"font-family: Arial;\">Katapola<\/span><span style=\"font-family: Arial;\">.<\/span><span style=\"font-family: Arial;\">Rainer und Ingrid<\/span><\/span><\/p>\n<\/td>\n<\/tr>\n<tr class=\"-R\">\n<td class=\"-C\" style=\"width: 481.4pt; border: none windowtext 0pt;\" colspan=\"2\">\n<p class=\"Normal-P\" style=\"margin-bottom: 6pt; text-align: justify; text-justify: inter-ideograph; direction: ltr; unicode-bidi: normal;\"><span class=\"Normal-H\"><span style=\"font-family: Arial;\"><img loading=\"lazy\" decoding=\"async\" class=\"\" src=\"http:\/\/www.adrianwood.ch\/wp-content\/uploads\/2018\/07\/1532169761_image9.jpeg\" data-link=\"\" width=\"766\" height=\"412\"><\/span><\/span><\/p>\n<\/td>\n<\/tr>\n<p><!-- [if !supportMisalignedColumns]--><\/tbody>\n<\/table>\n<\/div>\n","protected":false},"excerpt":{"rendered":"<p>24. Mai, Langada \u2013 (Agios Theologos) &#8211; Tholaria Heute ist der 3. Tag auf Amorgos und damit beginnt die letzte Wanderung auf dieser Insel. Heute ohne Markus, der wegen einer Magenverstimmung zur\u00fcckbleibt. Wir fahren mit dem Bus 45 Minuten von Katapola nach Aigiali, dem 2. F\u00e4hrhafen der Insel. Das Panorama w\u00e4hrend der Busfahrt, auf einsamer &hellip; <a href=\"https:\/\/www.adrianwood.ch\/?page_id=16786\" class=\"more-link\">Continue reading <span class=\"screen-reader-text\">05-24 Langada Tholaria<\/span> <span class=\"meta-nav\">&rarr;<\/span><\/a><\/p>\n","protected":false},"author":1,"featured_media":0,"parent":16596,"menu_order":2596,"comment_status":"closed","ping_status":"closed","template":"","meta":{"ngg_post_thumbnail":0,"footnotes":""},"class_list":["post-16786","page","type-page","status-publish","hentry"],"_links":{"self":[{"href":"https:\/\/www.adrianwood.ch\/index.php?rest_route=\/wp\/v2\/pages\/16786","targetHints":{"allow":["GET"]}}],"collection":[{"href":"https:\/\/www.adrianwood.ch\/index.php?rest_route=\/wp\/v2\/pages"}],"about":[{"href":"https:\/\/www.adrianwood.ch\/index.php?rest_route=\/wp\/v2\/types\/page"}],"author":[{"embeddable":true,"href":"https:\/\/www.adrianwood.ch\/index.php?rest_route=\/wp\/v2\/users\/1"}],"replies":[{"embeddable":true,"href":"https:\/\/www.adrianwood.ch\/index.php?rest_route=%2Fwp%2Fv2%2Fcomments&post=16786"}],"version-history":[{"count":2,"href":"https:\/\/www.adrianwood.ch\/index.php?rest_route=\/wp\/v2\/pages\/16786\/revisions"}],"predecessor-version":[{"id":16797,"href":"https:\/\/www.adrianwood.ch\/index.php?rest_route=\/wp\/v2\/pages\/16786\/revisions\/16797"}],"up":[{"embeddable":true,"href":"https:\/\/www.adrianwood.ch\/index.php?rest_route=\/wp\/v2\/pages\/16596"}],"wp:attachment":[{"href":"https:\/\/www.adrianwood.ch\/index.php?rest_route=%2Fwp%2Fv2%2Fmedia&parent=16786"}],"curies":[{"name":"wp","href":"https:\/\/api.w.org\/{rel}","templated":true}]}}