{"id":16798,"date":"2018-07-21T11:11:59","date_gmt":"2018-07-21T11:11:59","guid":{"rendered":"http:\/\/www.adrianwood.ch\/?page_id=16798"},"modified":"2018-07-22T10:44:40","modified_gmt":"2018-07-22T10:44:40","slug":"mykonos","status":"publish","type":"page","link":"https:\/\/www.adrianwood.ch\/?page_id=16798","title":{"rendered":"Mykonos"},"content":{"rendered":"<figure id=\"attachment_16799\" aria-describedby=\"caption-attachment-16799\" style=\"width: 1620px\" class=\"wp-caption alignleft\"><a href=\"http:\/\/www.adrianwood.ch\/wp-content\/uploads\/2018\/07\/KYK_3231.jpg\"><img loading=\"lazy\" decoding=\"async\" class=\"size-full wp-image-16799\" src=\"http:\/\/www.adrianwood.ch\/wp-content\/uploads\/2018\/07\/KYK_3231.jpg\" alt=\"\" width=\"1620\" height=\"1080\" srcset=\"https:\/\/www.adrianwood.ch\/wp-content\/uploads\/2018\/07\/KYK_3231.jpg 1620w, https:\/\/www.adrianwood.ch\/wp-content\/uploads\/2018\/07\/KYK_3231-300x200.jpg 300w, https:\/\/www.adrianwood.ch\/wp-content\/uploads\/2018\/07\/KYK_3231-768x512.jpg 768w, https:\/\/www.adrianwood.ch\/wp-content\/uploads\/2018\/07\/KYK_3231-1024x683.jpg 1024w\" sizes=\"auto, (max-width: 1620px) 100vw, 1620px\" \/><\/a><figcaption id=\"caption-attachment-16799\" class=\"wp-caption-text\">Mykonos &#8216;kleine Venedig&#8217;<\/figcaption><\/figure>\n<p><strong>Mykonos<\/strong><\/p>\n<p>Mykonos steht f\u00fcr Strandleben und Jet Set-Tourismus. Doch diese Einordnung wird der Insel nicht gerecht, bietet sie doch auch einsamere Str\u00e4nde und einige kulturelle Highlights. Eine Wanderung quer durch die Insel vom alten Burgh\u00fcgel von Paleochora zum Sandstrand von Kalafatis f\u00fchrt uns durch das wenig be\u00adkann\u00adte Mykonos. Mykonos ist auch das Sprungbrett nach <u>Delos<\/u>, der sagenhaften Insel auf der Apoll und Artemis ge\u00adboren wurden. Die Insel hat in der Folge eine sagenhafte Karriere vom religi\u00f6sen Zentrum zur antiken Wirt\u00adschafts\u00admetropole machte, bis sie sp\u00e4ter im Dunst der Geschichte versank und erst in der Neuzeit wieder ins Bewusstsein der Menschheit zur\u00fcckkehrte. Wir besuchen per Schiff einen ganzen Tag die Insel mit ihren um\u00adfangreichen Ausgrabungen. Auf einem Tagesausflug besuchen wir die gro\u00dfe Nachbarinsel <u>Tinos<\/u>, die Insel der Taubent\u00fcrme. Auf einer Wanderung lernen wir das ber\u00fchmte Poseidon-Heiligtum und die ber\u00fchmte Wallfahrtskirche kennen.<\/p>\nngg_shortcode_0_placeholder\n<ol start=\"13\">\n<li>Tag (Fr, 25.05.2018)<\/li>\n<\/ol>\n<p>Morgens F\u00e4hrfahrt nach Naxos; mittags Weiterfahrt nach Mykonos; Transfer ins Hotel.<\/p>\n<ol start=\"14\">\n<li>Tag (Sa, 26.05.2018)<\/li>\n<\/ol>\n<p>\u00dcberfahrt nach Delos; F\u00fchrung durch die Ausgrabungsst\u00e4tten; Besteigung des Berg Kynthos; 2 Std. R\u00fcckfahrt nach Mykonos (R\u00fcckkehr ca. 15:30h). Ortsbe\u00adsichtigung von Mykonos-Chora mit dem bekannten Viertel \u201eKlein-Venedig\u201c und Alefkandra.<\/p>\n<ol start=\"15\">\n<li>Tag (So, 27.05.2018)<\/li>\n<\/ol>\n<p>Nach dem Fr\u00fchst\u00fcck Transfer zum Flughafen Mykonos, vormittags R\u00fcckflug nach Z\u00fcrich.<\/p>\n","protected":false},"excerpt":{"rendered":"<p>Mykonos Mykonos steht f\u00fcr Strandleben und Jet Set-Tourismus. Doch diese Einordnung wird der Insel nicht gerecht, bietet sie doch auch einsamere Str\u00e4nde und einige kulturelle Highlights. Eine Wanderung quer durch die Insel vom alten Burgh\u00fcgel von Paleochora zum Sandstrand von Kalafatis f\u00fchrt uns durch das wenig be\u00adkann\u00adte Mykonos. Mykonos ist auch das Sprungbrett nach Delos, &hellip; <a href=\"https:\/\/www.adrianwood.ch\/?page_id=16798\" class=\"more-link\">Continue reading <span class=\"screen-reader-text\">Mykonos<\/span> <span class=\"meta-nav\">&rarr;<\/span><\/a><\/p>\n","protected":false},"author":1,"featured_media":0,"parent":16596,"menu_order":2597,"comment_status":"closed","ping_status":"closed","template":"","meta":{"ngg_post_thumbnail":0,"footnotes":""},"class_list":["post-16798","page","type-page","status-publish","hentry"],"_links":{"self":[{"href":"https:\/\/www.adrianwood.ch\/index.php?rest_route=\/wp\/v2\/pages\/16798","targetHints":{"allow":["GET"]}}],"collection":[{"href":"https:\/\/www.adrianwood.ch\/index.php?rest_route=\/wp\/v2\/pages"}],"about":[{"href":"https:\/\/www.adrianwood.ch\/index.php?rest_route=\/wp\/v2\/types\/page"}],"author":[{"embeddable":true,"href":"https:\/\/www.adrianwood.ch\/index.php?rest_route=\/wp\/v2\/users\/1"}],"replies":[{"embeddable":true,"href":"https:\/\/www.adrianwood.ch\/index.php?rest_route=%2Fwp%2Fv2%2Fcomments&post=16798"}],"version-history":[{"count":3,"href":"https:\/\/www.adrianwood.ch\/index.php?rest_route=\/wp\/v2\/pages\/16798\/revisions"}],"predecessor-version":[{"id":17080,"href":"https:\/\/www.adrianwood.ch\/index.php?rest_route=\/wp\/v2\/pages\/16798\/revisions\/17080"}],"up":[{"embeddable":true,"href":"https:\/\/www.adrianwood.ch\/index.php?rest_route=\/wp\/v2\/pages\/16596"}],"wp:attachment":[{"href":"https:\/\/www.adrianwood.ch\/index.php?rest_route=%2Fwp%2Fv2%2Fmedia&parent=16798"}],"curies":[{"name":"wp","href":"https:\/\/api.w.org\/{rel}","templated":true}]}}