{"id":168,"date":"2011-01-05T10:57:35","date_gmt":"2011-01-05T09:57:35","guid":{"rendered":"http:\/\/adrianwood.ch\/"},"modified":"2011-01-05T10:57:35","modified_gmt":"2011-01-05T09:57:35","slug":"05-16-meall-mor","status":"publish","type":"page","link":"https:\/\/www.adrianwood.ch\/?page_id=168","title":{"rendered":"05-16 Meall Mor"},"content":{"rendered":"<h2>Samstag, 16. Mai, Anreise nach Ullapool<\/h2>\n<table border=\"0\" cellspacing=\"0\" cellpadding=\"0\">\n<tbody>\n<tr>\n<td colspan=\"2\" width=\"657\" valign=\"top\">Nach einem sch\u00f6nen Flug mit der BA von Basel (ab 8.30) via London Heathrow landen wir bei str\u00f6mendem Regen in Aberdeen (an 13.20). Doch geht\u2019s bald weiter in unserem kleinen Mercedes-Bus mit Chauffeur Kenny in Richtung Westen. Im Shopping Center Tesco in Inverness machen alle einen Grosseinkauf. Gegen Westen hellt es immer mehr auf, und die ersten Sonnenstrahlen dr\u00fccken durch. Nach etwa 2 Stunden erreichen wir unseren ersten Etappenort Ullapool am Loch Broom (Meeresarm) und wir richten uns im Hotel Royal ein. Unseren Hunger stillen wir im f\u00fcr den Sportclub bereitgemachten \u00fcberdimensionierten Saal mit viel hilfsbereitem Personal.<\/td>\n<\/tr>\n<tr>\n<td width=\"328\" valign=\"top\">\u00a0<img decoding=\"async\" class=\"ngg-singlepic ngg-none\" src=\"http:\/\/adrianwood.ch\/wp-content\/gallery\/scotland16\/image001.jpg\" alt=\"image001\" \/><a class=\"shutterset_\" href=\"http:\/\/adrianwood.ch\/wp-content\/gallery\/scotland16\/image001.jpg\"><\/a><\/td>\n<td width=\"328\" valign=\"top\">\u00a0<img decoding=\"async\" class=\"ngg-singlepic ngg-none\" src=\"http:\/\/adrianwood.ch\/wp-content\/gallery\/scotland16\/image002.jpg\" alt=\"image002\" \/><\/td>\n<\/tr>\n<tr>\n<td width=\"328\" valign=\"top\">Hotel Royal in Ullapool<\/td>\n<td width=\"328\" valign=\"top\">Seepromenade in Ullapool<\/td>\n<\/tr>\n<tr>\n<td colspan=\"2\" width=\"657\" valign=\"top\">Es ist noch lange hell hier im hohen Norden, sodass Sightseeing angesagt ist. So landen einige schliesslich im heimeligen Pub des Hotel Argyll. Es ist Samstag und zwei Musiker aus Newcastle treten auf: Martin Stephenson (Lead Vocal, Guitar), Henry (Drums, Digeridoo). Schmissige Musik. Hans kann es nicht lassen, zum allgemeinen Gaudi ein Intermezzo zu geben und Schweizer Lieder zu singen oder sie mit der Schnooregyge zu spielen, und wir stimmen im Refrain ein. Er wird dabei von den zwei Musikern begleitet und hat bei den Schotten grossen Erfolg. Mit einem Bier oder Whisky schliessen wir den Abend ab und sinken nach diesem langen Tag froh in die Federn.. \u00a0\u00a0\u00a0\u00a0\u00a0\u00a0\u00a0\u00a0\u00a0\u00a0\u00a0\u00a0\u00a0\u00a0\u00a0\u00a0\u00a0\u00a0Philippe<\/td>\n<\/tr>\n<tr>\n<td width=\"328\" valign=\"top\">\u00a0<img decoding=\"async\" class=\"ngg-singlepic ngg-none\" src=\"http:\/\/adrianwood.ch\/wp-content\/gallery\/scotland16\/image004.jpg\" alt=\"image004\" \/><\/td>\n<td width=\"328\" valign=\"top\">\u00a0<img decoding=\"async\" class=\"ngg-singlepic ngg-none\" src=\"http:\/\/adrianwood.ch\/wp-content\/gallery\/scotland16\/image005.jpg\" alt=\"image005\" \/><\/td>\n<\/tr>\n<tr>\n<td width=\"328\" valign=\"top\">Blick vom Hotel aus aufs Loch Broom<\/td>\n<td width=\"328\" valign=\"top\">Die sch\u00f6ne Argyll Bar<\/td>\n<\/tr>\n<tr>\n<td width=\"328\" valign=\"top\">\u00a0<img decoding=\"async\" class=\"ngg-singlepic ngg-none\" src=\"http:\/\/adrianwood.ch\/wp-content\/gallery\/scotland16\/image005.jpg\" alt=\"image005\" \/><\/td>\n<td width=\"328\" valign=\"top\">\u00a0<img decoding=\"async\" class=\"ngg-singlepic ngg-none\" src=\"http:\/\/adrianwood.ch\/wp-content\/gallery\/scotland16\/image006.jpg\" alt=\"image006\" \/><\/td>\n<\/tr>\n<tr>\n<td width=\"328\" valign=\"top\">Philippe, Martin und Hans in angeregtem Gespr\u00e4ch<\/td>\n<td width=\"328\" valign=\"top\">Hans spielt Schweizer Lieder&#8230;<\/td>\n<\/tr>\n<\/tbody>\n<\/table>\n<p><strong>\u00a0<\/strong><\/p>\n<h2>Sonntag, 17. Mai, Meall Mor<\/h2>\n<table border=\"0\" cellspacing=\"0\" cellpadding=\"0\">\n<tbody>\n<tr>\n<td colspan=\"2\" width=\"657\" valign=\"top\">Reichliches English Breakfast im Royal Hotel Ullapool. Ein sch\u00f6ner Tag meldet sich an, praktisch keine Wolken. Nach einer kleinen Runde im Dorf starten wir um 9.30 Uhr unsere erste Wanderung durch die mit stacheligen Ginsterb\u00fcschen (\u201eGorse\u201c) bewachsenen H\u00e4nge oberhalb Ullapool hinauf.<\/td>\n<\/tr>\n<tr>\n<td width=\"331\" valign=\"top\"><img decoding=\"async\" class=\"ngg-singlepic ngg-none\" src=\"http:\/\/adrianwood.ch\/wp-content\/gallery\/scotland16\/image007.jpg\" alt=\"image007\" \/>\u00a0<\/td>\n<td width=\"326\" valign=\"bottom\">\u00a0<img decoding=\"async\" class=\"ngg-singlepic ngg-none\" src=\"http:\/\/adrianwood.ch\/wp-content\/gallery\/scotland16\/image008.jpg\" alt=\"image008\" \/><\/td>\n<\/tr>\n<tr>\n<td width=\"331\" valign=\"top\">In den Ginsterh\u00e4ngen oberhalb Ullapool<\/td>\n<td width=\"326\" valign=\"top\">Blick auf Ullapool<\/td>\n<\/tr>\n<tr>\n<td width=\"331\" valign=\"top\">\u00a0<img decoding=\"async\" class=\"ngg-singlepic ngg-none\" src=\"http:\/\/adrianwood.ch\/wp-content\/gallery\/scotland16\/image009.jpg\" alt=\"image009\" \/><\/td>\n<td width=\"326\" valign=\"top\">\u00a0<img decoding=\"async\" class=\"ngg-singlepic ngg-none\" src=\"http:\/\/adrianwood.ch\/wp-content\/gallery\/scotland16\/image010.jpg\" alt=\"image010\" \/><\/td>\n<\/tr>\n<tr>\n<td width=\"331\" valign=\"top\">Ginster und Weissdorn<\/td>\n<td width=\"326\" valign=\"top\">Bald auf dem Gipfel!<\/td>\n<\/tr>\n<tr>\n<td colspan=\"2\" width=\"657\" valign=\"top\">Herrlich, der an Macchia erinnernde Duft und der Blick auf Ullapool und Loch Broom. St\u00e4ndig ansteigend erreichen wir den felsigen Gipfel des Meall Mor auf 270 Metern H\u00f6he um 10.45 Uhr. Nun erweitert sich der Blick nach Norden und wir sehen in das liebliche Tal des Loch Achall.<\/td>\n<\/tr>\n<tr>\n<td colspan=\"2\" width=\"657\" valign=\"top\">\u00a0<\/p>\n<p style=\"text-align: center;\"><img decoding=\"async\" class=\"ngg-singlepic ngg-center\" src=\"http:\/\/adrianwood.ch\/wp-content\/gallery\/scotland16\/image011.jpg\" alt=\"image011\" \/><\/p>\n<\/td>\n<\/tr>\n<tr>\n<td colspan=\"2\" width=\"657\" valign=\"top\">Nach einer halben Stunde Pause wandern wir runter durch mit Erika bewachsenem Moorland bis zum Ullapool River (12.15 Uhr). Sch\u00f6ne Felsformationen mit Wasserfall laden zur \u00be-st\u00fcndigen sonnigen und windigen Mittagspause ein. Weiter geht\u2019s noch bis zur \u201eDangerous Bridge\u201c und zu den Ufern des Lochs. Der Blick \u00fcber den friedlichen See mit seinen Bergen und Wolkenformationen im Hintergrund hat etwas Erbauliches. Schliesslich wandern wir \u00fcber ein Str\u00e4sschen nach Ullapool zur\u00fcck, wo wir um 14.30 eintreffen<\/td>\n<\/tr>\n<tr>\n<td width=\"331\" valign=\"top\">\u00a0<img decoding=\"async\" class=\"ngg-singlepic ngg-none\" src=\"http:\/\/adrianwood.ch\/wp-content\/gallery\/scotland16\/image012.jpg\" alt=\"image012\" \/><\/td>\n<td width=\"326\" valign=\"top\">\u00a0<img decoding=\"async\" class=\"ngg-singlepic ngg-none\" src=\"http:\/\/adrianwood.ch\/wp-content\/gallery\/scotland16\/image013.jpg\" alt=\"image013\" \/><\/td>\n<\/tr>\n<tr>\n<td width=\"331\" valign=\"top\">Blick vom Meall Mor auf das Loch Achall<\/td>\n<td width=\"326\" valign=\"top\">Mittagsrast am Ullapool River<\/td>\n<\/tr>\n<tr>\n<td width=\"331\" valign=\"top\">\u00a0<img decoding=\"async\" class=\"ngg-singlepic ngg-none\" src=\"http:\/\/adrianwood.ch\/wp-content\/gallery\/scotland16\/image014.jpg\" alt=\"image014\" \/><\/td>\n<td width=\"326\" valign=\"top\">\u00a0<img decoding=\"async\" class=\"ngg-singlepic ngg-none\" src=\"http:\/\/adrianwood.ch\/wp-content\/gallery\/scotland16\/image015.jpg\" alt=\"image015\" \/><\/td>\n<\/tr>\n<tr>\n<td width=\"331\" valign=\"top\">\u00a0<img decoding=\"async\" class=\"ngg-singlepic ngg-none\" src=\"http:\/\/adrianwood.ch\/wp-content\/gallery\/scotland16\/image016.jpg\" alt=\"image016\" \/><\/td>\n<td width=\"326\" valign=\"top\">\u00a0<img decoding=\"async\" class=\"ngg-singlepic ngg-none\" src=\"http:\/\/adrianwood.ch\/wp-content\/gallery\/scotland16\/image017.jpg\" alt=\"image017\" \/><\/td>\n<\/tr>\n<tr>\n<td width=\"331\" valign=\"top\">Am Loch Achall<\/td>\n<td width=\"326\" valign=\"top\">Fleischfressende Pflanze<\/td>\n<\/tr>\n<tr>\n<td colspan=\"2\" width=\"657\" valign=\"top\">Adrian geht am Strand noch ein St\u00fcck weiter Richtung Leuchtturm. Und einige kehren im netten Hotel-Caf\u00e9 \u201eThe Ceiliah Place\u201c ein. Besonders gut schmeckt das schottische Bier \u201eAn Teallach Ale\u201c. Nach dem reichhaltigen und guten Nachtessen im Hotel schlendern die meisten noch durch Ullapool zum L\u00e4dele, und schliessen den Abend nach dem sie den sch\u00f6nen Sonnenuntergang bewundert haben in einem Pub ab. Neben der wunderbaren Landschaft hier in den Highlands, haben mich heute vor allem die Himmelsstimmungen, die bunte und interessante Flora und die Flugk\u00fcnste der Seem\u00f6ven beeindruckt.\u00a0\u00a0\u00a0\u00a0\u00a0\u00a0\u00a0\u00a0\u00a0 Philippe<\/td>\n<\/tr>\n<tr>\n<td width=\"331\" valign=\"top\">\u00a0<img decoding=\"async\" class=\"ngg-singlepic ngg-none\" src=\"http:\/\/adrianwood.ch\/wp-content\/gallery\/scotland16\/image018.jpg\" alt=\"image018\" \/><\/td>\n<td width=\"326\" valign=\"top\">\u00a0<img decoding=\"async\" class=\"ngg-singlepic ngg-none\" src=\"http:\/\/adrianwood.ch\/wp-content\/gallery\/scotland16\/image010.jpg\" alt=\"image010\" \/><\/td>\n<\/tr>\n<tr>\n<td width=\"331\" valign=\"top\">Im Hotel-Caf\u00e9<\/td>\n<td width=\"326\" valign=\"top\">Loch Broom<\/td>\n<\/tr>\n<\/tbody>\n<\/table>\n<h2>GPS Aufzeichnung der Route<\/h2>\n<p><img decoding=\"async\" src=\"http:\/\/adrianwood.ch\/wp-content\/gallery\/scotland16\/image0022.jpg\" alt=\"image0022\" \/><\/p>\n<p><img decoding=\"async\" src=\"http:\/\/adrianwood.ch\/wp-content\/gallery\/scotland16\/image0021.gif\" alt=\"image0021\" \/><\/p>\n","protected":false},"excerpt":{"rendered":"<p>Samstag, 16. Mai, Anreise nach Ullapool Nach einem sch\u00f6nen Flug mit der BA von Basel (ab 8.30) via London Heathrow landen wir bei str\u00f6mendem Regen in Aberdeen (an 13.20). Doch geht\u2019s bald weiter in unserem kleinen Mercedes-Bus mit Chauffeur Kenny in Richtung Westen. Im Shopping Center Tesco in Inverness machen alle einen Grosseinkauf. Gegen Westen &hellip; <a href=\"https:\/\/www.adrianwood.ch\/?page_id=168\" class=\"more-link\">Continue reading <span class=\"screen-reader-text\">05-16 Meall Mor<\/span> <span class=\"meta-nav\">&rarr;<\/span><\/a><\/p>\n","protected":false},"author":1,"featured_media":0,"parent":157,"menu_order":2324,"comment_status":"closed","ping_status":"closed","template":"","meta":{"ngg_post_thumbnail":0,"footnotes":""},"class_list":["post-168","page","type-page","status-publish","hentry"],"_links":{"self":[{"href":"https:\/\/www.adrianwood.ch\/index.php?rest_route=\/wp\/v2\/pages\/168","targetHints":{"allow":["GET"]}}],"collection":[{"href":"https:\/\/www.adrianwood.ch\/index.php?rest_route=\/wp\/v2\/pages"}],"about":[{"href":"https:\/\/www.adrianwood.ch\/index.php?rest_route=\/wp\/v2\/types\/page"}],"author":[{"embeddable":true,"href":"https:\/\/www.adrianwood.ch\/index.php?rest_route=\/wp\/v2\/users\/1"}],"replies":[{"embeddable":true,"href":"https:\/\/www.adrianwood.ch\/index.php?rest_route=%2Fwp%2Fv2%2Fcomments&post=168"}],"version-history":[{"count":0,"href":"https:\/\/www.adrianwood.ch\/index.php?rest_route=\/wp\/v2\/pages\/168\/revisions"}],"up":[{"embeddable":true,"href":"https:\/\/www.adrianwood.ch\/index.php?rest_route=\/wp\/v2\/pages\/157"}],"wp:attachment":[{"href":"https:\/\/www.adrianwood.ch\/index.php?rest_route=%2Fwp%2Fv2%2Fmedia&parent=168"}],"curies":[{"name":"wp","href":"https:\/\/api.w.org\/{rel}","templated":true}]}}