{"id":16802,"date":"2018-07-21T13:17:56","date_gmt":"2018-07-21T13:17:56","guid":{"rendered":"http:\/\/www.adrianwood.ch\/?page_id=16802"},"modified":"2018-07-21T13:26:09","modified_gmt":"2018-07-21T13:26:09","slug":"05-25-kreuzfahrt","status":"publish","type":"page","link":"https:\/\/www.adrianwood.ch\/?page_id=16802","title":{"rendered":"05-25 Kreuzfahrt"},"content":{"rendered":"<div class=\"pmdi_content_wrapper\">\n<p class=\"Normal-P\" style=\"margin-bottom: 6pt; text-align: justify; text-justify: inter-ideograph; direction: ltr; unicode-bidi: normal;\"><span class=\"Normal-H\"><span style=\"font-family: Arial; font-weight: bold;\">25 Mai, <\/span><span style=\"font-family: Arial; font-weight: bold;\">Kreuzfahrt <\/span><span style=\"font-family: Arial; font-weight: bold;\">der Sonderreise\u201a<\/span><span style=\"font-family: Arial; font-weight: bold;\">\u2018<\/span><span style=\"font-family: Arial; font-weight: bold;\">\u00d6stliche Kykladen\u2018<\/span><\/span><\/p>\n<p class=\"Normal-P\" style=\"margin-bottom: 6pt; text-align: justify; text-justify: inter-ideograph; direction: ltr; unicode-bidi: normal;\"><span class=\"Normal-H\"><span style=\"font-family: Arial;\">Kurz nach 7 h am Morgen in <\/span><span style=\"font-family: Arial;\">Katapola<\/span><span style=\"font-family: Arial;\">. Von Osten zeigen sich dunkle Wolken, Abschiedsstimmung wie auch Vorfreude halten sich die Waage. Die liebenswerte Insel <\/span><span style=\"font-family: Arial;\">Amorgos<\/span><span style=\"font-family: Arial;\"> haben wir mit <\/span><span style=\"font-family: Arial; font-style: italic;\">Express <\/span><span style=\"font-family: Arial; font-style: italic;\">Skopelitis<\/span><span style=\"font-family: Arial; font-style: italic;\"> (Small <\/span><span style=\"font-family: Arial; font-style: italic;\">Cyclades<\/span><span style=\"font-family: Arial; font-style: italic;\"> Lines) <\/span><span style=\"font-family: Arial;\">bald verlassen, um erneut Naxos anzulaufen, doch nur zwecks Umsteigen und Weiterfahrt nach Mykonos.<\/span><\/span><\/p>\n<table class=\"TableGrid-T\" style=\"border-collapse: collapse;\" cellspacing=\"0\">\n<tbody>\n<tr class=\"-R\">\n<td class=\"-C\" style=\"width: 481.9pt; border: none windowtext 0pt;\" colspan=\"2\">\n<p class=\"Normal-P\" style=\"margin-bottom: 6pt; text-align: justify; text-justify: inter-ideograph; direction: ltr; unicode-bidi: normal;\"><span class=\"Normal-H\"><span style=\"font-family: Arial;\">Die unruhige See k\u00f6nnte uns jetzt belohnen, indem Delfine in unser Blickfeld kommen; doch sie tut uns den Gefallen nicht, daf\u00fcr vollf\u00fchren Seev\u00f6gel wahre Kunstst\u00fccke \u00fcber den Wellenk\u00e4mmen, deren Gischt den Passagieren auf dem Oberdeck mitunter den Blick durch die Brillengl\u00e4ser tr\u00fcbt.<\/span><\/span><\/p>\n<\/td>\n<\/tr>\n<tr class=\"-R\">\n<td class=\"-C\" style=\"width: 240.05pt; border: none windowtext 0pt;\">\n<p class=\"Normal-P\" style=\"margin-bottom: 6pt; text-align: justify; text-justify: inter-ideograph; direction: ltr; unicode-bidi: normal;\"><span class=\"Normal-H\"><span style=\"font-family: Arial;\"><img loading=\"lazy\" decoding=\"async\" class=\"\" src=\"http:\/\/www.adrianwood.ch\/wp-content\/uploads\/2018\/07\/1532178904_image1.jpeg\" data-link=\"\" width=\"351\" height=\"234\"><\/span><\/span><\/p>\n<\/td>\n<td class=\"-C\" style=\"width: 241.85pt; border: none windowtext 0pt;\">\n<p class=\"Normal-P\" style=\"margin-bottom: 6pt; text-align: justify; text-justify: inter-ideograph; direction: ltr; unicode-bidi: normal;\"><span class=\"Normal-H\"><span style=\"font-family: Arial;\"><img loading=\"lazy\" decoding=\"async\" class=\"\" src=\"http:\/\/www.adrianwood.ch\/wp-content\/uploads\/2018\/07\/1532178904_image2.jpeg\" data-link=\"\" width=\"350\" height=\"233\"><\/span><\/span><\/p>\n<\/td>\n<\/tr>\n<tr class=\"-R\">\n<td class=\"-C\" style=\"width: 481.9pt; border: none windowtext 0pt;\" colspan=\"2\">\n<p class=\"Normal-P\" style=\"margin-bottom: 6pt; text-align: justify; text-justify: inter-ideograph; direction: ltr; unicode-bidi: normal;\"><span class=\"Normal-H\"><span style=\"font-family: Arial;\">Mit 22 km\/h-Geschwindigkeit steuern wir Naxos zu, wo uns ein Zwischenhalt von ca. 2 Stunden zugestanden wird. Also, nix wie los, um Dinge zu kaufen, die wir Tage zuvor dort gesehen, jedoch nicht erstanden hatten. Tja, und die verloren geglaubte Kamera kann von der Besitzerin wieder entgegengenommen werden. Freude herrscht! Da hatte der Hl. Antonios wahrlich ganze Arbeit geleistet!<\/span><\/span><\/p>\n<p class=\"Normal-P\" style=\"margin-bottom: 6pt; text-align: justify; text-justify: inter-ideograph; direction: ltr; unicode-bidi: normal;\"><span class=\"Normal-H\"><span style=\"font-family: Arial;\">Markus, unser Wanderleiter, macht es m\u00f6glich, unser Gep\u00e4ck nahe dem Hafen in Naxos zu deponieren, mit ihm als \u201aWachmann\u2018. Alle Reiseteilnehmer schw\u00e4rmen sogleich aus, um ihre Ziele zu erreichen. Jemand will z.B. einen kleinen Handwerksladen aufsuchen; dort werden bestimmte Ohrringe hergestellt und verkauft. Meine G\u00fcte, ist das ein Hin und Her beim Suchen nach dem Laden in den schmucken engen Gassen von Naxos. Die moderne Technik in Form eines Fotos auf einem iPhone l\u00e4sst uns f\u00fcndig werden.<\/span><\/span><\/p>\n<\/td>\n<\/tr>\n<tr class=\"-R\">\n<td class=\"-C\" style=\"width: 240.05pt; border: none windowtext 0pt;\">\n<p class=\"Normal-P\" style=\"margin-bottom: 6pt; text-align: justify; text-justify: inter-ideograph; direction: ltr; unicode-bidi: normal;\"><span class=\"Normal-H\"><span style=\"font-family: Arial;\"><img loading=\"lazy\" decoding=\"async\" class=\"\" src=\"http:\/\/www.adrianwood.ch\/wp-content\/uploads\/2018\/07\/1532178904_image3.jpeg\" data-link=\"\" width=\"350\" height=\"233\"><\/span><\/span><\/p>\n<\/td>\n<td class=\"-C\" style=\"width: 241.85pt; border: none windowtext 0pt;\">\n<p class=\"Normal-P\" style=\"margin-bottom: 6pt; text-align: justify; text-justify: inter-ideograph; direction: ltr; unicode-bidi: normal;\"><span class=\"Normal-H\"><span style=\"font-family: Arial;\"><img loading=\"lazy\" decoding=\"async\" class=\"\" src=\"http:\/\/www.adrianwood.ch\/wp-content\/uploads\/2018\/07\/1532178904_image4.jpeg\" data-link=\"\" width=\"350\" height=\"233\"><\/span><\/span><\/p>\n<\/td>\n<\/tr>\n<tr class=\"-R\">\n<td class=\"-C\" style=\"width: 481.9pt; border: none windowtext 0pt;\" colspan=\"2\">\n<p class=\"Normal-P\" style=\"margin-bottom: 6pt; text-align: justify; text-justify: inter-ideograph; direction: ltr; unicode-bidi: normal;\"><span class=\"Normal-H\"><span style=\"font-family: Arial;\">Wichtig ist den Wartenden ferner, an einem sch\u00f6nen Ort gem\u00fctlich gutes Essen zu geniessen. Auch das gelingt, und schon jagen wir zur Koffersammelstelle, um dort zu erfahren: Unsere Schiffsreise nach Mykonos versp\u00e4tet sich um 2 Stunden. Bei der Nachricht sind die Mitglieder der Gruppe zuerst entt\u00e4uscht doch nullkommapl\u00f6tzlich alle wieder unterwegs. Mit Shopping, <\/span><span style=\"font-family: Arial;\">Eisessen<\/span><span style=\"font-family: Arial;\"> in gem\u00fctlicher Beiz nahe dem Hafen, Besuch im Museum und der ehem. Ursulinenschule, Besichtigung der <\/span><span style=\"font-family: Arial;\">Chora<\/span><span style=\"font-family: Arial;\">, Spaziergang zur Porta von Naxos, dem Fragment des Apollon-Tempels, wie auch Baden im Meer wurde das unerwarteten Zeitfenster gef\u00fcllt.<\/span><\/span><\/p>\n<p class=\"Normal-P\" style=\"margin-bottom: 6pt; text-align: justify; text-justify: inter-ideograph; direction: ltr; unicode-bidi: normal;\"><span class=\"Normal-H\"><span style=\"font-family: Arial;\">Angemessenes Verhalten in dem so lebhaften Hafen vor der Abreise wird uns anschaulich geschildert und bald geh\u00f6ren auch wir zu der geduldig wartenden Schar der Touristen am Kai. Einmal mehr ist es heiss!<\/span><\/span><\/p>\n<\/td>\n<\/tr>\n<tr class=\"-R\">\n<td class=\"-C\" style=\"width: 240.05pt; border: none windowtext 0pt;\">\n<p class=\"Normal-P\" style=\"margin-bottom: 6pt; text-align: justify; text-justify: inter-ideograph; direction: ltr; unicode-bidi: normal;\"><span class=\"Normal-H\"><span style=\"font-family: Arial;\"><img loading=\"lazy\" decoding=\"async\" class=\"\" src=\"http:\/\/www.adrianwood.ch\/wp-content\/uploads\/2018\/07\/1532178904_image5.jpeg\" data-link=\"\" width=\"350\" height=\"233\"><\/span><\/span><\/p>\n<\/td>\n<td class=\"-C\" style=\"width: 241.85pt; border: none windowtext 0pt;\">\n<p class=\"Normal-P\" style=\"margin-bottom: 6pt; text-align: justify; text-justify: inter-ideograph; direction: ltr; unicode-bidi: normal;\"><span class=\"Normal-H\"><span style=\"font-family: Arial;\"><img loading=\"lazy\" decoding=\"async\" class=\"\" src=\"http:\/\/www.adrianwood.ch\/wp-content\/uploads\/2018\/07\/1532178904_image6.jpeg\" data-link=\"\" width=\"350\" height=\"233\"><\/span><\/span><\/p>\n<\/td>\n<\/tr>\n<tr class=\"-R\">\n<td class=\"-C\" style=\"width: 481.9pt; border: none windowtext 0pt;\" colspan=\"2\">\n<p class=\"Normal-P\" style=\"margin-bottom: 6pt; text-align: justify; text-justify: inter-ideograph; direction: ltr; unicode-bidi: normal;\"><span class=\"Normal-H\"><span style=\"font-family: Arial;\">Das Schiff \u201a<\/span><span style=\"font-family: Arial; font-style: italic;\">Champion Jet<\/span><span style=\"font-family: Arial;\">\u2018, der Reederei <\/span><span style=\"font-family: Arial; font-style: italic;\">Sea<\/span><span style=\"font-family: Arial; font-style: italic;\"> Jets<\/span><span style=\"font-family: Arial;\"> legt an, spuckt flink Autos und Passagiere aus, um unverz\u00fcglich gleiches Material wieder an Bord zu nehmen. Noch sind wir mit dem Abstellen unseres Gep\u00e4cks im Bauch der F\u00e4hre besch\u00e4ftigt, da f\u00e4hrt das Schiff los. Kaum liegt das Hafengebiet von Naxos hinter uns, gibt der Schiffsmotor alles, f\u00e4hrt bald eine Geschwindigkeit von 60 km\/h und erzeugt eine gewaltige, imposante Heckwelle. Alle Angaben dazu dank Vrenis Satellitennavigationssystem.<\/span><span style=\"font-family: Arial;\"><span style=\"display: block;\"><span style=\"display: none;\">&#8230;<\/span><\/span>Wieder scheint Neptun leicht grollend unterwegs zu sein, doch die Gr\u00f6sse des Schiffs und seine Schnelligkeit machen die Reise von gut einer Stunde zu einem Erlebnis, einem, das wir bei Sonne und Wind auf dem Oberdeck gerne noch l\u00e4nger geniessen w\u00fcrden. Was gegen Seekrankheit hilfreich ist, das st\u00e4ndige Kauen von scheusslich schmeckenden Kaugummis, bleibt uns diesmal erspart.<\/span><\/span><\/p>\n<\/td>\n<\/tr>\n<tr class=\"-R\">\n<td class=\"-C\" style=\"width: 240.05pt; border: none windowtext 0pt;\">\n<p class=\"Normal-P\" style=\"margin-bottom: 6pt; text-align: justify; text-justify: inter-ideograph; direction: ltr; unicode-bidi: normal;\"><span class=\"Normal-H\"><span style=\"font-family: Arial;\"><img loading=\"lazy\" decoding=\"async\" class=\"\" src=\"http:\/\/www.adrianwood.ch\/wp-content\/uploads\/2018\/07\/1532178904_image7.jpeg\" data-link=\"\" width=\"350\" height=\"233\"><\/span><\/span><\/p>\n<\/td>\n<td class=\"-C\" style=\"width: 241.85pt; border: none windowtext 0pt;\">\n<p class=\"Normal-P\" style=\"margin-bottom: 6pt; text-align: justify; text-justify: inter-ideograph; direction: ltr; unicode-bidi: normal;\"><span class=\"Normal-H\"><span style=\"font-family: Arial;\"><img loading=\"lazy\" decoding=\"async\" class=\"\" src=\"http:\/\/www.adrianwood.ch\/wp-content\/uploads\/2018\/07\/1532178904_image8.jpeg\" data-link=\"\" width=\"350\" height=\"233\"><\/span><\/span><\/p>\n<\/td>\n<\/tr>\n<tr class=\"-R\">\n<td class=\"-C\" style=\"width: 240.05pt; border: none windowtext 0pt;\">\n<p class=\"Normal-P\" style=\"margin-bottom: 6pt; text-align: justify; text-justify: inter-ideograph; direction: ltr; unicode-bidi: normal;\"><span class=\"Normal-H\"><span style=\"font-family: Arial;\"><img loading=\"lazy\" decoding=\"async\" class=\"\" src=\"http:\/\/www.adrianwood.ch\/wp-content\/uploads\/2018\/07\/1532178904_image9.jpeg\" data-link=\"\" width=\"350\" height=\"233\"><\/span><\/span><\/p>\n<\/td>\n<td class=\"-C\" style=\"width: 241.85pt; border: none windowtext 0pt;\">\n<p class=\"Normal-P\" style=\"margin-bottom: 6pt; text-align: justify; text-justify: inter-ideograph; direction: ltr; unicode-bidi: normal;\"><span class=\"Normal-H\"><span style=\"font-family: Arial;\"><img loading=\"lazy\" decoding=\"async\" class=\"\" src=\"http:\/\/www.adrianwood.ch\/wp-content\/uploads\/2018\/07\/1532178904_image10.jpeg\" data-link=\"\" width=\"350\" height=\"233\"><\/span><\/span><\/p>\n<\/td>\n<\/tr>\n<tr class=\"-R\">\n<td class=\"-C\" style=\"width: 481.9pt; border: none windowtext 0pt;\" colspan=\"2\">\n<p class=\"Normal-P\" style=\"margin-bottom: 6pt; text-align: justify; text-justify: inter-ideograph; direction: ltr; unicode-bidi: normal;\"><span class=\"Normal-H\"><span style=\"font-family: Arial;\">Das Hotel in Mykonos liege am Strand, so die kurze Mitteilung beim morgendlichen Briefing. Schon tr\u00e4umen wir davon, nach Ankunft sogleich vom Hotelzimmer aus zum Baden im Meer zu eilen. Aus Eilen wird ein vorsichtiges Steigen denn von der H\u00f6he der Zimmer mit <\/span><span style=\"font-family: Arial;\">den zweihunderter Nummern<\/span><span style=\"font-family: Arial;\"> aus f\u00fchren auf Treppen ohne Handlauf exakt 179 Stufen zum Strand. Die Abk\u00fchlung im Meer war zu verlockend, daher nahm ich den notwendigen Weg unter meine F\u00fcsse. Danach gen\u00fcgt mir jedoch das Sein<\/span><span style=\"font-family: Arial;\"> auf dem zimmereigenen <\/span><span style=\"font-family: Arial;\">Balkon mit Aussicht auf sehr <\/span><span style=\"font-family: Arial;\">grosse und kleine Passagierschiffe im Hafen von Mykonos und den Ort selbst. All das wird zu meiner Freude alsbald von einem wundersch\u00f6nen Sonnenuntergang untermalt.<\/span><\/span><\/p>\n<p class=\"Normal-P\" style=\"margin-bottom: 6pt; text-align: justify; text-justify: inter-ideograph; direction: ltr; unicode-bidi: normal;\"><span class=\"Normal-H\"><span style=\"font-family: Arial; color: #222222;\">Anne M.<\/span><\/span><\/p>\n<\/td>\n<\/tr>\n<tr class=\"-R\">\n<td class=\"-C\" style=\"width: 240.05pt; border: none windowtext 0pt;\">\n<p class=\"Normal-P\" style=\"margin-bottom: 6pt; text-align: justify; text-justify: inter-ideograph; direction: ltr; unicode-bidi: normal;\">\n<\/td>\n<td class=\"-C\" style=\"width: 241.85pt; border: none windowtext 0pt;\">\n<p class=\"Normal-P\" style=\"margin-bottom: 6pt; text-align: justify; text-justify: inter-ideograph; direction: ltr; unicode-bidi: normal;\">\n<\/td>\n<\/tr>\n<p><!-- [if !supportMisalignedColumns]--><\/tbody>\n<\/table>\n<\/div>\n","protected":false},"excerpt":{"rendered":"<p>25 Mai, Kreuzfahrt der Sonderreise\u201a\u2018\u00d6stliche Kykladen\u2018 Kurz nach 7 h am Morgen in Katapola. Von Osten zeigen sich dunkle Wolken, Abschiedsstimmung wie auch Vorfreude halten sich die Waage. Die liebenswerte Insel Amorgos haben wir mit Express Skopelitis (Small Cyclades Lines) bald verlassen, um erneut Naxos anzulaufen, doch nur zwecks Umsteigen und Weiterfahrt nach Mykonos. Die &hellip; <a href=\"https:\/\/www.adrianwood.ch\/?page_id=16802\" class=\"more-link\">Continue reading <span class=\"screen-reader-text\">05-25 Kreuzfahrt<\/span> <span class=\"meta-nav\">&rarr;<\/span><\/a><\/p>\n","protected":false},"author":1,"featured_media":0,"parent":16596,"menu_order":2598,"comment_status":"closed","ping_status":"closed","template":"","meta":{"ngg_post_thumbnail":0,"footnotes":""},"class_list":["post-16802","page","type-page","status-publish","hentry"],"_links":{"self":[{"href":"https:\/\/www.adrianwood.ch\/index.php?rest_route=\/wp\/v2\/pages\/16802","targetHints":{"allow":["GET"]}}],"collection":[{"href":"https:\/\/www.adrianwood.ch\/index.php?rest_route=\/wp\/v2\/pages"}],"about":[{"href":"https:\/\/www.adrianwood.ch\/index.php?rest_route=\/wp\/v2\/types\/page"}],"author":[{"embeddable":true,"href":"https:\/\/www.adrianwood.ch\/index.php?rest_route=\/wp\/v2\/users\/1"}],"replies":[{"embeddable":true,"href":"https:\/\/www.adrianwood.ch\/index.php?rest_route=%2Fwp%2Fv2%2Fcomments&post=16802"}],"version-history":[{"count":4,"href":"https:\/\/www.adrianwood.ch\/index.php?rest_route=\/wp\/v2\/pages\/16802\/revisions"}],"predecessor-version":[{"id":16816,"href":"https:\/\/www.adrianwood.ch\/index.php?rest_route=\/wp\/v2\/pages\/16802\/revisions\/16816"}],"up":[{"embeddable":true,"href":"https:\/\/www.adrianwood.ch\/index.php?rest_route=\/wp\/v2\/pages\/16596"}],"wp:attachment":[{"href":"https:\/\/www.adrianwood.ch\/index.php?rest_route=%2Fwp%2Fv2%2Fmedia&parent=16802"}],"curies":[{"name":"wp","href":"https:\/\/api.w.org\/{rel}","templated":true}]}}