{"id":17097,"date":"2018-07-30T13:55:15","date_gmt":"2018-07-30T13:55:15","guid":{"rendered":"http:\/\/www.adrianwood.ch\/?page_id=17097"},"modified":"2018-07-30T14:19:33","modified_gmt":"2018-07-30T14:19:33","slug":"07-07-illhorn","status":"publish","type":"page","link":"https:\/\/www.adrianwood.ch\/?page_id=17097","title":{"rendered":"07-07 Illhorn"},"content":{"rendered":"<div class=\"pmdi_content_wrapper\">\n<h2>7.7.2018, Tsap\u00e9 \u2013 Ilhorn &#8211; Cabane Bella Tola<\/h2>\n<table class=\"TableGrid-T\" style=\"border-collapse: collapse;\" cellspacing=\"0\">\n<tbody>\n<tr>\n<td colspan=\"2\">Nach einer vierst\u00fcndigen Fahrt erreichen wir Chandolin, wo wir den Sessellift nach Tsap\u00e9 nehmen. Im Berghaus gibt es einen Startkaffee und dann geht es los. In ca. einer Stunde erreichen wir den Gipfel des Illhorns 2717m, wobei wir auf dem Illseepass bereits das erste Schneefeld gesehen haben. Leider ist das Panorama vom Illhorn nicht so wie sein k\u00f6nnte, denn es ist recht bew\u00f6lkt. Aber immerhin klart es zwischen durch etwas auf. Wir erkennen jedenfalls oberhalb des Illsees das Schwarzhorn 2790m und das Rothorn 2998m. Nicht zu vergessen ist der Einblick in den Illgraben unmittelbar unter dem Illhorn.<\/td>\n<\/tr>\n<tr class=\"-R\">\n<td class=\"-C\" style=\"width: 246.8pt; border: none windowtext 0pt;\">\n<p class=\"Normal-P\" style=\"margin-bottom: 6pt; text-align: justify; text-justify: inter-ideograph; direction: ltr; unicode-bidi: normal;\"><span class=\"Normal-H\"><span style=\"font-family: Arial; color: #323333; font-size: 11pt; text-decoration: underline;\"><img loading=\"lazy\" decoding=\"async\" class=\"\" src=\"http:\/\/www.adrianwood.ch\/wp-content\/uploads\/2018\/07\/1532958842_image1.jpg\" data-link=\"\" width=\"350\" height=\"233\"><\/span><\/span><\/p>\n<\/td>\n<td class=\"-C\" style=\"width: 245.6pt; border: none windowtext 0pt;\">\n<p class=\"Normal-P\" style=\"margin-bottom: 6pt; text-align: justify; text-justify: inter-ideograph; direction: ltr; unicode-bidi: normal;\"><span class=\"Normal-H\"><span style=\"font-family: Arial; color: #323333; font-size: 11pt; text-decoration: underline;\"><img loading=\"lazy\" decoding=\"async\" class=\"\" src=\"http:\/\/www.adrianwood.ch\/wp-content\/uploads\/2018\/07\/1532958842_image2.jpg\" data-link=\"\" width=\"350\" height=\"234\"><\/span><\/span><\/p>\n<\/td>\n<\/tr>\n<tr>\n<td colspan=\"2\">Nach der Mittagspause steigen wir wieder hinunter zum Illseepass und von dortauf einem Bergweg hinunter zum kleinen Waschsee, der dem Illsee vorgelagert ist. Es geht dann rechts oberhalb der See hin\u00fcber zu einem Steilhang, \u00fcber welchen wir nach einigem Kraxeln den Illpass erreichen. Von dort aus machen wir noch einen Abstecher zu einem Aussichtspunkt oberhalb des Lac Noir, wo wir die Sonne und die Sicht auf die Seen geniessen k\u00f6nnen.<\/td>\n<\/tr>\n<tr class=\"-R\">\n<td class=\"-C\" style=\"width: 246.8pt; border: none windowtext 0pt;\">\n<p class=\"Normal-P\" style=\"margin-bottom: 6pt; text-align: justify; text-justify: inter-ideograph; direction: ltr; unicode-bidi: normal;\"><span class=\"Normal-H\"><span style=\"font-family: Arial; color: #323333; font-size: 11pt; text-decoration: underline;\"><img loading=\"lazy\" decoding=\"async\" class=\"\" src=\"http:\/\/www.adrianwood.ch\/wp-content\/uploads\/2018\/07\/1532958842_image3.jpg\" data-link=\"\" width=\"350\" height=\"233\"><\/span><\/span><\/p>\n<\/td>\n<td class=\"-C\" style=\"width: 245.6pt; border: none windowtext 0pt;\">\n<p class=\"Normal-P\" style=\"margin-bottom: 6pt; text-align: justify; text-justify: inter-ideograph; direction: ltr; unicode-bidi: normal;\"><span class=\"Normal-H\"><span style=\"font-family: Arial; color: #323333; font-size: 11pt; text-decoration: underline;\"><img loading=\"lazy\" decoding=\"async\" class=\"\" src=\"http:\/\/www.adrianwood.ch\/wp-content\/uploads\/2018\/07\/1532958842_image4.jpg\" data-link=\"\" width=\"350\" height=\"234\"><\/span><\/span><\/p>\n<\/td>\n<\/tr>\n<tr>\n<td colspan=\"2\">Dann machen wir uns auf den Weg zur Cabane Bella Tola. Wir wandern unterhalb der Ar\u00eate des Ombrintses 2700m in einem Bogen durch die Skipistenlandschaft, die im Sommer nicht sehr einladend aussieht. Gl\u00fccklicherweise finden wir einen Wanderweg, der sich dem Hang entlang zieht, sodass wir nicht auf den Skipisten gehen m\u00fcssen. Es gibt noch einen kurzen Zwischenhalt und bald bietet sich uns ein neues Panorama auf die Walliser Viertausender. Und schon bald sehen wir unser Ziel vor uns, die Cabane Bella Tola 2346m, die wir um 17h erreichen.<\/td>\n<\/tr>\n<tr class=\"-R\">\n<td class=\"-C\" style=\"width: 246.8pt; border: none windowtext 0pt;\">\n<p class=\"Normal-P\" style=\"margin-bottom: 6pt; text-align: justify; text-justify: inter-ideograph; direction: ltr; unicode-bidi: normal;\"><span class=\"Normal-H\"><span style=\"font-family: Arial; color: #323333; font-size: 11pt; text-decoration: underline;\"><img loading=\"lazy\" decoding=\"async\" class=\"\" src=\"http:\/\/www.adrianwood.ch\/wp-content\/uploads\/2018\/07\/1532958842_image5.jpg\" data-link=\"\" width=\"350\" height=\"233\"><\/span><\/span><\/p>\n<\/td>\n<td class=\"-C\" style=\"width: 245.6pt; border: none windowtext 0pt;\">\n<p class=\"Normal-P\" style=\"margin-bottom: 6pt; text-align: justify; text-justify: inter-ideograph; direction: ltr; unicode-bidi: normal;\"><span class=\"Normal-H\"><span style=\"font-family: Arial; color: #323333; font-size: 11pt; text-decoration: underline;\"><img loading=\"lazy\" decoding=\"async\" class=\"\" src=\"http:\/\/www.adrianwood.ch\/wp-content\/uploads\/2018\/07\/1532958842_image6.jpg\" data-link=\"\" width=\"350\" height=\"234\"><\/span><\/span><\/p>\n<\/td>\n<\/tr>\n<tr>\n<td colspan=\"2\">Wir richten uns ein und geniessen dann im Sonnenschein vor der H\u00fctte einen Aperitiv.<\/p>\n<p>Es gibt ein w\u00e4hrschaftes Abendessen. Die Abendstimmung vor der H\u00fctte ist sehr sch\u00f6n, der To\u00fbno leuchtet orange im letzten Sonnenlicht. Um 10.00h kehrt Ruhe in der H\u00fctte ein.<\/p>\n<p>Marianne<\/td>\n<\/tr>\n<p><!-- [if !supportMisalignedColumns]--><\/tbody>\n<\/table>\n<\/div>\n","protected":false},"excerpt":{"rendered":"<p>7.7.2018, Tsap\u00e9 \u2013 Ilhorn &#8211; Cabane Bella Tola Nach einer vierst\u00fcndigen Fahrt erreichen wir Chandolin, wo wir den Sessellift nach Tsap\u00e9 nehmen. Im Berghaus gibt es einen Startkaffee und dann geht es los. In ca. einer Stunde erreichen wir den Gipfel des Illhorns 2717m, wobei wir auf dem Illseepass bereits das erste Schneefeld gesehen haben. &hellip; <a href=\"https:\/\/www.adrianwood.ch\/?page_id=17097\" class=\"more-link\">Continue reading <span class=\"screen-reader-text\">07-07 Illhorn<\/span> <span class=\"meta-nav\">&rarr;<\/span><\/a><\/p>\n","protected":false},"author":1,"featured_media":0,"parent":17093,"menu_order":1396,"comment_status":"closed","ping_status":"closed","template":"","meta":{"ngg_post_thumbnail":0,"footnotes":""},"class_list":["post-17097","page","type-page","status-publish","hentry"],"_links":{"self":[{"href":"https:\/\/www.adrianwood.ch\/index.php?rest_route=\/wp\/v2\/pages\/17097","targetHints":{"allow":["GET"]}}],"collection":[{"href":"https:\/\/www.adrianwood.ch\/index.php?rest_route=\/wp\/v2\/pages"}],"about":[{"href":"https:\/\/www.adrianwood.ch\/index.php?rest_route=\/wp\/v2\/types\/page"}],"author":[{"embeddable":true,"href":"https:\/\/www.adrianwood.ch\/index.php?rest_route=\/wp\/v2\/users\/1"}],"replies":[{"embeddable":true,"href":"https:\/\/www.adrianwood.ch\/index.php?rest_route=%2Fwp%2Fv2%2Fcomments&post=17097"}],"version-history":[{"count":6,"href":"https:\/\/www.adrianwood.ch\/index.php?rest_route=\/wp\/v2\/pages\/17097\/revisions"}],"predecessor-version":[{"id":17141,"href":"https:\/\/www.adrianwood.ch\/index.php?rest_route=\/wp\/v2\/pages\/17097\/revisions\/17141"}],"up":[{"embeddable":true,"href":"https:\/\/www.adrianwood.ch\/index.php?rest_route=\/wp\/v2\/pages\/17093"}],"wp:attachment":[{"href":"https:\/\/www.adrianwood.ch\/index.php?rest_route=%2Fwp%2Fv2%2Fmedia&parent=17097"}],"curies":[{"name":"wp","href":"https:\/\/api.w.org\/{rel}","templated":true}]}}