{"id":17114,"date":"2018-07-30T14:01:20","date_gmt":"2018-07-30T14:01:20","guid":{"rendered":"http:\/\/www.adrianwood.ch\/?page_id=17114"},"modified":"2018-07-30T14:02:33","modified_gmt":"2018-07-30T14:02:33","slug":"07-08-bella-tola","status":"publish","type":"page","link":"https:\/\/www.adrianwood.ch\/?page_id=17114","title":{"rendered":"07-08 Bella Tola"},"content":{"rendered":"<div class=\"pmdi_content_wrapper\">\n<h2 class=\"Normal-P\" style=\"margin-bottom: 6pt; text-align: justify; text-justify: inter-ideograph; direction: ltr; unicode-bidi: normal;\"><span class=\"Normal-H\"><span style=\"font-family: Arial; font-weight: bold;\">8.7.2018 auf den <\/span><span style=\"font-family: Arial; font-weight: bold;\">Bella <\/span><span style=\"font-family: Arial; font-weight: bold;\">Tola<\/span><span style=\"font-family: Arial; font-weight: bold;\"> im Val <\/span><span style=\"font-family: Arial; font-weight: bold;\">d\u2019Anniviers<\/span><\/span><\/h2>\n<table class=\"TableGrid-T\" style=\"border-collapse: collapse;\" cellspacing=\"0\">\n<tbody>\n<tr class=\"-R\">\n<td class=\"-C\" style=\"width: 492.7pt; border: none windowtext 0pt;\" colspan=\"2\">\n<p class=\"Normal-P\" style=\"margin-bottom: 6pt; text-align: justify; text-justify: inter-ideograph; direction: ltr; unicode-bidi: normal;\"><span class=\"Normal-H\"><span style=\"font-family: Arial;\">Nach einer angenehm k\u00fchlen Nacht in der <\/span><span style=\"font-family: Arial;\">Cabanne<\/span><span style=\"font-family: Arial;\"> Bella <\/span><span style=\"font-family: Arial;\">Tola<\/span><span style=\"font-family: Arial;\"> (2346m) versammeln sich um 8 Uhr alle 14 <\/span><span style=\"font-family: Arial;\">Skicl\u00fcbler<\/span><span style=\"font-family: Arial;\"> in der Sonne vor der H\u00fctte. Marianne und Edith entscheiden sich, den H\u00f6henweg nach <\/span><span style=\"font-family: Arial;\">Zinal<\/span><span style=\"font-family: Arial;\"> bereits heute, anstatt am Montag unter die F\u00fcsse zu nehmen. Wir 12 anderen nehmen den Bella <\/span><span style=\"font-family: Arial;\">Tola<\/span><span style=\"font-family: Arial;\"> (3025m) in Angriff.<\/span><\/span><\/p>\n<\/td>\n<\/tr>\n<tr class=\"-R\">\n<td class=\"-C\" style=\"width: 245.6pt; border: none windowtext 0pt;\">\n<p class=\"Normal-P\" style=\"margin-bottom: 6pt; text-align: justify; text-justify: inter-ideograph; direction: ltr; unicode-bidi: normal;\"><span class=\"Normal-H\"><span style=\"font-family: Arial;\"><img loading=\"lazy\" decoding=\"async\" class=\"\" src=\"http:\/\/www.adrianwood.ch\/wp-content\/uploads\/2018\/07\/1532959191_image1.jpeg\" data-link=\"\" width=\"350\" height=\"233\"><\/span><\/span><\/p>\n<\/td>\n<td class=\"-C\" style=\"width: 247.1pt; border: none windowtext 0pt;\">\n<p class=\"Normal-P\" style=\"margin-bottom: 6pt; text-align: justify; text-justify: inter-ideograph; direction: ltr; unicode-bidi: normal;\"><span class=\"Normal-H\"><span style=\"font-family: Arial;\"><img loading=\"lazy\" decoding=\"async\" class=\"\" src=\"http:\/\/www.adrianwood.ch\/wp-content\/uploads\/2018\/07\/1532959191_image2.jpeg\" data-link=\"\" width=\"350\" height=\"233\"><\/span><\/span><\/p>\n<\/td>\n<\/tr>\n<tr class=\"-R\">\n<td class=\"-C\" style=\"width: 492.7pt; border: none windowtext 0pt;\" colspan=\"2\">\n<p class=\"Normal-P\" style=\"margin-bottom: 6pt; text-align: justify; text-justify: inter-ideograph; direction: ltr; unicode-bidi: normal;\"><span class=\"Normal-H\"><span style=\"font-family: Arial;\">Der Wegweiser sagt 2h 5M. In der herrlichen Morgenfrische wandern wir etwas hoch und dann dem Hang entlang bis zur <\/span><span style=\"font-family: Arial;\">Abweigung<\/span><span style=\"font-family: Arial;\"> bei Punkt 2550. Hier verlassen uns Ueli und Charlotte. Die restlichen 10 steigen auf dem sehr gut angelegten Weg in Serpentinen zum Grat hoch. Nach einer letzten <\/span><span style=\"font-family: Arial;\">Drinkpause<\/span><span style=\"font-family: Arial;\"> erklimmen wir die letzten H\u00f6henmeter und stehen um 11 Uhr vor einer grandiosen 360\u00b0 Aussicht.<\/span><\/span><\/p>\n<\/td>\n<\/tr>\n<tr class=\"-R\">\n<td class=\"-C\" style=\"width: 245.6pt; border: none windowtext 0pt;\">\n<p class=\"Normal-P\" style=\"margin-bottom: 6pt; text-align: justify; text-justify: inter-ideograph; direction: ltr; unicode-bidi: normal;\"><span class=\"Normal-H\"><span style=\"font-family: Arial;\"><img loading=\"lazy\" decoding=\"async\" class=\"\" src=\"http:\/\/www.adrianwood.ch\/wp-content\/uploads\/2018\/07\/1532959191_image3.jpeg\" data-link=\"\" width=\"350\" height=\"234\"><\/span><\/span><\/p>\n<\/td>\n<td class=\"-C\" style=\"width: 247.1pt; border: none windowtext 0pt;\">\n<p class=\"Normal-P\" style=\"margin-bottom: 6pt; text-align: justify; text-justify: inter-ideograph; direction: ltr; unicode-bidi: normal;\"><span class=\"Normal-H\"><span style=\"font-family: Arial;\"><img loading=\"lazy\" decoding=\"async\" class=\"\" src=\"http:\/\/www.adrianwood.ch\/wp-content\/uploads\/2018\/07\/1532959191_image4.jpeg\" data-link=\"\" width=\"352\" height=\"234\"><\/span><\/span><\/p>\n<\/td>\n<\/tr>\n<tr class=\"-R\">\n<td class=\"-C\" style=\"width: 492.7pt; border: none windowtext 0pt;\" colspan=\"2\">\n<p class=\"Normal-P\" style=\"margin-bottom: 6pt; text-align: justify; text-justify: inter-ideograph; direction: ltr; unicode-bidi: normal;\"><span class=\"Normal-H\"><span style=\"font-family: Arial;\">Am Mont Blanc, dem Grand <\/span><span style=\"font-family: Arial;\">Combin<\/span><span style=\"font-family: Arial;\">, der <\/span><span style=\"font-family: Arial;\">Dent<\/span><span style=\"font-family: Arial;\">d\u2019Herens<\/span><span style=\"font-family: Arial;\">, dem Matterhorn, dem <\/span><span style=\"font-family: Arial;\">Zinal<\/span><span style=\"font-family: Arial;\">Rothorn<\/span><span style=\"font-family: Arial;\">, dem Weisshorn, den <\/span><span style=\"font-family: Arial;\">Berneralpen<\/span><span style=\"font-family: Arial;\"> und vielen mehr k\u00f6nnen wir uns w\u00e4hrend einer Stunde satt sehen. Ein Hochgenuss den Lunch in dieser Umgebung zu verzehren! Auf dem gleichen Weg geht es zur\u00fcck zur Abzweigung und dann runter und hoch zum Lac <\/span><span style=\"font-family: Arial;\">d\u2019Armina<\/span><span style=\"font-family: Arial;\">. Unterwegs immer wieder viele M\u00e4nnertreu und Schwefelanemonen, nebst vielen anderen Bergblumen. <\/span><\/span><\/p>\n<\/td>\n<\/tr>\n<tr class=\"-R\">\n<td class=\"-C\" style=\"width: 245.6pt; border: none windowtext 0pt;\">\n<p class=\"Normal-P\" style=\"margin-bottom: 6pt; text-align: justify; text-justify: inter-ideograph; direction: ltr; unicode-bidi: normal;\"><span class=\"Normal-H\"><span style=\"font-family: Arial;\"><img loading=\"lazy\" decoding=\"async\" class=\"\" src=\"http:\/\/www.adrianwood.ch\/wp-content\/uploads\/2018\/07\/1532959191_image5.jpeg\" data-link=\"\" width=\"350\" height=\"232\"><\/span><\/span><\/p>\n<\/td>\n<td class=\"-C\" style=\"width: 247.1pt; border: none windowtext 0pt;\">\n<p class=\"Normal-P\" style=\"margin-bottom: 6pt; text-align: justify; text-justify: inter-ideograph; direction: ltr; unicode-bidi: normal;\"><span class=\"Normal-H\"><span style=\"font-family: Arial;\"><img loading=\"lazy\" decoding=\"async\" class=\"\" src=\"http:\/\/www.adrianwood.ch\/wp-content\/uploads\/2018\/07\/1532959191_image6.jpeg\" data-link=\"\" width=\"350\" height=\"233\"><\/span><\/span><\/p>\n<\/td>\n<\/tr>\n<tr class=\"-R\">\n<td class=\"-C\" style=\"width: 492.7pt; border: none windowtext 0pt;\" colspan=\"2\">\n<p class=\"Normal-P\" style=\"margin-bottom: 6pt; text-align: justify; text-justify: inter-ideograph; direction: ltr; unicode-bidi: normal;\"><span class=\"Normal-H\"><span style=\"font-family: Arial;\">Hier nehmen einige von uns ein Fuss- oder Vollbad und wir, Peter und <\/span><span style=\"font-family: Arial;\">Vreny<\/span><span style=\"font-family: Arial;\">, verabschieden uns, da wir nicht noch einmal in der Cabane Bella <\/span><span style=\"font-family: Arial;\">Tola<\/span><span style=\"font-family: Arial;\"> \u00fcbernachten wie die Anderen. Wir suchen etwas <\/span><span style=\"font-family: Arial;\">den Abstieg und gelangen nach etwa 1 h auf den offiziellen Weg nach Le <\/span><span style=\"font-family: Arial;\">Chiesso<\/span><span style=\"font-family: Arial;\">. Von hier auf einem breiten H\u00f6henweg zur Bergstation <\/span><span style=\"font-family: Arial;\">Tignousa<\/span><span style=\"font-family: Arial;\">, wo wir um 16 Uhr eintreffen. Mit dem <\/span><span style=\"font-family: Arial;\">Funiculaire<\/span><span style=\"font-family: Arial;\"> geht es nach St. Luc und dann mit dem Postauto nach Hause. Danke Adrian f\u00fcr die wunderbare Tour.<\/span><\/span><\/p>\n<p class=\"Normal-P\" style=\"margin-bottom: 6pt; text-align: justify; text-justify: inter-ideograph; direction: ltr; unicode-bidi: normal;\"><span class=\"Normal-H\"><span style=\"font-family: Arial;\">Vreny<\/span><span style=\"font-family: Arial;\"> S.<\/span><\/span><\/p>\n<\/td>\n<\/tr>\n<\/tbody>\n<\/table>\n<\/div>\n","protected":false},"excerpt":{"rendered":"<p>8.7.2018 auf den Bella Tola im Val d\u2019Anniviers Nach einer angenehm k\u00fchlen Nacht in der Cabanne Bella Tola (2346m) versammeln sich um 8 Uhr alle 14 Skicl\u00fcbler in der Sonne vor der H\u00fctte. Marianne und Edith entscheiden sich, den H\u00f6henweg nach Zinal bereits heute, anstatt am Montag unter die F\u00fcsse zu nehmen. Wir 12 anderen &hellip; <a href=\"https:\/\/www.adrianwood.ch\/?page_id=17114\" class=\"more-link\">Continue reading <span class=\"screen-reader-text\">07-08 Bella Tola<\/span> <span class=\"meta-nav\">&rarr;<\/span><\/a><\/p>\n","protected":false},"author":1,"featured_media":0,"parent":17093,"menu_order":1397,"comment_status":"closed","ping_status":"closed","template":"","meta":{"ngg_post_thumbnail":0,"footnotes":""},"class_list":["post-17114","page","type-page","status-publish","hentry"],"_links":{"self":[{"href":"https:\/\/www.adrianwood.ch\/index.php?rest_route=\/wp\/v2\/pages\/17114","targetHints":{"allow":["GET"]}}],"collection":[{"href":"https:\/\/www.adrianwood.ch\/index.php?rest_route=\/wp\/v2\/pages"}],"about":[{"href":"https:\/\/www.adrianwood.ch\/index.php?rest_route=\/wp\/v2\/types\/page"}],"author":[{"embeddable":true,"href":"https:\/\/www.adrianwood.ch\/index.php?rest_route=\/wp\/v2\/users\/1"}],"replies":[{"embeddable":true,"href":"https:\/\/www.adrianwood.ch\/index.php?rest_route=%2Fwp%2Fv2%2Fcomments&post=17114"}],"version-history":[{"count":3,"href":"https:\/\/www.adrianwood.ch\/index.php?rest_route=\/wp\/v2\/pages\/17114\/revisions"}],"predecessor-version":[{"id":17122,"href":"https:\/\/www.adrianwood.ch\/index.php?rest_route=\/wp\/v2\/pages\/17114\/revisions\/17122"}],"up":[{"embeddable":true,"href":"https:\/\/www.adrianwood.ch\/index.php?rest_route=\/wp\/v2\/pages\/17093"}],"wp:attachment":[{"href":"https:\/\/www.adrianwood.ch\/index.php?rest_route=%2Fwp%2Fv2%2Fmedia&parent=17114"}],"curies":[{"name":"wp","href":"https:\/\/api.w.org\/{rel}","templated":true}]}}