{"id":17124,"date":"2018-07-30T14:08:13","date_gmt":"2018-07-30T14:08:13","guid":{"rendered":"http:\/\/www.adrianwood.ch\/?page_id=17124"},"modified":"2018-07-30T14:08:13","modified_gmt":"2018-07-30T14:08:13","slug":"07-08-lac-darmina","status":"publish","type":"page","link":"https:\/\/www.adrianwood.ch\/?page_id=17124","title":{"rendered":"07-08 Lac d\u2019Armina"},"content":{"rendered":"<div class=\"pmdi_content_wrapper\">\n<h2 class=\"Normal-P\" style=\"text-align: justify; text-justify: inter-ideograph; direction: ltr; unicode-bidi: normal;\"><span class=\"Normal-H\"><span style=\"font-family: Arial; font-weight: bold;\">Teil<\/span><span style=\"font-family: Arial; font-weight: bold;\">bericht <\/span><span style=\"font-family: Arial; font-weight: bold;\">8.7<\/span><span style=\"font-family: Arial; font-weight: bold;\">.2018<\/span><span style=\"font-family: Arial; font-weight: bold;\">, <\/span><span style=\"font-family: Arial; font-weight: bold;\">Lac <\/span><span style=\"font-family: Arial; font-weight: bold;\">d\u2019Armina<\/span><span style=\"font-family: Arial; font-weight: bold;\"> 2562m nach Hotel <\/span><span style=\"font-family: Arial; font-weight: bold;\">Weisshorn<\/span><\/span><\/h2>\n<p class=\"Normal-P\" style=\"text-align: justify; text-justify: inter-ideograph; direction: ltr; unicode-bidi: normal;\"><span class=\"Normal-H\"><span style=\"font-family: Arial;\">Nach einem feinen Picknick auf dem Gipfel des Bella <\/span><span style=\"font-family: Arial;\">Tola<\/span><span style=\"font-family: Arial;\"> mit herrlicher Aussicht in die Walliser Alpen steigen wir z\u00fcgig auf gleichem Weg bis zur Abzweigung Richtung <\/span><span style=\"font-family: Arial;\">Meidpass<\/span><span style=\"font-family: Arial;\"> (ca. 2600 m) ab, wo wir einen kurzen Trinkhalt machen. <\/span><\/span><\/p>\n<table class=\"TableGrid-T\" style=\"border-collapse: collapse;\" cellspacing=\"0\">\n<tbody>\n<tr class=\"-R\">\n<td class=\"-C\" style=\"width: 481.4pt; border: none windowtext 0pt;\" colspan=\"2\">\n<p class=\"Normal-P\" style=\"margin-bottom: 6pt; text-align: justify; text-justify: inter-ideograph; direction: ltr; unicode-bidi: normal;\"><span class=\"Normal-H\"><span style=\"font-family: Arial;\">Bald geht\u2019s aber weiter vorbei am eher kleinen Lac Bella <\/span><span style=\"font-family: Arial;\">Tola<\/span><span style=\"font-family: Arial;\"> bis zum Lac de <\/span><span style=\"font-family: Arial;\">l`Armina<\/span><span style=\"font-family: Arial;\">. Dieser pr\u00e4chtige Alpensee mit einer noch <\/span><span style=\"font-family: Arial;\">grossen<\/span><span style=\"font-family: Arial;\"> ins Wasser ragenden Schneewechte k\u00f6nnen wir nicht passieren. Allzu sehr <\/span><span style=\"font-family: Arial;\">ladet<\/span><span style=\"font-family: Arial;\"> er zum Bade ein, aber wie kalt wird wohl das Wasser sein? Ein vorsichtiges <\/span><span style=\"font-family: Arial;\">Fussbad<\/span><span style=\"font-family: Arial;\"> gibt Entwarnung. Bei diesem sch\u00f6nen Wetter und sommerlichen Temperaturen sind f\u00fcr Adrian die Bedingungen erf\u00fcllt, Badehose an und hinein ins kalte Wasser. Das <\/span><span style=\"font-family: Arial;\">anschliessende<\/span><span style=\"font-family: Arial;\"> Sonnenbad ist ihm nat\u00fcrlich zu g\u00f6nnen, wir <\/span><span style=\"font-family: Arial;\">geniessen<\/span><span style=\"font-family: Arial;\"> unterdessen das sch\u00f6ne Panorama.<\/span><\/span><\/p>\n<\/td>\n<\/tr>\n<tr class=\"-R\">\n<td class=\"-C\" style=\"width: 241.3pt; border: none windowtext 0pt;\">\n<p class=\"Normal-P\" style=\"margin-bottom: 6pt; text-align: justify; text-justify: inter-ideograph; direction: ltr; unicode-bidi: normal;\"><span class=\"Normal-H\"><span style=\"font-family: Arial;\"><img loading=\"lazy\" decoding=\"async\" class=\"\" src=\"http:\/\/www.adrianwood.ch\/wp-content\/uploads\/2018\/07\/1532959486_image1.jpeg\" data-link=\"\" width=\"350\" height=\"233\"><\/span><\/span><\/p>\n<\/td>\n<td class=\"-C\" style=\"width: 240.1pt; border: none windowtext 0pt;\">\n<p class=\"Normal-P\" style=\"margin-bottom: 6pt; text-align: justify; text-justify: inter-ideograph; direction: ltr; unicode-bidi: normal;\"><span class=\"Normal-H\"><span style=\"font-family: Arial;\"><img loading=\"lazy\" decoding=\"async\" class=\"\" src=\"http:\/\/www.adrianwood.ch\/wp-content\/uploads\/2018\/07\/1532959486_image2.jpeg\" data-link=\"\" width=\"350\" height=\"233\"><\/span><\/span><\/p>\n<\/td>\n<\/tr>\n<tr class=\"-R\">\n<td class=\"-C\" style=\"width: 481.4pt; border: none windowtext 0pt;\" colspan=\"2\">\n<p class=\"Normal-P\" style=\"margin-bottom: 6pt; text-align: justify; text-justify: inter-ideograph; direction: ltr; unicode-bidi: normal;\"><span class=\"Normal-H\"><span style=\"font-family: Arial;\">Nun wird es jedoch Zeit den Weg zu unseren Nachtlagern anzutreten. Die Gruppe mit Adrian geht auf einem anderen Weg retour zur Cabane Bella <\/span><span style=\"font-family: Arial;\">Tola<\/span><span style=\"font-family: Arial;\">. Barbara, Susanne und ich nehmen den Weg zum Hotel <\/span><span style=\"font-family: Arial;\">Weisshorn<\/span><span style=\"font-family: Arial;\"> unter die <\/span><span style=\"font-family: Arial;\">F\u00fcsse<\/span><span style=\"font-family: Arial;\">. Wir steigen weiter in Richtung <\/span><span style=\"font-family: Arial;\">Meidpass<\/span><span style=\"font-family: Arial;\"> bis wir auf die Route 6, Alpenp\u00e4sse-Weg, Etappe 18 Gruben-<\/span><span style=\"font-family: Arial;\">Zinal<\/span><span style=\"font-family: Arial;\">, gelangen. Auf diesem Weg marschieren wir auf der linken Seite eines offenen Tals mit vielen sumpfigen Alpwiesen knapp 400 H\u00f6henmeter abw\u00e4rts bis zur Alph\u00fctte in Le <\/span><span style=\"font-family: Arial;\">Chiesso<\/span><span style=\"font-family: Arial;\">. Zum Hotel geht es nun noch ein kurzes, aber sch\u00f6nes Wegst\u00fcck hoch, welches uns jedoch infolge <\/span><span style=\"font-family: Arial;\">unseren m\u00fcden Beinen<\/span><span style=\"font-family: Arial;\"> sehr lange vorkommt.<\/span><\/span><\/p>\n<\/td>\n<\/tr>\n<tr class=\"-R\">\n<td class=\"-C\" style=\"width: 241.3pt; border: none windowtext 0pt;\">\n<p class=\"Normal-P\" style=\"margin-bottom: 6pt; text-align: justify; text-justify: inter-ideograph; direction: ltr; unicode-bidi: normal;\"><span class=\"Normal-H\"><span style=\"font-family: Arial;\"><img loading=\"lazy\" decoding=\"async\" class=\"\" src=\"http:\/\/www.adrianwood.ch\/wp-content\/uploads\/2018\/07\/1532959486_image3.jpeg\" data-link=\"\" width=\"350\" height=\"233\"><\/span><\/span><\/p>\n<\/td>\n<td class=\"-C\" style=\"width: 240.1pt; border: none windowtext 0pt;\">\n<p class=\"Normal-P\" style=\"margin-bottom: 6pt; text-align: justify; text-justify: inter-ideograph; direction: ltr; unicode-bidi: normal;\"><span class=\"Normal-H\"><span style=\"font-family: Arial;\"><img loading=\"lazy\" decoding=\"async\" class=\"\" src=\"http:\/\/www.adrianwood.ch\/wp-content\/uploads\/2018\/07\/1532959486_image4.jpeg\" data-link=\"\" width=\"350\" height=\"233\"><\/span><\/span><\/p>\n<\/td>\n<\/tr>\n<tr class=\"-R\">\n<td class=\"-C\" style=\"width: 481.4pt; border: none windowtext 0pt;\" colspan=\"2\">\n<p class=\"Normal-P\" style=\"margin-bottom: 6pt; text-align: justify; text-justify: inter-ideograph; direction: ltr; unicode-bidi: normal;\"><span class=\"Normal-H\"><span style=\"font-family: Arial;\">Endlich erreichen wir das historische Juwel: Das Hotel <\/span><span style=\"font-family: Arial;\">Weisshorn<\/span><span style=\"font-family: Arial;\">, im Jahre1882 an diesem sch\u00f6nen Aussichtspunkt auf 2337 <\/span><span style=\"font-family: Arial;\">m.\u00fc.M<\/span><span style=\"font-family: Arial;\">. von einem Engl\u00e4nder errichtet. Heute ist das stimmungsvolle Romantik Hotel im Sommer zu <\/span><span style=\"font-family: Arial;\">Fuss<\/span><span style=\"font-family: Arial;\"> oder mit dem Mountainbike und im Winter mit Schneeschuhen oder Tourenskis erreichbar. <\/span><\/span><\/p>\n<p class=\"Normal-P\" style=\"margin-bottom: 6pt; text-align: justify; text-justify: inter-ideograph; direction: ltr; unicode-bidi: normal;\"><span class=\"Normal-H\"><span style=\"font-family: Arial;\">Mit einem Ap\u00e9ro im wundersch\u00f6nen Hotelgarten in der Abendsonne lassen wir unseren phantastischen Wandertag ausklingen.<\/span><\/span><\/p>\n<p class=\"Normal-P\" style=\"margin-bottom: 6pt; text-align: justify; text-justify: inter-ideograph; direction: ltr; unicode-bidi: normal;\"><span class=\"Normal-H\"><span style=\"font-family: Arial;\">Herbert<\/span><\/span><\/p>\n<\/td>\n<\/tr>\n<p><!-- [if !supportMisalignedColumns]--><\/tbody>\n<\/table>\n<\/div>\n","protected":false},"excerpt":{"rendered":"<p>Teilbericht 8.7.2018, Lac d\u2019Armina 2562m nach Hotel Weisshorn Nach einem feinen Picknick auf dem Gipfel des Bella Tola mit herrlicher Aussicht in die Walliser Alpen steigen wir z\u00fcgig auf gleichem Weg bis zur Abzweigung Richtung Meidpass (ca. 2600 m) ab, wo wir einen kurzen Trinkhalt machen. Bald geht\u2019s aber weiter vorbei am eher kleinen Lac &hellip; <a href=\"https:\/\/www.adrianwood.ch\/?page_id=17124\" class=\"more-link\">Continue reading <span class=\"screen-reader-text\">07-08 Lac d\u2019Armina<\/span> <span class=\"meta-nav\">&rarr;<\/span><\/a><\/p>\n","protected":false},"author":1,"featured_media":0,"parent":17093,"menu_order":1398,"comment_status":"closed","ping_status":"closed","template":"","meta":{"ngg_post_thumbnail":0,"footnotes":""},"class_list":["post-17124","page","type-page","status-publish","hentry"],"_links":{"self":[{"href":"https:\/\/www.adrianwood.ch\/index.php?rest_route=\/wp\/v2\/pages\/17124","targetHints":{"allow":["GET"]}}],"collection":[{"href":"https:\/\/www.adrianwood.ch\/index.php?rest_route=\/wp\/v2\/pages"}],"about":[{"href":"https:\/\/www.adrianwood.ch\/index.php?rest_route=\/wp\/v2\/types\/page"}],"author":[{"embeddable":true,"href":"https:\/\/www.adrianwood.ch\/index.php?rest_route=\/wp\/v2\/users\/1"}],"replies":[{"embeddable":true,"href":"https:\/\/www.adrianwood.ch\/index.php?rest_route=%2Fwp%2Fv2%2Fcomments&post=17124"}],"version-history":[{"count":2,"href":"https:\/\/www.adrianwood.ch\/index.php?rest_route=\/wp\/v2\/pages\/17124\/revisions"}],"predecessor-version":[{"id":17130,"href":"https:\/\/www.adrianwood.ch\/index.php?rest_route=\/wp\/v2\/pages\/17124\/revisions\/17130"}],"up":[{"embeddable":true,"href":"https:\/\/www.adrianwood.ch\/index.php?rest_route=\/wp\/v2\/pages\/17093"}],"wp:attachment":[{"href":"https:\/\/www.adrianwood.ch\/index.php?rest_route=%2Fwp%2Fv2%2Fmedia&parent=17124"}],"curies":[{"name":"wp","href":"https:\/\/api.w.org\/{rel}","templated":true}]}}