{"id":17131,"date":"2018-07-30T14:11:08","date_gmt":"2018-07-30T14:11:08","guid":{"rendered":"http:\/\/www.adrianwood.ch\/?page_id=17131"},"modified":"2018-08-01T08:35:04","modified_gmt":"2018-08-01T08:35:04","slug":"07-09-zinal-hohenweg","status":"publish","type":"page","link":"https:\/\/www.adrianwood.ch\/?page_id=17131","title":{"rendered":"07-09 Zinal Hohenweg"},"content":{"rendered":"<div class=\"pmdi_content_wrapper\">\n<h2 class=\"Normal-P\" style=\"text-align: justify; text-justify: inter-ideograph; direction: ltr; unicode-bidi: normal;\"><span class=\"Normal-H\"><span style=\"font-family: Arial; font-weight: bold;\">9.<\/span><span style=\"font-family: Arial; font-weight: bold;\">7.<\/span><span style=\"font-family: Arial; font-weight: bold;\">2018<\/span><span style=\"font-family: Arial; font-weight: bold;\">, <\/span><span style=\"font-family: Arial; font-weight: bold;\">Hotel <\/span><span style=\"font-family: Arial; font-weight: bold;\">Weisshorn<\/span><span style=\"font-family: Arial; font-weight: bold;\"> &#8211; <\/span><span style=\"font-family: Arial; font-weight: bold;\">Zinal<\/span><\/span><\/h2>\n<p class=\"Normal-P\" style=\"margin-bottom: 6pt; text-align: justify; text-justify: inter-ideograph; direction: ltr; unicode-bidi: normal;\"><span class=\"Normal-H\"><span style=\"font-family: Arial;\">Wir durften heute etwas l\u00e4nger schlafen, denn die Gruppe mit Adrian wird erst gegen 10 Uhr eintreffen. So haben wir Zeit das gute Fr\u00fchst\u00fccksbuffet im sch\u00f6nen Hotelsaal zu <\/span><span style=\"font-family: Arial;\">geniessen<\/span><span style=\"font-family: Arial;\">. <\/span><\/span><\/p>\n<table class=\"TableGrid-T\" style=\"border-collapse: collapse;\" cellspacing=\"0\">\n<tbody>\n<tr class=\"-R\">\n<td class=\"-C\" style=\"width: 481.4pt; border: none windowtext 0pt;\" colspan=\"2\">\n<p class=\"Normal-P\" style=\"margin-bottom: 6pt; text-align: justify; text-justify: inter-ideograph; direction: ltr; unicode-bidi: normal;\"><span class=\"Normal-H\"><span style=\"font-family: Arial;\">Vor dem Weitermarsch g\u00f6nnen sich auch <\/span><span style=\"font-family: Arial;\">die eingetroffen KollegInnen<\/span><span style=\"font-family: Arial;\"> im sch\u00f6nen Hotelgarten noch einen Kaffee. <\/span><\/span><\/p>\n<\/td>\n<\/tr>\n<tr class=\"-R\">\n<td class=\"-C\" style=\"width: 240.7pt; border: none windowtext 0pt;\">\n<p class=\"Normal-P\" style=\"margin-bottom: 6pt; text-align: justify; text-justify: inter-ideograph; direction: ltr; unicode-bidi: normal;\"><span class=\"Normal-H\"><span style=\"font-family: Arial;\"><img loading=\"lazy\" decoding=\"async\" class=\"\" src=\"http:\/\/www.adrianwood.ch\/wp-content\/uploads\/2018\/07\/1532959754_image1.jpeg\" data-link=\"\" width=\"350\" height=\"234\"><\/span><\/span><\/p>\n<\/td>\n<td class=\"-C\" style=\"width: 240.7pt; border: none windowtext 0pt;\">\n<p class=\"Normal-P\" style=\"margin-bottom: 6pt; text-align: justify; text-justify: inter-ideograph; direction: ltr; unicode-bidi: normal;\"><span class=\"Normal-H\"><span style=\"font-family: Arial;\"><img loading=\"lazy\" decoding=\"async\" class=\"\" src=\"http:\/\/www.adrianwood.ch\/wp-content\/uploads\/2018\/07\/1532959754_image2.jpg\" data-link=\"\" width=\"350\" height=\"234\"><\/span><\/span><\/p>\n<\/td>\n<\/tr>\n<tr class=\"-R\">\n<td class=\"-C\" style=\"width: 481.4pt; border: none windowtext 0pt;\" colspan=\"2\">\n<p class=\"Normal-P\" style=\"margin-bottom: 6pt; text-align: justify; text-justify: inter-ideograph; direction: ltr; unicode-bidi: normal;\"><span class=\"Normal-H\"><span style=\"font-family: Arial;\">Dann wird die Wanderung in Richtung S\u00fcden fortgesetzt und f\u00fchrt hoch \u00fcber dem Val <\/span><span style=\"font-family: Arial;\">d\u2019Anniviers<\/span><span style=\"font-family: Arial;\"> ins Val de <\/span><span style=\"font-family: Arial;\">Zinal<\/span><span style=\"font-family: Arial;\">. Die \u00ab<\/span><span style=\"font-family: Arial;\">Couronne<\/span><span style=\"font-family: Arial;\">Imp\u00e9riale<\/span><span style=\"font-family: Arial;\"> \u00bb thront nun mit ihren f\u00fcnf Viertausendern vor uns. Die umliegenden Gletscher runden den tollen Ausblick am <\/span><span style=\"font-family: Arial;\">Talende<\/span><span style=\"font-family: Arial;\"> ab. Zum Ende der Wanderung folgt ein steiler Abstieg nach <\/span><span style=\"font-family: Arial;\">Zinal<\/span><span style=\"font-family: Arial;\">. Das Dorf ist ebenfalls Zielort des ber\u00fchmten Berglaufs Sierre-<\/span><span style=\"font-family: Arial;\">Zinal<\/span><span style=\"font-family: Arial;\">, auch bekannt als Lauf der f\u00fcnf 4000er. <\/span><\/span><\/p>\n<\/td>\n<\/tr>\n<tr class=\"-R\">\n<td class=\"-C\" style=\"width: 240.7pt; border: none windowtext 0pt;\">\n<p class=\"Normal-P\" style=\"margin-bottom: 6pt; text-align: justify; text-justify: inter-ideograph; direction: ltr; unicode-bidi: normal;\"><span class=\"Normal-H\"><span style=\"font-family: Arial;\"><img loading=\"lazy\" decoding=\"async\" class=\"\" src=\"http:\/\/www.adrianwood.ch\/wp-content\/uploads\/2018\/07\/1532959754_image3.jpeg\" data-link=\"\" width=\"350\" height=\"234\"><\/span><\/span><\/p>\n<\/td>\n<td class=\"-C\" style=\"width: 240.7pt; border: none windowtext 0pt;\">\n<p class=\"Normal-P\" style=\"margin-bottom: 6pt; text-align: justify; text-justify: inter-ideograph; direction: ltr; unicode-bidi: normal;\"><span class=\"Normal-H\"><span style=\"font-family: Arial;\"><img loading=\"lazy\" decoding=\"async\" class=\"\" src=\"http:\/\/www.adrianwood.ch\/wp-content\/uploads\/2018\/07\/1532959754_image4.jpeg\" data-link=\"\" width=\"350\" height=\"234\"><\/span><\/span><\/p>\n<\/td>\n<\/tr>\n<tr class=\"-R\">\n<td class=\"-C\" style=\"width: 240.7pt; border: none windowtext 0pt;\">\n<p class=\"Normal-P\" style=\"margin-bottom: 6pt; text-align: justify; text-justify: inter-ideograph; direction: ltr; unicode-bidi: normal;\"><span class=\"Normal-H\"><span style=\"font-family: Arial;\"><img loading=\"lazy\" decoding=\"async\" class=\"\" src=\"http:\/\/www.adrianwood.ch\/wp-content\/uploads\/2018\/07\/1532959754_image5.jpeg\" data-link=\"\" width=\"350\" height=\"234\"><\/span><\/span><\/p>\n<\/td>\n<td class=\"-C\" style=\"width: 240.7pt; border: none windowtext 0pt;\">\n<p class=\"Normal-P\" style=\"margin-bottom: 6pt; text-align: justify; text-justify: inter-ideograph; direction: ltr; unicode-bidi: normal;\"><span class=\"Normal-H\"><span style=\"font-family: Arial;\"><img loading=\"lazy\" decoding=\"async\" class=\"\" src=\"http:\/\/www.adrianwood.ch\/wp-content\/uploads\/2018\/07\/1532959754_image6.jpeg\" data-link=\"\" width=\"350\" height=\"234\"><\/span><\/span><\/p>\n<\/td>\n<\/tr>\n<tr class=\"-R\">\n<td class=\"-C\" style=\"width: 481.4pt; border: none windowtext 0pt;\" colspan=\"2\">\n<p class=\"Normal-P\" style=\"margin-bottom: 6pt; text-align: justify; text-justify: inter-ideograph; direction: ltr; unicode-bidi: normal;\"><span class=\"Normal-H\"><span style=\"font-family: Arial;\">Nach einem k\u00fchlen Bier oder einer Abk\u00fchlung mit einem <\/span><span style=\"font-family: Arial;\">Glacest\u00e4ngel<\/span><span style=\"font-family: Arial;\">besteigen wir das eintreffende Postauto nach Sierre.<\/span><\/span><\/p>\n<p class=\"Normal-P\" style=\"text-align: justify; text-justify: inter-ideograph; direction: ltr; unicode-bidi: normal;\"><span class=\"Normal-H\"><span style=\"font-family: Arial;\">Herbert<\/span><\/span><\/p>\n<h3><strong>Die Blumen<\/strong><\/h3>\n<p>ngg_shortcode_0_placeholder<\/td>\n<\/tr>\n<p><!-- [if !supportMisalignedColumns]--><\/tbody>\n<\/table>\n<\/div>\n","protected":false},"excerpt":{"rendered":"<p>9.7.2018, Hotel Weisshorn &#8211; Zinal Wir durften heute etwas l\u00e4nger schlafen, denn die Gruppe mit Adrian wird erst gegen 10 Uhr eintreffen. So haben wir Zeit das gute Fr\u00fchst\u00fccksbuffet im sch\u00f6nen Hotelsaal zu geniessen. Vor dem Weitermarsch g\u00f6nnen sich auch die eingetroffen KollegInnen im sch\u00f6nen Hotelgarten noch einen Kaffee. Dann wird die Wanderung in Richtung &hellip; <a href=\"https:\/\/www.adrianwood.ch\/?page_id=17131\" class=\"more-link\">Continue reading <span class=\"screen-reader-text\">07-09 Zinal Hohenweg<\/span> <span class=\"meta-nav\">&rarr;<\/span><\/a><\/p>\n","protected":false},"author":1,"featured_media":0,"parent":17093,"menu_order":1399,"comment_status":"closed","ping_status":"closed","template":"","meta":{"ngg_post_thumbnail":0,"footnotes":""},"class_list":["post-17131","page","type-page","status-publish","hentry"],"_links":{"self":[{"href":"https:\/\/www.adrianwood.ch\/index.php?rest_route=\/wp\/v2\/pages\/17131","targetHints":{"allow":["GET"]}}],"collection":[{"href":"https:\/\/www.adrianwood.ch\/index.php?rest_route=\/wp\/v2\/pages"}],"about":[{"href":"https:\/\/www.adrianwood.ch\/index.php?rest_route=\/wp\/v2\/types\/page"}],"author":[{"embeddable":true,"href":"https:\/\/www.adrianwood.ch\/index.php?rest_route=\/wp\/v2\/users\/1"}],"replies":[{"embeddable":true,"href":"https:\/\/www.adrianwood.ch\/index.php?rest_route=%2Fwp%2Fv2%2Fcomments&post=17131"}],"version-history":[{"count":4,"href":"https:\/\/www.adrianwood.ch\/index.php?rest_route=\/wp\/v2\/pages\/17131\/revisions"}],"predecessor-version":[{"id":17239,"href":"https:\/\/www.adrianwood.ch\/index.php?rest_route=\/wp\/v2\/pages\/17131\/revisions\/17239"}],"up":[{"embeddable":true,"href":"https:\/\/www.adrianwood.ch\/index.php?rest_route=\/wp\/v2\/pages\/17093"}],"wp:attachment":[{"href":"https:\/\/www.adrianwood.ch\/index.php?rest_route=%2Fwp%2Fv2%2Fmedia&parent=17131"}],"curies":[{"name":"wp","href":"https:\/\/api.w.org\/{rel}","templated":true}]}}