{"id":17250,"date":"2018-09-01T09:49:51","date_gmt":"2018-09-01T09:49:51","guid":{"rendered":"http:\/\/www.adrianwood.ch\/?page_id=17250"},"modified":"2018-09-01T10:44:56","modified_gmt":"2018-09-01T10:44:56","slug":"08-11-taschalp","status":"publish","type":"page","link":"https:\/\/www.adrianwood.ch\/?page_id=17250","title":{"rendered":"08-11 T\u00e4schalp"},"content":{"rendered":"<div class=\"pmdi_content_wrapper\">\n<p class=\"Normal-P\" style=\"margin-bottom: 6pt; text-align: justify; text-justify: inter-ideograph; direction: ltr; unicode-bidi: normal;\"><span class=\"Normal-H\"><span style=\"font-family: Arial; font-weight: bold;\">11.August, <\/span><span style=\"font-family: Arial; font-weight: bold;\">Sunnegga<\/span><span style=\"font-family: Arial; font-weight: bold;\"> \u2013 <\/span><span style=\"font-family: Arial; font-weight: bold;\">T\u00e4schalp<\/span><\/span><\/p>\n<p class=\"Normal-P\" style=\"margin-bottom: 6pt; text-align: justify; text-justify: inter-ideograph; direction: ltr; unicode-bidi: normal;\"><span class=\"Normal-H\"><span style=\"font-family: Arial;\">Bei der Hinreise nach Zermatt waren wir bis Visp 11 Teilnehmer, danach nur 10. Jemand hatte in Visp die Toilette aufgesucht und anschliessend vom Zug nach Zermatt nur noch die R\u00fccklichter gesehen. Doch schon bei der Ras<\/span><span style=\"font-family: Arial;\">t in <\/span><span style=\"font-family: Arial;\">Tufteren<\/span><span style=\"font-family: Arial;\"> traf man sich wieder.<\/span><\/span><\/p>\n<table class=\"TableGrid-T\" style=\"border-collapse: collapse;\" cellspacing=\"0\">\n<tbody>\n<tr class=\"-R\">\n<td class=\"-C\" style=\"width: 481.4pt; border: none windowtext 0pt;\" colspan=\"2\"><\/td>\n<\/tr>\n<tr class=\"-R\">\n<td class=\"-C\" style=\"width: 240.55pt; border: none windowtext 0pt;\">\n<p class=\"Normal-P\" style=\"margin-bottom: 6pt; text-align: justify; text-justify: inter-ideograph; direction: ltr; unicode-bidi: normal;\"><span class=\"Normal-H\"><span style=\"font-family: Arial;\"><img loading=\"lazy\" decoding=\"async\" class=\"\" src=\"http:\/\/www.adrianwood.ch\/wp-content\/uploads\/2018\/09\/1535795365_image1.jpeg\" data-link=\"\" width=\"350\" height=\"234\"><\/span><\/span><\/p>\n<\/td>\n<td class=\"-C\" style=\"width: 240.85pt; border: none windowtext 0pt;\">\n<p class=\"Normal-P\" style=\"margin-bottom: 6pt; text-align: justify; text-justify: inter-ideograph; direction: ltr; unicode-bidi: normal;\"><span class=\"Normal-H\"><span style=\"font-family: Arial;\"><img loading=\"lazy\" decoding=\"async\" class=\"\" src=\"http:\/\/www.adrianwood.ch\/wp-content\/uploads\/2018\/09\/1535795365_image2.jpeg\" data-link=\"\" width=\"350\" height=\"233\"><\/span><\/span><\/p>\n<\/td>\n<\/tr>\n<tr class=\"-R\">\n<td class=\"-C\" style=\"width: 481.4pt; border: none windowtext 0pt;\" colspan=\"2\">\n<p class=\"Normal-P\" style=\"margin-bottom: 6pt; text-align: justify; text-justify: inter-ideograph; direction: ltr; unicode-bidi: normal;\"><span class=\"Normal-H\"><span style=\"font-family: Arial;\">Im Zug nach Zermatt reisten wir mit festlich gekleideten S\u00e4ngern und S\u00e4ngerinnen die beim 50. Folklorefestival Zermatt\/<\/span><span style=\"font-family: Arial;\">Land&amp;Musi<\/span><span style=\"font-family: Arial;\"> aktiv dabei sein wollten. Die Gruppe -zu ihr z\u00e4hlten auch Kinder in schmucken Trachten- war nicht nur h\u00fcbsch anzusehen, nein, sie boten den Reisenden im \u00fcberf\u00fcllten Zug musikalische Kostproben. <\/span><\/span><\/p>\n<\/td>\n<\/tr>\n<tr class=\"-R\">\n<td class=\"-C\" style=\"width: 240.55pt; border: none windowtext 0pt;\">\n<p class=\"Normal-P\" style=\"margin-bottom: 6pt; text-align: justify; text-justify: inter-ideograph; direction: ltr; unicode-bidi: normal;\"><span class=\"Normal-H\"><span style=\"font-family: Arial;\"><img loading=\"lazy\" decoding=\"async\" class=\"\" src=\"http:\/\/www.adrianwood.ch\/wp-content\/uploads\/2018\/09\/1535795365_image3.jpeg\" data-link=\"\" width=\"350\" height=\"234\"><\/span><\/span><\/p>\n<\/td>\n<td class=\"-C\" style=\"width: 240.85pt; border: none windowtext 0pt;\">\n<p class=\"Normal-P\" style=\"margin-bottom: 6pt; text-align: justify; text-justify: inter-ideograph; direction: ltr; unicode-bidi: normal;\"><span class=\"Normal-H\"><span style=\"font-family: Arial;\"><img loading=\"lazy\" decoding=\"async\" class=\"\" src=\"http:\/\/www.adrianwood.ch\/wp-content\/uploads\/2018\/09\/1535795365_image4.jpeg\" data-link=\"\" width=\"350\" height=\"233\"><\/span><\/span><\/p>\n<\/td>\n<\/tr>\n<tr class=\"-R\">\n<td class=\"-C\" style=\"width: 481.4pt; border: none windowtext 0pt;\" colspan=\"2\">\n<p class=\"Normal-P\" style=\"margin-bottom: 6pt; text-align: justify; text-justify: inter-ideograph; direction: ltr; unicode-bidi: normal;\"><span class=\"Normal-H\"><span style=\"font-family: Arial;\">In Zermatt angekommen fl\u00fcchteten wir regelrecht um der Masse Menschen zu entkommen, strebten der Bahn zu, die uns in hoher Geschwindigkeit auf <\/span><span style=\"font-family: Arial;\">Sunnegga<\/span><span style=\"font-family: Arial;\"> brachte. Freudvoll wanderten wir bis zum ersten Halt mit Einkehrschwung in <\/span><span style=\"font-family: Arial;\">Tufteren<\/span><span style=\"font-family: Arial;\"> und g\u00f6nnten uns erfrischende Getr\u00e4nke, Kuchen, K\u00e4seplatte etc. <\/span><\/span><\/p>\n<\/td>\n<\/tr>\n<tr class=\"-R\">\n<td class=\"-C\" style=\"width: 240.55pt; border: none windowtext 0pt;\">\n<p class=\"Normal-P\" style=\"margin-bottom: 6pt; text-align: justify; text-justify: inter-ideograph; direction: ltr; unicode-bidi: normal;\"><span class=\"Normal-H\"><span style=\"font-family: Arial;\"><img loading=\"lazy\" decoding=\"async\" class=\"\" src=\"http:\/\/www.adrianwood.ch\/wp-content\/uploads\/2018\/09\/1535795365_image5.jpeg\" data-link=\"\" width=\"350\" height=\"234\"><\/span><\/span><\/p>\n<\/td>\n<td class=\"-C\" style=\"width: 240.85pt; border: none windowtext 0pt;\">\n<p class=\"Normal-P\" style=\"margin-bottom: 6pt; text-align: justify; text-justify: inter-ideograph; direction: ltr; unicode-bidi: normal;\"><span class=\"Normal-H\"><span style=\"font-family: Arial;\"><img loading=\"lazy\" decoding=\"async\" class=\"\" src=\"http:\/\/www.adrianwood.ch\/wp-content\/uploads\/2018\/09\/1535795365_image6.jpeg\" data-link=\"\" width=\"350\" height=\"233\"><\/span><\/span><\/p>\n<\/td>\n<\/tr>\n<tr class=\"-R\">\n<td class=\"-C\" style=\"width: 481.4pt; border: none windowtext 0pt;\" colspan=\"2\">\n<p class=\"Normal-P\" style=\"margin-bottom: 6pt; text-align: justify; text-justify: inter-ideograph; direction: ltr; unicode-bidi: normal;\"><span class=\"Normal-H\"><span style=\"font-family: Arial;\">Der Blick zum Matterhorn \u00e4nderte sich je nach Wegf\u00fchrung immer wieder und bewahrte seine Faszination den ganzen Tag. Wie ein grosses Duvet lag die weisse Wolke zwischen Breithorn und Matterhorn.<\/span><\/span><\/p>\n<\/td>\n<\/tr>\n<tr class=\"-R\">\n<td class=\"-C\" style=\"width: 240.55pt; border: none windowtext 0pt;\">\n<p class=\"Normal-P\" style=\"margin-bottom: 6pt; text-align: justify; text-justify: inter-ideograph; direction: ltr; unicode-bidi: normal;\"><span class=\"Normal-H\"><span style=\"font-family: Arial;\"><img loading=\"lazy\" decoding=\"async\" class=\"\" src=\"http:\/\/www.adrianwood.ch\/wp-content\/uploads\/2018\/09\/1535795365_image7.jpeg\" data-link=\"\" width=\"350\" height=\"234\"><\/span><\/span><\/p>\n<\/td>\n<td class=\"-C\" style=\"width: 240.85pt; border: none windowtext 0pt;\">\n<p class=\"Normal-P\" style=\"margin-bottom: 6pt; text-align: justify; text-justify: inter-ideograph; direction: ltr; unicode-bidi: normal;\"><span class=\"Normal-H\"><span style=\"font-family: Arial;\"><img loading=\"lazy\" decoding=\"async\" class=\"\" src=\"http:\/\/www.adrianwood.ch\/wp-content\/uploads\/2018\/09\/1535795365_image8.jpeg\" data-link=\"\" width=\"350\" height=\"233\"><\/span><\/span><\/p>\n<\/td>\n<\/tr>\n<tr class=\"-R\">\n<td class=\"-C\" style=\"width: 481.4pt; border: none windowtext 0pt;\" colspan=\"2\">\n<p class=\"Normal-P\" style=\"margin-bottom: 6pt; text-align: justify; text-justify: inter-ideograph; direction: ltr; unicode-bidi: normal;\"><span class=\"Normal-H\"><span style=\"font-family: Arial;\">Auf den ca. 10 km zur <\/span><span style=\"font-family: Arial;\">T\u00e4schalp<\/span><span style=\"font-family: Arial;\"> bewegten wir uns auf 2340 m. Bei der sch\u00f6n gelegenen Alp ergab sich die Gelegenheit, ein Murmeltier recht naher der Siedlung beobachten zu k\u00f6nnen. Quartierbezug in der Europawegh\u00fctte auf der <\/span><span style=\"font-family: Arial;\">T\u00e4schalp<\/span><span style=\"font-family: Arial;\">.<\/span><\/span><\/p>\n<p class=\"Normal-P\" style=\"margin-bottom: 6pt; text-align: justify; text-justify: inter-ideograph; direction: ltr; unicode-bidi: normal;\"><span class=\"Normal-H\"><span style=\"font-family: Arial;\">Das Massenlager war sehr beengt. Einige unserer Gruppe dachten, sich im anderen Schlafraum einquartieren zu k\u00f6nnen, was f\u00fcr alle Beteiligten bequemer gewesen w\u00e4re. Doch nein, die Bewirtschafterin der H\u00fctte bestand am sp\u00e4ten Abend energisch darauf, dass unsere Gruppe in einem Raum zu n\u00e4chtigen habe. Alsdann begann das grosse Umbiegen all dessen, was verstreut umherlag. Am n\u00e4chsten Morgen sah es f\u00fcr mich so aus, als lagerte im Gang und auf der Treppe mehr Material von uns als im Zimmer selber.<\/span><\/span><\/p>\n<\/td>\n<\/tr>\n<tr class=\"-R\">\n<td class=\"-C\" style=\"width: 240.55pt; border: none windowtext 0pt;\">\n<p class=\"Normal-P\" style=\"margin-bottom: 6pt; text-align: justify; text-justify: inter-ideograph; direction: ltr; unicode-bidi: normal;\"><span class=\"Normal-H\"><span style=\"font-family: Arial;\"><img loading=\"lazy\" decoding=\"async\" class=\"\" src=\"http:\/\/www.adrianwood.ch\/wp-content\/uploads\/2018\/09\/1535795365_image9.jpeg\" data-link=\"\" width=\"350\" height=\"234\"><\/span><\/span><\/p>\n<\/td>\n<td class=\"-C\" style=\"width: 240.85pt; border: none windowtext 0pt;\">\n<p class=\"Normal-P\" style=\"margin-bottom: 6pt; text-align: justify; text-justify: inter-ideograph; direction: ltr; unicode-bidi: normal;\"><span class=\"Normal-H\"><span style=\"font-family: Arial;\"><img loading=\"lazy\" decoding=\"async\" class=\"\" src=\"http:\/\/www.adrianwood.ch\/wp-content\/uploads\/2018\/09\/1535795365_image10.jpeg\" data-link=\"\" width=\"350\" height=\"233\"><\/span><\/span><\/p>\n<\/td>\n<\/tr>\n<tr class=\"-R\">\n<td class=\"-C\" style=\"width: 481.4pt; border: none windowtext 0pt;\" colspan=\"2\">\n<p class=\"Normal-P\" style=\"margin-bottom: 6pt; text-align: justify; text-justify: inter-ideograph; direction: ltr; unicode-bidi: normal;\"><span class=\"Normal-H\"><span style=\"font-family: Arial;\">Das auf 18 h festgelegte Nachtessen konnten wir noch bei Sonnenschein draussen vor der H\u00fctte einnehmen, doch langsam schlich sich die K\u00fchle des Abends an uns heran, ein Pulli, eine Jacke waren gefragt.<\/span><\/span><\/p>\n<p class=\"Normal-P\" style=\"margin-bottom: 6pt; text-align: justify; text-justify: inter-ideograph; direction: ltr; unicode-bidi: normal;\"><span class=\"Normal-H\"><span style=\"font-family: Arial;\">Beim anschliessenden Spaziergang kamen wir gerade hinzu, als ca. 50 K\u00fche auf die Weide geschickt wurden wo sie sich w\u00e4hrend der Nacht frisches Gras fressen w\u00fcrden. Auch auf der <\/span><span style=\"font-family: Arial;\">T\u00e4schalp<\/span><span style=\"font-family: Arial;\"> sah man den Wiesen die Spuren des heissen Sommers an. Damit die dort gastierenden Rinder gen\u00fcgend Futter finden, wird die Weide ununterbrochen bew\u00e4ssert.<\/span><\/span><\/p>\n<\/td>\n<\/tr>\n<tr class=\"-R\">\n<td class=\"-C\" style=\"width: 240.55pt; border: none windowtext 0pt;\">\n<p class=\"Normal-P\" style=\"margin-bottom: 6pt; text-align: justify; text-justify: inter-ideograph; direction: ltr; unicode-bidi: normal;\"><span class=\"Normal-H\"><span style=\"font-family: Arial;\"><img loading=\"lazy\" decoding=\"async\" class=\"\" src=\"http:\/\/www.adrianwood.ch\/wp-content\/uploads\/2018\/09\/1535795365_image11.jpeg\" data-link=\"\" width=\"350\" height=\"234\"><\/span><\/span><\/p>\n<\/td>\n<td class=\"-C\" style=\"width: 240.85pt; border: none windowtext 0pt;\">\n<p class=\"Normal-P\" style=\"margin-bottom: 6pt; text-align: justify; text-justify: inter-ideograph; direction: ltr; unicode-bidi: normal;\"><span class=\"Normal-H\"><span style=\"font-family: Arial;\"><img loading=\"lazy\" decoding=\"async\" class=\"\" src=\"http:\/\/www.adrianwood.ch\/wp-content\/uploads\/2018\/09\/1535795365_image12.jpeg\" data-link=\"\" width=\"350\" height=\"233\"><\/span><\/span><\/p>\n<\/td>\n<\/tr>\n<tr class=\"-R\">\n<td class=\"-C\" style=\"width: 481.4pt; border: none windowtext 0pt;\" colspan=\"2\">\n<p class=\"Normal-P\" style=\"margin-bottom: 6pt; text-align: justify; text-justify: inter-ideograph; direction: ltr; unicode-bidi: normal;\"><span class=\"Normal-H\"><span style=\"font-family: Arial;\">Bevor wir uns zur Ruhe legten sah man in der H\u00fctte noch 3 junge M\u00e4nner bei der Auslegeordnung ihrer Utensilien f\u00fcr die geplante Besteigung des Matterhorns von der italienischen Seite aus. Ob ihnen das Wetter hold war und sie ihr Ziel erreicht <\/span><span style=\"font-family: Arial;\">haben\u2026.<\/span><span style=\"font-family: Arial;\">?<\/span><\/span><\/p>\n<p class=\"Normal-P\" style=\"margin-bottom: 6pt; text-align: justify; text-justify: inter-ideograph; direction: ltr; unicode-bidi: normal;\"><span class=\"Normal-H\"><span style=\"font-family: Arial;\">Die Verpflegung f\u00fcr die Wanderung tr\u00e4gt jeder in seinem Rucksack mit sich. Es wird gut sein, die Esswaren \u00fcber Nacht neben eine Blumenkiste auf die Fensterbank im 1. Stock der H\u00fctte zu legen; so dachte ein Teilnehmer unserer Gruppe. Am n\u00e4chsten Morgen war von der Ration nichts mehr da. Offenbar hatte ein dort bereits bekannter Fuchs \u2013er klaut sehr gerne <\/span><span style=\"font-family: Arial;\">Wanderschuhe!-<\/span><span style=\"font-family: Arial;\"> alles gestohlen. Kartoffelnussbrot, Schinken, Ei, Apfel, all das hat er sicher hastig verschlungen doch die gesch\u00e4digte Person musste sich in der H\u00fctte <\/span><span style=\"font-family: Arial;\">einen Sandwich<\/span><span style=\"font-family: Arial;\"> f\u00fcr die Tagesverpflegung machen lassen.<\/span><\/span><\/p>\n<p class=\"Normal-P\" style=\"margin-bottom: 6pt; text-align: justify; text-justify: inter-ideograph; direction: ltr; unicode-bidi: normal;\"><span class=\"Normal-H\"><span style=\"font-family: Arial;\">Kam der Fuchs am Sonntag als Dieb, oder war es schon Montag? Man weiss es nicht und somit ist nicht klar, welcher Schreiberling das Thema in seinem Bericht erw\u00e4hnen sollte. <\/span><\/span><\/p>\n<p class=\"Normal-P\" style=\"margin-bottom: 6pt; text-align: justify; text-justify: inter-ideograph; direction: ltr; unicode-bidi: normal;\"><span class=\"Normal-H\"><span style=\"font-family: Arial;\">Anne<\/span><\/span><\/p>\n<\/td>\n<\/tr>\n<p><!-- [if !supportMisalignedColumns]--><\/tbody>\n<\/table>\n<\/div>\n","protected":false},"excerpt":{"rendered":"<p>11.August, Sunnegga \u2013 T\u00e4schalp Bei der Hinreise nach Zermatt waren wir bis Visp 11 Teilnehmer, danach nur 10. Jemand hatte in Visp die Toilette aufgesucht und anschliessend vom Zug nach Zermatt nur noch die R\u00fccklichter gesehen. Doch schon bei der Rast in Tufteren traf man sich wieder. Im Zug nach Zermatt reisten wir mit festlich &hellip; <a href=\"https:\/\/www.adrianwood.ch\/?page_id=17250\" class=\"more-link\">Continue reading <span class=\"screen-reader-text\">08-11 T\u00e4schalp<\/span> <span class=\"meta-nav\">&rarr;<\/span><\/a><\/p>\n","protected":false},"author":1,"featured_media":0,"parent":17243,"menu_order":1401,"comment_status":"closed","ping_status":"closed","template":"","meta":{"ngg_post_thumbnail":0,"footnotes":""},"class_list":["post-17250","page","type-page","status-publish","hentry"],"_links":{"self":[{"href":"https:\/\/www.adrianwood.ch\/index.php?rest_route=\/wp\/v2\/pages\/17250","targetHints":{"allow":["GET"]}}],"collection":[{"href":"https:\/\/www.adrianwood.ch\/index.php?rest_route=\/wp\/v2\/pages"}],"about":[{"href":"https:\/\/www.adrianwood.ch\/index.php?rest_route=\/wp\/v2\/types\/page"}],"author":[{"embeddable":true,"href":"https:\/\/www.adrianwood.ch\/index.php?rest_route=\/wp\/v2\/users\/1"}],"replies":[{"embeddable":true,"href":"https:\/\/www.adrianwood.ch\/index.php?rest_route=%2Fwp%2Fv2%2Fcomments&post=17250"}],"version-history":[{"count":4,"href":"https:\/\/www.adrianwood.ch\/index.php?rest_route=\/wp\/v2\/pages\/17250\/revisions"}],"predecessor-version":[{"id":17355,"href":"https:\/\/www.adrianwood.ch\/index.php?rest_route=\/wp\/v2\/pages\/17250\/revisions\/17355"}],"up":[{"embeddable":true,"href":"https:\/\/www.adrianwood.ch\/index.php?rest_route=\/wp\/v2\/pages\/17243"}],"wp:attachment":[{"href":"https:\/\/www.adrianwood.ch\/index.php?rest_route=%2Fwp%2Fv2%2Fmedia&parent=17250"}],"curies":[{"name":"wp","href":"https:\/\/api.w.org\/{rel}","templated":true}]}}