{"id":17272,"date":"2018-09-01T09:53:45","date_gmt":"2018-09-01T09:53:45","guid":{"rendered":"http:\/\/www.adrianwood.ch\/?page_id=17272"},"modified":"2018-09-01T13:57:34","modified_gmt":"2018-09-01T13:57:34","slug":"08-12-hangebrucke","status":"publish","type":"page","link":"https:\/\/www.adrianwood.ch\/?page_id=17272","title":{"rendered":"08-12 H\u00e4ngebr\u00fccke"},"content":{"rendered":"<div class=\"pmdi_content_wrapper\">\n<p class=\"Normal-P\" style=\"margin-bottom: 6pt; text-align: justify; text-justify: inter-ideograph; direction: ltr; unicode-bidi: normal;\"><span class=\"Normal-H\"><span style=\"font-family: Arial; font-weight: bold;\">12<\/span><span style=\"font-family: Arial; font-weight: bold;\">.August,<\/span><span style=\"font-family: Arial; font-weight: bold;\"> H\u00e4ngebr\u00fccke \u2013 Europah\u00fctte<\/span><\/span><\/p>\n<table class=\"TableGrid-T\" style=\"border-collapse: collapse;\" cellspacing=\"0\">\n<tbody>\n<tr class=\"-R\">\n<td class=\"-C\" style=\"width: 481.4pt; border: none windowtext 0pt;\" colspan=\"2\">\n<p class=\"Normal-P\" style=\"margin-bottom: 6pt; text-align: justify; text-justify: inter-ideograph; direction: ltr; unicode-bidi: normal;\"><span class=\"Normal-H\"><span style=\"font-family: Arial;\">Nach<\/span><span style=\"font-family: Arial;\"> Springelboden kommt<\/span><span style=\"font-family: Arial;\"> ein sehr eindrucksvoller aber auch eher gef\u00e4hrlicher Wegabschnitt. Man quert dann weit unte<\/span><span style=\"font-family: Arial;\">n die Br\u00fccke, um auf der anderen Seite in gleichen Terrain wieder aufzusteigen. Hier befindet sich die Abzweigung zur <\/span><span style=\"font-family: Arial;\">Kinh\u00fctte<\/span><span style=\"font-family: Arial;\">, <\/span><span style=\"font-family: Arial;\">Wildkin<\/span><span style=\"font-family: Arial;\"> 2225m. Gerade hier bl\u00fchen etliche Edelweisse auf dem alpinen Rasen!<\/span><\/span><\/p>\n<\/td>\n<\/tr>\n<tr class=\"-R\">\n<td class=\"-C\" style=\"width: 241.3pt; border: none windowtext 0pt;\">\n<p class=\"Normal-P\" style=\"margin-bottom: 6pt; text-align: justify; text-justify: inter-ideograph; direction: ltr; unicode-bidi: normal;\"><span class=\"Normal-H\"><span style=\"font-family: Arial;\"><img loading=\"lazy\" decoding=\"async\" class=\"\" src=\"http:\/\/www.adrianwood.ch\/wp-content\/uploads\/2018\/09\/1535795604_image1.jpeg\" data-link=\"\" width=\"350\" height=\"233\"><\/span><\/span><\/p>\n<\/td>\n<td class=\"-C\" style=\"width: 240.1pt; border: none windowtext 0pt;\">\n<p class=\"Normal-P\" style=\"margin-bottom: 6pt; text-align: justify; text-justify: inter-ideograph; direction: ltr; unicode-bidi: normal;\"><span class=\"Normal-H\"><span style=\"font-family: Arial;\"><img loading=\"lazy\" decoding=\"async\" class=\"\" src=\"http:\/\/www.adrianwood.ch\/wp-content\/uploads\/2018\/09\/1535795604_image2.jpeg\" data-link=\"\" width=\"350\" height=\"234\"><\/span><\/span><\/p>\n<\/td>\n<\/tr>\n<tr class=\"-R\">\n<td class=\"-C\" style=\"width: 481.4pt; border: none windowtext 0pt;\" colspan=\"2\">\n<p class=\"Normal-P\" style=\"margin-bottom: 6pt; text-align: justify; text-justify: inter-ideograph; direction: ltr; unicode-bidi: normal;\"><span class=\"Normal-H\"><span style=\"font-family: Arial;\">W<\/span><span style=\"font-family: Arial;\">i<\/span><span style=\"font-family: Arial;\">r gehen nun wieder in einem steilen Hang unter fast drohenden Felsw\u00e4nden und m\u00fcssen oder eher d\u00fcrfen durch einen Tunnel gehen! Weiter bewegen wir uns unter senkrechten Felsen auf dem schmalen Pfad. Auch hier sind Seile montiert. Endlich kommt wieder eine leichtere Passage, wor\u00fcber ich froh bin. Um 13.14h sind wir an einem Wegweiser angelangt. Hier k\u00f6nnte man nach Randa absteigen oder eben weiter zur H\u00e4ngebr\u00fccke laufen, was wir auch tun. Dies bedingt ein Abstieg im gr\u00fcnen Bergwald.<\/span><\/span><\/p>\n<\/td>\n<\/tr>\n<tr class=\"-R\">\n<td class=\"-C\" style=\"width: 241.3pt; border: none windowtext 0pt;\">\n<p class=\"Normal-P\" style=\"margin-bottom: 6pt; text-align: justify; text-justify: inter-ideograph; direction: ltr; unicode-bidi: normal;\"><span class=\"Normal-H\"><span style=\"font-family: Arial;\"><img loading=\"lazy\" decoding=\"async\" class=\"\" src=\"http:\/\/www.adrianwood.ch\/wp-content\/uploads\/2018\/09\/1535795604_image3.jpeg\" data-link=\"\" width=\"350\" height=\"233\"><\/span><\/span><\/p>\n<\/td>\n<td class=\"-C\" style=\"width: 240.1pt; border: none windowtext 0pt;\">\n<p class=\"Normal-P\" style=\"margin-bottom: 6pt; text-align: justify; text-justify: inter-ideograph; direction: ltr; unicode-bidi: normal;\"><span class=\"Normal-H\"><span style=\"font-family: Arial;\"><img loading=\"lazy\" decoding=\"async\" class=\"\" src=\"http:\/\/www.adrianwood.ch\/wp-content\/uploads\/2018\/09\/1535795604_image4.jpeg\" data-link=\"\" width=\"350\" height=\"234\"><\/span><\/span><\/p>\n<\/td>\n<\/tr>\n<tr class=\"-R\">\n<td class=\"-C\" style=\"width: 481.4pt; border: none windowtext 0pt;\" colspan=\"2\">\n<p class=\"Normal-P\" style=\"margin-bottom: 6pt; text-align: justify; text-justify: inter-ideograph; direction: ltr; unicode-bidi: normal;\"><span class=\"Normal-H\"><span style=\"font-family: Arial;\">Pl\u00f6tzlich hat es viele Leute auf dem Weg. Wir befinden uns bei der neuen Charles <\/span><span style=\"font-family: Arial;\">Kuonen<\/span><span style=\"font-family: Arial;\"> H\u00e4ngebr\u00fccke.<\/span><span style=\"font-family: Arial;\">Es ist 13.50h. Hier verabschiedet sich Jean-Fran\u00e7ois, der wegen grossen Knieproblemen nicht mehr mitwandern kann. Auch Anne nimmt den Weg nach Randa.<\/span><\/span><\/p>\n<\/td>\n<\/tr>\n<tr class=\"-R\">\n<td class=\"-C\" style=\"width: 241.3pt; border: none windowtext 0pt;\">\n<p class=\"Normal-P\" style=\"margin-bottom: 6pt; text-align: justify; text-justify: inter-ideograph; direction: ltr; unicode-bidi: normal;\"><span class=\"Normal-H\"><span style=\"font-family: Arial;\"><img loading=\"lazy\" decoding=\"async\" class=\"\" src=\"http:\/\/www.adrianwood.ch\/wp-content\/uploads\/2018\/09\/1535795604_image5.jpeg\" data-link=\"\" width=\"349\" height=\"234\"><\/span><\/span><\/p>\n<\/td>\n<td class=\"-C\" style=\"width: 240.1pt; border: none windowtext 0pt;\">\n<p class=\"Normal-P\" style=\"margin-bottom: 6pt; text-align: justify; text-justify: inter-ideograph; direction: ltr; unicode-bidi: normal;\"><span class=\"Normal-H\"><span style=\"font-family: Arial;\"><img loading=\"lazy\" decoding=\"async\" class=\"\" src=\"http:\/\/www.adrianwood.ch\/wp-content\/uploads\/2018\/09\/1535795604_image6.jpeg\" data-link=\"\" width=\"350\" height=\"234\"><\/span><\/span><\/p>\n<\/td>\n<\/tr>\n<tr class=\"-R\">\n<td class=\"-C\" style=\"width: 481.4pt; border: none windowtext 0pt;\" colspan=\"2\">\n<p class=\"Normal-P\" style=\"margin-bottom: 6pt; text-align: justify; text-justify: inter-ideograph; direction: ltr; unicode-bidi: normal;\"><span class=\"Normal-H\"><span style=\"font-family: Arial;\">Diese H\u00e4ngebr\u00fccke ist sehr imposant: Sie quert das Steinschlaggebiet Grabengufer unterhalb <\/span><span style=\"font-family: Arial;\">dem Grabenhorn<\/span><span style=\"font-family: Arial;\">. Sie ersetzt die alte Europa H\u00e4ngebr\u00fccke, die am 20.7.2010 er\u00f6ffnet und im September 2010 durch Steinschlag zerst\u00f6rt wurde. Bis zur Er\u00f6ffnung dieser neuen Br\u00fccke 2017 <\/span><span style=\"font-family: Arial;\">mussten die Wanderer 500 Meter auf &#8211; und absteigen, was den Europaweg unattraktiv machte. Die Charles <\/span><span style=\"font-family: Arial;\">Kuonen<\/span><span style=\"font-family: Arial;\"> H\u00e4ngebr\u00fccke wurde am 29.7.2017 er\u00f6ffnet. Sie ist 494m lang und 65cm breit und \u00fcberspannt den Steilhang in 85m H\u00f6he, <\/span><\/span><\/p>\n<p class=\"Normal-P\" style=\"margin-bottom: 6pt; text-align: justify; text-justify: inter-ideograph; direction: ltr; unicode-bidi: normal;\"><span class=\"Normal-H\"><a href=\"https:\/\/www.europaweg.ch\/impressionen-eroeffnung-charles-kuonen-haengebruecke\" target=\"\">https:\/\/www.europaweg.ch\/impressionen-eroeffnung-charles-kuonen-haengebruecke<\/a><\/span><\/p>\n<\/td>\n<\/tr>\n<tr class=\"-R\">\n<td class=\"-C\" style=\"width: 241.3pt; border: none windowtext 0pt;\">\n<p class=\"Normal-P\" style=\"margin-bottom: 6pt; text-align: justify; text-justify: inter-ideograph; direction: ltr; unicode-bidi: normal;\"><span class=\"Normal-H\"><span style=\"font-family: Arial;\"><img loading=\"lazy\" decoding=\"async\" class=\"\" src=\"http:\/\/www.adrianwood.ch\/wp-content\/uploads\/2018\/09\/1535795604_image7.jpeg\" data-link=\"\" width=\"350\" height=\"233\"><\/span><\/span><\/p>\n<\/td>\n<td class=\"-C\" style=\"width: 240.1pt; border: none windowtext 0pt;\">\n<p class=\"Normal-P\" style=\"margin-bottom: 6pt; text-align: justify; text-justify: inter-ideograph; direction: ltr; unicode-bidi: normal;\"><span class=\"Normal-H\"><span style=\"font-family: Arial;\"><img loading=\"lazy\" decoding=\"async\" class=\"\" src=\"http:\/\/www.adrianwood.ch\/wp-content\/uploads\/2018\/09\/1535795604_image8.jpeg\" data-link=\"\" width=\"350\" height=\"234\"><\/span><\/span><\/p>\n<\/td>\n<\/tr>\n<tr class=\"-R\">\n<td class=\"-C\" style=\"width: 481.4pt; border: none windowtext 0pt;\" colspan=\"2\">\n<p class=\"Normal-P\" style=\"margin-bottom: 6pt; text-align: justify; text-justify: inter-ideograph; direction: ltr; unicode-bidi: normal;\"><span class=\"Normal-H\"><span style=\"font-family: Arial;\">Der Rest unserer Gruppe \u00fcberquert die H\u00e4ngebr\u00fccke. Am anderen Br\u00fcckenkopf machen wir einen Halt, bevor wir den Anstieg hinauf zur Europah\u00fctte in Angriff nehmen. Daniela und Markus verabschieden sich von uns und gehen nochmals \u00fcber die Br\u00fccke, um nach Randa abzusteigen.<\/span><\/span><\/p>\n<p class=\"Normal-P\" style=\"margin-bottom: 6pt; text-align: justify; text-justify: inter-ideograph; direction: ltr; unicode-bidi: normal;\"><span class=\"Normal-H\"><span style=\"font-family: Arial;\">Der Rest der Gruppe steigt nun hinauf in Richtung Europah\u00fctte, wobei man wegen der W\u00e4rme ins Schwitzen kommt.<\/span><\/span><\/p>\n<p class=\"Normal-P\" style=\"margin-bottom: 6pt; text-align: justify; text-justify: inter-ideograph; direction: ltr; unicode-bidi: normal;\"><span class=\"Normal-H\"><span style=\"font-family: Arial;\">Um 15.32h taucht die Europah\u00fctte zwischen riesigen Felsbrocken auf. Wir haben unser Tagesziel erreicht!<\/span><\/span><\/p>\n<\/td>\n<\/tr>\n<tr class=\"-R\">\n<td class=\"-C\" style=\"width: 241.3pt; border: none windowtext 0pt;\">\n<p class=\"Normal-P\" style=\"margin-bottom: 6pt; text-align: justify; text-justify: inter-ideograph; direction: ltr; unicode-bidi: normal;\"><span class=\"Normal-H\"><span style=\"font-family: Arial;\"><img loading=\"lazy\" decoding=\"async\" class=\"\" src=\"http:\/\/www.adrianwood.ch\/wp-content\/uploads\/2018\/09\/1535795604_image9.jpeg\" data-link=\"\" width=\"350\" height=\"233\"><\/span><\/span><\/p>\n<\/td>\n<td class=\"-C\" style=\"width: 240.1pt; border: none windowtext 0pt;\">\n<p class=\"Normal-P\" style=\"margin-bottom: 6pt; text-align: justify; text-justify: inter-ideograph; direction: ltr; unicode-bidi: normal;\"><span class=\"Normal-H\"><span style=\"font-family: Arial;\"><img loading=\"lazy\" decoding=\"async\" class=\"\" src=\"http:\/\/www.adrianwood.ch\/wp-content\/uploads\/2018\/09\/1535795604_image10.jpeg\" data-link=\"\" width=\"350\" height=\"234\"><\/span><\/span><\/p>\n<\/td>\n<\/tr>\n<tr class=\"-R\">\n<td class=\"-C\" style=\"width: 481.4pt; border: none windowtext 0pt;\" colspan=\"2\">\n<p class=\"Normal-P\" style=\"margin-bottom: 6pt; text-align: justify; text-justify: inter-ideograph; direction: ltr; unicode-bidi: normal;\"><span class=\"Normal-H\"><span style=\"font-family: Arial;\">Wir beziehen das Massenlager und setzen uns dann auf die Terrasse der H\u00fctte, um ein k\u00fchles Bier und die pr\u00e4chtige Landschaft zu geniessen. So vergeht die Zeit bis zum Abendessen, das uns in der H\u00fctte serviert wird, wobei wir sehr eng zusammensitzen m\u00fcssen!<\/span><\/span><\/p>\n<p class=\"Normal-P\" style=\"margin-bottom: 6pt; text-align: justify; text-justify: inter-ideograph; direction: ltr; unicode-bidi: normal;\"><span class=\"Normal-H\"><span style=\"font-family: Arial;\">Nach dem Abendessen um ca. 20h kommen einige Steinb\u00f6cke zu Besuch vor die H\u00fctte, was nat\u00fcrlich in vielen Fotos festgehalten wird und die perfekte Abendunterhaltung der Europah\u00fctte ist.<\/span><\/span><\/p>\n<p class=\"Normal-P\" style=\"margin-bottom: 6pt; text-align: justify; text-justify: inter-ideograph; direction: ltr; unicode-bidi: normal;\"><span class=\"Normal-H\"><span style=\"font-family: Arial;\">Das war ein sehr erlebnisreicher Tag, der, ausser Jean-Fran\u00e7ois Knieverletzung, gut verlaufen ist.<\/span><\/span><\/p>\n<p class=\"Normal-P\" style=\"margin-bottom: 6pt; text-align: justify; text-justify: inter-ideograph; direction: ltr; unicode-bidi: normal;\"><span class=\"Normal-H\"><span style=\"font-family: Arial;\">Marianne<\/span><\/span><\/p>\n<\/td>\n<\/tr>\n<p><!-- [if !supportMisalignedColumns]--><\/tbody>\n<\/table>\n<\/div>\n","protected":false},"excerpt":{"rendered":"<p>12.August, H\u00e4ngebr\u00fccke \u2013 Europah\u00fctte Nach Springelboden kommt ein sehr eindrucksvoller aber auch eher gef\u00e4hrlicher Wegabschnitt. Man quert dann weit unten die Br\u00fccke, um auf der anderen Seite in gleichen Terrain wieder aufzusteigen. Hier befindet sich die Abzweigung zur Kinh\u00fctte, Wildkin 2225m. Gerade hier bl\u00fchen etliche Edelweisse auf dem alpinen Rasen! Wir gehen nun wieder in &hellip; <a href=\"https:\/\/www.adrianwood.ch\/?page_id=17272\" class=\"more-link\">Continue reading <span class=\"screen-reader-text\">08-12 H\u00e4ngebr\u00fccke<\/span> <span class=\"meta-nav\">&rarr;<\/span><\/a><\/p>\n","protected":false},"author":1,"featured_media":0,"parent":17243,"menu_order":1403,"comment_status":"closed","ping_status":"closed","template":"","meta":{"ngg_post_thumbnail":0,"footnotes":""},"class_list":["post-17272","page","type-page","status-publish","hentry"],"_links":{"self":[{"href":"https:\/\/www.adrianwood.ch\/index.php?rest_route=\/wp\/v2\/pages\/17272","targetHints":{"allow":["GET"]}}],"collection":[{"href":"https:\/\/www.adrianwood.ch\/index.php?rest_route=\/wp\/v2\/pages"}],"about":[{"href":"https:\/\/www.adrianwood.ch\/index.php?rest_route=\/wp\/v2\/types\/page"}],"author":[{"embeddable":true,"href":"https:\/\/www.adrianwood.ch\/index.php?rest_route=\/wp\/v2\/users\/1"}],"replies":[{"embeddable":true,"href":"https:\/\/www.adrianwood.ch\/index.php?rest_route=%2Fwp%2Fv2%2Fcomments&post=17272"}],"version-history":[{"count":4,"href":"https:\/\/www.adrianwood.ch\/index.php?rest_route=\/wp\/v2\/pages\/17272\/revisions"}],"predecessor-version":[{"id":17359,"href":"https:\/\/www.adrianwood.ch\/index.php?rest_route=\/wp\/v2\/pages\/17272\/revisions\/17359"}],"up":[{"embeddable":true,"href":"https:\/\/www.adrianwood.ch\/index.php?rest_route=\/wp\/v2\/pages\/17243"}],"wp:attachment":[{"href":"https:\/\/www.adrianwood.ch\/index.php?rest_route=%2Fwp%2Fv2%2Fmedia&parent=17272"}],"curies":[{"name":"wp","href":"https:\/\/api.w.org\/{rel}","templated":true}]}}