{"id":17362,"date":"2018-09-06T16:08:00","date_gmt":"2018-09-06T16:08:00","guid":{"rendered":"http:\/\/www.adrianwood.ch\/?page_id=17362"},"modified":"2019-11-02T21:23:36","modified_gmt":"2019-11-02T21:23:36","slug":"2018-nepal","status":"publish","type":"page","link":"https:\/\/www.adrianwood.ch\/?page_id=17362","title":{"rendered":"2018-04 Nepal Annapurna"},"content":{"rendered":"<figure id=\"attachment_17363\" aria-describedby=\"caption-attachment-17363\" style=\"width: 1620px\" class=\"wp-caption alignleft\"><a href=\"http:\/\/www.adrianwood.ch\/wp-content\/uploads\/2018\/09\/NPL_1015-Pano.jpg\"><img loading=\"lazy\" decoding=\"async\" class=\"size-full wp-image-17363\" src=\"http:\/\/www.adrianwood.ch\/wp-content\/uploads\/2018\/09\/NPL_1015-Pano.jpg\" alt=\"\" width=\"1620\" height=\"706\" srcset=\"https:\/\/www.adrianwood.ch\/wp-content\/uploads\/2018\/09\/NPL_1015-Pano.jpg 1620w, https:\/\/www.adrianwood.ch\/wp-content\/uploads\/2018\/09\/NPL_1015-Pano-300x131.jpg 300w, https:\/\/www.adrianwood.ch\/wp-content\/uploads\/2018\/09\/NPL_1015-Pano-768x335.jpg 768w, https:\/\/www.adrianwood.ch\/wp-content\/uploads\/2018\/09\/NPL_1015-Pano-1024x446.jpg 1024w\" sizes=\"auto, (max-width: 1620px) 100vw, 1620px\" \/><\/a><figcaption id=\"caption-attachment-17363\" class=\"wp-caption-text\">Dhaulagiri von Poon Hill bei Sonnenaufgang<\/figcaption><\/figure>\n<h2><strong>11th. &#8211; 27th.April 2018, Nepal, Trekking und alte St\u00e4dte<\/strong><\/h2>\n<p>Diese abwechslungsreiche Reise war ideal, um in kurzer Zeit einen guten Einblick in die Vielfalt Nepals zu bekommen und um ein bisschen \u00abTrekkingluft\u00bb zu schnuppern. Nach unsere Ankunft in Kathmandu f\u00fchrte uns unsere Reise nach Pokhara, eine kleine St\u00e4dtchen am malerischen Phewa-See mit sch\u00f6nem Ausblick auf den umliegenden Berge.<\/p>\n<p>Der anschliessende Lodgtrekking f\u00fchrte auf einfachen Wegen durch urspr\u00fcngliche W\u00e4lder, vorbei an Reisterrassen und zu kleinen D\u00f6rfern. Nach eindr\u00fcckliche Wege durch Rhododendren-W\u00e4lder auf 3000m Hohe genossen wir vom Poon Hill eine phantastische Aussicht auf die 8000er Annapurna und Dhaulagiri.<\/p>\n<p>Zur\u00fcck im Tiefland im subtropischen Terai gingen wir im Chitwan-Nationalpark zu Fuss, mit Jeep und mit Boot auf die Pirsch. Krokodile, Nash\u00f6rner und verschiedene Hirscharten sahen wir h\u00e4ufig, aber den K\u00f6nigstiger liess sich nicht blicken.<\/p>\n<p>Unsere Reise endete mit einigen Tagen wieder im l\u00e4ndlichen Kathmandu-Tal, wo wir die sch\u00f6nsten der Tempel und die K\u00f6nigsst\u00e4dte, Patan, Baktapur und Boudhanath besuchten. Sie gelten als Weltkulturerbe der Unesco und werden noch renoviert nach dem Erdbeben von 2015.<\/p>\n<h3><a href=\"http:\/\/www.adrianwood.ch\/?page_id=17832\">Contents<\/a><\/h3>\n<h3><a href=\"http:\/\/www.adrianwood.ch\/?page_id=17367\">Programm<\/a><\/h3>\n<figure id=\"attachment_18197\" aria-describedby=\"caption-attachment-18197\" style=\"width: 1146px\" class=\"wp-caption alignleft\"><a href=\"http:\/\/www.adrianwood.ch\/wp-content\/uploads\/2018\/09\/Poon_Hill_Trek.jpg\"><img loading=\"lazy\" decoding=\"async\" class=\"size-full wp-image-18197\" src=\"http:\/\/www.adrianwood.ch\/wp-content\/uploads\/2018\/09\/Poon_Hill_Trek.jpg\" alt=\"\" width=\"1146\" height=\"835\" srcset=\"https:\/\/www.adrianwood.ch\/wp-content\/uploads\/2018\/09\/Poon_Hill_Trek.jpg 1146w, https:\/\/www.adrianwood.ch\/wp-content\/uploads\/2018\/09\/Poon_Hill_Trek-300x219.jpg 300w, https:\/\/www.adrianwood.ch\/wp-content\/uploads\/2018\/09\/Poon_Hill_Trek-768x560.jpg 768w, https:\/\/www.adrianwood.ch\/wp-content\/uploads\/2018\/09\/Poon_Hill_Trek-1024x746.jpg 1024w\" sizes=\"auto, (max-width: 1146px) 100vw, 1146px\" \/><\/a><figcaption id=\"caption-attachment-18197\" class=\"wp-caption-text\">Ghorepani, Poon Hill Trek<\/figcaption><\/figure>\n<figure id=\"attachment_18200\" aria-describedby=\"caption-attachment-18200\" style=\"width: 2538px\" class=\"wp-caption alignleft\"><a href=\"http:\/\/www.adrianwood.ch\/wp-content\/uploads\/2018\/09\/Annapurna_Himal.jpg\"><img loading=\"lazy\" decoding=\"async\" class=\"size-full wp-image-18200\" src=\"http:\/\/www.adrianwood.ch\/wp-content\/uploads\/2018\/09\/Annapurna_Himal.jpg\" alt=\"\" width=\"2538\" height=\"1868\" srcset=\"https:\/\/www.adrianwood.ch\/wp-content\/uploads\/2018\/09\/Annapurna_Himal.jpg 2538w, https:\/\/www.adrianwood.ch\/wp-content\/uploads\/2018\/09\/Annapurna_Himal-300x221.jpg 300w, https:\/\/www.adrianwood.ch\/wp-content\/uploads\/2018\/09\/Annapurna_Himal-768x565.jpg 768w, https:\/\/www.adrianwood.ch\/wp-content\/uploads\/2018\/09\/Annapurna_Himal-1024x754.jpg 1024w\" sizes=\"auto, (max-width: 2538px) 100vw, 2538px\" \/><\/a><figcaption id=\"caption-attachment-18200\" class=\"wp-caption-text\">Annapurna Trekking Region<\/figcaption><\/figure>\n","protected":false},"excerpt":{"rendered":"<p>11th. &#8211; 27th.April 2018, Nepal, Trekking und alte St\u00e4dte Diese abwechslungsreiche Reise war ideal, um in kurzer Zeit einen guten Einblick in die Vielfalt Nepals zu bekommen und um ein bisschen \u00abTrekkingluft\u00bb zu schnuppern. Nach unsere Ankunft in Kathmandu f\u00fchrte uns unsere Reise nach Pokhara, eine kleine St\u00e4dtchen am malerischen Phewa-See mit sch\u00f6nem Ausblick auf &hellip; <a href=\"https:\/\/www.adrianwood.ch\/?page_id=17362\" class=\"more-link\">Continue reading <span class=\"screen-reader-text\">2018-04 Nepal Annapurna<\/span> <span class=\"meta-nav\">&rarr;<\/span><\/a><\/p>\n","protected":false},"author":1,"featured_media":0,"parent":20791,"menu_order":552,"comment_status":"closed","ping_status":"closed","template":"","meta":{"ngg_post_thumbnail":0,"footnotes":""},"class_list":["post-17362","page","type-page","status-publish","hentry"],"_links":{"self":[{"href":"https:\/\/www.adrianwood.ch\/index.php?rest_route=\/wp\/v2\/pages\/17362","targetHints":{"allow":["GET"]}}],"collection":[{"href":"https:\/\/www.adrianwood.ch\/index.php?rest_route=\/wp\/v2\/pages"}],"about":[{"href":"https:\/\/www.adrianwood.ch\/index.php?rest_route=\/wp\/v2\/types\/page"}],"author":[{"embeddable":true,"href":"https:\/\/www.adrianwood.ch\/index.php?rest_route=\/wp\/v2\/users\/1"}],"replies":[{"embeddable":true,"href":"https:\/\/www.adrianwood.ch\/index.php?rest_route=%2Fwp%2Fv2%2Fcomments&post=17362"}],"version-history":[{"count":9,"href":"https:\/\/www.adrianwood.ch\/index.php?rest_route=\/wp\/v2\/pages\/17362\/revisions"}],"predecessor-version":[{"id":18425,"href":"https:\/\/www.adrianwood.ch\/index.php?rest_route=\/wp\/v2\/pages\/17362\/revisions\/18425"}],"up":[{"embeddable":true,"href":"https:\/\/www.adrianwood.ch\/index.php?rest_route=\/wp\/v2\/pages\/20791"}],"wp:attachment":[{"href":"https:\/\/www.adrianwood.ch\/index.php?rest_route=%2Fwp%2Fv2%2Fmedia&parent=17362"}],"curies":[{"name":"wp","href":"https:\/\/api.w.org\/{rel}","templated":true}]}}