{"id":17367,"date":"2018-09-06T16:12:29","date_gmt":"2018-09-06T16:12:29","guid":{"rendered":"http:\/\/www.adrianwood.ch\/?page_id=17367"},"modified":"2018-09-08T10:19:15","modified_gmt":"2018-09-08T10:19:15","slug":"programm","status":"publish","type":"page","link":"https:\/\/www.adrianwood.ch\/?page_id=17367","title":{"rendered":"Programm"},"content":{"rendered":"<figure id=\"attachment_17368\" aria-describedby=\"caption-attachment-17368\" style=\"width: 1620px\" class=\"wp-caption alignleft\"><a href=\"http:\/\/www.adrianwood.ch\/wp-content\/uploads\/2018\/09\/NPL_0244.jpg\"><img loading=\"lazy\" decoding=\"async\" class=\"size-full wp-image-17368\" src=\"http:\/\/www.adrianwood.ch\/wp-content\/uploads\/2018\/09\/NPL_0244.jpg\" alt=\"\" width=\"1620\" height=\"1080\" srcset=\"https:\/\/www.adrianwood.ch\/wp-content\/uploads\/2018\/09\/NPL_0244.jpg 1620w, https:\/\/www.adrianwood.ch\/wp-content\/uploads\/2018\/09\/NPL_0244-300x200.jpg 300w, https:\/\/www.adrianwood.ch\/wp-content\/uploads\/2018\/09\/NPL_0244-768x512.jpg 768w, https:\/\/www.adrianwood.ch\/wp-content\/uploads\/2018\/09\/NPL_0244-1024x683.jpg 1024w\" sizes=\"auto, (max-width: 1620px) 100vw, 1620px\" \/><\/a><figcaption id=\"caption-attachment-17368\" class=\"wp-caption-text\">Die Gruppe beim Ankunft im Kathmandu<\/figcaption><\/figure>\n<h2><strong>Nepal Imbach Programm<\/strong><\/h2>\n<ol>\n<li><strong> Tag: Hinflug Z\u00fcrich \u2013 Kathmandu<\/strong><br \/>\nIndividuelle Anreise nach Z\u00fcrich-Kloten. Linienflug mit QATAR AIRWAYS von Z\u00fcrich nach Doha. Weiterflug mit QATAR AIRWAYS nach Kathmandu.<br \/>\n<strong>2. Tag: Kathmandu<\/strong><br \/>\nNach der herzlichen Begr\u00fcssung am Flughafen in Kathmandu kurzer Transfer zu unserem Ho-tel. Sp\u00e4ter bummeln wir ein erstes Mal durch die lebendigen Strassen der Hauptstadt Nepals.<br \/>\n<strong>3. Tag: Pokhara<\/strong><br \/>\nEine ca. 5\u20136-st\u00fcndige Busfahrt bringt uns von Kathmandu nach Pokhara. Dort beziehen wir unser Hotel und haben genug Zeit, uns auszuruhen oder individuell die Stadt zu besichtigen. Pokhara ist umgeben von drei grossen Seen: Rupa Tal, Begnas Tal und Phewa Tal. Vom s\u00fcdli-chen Teil der Stadt hat man einen wunderbaren Blick auf die Annapurna-Gebirgskette.<br \/>\n<strong>4. Tag: Kande und Potana<\/strong><br \/>\nHeute fahren wir nach Kande um unsere Trekking-Tour zu starten. Von Kande aus machen wir eine leichte Tour nach Potana. Wanderzeit ca. 3 Stunden.<br \/>\n<strong>5. Tag: Potana \u2013 Landruk<\/strong><br \/>\nAuf unserer Tagesetappe durchstreifen wir auf gepflasterten Wegen Waldfl\u00e4chen auf dem Weg nach Deurali. Deurali liegt an der Spitze eines Berges auf 2150 m \u00fc.M. von wo aus man einen atemberaubenden Blick auf den Annapurna und den Hiunchuli hat. Am Nachmittag erreichen wir unser Etappenziel Landruk. Wanderzeit ca. 4 Stunden.<br \/>\n<strong>6. Tag: Landruk \u2013 Gandruk<\/strong><br \/>\nAuf einem steilen Pfad gelangen wir hinunter zum Fluss, danach \u00fcberwinden wir einen steilen Aufstieg durch verstreute D\u00f6rfer und geniessen einen wunderbaren Blick auf die Gebirgsz\u00fcge des Himalayas. Schliesslich erreichen wir Gandruk, eine der gr\u00f6ssten Gurung-Siedlungen Westnepals. Von Gandruk kann man die Aussicht auf die Gipfel des Gangapurna, Macha-puchhre, Annapurna und anderer Berge geniessen. Je nach Zeit, k\u00f6nnen wir den Hauptsitz des Annapurna Mountain Conservation Area Projects, das lokale Museum und das Dorf Gandruk besichtigen. Wanderzeit: ca. 4\u00bd Stunden.<br \/>\n<strong>7. Tag: Gandruk \u2013 Tadapani<\/strong><br \/>\nWir durchstreifen die in voller Bl\u00fcte stehenden Rhododendren-W\u00e4lder nach Tadapani. Wan-derzeit ca. 4\u00bd Stunden.<br \/>\n<strong>8. Tag: Tadapani \u2013 Ghorepani<\/strong><br \/>\nDie heutige Wanderung f\u00fchrt uns durch farbenfrohe Rhododendren-Str\u00e4ucher nach Ghore-pani. Ghorepani liegt an einem Grat, welcher das Kali Gandaki und den Modi-Fluss voneinan-der trennt und so einen exzellenten Blick auf die Berge bietet. Wanderzeit ca. 5\u00bd Stunden.<br \/>\n<strong>9. Tag: Ghorepani \u2013 Poon Hill \u2013 Hele<\/strong><br \/>\nAm fr\u00fchen Morgen besteigen wir den Poon Hill, welcher einen tollen Panoramablick auf die Berge Annapurna, Dhaulagiri, Fishtail und Himalchuli bietet. Nach dem Mittagessen in Ulleri, f\u00fchrt uns unsere Trekking-Tour weiter nach Hele. Wanderzeit ca. 5\u00bd Stunden.<br \/>\n<strong>10. Tag: Hele\u2013Pokhara<\/strong><br \/>\nUnsere letzte Trekking-Etappe f\u00fchrt uns zur\u00fcck nach Pokhara. Wanderzeit ca. 2 Stunden.<br \/>\n<strong>11. Tag: Pokhara\u2013Chitwan<\/strong><br \/>\nTransfer nach Chitwan. Wir wohnen am Rapti-Fluss, direkt an der Grenze zum Nationalpark. Am Nachmittag brechen wir zu einer Besichtigung einer Tharu-Siedlung auf und erfahren viel \u00fcber ihre Lebensweise.<br \/>\n<strong>12. Tag: Chitwan National Park<\/strong><br \/>\nAuf der Wanderung erleben wir die ganze Pracht des Chitwan Nationalparks: Salz-Wald, of-fenes Grasland und dichter Dschungel beherbergen viele Wildtiere, V\u00f6gel und faszinierende Pflanzen. Wanderzeit ca. 2 Stunden.<br \/>\n<strong>13. Tag: Dschungelsafari auf dem Rapti<\/strong><br \/>\nHeute steht uns ein spannender und erlebnisreicher Tag im Dschungel von Chitwan bevor. Wir fahren mit Einbaum-Kanus auf dem Rapti und k\u00f6nnen dabei Wasserv\u00f6gel und Krokodile bestaunen.<br \/>\n<strong>14. Tag: Chitwan \u2013 Dhulikhel<\/strong><br \/>\nLange Fahrt mit dem Bus nach Dhulikhel. Dort besuchen wir eine befreundete Familie in ihrem Heim. Wir erfahren, wie sie das Erdbeben und die schwierige Zweit danach erlebt haben.<br \/>\n<strong>15. Tag: Dhulikhel<\/strong><br \/>\nAm Vormittag wandern wir durch eine von Landwirtschaft gepr\u00e4gte Siedlung und besichtigen eine hinduistische Tempelanlage. Am Nachmittag geniessen wir den sch\u00f6nen Hotelgarten. Wanderzeit ca. 3 Stunden.<br \/>\n<strong>16. Tag: Dhulikhel\u2013Kathmandu<\/strong><br \/>\nDie R\u00fcckfahrt nach Kathmandu unterbrechen wir f\u00fcrs Mittagessen und f\u00fcr eine Besichtigung in der alten K\u00f6nigsstadt Bhaktapur. Am Nachmittag besuchen wir eine weitere befreundete Familie.<br \/>\n<strong>17. Tag: R\u00fcckflug Kathmandu\u2013Z\u00fcrich <\/strong><br \/>\nWir schlendern durch die Altstadt von Kathmandu und besuchen ein Kinderheim. Am Abend Transfer zum Flughafen und Linienflug mit QATAR AIRWAYS von Kathmandu via Doha nach Z\u00fcrich.<br \/>\n<strong>18. Tag: Ankunft in Z\u00fcrich<\/strong><br \/>\nAnkunft in der Schweiz.<\/li>\n<\/ol>\n","protected":false},"excerpt":{"rendered":"<p>Nepal Imbach Programm Tag: Hinflug Z\u00fcrich \u2013 Kathmandu Individuelle Anreise nach Z\u00fcrich-Kloten. Linienflug mit QATAR AIRWAYS von Z\u00fcrich nach Doha. Weiterflug mit QATAR AIRWAYS nach Kathmandu. 2. Tag: Kathmandu Nach der herzlichen Begr\u00fcssung am Flughafen in Kathmandu kurzer Transfer zu unserem Ho-tel. Sp\u00e4ter bummeln wir ein erstes Mal durch die lebendigen Strassen der Hauptstadt Nepals. &hellip; <a href=\"https:\/\/www.adrianwood.ch\/?page_id=17367\" class=\"more-link\">Continue reading <span class=\"screen-reader-text\">Programm<\/span> <span class=\"meta-nav\">&rarr;<\/span><\/a><\/p>\n","protected":false},"author":1,"featured_media":0,"parent":17362,"menu_order":5521,"comment_status":"closed","ping_status":"closed","template":"","meta":{"ngg_post_thumbnail":0,"footnotes":""},"class_list":["post-17367","page","type-page","status-publish","hentry"],"_links":{"self":[{"href":"https:\/\/www.adrianwood.ch\/index.php?rest_route=\/wp\/v2\/pages\/17367","targetHints":{"allow":["GET"]}}],"collection":[{"href":"https:\/\/www.adrianwood.ch\/index.php?rest_route=\/wp\/v2\/pages"}],"about":[{"href":"https:\/\/www.adrianwood.ch\/index.php?rest_route=\/wp\/v2\/types\/page"}],"author":[{"embeddable":true,"href":"https:\/\/www.adrianwood.ch\/index.php?rest_route=\/wp\/v2\/users\/1"}],"replies":[{"embeddable":true,"href":"https:\/\/www.adrianwood.ch\/index.php?rest_route=%2Fwp%2Fv2%2Fcomments&post=17367"}],"version-history":[{"count":2,"href":"https:\/\/www.adrianwood.ch\/index.php?rest_route=\/wp\/v2\/pages\/17367\/revisions"}],"predecessor-version":[{"id":17370,"href":"https:\/\/www.adrianwood.ch\/index.php?rest_route=\/wp\/v2\/pages\/17367\/revisions\/17370"}],"up":[{"embeddable":true,"href":"https:\/\/www.adrianwood.ch\/index.php?rest_route=\/wp\/v2\/pages\/17362"}],"wp:attachment":[{"href":"https:\/\/www.adrianwood.ch\/index.php?rest_route=%2Fwp%2Fv2%2Fmedia&parent=17367"}],"curies":[{"name":"wp","href":"https:\/\/api.w.org\/{rel}","templated":true}]}}