{"id":1746,"date":"2012-01-02T12:49:05","date_gmt":"2012-01-02T12:49:05","guid":{"rendered":"http:\/\/adrianwood.ch\/?page_id=1746"},"modified":"2016-01-28T12:50:18","modified_gmt":"2016-01-28T12:50:18","slug":"2011-12-janzi","status":"publish","type":"page","link":"https:\/\/www.adrianwood.ch\/?page_id=1746","title":{"rendered":"2011-12 J\u00e4nzi"},"content":{"rendered":"<figure id=\"attachment_1749\" aria-describedby=\"caption-attachment-1749\" style=\"width: 730px\" class=\"wp-caption alignleft\"><a href=\"http:\/\/adrianwood.ch\/club-tours\/innerschweiz\/2011-12-janzi\/dscn6170_1_r3\/\" rel=\"attachment wp-att-1749\"><img loading=\"lazy\" decoding=\"async\" class=\"size-full wp-image-1749\" title=\"DSCN6170_1_r3\" src=\"http:\/\/adrianwood.ch\/wp-content\/uploads\/2012\/01\/DSCN6170_1_r3.jpg\" alt=\"auf J\u00e4nzi\" width=\"730\" height=\"403\" \/><\/a><figcaption id=\"caption-attachment-1749\" class=\"wp-caption-text\">auf J\u00e4nzi<\/figcaption><\/figure>\n<h2 style=\"text-align: left;\" align=\"center\">Mittwoch, 28. Dezember 2011, Schneeschuhtour auf dem J\u00e4nzi 1738m<\/h2>\n<p>Teilnehmer: Marianne Frei (C), Herbert Eichenberger (N), Uli Strahm (C), Yasuyuki Uike (N), Alexandro Z\u00fcrcher (C), Adrian Wood (C\/N)<\/p>\n<p style=\"text-align: justify;\">Ich hatte meinen Schneeschuhtour am 17.Dezember abgesagt, zum Teil wegen dem unsicherem Wetter und Lawinen Situation, aber in der n\u00e4chste Woche sah es anders aus. Es sollte noch schneien und dann sehr sch\u00f6n werden. Ich habe kurzfristig einen Schneeschuhtour auf dem J\u00e4nzi, 1738m, oberhalb von Sarnen f\u00fcr Mittwoch 28.Dezember ausgeschreiben. 8 Schneeschuhtourengeher\/innen haben sich anmeldet, aber an dem Tourentag wurden wir \u00a06 Personen.<\/p>\n<p style=\"text-align: justify;\">Der Tour ist eine 10km Rundwanderung von Langis, 1432m, auf den Glaubenberg Passtrasse auf dem J\u00e4nzi, laut SAC F\u00fchrer 300m Auf- und Abstieg, Laufzeit 4 Std. Es ist als WT1 eingestuft, kein Lawinengefahr. Von Gipfel gibt es einen sch\u00f6nen Aussicht auf dem Sarner, Alpnach und Vierwaldst\u00e4dterseen. Bei klarer Sicht sind auch Titlis, die Wetterh\u00f6rner, Eiger, und Jungfrau gut zu sehen.<\/p>\n<p style=\"text-align: justify;\">Abfahrt Basel SBB, 07:04, nach Luzern und weiter nach Sarnen, das noch unter eine Nebeldecke lag. Der Postbus f\u00fchr uns bald aus dem Nebel und wir kamen in Langis bei strahlendem Sonnenschein mit ca 10-minutigen Versp\u00e4tung an. Der Bergrestaurant Schwendi Kaltbad wo wir eine Kaffeepause machen wollten wurde nach ca 15 min. Laufzeit erreicht. Sie hatten auch eine Versp\u00e4tung ihrer Offnungszeit und w\u00e4hrand wir warteten, besichtigen wir eine k\u00fcnstlich gemachte gefrorene Wasserfall neben eine kleine Kapelle.<\/p>\n<p style=\"text-align: justify;\">Es folgt eine Beschreibung den weiteren Verlauf in den W\u00f6rten der einzige Teilnehmerin:<\/p>\n<p style=\"text-align: justify;\"><em>Letzte Wanderung mit dem Sportclub Ciba.<br \/>\nVon Langis 1442m hin\u00fcber nach Schwendi Kaltbad 1440m, wo wir uns f\u00fcr die Wanderung st\u00e4rken. Dem Bach Schlieren entlang f\u00fchrt uns der Weg durch eine zauberhafte Winterlandschaft zum Punkt 1440m, von wo aus es hinaufgeht zuerst durch offenes Gel\u00e4nde und dann durch den Wald nach Egg, Waldh\u00fctte,1611m. Von dort aus steigen wir \u00fcber den H\u00fcenerg\u00fctsch hinauf auf den langgezogenen Grat des J\u00e4nzi, von wo aus wir ein grossartiges Panorama vor uns haben. Hier halten wir Mittagsrast und verwandeln uns in Chl\u00e4use. Dann geht es steil hinunter nach Siwellenbrunnen, 1605m und hinunter nach Wolfetsmatt, 1450m. Es geht noch weiter hinunter zum Punkt 1348m, wo wir auf ein verschneites Fahrstr\u00e4sschen stossen, auf dem wir dann wieder zur\u00fcck nach Langis laufen. Wir erreichen gerade noch den letzten Bus um 16.40. Dies war ein super Tag in einer wundersch\u00f6nen Landschaft.<\/em><\/p>\n<p style=\"text-align: justify;\">Es war wirklich eine sehr sch\u00f6ne Tour und alles hat bestens geklappt, auch wenn es am Schluss etwas l\u00e4nger als erwartet geworden ist. Der Hohenunterschied ist in Wirklichkeit 450m auf und ab. Unsere reine Laufzeit war ca 5 Std. Die Chl\u00e4usebekleidung bestand aus H\u00fcte die ich von meine Tochter und Enkelkind am Weinachten ausgeliehen hatte. Die Weinachtsstimmung wurde gest\u00e4rkt mit Englischem Geb\u00e4ck und Schottischem Getr\u00e4nk. Es hat mich sehr gefreut der Tour doch noch als letzte Tour des Ciba Sportclubs durchf\u00fchren zu k\u00f6nnen.<\/p>\n<p style=\"text-align: justify;\">ngg_shortcode_0_placeholder<\/p>\n","protected":false},"excerpt":{"rendered":"<p>Mittwoch, 28. Dezember 2011, Schneeschuhtour auf dem J\u00e4nzi 1738m Teilnehmer: Marianne Frei (C), Herbert Eichenberger (N), Uli Strahm (C), Yasuyuki Uike (N), Alexandro Z\u00fcrcher (C), Adrian Wood (C\/N) Ich hatte meinen Schneeschuhtour am 17.Dezember abgesagt, zum Teil wegen dem unsicherem Wetter und Lawinen Situation, aber in der n\u00e4chste Woche sah es anders aus. Es sollte &hellip; <a href=\"https:\/\/www.adrianwood.ch\/?page_id=1746\" class=\"more-link\">Continue reading <span class=\"screen-reader-text\">2011-12 J\u00e4nzi<\/span> <span class=\"meta-nav\">&rarr;<\/span><\/a><\/p>\n","protected":false},"author":1,"featured_media":0,"parent":122,"menu_order":1126,"comment_status":"closed","ping_status":"closed","template":"","meta":{"ngg_post_thumbnail":0,"footnotes":""},"class_list":["post-1746","page","type-page","status-publish","hentry"],"_links":{"self":[{"href":"https:\/\/www.adrianwood.ch\/index.php?rest_route=\/wp\/v2\/pages\/1746","targetHints":{"allow":["GET"]}}],"collection":[{"href":"https:\/\/www.adrianwood.ch\/index.php?rest_route=\/wp\/v2\/pages"}],"about":[{"href":"https:\/\/www.adrianwood.ch\/index.php?rest_route=\/wp\/v2\/types\/page"}],"author":[{"embeddable":true,"href":"https:\/\/www.adrianwood.ch\/index.php?rest_route=\/wp\/v2\/users\/1"}],"replies":[{"embeddable":true,"href":"https:\/\/www.adrianwood.ch\/index.php?rest_route=%2Fwp%2Fv2%2Fcomments&post=1746"}],"version-history":[{"count":2,"href":"https:\/\/www.adrianwood.ch\/index.php?rest_route=\/wp\/v2\/pages\/1746\/revisions"}],"predecessor-version":[{"id":11979,"href":"https:\/\/www.adrianwood.ch\/index.php?rest_route=\/wp\/v2\/pages\/1746\/revisions\/11979"}],"up":[{"embeddable":true,"href":"https:\/\/www.adrianwood.ch\/index.php?rest_route=\/wp\/v2\/pages\/122"}],"wp:attachment":[{"href":"https:\/\/www.adrianwood.ch\/index.php?rest_route=%2Fwp%2Fv2%2Fmedia&parent=1746"}],"curies":[{"name":"wp","href":"https:\/\/api.w.org\/{rel}","templated":true}]}}