{"id":185,"date":"2011-01-05T17:09:31","date_gmt":"2011-01-05T16:09:31","guid":{"rendered":"http:\/\/adrianwood.ch\/"},"modified":"2017-04-03T10:25:46","modified_gmt":"2017-04-03T10:25:46","slug":"05-17-badenscallie","status":"publish","type":"page","link":"https:\/\/www.adrianwood.ch\/?page_id=185","title":{"rendered":"05-17 Badenscallie"},"content":{"rendered":"<div class=\"pmdi_content_wrapper\">\n<p class=\"Normal-P\" style=\"margin-bottom: 6pt; direction: ltr; unicode-bidi: normal;\"><span class=\"Normal-H\"><span style=\"font-family: Times New Roman; font-weight: bold;\">Sonntag, 17.Mai <\/span><span style=\"font-family: Times New Roman; font-weight: bold;\">\u2013 Dienstag, 19.Mai <\/span><span style=\"font-family: Times New Roman; font-weight: bold;\">2009, <\/span><span style=\"font-family: Times New Roman; font-weight: bold;\">Die Zeit in Badensca<\/span><span style=\"font-family: Times New Roman; font-weight: bold;\">l<\/span><span style=\"font-family: Times New Roman; font-weight: bold;\">lie<\/span><\/span><\/p>\n<table class=\"TableGrid-T\" style=\"width: 502.6pt; border-collapse: collapse;\" cellspacing=\"0\">\n<tbody>\n<tr class=\"-R\">\n<td class=\"-C\" style=\"width: 502.6pt;\" colspan=\"2\">\n<p class=\"Normal-P\" style=\"margin-bottom: 6pt; direction: ltr; unicode-bidi: normal;\"><span class=\"Normal-H\"><span style=\"font-family: Times New Roman;\">Vierergruppe: Bert, Vreni, Bruni, Marianne<\/span><\/span><\/p>\n<\/td>\n<\/tr>\n<tr class=\"-R\">\n<td class=\"-C\" style=\"width: 502.6pt;\" colspan=\"2\">\n<p class=\"Normal-P\" style=\"text-align: center; direction: ltr; unicode-bidi: normal;\"><span class=\"Normal-H\"><img decoding=\"async\" src=\"http:\/\/www.adrianwood.ch\/wp-content\/uploads\/2017\/04\/1491215122_image1.jpeg\" data-link=\"\" width=\"655px       \" height=\"163px       \"><\/span><\/p>\n<\/td>\n<\/tr>\n<tr class=\"-R\">\n<td class=\"-C\" style=\"width: 502.6pt;\" colspan=\"2\">\n<p class=\"Normal-P\" style=\"margin-top: 6pt; margin-bottom: 6pt; text-align: justify; text-justify: inter-ideograph; direction: ltr; unicode-bidi: normal;\"><span class=\"Normal-H\"><span style=\"font-family: Times New Roman;\">Wir, Vreni und Bert und Bruni und ich warten in der Lobby des Royal Hotels in Ullapool<\/span><span style=\"font-family: Times New Roman;\">auf das Taxi, das uns nach Badensca<\/span><span style=\"font-family: Times New Roman;\">l<\/span><span style=\"font-family: Times New Roman;\">lie bringen soll.<\/span><span style=\"font-family: Times New Roman;\">Eigentlich h\u00e4tten wir die K\u00fcstenwanderung vom Parkplatz Blughasary aus nach Badensca<\/span><span style=\"font-family: Times New Roman;\">l<\/span><span style=\"font-family: Times New Roman;\">lie machen sollen, die einen ganzen Tag beansprucht h\u00e4tte. Im letzten Moment hat sich Adrian aber entschlossen, dass wir diese Wanderung doch nicht unternehmen sollten wegen zu vielen Ungewissheiten betreffend Zustand des Weges. Also sind wir heute mit der Gruppe auf den Meall Mor bei Ullapool gestiegen.<\/span><\/span><\/p>\n<p class=\"Normal-P\" style=\"margin-bottom: 6pt; text-align: justify; text-justify: inter-ideograph; direction: ltr; unicode-bidi: normal;\"><span class=\"Normal-H\"><span style=\"font-family: Times New Roman;\">Das Taxi steht p\u00fcnktlich um 16.00 vor der T\u00fcre. Es f\u00e4hrt auf der einzigen Hauptrasse A835<\/span><span style=\"font-family: Times New Roman;\">Richtung Elphin und biegt dann auf eine schmale Nebenstrasse ab, die wir sp\u00e4ter in umgekehrter Richtung fahren werden, um den Stack Polly zu besteigen.<\/span><\/span><\/p>\n<p class=\"Normal-P\" style=\"margin-bottom: 6pt; text-align: justify; text-justify: inter-ideograph; direction: ltr; unicode-bidi: normal;\"><span class=\"Normal-H\"><span style=\"font-family: Times New Roman;\">Die heutige Fahrt ist mir in sehr guter Erinnerung geblieben. Die Landschaft im Abendsonnenschein war absolut grossartig &#8211; das Blau der vielen Seen, das Gelb der Ginsterb\u00fcsche, das Braun der Heide und das Dunkelgrau der Felsen &#8211; das alles war ein Augenschmaus. Ich w\u00e4re am liebsten mehrere Male ausgestiegen um zu fotografieren.<\/span><span style=\"font-family: Times New Roman;\">Wir sind alle sehr beeindruckt von der Sch\u00f6nheit dieser Landschaft.<\/span><\/span><\/p>\n<p class=\"Normal-P\" style=\"margin-bottom: 6pt; text-align: justify; text-justify: inter-ideograph; direction: ltr; unicode-bidi: normal;\"><span class=\"Normal-H\"><span style=\"font-family: Times New Roman;\">Bald passieren wir Achiltibue, dann Badensca<\/span><span style=\"font-family: Times New Roman;\">l<\/span><span style=\"font-family: Times New Roman;\">lie. Berts Anweisungen helfen dem Chauffeur, in Badensca<\/span><span style=\"font-family: Times New Roman;\">l<\/span><span style=\"font-family: Times New Roman;\">lie unser Cottage zu finden, das etwas oberhalb des Friedhofes (Burial Gr<\/span><span style=\"font-family: Times New Roman;\">o<\/span><span style=\"font-family: Times New Roman;\">und) am Hang liegt. Es stehen zwei Cottages an besagter Stelle, eines ist besetzt, also muss das andere unsere Bleibe f\u00fcr zwei N\u00e4chte sein.<\/span><\/span><\/p>\n<p class=\"Normal-P\" style=\"margin-bottom: 6pt; text-align: justify; text-justify: inter-ideograph; direction: ltr; unicode-bidi: normal;\"><span class=\"Normal-H\"><span style=\"font-family: Times New Roman;\">Wie sieht es wohl aus drinnen? Nachdem die T\u00fcre endlich ge\u00f6ffnet ist, habe ich einen Blick in einen engen Gang mit lauter T\u00fcren rechts und links. Eine T\u00fcre nach der andern wird ge\u00f6ffnet! Wir sind zufrieden mit dem, was wir sehen. Es gibt zwei sehr kleine, enge Schlafzimmer, ein gem\u00fctliches Wohnzimmer und ein ger\u00e4umige K\u00fcche und ein Badezimmer.<\/span><span style=\"font-family: Times New Roman;\">Der K\u00fchlschrank ist gef\u00fcllt mit den bestellten Waren und es liegt eine Notiz von unserer Landlady, Sarah auf dem Tisch. Sie wird sp\u00e4ter am Abend zuhause sein.<\/span><\/span><\/p>\n<\/td>\n<\/tr>\n<tr class=\"-R\">\n<td class=\"-C\" style=\"width: 502.6pt;\" colspan=\"2\">\n<p class=\"Normal-P\" style=\"text-align: center; direction: ltr; unicode-bidi: normal;\"><span class=\"Normal-H\"><img decoding=\"async\" src=\"http:\/\/www.adrianwood.ch\/wp-content\/uploads\/2017\/04\/1491215122_image2.jpeg\" data-link=\"\" width=\"646px       \" height=\"230px       \"><\/span><\/p>\n<\/td>\n<\/tr>\n<tr class=\"-R\">\n<td class=\"-C\" style=\"width: 502.6pt;\" colspan=\"2\">\n<p class=\"Normal-P\" style=\"text-align: justify; text-justify: inter-ideograph; direction: ltr; unicode-bidi: normal;\"><span class=\"Normal-H\"><span style=\"font-family: Times New Roman;\">Vorerst ist es Zeit, vor dem Cottage zusammen ein Bier zu trinken und auf unseren Aufenthalt hier anzusto\u00dfen. Wir geniessen den Sonnenschein und die Sicht auf das Meer und <\/span><span style=\"font-family: Times New Roman;\">die <\/span><span style=\"font-family: Times New Roman;\">Summer Islands.<\/span><\/span><\/p>\n<p class=\"Normal-P\" style=\"text-align: justify; text-justify: inter-ideograph; direction: ltr; unicode-bidi: normal;\"><span class=\"Normal-H\"><span style=\"font-family: Times New Roman;\">Sp\u00e4ter machen wir uns ans Auspacken und bedauern bald einmal, dass wir unsere Koffer mitgenommen haben, denn es gibt kaum Platz, etwas zu verstauen. Wir finden nur drei bezogene Betten und keine Frottiert\u00fccher. Bert k\u00fcmmert sich um Strom und Wasser. Es bleibt noch einiges im Unklaren und wir br\u00e4uchte<\/span><span style=\"font-family: Times New Roman;\">n eigentlich unserere Landlady.<\/span><\/span><\/p>\n<p class=\"Normal-P\" style=\"margin-bottom: 6pt; text-align: justify; text-justify: inter-ideograph; direction: ltr; unicode-bidi: normal;\"><span class=\"Normal-H\"><span style=\"font-family: Times New Roman;\">Never mind! Wir machen zusammen einen Abend<\/span><span style=\"font-family: Times New Roman;\">&#8211;<\/span><span style=\"font-family: Times New Roman;\">spaziergang an den Strand, besichtigen <\/span><span style=\"font-family: Times New Roman; font-size: 12pt;\">den <\/span><span style=\"font-family: Times New Roman;\">Burial Ground, um welchen herum die Kaninchen ihr Unwesen treiben. und geniessen die Ruhe und Abgeschiedenheit des <\/span><span style=\"font-family: Times New Roman;\">Ortes. Dann m\u00fcssen wir an das Abendessen denken. Wir machen uns an die Arbeit in der K\u00fcche und an das Tischdecken. Den K\u00fcchentisch haben wir schon vorher ins Wohnzimmer gestellt.<\/span><span style=\"font-family: Times New Roman;\">Als dann endlich Sarah McLeod wie ein Wirbelwind auftaucht, gilt ihre erste Be<\/span><span style=\"font-family: Times New Roman;\">&#8211;<\/span><span style=\"font-family: Times New Roman;\">merkung dieser<\/span><span style=\"font-family: Times New Roman; font-size: 12pt;\"> Ver\u00e4nderung, die sie <\/span><span style=\"font-family: Times New Roman;\">o<\/span><span style=\"font-family: Times New Roman;\">ffensichtlich nicht gut findet.<\/span><\/span><\/p>\n<p class=\"Normal-P\" style=\"margin-bottom: 6pt; text-align: justify; text-justify: inter-ideograph; direction: ltr; unicode-bidi: normal;\"><span class=\"Normal-H\"><span style=\"font-family: Times New Roman;\">Dank Sarah k\u00f6nnen alle technischen Probleme gel\u00f6st werden und wir k\u00f6nnen einem gem\u00fctlichen Abendessen mit Spaghetti and Sauce und einem oder zwei Gl\u00e4sern Rotwein entgegensehen.<\/span><span style=\"font-family: Times New Roman;\">Dank den Nachbarn im anderen Cottage konnten wir die Spaghetti im Salzwasser kochen!<\/span><span style=\"font-family: Times New Roman;\">Was h\u00e4tten wir sonst gemacht?<\/span><span style=\"font-family: Times New Roman;\">Wir verbringen einen netten Abend mit viel Gespr\u00e4chen und viel Lachen und stossen auf unsere Schottlandferien an, die so sch\u00f6n begonnen haben. Wir sind gespannt darauf, was uns alles noch erwartet.<\/span><\/span><\/p>\n<\/td>\n<\/tr>\n<tr class=\"-R\">\n<td class=\"-C\" style=\"width: 253.5pt;\">\n<p class=\"Normal-P\" style=\"direction: ltr; unicode-bidi: normal;\"><span class=\"Normal-H\"><span style=\"font-family: Times New Roman; font-size: 12pt;\"><img decoding=\"async\" src=\"http:\/\/www.adrianwood.ch\/wp-content\/uploads\/2017\/04\/1491215122_image3.jpeg\" data-link=\"\" width=\"317.661522309711px       \" height=\"232px       \"><\/span><\/span><\/p>\n<\/td>\n<td class=\"-C\" style=\"width: 249.1pt;\">\n<p class=\"Normal-P\" style=\"text-align: justify; text-justify: inter-ideograph; direction: ltr; unicode-bidi: normal;\"><span class=\"Normal-H\"><span style=\"font-family: Times New Roman; font-size: 12pt;\"><img decoding=\"async\" src=\"http:\/\/www.adrianwood.ch\/wp-content\/uploads\/2017\/04\/1491215122_image4.jpeg\" data-link=\"\" width=\"316px       \" height=\"232.206719160105px       \"><\/span><\/span><\/p>\n<\/td>\n<\/tr>\n<tr class=\"-R\">\n<td class=\"-C\" style=\"width: 502.6pt;\" colspan=\"2\">\n<p class=\"Normal-P\" style=\"text-align: justify; text-justify: inter-ideograph; direction: ltr; unicode-bidi: normal;\"><span class=\"Normal-H\"><span style=\"font-family: Times New Roman; font-weight: bold;\">Montag, 18.Mai,<\/span><span style=\"font-family: Times New Roman; font-weight: bold;\">2009<\/span><\/span><\/p>\n<p class=\"Normal-P\" style=\"margin-bottom: 6pt; text-align: justify; text-justify: inter-ideograph; direction: ltr; unicode-bidi: normal;\"><span class=\"Normal-H\"><span style=\"font-family: Times New Roman;\">Der Sonnenschein und der blaue Himmel wecken mich schon sehr fr\u00fch auf. Brunni und ich sind schon um 7.00 draussen vor dem Cottage. Wir machen trotz K\u00e4lte einen Morgenspaziergang und erkunden die Gegend. Wir essen dann alle zusammen gem\u00fctlich unseren Morgenessen, das aus Saft, M\u00fcsli, Brot,Butter, Konfit\u00fcre,<\/span><span style=\"font-family: Times New Roman;\">Wurst und K\u00e4se besteht.<\/span><\/span><\/p>\n<p class=\"Normal-P\" style=\"margin-bottom: 6pt; text-align: justify; text-justify: inter-ideograph; direction: ltr; unicode-bidi: normal;\"><span class=\"Normal-H\"><span style=\"font-family: Times New Roman;\">Wir bereiten unser Picknick inklusiv Marschtee und sind dann um ca. 10.00 marschbereit f\u00fcr unsere K\u00fcstenwanderung. Wir werden die Postie\u2019s route in umgekehrter Richtung unternehmen und sehen, wie weit wir kommen werden. Wir m\u00fcssen zuerst wieder zur \u201eHauptstrasse\u201c hinaufsteigen, der wir dann in Richtung Achvrai<\/span><span style=\"font-family: Times New Roman;\">e<\/span><span style=\"font-family: Times New Roman;\"> folgen. Bald befinden wir uns an der Abzweigung, die hinunter zum Youth Hostel f\u00fchrt und dann bei derjenigen, die auf einem Fahrweg nach Achduart f\u00fchrt. Wir folgen letzterer und kommen immer weiter an die Meeresk\u00fcste hinunter. Wir lassen uns Zeit, die sch\u00f6ne Aussicht auf das Meer zu geniessen.<\/span><\/span><\/p>\n<p class=\"Normal-P\" style=\"margin-bottom: 6pt; text-align: justify; text-justify: inter-ideograph; direction: ltr; unicode-bidi: normal;\"><span class=\"Normal-H\"><span style=\"font-family: Times New Roman;\">Bei den wenigen H\u00e4usern bei Achduart beginnt der Fusspfad, welcher der K\u00fcste entlang f\u00fchrt. Diesem folgen wir nun, mal geradeaus, mal hinunter, mal etwas hinauf. Wir passieren die Abzweigung hinauf nach Culnacraig und steigen einmal in ein kleines malerisches Tobel hinunter und wieder hinauf. Dann geht es wieder geradeaus weiter, hoch \u00fcber dem Meer. Der Hang wir<\/span><span style=\"font-family: Times New Roman;\">d<\/span><span style=\"font-family: Times New Roman;\"> zusehends steiler und der Weg zu einem Bergweg.<\/span><span style=\"font-family: Times New Roman;\"> Um ca. 13.00 machen wir unseren Mittagshalt und dies ist dann auch der Endpunkt der Wanderung.<\/span><\/span><\/p>\n<\/td>\n<\/tr>\n<tr class=\"-R\">\n<td class=\"-C\" style=\"width: 253.5pt;\">\n<p class=\"Normal-P\" style=\"text-align: justify; text-justify: inter-ideograph; direction: ltr; unicode-bidi: normal;\"><span class=\"Normal-H\"><span style=\"font-family: Times New Roman; font-size: 12pt;\"><img decoding=\"async\" src=\"http:\/\/www.adrianwood.ch\/wp-content\/uploads\/2017\/04\/1491215122_image5.jpeg\" data-link=\"\" width=\"323px       \" height=\"232.995590551181px       \"><\/span><\/span><\/p>\n<\/td>\n<td class=\"-C\" style=\"width: 249.1pt;\">\n<p class=\"Normal-P\" style=\"text-align: justify; text-justify: inter-ideograph; direction: ltr; unicode-bidi: normal;\"><span class=\"Normal-H\"><span style=\"font-family: Times New Roman; font-size: 12pt;\"><img decoding=\"async\" src=\"http:\/\/www.adrianwood.ch\/wp-content\/uploads\/2017\/04\/1491215122_image6.jpeg\" data-link=\"\" width=\"316.074750656168px       \" height=\"228px       \"><\/span><\/span><\/p>\n<\/td>\n<\/tr>\n<tr class=\"-R\">\n<td class=\"-C\" style=\"width: 502.6pt;\" colspan=\"2\">\n<p class=\"Normal-P\" style=\"text-align: justify; text-justify: inter-ideograph; direction: ltr; unicode-bidi: normal;\"><span class=\"Normal-H\"><span style=\"font-family: Times New Roman;\">Ich denke, dass wir in die N\u00e4he von Geodha Mor gekommen sind.<\/span><span style=\"font-family: Times New Roman;\">Von hier aus m\u00fcsste man eine steile felsige Bucht umrunden. Auf der anderen Seite der Bucht ist kein Weg auszumachen.<\/span><span style=\"font-family: Times New Roman;\">Unterdessen hat sich das Wetter <\/span><span style=\"font-family: Times New Roman;\">etwas verschlechtert, die Sonne ist verschwunden. Wir machen uns auf den R\u00fcckweg. Wir nehmen sp\u00e4ter die direkte Abzweigung hinauf nach Culnacraig, das aus einem einzige<\/span><span style=\"font-family: Times New Roman;\">n Bauerhof zu bestehen scheint.<\/span><span style=\"font-family: Times New Roman;\"> Hi<\/span><span style=\"font-family: Times New Roman;\">er ergibt sich die Gelegenheit, <\/span><span style=\"font-family: Times New Roman;\">Mutterschafe mit ihren Jungen zu fotografieren.<\/span><\/span><\/p>\n<p class=\"Normal-P\" style=\"text-align: justify; text-justify: inter-ideograph; direction: ltr; unicode-bidi: normal;\"><span class=\"Normal-H\"><span style=\"font-family: Times New Roman;\">Es wird immer d\u00fcsterer und entsprechend d\u00fcster zeigt sich die \u00f6de Landschaft. Bald m\u00fcssen wir unser Regenzeug her<\/span><span style=\"font-family: Times New Roman;\">&#8211;<\/span><span style=\"font-family: Times New Roman;\">ausholen.<\/span><\/span><\/p>\n<\/td>\n<\/tr>\n<tr class=\"-R\">\n<td class=\"-C\" style=\"width: 253.5pt;\">\n<p class=\"Normal-P\" style=\"text-align: justify; text-justify: inter-ideograph; direction: ltr; unicode-bidi: normal;\"><span class=\"Normal-H\"><span style=\"font-family: Times New Roman; font-size: 12pt;\"><img decoding=\"async\" src=\"http:\/\/www.adrianwood.ch\/wp-content\/uploads\/2017\/04\/1491215122_image7.jpeg\" data-link=\"\" width=\"320px       \" height=\"231.325354330709px       \"><\/span><\/span><\/p>\n<\/td>\n<td class=\"-C\" style=\"width: 249.1pt;\">\n<p class=\"Normal-P\" style=\"text-align: justify; text-justify: inter-ideograph; direction: ltr; unicode-bidi: normal;\"><span class=\"Normal-H\"><span style=\"font-family: Times New Roman; font-size: 12pt;\"><img decoding=\"async\" src=\"http:\/\/www.adrianwood.ch\/wp-content\/uploads\/2017\/04\/1491215122_image8.jpeg\" data-link=\"\" width=\"317px       \" height=\"228.55811023622px       \"><\/span><\/span><\/p>\n<\/td>\n<\/tr>\n<tr class=\"-R\">\n<td class=\"-C\" style=\"width: 502.6pt;\" colspan=\"2\">\n<p class=\"Normal-P\" style=\"text-align: center; direction: ltr; unicode-bidi: normal;\"><span class=\"Normal-H\"><span style=\"font-family: Times New Roman;\">der K\u00fcstenweg<\/span><\/span><\/p>\n<\/td>\n<\/tr>\n<tr class=\"-R\">\n<td class=\"-C\" style=\"width: 502.6pt;\" colspan=\"2\">\n<p class=\"Normal-P\" style=\"text-align: justify; text-justify: inter-ideograph; direction: ltr; unicode-bidi: normal;\"><span class=\"Normal-H\"><span style=\"font-family: Times New Roman;\">Zielstrebig gehen wir vorw\u00e4rts, tr\u00e4umen zuerst noch von einem Bier in einer Bar und dann bald von einer <\/span><span style=\"font-family: Times New Roman;\">\u201ecup of tea\u201c in unserem Cottage. <\/span><span style=\"font-family: Times New Roman;\">Wir kommen gut nachhause, duschen und trinken dann Tee. Bald k\u00f6nnen wir wieder draussen vor dem Haus sitzen und gehen bald zum Aperitif mit Bier \u00fcber. Der fr\u00fche Abend beschert uns sehr abwechslungsreiche Wetter<\/span><span style=\"font-family: Times New Roman;\">&#8211;<\/span><span style=\"font-family: Times New Roman;\">stimmungen, die mich zum Spazierengehen und Foto<\/span><span style=\"font-family: Times New Roman;\">&#8211;<\/span><span style=\"font-family: Times New Roman;\">grafieren animieren. Hier knipse ich die Fotos, die mir dann zuhause am besten gefallen.<\/span><\/span><\/p>\n<\/td>\n<\/tr>\n<tr class=\"-R\">\n<td class=\"-C\" style=\"width: 502.6pt;\" colspan=\"2\">\n<p class=\"Normal-P\" style=\"text-align: justify; text-justify: inter-ideograph; direction: ltr; unicode-bidi: normal;\"><span class=\"Normal-H\"><span style=\"font-family: Times New Roman;\"><img decoding=\"async\" src=\"http:\/\/www.adrianwood.ch\/wp-content\/uploads\/2017\/04\/1491215122_image9.jpeg\" data-link=\"\" width=\"649px       \" height=\"302px       \"><\/span><\/span><\/p>\n<\/td>\n<\/tr>\n<tr class=\"-R\">\n<td class=\"-C\" style=\"width: 502.6pt;\" colspan=\"2\">\n<p class=\"Normal-P\" style=\"text-align: justify; text-justify: inter-ideograph; direction: ltr; unicode-bidi: normal;\"><span class=\"Normal-H\"><span style=\"font-family: Times New Roman;\">Wir machen uns wieder ans Kochen. Dieses Mal gibt es Reis mit einer Pouletsauce aus der B\u00fcchse, die ganz gut schmeckt. Dazu essen wir Tomaten und Gurken und zum Dessert gibt es Guetzli mit Kaffee oder Tee. Auch dieses Abendessen ver<\/span><span style=\"font-family: Times New Roman;\">&#8211;<\/span><span style=\"font-family: Times New Roman;\">l\u00e4uft lustig und harmonisch. Wir sind schon ein ei<\/span><span style=\"font-family: Times New Roman;\">ngespieltes Team. Nun wird das <\/span><span style=\"font-family: Times New Roman;\">Zusammensein in der Vierergruppe ein Ende haben. <\/span><\/span><\/p>\n<p class=\"Normal-P\" style=\"text-align: justify; text-justify: inter-ideograph; direction: ltr; unicode-bidi: normal;\"><span class=\"Normal-H\"><span style=\"font-family: Times New Roman;\">Wir sind noch besch\u00e4ftig mit Packen und Ordnen. Das Putzen verschieben wir auf morgen.<\/span><\/span><\/p>\n<p class=\"Normal-P\" style=\"text-align: justify; text-justify: inter-ideograph; direction: ltr; unicode-bidi: normal;\"><span class=\"Normal-H\"><\/span><\/p>\n<\/td>\n<\/tr>\n<tr class=\"-R\">\n<td class=\"-C\" style=\"width: 253.5pt;\">\n<p class=\"Normal-P\" style=\"margin-top: 6pt; direction: ltr; unicode-bidi: normal;\"><span class=\"Normal-H\"><span style=\"font-family: Times New Roman;\"><img decoding=\"async\" src=\"http:\/\/www.adrianwood.ch\/wp-content\/uploads\/2017\/04\/1491215122_image10.jpeg\" data-link=\"\" width=\"321.388871391076px       \" height=\"234px       \"><\/span><\/span><\/p>\n<\/td>\n<td class=\"-C\" style=\"width: 249.1pt;\">\n<p class=\"Normal-P\" style=\"text-align: justify; text-justify: inter-ideograph; direction: ltr; unicode-bidi: normal;\"><span class=\"Normal-H\"><span style=\"font-family: Times New Roman; font-weight: bold;\">Dienstag, 19.5. 2009<\/span><\/span><\/p>\n<p class=\"Normal-P\" style=\"text-align: justify; text-justify: inter-ideograph; direction: ltr; unicode-bidi: normal;\"><span class=\"Normal-H\"><span style=\"font-family: Times New Roman;\">Wieder sind wir wegen des Lichtes fr\u00fch wach. Brunni und ich packen und r\u00e4umen. Dann beginnen wir mit den Vorbreitungen zum Morgenessen. Nochmals wird alles, was wir haben aufgetischt, die Brote hergerichtet und das restliche Essen (und wie viel) separat eingepackt. Nachdem das Gep\u00e4ck herausgestellt ist, machen wir uns ans <\/span><span style=\"font-family: Times New Roman;\">Putzen. Bald ist alles sch\u00f6ner als wir es angetroffen haben. Der Bus holt uns beim Cottage ab, wor\u00fcber wir froh sind, h\u00e4tten wir doch M\u00fche gehabt, die schweren Koffer den Berg hinauf zu hieven.<\/span><\/span><\/p>\n<p class=\"Normal-P\" style=\"margin-bottom: 6pt; text-align: justify; text-justify: inter-ideograph; direction: ltr; unicode-bidi: normal;\"><span class=\"Normal-H\"><span style=\"font-family: Times New Roman;\">Ade, Badensca<\/span><span style=\"font-family: Times New Roman;\">l<\/span><span style=\"font-family: Times New Roman;\">lie ! Wir haben eine sch\u00f6ne Zeit hier verbracht und in kurzer Zeit viel erlebt.<\/span><span style=\"font-family: Times New Roman;\">Marianne<\/span><\/span><\/p>\n<\/td>\n<\/tr>\n<tr class=\"-R\">\n<td class=\"-C\" style=\"width: 502.6pt;\" colspan=\"2\">\n<p class=\"Normal-P\" style=\"text-align: center; direction: ltr; unicode-bidi: normal;\"><span class=\"Normal-H\"><span style=\"font-family: Times New Roman;\"><img decoding=\"async\" src=\"http:\/\/www.adrianwood.ch\/wp-content\/uploads\/2017\/04\/1491215122_image11.jpeg\" data-link=\"\" width=\"649px       \" height=\"262px       \"><\/span><\/span><\/p>\n<\/td>\n<\/tr>\n<p><!-- [if !supportMisalignedColumns]--><\/tbody>\n<\/table>\n<\/div>\n","protected":false},"excerpt":{"rendered":"<p>Sonntag, 17.Mai \u2013 Dienstag, 19.Mai 2009, Die Zeit in Badenscallie Vierergruppe: Bert, Vreni, Bruni, Marianne Wir, Vreni und Bert und Bruni und ich warten in der Lobby des Royal Hotels in Ullapoolauf das Taxi, das uns nach Badenscallie bringen soll.Eigentlich h\u00e4tten wir die K\u00fcstenwanderung vom Parkplatz Blughasary aus nach Badenscallie machen sollen, die einen ganzen &hellip; <a href=\"https:\/\/www.adrianwood.ch\/?page_id=185\" class=\"more-link\">Continue reading <span class=\"screen-reader-text\">05-17 Badenscallie<\/span> <span class=\"meta-nav\">&rarr;<\/span><\/a><\/p>\n","protected":false},"author":1,"featured_media":0,"parent":157,"menu_order":2325,"comment_status":"closed","ping_status":"closed","template":"","meta":{"ngg_post_thumbnail":0,"footnotes":""},"class_list":["post-185","page","type-page","status-publish","hentry"],"_links":{"self":[{"href":"https:\/\/www.adrianwood.ch\/index.php?rest_route=\/wp\/v2\/pages\/185","targetHints":{"allow":["GET"]}}],"collection":[{"href":"https:\/\/www.adrianwood.ch\/index.php?rest_route=\/wp\/v2\/pages"}],"about":[{"href":"https:\/\/www.adrianwood.ch\/index.php?rest_route=\/wp\/v2\/types\/page"}],"author":[{"embeddable":true,"href":"https:\/\/www.adrianwood.ch\/index.php?rest_route=\/wp\/v2\/users\/1"}],"replies":[{"embeddable":true,"href":"https:\/\/www.adrianwood.ch\/index.php?rest_route=%2Fwp%2Fv2%2Fcomments&post=185"}],"version-history":[{"count":2,"href":"https:\/\/www.adrianwood.ch\/index.php?rest_route=\/wp\/v2\/pages\/185\/revisions"}],"predecessor-version":[{"id":11962,"href":"https:\/\/www.adrianwood.ch\/index.php?rest_route=\/wp\/v2\/pages\/185\/revisions\/11962"}],"up":[{"embeddable":true,"href":"https:\/\/www.adrianwood.ch\/index.php?rest_route=\/wp\/v2\/pages\/157"}],"wp:attachment":[{"href":"https:\/\/www.adrianwood.ch\/index.php?rest_route=%2Fwp%2Fv2%2Fmedia&parent=185"}],"curies":[{"name":"wp","href":"https:\/\/api.w.org\/{rel}","templated":true}]}}