{"id":19619,"date":"2019-06-07T16:09:52","date_gmt":"2019-06-07T16:09:52","guid":{"rendered":"http:\/\/www.adrianwood.ch\/?page_id=19619"},"modified":"2019-06-10T07:29:53","modified_gmt":"2019-06-10T07:29:53","slug":"programm","status":"publish","type":"page","link":"https:\/\/www.adrianwood.ch\/?page_id=19619","title":{"rendered":"Programm"},"content":{"rendered":"<figure id=\"attachment_19620\" aria-describedby=\"caption-attachment-19620\" style=\"width: 1620px\" class=\"wp-caption alignleft\"><a href=\"http:\/\/www.adrianwood.ch\/wp-content\/uploads\/2019\/06\/MAL_0225.jpg\"><img loading=\"lazy\" decoding=\"async\" class=\"size-full wp-image-19620\" src=\"http:\/\/www.adrianwood.ch\/wp-content\/uploads\/2019\/06\/MAL_0225.jpg\" alt=\"\" width=\"1620\" height=\"1080\" srcset=\"https:\/\/www.adrianwood.ch\/wp-content\/uploads\/2019\/06\/MAL_0225.jpg 1620w, https:\/\/www.adrianwood.ch\/wp-content\/uploads\/2019\/06\/MAL_0225-300x200.jpg 300w, https:\/\/www.adrianwood.ch\/wp-content\/uploads\/2019\/06\/MAL_0225-768x512.jpg 768w, https:\/\/www.adrianwood.ch\/wp-content\/uploads\/2019\/06\/MAL_0225-1024x683.jpg 1024w\" sizes=\"auto, (max-width: 1620px) 100vw, 1620px\" \/><\/a><figcaption id=\"caption-attachment-19620\" class=\"wp-caption-text\">Die Tramuntana Gebirge<\/figcaption><\/figure>\n<h2><strong>Mallorca Wanderreise 2019 Programm<\/strong><\/h2>\n<h3>Organisiert von <a href=\"https:\/\/www.lupereisen.com\/\" target=\"_blank\" rel=\"noopener noreferrer\">Lupe Reisen<\/a><\/h3>\n<p>Menu links ben\u00fctzen \/ Use menue on left<\/p>\n<ol>\n<li><strong> Tag: Anreise <\/strong><\/li>\n<\/ol>\n<p>Fluganreise nach Mallorca, Transfer zum idyllisch \u00fcber einer malerischen Badebucht gelegenen Hotel in Cala Fornells. Nach dem Einchecken f\u00fcr die ersten 4 N\u00e4chte bleibt Zeit f\u00fcr einen Waldspaziergang entlang der K\u00fcste.<\/p>\n<ol start=\"2\">\n<li><strong> Tag: Insel Sa Dragonera <\/strong><\/li>\n<\/ol>\n<p>Eine kurze Schifffahrt bringt uns zur Schwesterinsel Sa Dragonera, auf der kein motorisierter Verkehr erlaubt ist. \u00dcber alte Wege erklimmen wir den H\u00f6henzug der Insel, von wo sich eine tolle Aussicht auf das Tramuntana-Gebirge mit seinen Gipfeln bietet. (Aufstieg: 300 m, Abstieg<strong>: <\/strong>300 m, L\u00e4nge: ca. 5 km, Dauer: ca. 2,5 h)<\/p>\n<ol start=\"3\">\n<li><strong> Tag: Galatz\u00f3 \u2013 Das Matterhorn Mallorca\u2019s <\/strong><\/li>\n<\/ol>\n<p>Heute steht einer der imposantesten Gipfel Mallorca\u2019s auf dem Programm, der Galatz\u00f3. Im kleinen Ort Puigpunyent starten wir und lassen nach kurzer Wanderung den Wald hinter uns. Auf dem Sattel angekommen, geht es weiter hinauf auf den Gipfel (1.026 m), bei einem Picknick genie\u00dfen wir den schier endlosen Ausblick. Wem dieser alpine Anstieg zu schwer ist, der steigt mit unserem zweiten Guide vom Sattel aus direkt nach Estellencs ab und hat Zeit f\u00fcr eine Besichtigung des sch\u00f6nen Bergdorfs. (Aufstieg 550 m (350 m ohne Gipfel), Abstieg 800 m (600 m ohne Gipfel), L\u00e4nge 10 km, Dauer: ca. 5 h bzw. ca. 3 h)<\/p>\n<ol start=\"4\">\n<li><strong> Tag: Von San Telmo nach La Trapa <\/strong><\/li>\n<\/ol>\n<p>Das abgelegene Trappistenkloster La Trapa ist ein beliebtes Wanderziel, das auch wir nicht missen wollen. (Aufstieg: 610 m, Abstieg<strong>: <\/strong>250 m, L\u00e4nge<strong>: <\/strong>10,5 km, Dauer: ca. 4 h)<\/p>\n<ol start=\"5\">\n<li><strong> Tag: Valldemossa, Unterkunftswechsel nach S\u00f3ller <\/strong><\/li>\n<\/ol>\n<p>Valldemossa liegt herrlich im Zentrum der Sierra de Tramuntana und ist Ausgangspunkt f\u00fcr viele sch\u00f6ne Wanderungen. Wir wandern zun\u00e4chst durch einen verwunschenen Steineichenwald auf ein Plateau. Auf der Hochebene sto\u00dfen wir auf den Reitweg des \u00f6sterreichischen Erzherzogs Ludwig Salvator und genie\u00dfen ein traumhaftes Panorama. Zur\u00fcck in Valldemossa ist die Kart\u00e4userkirche einen Besuch wert. (Aufstieg: 550 m, Abstieg: 550 m, L\u00e4nge: 10,0 km, Dauer: ca. 4 h) Ins Hotel Marina in Puerto de S\u00f3ller ist es nicht mehr weit (4 N\u00e4chte).<\/p>\n<ol start=\"6\">\n<li><strong> Tag: Von Dei\u00e1 nach S\u00f3ller <\/strong><\/li>\n<\/ol>\n<p>In eine kleine Bucht in der gebirgigen K\u00fcste schmiegt sich das D\u00f6rfchen Dei\u00e1. Von hier machen wir uns entlang des Gebirges durch lichten Wald und immer wieder mit traumhaften Blicken auf K\u00fcste und Meer auf den Weg nach S\u00f3ller. Kein Gruppen-Abend-essen. (Aufstieg: 400 m, Abstieg: 350 m, L\u00e4nge: 12,0 km, Dauer: ca. 3.5 h)<\/p>\n<ol start=\"7\">\n<li><strong> Tag: Mallorcas Pilgerschlucht <\/strong><\/li>\n<\/ol>\n<p>Mit der 100 Jahre alten Stra\u00dfenbahn fahren wir nach S\u00f3ller. Zu Fu\u00df geht es weiter ins D\u00f6rfchen Biniaraix. Von hier aus beginnen wir unseren Weg auf dem restaurierte Pilgerweg Cam\u00ed des Barranc hoch zum Stausee C\u00faber. (Aufstieg: 750 m, Abstieg: 125 m, L\u00e4nge: 12 km, Dauer: ca. 4h)<\/p>\n<ol start=\"8\">\n<li><strong> Tag: K\u00fcstenzauber \u2013 zu Fu\u00df und mit dem Boot <\/strong><\/li>\n<\/ol>\n<p>Die stille Landschaft zwischen Port de Soller und der Cala Tuent mit ihren Orangenplantagen und Olivenhainen wird uns heute bezaubern. Die ausdauernde Wanderung bietet viele sch\u00f6ne Ausblicke und am Ende einen Strand der zum Bad einl\u00e4dt. Mit dem Boot geht es von der Cala Tuent zur\u00fcck zum Hotel. (Aufstieg: 350m, Abstieg: 700m, L\u00e4nge: 13km, Dauer: ca. 4 h)<\/p>\n<ol start=\"9\">\n<li><strong> Tag: Fornalutx \u2013 das sch\u00f6nste Dorf Mallorcas, Unterkunftswechsel <\/strong><\/li>\n<\/ol>\n<p>In unserem Hotel schn\u00fcren wir unsere Stiefel und machen uns zun\u00e4chst auf zum Mirador de ses Barques, von wo wir einen sch\u00f6nen Blick zur\u00fcck auf die Hafenbucht genie\u00dfen k\u00f6nnen. Weiter geht es ins sch\u00f6ne Fornalutx. Wir sehen uns das malerische Dorf an und fahren dann mit dem Bus weiter zu unserer n\u00e4chsten Unterkunft. (Aufstieg: 450 m, Abstieg: 450 m, L\u00e4nge: 12 km, ca. 2,5 h)<\/p>\n<ol start=\"10\">\n<li><strong> Tag: K\u00f6nigsetappe Massanella <\/strong><\/li>\n<\/ol>\n<p>Wanderung direkt von Lluc aus auf den Puig de Massanella (1.365m), den h\u00f6chst begehbaren Berg Mallorcas. (Aufstieg: 850 m, Abstieg: 850 m, L\u00e4nge: 14 km Dauer: ca. 5 h). Die bequemere Alternative w\u00e4re eine Rundwanderung um Lluc (1,5 &#8211; 3 h).<\/p>\n<ol start=\"11\">\n<li><strong> Tag: Inselrundfahrt, Unterkunftswechsel nach Colonia de San Jordi <\/strong><\/li>\n<\/ol>\n<p>Mit einer Stadtf\u00fchrung l\u00e4sst sich die interessante Hauptstadt der Insel am besten erkunden. Nach einem ausgiebigen Bummel durch Palma geht es weiter zur letzten Unterkunft in Colonia de San Jordi am Meer. Einchecken im Hotel in Colonia de San Jordi (4 N\u00e4chte).<\/p>\n<ol start=\"12\">\n<li><strong> Tag: Buchtenzauber im Naturpark Mondrago <\/strong><\/li>\n<\/ol>\n<p>Von Cala Figuera machen wir uns auf in den Naturpark Mondrago mit seinen t\u00fcrkisblau schimmernden Buchten. An einem der sch\u00f6nen Str\u00e4nde dort bleibt Zeit zum Entspannen oder f\u00fcr ein erfrischendes Bad im Meer. (Aufstieg: 150 m, Abstieg: 150 m, L\u00e4nge: 9,0 km, Dauer: ca. 2,5h)<\/p>\n<ol start=\"13\">\n<li><strong> Tag: K\u00fcstenwanderung: <\/strong><\/li>\n<\/ol>\n<p>K\u00fcstenwanderung von Cap Ses Salines nach Colonia de San Jordi. Kein Gruppen-Abendessen. (Aufstieg: 50 m, Abstieg: 50 m, L\u00e4nge: 10,0 km, Dauer: ca. 2,5 h)<\/p>\n<ol start=\"14\">\n<li><strong> Tag: Entspannungstag am Meer <\/strong><\/li>\n<\/ol>\n<p>Wie w\u00e4re es mit einem Bootsausflug auf die Insel Cabrera? Im Insel-Nationalpark bieten sich ganz besondere Landschafts-eindr\u00fccke (Kosten vor Ort ca. 35 bis 40 \u20ac pro Person).<\/p>\n<ol start=\"15\">\n<li><strong> Tag: R\u00fcckreise <\/strong><\/li>\n<\/ol>\n<p>Transfer vom Hotel zum Flughafen Mallorca und R\u00fcckflug.<\/p>\n<figure id=\"attachment_19666\" aria-describedby=\"caption-attachment-19666\" style=\"width: 1620px\" class=\"wp-caption alignleft\"><a href=\"http:\/\/www.adrianwood.ch\/wp-content\/uploads\/2019\/06\/MAL_0128.jpg\"><img loading=\"lazy\" decoding=\"async\" class=\"size-full wp-image-19666\" src=\"http:\/\/www.adrianwood.ch\/wp-content\/uploads\/2019\/06\/MAL_0128.jpg\" alt=\"\" width=\"1620\" height=\"1080\" srcset=\"https:\/\/www.adrianwood.ch\/wp-content\/uploads\/2019\/06\/MAL_0128.jpg 1620w, https:\/\/www.adrianwood.ch\/wp-content\/uploads\/2019\/06\/MAL_0128-300x200.jpg 300w, https:\/\/www.adrianwood.ch\/wp-content\/uploads\/2019\/06\/MAL_0128-768x512.jpg 768w, https:\/\/www.adrianwood.ch\/wp-content\/uploads\/2019\/06\/MAL_0128-1024x683.jpg 1024w\" sizes=\"auto, (max-width: 1620px) 100vw, 1620px\" \/><\/a><figcaption id=\"caption-attachment-19666\" class=\"wp-caption-text\">Auf dem Galatzo, das Matterhorn von Mallorca<\/figcaption><\/figure>\n","protected":false},"excerpt":{"rendered":"<p>Mallorca Wanderreise 2019 Programm Organisiert von Lupe Reisen Menu links ben\u00fctzen \/ Use menue on left Tag: Anreise Fluganreise nach Mallorca, Transfer zum idyllisch \u00fcber einer malerischen Badebucht gelegenen Hotel in Cala Fornells. Nach dem Einchecken f\u00fcr die ersten 4 N\u00e4chte bleibt Zeit f\u00fcr einen Waldspaziergang entlang der K\u00fcste. Tag: Insel Sa Dragonera Eine kurze &hellip; <a href=\"https:\/\/www.adrianwood.ch\/?page_id=19619\" class=\"more-link\">Continue reading <span class=\"screen-reader-text\">Programm<\/span> <span class=\"meta-nav\">&rarr;<\/span><\/a><\/p>\n","protected":false},"author":1,"featured_media":0,"parent":19613,"menu_order":2602,"comment_status":"closed","ping_status":"closed","template":"","meta":{"ngg_post_thumbnail":0,"footnotes":""},"class_list":["post-19619","page","type-page","status-publish","hentry"],"_links":{"self":[{"href":"https:\/\/www.adrianwood.ch\/index.php?rest_route=\/wp\/v2\/pages\/19619","targetHints":{"allow":["GET"]}}],"collection":[{"href":"https:\/\/www.adrianwood.ch\/index.php?rest_route=\/wp\/v2\/pages"}],"about":[{"href":"https:\/\/www.adrianwood.ch\/index.php?rest_route=\/wp\/v2\/types\/page"}],"author":[{"embeddable":true,"href":"https:\/\/www.adrianwood.ch\/index.php?rest_route=\/wp\/v2\/users\/1"}],"replies":[{"embeddable":true,"href":"https:\/\/www.adrianwood.ch\/index.php?rest_route=%2Fwp%2Fv2%2Fcomments&post=19619"}],"version-history":[{"count":7,"href":"https:\/\/www.adrianwood.ch\/index.php?rest_route=\/wp\/v2\/pages\/19619\/revisions"}],"predecessor-version":[{"id":19956,"href":"https:\/\/www.adrianwood.ch\/index.php?rest_route=\/wp\/v2\/pages\/19619\/revisions\/19956"}],"up":[{"embeddable":true,"href":"https:\/\/www.adrianwood.ch\/index.php?rest_route=\/wp\/v2\/pages\/19613"}],"wp:attachment":[{"href":"https:\/\/www.adrianwood.ch\/index.php?rest_route=%2Fwp%2Fv2%2Fmedia&parent=19619"}],"curies":[{"name":"wp","href":"https:\/\/api.w.org\/{rel}","templated":true}]}}