{"id":19648,"date":"2019-06-07T16:30:09","date_gmt":"2019-06-07T16:30:09","guid":{"rendered":"http:\/\/www.adrianwood.ch\/?page_id=19648"},"modified":"2019-06-21T15:19:09","modified_gmt":"2019-06-21T15:19:09","slug":"04-28-sa-dragonera","status":"publish","type":"page","link":"https:\/\/www.adrianwood.ch\/?page_id=19648","title":{"rendered":"04-28 Sa Dragonera"},"content":{"rendered":"<div class=\"pmdi_content_wrapper\">\n<h2 class=\"Normal-P\" style=\"margin-bottom: 6pt; text-align: justify; text-justify: inter-ideograph; direction: ltr; unicode-bidi: normal;\"><span class=\"Normal-H\"><span style=\"font-family: Times New Roman; font-weight: bold;\">28. April 2019<\/span><span style=\"font-family: Times New Roman; font-weight: bold;\">, <\/span><span style=\"font-family: Times New Roman; font-weight: bold;\">Insel Sa <\/span><span style=\"font-family: Times New Roman; font-weight: bold;\">Dragonera<\/span><\/span><\/h2>\n<table class=\"TableGrid-T\" style=\"border-collapse: collapse; height: 2256px;\" width=\"474\" cellspacing=\"0\">\n<tbody>\n<tr class=\"-R\">\n<td class=\"-C\" style=\"width: 481.4pt; border: none windowtext 0pt;\" colspan=\"2\"><span class=\"Normal-H\">Zun\u00e4chst einmal musste das Programm umgestellt werden, da der f\u00fcr die Insel Sa Dragonera (Dracheninsel) vorgesehene Tag 4 (Dienstag) nicht geeignet war. Die Insel wurde an diesem Tag von zahlreichen Schulklassen aufgesucht, so dass unser Wanderleiter kurzfristig beschloss, Sa Dragonera schon am Sonntag, daf\u00fcr aber ohne Schulklassen zu besuchen.<\/span><\/td>\n<\/tr>\n<tr class=\"-R\">\n<td class=\"-C\" style=\"width: 240.7pt; border: none windowtext 0pt;\">\n<p class=\"Normal-P\" style=\"margin-bottom: 6pt; text-align: justify; text-justify: inter-ideograph; direction: ltr; unicode-bidi: normal;\"><span class=\"Normal-H\"><span style=\"font-family: Times New Roman;\"><img loading=\"lazy\" decoding=\"async\" class=\"\" src=\"http:\/\/www.adrianwood.ch\/wp-content\/uploads\/2019\/06\/1559924969_image1.jpeg\" data-link=\"\" width=\"350\" height=\"233\"><\/span><\/span><\/p>\n<\/td>\n<td class=\"-C\" style=\"width: 240.7pt; border: none windowtext 0pt;\">\n<p class=\"Normal-P\" style=\"margin-bottom: 6pt; text-align: justify; text-justify: inter-ideograph; direction: ltr; unicode-bidi: normal;\"><span class=\"Normal-H\"><span style=\"font-family: Times New Roman;\"><img loading=\"lazy\" decoding=\"async\" class=\"\" src=\"http:\/\/www.adrianwood.ch\/wp-content\/uploads\/2019\/06\/1559924969_image2.jpeg\" data-link=\"\" width=\"350\" height=\"233\"><\/span><\/span><\/p>\n<\/td>\n<\/tr>\n<tr class=\"-R\">\n<td class=\"-C\" style=\"width: 481.4pt; border: none windowtext 0pt;\" colspan=\"2\">\n<p class=\"Normal-P\" style=\"margin-bottom: 6pt; text-align: justify; text-justify: inter-ideograph; direction: ltr; unicode-bidi: normal;\"><span class=\"Normal-H\"><span style=\"font-family: Times New Roman;\">Nach einem ausgiebigen Fr\u00fchst\u00fcck vom reichhaltigen Buffet brachte uns der Bus nach <\/span><span style=\"font-family: Times New Roman;\">Sant<\/span><span style=\"font-family: Times New Roman;\"> Elm. Unterwegs hatten wir Gelegenheit in einem Supermarkt Getr\u00e4nke und Essbares f\u00fcr den Lunch zu besorgen. Es wurden Unmengen an Mineralwasser im Bus gebunkert. In <\/span><span style=\"font-family: Times New Roman;\">Sant<\/span><span style=\"font-family: Times New Roman;\"> Elm stiegen wir auf ein kleines Schiff um, das uns zur Dracheninsel brachte. Die ganze Insel ist seit 1995 Nationalpark im Eigentum der Regional Regierung von Mallorca, nachdem die damals in Privatbesitz befindliche Insel 1977 an Investoren und Spekulanten verh\u00f6kert werden sollte. Junge engagierte Einheimische bek\u00e4mpften diese Absicht erfolgreich zwischen 1977 und 1987 und bewahrten die Insel vor der Zerst\u00f6rung durch <\/span><span style=\"font-family: Times New Roman;\">Ueberbauung<\/span><span style=\"font-family: Times New Roman;\">. Heute ist ein striktes Bauverbot in Kraft, das die Regional Regierung nach dem Kauf der Insel verh\u00e4ngte. Eine Gedenktafel erinnert an den erfolgreichen Widerstand.<\/span><\/span><\/p>\n<\/td>\n<\/tr>\n<tr class=\"-R\">\n<td class=\"-C\" style=\"width: 240.7pt; border: none windowtext 0pt;\">\n<p class=\"Normal-P\" style=\"margin-bottom: 6pt; text-align: justify; text-justify: inter-ideograph; direction: ltr; unicode-bidi: normal;\"><span class=\"Normal-H\"><span style=\"font-family: Times New Roman;\"><img loading=\"lazy\" decoding=\"async\" class=\"\" src=\"http:\/\/www.adrianwood.ch\/wp-content\/uploads\/2019\/06\/1559924969_image3.jpeg\" data-link=\"\" width=\"350\" height=\"233\"><\/span><\/span><\/p>\n<\/td>\n<td class=\"-C\" style=\"width: 240.7pt; border: none windowtext 0pt;\">\n<p class=\"Normal-P\" style=\"margin-bottom: 6pt; text-align: justify; text-justify: inter-ideograph; direction: ltr; unicode-bidi: normal;\"><span class=\"Normal-H\"><span style=\"font-family: Times New Roman;\"><img loading=\"lazy\" decoding=\"async\" class=\"\" src=\"http:\/\/www.adrianwood.ch\/wp-content\/uploads\/2019\/06\/1559924969_image4.jpeg\" data-link=\"\" width=\"350\" height=\"233\"><\/span><\/span><\/p>\n<\/td>\n<\/tr>\n<tr class=\"-R\">\n<td class=\"-C\" style=\"width: 481.4pt; border: none windowtext 0pt;\" colspan=\"2\">\n<p class=\"Normal-P\" style=\"margin-bottom: 6pt; text-align: justify; text-justify: inter-ideograph; direction: ltr; unicode-bidi: normal;\"><span class=\"Normal-H\"><span style=\"font-family: Times New Roman;\">Wir stiegen auf einem sch\u00f6nen, \u00fcber Trockenmauern f\u00fchrenden Serpentinenweg aufw\u00e4rts, vorbei an bl\u00fchenden wilden Gladiolen und wilden Olivenb\u00e4umen und an leider schon abgebl\u00fchtem <\/span><span style=\"font-family: Times New Roman;\">Affodil<\/span><span style=\"font-family: Times New Roman;\"> bis wir die Ruinen des teils zerfallenen Leuchtturms auf dem Puig <\/span><span style=\"font-family: Times New Roman;\">Far<\/span><span style=\"font-family: Times New Roman;\">Vell<\/span><span style=\"font-family: Times New Roman;\"> erreichten.<\/span><\/span><\/p>\n<\/td>\n<\/tr>\n<tr class=\"-R\">\n<td class=\"-C\" style=\"width: 240.7pt; border: none windowtext 0pt;\">\n<p class=\"Normal-P\" style=\"margin-bottom: 6pt; text-align: justify; text-justify: inter-ideograph; direction: ltr; unicode-bidi: normal;\"><span class=\"Normal-H\"><span style=\"font-family: Times New Roman;\"><img loading=\"lazy\" decoding=\"async\" class=\"\" src=\"http:\/\/www.adrianwood.ch\/wp-content\/uploads\/2019\/06\/1559924969_image5.jpeg\" data-link=\"\" width=\"350\" height=\"233\"><\/span><\/span><\/p>\n<\/td>\n<td class=\"-C\" style=\"width: 240.7pt; border: none windowtext 0pt;\">\n<p class=\"Normal-P\" style=\"margin-bottom: 6pt; text-align: justify; text-justify: inter-ideograph; direction: ltr; unicode-bidi: normal;\"><span class=\"Normal-H\"><span style=\"font-family: Times New Roman;\"><img loading=\"lazy\" decoding=\"async\" class=\"\" src=\"http:\/\/www.adrianwood.ch\/wp-content\/uploads\/2019\/06\/1559924969_image6.jpeg\" data-link=\"\" width=\"349\" height=\"232\"><\/span><\/span><\/p>\n<\/td>\n<\/tr>\n<tr class=\"-R\">\n<td class=\"-C\" style=\"width: 481.4pt; border: none windowtext 0pt;\" colspan=\"2\">\n<p class=\"Normal-P\" style=\"margin-bottom: 6pt; text-align: justify; text-justify: inter-ideograph; direction: ltr; unicode-bidi: normal;\"><span class=\"Normal-H\"><span style=\"font-family: Times New Roman;\">Wo es so viele Trockenmauern und Ruinen gibt, da sind Eidechsen zu Hause. Wir fanden sie in grosser Zahl, da sie auf der Insel keine Feinde haben. Sie zankten sich um das ihnen zugeworfene Futter. Die Tiere waren von dunkler Farbe, meist schwarz, manchmal schimmerte es ein wenig gr\u00fcn und waren bis 20 cm lang. Auf Anraten unseres Wanderleiters Fernando betrachteten wir die Eidechsen als Wildtiere, die man nicht f\u00fcttern sollte, also hielten wir uns zur\u00fcck.<\/span><\/span><\/p>\n<\/td>\n<\/tr>\n<tr class=\"-R\">\n<td class=\"-C\" style=\"width: 240.7pt; border: none windowtext 0pt;\">\n<p class=\"Normal-P\" style=\"margin-bottom: 6pt; text-align: justify; text-justify: inter-ideograph; direction: ltr; unicode-bidi: normal;\"><span class=\"Normal-H\"><span style=\"font-family: Times New Roman;\"><img loading=\"lazy\" decoding=\"async\" class=\"\" src=\"http:\/\/www.adrianwood.ch\/wp-content\/uploads\/2019\/06\/1559924969_image7.jpeg\" data-link=\"\" width=\"350\" height=\"233\"><\/span><\/span><\/p>\n<\/td>\n<td class=\"-C\" style=\"width: 240.7pt; border: none windowtext 0pt;\">\n<p class=\"Normal-P\" style=\"margin-bottom: 6pt; text-align: justify; text-justify: inter-ideograph; direction: ltr; unicode-bidi: normal;\"><span class=\"Normal-H\"><span style=\"font-family: Times New Roman;\"><img loading=\"lazy\" decoding=\"async\" class=\"\" src=\"http:\/\/www.adrianwood.ch\/wp-content\/uploads\/2019\/06\/1559924969_image8.jpeg\" data-link=\"\" width=\"350\" height=\"233\"><\/span><\/span><\/p>\n<\/td>\n<\/tr>\n<tr class=\"-R\">\n<td class=\"-C\" style=\"width: 481.4pt; border: none windowtext 0pt;\" colspan=\"2\">\n<p class=\"Normal-P\" style=\"margin-bottom: 6pt; text-align: justify; text-justify: inter-ideograph; direction: ltr; unicode-bidi: normal;\"><span class=\"Normal-H\"><span style=\"font-family: Times New Roman;\"><img loading=\"lazy\" decoding=\"async\" class=\"\" src=\"http:\/\/www.adrianwood.ch\/wp-content\/uploads\/2019\/06\/1559924969_image9.jpeg\" data-link=\"\" width=\"842\" height=\"315\"><\/span><\/span><\/p>\n<\/td>\n<\/tr>\n<tr class=\"-R\">\n<td class=\"-C\" style=\"width: 481.4pt; border: none windowtext 0pt;\" colspan=\"2\">\n<p class=\"Normal-P\" style=\"margin-bottom: 6pt; text-align: justify; text-justify: inter-ideograph; direction: ltr; unicode-bidi: normal;\"><span class=\"Normal-H\"><span style=\"font-family: Times New Roman;\">Nach einer ausgiebigen Rast mit tollem Blick auf die Nordk\u00fcste Mallorcas, auf Menorca und Ibiza in der Ferne stiegen wir auf demselben Weg wieder ab zu den Geb\u00e4uden der Naturschutzbeh\u00f6rde und gelangten auf einem guten Weg nach etwa 3o Minuten an die Nord Ost Spitze der Dracheninsel, dem Cap de <\/span><span style=\"font-family: Times New Roman;\">Trasmontana<\/span><span style=\"font-family: Times New Roman;\"> mit dem gleichnamigen Leuchtturm. Der R\u00fcckweg wurde durch eine Rast an einem wundersch\u00f6nen Platz unter Pinien, wo Tische und B\u00e4nke zum Verweilen einluden, unterbrochen, dann legten wir die kurze Wegstrecke zum Schiff zur\u00fcck, das uns wieder nach <\/span><span style=\"font-family: Times New Roman;\">Sant<\/span><span style=\"font-family: Times New Roman;\"> Elm brachte.<\/span><\/span><\/p>\n<\/td>\n<\/tr>\n<tr class=\"-R\">\n<td class=\"-C\" style=\"width: 240.7pt; border: none windowtext 0pt;\">\n<p class=\"Normal-P\" style=\"margin-bottom: 6pt; text-align: justify; text-justify: inter-ideograph; direction: ltr; unicode-bidi: normal;\"><span class=\"Normal-H\"><span style=\"font-family: Times New Roman;\"><img loading=\"lazy\" decoding=\"async\" class=\"\" src=\"http:\/\/www.adrianwood.ch\/wp-content\/uploads\/2019\/06\/1559924969_image10.jpeg\" data-link=\"\" width=\"349\" height=\"232\"><\/span><\/span><\/p>\n<\/td>\n<td class=\"-C\" style=\"width: 240.7pt; border: none windowtext 0pt;\">\n<p class=\"Normal-P\" style=\"margin-bottom: 6pt; text-align: justify; text-justify: inter-ideograph; direction: ltr; unicode-bidi: normal;\"><span class=\"Normal-H\"><span style=\"font-family: Times New Roman;\"><img loading=\"lazy\" decoding=\"async\" class=\"\" src=\"http:\/\/www.adrianwood.ch\/wp-content\/uploads\/2019\/06\/1559924969_image11.jpeg\" data-link=\"\" width=\"350\" height=\"233\"><\/span><\/span><\/p>\n<\/td>\n<\/tr>\n<tr class=\"-R\">\n<td class=\"-C\" style=\"width: 481.4pt; border: none windowtext 0pt;\" colspan=\"2\">\n<p class=\"Normal-P\" style=\"margin-bottom: 6pt; text-align: justify; text-justify: inter-ideograph; direction: ltr; unicode-bidi: normal;\"><span class=\"Normal-H\"><span style=\"font-family: Times New Roman;\">Bei einem Kaffee oder Bier oder Eis liessen wir den ersten Wandertag ausklingen. Der Bus war p\u00fcnktlich zur Stelle und brachte uns zur\u00fcck zum Hotel. Wir hatte einen sch\u00f6nen, interessanten Tag bei optimalen Wetter Bedingungen verbracht.<\/span><\/span><\/p>\n<p class=\"Normal-P\" style=\"margin-bottom: 6pt; text-align: justify; text-justify: inter-ideograph; direction: ltr; unicode-bidi: normal;\"><span class=\"Normal-H\"><span style=\"font-family: Times New Roman;\">Michael<\/span><\/span><\/p>\n<\/td>\n<\/tr>\n<tr class=\"-R\">\n<td class=\"-C\" style=\"width: 481.4pt;\" colspan=\"2\">\n<p class=\"Normal-P\" style=\"margin-top: 6pt; margin-bottom: 6pt; text-align: justify; text-justify: inter-ideograph; direction: ltr; unicode-bidi: normal;\"><span class=\"Normal-H\"><span style=\"font-family: Times New Roman;\"><img loading=\"lazy\" decoding=\"async\" class=\"\" src=\"http:\/\/www.adrianwood.ch\/wp-content\/uploads\/2019\/06\/1559924969_image12.jpeg\" data-link=\"\" width=\"840\" height=\"564\"><\/span><\/span><\/p>\n<p>Die GPS Aufzeichnungen sind von Hanspeter Sauter und Petro Shmaiovits<\/td>\n<\/tr>\n<p><!-- [if !supportMisalignedColumns]--><\/tbody>\n<\/table>\n<\/div>\n","protected":false},"excerpt":{"rendered":"<p>28. April 2019, Insel Sa Dragonera Zun\u00e4chst einmal musste das Programm umgestellt werden, da der f\u00fcr die Insel Sa Dragonera (Dracheninsel) vorgesehene Tag 4 (Dienstag) nicht geeignet war. Die Insel wurde an diesem Tag von zahlreichen Schulklassen aufgesucht, so dass unser Wanderleiter kurzfristig beschloss, Sa Dragonera schon am Sonntag, daf\u00fcr aber ohne Schulklassen zu besuchen. &hellip; <a href=\"https:\/\/www.adrianwood.ch\/?page_id=19648\" class=\"more-link\">Continue reading <span class=\"screen-reader-text\">04-28 Sa Dragonera<\/span> <span class=\"meta-nav\">&rarr;<\/span><\/a><\/p>\n","protected":false},"author":1,"featured_media":0,"parent":19613,"menu_order":2604,"comment_status":"closed","ping_status":"closed","template":"","meta":{"ngg_post_thumbnail":0,"footnotes":""},"class_list":["post-19648","page","type-page","status-publish","hentry"],"_links":{"self":[{"href":"https:\/\/www.adrianwood.ch\/index.php?rest_route=\/wp\/v2\/pages\/19648","targetHints":{"allow":["GET"]}}],"collection":[{"href":"https:\/\/www.adrianwood.ch\/index.php?rest_route=\/wp\/v2\/pages"}],"about":[{"href":"https:\/\/www.adrianwood.ch\/index.php?rest_route=\/wp\/v2\/types\/page"}],"author":[{"embeddable":true,"href":"https:\/\/www.adrianwood.ch\/index.php?rest_route=\/wp\/v2\/users\/1"}],"replies":[{"embeddable":true,"href":"https:\/\/www.adrianwood.ch\/index.php?rest_route=%2Fwp%2Fv2%2Fcomments&post=19648"}],"version-history":[{"count":6,"href":"https:\/\/www.adrianwood.ch\/index.php?rest_route=\/wp\/v2\/pages\/19648\/revisions"}],"predecessor-version":[{"id":20157,"href":"https:\/\/www.adrianwood.ch\/index.php?rest_route=\/wp\/v2\/pages\/19648\/revisions\/20157"}],"up":[{"embeddable":true,"href":"https:\/\/www.adrianwood.ch\/index.php?rest_route=\/wp\/v2\/pages\/19613"}],"wp:attachment":[{"href":"https:\/\/www.adrianwood.ch\/index.php?rest_route=%2Fwp%2Fv2%2Fmedia&parent=19648"}],"curies":[{"name":"wp","href":"https:\/\/api.w.org\/{rel}","templated":true}]}}