{"id":19670,"date":"2019-06-08T07:41:59","date_gmt":"2019-06-08T07:41:59","guid":{"rendered":"http:\/\/www.adrianwood.ch\/?page_id=19670"},"modified":"2019-06-10T09:16:59","modified_gmt":"2019-06-10T09:16:59","slug":"04-29-galatzo","status":"publish","type":"page","link":"https:\/\/www.adrianwood.ch\/?page_id=19670","title":{"rendered":"04-29 Galatzo"},"content":{"rendered":"<div class=\"pmdi_content_wrapper\">\n<h2 class=\"Text-P\" style=\"margin-bottom: 6pt; text-align: justify; text-justify: inter-ideograph; direction: ltr; unicode-bidi: normal;\"><span class=\"Text-H\"><span style=\"font-family: Times New Roman; font-weight: bold;\">29. April<\/span><span style=\"font-family: Times New Roman; font-weight: bold;\">, <\/span><span style=\"font-family: Times New Roman; font-weight: bold;\">Galatzo<\/span><span style=\"font-family: Times New Roman; font-weight: bold;\"> 1027 m, das Matterhorn von Mallorca <\/span><\/span><\/h2>\n<table class=\"TableGrid-T\" style=\"border-collapse: collapse;\" cellspacing=\"0\">\n<tbody>\n<tr class=\"-R\">\n<td class=\"-C\" style=\"width: 452.8pt; border: none windowtext 0pt;\" colspan=\"2\">\n<p class=\"Text-P\" style=\"margin-bottom: 6pt; text-align: justify; text-justify: inter-ideograph; direction: ltr; unicode-bidi: normal;\"><span class=\"Text-H\"><span style=\"font-family: Times New Roman;\">Um 7:30 Uhr stehe ich auf und gehe zum Morgenessen. Um 9 bringt uns der Bus nach <\/span><span style=\"font-family: Times New Roman;\">Puigpunyent<\/span><span style=\"font-family: Times New Roman;\">. Es gibt einen kurzen Stopp beim Supermarkt, damit wir etwas zum Essen und Trinken kaufen k\u00f6nnen. Um 10:10 Uhr startet die Wanderung. Es geht durch den Wald. So ist es nicht so heiss zu wandern. Zuerst geht es auf einer Naturstrasse bis zu einer Wasserstelle, die aber trocken ist. Von hier geht es bergauf, auf einem guten Weg durch den Wald.<\/span><\/span><\/p>\n<\/td>\n<\/tr>\n<tr class=\"-R\">\n<td class=\"-C\" style=\"width: 225.5pt; border: none windowtext 0pt;\">\n<p class=\"Text-P\" style=\"margin-bottom: 6pt; text-align: justify; text-justify: inter-ideograph; direction: ltr; unicode-bidi: normal;\"><span class=\"Text-H\"><span style=\"font-family: Times New Roman;\"><img loading=\"lazy\" decoding=\"async\" class=\"\" src=\"http:\/\/www.adrianwood.ch\/wp-content\/uploads\/2019\/06\/1560152122_image1.jpg\" data-link=\"\" width=\"350\" height=\"232\"><\/span><\/span><\/p>\n<\/td>\n<td class=\"-C\" style=\"width: 227.3pt; border: none windowtext 0pt;\">\n<p class=\"Text-P\" style=\"margin-bottom: 6pt; text-align: justify; text-justify: inter-ideograph; direction: ltr; unicode-bidi: normal;\"><span class=\"Text-H\"><span style=\"font-family: Times New Roman;\"><img loading=\"lazy\" decoding=\"async\" class=\"\" src=\"http:\/\/www.adrianwood.ch\/wp-content\/uploads\/2019\/06\/1560152122_image2.jpg\" data-link=\"\" width=\"349\" height=\"234\"><\/span><\/span><\/p>\n<\/td>\n<\/tr>\n<tr class=\"-R\">\n<td class=\"-C\" style=\"width: 452.8pt; border: none windowtext 0pt;\" colspan=\"2\">\n<p class=\"Text-P\" style=\"margin-bottom: 6pt; text-align: justify; text-justify: inter-ideograph; direction: ltr; unicode-bidi: normal;\"><span class=\"Text-H\"><span style=\"font-family: Times New Roman;\">Um 11:15 Uhr sind wir auf dem ersten Sattel. Wir sind jetzt \u00fcber dem Wald. Es hat recht viele Wolken, so dass der nachfolgende Aufstieg ohne Sonne recht angenehm ist. Jetzt wird der Weg schmaler und hat ein paar Steilstufen, wo man die H\u00e4nde braucht. Hier hat es verschiedne B\u00e4ume und B\u00fcsche, so die Steinbuche, F\u00f6hren, der Erdbeerbaum, aber ohne Beeren, der Wachholder Strauch mit gr\u00fcnen Beeren und viele blau bl\u00fchende Rosmarinb\u00fcsche. Um 12 Uhr sind wir auf dem zweiten Sattel. Hier trennen wir uns. Ein Teil steigt ab, der Rest geht auf den Gipfel.<\/span><\/span><\/p>\n<\/td>\n<\/tr>\n<tr class=\"-R\">\n<td class=\"-C\" style=\"width: 225.5pt; border: none windowtext 0pt;\">\n<p class=\"Text-P\" style=\"margin-bottom: 6pt; text-align: justify; text-justify: inter-ideograph; direction: ltr; unicode-bidi: normal;\"><span class=\"Text-H\"><span style=\"font-family: Times New Roman;\"><img loading=\"lazy\" decoding=\"async\" class=\"\" src=\"http:\/\/www.adrianwood.ch\/wp-content\/uploads\/2019\/06\/1560152122_image3.jpg\" data-link=\"\" width=\"350\" height=\"232\"><\/span><\/span><\/p>\n<\/td>\n<td class=\"-C\" style=\"width: 227.3pt; border: none windowtext 0pt;\">\n<p class=\"Text-P\" style=\"margin-bottom: 6pt; text-align: justify; text-justify: inter-ideograph; direction: ltr; unicode-bidi: normal;\"><span class=\"Text-H\"><span style=\"font-family: Times New Roman;\"><img loading=\"lazy\" decoding=\"async\" class=\"\" src=\"http:\/\/www.adrianwood.ch\/wp-content\/uploads\/2019\/06\/1560152122_image4.jpg\" data-link=\"\" width=\"349\" height=\"234\"><\/span><\/span><\/p>\n<\/td>\n<\/tr>\n<tr class=\"-R\">\n<td class=\"-C\" style=\"width: 225.5pt; border: none windowtext 0pt;\">\n<p class=\"Text-P\" style=\"margin-bottom: 6pt; text-align: justify; text-justify: inter-ideograph; direction: ltr; unicode-bidi: normal;\"><span class=\"Text-H\"><span style=\"font-family: Times New Roman;\"><img loading=\"lazy\" decoding=\"async\" class=\"\" src=\"http:\/\/www.adrianwood.ch\/wp-content\/uploads\/2019\/06\/1560152122_image5.jpg\" data-link=\"\" width=\"351\" height=\"351\"><\/span><\/span><\/p>\n<\/td>\n<td class=\"-C\" style=\"width: 227.3pt; border: none windowtext 0pt;\">\n<p class=\"Text-P\" style=\"margin-bottom: 6pt; text-align: justify; text-justify: inter-ideograph; direction: ltr; unicode-bidi: normal;\"><span class=\"Text-H\"><span style=\"font-family: Times New Roman;\"><img loading=\"lazy\" decoding=\"async\" class=\"\" src=\"http:\/\/www.adrianwood.ch\/wp-content\/uploads\/2019\/06\/1560152122_image6.jpg\" data-link=\"\" width=\"349\" height=\"349\"><\/span><\/span><\/p>\n<\/td>\n<\/tr>\n<tr class=\"-R\">\n<td class=\"-C\" style=\"width: 452.8pt; border: none windowtext 0pt;\" colspan=\"2\">\n<p class=\"Text-P\" style=\"margin-bottom: 6pt; text-align: justify; text-justify: inter-ideograph; direction: ltr; unicode-bidi: normal;\"><span class=\"Text-H\"><span style=\"font-family: Times New Roman;\">Der Weg zum Gipfel schmaler und steiniger. Es kommen immer wieder kurze Kletterstellen, wo man auch die H\u00e4nde braucht um die Felsstufen zu \u00fcberwinden. Die Sonne scheint nicht, es geht ein k\u00fchler Wind. Wir kommen gut vorw\u00e4rts. Um 13 Uhr sind wir 12 mit dem Guide auf dem Gipfel. Die Rundsicht ist einmalig, doch es ist etwas dunstig. Hier oben <\/span><span style=\"font-family: Times New Roman;\">ist<\/span><span style=\"font-family: Times New Roman;\"> keine Sonne und ein k\u00fchler Wind weht, man muss eine Jacke anziehen.<\/span><\/span><\/p>\n<\/td>\n<\/tr>\n<tr class=\"-R\">\n<td class=\"-C\" style=\"width: 225.5pt; border: none windowtext 0pt;\">\n<p class=\"Text-P\" style=\"margin-bottom: 6pt; text-align: justify; text-justify: inter-ideograph; direction: ltr; unicode-bidi: normal;\"><span class=\"Text-H\"><span style=\"font-family: Times New Roman;\"><img loading=\"lazy\" decoding=\"async\" class=\"\" src=\"http:\/\/www.adrianwood.ch\/wp-content\/uploads\/2019\/06\/1560152122_image7.jpg\" data-link=\"\" width=\"350\" height=\"232\"><\/span><\/span><\/p>\n<\/td>\n<td class=\"-C\" style=\"width: 227.3pt; border: none windowtext 0pt;\">\n<p class=\"Text-P\" style=\"margin-bottom: 6pt; text-align: justify; text-justify: inter-ideograph; direction: ltr; unicode-bidi: normal;\"><span class=\"Text-H\"><span style=\"font-family: Times New Roman;\"><img loading=\"lazy\" decoding=\"async\" class=\"\" src=\"http:\/\/www.adrianwood.ch\/wp-content\/uploads\/2019\/06\/1560152122_image8.jpg\" data-link=\"\" width=\"349\" height=\"234\"><\/span><\/span><\/p>\n<\/td>\n<\/tr>\n<tr class=\"-R\">\n<td class=\"-C\" style=\"width: 452.8pt; border: none windowtext 0pt;\" colspan=\"2\">\n<p class=\"Text-P\" style=\"margin-bottom: 6pt; text-align: justify; text-justify: inter-ideograph; direction: ltr; unicode-bidi: normal;\"><span class=\"Text-H\"><span style=\"font-family: Times New Roman;\">Nach 30 Minuten Mittagspause beginnen wir mit dem Abstieg auf dem gleichen Weg bis zum zweiten Sattel, wo wir die andern verlassen haben. Diese haben den einfacheren Abstieg gemacht, wir machen den direkten. Es folgt ein zum Teil steiler Weg mit vielen Steinen drin, die wie Kugellager sind. Man muss sich recht konzentrieren, dass man nicht ausrutscht. Vreni hat das Pech, dass <\/span><span style=\"font-family: Times New Roman;\">sie <\/span><span style=\"font-family: Times New Roman;\">seitlich ausrutscht und sich am Knie und Arm verletzt. Sie hat grosse Schmerzen im Arm, kann aber trotzdem weitergehen. Doch sie ist nicht die Einzige, die auf diesem Kugellager einen Ausrutscher macht. Doch die anderen fallen nur auf den Hintern, was keine gr\u00f6sseren Folgen hat.<\/span><\/span><\/p>\n<p class=\"Text-P\" style=\"margin-bottom: 6pt; text-align: justify; text-justify: inter-ideograph; direction: ltr; unicode-bidi: normal;\"><span class=\"Text-H\"><span style=\"font-family: Times New Roman;\">Unterwegs sehen wir den bl\u00fchenden Affodill und B\u00fcsche von Johanniskraut. Nach einer Stunde machen wir eine kurze Pause. Jetzt ist es wieder etwas sonniger und w\u00e4rmer. Hier ist der Weg etwas breiter, doch es hat immer noch viele runde Steine, die Kugellager wirken. Man muss sich recht konzentrieren, denn man rutscht sehr leicht aus. So gibt es auch hier immer wieder Leute, die auf dem Hintern landen.<\/span><\/span><\/p>\n<\/td>\n<\/tr>\n<tr class=\"-R\">\n<td class=\"-C\" style=\"width: 225.5pt; border: none windowtext 0pt;\">\n<p class=\"Text-P\" style=\"margin-bottom: 6pt; text-align: justify; text-justify: inter-ideograph; direction: ltr; unicode-bidi: normal;\"><span class=\"Text-H\"><span style=\"font-family: Times New Roman;\"><img loading=\"lazy\" decoding=\"async\" class=\"\" src=\"http:\/\/www.adrianwood.ch\/wp-content\/uploads\/2019\/06\/1560152122_image9.jpg\" data-link=\"\" width=\"351\" height=\"233\"><\/span><\/span><\/p>\n<\/td>\n<td class=\"-C\" style=\"width: 227.3pt; border: none windowtext 0pt;\">\n<p class=\"Text-P\" style=\"margin-bottom: 6pt; text-align: justify; text-justify: inter-ideograph; direction: ltr; unicode-bidi: normal;\"><span class=\"Text-H\"><span style=\"font-family: Times New Roman;\"><img loading=\"lazy\" decoding=\"async\" class=\"\" src=\"http:\/\/www.adrianwood.ch\/wp-content\/uploads\/2019\/06\/1560152122_image10.jpg\" data-link=\"\" width=\"349\" height=\"234\"><\/span><\/span><\/p>\n<\/td>\n<\/tr>\n<tr class=\"-R\">\n<td class=\"-C\" style=\"width: 452.8pt; border: none windowtext 0pt;\" colspan=\"2\">\n<p class=\"Text-P\" style=\"margin-bottom: 6pt; text-align: justify; text-justify: inter-ideograph; direction: ltr; unicode-bidi: normal;\"><span class=\"Text-H\"><span style=\"font-family: Times New Roman;\">Etwas versp\u00e4tet, um 16:15 Uhr erreichen wir den Bus. Alle sind froh, dass dieser Abstieg ein Ende gefunden hat. Er war doch recht lange und wegen den vielen Kugellager Stellen recht anspruchsvoll. Um 17 Uhr sind wir wieder im Hotel. Ich gehe <\/span><span style=\"font-family: Times New Roman;\">ins Wellness<\/span><span style=\"font-family: Times New Roman;\">, erhole mich etwas und gehe um 19 Uhr zum Nachtessen. Dort erfahre ich, dass Vreni den Ellbogen gebrochen hat und sie \u00fcbermorgen wieder nach Hause fliegen wird. Ich hatte gedacht, ihr Sturz w\u00e4re nicht so schlimm gewesen, eine Prellung am Arm. Doch wir sind alte Leute, und solche St\u00fcrze sind f\u00fcr uns eben nicht so harmlos. Ich war sehr froh um meine St\u00f6cke, die gaben mir auf den rutschigen Untergrund eine gute Sicherheit. Nach dem Essen gehe ich gleich schlafen, ich bin sehr m\u00fcde.<\/span><\/span><\/p>\n<p class=\"Normal-P\" style=\"margin-bottom: 6pt; text-align: justify; text-justify: inter-ideograph; direction: ltr; unicode-bidi: normal;\"><span class=\"Normal-H\"><span style=\"font-family: Times New Roman; font-size: 11pt;\">Albert<\/span><\/span><\/p>\n<\/td>\n<\/tr>\n<tr class=\"-R\">\n<td class=\"-C\" style=\"width: 225.5pt; border: none windowtext 0pt;\">\n<p class=\"Text-P\" style=\"margin-bottom: 6pt; text-align: justify; text-justify: inter-ideograph; direction: ltr; unicode-bidi: normal;\">\n<\/td>\n<td class=\"-C\" style=\"width: 227.3pt; border: none windowtext 0pt;\">\n<p class=\"Text-P\" style=\"margin-bottom: 6pt; text-align: justify; text-justify: inter-ideograph; direction: ltr; unicode-bidi: normal;\">\n<\/td>\n<\/tr>\n<tr class=\"-R\">\n<td class=\"-C\" style=\"width: 452.8pt; border: none windowtext 0pt;\" colspan=\"2\">\n<p class=\"Text-P\" style=\"margin-top: 6pt; margin-bottom: 6pt; text-align: justify; text-justify: inter-ideograph; direction: ltr; unicode-bidi: normal;\"><span class=\"Text-H\"><span style=\"font-family: Times New Roman;\"><img loading=\"lazy\" decoding=\"async\" class=\"\" src=\"http:\/\/www.adrianwood.ch\/wp-content\/uploads\/2019\/06\/1560152122_image11.jpg\" data-link=\"\" width=\"811\" height=\"768\"><\/span><\/span><\/p>\n<\/td>\n<\/tr>\n<tr class=\"-R\">\n<td class=\"-C\" style=\"width: 452.8pt; border: none windowtext 0pt;\" colspan=\"2\">\n<p class=\"Text-P\" style=\"margin-top: 6pt; margin-bottom: 6pt; text-align: justify; text-justify: inter-ideograph; direction: ltr; unicode-bidi: normal;\"><span class=\"Text-H\"><span style=\"font-family: Times New Roman;\"><img loading=\"lazy\" decoding=\"async\" class=\"\" src=\"http:\/\/www.adrianwood.ch\/wp-content\/uploads\/2019\/06\/1560152122_image12.PNG\" data-link=\"\" width=\"471\" height=\"470\"><\/span><span style=\"font-family: Arial; color: #ff0000;\">Galatzo,\u2018erste\u2019<\/span><span style=\"font-family: Arial; color: #ff0000;\">Gruppe, Gipfelst\u00fcrmer<\/span><\/span><\/p>\n<\/td>\n<\/tr>\n<p><!-- [if !supportMisalignedColumns]--><\/tbody>\n<\/table>\n<\/div>\n","protected":false},"excerpt":{"rendered":"<p>29. April, Galatzo 1027 m, das Matterhorn von Mallorca Um 7:30 Uhr stehe ich auf und gehe zum Morgenessen. Um 9 bringt uns der Bus nach Puigpunyent. Es gibt einen kurzen Stopp beim Supermarkt, damit wir etwas zum Essen und Trinken kaufen k\u00f6nnen. Um 10:10 Uhr startet die Wanderung. Es geht durch den Wald. So &hellip; <a href=\"https:\/\/www.adrianwood.ch\/?page_id=19670\" class=\"more-link\">Continue reading <span class=\"screen-reader-text\">04-29 Galatzo<\/span> <span class=\"meta-nav\">&rarr;<\/span><\/a><\/p>\n","protected":false},"author":1,"featured_media":0,"parent":19613,"menu_order":2605,"comment_status":"closed","ping_status":"closed","template":"","meta":{"ngg_post_thumbnail":0,"footnotes":""},"class_list":["post-19670","page","type-page","status-publish","hentry"],"_links":{"self":[{"href":"https:\/\/www.adrianwood.ch\/index.php?rest_route=\/wp\/v2\/pages\/19670","targetHints":{"allow":["GET"]}}],"collection":[{"href":"https:\/\/www.adrianwood.ch\/index.php?rest_route=\/wp\/v2\/pages"}],"about":[{"href":"https:\/\/www.adrianwood.ch\/index.php?rest_route=\/wp\/v2\/types\/page"}],"author":[{"embeddable":true,"href":"https:\/\/www.adrianwood.ch\/index.php?rest_route=\/wp\/v2\/users\/1"}],"replies":[{"embeddable":true,"href":"https:\/\/www.adrianwood.ch\/index.php?rest_route=%2Fwp%2Fv2%2Fcomments&post=19670"}],"version-history":[{"count":12,"href":"https:\/\/www.adrianwood.ch\/index.php?rest_route=\/wp\/v2\/pages\/19670\/revisions"}],"predecessor-version":[{"id":20043,"href":"https:\/\/www.adrianwood.ch\/index.php?rest_route=\/wp\/v2\/pages\/19670\/revisions\/20043"}],"up":[{"embeddable":true,"href":"https:\/\/www.adrianwood.ch\/index.php?rest_route=\/wp\/v2\/pages\/19613"}],"wp:attachment":[{"href":"https:\/\/www.adrianwood.ch\/index.php?rest_route=%2Fwp%2Fv2%2Fmedia&parent=19670"}],"curies":[{"name":"wp","href":"https:\/\/api.w.org\/{rel}","templated":true}]}}