{"id":19733,"date":"2019-06-08T09:44:55","date_gmt":"2019-06-08T09:44:55","guid":{"rendered":"http:\/\/www.adrianwood.ch\/?page_id=19733"},"modified":"2019-06-10T11:16:29","modified_gmt":"2019-06-10T11:16:29","slug":"05-02-deia","status":"publish","type":"page","link":"https:\/\/www.adrianwood.ch\/?page_id=19733","title":{"rendered":"05-02 Deia"},"content":{"rendered":"<div class=\"pmdi_content_wrapper\">\n<h2 class=\"Normal-P\" style=\"margin-bottom: 6pt; text-align: justify; text-justify: inter-ideograph; direction: ltr; unicode-bidi: normal;\"><span class=\"Normal-H\"><span style=\"font-family: Times New Roman; font-weight: bold;\">2.<\/span><span style=\"font-family: Times New Roman; font-weight: bold;\">Mai,<\/span><span style=\"font-family: Times New Roman; font-weight: bold;\">Von <\/span><span style=\"font-family: Times New Roman; font-weight: bold;\">Dei\u00e0<\/span><span style=\"font-family: Times New Roman; font-weight: bold;\"> nach Puerto de <\/span><span style=\"font-family: Times New Roman; font-weight: bold;\">S\u00f2ller<\/span><\/span><\/h2>\n<p class=\"Normal-P\" style=\"margin-bottom: 6pt; text-align: justify; text-justify: inter-ideograph; direction: ltr; unicode-bidi: normal;\">\n<table class=\"TableGrid-T\" style=\"border-collapse: collapse;\" cellspacing=\"0\">\n<tbody>\n<tr class=\"-R\">\n<td class=\"-C\" style=\"width: 481.4pt; border: none windowtext 0pt;\" colspan=\"2\">\n<p class=\"Normal-P\" style=\"margin-bottom: 6pt; text-align: justify; text-justify: inter-ideograph; direction: ltr; unicode-bidi: normal;\"><span class=\"Normal-H\"><span style=\"font-family: Times New Roman;\">Um 9.00 Abfahrt mit dem \u201erichtigen\u201c Bus (nachdem Einige in einen falschen Bus eingestiegen waren) in 30 Minuten nach dem malerischen D\u00f6rfchen <\/span><span style=\"font-family: Times New Roman;\">Dei\u00e0<\/span><span style=\"font-family: Times New Roman;\">. <\/span><span style=\"font-family: Times New Roman;\">Dei\u00e0<\/span><span style=\"font-family: Times New Roman;\"> hatte einst den Ruf einer fr\u00fchen Hippie-Kolonie; dies bevor die Preise dann anstiegen. Sp\u00e4ter war es ein Refugium f\u00fcr K\u00fcnstler, Schauspieler, Schriftsteller, wie Picasso, Ava Gardner, Michael Douglas, P. Brosnan, A.L. Webber und viele mehr.<\/span><\/span><\/p>\n<\/td>\n<\/tr>\n<tr class=\"-R\">\n<td class=\"-C\" style=\"width: 240.7pt; border: none windowtext 0pt;\">\n<p class=\"Normal-P\" style=\"margin-bottom: 6pt; text-align: justify; text-justify: inter-ideograph; direction: ltr; unicode-bidi: normal;\"><span class=\"Normal-H\"><span style=\"font-family: Times New Roman;\"><img loading=\"lazy\" decoding=\"async\" class=\"\" src=\"http:\/\/www.adrianwood.ch\/wp-content\/uploads\/2019\/06\/1560165287_image1.jpeg\" data-link=\"\" width=\"350\" height=\"233\"><\/span><\/span><\/p>\n<\/td>\n<td class=\"-C\" style=\"width: 240.7pt; border: none windowtext 0pt;\">\n<p class=\"Normal-P\" style=\"margin-bottom: 6pt; text-align: justify; text-justify: inter-ideograph; direction: ltr; unicode-bidi: normal;\"><span class=\"Normal-H\"><span style=\"font-family: Times New Roman;\"><img loading=\"lazy\" decoding=\"async\" class=\"\" src=\"http:\/\/www.adrianwood.ch\/wp-content\/uploads\/2019\/06\/1560165287_image2.jpeg\" data-link=\"\" width=\"350\" height=\"233\"><\/span><\/span><\/p>\n<\/td>\n<\/tr>\n<tr class=\"-R\">\n<td class=\"-C\" style=\"width: 481.4pt; border: none windowtext 0pt;\" colspan=\"2\">\n<p class=\"Normal-P\" style=\"margin-bottom: 6pt; text-align: justify; text-justify: inter-ideograph; direction: ltr; unicode-bidi: normal;\"><span class=\"Normal-H\"><span style=\"font-family: Times New Roman;\">Von <\/span><span style=\"font-family: Times New Roman;\">Deia<\/span><span style=\"font-family: Times New Roman;\"> f\u00fchrte unser Marsch Richtung K\u00fcste, wo wir aber vorher auf den bekannten GR 221 einbogen. Das Wetter zeigte sich von einer k\u00fchl-feuchten Seite; gar nicht so wie wir uns Mallorca vorgestellt hatten. Es fielen sogar einige Regentropfen. Auf einem sch\u00f6nen Wanderweg ging es zuerst z\u00fcgig bergauf, dann in leichtem auf und ab, vorbei an Orangen und <\/span><span style=\"font-family: Times New Roman;\">Citronen<\/span><span style=\"font-family: Times New Roman;\"> B\u00e4umen, zur Finca Don Mico, welche wir nach 2 Stunden erreichten. Das architektonisch sehr sch\u00f6ne Anwesen, wo man auch \u00fcbernachten kann, ist zudem bekannt f\u00fcr seine Kuchen. Eine Spezialit\u00e4t ist die \u201eTarte au <\/span><span style=\"font-family: Times New Roman;\">citron<\/span><span style=\"font-family: Times New Roman;\">meringu\u00e9e<\/span><span style=\"font-family: Times New Roman;\">\u201c, welche man unbedingt probiert haben sollte, was wir dann auch taten.<\/span><\/span><\/p>\n<\/td>\n<\/tr>\n<tr class=\"-R\">\n<td class=\"-C\" style=\"width: 240.7pt; border: none windowtext 0pt;\">\n<p class=\"Normal-P\" style=\"margin-bottom: 6pt; text-align: justify; text-justify: inter-ideograph; direction: ltr; unicode-bidi: normal;\"><span class=\"Normal-H\"><span style=\"font-family: Times New Roman;\"><img loading=\"lazy\" decoding=\"async\" class=\"\" src=\"http:\/\/www.adrianwood.ch\/wp-content\/uploads\/2019\/06\/1560165287_image3.jpeg\" data-link=\"\" width=\"350\" height=\"233\"><\/span><\/span><\/p>\n<\/td>\n<td class=\"-C\" style=\"width: 240.7pt; border: none windowtext 0pt;\">\n<p class=\"Normal-P\" style=\"margin-bottom: 6pt; text-align: justify; text-justify: inter-ideograph; direction: ltr; unicode-bidi: normal;\"><span class=\"Normal-H\"><span style=\"font-family: Times New Roman;\"><img loading=\"lazy\" decoding=\"async\" class=\"\" src=\"http:\/\/www.adrianwood.ch\/wp-content\/uploads\/2019\/06\/1560165287_image4.jpeg\" data-link=\"\" width=\"350\" height=\"233\"><\/span><\/span><\/p>\n<\/td>\n<\/tr>\n<tr class=\"-R\">\n<td class=\"-C\" style=\"width: 481.4pt; border: none windowtext 0pt;\" colspan=\"2\">\n<p class=\"Normal-P\" style=\"margin-bottom: 6pt; text-align: justify; text-justify: inter-ideograph; direction: ltr; unicode-bidi: normal;\"><span class=\"Normal-H\"><span style=\"font-family: Times New Roman;\">Frisch gest\u00e4rkt erreichten wir nach 1,5 Stunden auf Strassen und Wanderwegen unser Hotel in Puerto de <\/span><span style=\"font-family: Times New Roman;\">S\u00f2ller<\/span><span style=\"font-family: Times New Roman;\">. Wer wollte, konnte unterwegs noch frischgepressten Orangensaft kaufen, der \u00fcberall angeboten wurde. Im Hotel gab es auch -wer mochte- ausgezeichneten Sangria <\/span><span style=\"font-family: Times New Roman;\">roja<\/span><span style=\"font-family: Times New Roman;\"> o <\/span><span style=\"font-family: Times New Roman;\">blanca<\/span><span style=\"font-family: Times New Roman;\">. <\/span><\/span><\/p>\n<\/td>\n<\/tr>\n<tr class=\"-R\">\n<td class=\"-C\" style=\"width: 240.7pt; border: none windowtext 0pt;\">\n<p class=\"Normal-P\" style=\"margin-bottom: 6pt; text-align: justify; text-justify: inter-ideograph; direction: ltr; unicode-bidi: normal;\"><span class=\"Normal-H\"><span style=\"font-family: Times New Roman;\"><img loading=\"lazy\" decoding=\"async\" class=\"\" src=\"http:\/\/www.adrianwood.ch\/wp-content\/uploads\/2019\/06\/1560165287_image5.jpeg\" data-link=\"\" width=\"350\" height=\"233\"><\/span><\/span><\/p>\n<\/td>\n<td class=\"-C\" style=\"width: 240.7pt; border: none windowtext 0pt;\">\n<p class=\"Normal-P\" style=\"margin-bottom: 6pt; text-align: justify; text-justify: inter-ideograph; direction: ltr; unicode-bidi: normal;\"><span class=\"Normal-H\"><span style=\"font-family: Times New Roman;\"><img loading=\"lazy\" decoding=\"async\" class=\"\" src=\"http:\/\/www.adrianwood.ch\/wp-content\/uploads\/2019\/06\/1560165287_image6.jpeg\" data-link=\"\" width=\"350\" height=\"233\"><\/span><\/span><\/p>\n<\/td>\n<\/tr>\n<tr class=\"-R\">\n<td class=\"-C\" style=\"width: 481.4pt; border: none windowtext 0pt;\" colspan=\"2\">\n<p class=\"Normal-P\" style=\"text-align: justify; text-justify: inter-ideograph; direction: ltr; unicode-bidi: normal;\"><span class=\"Normal-H\"><span style=\"font-family: Times New Roman;\">Das Abendessen konnte nach Lust und Laune individuell in einem der vielen Lokale eingenommen werden. Die Auswahl war riesig; entsprechend schwierig die Wahl.<\/span><span style=\"font-family: Times New Roman;\">Beat<\/span><\/span><\/p>\n<\/td>\n<\/tr>\n<tr class=\"-R\">\n<td class=\"-C\" style=\"width: 481.4pt; border: none windowtext 0pt;\" colspan=\"2\">\n<p class=\"Normal-P\" style=\"margin-top: 6pt; margin-bottom: 6pt; text-align: justify; text-justify: inter-ideograph; direction: ltr; unicode-bidi: normal;\">\n<\/td>\n<\/tr>\n<tr class=\"-R\">\n<td class=\"-C\" style=\"width: 481.4pt; border: none windowtext 0pt;\" colspan=\"2\">\n<p class=\"Normal-P\" style=\"margin-top: 6pt; margin-bottom: 6pt; text-align: justify; text-justify: inter-ideograph; direction: ltr; unicode-bidi: normal;\"><span class=\"Normal-H\"><span style=\"font-family: Times New Roman;\"><img loading=\"lazy\" decoding=\"async\" class=\"\" src=\"http:\/\/www.adrianwood.ch\/wp-content\/uploads\/2019\/06\/1560165287_image7.jpg\" data-link=\"\" width=\"807\" height=\"613\"><\/span><\/span><\/p>\n<\/td>\n<\/tr>\n<p><!-- [if !supportMisalignedColumns]--><\/tbody>\n<\/table>\n<\/div>\n","protected":false},"excerpt":{"rendered":"<p>2.Mai,Von Dei\u00e0 nach Puerto de S\u00f2ller Um 9.00 Abfahrt mit dem \u201erichtigen\u201c Bus (nachdem Einige in einen falschen Bus eingestiegen waren) in 30 Minuten nach dem malerischen D\u00f6rfchen Dei\u00e0. Dei\u00e0 hatte einst den Ruf einer fr\u00fchen Hippie-Kolonie; dies bevor die Preise dann anstiegen. Sp\u00e4ter war es ein Refugium f\u00fcr K\u00fcnstler, Schauspieler, Schriftsteller, wie Picasso, Ava &hellip; <a href=\"https:\/\/www.adrianwood.ch\/?page_id=19733\" class=\"more-link\">Continue reading <span class=\"screen-reader-text\">05-02 Deia<\/span> <span class=\"meta-nav\">&rarr;<\/span><\/a><\/p>\n","protected":false},"author":1,"featured_media":0,"parent":19613,"menu_order":2608,"comment_status":"closed","ping_status":"closed","template":"","meta":{"ngg_post_thumbnail":0,"footnotes":""},"class_list":["post-19733","page","type-page","status-publish","hentry"],"_links":{"self":[{"href":"https:\/\/www.adrianwood.ch\/index.php?rest_route=\/wp\/v2\/pages\/19733","targetHints":{"allow":["GET"]}}],"collection":[{"href":"https:\/\/www.adrianwood.ch\/index.php?rest_route=\/wp\/v2\/pages"}],"about":[{"href":"https:\/\/www.adrianwood.ch\/index.php?rest_route=\/wp\/v2\/types\/page"}],"author":[{"embeddable":true,"href":"https:\/\/www.adrianwood.ch\/index.php?rest_route=\/wp\/v2\/users\/1"}],"replies":[{"embeddable":true,"href":"https:\/\/www.adrianwood.ch\/index.php?rest_route=%2Fwp%2Fv2%2Fcomments&post=19733"}],"version-history":[{"count":6,"href":"https:\/\/www.adrianwood.ch\/index.php?rest_route=\/wp\/v2\/pages\/19733\/revisions"}],"predecessor-version":[{"id":20139,"href":"https:\/\/www.adrianwood.ch\/index.php?rest_route=\/wp\/v2\/pages\/19733\/revisions\/20139"}],"up":[{"embeddable":true,"href":"https:\/\/www.adrianwood.ch\/index.php?rest_route=\/wp\/v2\/pages\/19613"}],"wp:attachment":[{"href":"https:\/\/www.adrianwood.ch\/index.php?rest_route=%2Fwp%2Fv2%2Fmedia&parent=19733"}],"curies":[{"name":"wp","href":"https:\/\/api.w.org\/{rel}","templated":true}]}}