{"id":19787,"date":"2019-06-08T10:08:00","date_gmt":"2019-06-08T10:08:00","guid":{"rendered":"http:\/\/www.adrianwood.ch\/?page_id=19787"},"modified":"2019-06-10T11:34:42","modified_gmt":"2019-06-10T11:34:42","slug":"05-05-fornalutx","status":"publish","type":"page","link":"https:\/\/www.adrianwood.ch\/?page_id=19787","title":{"rendered":"05-05 Fornalutx"},"content":{"rendered":"<div class=\"pmdi_content_wrapper\">\n<h2><span class=\"Normal-H\"><span style=\"font-family: Times New Roman; font-weight: bold; font-size: 11pt;\">5.Mai<\/span><span style=\"font-family: Times New Roman; font-weight: bold; font-size: 11pt;\">, <\/span><span style=\"font-family: Times New Roman; font-weight: bold; font-size: 11pt;\">Fornalutx<\/span><span style=\"font-family: Times New Roman; font-weight: bold; font-size: 11pt;\"> \u2013 das sch\u00f6nste Dorf Mallorcas, Unterkunftswechsel<\/span><span style=\"font-family: Times New Roman; font-weight: bold; font-size: 11pt;\"> nach <\/span><span style=\"font-family: Times New Roman; font-weight: bold; font-size: 11pt;\">Lluc<\/span><\/span><\/h2>\n<table class=\"TableGrid-T\" style=\"border-collapse: collapse;\" cellspacing=\"0\">\n<tbody>\n<tr class=\"-R\">\n<td class=\"-C\" style=\"width: 498.1pt; border: none windowtext 0pt;\" colspan=\"2\"><span class=\"Normal-H\">Heute wandern wir um 9h direkt von unserem Hotel in Port S\u00f3ller aus. Nochmals gehen wir der sch\u00f6nen Hafenbucht entlang, um dann rechts in die H\u00f6he abzuzweigen. Bald steigen wir auf abwechslungsreichen Wegen einmal durch terrassiertes Waldgebiet, dann an G\u00e4rten und Zitronehainen entlang hinauf gegen das Mirador de Barques, an welchem wir bereits einmal vorbeigekommen sind. Die Landschaft ist wie immer sehr abwechslungsreich und bietet, sobald wir etwas h\u00f6her sind, einen sch\u00f6nen Blick auf das St\u00e4dtchen S\u00f3ller und die umliegenden Berge.<\/span><\/td>\n<\/tr>\n<tr class=\"-R\">\n<td class=\"-C\" style=\"width: 249.05pt; border: none windowtext 0pt;\">\n<p class=\"Normal-P\" style=\"margin-bottom: 6pt; direction: ltr; unicode-bidi: normal; text-autospace: none;\"><span class=\"Normal-H\"><span style=\"font-family: Times New Roman; font-size: 11pt;\"><img loading=\"lazy\" decoding=\"async\" class=\"\" src=\"http:\/\/www.adrianwood.ch\/wp-content\/uploads\/2019\/06\/1559988395_image1.jpeg\" data-link=\"\" width=\"350\" height=\"234\"><\/span><\/span><\/p>\n<\/td>\n<td class=\"-C\" style=\"width: 249.05pt; border: none windowtext 0pt;\">\n<p class=\"Normal-P\" style=\"margin-bottom: 6pt; direction: ltr; unicode-bidi: normal; text-autospace: none;\"><span class=\"Normal-H\"><span style=\"font-family: Times New Roman; font-size: 11pt;\"><img loading=\"lazy\" decoding=\"async\" class=\"\" src=\"http:\/\/www.adrianwood.ch\/wp-content\/uploads\/2019\/06\/1559988395_image2.jpeg\" data-link=\"\" width=\"351\" height=\"235\"><\/span><\/span><\/p>\n<\/td>\n<\/tr>\n<tr class=\"-R\">\n<td class=\"-C\" style=\"width: 498.1pt; border: none windowtext 0pt;\" colspan=\"2\">\n<p class=\"Normal-P\" style=\"margin-bottom: 6pt; text-align: justify; text-justify: inter-ideograph; direction: ltr; unicode-bidi: normal; text-autospace: none;\"><span class=\"Normal-H\"><span style=\"font-family: Times New Roman; font-size: 11pt;\">Bevor wir das <\/span><span style=\"font-family: Times New Roman; font-size: 11pt;\">Mirador<\/span><span style=\"font-family: Times New Roman; font-size: 11pt;\"> erreichen, gibt es noch einen Zwischenhalt zwischen den \u00fcberall pr\u00e4senten Trockenmauern. Dann geht es weiter hinauf, wobei einmal eine Leiter benutzt werden muss, um eine<\/span><span style=\"font-family: Times New Roman; font-size: 11pt;\">Grenze zu \u00fcberwinden. In einem Olivenhain steigen wir weiter hinauf und erreichen dann um 12.15h das <\/span><span style=\"font-family: Times New Roman; font-size: 11pt;\">Mirador<\/span><span style=\"font-family: Times New Roman; font-size: 11pt;\"> de <\/span><span style=\"font-family: Times New Roman; font-size: 11pt;\">Barques<\/span><span style=\"font-family: Times New Roman; font-size: 11pt;\">, wo wir uns auf der <\/span><span style=\"font-family: Times New Roman; font-size: 11pt;\">Assichtsterrasse<\/span><span style=\"font-family: Times New Roman; font-size: 11pt;\"> niederlassen und etwas trinken. Die Sicht hinunter nach <\/span><span style=\"font-family: Times New Roman; font-size: 11pt;\">S\u00f3ller<\/span><span style=\"font-family: Times New Roman; font-size: 11pt;\"> und Port <\/span><span style=\"font-family: Times New Roman; font-size: 11pt;\">S\u00f3ller<\/span><span style=\"font-family: Times New Roman; font-size: 11pt;\"> ist <\/span><span style=\"font-family: Times New Roman; font-size: 11pt;\">grossartig<\/span><span style=\"font-family: Times New Roman; font-size: 11pt;\">.<\/span><\/span><\/p>\n<\/td>\n<\/tr>\n<tr class=\"-R\">\n<td class=\"-C\" style=\"width: 249.05pt; border: none windowtext 0pt;\">\n<p class=\"Normal-P\" style=\"margin-bottom: 6pt; direction: ltr; unicode-bidi: normal; text-autospace: none;\"><span class=\"Normal-H\"><span style=\"font-family: Times New Roman; font-size: 11pt;\"><img loading=\"lazy\" decoding=\"async\" class=\"\" src=\"http:\/\/www.adrianwood.ch\/wp-content\/uploads\/2019\/06\/1559988395_image3.jpeg\" data-link=\"\" width=\"349\" height=\"233\"><\/span><\/span><\/p>\n<\/td>\n<td class=\"-C\" style=\"width: 249.05pt; border: none windowtext 0pt;\">\n<p class=\"Normal-P\" style=\"margin-bottom: 6pt; direction: ltr; unicode-bidi: normal; text-autospace: none;\"><span class=\"Normal-H\"><span style=\"font-family: Times New Roman; font-size: 11pt;\"><img loading=\"lazy\" decoding=\"async\" class=\"\" src=\"http:\/\/www.adrianwood.ch\/wp-content\/uploads\/2019\/06\/1559988395_image4.jpeg\" data-link=\"\" width=\"350\" height=\"233\"><\/span><\/span><\/p>\n<\/td>\n<\/tr>\n<tr class=\"-R\">\n<td class=\"-C\" style=\"width: 249.05pt; border: none windowtext 0pt;\">\n<p class=\"Normal-P\" style=\"margin-bottom: 6pt; direction: ltr; unicode-bidi: normal; text-autospace: none;\"><span class=\"Normal-H\"><span style=\"font-family: Times New Roman; font-size: 11pt;\"><img loading=\"lazy\" decoding=\"async\" class=\"\" src=\"http:\/\/www.adrianwood.ch\/wp-content\/uploads\/2019\/06\/1559988395_image5.jpeg\" data-link=\"\" width=\"350\" height=\"234\"><\/span><\/span><\/p>\n<\/td>\n<td class=\"-C\" style=\"width: 249.05pt; border: none windowtext 0pt;\">\n<p class=\"Normal-P\" style=\"margin-bottom: 6pt; direction: ltr; unicode-bidi: normal; text-autospace: none;\"><span class=\"Normal-H\"><span style=\"font-family: Times New Roman; font-size: 11pt;\"><img loading=\"lazy\" decoding=\"async\" class=\"\" src=\"http:\/\/www.adrianwood.ch\/wp-content\/uploads\/2019\/06\/1559988395_image6.jpeg\" data-link=\"\" width=\"350\" height=\"233\"><\/span><\/span><\/p>\n<\/td>\n<\/tr>\n<tr class=\"-R\">\n<td class=\"-C\" style=\"width: 498.1pt; border: none windowtext 0pt;\" colspan=\"2\">\n<p class=\"Normal-P\" style=\"margin-bottom: 6pt; text-align: justify; text-justify: inter-ideograph; direction: ltr; unicode-bidi: normal; text-autospace: none;\"><span class=\"Normal-H\"><span style=\"font-family: Times New Roman; font-size: 11pt;\">Nach 13h machen wir uns wieder auf den Weg, der uns durch die terrassierten H\u00e4nge hinunter zum Dorf <\/span><span style=\"font-family: Times New Roman; font-size: 11pt;\">Fornalutx<\/span><span style=\"font-family: Times New Roman; font-size: 11pt;\"> bringt. Dabei gibt es st\u00e4ndig neue Ausblicke ins Tal hinein und in die Berge. Die kleinr\u00e4umige Natur &#8211; Kultur Landschaft bietet st\u00e4ndig neue Fotosujets!<\/span><\/span><\/p>\n<\/td>\n<\/tr>\n<tr class=\"-R\">\n<td class=\"-C\" style=\"width: 249.05pt; border: none windowtext 0pt;\">\n<p class=\"Normal-P\" style=\"margin-bottom: 6pt; direction: ltr; unicode-bidi: normal; text-autospace: none;\"><span class=\"Normal-H\"><span style=\"font-family: Times New Roman; font-size: 11pt;\"><img loading=\"lazy\" decoding=\"async\" class=\"\" src=\"http:\/\/www.adrianwood.ch\/wp-content\/uploads\/2019\/06\/1559988395_image7.jpeg\" data-link=\"\" width=\"350\" height=\"234\"><\/span><\/span><\/p>\n<\/td>\n<td class=\"-C\" style=\"width: 249.05pt; border: none windowtext 0pt;\">\n<p class=\"Normal-P\" style=\"margin-bottom: 6pt; direction: ltr; unicode-bidi: normal; text-autospace: none;\"><span class=\"Normal-H\"><span style=\"font-family: Times New Roman; font-size: 11pt;\"><img loading=\"lazy\" decoding=\"async\" class=\"\" src=\"http:\/\/www.adrianwood.ch\/wp-content\/uploads\/2019\/06\/1559988395_image8.jpeg\" data-link=\"\" width=\"350\" height=\"233\"><\/span><\/span><\/p>\n<\/td>\n<\/tr>\n<tr class=\"-R\">\n<td class=\"-C\" style=\"width: 498.1pt; border: none windowtext 0pt;\" colspan=\"2\">\n<p class=\"Normal-P\" style=\"margin-bottom: 6pt; text-align: justify; text-justify: inter-ideograph; direction: ltr; unicode-bidi: normal; text-autospace: none;\"><span class=\"Normal-H\"><span style=\"font-family: Times New Roman; font-size: 11pt;\">In <\/span><span style=\"font-family: Times New Roman; font-size: 11pt;\">Fornaltutx<\/span><span style=\"font-family: Times New Roman; font-size: 11pt;\"> haben wir eine Stunde Zeit uns zu verweilen. Die vielen Touristen auf dem Dorfplatz wirken eher abschreckend. Aber dieses Dorf soll das sch\u00f6nste Dorf Mallorcas sein! Die Gassen weiter oben im Dorf scheinen dies zu best\u00e4tigen! <\/span><span style=\"font-family: Times New Roman; font-size: 11pt;\">Um 15h f\u00e4hrt der Bus von <\/span><span style=\"font-family: Times New Roman; font-size: 11pt;\">Fornalutx<\/span><span style=\"font-family: Times New Roman; font-size: 11pt;\"> auf die <\/span><span style=\"font-family: Times New Roman; font-size: 11pt;\">Hauptstasse<\/span><span style=\"font-family: Times New Roman; font-size: 11pt;\"> MA-10, die hinauf <\/span><span style=\"font-family: Times New Roman; font-size: 11pt;\">durch eine einsame Berggegend hin\u00fcber zum Stausee, <\/span><span style=\"font-family: Times New Roman; font-size: 11pt;\">Embassament<\/span><span style=\"font-family: Times New Roman; font-size: 11pt;\"> de <\/span><span style=\"font-family: Times New Roman; font-size: 11pt;\">C\u00f9ber<\/span><span style=\"font-family: Times New Roman; font-size: 11pt;\"> und dann hin\u00fcber und entlang dem zweiten Stausee, dem <\/span><span style=\"font-family: Times New Roman; font-size: 11pt;\">Embassament<\/span><span style=\"font-family: Times New Roman; font-size: 11pt;\"> del <\/span><span style=\"font-family: Times New Roman; font-size: 11pt;\">Gorg<\/span><span style=\"font-family: Times New Roman; font-size: 11pt;\"> Blau f\u00fchrt. Am <\/span><span style=\"font-family: Times New Roman; font-size: 11pt;\">C\u00f9ber<\/span><span style=\"font-family: Times New Roman; font-size: 11pt;\"> Stausee sind wir bereits auf unserer Wanderung durch die Pilgerschlucht vorbeigekommen! Die Sicht vom Bus aus auf die bergige Landschaft ist sehr sch\u00f6n. Wir werden von Fernando auf den Puig Major mit seiner Kuppel aufmerksam gemacht. Da die Region <\/span><span style=\"font-family: Times New Roman; font-size: 11pt;\">Milit\u00e4tsperrgebiet<\/span><span style=\"font-family: Times New Roman; font-size: 11pt;\"> ist, wird dieser Berg dem Sportclub vorenthalten! Daf\u00fcr wird der <\/span><span style=\"font-family: Times New Roman; font-size: 11pt;\">Massanella<\/span><span style=\"font-family: Times New Roman; font-size: 11pt;\"> f\u00fcr die Gipfelst\u00fcrmer offen sein!<\/span><\/span><\/p>\n<\/td>\n<\/tr>\n<tr class=\"-R\">\n<td class=\"-C\" style=\"width: 249.05pt; border: none windowtext 0pt;\">\n<p class=\"Normal-P\" style=\"margin-bottom: 6pt; text-align: justify; text-justify: inter-ideograph; direction: ltr; unicode-bidi: normal; text-autospace: none;\"><span class=\"Normal-H\"><span style=\"font-family: Times New Roman; font-size: 11pt;\">Durch einen ausgedehnten Wald erreichen wir um 16h unseren n\u00e4chsten Aufenthaltsort, das <\/span><span style=\"font-family: Times New Roman; font-size: 11pt;\">Sanctuari<\/span><span style=\"font-family: Times New Roman; font-size: 11pt;\"> Santa Maria de <\/span><span style=\"font-family: Times New Roman; font-size: 11pt;\">Lluc<\/span><span style=\"font-family: Times New Roman; font-size: 11pt;\">. \u201e<\/span><span style=\"font-family: Times New Roman; font-size: 11pt;\">Sanctuari<\/span><span style=\"font-family: Times New Roman; font-size: 11pt;\"> \u201ebedeutet Heiligtum und ist zu unterscheiden von \u201e<\/span><span style=\"font-family: Times New Roman; font-size: 11pt;\">Monestir<\/span><span style=\"font-family: Times New Roman; font-size: 11pt;\"> \u201ef\u00fcr Kloster.<\/span><\/span><\/p>\n<\/td>\n<td class=\"-C\" style=\"width: 249.05pt; border: none windowtext 0pt;\">\n<p class=\"Normal-P\" style=\"margin-bottom: 6pt; direction: ltr; unicode-bidi: normal; text-autospace: none;\"><span class=\"Normal-H\"><span style=\"font-family: Times New Roman; font-size: 11pt;\"><img loading=\"lazy\" decoding=\"async\" class=\"\" src=\"http:\/\/www.adrianwood.ch\/wp-content\/uploads\/2019\/06\/1559988395_image9.jpeg\" data-link=\"\" width=\"350\" height=\"233\"><\/span><\/span><\/p>\n<\/td>\n<\/tr>\n<tr class=\"-R\">\n<td class=\"-C\" style=\"width: 498.1pt; border: none windowtext 0pt;\" colspan=\"2\">\n<p class=\"Normal-P\" style=\"margin-bottom: 6pt; text-align: justify; text-justify: inter-ideograph; direction: ltr; unicode-bidi: normal; text-autospace: none;\"><span class=\"Normal-H\"><span style=\"font-family: Times New Roman; font-size: 11pt;\">Wir scheinen in eine andere Welt gekommen zu sein! Bald stehen wir vor einem riesigen, abweisend wirkenden Steingeb\u00e4ude, in welchem uns dann die Zimmer oder Zellen zugeteilt werden. Die Betten m\u00fcssen noch bezogen werden aber es ist alles da, was wir brauchen.<\/span><span style=\"font-family: Times New Roman; font-size: 11pt;\">Es reicht noch f\u00fcr einen Erkundungsspaziergang auf dem weitl\u00e4ufigen Gel\u00e4nde, wobei wir der Kirche einen Besuch abstatten und die schwarze Madonna, Mare de D\u00e9u de Lluc sehen.Die Geschichte dieses Wallfahrtsortes und spirituellen Zentrums von Mallorca ist \u00e4usserst kompliziert und auf folgendem Link nachzulesen:<\/span><\/span><\/p>\n<p class=\"Normal-P\" style=\"margin-bottom: 6pt; text-align: justify; text-justify: inter-ideograph; direction: ltr; unicode-bidi: normal; text-autospace: none;\"><span class=\"Normal-H\"><a href=\"xhttps:\/\/de.wikipedia.org\/wiki\/Santuari_de_Lluc\" target=\"\" rel=\"noopener noreferrer\">https:\/\/de.wikipedia.org\/wiki\/Santuari_de_Lluc<\/a><\/span><\/p>\n<p class=\"Normal-P\" style=\"margin-bottom: 6pt; text-align: justify; text-justify: inter-ideograph; direction: ltr; unicode-bidi: normal; text-autospace: none;\"><span class=\"Normal-H\"><span style=\"font-family: Times New Roman; font-size: 11pt;\">Um 19h treffen wir uns f\u00fcr einen Restaurantbesuch. Es gibt ein f\u00fcr Mallorca typisches Gericht, <\/span><span style=\"font-family: Times New Roman; font-size: 11pt;\">Aroz<\/span><span style=\"font-family: Times New Roman; font-size: 11pt;\">brut<\/span><span style=\"font-family: Times New Roman; font-size: 11pt;\">, Schmutziger Reis, in Form einer verdickten Suppe, die sicher allen gut geschmeckt hat. Um noch etwas <\/span><span style=\"font-family: Times New Roman; font-size: 11pt;\">t<\/span><span style=\"font-family: Times New Roman; font-size: 11pt;\">ypisches f\u00fcr Mallorca zu probieren, trinken einige noch einen Schnaps.<\/span><span style=\"font-family: Times New Roman; font-size: 11pt;\">Wieder ist ein <\/span><span style=\"font-family: Times New Roman; font-size: 11pt;\">erreignisreicher<\/span><span style=\"font-family: Times New Roman; font-size: 11pt;\"> Tag zu<\/span><span style=\"font-family: Times New Roman; font-size: 11pt;\"> E<\/span><span style=\"font-family: Times New Roman; font-size: 11pt;\">nde und wir ziehen uns zur\u00fcck in unsere Zellen.<\/span><\/span><\/p>\n<p class=\"Normal-P\" style=\"margin-bottom: 6pt; text-align: justify; text-justify: inter-ideograph; direction: ltr; unicode-bidi: normal; text-autospace: none;\"><span class=\"Normal-H\"><span style=\"font-family: Times New Roman; font-size: 11pt;\">Die Wanderung von <\/span><span style=\"font-family: Times New Roman; font-size: 11pt;\">Soll\u00e8r<\/span><span style=\"font-family: Times New Roman; font-size: 11pt;\"> nach <\/span><span style=\"font-family: Times New Roman; font-size: 11pt;\">Fornalutx<\/span><span style=\"font-family: Times New Roman; font-size: 11pt;\"> war sehr sch\u00f6n. Mir gef\u00e4llt die abwechslungsreiche, wilde, einsame Landschaft, die ein <\/span><span style=\"font-family: Times New Roman; font-size: 11pt;\">grosser<\/span><span style=\"font-family: Times New Roman; font-size: 11pt;\"> Gegensatz zu dem ist, was wir in unsere<\/span><span style=\"font-family: Times New Roman; font-size: 11pt;\">m<\/span><span style=\"font-family: Times New Roman; font-size: 11pt;\"> Lande gewohnt sind. Aber im Dorf selber wurden wir wieder von den Touristenstr\u00f6men eingeholt!<\/span><\/span><\/p>\n<p class=\"Normal-P\" style=\"margin-bottom: 6pt; text-align: justify; text-justify: inter-ideograph; direction: ltr; unicode-bidi: normal; text-autospace: none;\"><span class=\"Normal-H\"><span style=\"font-family: Times New Roman; font-size: 11pt;\">Marianne<\/span><\/span><\/p>\n<\/td>\n<\/tr>\n<tr class=\"-R\">\n<td class=\"-C\" style=\"width: 498.1pt; border: none windowtext 0pt;\" colspan=\"2\">\n<p class=\"Normal-P\" style=\"margin-bottom: 6pt; text-align: justify; text-justify: inter-ideograph; direction: ltr; unicode-bidi: normal; text-autospace: none;\">\n<\/td>\n<\/tr>\n<tr class=\"-R\">\n<td class=\"-C\" style=\"width: 498.1pt; border: none windowtext 0pt;\" colspan=\"2\">\n<p class=\"Normal-P\" style=\"margin-bottom: 6pt; text-align: justify; text-justify: inter-ideograph; direction: ltr; unicode-bidi: normal; text-autospace: none;\"><span class=\"Normal-H\"><span style=\"font-family: Times New Roman; font-size: 11pt;\"><img loading=\"lazy\" decoding=\"async\" class=\"\" src=\"http:\/\/www.adrianwood.ch\/wp-content\/uploads\/2019\/06\/1559988395_image10.jpeg\" data-link=\"\" width=\"787\" height=\"415\"><\/span><\/span><\/p>\n<\/td>\n<\/tr>\n<p><!-- [if !supportMisalignedColumns]--><\/tbody>\n<\/table>\n<\/div>\n","protected":false},"excerpt":{"rendered":"<p>5.Mai, Fornalutx \u2013 das sch\u00f6nste Dorf Mallorcas, Unterkunftswechsel nach Lluc Heute wandern wir um 9h direkt von unserem Hotel in Port S\u00f3ller aus. Nochmals gehen wir der sch\u00f6nen Hafenbucht entlang, um dann rechts in die H\u00f6he abzuzweigen. Bald steigen wir auf abwechslungsreichen Wegen einmal durch terrassiertes Waldgebiet, dann an G\u00e4rten und Zitronehainen entlang hinauf gegen &hellip; <a href=\"https:\/\/www.adrianwood.ch\/?page_id=19787\" class=\"more-link\">Continue reading <span class=\"screen-reader-text\">05-05 Fornalutx<\/span> <span class=\"meta-nav\">&rarr;<\/span><\/a><\/p>\n","protected":false},"author":1,"featured_media":0,"parent":19613,"menu_order":2611,"comment_status":"closed","ping_status":"closed","template":"","meta":{"ngg_post_thumbnail":0,"footnotes":""},"class_list":["post-19787","page","type-page","status-publish","hentry"],"_links":{"self":[{"href":"https:\/\/www.adrianwood.ch\/index.php?rest_route=\/wp\/v2\/pages\/19787","targetHints":{"allow":["GET"]}}],"collection":[{"href":"https:\/\/www.adrianwood.ch\/index.php?rest_route=\/wp\/v2\/pages"}],"about":[{"href":"https:\/\/www.adrianwood.ch\/index.php?rest_route=\/wp\/v2\/types\/page"}],"author":[{"embeddable":true,"href":"https:\/\/www.adrianwood.ch\/index.php?rest_route=\/wp\/v2\/users\/1"}],"replies":[{"embeddable":true,"href":"https:\/\/www.adrianwood.ch\/index.php?rest_route=%2Fwp%2Fv2%2Fcomments&post=19787"}],"version-history":[{"count":6,"href":"https:\/\/www.adrianwood.ch\/index.php?rest_route=\/wp\/v2\/pages\/19787\/revisions"}],"predecessor-version":[{"id":20144,"href":"https:\/\/www.adrianwood.ch\/index.php?rest_route=\/wp\/v2\/pages\/19787\/revisions\/20144"}],"up":[{"embeddable":true,"href":"https:\/\/www.adrianwood.ch\/index.php?rest_route=\/wp\/v2\/pages\/19613"}],"wp:attachment":[{"href":"https:\/\/www.adrianwood.ch\/index.php?rest_route=%2Fwp%2Fv2%2Fmedia&parent=19787"}],"curies":[{"name":"wp","href":"https:\/\/api.w.org\/{rel}","templated":true}]}}