{"id":19818,"date":"2019-06-08T12:33:18","date_gmt":"2019-06-08T12:33:18","guid":{"rendered":"http:\/\/www.adrianwood.ch\/?page_id=19818"},"modified":"2019-06-11T15:10:16","modified_gmt":"2019-06-11T15:10:16","slug":"05-06-santuari-de-luc","status":"publish","type":"page","link":"https:\/\/www.adrianwood.ch\/?page_id=19818","title":{"rendered":"05-06 Santuari de Luc"},"content":{"rendered":"<div class=\"pmdi_content_wrapper\">\n<h2 class=\"Normal-P\" style=\"margin-bottom: 6pt; text-align: justify; text-justify: inter-ideograph; direction: ltr; unicode-bidi: normal;\"><span class=\"Normal-H\"><span style=\"font-family: Times New Roman; font-weight: bold;\">Montag, 6. Mai 2019, <\/span><span style=\"font-family: Times New Roman; font-weight: bold;\">Santuari<\/span><span style=\"font-family: Times New Roman; font-weight: bold;\"> de <\/span><span style=\"font-family: Times New Roman; font-weight: bold;\">Lluc<\/span><\/span><\/h2>\n<table class=\"TableGrid-T\" style=\"width: 481.4pt; border-collapse: collapse;\" cellspacing=\"0\">\n<tbody>\n<tr class=\"-R\">\n<td class=\"-C\" style=\"width: 481.4pt; border: none windowtext 0pt;\" colspan=\"3\">\n<p class=\"Normal-P\" style=\"margin-bottom: 6pt; text-align: justify; text-justify: inter-ideograph; direction: ltr; unicode-bidi: normal;\"><span class=\"Normal-H\"><span style=\"font-family: Times New Roman;\">Das Santuari de Santa Maria de Lluc (kastilisch Santuario de Santa Mar\u00eda de Lluch), so der vollst\u00e4ndige Name, ist ein Wallfahrtsort im Gebirge der Serra de Tramuntana im Nordwesten der spanischen Baleareninsel Mallorca und gilt als spirituelles Zentrum der Insel. Das Wort Santuari bedeutet \u201eHeiligtum\u201c. Es ist zu unterscheiden von Monestir f\u00fcr \u201eKloster\u201c, so wird das Santuari de Lluc durch Patres verwaltet und nicht von M\u00f6nchen bewohnt. <\/span><\/span><\/p>\n<p class=\"Normal-P\" style=\"margin-bottom: 6pt; text-align: justify; text-justify: inter-ideograph; direction: ltr; unicode-bidi: normal;\"><span class=\"Normal-H\"><span style=\"font-family: Times New Roman;\">Im Santuari de Lluc wird die Schutzheilige Mallorcas Mare de D\u00e9u de Lluc, die \u201eGottesmutter von Lluc\u201c, in Form einer Schwarzen Madonnenstatue verehrt, die von den Einheimischen sa Morenita, \u201edie Dunkelh\u00e4utige\u201c, genannt wird. Der heilige Ort z\u00e4hlt pro Jahr fast eine Million Besucher, er ist Ziel zahlreicher Pilger. Seit 1974 ist er Endpunkt des allj\u00e4hrlich am ersten Samstag im August stattfindenden \u201eMarxa des G\u00fcell a Lluc a peu\u201c, einem gemeinsamen Marsch tausender meist junger Menschen von der Inselhauptstadt Palma nach Lluc. <\/span><\/span><\/p>\n<p class=\"Normal-P\" style=\"margin-bottom: 6pt; text-align: justify; text-justify: inter-ideograph; direction: ltr; unicode-bidi: normal;\"><span class=\"Normal-H\"><span style=\"font-family: Times New Roman;\">Neben dem Santuari befindet sich der Jard\u00edn Bot\u00e1nico de Lluc, ein nord\u00f6stlich der Hauptgeb\u00e4ude anschlie\u00dfender kleiner Botanischer Garten. Im Jahr 2011 lebten in der Siedlung Lluc, dem Santuari nebst Nebengeb\u00e4uden, 41 Einwohner.<\/span><\/span><\/p>\n<\/td>\n<\/tr>\n<tr class=\"-R\">\n<td class=\"-C\" style=\"width: 239.8pt; border: none windowtext 0pt;\" colspan=\"2\">\n<p class=\"Normal-P\" style=\"margin-bottom: 6pt; text-align: justify; text-justify: inter-ideograph; direction: ltr; unicode-bidi: normal;\"><span class=\"Normal-H\"><span style=\"font-family: Times New Roman;\"><img loading=\"lazy\" decoding=\"async\" class=\"\" src=\"http:\/\/www.adrianwood.ch\/wp-content\/uploads\/2019\/06\/1560153036_image1.jpeg\" data-link=\"\" width=\"350\" height=\"233\"><\/span><\/span><\/p>\n<\/td>\n<td class=\"-C\" style=\"width: 241.6pt; border: none windowtext 0pt;\">\n<p class=\"Normal-P\" style=\"margin-bottom: 6pt; text-align: justify; text-justify: inter-ideograph; direction: ltr; unicode-bidi: normal;\"><span class=\"Normal-H\"><span style=\"font-family: Times New Roman;\"><img loading=\"lazy\" decoding=\"async\" class=\"\" src=\"http:\/\/www.adrianwood.ch\/wp-content\/uploads\/2019\/06\/1560153036_image2.jpeg\" data-link=\"\" width=\"350\" height=\"233\"><\/span><\/span><\/p>\n<\/td>\n<\/tr>\n<tr class=\"-R\">\n<td class=\"-C\" style=\"width: 481.4pt; border: none windowtext 0pt;\" colspan=\"3\">\n<p class=\"Normal-P\" style=\"margin-bottom: 6pt; text-align: justify; text-justify: inter-ideograph; direction: ltr; unicode-bidi: normal;\"><span class=\"Normal-H\"><span style=\"font-family: Times New Roman;\">Obwohl ich den Glockenturm gegen\u00fcber hatte, war die Nacht ruhig und ich schlafe bis mein Handy zum Wecken Harfenkl\u00e4nge spielt.<\/span><\/span><\/p>\n<p class=\"Normal-P\" style=\"margin-bottom: 6pt; text-align: justify; text-justify: inter-ideograph; direction: ltr; unicode-bidi: normal;\"><span class=\"Normal-H\"><span style=\"font-family: Times New Roman;\">Punkt 08:00 Uhr stehen alle \u00dcbernachtungsg\u00e4ste vor dem Speisesaal und warten geduldig auf Einlass. Der n\u00e4chste Haltepunkt ist die Registrierung als Hausgast und die Berechtigung zum Fr\u00fchst\u00fcck. Dann geht es weiter zum n\u00e4chsten Verweil-Platz bei der Kaffeemaschine. Wir, auf Effizienz getrimmten Sportler, haben viel M\u00fche mit dieser Maschine, nach ca. 4 Kaffees braucht diese wieder eine Pause, um wieder auf Betriebstemperatur zu kommen und das dauert. Das reichhaltige Fr\u00fchst\u00fccksangebot entsch\u00e4digt f\u00fcr den Stau an der Kaffeemaschine und man kann ja auch kaltes Wasser oder Saft trinken. Eine kleine Gruppe von uns will die K\u00f6nigsetappe, auf den Puig de <\/span><span style=\"font-family: Times New Roman;\">Massanella<\/span><span style=\"font-family: Times New Roman;\"> 1364m, unter die F\u00fcsse nehmen und hat es eigentlich etwas eilig, um rechtzeitig zum Zicklein-Essen wieder unten zu sein.<\/span><\/span><\/p>\n<\/td>\n<\/tr>\n<tr class=\"-R\">\n<td class=\"-C\" style=\"width: 481.4pt; border: none windowtext 0pt;\" colspan=\"3\">\n<p class=\"Normal-P\" style=\"margin-bottom: 6pt; text-align: justify; text-justify: inter-ideograph; direction: ltr; unicode-bidi: normal;\"><span class=\"Normal-H\"><span style=\"font-family: Times New Roman;\"><img loading=\"lazy\" decoding=\"async\" class=\"\" src=\"http:\/\/www.adrianwood.ch\/wp-content\/uploads\/2019\/06\/1560153036_image3.jpeg\" data-link=\"\" width=\"811\" height=\"270\"><\/span><\/span><\/p>\n<\/td>\n<\/tr>\n<tr class=\"-R\">\n<td class=\"-C\" style=\"width: 239.2pt; border: none windowtext 0pt;\">\n<p class=\"Normal-P\" style=\"margin-bottom: 6pt; text-align: justify; text-justify: inter-ideograph; direction: ltr; unicode-bidi: normal;\"><span class=\"Normal-H\"><span style=\"font-family: Times New Roman;\"><img loading=\"lazy\" decoding=\"async\" class=\"\" src=\"http:\/\/www.adrianwood.ch\/wp-content\/uploads\/2019\/06\/1560153036_image4.jpeg\" data-link=\"\" width=\"350\" height=\"233\"><\/span><\/span><\/p>\n<\/td>\n<td class=\"-C\" style=\"width: 242.2pt; border: none windowtext 0pt;\" colspan=\"2\">\n<p class=\"Normal-P\" style=\"margin-bottom: 6pt; text-align: justify; text-justify: inter-ideograph; direction: ltr; unicode-bidi: normal;\"><span class=\"Normal-H\"><span style=\"font-family: Times New Roman;\"><img loading=\"lazy\" decoding=\"async\" class=\"\" src=\"http:\/\/www.adrianwood.ch\/wp-content\/uploads\/2019\/06\/1560153036_image5.jpeg\" data-link=\"\" width=\"350\" height=\"233\"><\/span><\/span><\/p>\n<\/td>\n<\/tr>\n<tr class=\"-R\">\n<td class=\"-C\" style=\"width: 481.4pt; border: none windowtext 0pt;\" colspan=\"3\">\n<p class=\"Normal-P\" style=\"margin-bottom: 6pt; text-align: justify; text-justify: inter-ideograph; direction: ltr; unicode-bidi: normal;\"><span class=\"Normal-H\"><span style=\"font-family: Times New Roman;\">Adrian schl\u00e4gt eine Alternativtour vor und wir stehen marschbereit um 09:30 Uhr vor dem Hauptgeb\u00e4ude. Nur kurz wandern auf dem Asphalt und dann geht es mit einer Leiter \u00fcber die Mauer auf einen Wiesenweg <\/span><span style=\"font-family: Times New Roman;\">mit Schafen. Auf der anderen Seite der Weide das Gleiche, um in den Wald zu gelangen. Auf der Anh\u00f6he erreichen wir die Geb\u00e4ude Son Amer. Wir schauen zur\u00fcck zum Wallfahrtsort, gehen weiter auf dem GR221, nochmals eine Leiter \u00fcber eine Mauer, einige finden aber ein Loch und sind sogleich <\/span><span style=\"font-family: Times New Roman;\">auf der andern Seite<\/span><span style=\"font-family: Times New Roman;\">, w\u00e4hrend die anderen noch auf den Holzsprossen turnen. Auf der H\u00f6he mitten im Wald machen wir einen Trinkhalt, wir treffen eine andere Wandergruppe. Wir verlassen den GR221, steigen durch den Wald ab und erreichen die Finca <\/span><span style=\"font-family: Times New Roman;\">Menut<\/span><span style=\"font-family: Times New Roman;\"> (G\u00e4rtnerei und Fischzucht). Wieder teilt sich die Gruppe, weil wir den Chor der Internatssch\u00fcler um 13:15 Uhr nicht verpassen m\u00f6chten. Wir nehmen den direkten Weg mit interessanten Kalkfelsen und erreichen \u00fcber das Fussballfeld die Wallfahrtsanlage.<\/span><\/span><\/p>\n<\/td>\n<\/tr>\n<tr class=\"-R\">\n<td class=\"-C\" style=\"width: 239.2pt; border: none windowtext 0pt;\">\n<p class=\"Normal-P\" style=\"margin-bottom: 6pt; text-align: justify; text-justify: inter-ideograph; direction: ltr; unicode-bidi: normal;\"><span class=\"Normal-H\"><span style=\"font-family: Times New Roman;\"><img decoding=\"async\" src=\"http:\/\/www.adrianwood.ch\/wp-content\/uploads\/2019\/06\/1560153036_image6.jpeg\" data-link=\"\" width=\"305px \" height=\"203.333333333333px \"><\/span><\/span><\/p>\n<\/td>\n<td class=\"-C\" style=\"width: 242.2pt; border: none windowtext 0pt;\" colspan=\"2\">\n<p class=\"Normal-P\" style=\"margin-bottom: 6pt; text-align: justify; text-justify: inter-ideograph; direction: ltr; unicode-bidi: normal;\"><span class=\"Normal-H\"><span style=\"font-family: Times New Roman;\"><img decoding=\"async\" src=\"http:\/\/www.adrianwood.ch\/wp-content\/uploads\/2019\/06\/1560153036_image7.jpeg\" data-link=\"\" width=\"309.4px \" height=\"206.266666666667px \"><\/span><\/span><\/p>\n<\/td>\n<\/tr>\n<tr class=\"-R\">\n<td class=\"-C\" style=\"width: 481.4pt; border: none windowtext 0pt;\" colspan=\"3\">\n<p class=\"Normal-P\" style=\"margin-bottom: 6pt; text-align: justify; text-justify: inter-ideograph; direction: ltr; unicode-bidi: normal;\"><span class=\"Normal-H\"><span style=\"font-family: Times New Roman;\">Da noch Zeit ist, besuchen wir den Botanischen Garten mit Holzstegen, Br\u00fccken und kleinen T\u00fcmpeln. Am Ende ist ein relativ grosses Schwimmbecken, aber es ist nicht offen, es ist eh zu kalt. Wir gehen um 13:00 Uhr zur Wallfahrtskirche, da ist noch eine Messe. Wir setzen uns auf die B\u00e4nke und lauschen der Predigt. Nach dem Friedensbekenntnis mit Handschlag mit den Sitznachbarn endet die Messe, dann folgt der Einzug der Internatssch\u00fcler, die ein paar, uns unbekannte, Kirchenlieder singen. Schlussendlich ziehen die Chors\u00e4nger wieder durch den Mittelgang zum Ausgang und die schwarze Madonna wird wieder in den Hinterraum zur\u00fcckgedreht. Nat\u00fcrlich schauen wir uns dann den Hinterraum nochmals an. <\/span><\/span><\/p>\n<\/td>\n<\/tr>\n<tr class=\"-R\">\n<td class=\"-C\" style=\"width: 481.4pt; border: none windowtext 0pt;\" colspan=\"3\">\n<p class=\"Normal-P\" style=\"margin-bottom: 6pt; text-align: justify; text-justify: inter-ideograph; direction: ltr; unicode-bidi: normal;\"><span class=\"Normal-H\"><span style=\"font-family: Times New Roman;\">Vor dem Abmarsch zum sp\u00e4ten Mittagessen &#8211; oder fr\u00fchen Nachtessen &#8211; genehmigen wir uns noch einen Kaffee am Kiosk vor dem Hauptgeb\u00e4ude. Mittlerweile kommt die andere Gruppe mit Adrian von der etwas l\u00e4ngeren Wanderung zur\u00fcck. Um 15:00 Uhr laufen wir gemeinsam zur Tankstelle hoch, daneben ist ein Restaurant bekannt f\u00fcr Ziegenfleisch aus eigener Jagd. Es hat in der Region zu viele Ziegen, darum m\u00fcssen diese unbedingt dezimiert werden, weil sie den Wald zerst\u00f6ren. Gem\u00e4ss Fernando tun wir ein gutes Werk, wenn wir Ziegen verspeisen \u2013 nun denn. Wir setzen uns auf die reservierten Pl\u00e4tze und kurz darauf kommt auch die <\/span><span style=\"font-family: Times New Roman;\">Massanaella<\/span><span style=\"font-family: Times New Roman;\">-Gruppe an und wir applaudieren Ihnen f\u00fcr die tolle Leistung.<\/span><\/span><\/p>\n<p class=\"Normal-P\" style=\"margin-bottom: 6pt; text-align: justify; text-justify: inter-ideograph; direction: ltr; unicode-bidi: normal;\"><span class=\"Normal-H\"><span style=\"font-family: Times New Roman;\">Das Ziegenfleisch schmeckt vorz\u00fcglich und der Tischwein heizt die fr\u00f6hliche Stimmung an, aber als dann der Zaubertrunk Miraculix herumgereicht wird, ist es leider Zeit diesen gastlichen Ort zu verlassen. Beschwingt nehmen wir den Asphaltweg zur\u00fcck zur Unterkunft. Ans Nachtessen denkt niemand mehr, stattdessen steigen wir zum Kreuz hinter dem <\/span><span style=\"font-family: Times New Roman;\">Santuari<\/span><span style=\"font-family: Times New Roman;\"> hoch und geniessen die sch\u00f6ne Abendstimmung. <\/span><\/span><\/p>\n<p class=\"Normal-P\" style=\"margin-bottom: 6pt; text-align: justify; text-justify: inter-ideograph; direction: ltr; unicode-bidi: normal;\"><span class=\"Normal-H\"><span style=\"font-family: Times New Roman;\">Vreni<\/span><span style=\"font-family: Times New Roman;\"> G.<\/span><\/span><\/p>\n<\/td>\n<\/tr>\n<tr class=\"-R\">\n<td class=\"-C\" style=\"width: 481.4pt; border: none windowtext 0pt;\" colspan=\"3\">\n<p class=\"Normal-P\" style=\"margin-bottom: 6pt; text-align: justify; text-justify: inter-ideograph; direction: ltr; unicode-bidi: normal;\"><span class=\"Normal-H\"><span style=\"font-family: Times New Roman;\"><img decoding=\"async\" src=\"http:\/\/www.adrianwood.ch\/wp-content\/uploads\/2019\/06\/1560153036_image8.PNG\" data-link=\"\" width=\"625px \" height=\"473.062362204724px \"><\/span><\/span><\/p>\n<\/td>\n<\/tr>\n<p><!-- [if !supportMisalignedColumns]--><\/tbody>\n<\/table>\n<\/div>\n","protected":false},"excerpt":{"rendered":"<p>Montag, 6. Mai 2019, Santuari de Lluc Das Santuari de Santa Maria de Lluc (kastilisch Santuario de Santa Mar\u00eda de Lluch), so der vollst\u00e4ndige Name, ist ein Wallfahrtsort im Gebirge der Serra de Tramuntana im Nordwesten der spanischen Baleareninsel Mallorca und gilt als spirituelles Zentrum der Insel. Das Wort Santuari bedeutet \u201eHeiligtum\u201c. Es ist zu &hellip; <a href=\"https:\/\/www.adrianwood.ch\/?page_id=19818\" class=\"more-link\">Continue reading <span class=\"screen-reader-text\">05-06 Santuari de Luc<\/span> <span class=\"meta-nav\">&rarr;<\/span><\/a><\/p>\n","protected":false},"author":1,"featured_media":0,"parent":19613,"menu_order":2613,"comment_status":"closed","ping_status":"closed","template":"","meta":{"ngg_post_thumbnail":0,"footnotes":""},"class_list":["post-19818","page","type-page","status-publish","hentry"],"_links":{"self":[{"href":"https:\/\/www.adrianwood.ch\/index.php?rest_route=\/wp\/v2\/pages\/19818","targetHints":{"allow":["GET"]}}],"collection":[{"href":"https:\/\/www.adrianwood.ch\/index.php?rest_route=\/wp\/v2\/pages"}],"about":[{"href":"https:\/\/www.adrianwood.ch\/index.php?rest_route=\/wp\/v2\/types\/page"}],"author":[{"embeddable":true,"href":"https:\/\/www.adrianwood.ch\/index.php?rest_route=\/wp\/v2\/users\/1"}],"replies":[{"embeddable":true,"href":"https:\/\/www.adrianwood.ch\/index.php?rest_route=%2Fwp%2Fv2%2Fcomments&post=19818"}],"version-history":[{"count":10,"href":"https:\/\/www.adrianwood.ch\/index.php?rest_route=\/wp\/v2\/pages\/19818\/revisions"}],"predecessor-version":[{"id":20150,"href":"https:\/\/www.adrianwood.ch\/index.php?rest_route=\/wp\/v2\/pages\/19818\/revisions\/20150"}],"up":[{"embeddable":true,"href":"https:\/\/www.adrianwood.ch\/index.php?rest_route=\/wp\/v2\/pages\/19613"}],"wp:attachment":[{"href":"https:\/\/www.adrianwood.ch\/index.php?rest_route=%2Fwp%2Fv2%2Fmedia&parent=19818"}],"curies":[{"name":"wp","href":"https:\/\/api.w.org\/{rel}","templated":true}]}}