{"id":19938,"date":"2019-06-09T09:25:27","date_gmt":"2019-06-09T09:25:27","guid":{"rendered":"http:\/\/www.adrianwood.ch\/?page_id=19938"},"modified":"2019-06-11T15:18:20","modified_gmt":"2019-06-11T15:18:20","slug":"05-10-es-trenc-epilog","status":"publish","type":"page","link":"https:\/\/www.adrianwood.ch\/?page_id=19938","title":{"rendered":"05-10 Es Trenc, Epilog"},"content":{"rendered":"<div class=\"pmdi_content_wrapper\">\n<h2 class=\"Normal-P\" style=\"margin-bottom: 6pt; text-align: justify; text-justify: inter-ideograph; direction: ltr; unicode-bidi: normal;\"><span class=\"Normal-H\"><span style=\"font-family: Times New Roman; font-weight: bold;\">10.Mai, <\/span><span style=\"font-family: Times New Roman; font-weight: bold;\">Es <\/span><span style=\"font-family: Times New Roman; font-weight: bold;\">Trenc<\/span><span style=\"font-family: Times New Roman; font-weight: bold;\">, Epilo<\/span><span style=\"font-family: Times New Roman; font-weight: bold;\">g<\/span><\/span><\/h2>\n<p class=\"Normal-P\" style=\"margin-bottom: 6pt; text-align: justify; text-justify: inter-ideograph; direction: ltr; unicode-bidi: normal;\">\n<table class=\"TableGrid-T\" style=\"border-collapse: collapse;\" cellspacing=\"0\">\n<tbody>\n<tr class=\"-R\">\n<td class=\"-C\" style=\"width: 481.4pt; border: none windowtext 0pt;\" colspan=\"2\">\n<p class=\"Normal-P\" style=\"margin-bottom: 6pt; text-align: justify; text-justify: inter-ideograph; direction: ltr; unicode-bidi: normal;\"><span class=\"Normal-H\"><span style=\"font-family: Times New Roman;\">Es blieb nur noch den der letzte Tag, ein sogenannter freier Tag. Eigentlich sind alle Tage frei gewesen. Es war immer m\u00f6glich eine Wanderung aus zu lassen um einen Ruhetag zu haben oder einen anderen Ausflug zu machen. Viele Leute, <\/span><span style=\"font-family: Times New Roman;\">auch ich<\/span><span style=\"font-family: Times New Roman;\">, haben mindestens einmal von dieser M\u00f6glichkeit Gebrauch gemacht, weil die Wanderungen teilweise f\u00fcr manche von uns doch recht streng waren. Leider <\/span><span style=\"font-family: Times New Roman;\">gab es<\/span><span style=\"font-family: Times New Roman;\"> Teilnehmer <\/span><span style=\"font-family: Times New Roman;\">die <\/span><span style=\"font-family: Times New Roman;\">aus gesundheitlichen Gr\u00fcnden gezwungen <\/span><span style=\"font-family: Times New Roman;\">waren <\/span><span style=\"font-family: Times New Roman;\">auf mehrere Wanderungen zu verzichten.<\/span><\/span><\/p>\n<\/td>\n<\/tr>\n<tr class=\"-R\">\n<td class=\"-C\" style=\"width: 239.95pt; border: none windowtext 0pt;\">\n<p class=\"Normal-P\" style=\"margin-bottom: 6pt; text-align: justify; text-justify: inter-ideograph; direction: ltr; unicode-bidi: normal;\"><span class=\"Normal-H\"><span style=\"font-family: Times New Roman;\"><img loading=\"lazy\" decoding=\"async\" class=\"\" src=\"http:\/\/www.adrianwood.ch\/wp-content\/uploads\/2019\/06\/1560072299_image1.jpeg\" data-link=\"\" width=\"350\" height=\"232\"><\/span><\/span><\/p>\n<\/td>\n<td class=\"-C\" style=\"width: 241.45pt; border: none windowtext 0pt;\">\n<p class=\"Normal-P\" style=\"margin-bottom: 6pt; text-align: justify; text-justify: inter-ideograph; direction: ltr; unicode-bidi: normal;\"><span class=\"Normal-H\"><span style=\"font-family: Times New Roman;\"><img loading=\"lazy\" decoding=\"async\" class=\"\" src=\"http:\/\/www.adrianwood.ch\/wp-content\/uploads\/2019\/06\/1560072299_image2.jpeg\" data-link=\"\" width=\"349\" height=\"234\"><\/span><\/span><\/p>\n<\/td>\n<\/tr>\n<tr class=\"-R\">\n<td class=\"-C\" style=\"width: 481.4pt; border: none windowtext 0pt;\" colspan=\"2\">\n<p class=\"Normal-P\" style=\"margin-bottom: 6pt; text-align: justify; text-justify: inter-ideograph; direction: ltr; unicode-bidi: normal;\"><span class=\"Normal-H\"><span style=\"font-family: Times New Roman;\">Wir hatten schon am Vortag Fernando, unseren Wanderf\u00fchrer, geb\u00fchrend verabschiedet, weil er gleich nach Menorca fahren wollte, um dort eine neue Wandergruppe zu \u00fcbernehmen. Leider konnten wir deswegen kein Abschiedsabendessen mit ihm gestalten, obwohl ich f\u00fcr eine passende Sitzordnung im Speisesaal des Hotels gesorgt hatte. Er hatte alle Wanderungen sehr kompetent geleitet und uns dabei mit seinen grossen Kenntnissen \u00fcber Land und Leute unterhalten. So waren alle begeistert, besonders die weiblichen Teilnehmerinnen, und sie hatten den Wunsch ihn bei zuk\u00fcnftigen Wanderferien als Leiter zu haben. Er ist Spanier nicht von Mallorca aber von La Mancha und er sprach ein lustiges Deutsch. Manchmal ging es <\/span><span style=\"font-family: Times New Roman;\">um<\/span><span style=\"font-family: Times New Roman;\">h\u00e4ngende<\/span><span style=\"font-family: Times New Roman;\"> \u2018Schotten\u2019 oder um eine \u2018Tanke-stelle\u2019 als Orientierungspunkt.<\/span><\/span><\/p>\n<\/td>\n<\/tr>\n<tr class=\"-R\">\n<td class=\"-C\" style=\"width: 239.95pt; border: none windowtext 0pt;\">\n<p class=\"Normal-P\" style=\"margin-bottom: 6pt; text-align: justify; text-justify: inter-ideograph; direction: ltr; unicode-bidi: normal;\"><span class=\"Normal-H\"><span style=\"font-family: Times New Roman;\"><img loading=\"lazy\" decoding=\"async\" class=\"\" src=\"http:\/\/www.adrianwood.ch\/wp-content\/uploads\/2019\/06\/1560072299_image3.jpeg\" data-link=\"\" width=\"350\" height=\"234\"><\/span><\/span><\/p>\n<\/td>\n<td class=\"-C\" style=\"width: 241.45pt; border: none windowtext 0pt;\">\n<p class=\"Normal-P\" style=\"margin-bottom: 6pt; text-align: justify; text-justify: inter-ideograph; direction: ltr; unicode-bidi: normal;\"><span class=\"Normal-H\"><span style=\"font-family: Times New Roman;\"><img loading=\"lazy\" decoding=\"async\" class=\"\" src=\"http:\/\/www.adrianwood.ch\/wp-content\/uploads\/2019\/06\/1560072299_image4.jpeg\" data-link=\"\" width=\"349\" height=\"234\"><\/span><\/span><\/p>\n<\/td>\n<\/tr>\n<tr class=\"-R\">\n<td class=\"-C\" style=\"width: 481.4pt; border: none windowtext 0pt;\" colspan=\"2\">\n<p class=\"Normal-P\" style=\"margin-bottom: 6pt; text-align: justify; text-justify: inter-ideograph; direction: ltr; unicode-bidi: normal;\"><span class=\"Normal-H\"><span style=\"font-family: Times New Roman;\">Was war dann noch zu machen als wir auf uns alleine gestellt waren. Im Programm wurde ein Bootsausflug auf die unter Naturschutz stehende Insel Cabrera vorgeschlagen. <\/span><\/span><\/p>\n<\/td>\n<\/tr>\n<tr class=\"-R\">\n<td class=\"-C\" style=\"width: 239.95pt; border: none windowtext 0pt;\">\n<p class=\"Normal-P\" style=\"margin-bottom: 6pt; text-align: justify; text-justify: inter-ideograph; direction: ltr; unicode-bidi: normal;\"><span class=\"Normal-H\"><span style=\"font-family: Times New Roman;\"><img loading=\"lazy\" decoding=\"async\" class=\"\" src=\"http:\/\/www.adrianwood.ch\/wp-content\/uploads\/2019\/06\/1560072299_image5.jpeg\" data-link=\"\" width=\"350\" height=\"234\"><\/span><\/span><\/p>\n<\/td>\n<td class=\"-C\" style=\"width: 241.45pt; border: none windowtext 0pt;\">\n<p class=\"Normal-P\" style=\"margin-bottom: 6pt; text-align: justify; text-justify: inter-ideograph; direction: ltr; unicode-bidi: normal;\"><span class=\"Normal-H\"><span style=\"font-family: Times New Roman;\"><img loading=\"lazy\" decoding=\"async\" class=\"\" src=\"http:\/\/www.adrianwood.ch\/wp-content\/uploads\/2019\/06\/1560072299_image6.jpeg\" data-link=\"\" width=\"350\" height=\"233\"><\/span><\/span><\/p>\n<\/td>\n<\/tr>\n<tr class=\"-R\">\n<td class=\"-C\" style=\"width: 481.4pt; border: none windowtext 0pt;\" colspan=\"2\">\n<p class=\"Normal-P\" style=\"margin-bottom: 6pt; text-align: justify; text-justify: inter-ideograph; direction: ltr; unicode-bidi: normal;\"><span class=\"Normal-H\"><span style=\"font-family: Times New Roman;\">Die Bootsfahrt hin und her wurde aber zu hektisch gefunden und man wollte einen gem\u00fctlicheren Tag zum Ausklang verbringen. Trotzdem sind manche Leute schon fr\u00fch auf den Beinen gewesen und haben noch vor dem Fr\u00fchstuck den Promenadenweg um Colonia de San Jordi im Eiltempo hinter sich gebracht. Nachher gab es eine vom Hotel angebotene <\/span><span style=\"font-family: Times New Roman;\">Streching<\/span><span style=\"font-family: Times New Roman;\">-Stunde <\/span><span style=\"font-family: Times New Roman;\">die Zuspruch<\/span><span style=\"font-family: Times New Roman;\"> gefunden hatte.<\/span><\/span><\/p>\n<\/td>\n<\/tr>\n<tr class=\"-R\">\n<td class=\"-C\" style=\"width: 239.95pt; border: none windowtext 0pt;\">\n<p class=\"Normal-P\" style=\"margin-bottom: 6pt; text-align: justify; text-justify: inter-ideograph; direction: ltr; unicode-bidi: normal;\"><span class=\"Normal-H\"><span style=\"font-family: Times New Roman;\"><img loading=\"lazy\" decoding=\"async\" class=\"\" src=\"http:\/\/www.adrianwood.ch\/wp-content\/uploads\/2019\/06\/1560072299_image7.jpeg\" data-link=\"\" width=\"349\" height=\"233\"><\/span><\/span><\/p>\n<\/td>\n<td class=\"-C\" style=\"width: 241.45pt; border: none windowtext 0pt;\">\n<p class=\"Normal-P\" style=\"margin-bottom: 6pt; text-align: justify; text-justify: inter-ideograph; direction: ltr; unicode-bidi: normal;\"><span class=\"Normal-H\"><span style=\"font-family: Times New Roman;\"><img loading=\"lazy\" decoding=\"async\" class=\"\" src=\"http:\/\/www.adrianwood.ch\/wp-content\/uploads\/2019\/06\/1560072299_image8.jpeg\" data-link=\"\" width=\"349\" height=\"234\"><\/span><\/span><\/p>\n<\/td>\n<\/tr>\n<tr class=\"-R\">\n<td class=\"-C\" style=\"width: 481.4pt; border: none windowtext 0pt;\" colspan=\"2\">\n<p class=\"Normal-P\" style=\"margin-bottom: 6pt; text-align: justify; text-justify: inter-ideograph; direction: ltr; unicode-bidi: normal;\"><span class=\"Normal-H\"><span style=\"font-family: Times New Roman;\">Es war ein sehr sch\u00f6ner Tag. Vielleich der w\u00e4rmste der ganzen Ferien, ideales Badewetter also. Aber wir sportliche Leute m\u00fcssen zuerst immer aktiv unterwegs sein. Wir hatten bisher nicht sehr viel Zeit die Umgebung des Hotels zu erforschen und ich hatte von einem kleinen privaten Naturschutzgebiet mit Wanderwegen hinter dem langen Sandstrand Es <\/span><span style=\"font-family: Times New Roman;\">Trenc<\/span><span style=\"font-family: Times New Roman;\"> geh\u00f6rt. 13 Leute wollten mitkommen und jeder musste zuerst eine gratis Bewilligungskarte <\/span><span style=\"font-family: Times New Roman;\">von der<\/span><span style=\"font-family: Times New Roman;\"> Hotel Reception holen. Die <\/span><span style=\"font-family: Times New Roman;\">Zweis<\/span><span style=\"font-family: Times New Roman;\">t\u00fcndige Wanderung durch Pinienwald mit grossen sandigen Lichtungen hat sich gelohnt und war genau das Richtige f\u00fcr uns. Dreimal haben wir kleine Schildkr\u00f6ten entdeckt. Von unserem leicht erh\u00f6hten Pausenplatz hatten wir Sicht auf die Salinen und das Meer.<\/span><\/span><\/p>\n<\/td>\n<\/tr>\n<tr class=\"-R\">\n<td class=\"-C\" style=\"width: 239.95pt; border: none windowtext 0pt;\">\n<p class=\"Normal-P\" style=\"margin-bottom: 6pt; text-align: justify; text-justify: inter-ideograph; direction: ltr; unicode-bidi: normal;\"><span class=\"Normal-H\"><span style=\"font-family: Times New Roman;\"><img loading=\"lazy\" decoding=\"async\" class=\"\" src=\"http:\/\/www.adrianwood.ch\/wp-content\/uploads\/2019\/06\/1560072299_image9.jpeg\" data-link=\"\" width=\"350\" height=\"232\"><\/span><\/span><\/p>\n<\/td>\n<td class=\"-C\" style=\"width: 241.45pt; border: none windowtext 0pt;\">\n<p class=\"Normal-P\" style=\"margin-bottom: 6pt; text-align: justify; text-justify: inter-ideograph; direction: ltr; unicode-bidi: normal;\"><span class=\"Normal-H\"><span style=\"font-family: Times New Roman;\"><img loading=\"lazy\" decoding=\"async\" class=\"\" src=\"http:\/\/www.adrianwood.ch\/wp-content\/uploads\/2019\/06\/1560072299_image10.jpeg\" data-link=\"\" width=\"349\" height=\"234\"><\/span><\/span><\/p>\n<\/td>\n<\/tr>\n<tr class=\"-R\">\n<td class=\"-C\" style=\"width: 481.4pt; border: none windowtext 0pt;\" colspan=\"2\">\n<p class=\"Normal-P\" style=\"margin-bottom: 6pt; text-align: justify; text-justify: inter-ideograph; direction: ltr; unicode-bidi: normal;\"><span class=\"Normal-H\"><span style=\"font-family: Times New Roman;\">Dann zur\u00fcck zum Strand und ab ins Wasser! Aber nicht zu schnell<\/span><span style=\"font-family: Times New Roman;\">!<\/span><span style=\"font-family: Times New Roman;\"> Am Vortag hatten 2 von unseren Damen schmerzhaft brennende Stiche von Quallen bekommen. Es hiess, es gibt keine an diesem Tag und ich war schon einmal schwimmen, aber beim zweiten Mal wurden wir auf welche hingewiesen. Schade, kein Schwimmen mehr, aber sch\u00f6n am Strand war es sowieso und es bildete einen sch\u00f6nen Abschluss der Ferien.<\/span><\/span><\/p>\n<\/td>\n<\/tr>\n<tr class=\"-R\">\n<td class=\"-C\" style=\"width: 239.95pt; border: none windowtext 0pt;\">\n<p class=\"Normal-P\" style=\"margin-bottom: 6pt; text-align: justify; text-justify: inter-ideograph; direction: ltr; unicode-bidi: normal;\"><span class=\"Normal-H\"><span style=\"font-family: Times New Roman;\"><img loading=\"lazy\" decoding=\"async\" class=\"\" src=\"http:\/\/www.adrianwood.ch\/wp-content\/uploads\/2019\/06\/1560072299_image11.jpeg\" data-link=\"\" width=\"350\" height=\"234\"><\/span><\/span><\/p>\n<\/td>\n<td class=\"-C\" style=\"width: 241.45pt; border: none windowtext 0pt;\">\n<p class=\"Normal-P\" style=\"margin-bottom: 6pt; text-align: justify; text-justify: inter-ideograph; direction: ltr; unicode-bidi: normal;\"><span class=\"Normal-H\"><span style=\"font-family: Times New Roman;\"><img loading=\"lazy\" decoding=\"async\" class=\"\" src=\"http:\/\/www.adrianwood.ch\/wp-content\/uploads\/2019\/06\/1560072299_image12.jpeg\" data-link=\"\" width=\"349\" height=\"234\"><\/span><\/span><\/p>\n<\/td>\n<\/tr>\n<tr class=\"-R\">\n<td class=\"-C\" style=\"width: 481.4pt; border: none windowtext 0pt;\" colspan=\"2\">\n<p class=\"Normal-P\" style=\"margin-bottom: 6pt; text-align: justify; text-justify: inter-ideograph; direction: ltr; unicode-bidi: normal;\"><span class=\"Normal-H\"><span style=\"font-family: Times New Roman;\">Mallorca war die letzte grosse Mittelmeerinsel, die wir nicht besucht hatten. Ich hatte lange gez\u00f6gert es als Wanderziel zu <\/span><span style=\"font-family: Times New Roman;\">nehmen<\/span><span style=\"font-family: Times New Roman;\"> weil es, wie am Anfang schon erw\u00e4hnt, einen schlechten Ruf als Massentourismus-<\/span><span style=\"font-family: Times New Roman;\">Insel hat und ich dachte auch, dass viele von uns <\/span><span style=\"font-family: Times New Roman;\">sie<\/span><span style=\"font-family: Times New Roman;\"> schon besucht h<\/span><span style=\"font-family: Times New Roman;\">a<\/span><span style=\"font-family: Times New Roman;\">tten. <\/span><span style=\"font-family: Times New Roman;\">Sie<\/span><span style=\"font-family: Times New Roman;\"> war mir nicht unbekannt, weil ich schon vor 50 Jahre dort war und ich besuchte <\/span><span style=\"font-family: Times New Roman;\">sie<\/span><span style=\"font-family: Times New Roman;\"> noch einmal 40 Jahre sp\u00e4ter. Das waren aber keine Wanderferien und ich habe es erst vorletztes Jahr ernsthaft <\/span><span style=\"font-family: Times New Roman;\">er<\/span><span style=\"font-family: Times New Roman;\">wandert. Obwohl Mallorca sich nicht mit Korsika oder Kreta messen kann ist es dort doch recht gebirgig und die Wanderungen sind zum Teil anspruchsvoll. Meine Bedenken wegen dem Tourismus haben sich nicht bewahrheitet und wir sind h\u00f6chstens in Palma mit den Massen konfrontiert gewesen.<\/span><\/span><\/p>\n<\/td>\n<\/tr>\n<tr class=\"-R\">\n<td class=\"-C\" style=\"width: 239.95pt; border: none windowtext 0pt;\">\n<p class=\"Normal-P\" style=\"margin-bottom: 6pt; text-align: justify; text-justify: inter-ideograph; direction: ltr; unicode-bidi: normal;\"><span class=\"Normal-H\"><span style=\"font-family: Times New Roman;\"><img loading=\"lazy\" decoding=\"async\" class=\"\" src=\"http:\/\/www.adrianwood.ch\/wp-content\/uploads\/2019\/06\/1560072299_image13.jpeg\" data-link=\"\" width=\"350\" height=\"234\"><\/span><\/span><\/p>\n<\/td>\n<td class=\"-C\" style=\"width: 241.45pt; border: none windowtext 0pt;\">\n<p class=\"Normal-P\" style=\"margin-bottom: 6pt; text-align: justify; text-justify: inter-ideograph; direction: ltr; unicode-bidi: normal;\"><span class=\"Normal-H\"><span style=\"font-family: Times New Roman;\"><img loading=\"lazy\" decoding=\"async\" class=\"\" src=\"http:\/\/www.adrianwood.ch\/wp-content\/uploads\/2019\/06\/1560072299_image14.jpeg\" data-link=\"\" width=\"349\" height=\"234\"><\/span><\/span><\/p>\n<\/td>\n<\/tr>\n<tr class=\"-R\">\n<td class=\"-C\" style=\"width: 481.4pt; border: none windowtext 0pt;\" colspan=\"2\">\n<p class=\"Normal-P\" style=\"margin-bottom: 6pt; text-align: justify; text-justify: inter-ideograph; direction: ltr; unicode-bidi: normal;\"><span class=\"Normal-H\"><span style=\"font-family: Times New Roman;\">Ich glaube, ich kann sagen, dass, abgesehen von dem Unfall einer Teilnehmerin, die Wanderferien sehr gut gelaufen sind. Die Hotels waren ausgezeichnet, der Wanderleiter musterhaft und die Wanderungen eindr\u00fccklich. <\/span><\/span><\/p>\n<p class=\"Normal-P\" style=\"margin-bottom: 6pt; text-align: justify; text-justify: inter-ideograph; direction: ltr; unicode-bidi: normal;\"><span class=\"Normal-H\"><span style=\"font-family: Times New Roman;\">Ich gebe hier die sch\u00f6nen Worte einer der Teilnehmer wieder:<\/span><\/span><\/p>\n<p class=\"Normal-P\" style=\"margin-bottom: 6pt; text-align: justify; text-justify: inter-ideograph; direction: ltr; unicode-bidi: normal;\"><span class=\"Normal-H\"><span style=\"font-family: Times New Roman; font-style: italic;\">\u2018Ich m\u00f6chte Dir noch ganz herzlich danken f\u00fcr diese sch\u00f6ne Wanderwoche. Es waren wirklich alles sehr sch\u00f6ne Wanderungen. Ich war letztes Jahr im Oktober auch dort, doch es waren nur zwei Wanderungen gleich. Jetzt war es auch viel sch\u00f6ner, weil viel mehr Blumen <\/span><span style=\"font-family: Times New Roman; font-style: italic;\">bl\u00fchten<\/span><span style=\"font-family: Times New Roman; font-style: italic;\">. Aber auch die Wanderungen selbst f\u00fchrten durch sch\u00f6nere und interessantere Gebiete als im Herbst. Auch die Tage in S\u00fcden der Insel habe ich toll gefunden. Es war eine ideale Erg\u00e4nzung zum <\/span><span style=\"font-family: Times New Roman; font-style: italic;\">anderen.\u2019<\/span><\/span><\/p>\n<p class=\"Normal-P\" style=\"margin-bottom: 6pt; text-align: justify; text-justify: inter-ideograph; direction: ltr; unicode-bidi: normal;\"><span class=\"Normal-H\"><span style=\"font-family: Times New Roman;\">Es bleibt mir nur noch Euch alle zu danken f\u00fcr Eure Teilnahme und das damit geschenkte Vertrauen in mich. Unser Leistungsniveau variierte stark, aber ich glaube, wir haben es geschafft, f\u00fcr fast alle <\/span><span style=\"font-family: Times New Roman;\">Teilnehmer <\/span><span style=\"font-family: Times New Roman;\">spannende und erholsame Ferien <\/span><span style=\"font-family: Times New Roman;\">gemeinsam<\/span><span style=\"font-family: Times New Roman;\"> zu verbringen. Den <\/span><span style=\"font-family: Times New Roman;\">wenigen<\/span><span style=\"font-family: Times New Roman;\"> Ausnahmen w\u00fcnsche ich weiterhin gute Besserung und hoffe, dass sie bald wieder wandern k\u00f6nnen. Ich hoffe auch, Euch bei k\u00fcnftigen Wanderferien wieder anzutreffen, vielleicht einmal mit Fernando.<\/span><\/span><\/p>\n<p class=\"Normal-P\" style=\"margin-bottom: 6pt; text-align: justify; text-justify: inter-ideograph; direction: ltr; unicode-bidi: normal;\"><span class=\"Normal-H\"><span style=\"font-family: Times New Roman;\">Adrian<\/span><\/span><\/p>\n<\/td>\n<\/tr>\n<tr class=\"-R\">\n<td class=\"-C\" style=\"width: 239.95pt; border: none windowtext 0pt;\">\n<p class=\"Normal-P\" style=\"margin-bottom: 6pt; text-align: justify; text-justify: inter-ideograph; direction: ltr; unicode-bidi: normal;\">\n<\/td>\n<td class=\"-C\" style=\"width: 241.45pt; border: none windowtext 0pt;\">\n<p class=\"Normal-P\" style=\"margin-bottom: 6pt; text-align: justify; text-justify: inter-ideograph; direction: ltr; unicode-bidi: normal;\">\n<\/td>\n<\/tr>\n<p><!-- [if !supportMisalignedColumns]--><\/tbody>\n<\/table>\n<\/div>\n","protected":false},"excerpt":{"rendered":"<p>10.Mai, Es Trenc, Epilog Es blieb nur noch den der letzte Tag, ein sogenannter freier Tag. Eigentlich sind alle Tage frei gewesen. Es war immer m\u00f6glich eine Wanderung aus zu lassen um einen Ruhetag zu haben oder einen anderen Ausflug zu machen. Viele Leute, auch ich, haben mindestens einmal von dieser M\u00f6glichkeit Gebrauch gemacht, weil &hellip; <a href=\"https:\/\/www.adrianwood.ch\/?page_id=19938\" class=\"more-link\">Continue reading <span class=\"screen-reader-text\">05-10 Es Trenc, Epilog<\/span> <span class=\"meta-nav\">&rarr;<\/span><\/a><\/p>\n","protected":false},"author":1,"featured_media":0,"parent":19613,"menu_order":2617,"comment_status":"closed","ping_status":"closed","template":"","meta":{"ngg_post_thumbnail":0,"footnotes":""},"class_list":["post-19938","page","type-page","status-publish","hentry"],"_links":{"self":[{"href":"https:\/\/www.adrianwood.ch\/index.php?rest_route=\/wp\/v2\/pages\/19938","targetHints":{"allow":["GET"]}}],"collection":[{"href":"https:\/\/www.adrianwood.ch\/index.php?rest_route=\/wp\/v2\/pages"}],"about":[{"href":"https:\/\/www.adrianwood.ch\/index.php?rest_route=\/wp\/v2\/types\/page"}],"author":[{"embeddable":true,"href":"https:\/\/www.adrianwood.ch\/index.php?rest_route=\/wp\/v2\/users\/1"}],"replies":[{"embeddable":true,"href":"https:\/\/www.adrianwood.ch\/index.php?rest_route=%2Fwp%2Fv2%2Fcomments&post=19938"}],"version-history":[{"count":3,"href":"https:\/\/www.adrianwood.ch\/index.php?rest_route=\/wp\/v2\/pages\/19938\/revisions"}],"predecessor-version":[{"id":19954,"href":"https:\/\/www.adrianwood.ch\/index.php?rest_route=\/wp\/v2\/pages\/19938\/revisions\/19954"}],"up":[{"embeddable":true,"href":"https:\/\/www.adrianwood.ch\/index.php?rest_route=\/wp\/v2\/pages\/19613"}],"wp:attachment":[{"href":"https:\/\/www.adrianwood.ch\/index.php?rest_route=%2Fwp%2Fv2%2Fmedia&parent=19938"}],"curies":[{"name":"wp","href":"https:\/\/api.w.org\/{rel}","templated":true}]}}