{"id":20243,"date":"2019-09-02T14:18:53","date_gmt":"2019-09-02T14:18:53","guid":{"rendered":"http:\/\/www.adrianwood.ch\/?page_id=20243"},"modified":"2019-09-08T14:17:43","modified_gmt":"2019-09-08T14:17:43","slug":"2019-08-aletsch-gebiet","status":"publish","type":"page","link":"https:\/\/www.adrianwood.ch\/?page_id=20243","title":{"rendered":"2019-08 Aletsch Gebiet"},"content":{"rendered":"<div class=\"pmdi_content_wrapper\">\n<figure id=\"attachment_20244\" aria-describedby=\"caption-attachment-20244\" style=\"width: 1620px\" class=\"wp-caption alignleft\"><a href=\"http:\/\/www.adrianwood.ch\/wp-content\/uploads\/2019\/09\/ALE_0277.jpg\"><img loading=\"lazy\" decoding=\"async\" class=\"size-full wp-image-20244\" src=\"http:\/\/www.adrianwood.ch\/wp-content\/uploads\/2019\/09\/ALE_0277.jpg\" alt=\"\" width=\"1620\" height=\"1080\" srcset=\"https:\/\/www.adrianwood.ch\/wp-content\/uploads\/2019\/09\/ALE_0277.jpg 1620w, https:\/\/www.adrianwood.ch\/wp-content\/uploads\/2019\/09\/ALE_0277-300x200.jpg 300w, https:\/\/www.adrianwood.ch\/wp-content\/uploads\/2019\/09\/ALE_0277-768x512.jpg 768w, https:\/\/www.adrianwood.ch\/wp-content\/uploads\/2019\/09\/ALE_0277-1024x683.jpg 1024w\" sizes=\"auto, (max-width: 1620px) 100vw, 1620px\" \/><\/a><figcaption id=\"caption-attachment-20244\" class=\"wp-caption-text\">die Gruppe auf Moosfl\u00fch vor dem Aletschgletscher<\/figcaption><\/figure>\n<h2 class=\"Normal-P\"><span class=\"Normal-H\">3-T\u00e4gige Wanderung im Aletschgebiet, Belalp, Riederfurka, M\u00e4rjelensee, Fiescheralp, Freitag 23.08.19 \u2013 Sonntag 25.08.19<\/span><\/h2>\n<p class=\"Normal-P\"><span class=\"Normal-H\">A<\/span><span class=\"Normal-H\"><span style=\"font-family: Arial; font-size: 12pt;\">m ersten Tag gew<\/span><span style=\"font-family: Arial; font-size: 12pt;\">a<\/span><span style=\"font-family: Arial; font-size: 12pt;\">nnen wir allm\u00e4hlich an Hohe und bek<\/span><span style=\"font-family: Arial; font-size: 12pt;\">a<\/span><span style=\"font-family: Arial; font-size: 12pt;\">men Einblick in den gewaltigen Massaschlucht. Wir erreich<\/span><span style=\"font-family: Arial; font-size: 12pt;\">t<\/span><span style=\"font-family: Arial; font-size: 12pt;\">en den imposanten Hotel Belalp das \u00fcber der Schlucht thront und bez<\/span><span style=\"font-family: Arial; font-size: 12pt;\">og<\/span><span style=\"font-family: Arial; font-size: 12pt;\">en unsere <\/span><span style=\"font-family: Arial; font-size: 12pt;\">luxus <\/span><span style=\"font-family: Arial; font-size: 12pt;\">Matrazenlager<\/span><span style=\"font-family: Arial; font-size: 12pt;\">. Am n\u00e4chsten Tag st<\/span><span style=\"font-family: Arial; font-size: 12pt;\">ie<\/span><span style=\"font-family: Arial; font-size: 12pt;\">gen wir gleich in der Schlucht ein und \u00fcberquer<\/span><span style=\"font-family: Arial; font-size: 12pt;\">t<\/span><span style=\"font-family: Arial; font-size: 12pt;\">en den eindr\u00fccklichen H\u00e4ngebr\u00fccke um in den Naturschutzgebiet <\/span><span style=\"font-family: Arial; font-size: 12pt;\">Aletschwald<\/span><span style=\"font-family: Arial; font-size: 12pt;\"> zu gelangen. Als wir den <\/span><span style=\"font-family: Arial; font-size: 12pt;\">Riederfurka<\/span><span style=\"font-family: Arial; font-size: 12pt;\"> erreich<\/span><span style=\"font-family: Arial; font-size: 12pt;\">t<\/span><span style=\"font-family: Arial; font-size: 12pt;\">en <\/span><span style=\"font-family: Arial; font-size: 12pt;\">lag<\/span><span style=\"font-family: Arial; font-size: 12pt;\"> die ganz Kette der <\/span><span style=\"font-family: Arial; font-size: 12pt;\">Walliseralpen<\/span><span style=\"font-family: Arial; font-size: 12pt;\"> vor uns. Es <\/span><span style=\"font-family: Arial; font-size: 12pt;\">war<\/span><span style=\"font-family: Arial; font-size: 12pt;\"> nicht mehr weit zum heimelige Naturfreundehaus \u2018<\/span><span style=\"font-family: Arial; font-size: 12pt;\">Leug<\/span><span style=\"font-family: Arial; font-size: 12pt;\"> ins Land\u2019. Am Morgen n<\/span><span style=\"font-family: Arial; font-size: 12pt;\">a<\/span><span style=\"font-family: Arial; font-size: 12pt;\">hmen wir die Seilbahn auf <\/span><span style=\"font-family: Arial; font-size: 12pt;\">Moosfluh<\/span><span style=\"font-family: Arial; font-size: 12pt;\"> oberhalb der Aletschgletscher. Hier sind auch die Berner Alpen von der ungewohnten Seite zu bestaunen. Auf der Umrundung des <\/span><span style=\"font-family: Arial; font-size: 12pt;\">Eggishorns<\/span><span style=\"font-family: Arial; font-size: 12pt;\"> auf dem Weg nach <\/span><span style=\"font-family: Arial; font-size: 12pt;\">Fiescheralp<\/span><span style=\"font-family: Arial; font-size: 12pt;\"> k\u00f6nn<\/span><span style=\"font-family: Arial; font-size: 12pt;\">t<\/span><span style=\"font-family: Arial; font-size: 12pt;\">en wir die einmalige Landschaft <\/span><span style=\"font-family: Arial; font-size: 12pt;\">um der<\/span><span style=\"font-family: Arial; font-size: 12pt;\"> riesigen Gletscher <\/span><span style=\"font-family: Arial; font-size: 12pt;\">voll auskosten. <\/span><\/span><\/p>\n<h3 class=\"Normal-P\" style=\"direction: ltr; unicode-bidi: normal;\"><a href=\"http:\/\/www.adrianwood.ch\/?page_id=20248\"><span class=\"Normal-H\"><span style=\"font-family: Arial; font-weight: bold; font-size: 12pt;\">Freitag 23.08.19, <\/span><span style=\"font-family: Arial; font-weight: bold; font-size: 12pt;\">Birgisch<\/span><span style=\"font-family: Arial; font-weight: bold; font-size: 12pt;\"> \u2013 <\/span><span style=\"font-family: Arial; font-weight: bold; font-size: 12pt;\">Nessel <\/span><span style=\"font-family: Arial; font-weight: bold; font-size: 12pt;\">\u2013 <\/span><span style=\"font-family: Arial; font-weight: bold; font-size: 12pt;\">Hotel Belalp<\/span><\/span><\/a><\/h3>\n<p class=\"Normal-P\" style=\"margin-bottom: 6pt; direction: ltr; unicode-bidi: normal;\"><span class=\"Normal-H\"><span style=\"font-family: Arial; font-size: 12pt;\">SBB Basel<\/span><span style=\"font-family: Arial; font-size: 12pt;\">,<\/span><span style=\"font-family: Arial; font-size: 12pt;\"> Abfahrt 6:59<\/span><span style=\"font-family: Arial; font-size: 12pt;\">,<\/span><span style=\"font-family: Arial; font-size: 12pt;\">Bern \u2013 Brig &#8211; <\/span><span style=\"font-family: Arial; font-size: 12pt;\">Birgisch<\/span><span style=\"font-family: Arial; font-size: 12pt;\">, Ankunft 09:31. <\/span><span style=\"font-family: Arial; font-size: 12pt;\">Birgisch<\/span><span style=\"font-family: Arial; font-size: 12pt;\"> 1093m \u2013 Nessel 2010m \u2013 Be<\/span><span style=\"font-family: Arial; font-size: 12pt;\">lalp<\/span><span style=\"font-family: Arial; font-size: 12pt;\"> 2<\/span><span style=\"font-family: Arial; font-size: 12pt;\">060<\/span><span style=\"font-family: Arial; font-size: 12pt;\">m \u2013 <\/span><span style=\"font-family: Arial; font-size: 12pt;\">Hotel Belalp<\/span><span style=\"font-family: Arial; font-size: 12pt;\"> 2<\/span><span style=\"font-family: Arial; font-size: 12pt;\">130<\/span><span style=\"font-family: Arial; font-size: 12pt;\">m. <\/span><span style=\"font-family: Arial; font-size: 12pt;\">L\u00e4nge <\/span><span style=\"font-family: Arial; font-size: 12pt;\">11<\/span><span style=\"font-family: Arial; font-size: 12pt;\">km, Aufstieg: <\/span><span style=\"font-family: Arial; font-size: 12pt;\">1<\/span><span style=\"font-family: Arial; font-size: 12pt;\">2<\/span><span style=\"font-family: Arial; font-size: 12pt;\">00<\/span><span style=\"font-family: Arial; font-size: 12pt;\">m \/ Abstieg: <\/span><span style=\"font-family: Arial; font-size: 12pt;\">1<\/span><span style=\"font-family: Arial; font-size: 12pt;\">4<\/span><span style=\"font-family: Arial; font-size: 12pt;\">0<\/span><span style=\"font-family: Arial; font-size: 12pt;\">m \/ ca. <\/span><span style=\"font-family: Arial; font-size: 12pt;\">4<\/span><span style=\"font-family: Arial; font-size: 12pt;\">h 30m<\/span><span style=\"font-family: Arial; font-size: 12pt;\">.<\/span><span style=\"font-family: Arial; font-size: 12pt;\"> Mehrbettzimmer<\/span><span style=\"font-family: Arial; font-size: 12pt;\"> im <\/span><span style=\"font-family: Arial; font-size: 12pt;\">Dachstock vom<\/span><span style=\"font-family: Arial; font-size: 12pt;\"> Hotel Belalp<\/span><span style=\"font-family: Arial; font-size: 12pt;\">. <\/span><span style=\"font-family: Arial; font-size: 12pt;\">Halbpension.<\/span><span style=\"font-family: Arial; font-size: 12pt;\"> (Alternative: Hinfahrt \u00fcber Blatten bei Naters und Rundwanderung bei Belalp.)<\/span><\/span><\/p>\n<p><a href=\"https:\/\/map.wanderland.ch\/?lang=en&amp;route=all&amp;bgLayer=pk&amp;resolution=10&amp;E=2640985&amp;N=1133161&amp;layers=Wanderland&amp;logo=yes&amp;season=summer&amp;trackId=5482282\">Schweizmobil Karte, Birgisch &#8211; Hotel Belalp<\/a><\/p>\n<h3 class=\"Normal-P\" style=\"direction: ltr; unicode-bidi: normal;\"><a href=\"http:\/\/www.adrianwood.ch\/?page_id=20252\"><span class=\"Normal-H\"><span style=\"font-family: Arial; font-weight: bold; font-size: 12pt;\">S<\/span><span style=\"font-family: Arial; font-weight: bold; font-size: 12pt;\">ams<\/span><span style=\"font-family: Arial; font-weight: bold; font-size: 12pt;\">tag <\/span><span style=\"font-family: Arial; font-weight: bold; font-size: 12pt;\">24<\/span><span style=\"font-family: Arial; font-weight: bold; font-size: 12pt;\">.0<\/span><span style=\"font-family: Arial; font-weight: bold; font-size: 12pt;\">8<\/span><span style=\"font-family: Arial; font-weight: bold; font-size: 12pt;\">.1<\/span><span style=\"font-family: Arial; font-weight: bold; font-size: 12pt;\">9<\/span><span style=\"font-family: Arial; font-weight: bold; font-size: 12pt;\">, <\/span><span style=\"font-family: Arial; font-weight: bold; font-size: 12pt;\">Hotel Belalp<\/span><span style=\"font-family: Arial; font-weight: bold; font-size: 12pt;\"> \u2013 <\/span><span style=\"font-family: Arial; font-weight: bold; font-size: 12pt;\">Massaschlucht<\/span><span style=\"font-family: Arial; font-weight: bold; font-size: 12pt;\"> \u2013 <\/span><span style=\"font-family: Arial; font-weight: bold; font-size: 12pt;\">Riederalp<\/span><\/span><\/a><\/h3>\n<p class=\"Normal-P\" style=\"margin-bottom: 6pt; direction: ltr; unicode-bidi: normal;\"><span class=\"Normal-H\"><span style=\"font-family: Arial; font-size: 12pt;\">Hotel Belalp <\/span><span style=\"font-family: Arial; font-size: 12pt;\">\u2013<\/span><span style=\"font-family: Arial; font-size: 12pt;\">1697<\/span><span style=\"font-family: Arial; font-size: 12pt;\">m \u2013 H\u00e4ngebr\u00fcck<\/span><span style=\"font-family: Arial; font-size: 12pt;\">e 1663<\/span><span style=\"font-family: Arial; font-size: 12pt;\">m \u2013 <\/span><span style=\"font-family: Arial; font-size: 12pt;\">Riederfurka <\/span><span style=\"font-family: Arial; font-size: 12pt;\">2065<\/span><span style=\"font-family: Arial; font-size: 12pt;\">m &#8211; <\/span><span style=\"font-family: Arial; font-size: 12pt;\">Riederalp 1<\/span><span style=\"font-family: Arial; font-size: 12pt;\">950<\/span><span style=\"font-family: Arial; font-size: 12pt;\">m<\/span><span style=\"font-family: Arial; font-size: 12pt;\">. <\/span><span style=\"font-family: Arial; font-size: 12pt;\">L\u00e4nge <\/span><span style=\"font-family: Arial; font-size: 12pt;\">1<\/span><span style=\"font-family: Arial; font-size: 12pt;\">0<\/span><span style=\"font-family: Arial; font-size: 12pt;\">km, <\/span><span style=\"font-family: Arial; font-size: 12pt;\">Aufstieg: <\/span><span style=\"font-family: Arial; font-size: 12pt;\">680<\/span><span style=\"font-family: Arial; font-size: 12pt;\">m \/ Abstieg: <\/span><span style=\"font-family: Arial; font-size: 12pt;\">920<\/span><span style=\"font-family: Arial; font-size: 12pt;\">m \/ ca. <\/span><span style=\"font-family: Arial; font-size: 12pt;\">4<\/span><span style=\"font-family: Arial; font-size: 12pt;\">h<\/span><span style=\"font-family: Arial; font-size: 12pt;\">. <\/span><span style=\"font-family: Arial; font-size: 12pt;\">\u00dc<\/span><span style=\"font-family: Arial; font-size: 12pt;\">bernachtung <\/span><span style=\"font-family: Arial; font-size: 12pt;\">im Naturfreundehaus Riederalp, Abendessen im Restaurant.<\/span><\/span><\/p>\n<p><a href=\"https:\/\/map.wanderland.ch\/?lang=en&amp;route=all&amp;bgLayer=pk&amp;resolution=5&amp;E=2644524&amp;N=1137471&amp;layers=Wanderland&amp;logo=yes&amp;season=summer&amp;trackId=5946519\">Schweizmobil Karte, Hotel Belalp &#8211; Riederalp<\/a><\/p>\n<h3 class=\"Normal-P\" style=\"direction: ltr; unicode-bidi: normal;\"><a href=\"http:\/\/www.adrianwood.ch\/?page_id=20256\"><span class=\"Normal-H\"><span style=\"font-family: Arial; font-weight: bold; font-size: 12pt;\">S<\/span><span style=\"font-family: Arial; font-weight: bold; font-size: 12pt;\">o<\/span><span style=\"font-family: Arial; font-weight: bold; font-size: 12pt;\">nntag <\/span><span style=\"font-family: Arial; font-weight: bold; font-size: 12pt;\">25<\/span><span style=\"font-family: Arial; font-weight: bold; font-size: 12pt;\">.0<\/span><span style=\"font-family: Arial; font-weight: bold; font-size: 12pt;\">8<\/span><span style=\"font-family: Arial; font-weight: bold; font-size: 12pt;\">.1<\/span><span style=\"font-family: Arial; font-weight: bold; font-size: 12pt;\">9<\/span><span style=\"font-family: Arial; font-weight: bold; font-size: 12pt;\">, <\/span><span style=\"font-family: Arial; font-weight: bold; font-size: 12pt;\">Moosfl\u00fch<\/span><span style=\"font-family: Arial; font-weight: bold; font-size: 12pt;\"> \u2013 <\/span><span style=\"font-family: Arial; font-weight: bold; font-size: 12pt;\">M\u00e4rjelensee <\/span><span style=\"font-family: Arial; font-weight: bold; font-size: 12pt;\">\u2013 <\/span><span style=\"font-family: Arial; font-weight: bold; font-size: 12pt;\">Fiescheralp<\/span><\/span><\/a><\/h3>\n<p class=\"Normal-P\" style=\"direction: ltr; unicode-bidi: normal;\"><span class=\"Normal-H\"><span style=\"font-family: Arial; font-size: 12pt;\">Seilbahn Riederalp \u2013 <\/span><span style=\"font-family: Arial; font-size: 12pt;\">Moosfl<\/span><span style=\"font-family: Arial; font-size: 12pt;\">\u00fc<\/span><span style=\"font-family: Arial; font-size: 12pt;\">h<\/span><span style=\"font-family: Arial; font-size: 12pt;\"> 2334m<\/span><span style=\"font-family: Arial; font-size: 12pt;\">. Wanderung <\/span><span style=\"font-family: Arial; font-size: 12pt;\">\u2013 <\/span><span style=\"font-family: Arial; font-size: 12pt;\">Hohb<\/span><span style=\"font-family: Arial; font-size: 12pt;\">alm<\/span><span style=\"font-family: Arial; font-size: 12pt;\"> 2490m &#8211; <\/span><span style=\"font-family: Arial; font-size: 12pt;\">M\u00e4rjelenseen<\/span><span style=\"font-family: Arial; font-size: 12pt;\"> 2302m <\/span><span style=\"font-family: Arial; font-size: 12pt;\">\u2013 <\/span><span style=\"font-family: Arial; font-size: 12pt;\">Fiescheralp<\/span><span style=\"font-family: Arial; font-size: 12pt;\"> 2212<\/span><span style=\"font-family: Arial; font-size: 12pt;\">m. <\/span><span style=\"font-family: Arial; font-size: 12pt;\">L\u00e4nge <\/span><span style=\"font-family: Arial; font-size: 12pt;\">14<\/span><span style=\"font-family: Arial; font-size: 12pt;\">km, <\/span><span style=\"font-family: Arial; font-size: 12pt;\">Aufstieg: <\/span><span style=\"font-family: Arial; font-size: 12pt;\">600m<\/span><span style=\"font-family: Arial; font-size: 12pt;\"> \/ Abstieg: <\/span><span style=\"font-family: Arial; font-size: 12pt;\">720m \/<\/span><span style=\"font-family: Arial; font-size: 12pt;\"> ca. <\/span><span style=\"font-family: Arial; font-size: 12pt;\">4<\/span><span style=\"font-family: Arial; font-size: 12pt;\">h<\/span><span style=\"font-family: Arial; font-size: 12pt;\"> 30m.<\/span><\/span><\/p>\n<p><a href=\"https:\/\/map.wanderland.ch\/?lang=en&amp;route=all&amp;bgLayer=pk&amp;resolution=10&amp;E=2649645&amp;N=1141231&amp;layers=Wanderland&amp;logo=yes&amp;season=summer&amp;trackId=5482344\">Schweizmobil Karte, Moosfl\u00fch &#8211; Fiescheralp<\/a><\/p>\n<table class=\"TableGrid-T\" style=\"border-collapse: collapse;\" cellspacing=\"0\">\n<tbody>\n<tr class=\"-R\">\n<td class=\"-C\" style=\"width: 488.9pt; border: none windowtext 0pt;\">\n<p class=\"Normal-P\" style=\"text-align: center; direction: ltr; unicode-bidi: normal;\">\n<\/td>\n<\/tr>\n<tr class=\"-R\">\n<td class=\"-C\" style=\"width: 488.9pt; border: none windowtext 0pt;\">\n<p class=\"Normal-P\" style=\"direction: ltr; unicode-bidi: normal;\">\n<\/td>\n<\/tr>\n<p><!-- [if !supportMisalignedColumns]--><\/tbody>\n<\/table>\n<\/div>\n","protected":false},"excerpt":{"rendered":"<p>3-T\u00e4gige Wanderung im Aletschgebiet, Belalp, Riederfurka, M\u00e4rjelensee, Fiescheralp, Freitag 23.08.19 \u2013 Sonntag 25.08.19 Am ersten Tag gewannen wir allm\u00e4hlich an Hohe und bekamen Einblick in den gewaltigen Massaschlucht. Wir erreichten den imposanten Hotel Belalp das \u00fcber der Schlucht thront und bezogen unsere luxus Matrazenlager. Am n\u00e4chsten Tag stiegen wir gleich in der Schlucht ein und &hellip; <a href=\"https:\/\/www.adrianwood.ch\/?page_id=20243\" class=\"more-link\">Continue reading <span class=\"screen-reader-text\">2019-08 Aletsch Gebiet<\/span> <span class=\"meta-nav\">&rarr;<\/span><\/a><\/p>\n","protected":false},"author":1,"featured_media":0,"parent":136,"menu_order":1408,"comment_status":"closed","ping_status":"closed","template":"","meta":{"ngg_post_thumbnail":0,"footnotes":""},"class_list":["post-20243","page","type-page","status-publish","hentry"],"_links":{"self":[{"href":"https:\/\/www.adrianwood.ch\/index.php?rest_route=\/wp\/v2\/pages\/20243","targetHints":{"allow":["GET"]}}],"collection":[{"href":"https:\/\/www.adrianwood.ch\/index.php?rest_route=\/wp\/v2\/pages"}],"about":[{"href":"https:\/\/www.adrianwood.ch\/index.php?rest_route=\/wp\/v2\/types\/page"}],"author":[{"embeddable":true,"href":"https:\/\/www.adrianwood.ch\/index.php?rest_route=\/wp\/v2\/users\/1"}],"replies":[{"embeddable":true,"href":"https:\/\/www.adrianwood.ch\/index.php?rest_route=%2Fwp%2Fv2%2Fcomments&post=20243"}],"version-history":[{"count":8,"href":"https:\/\/www.adrianwood.ch\/index.php?rest_route=\/wp\/v2\/pages\/20243\/revisions"}],"predecessor-version":[{"id":20360,"href":"https:\/\/www.adrianwood.ch\/index.php?rest_route=\/wp\/v2\/pages\/20243\/revisions\/20360"}],"up":[{"embeddable":true,"href":"https:\/\/www.adrianwood.ch\/index.php?rest_route=\/wp\/v2\/pages\/136"}],"wp:attachment":[{"href":"https:\/\/www.adrianwood.ch\/index.php?rest_route=%2Fwp%2Fv2%2Fmedia&parent=20243"}],"curies":[{"name":"wp","href":"https:\/\/api.w.org\/{rel}","templated":true}]}}