{"id":20248,"date":"2019-09-02T14:30:20","date_gmt":"2019-09-02T14:30:20","guid":{"rendered":"http:\/\/www.adrianwood.ch\/?page_id=20248"},"modified":"2019-09-02T15:10:45","modified_gmt":"2019-09-02T15:10:45","slug":"08-23-belalp","status":"publish","type":"page","link":"https:\/\/www.adrianwood.ch\/?page_id=20248","title":{"rendered":"08-23 Belalp"},"content":{"rendered":"<figure id=\"attachment_20249\" aria-describedby=\"caption-attachment-20249\" style=\"width: 1620px\" class=\"wp-caption alignleft\"><a href=\"http:\/\/www.adrianwood.ch\/wp-content\/uploads\/2019\/09\/ALE_0029.jpg\"><img loading=\"lazy\" decoding=\"async\" class=\"size-full wp-image-20249\" src=\"http:\/\/www.adrianwood.ch\/wp-content\/uploads\/2019\/09\/ALE_0029.jpg\" alt=\"\" width=\"1620\" height=\"1080\" srcset=\"https:\/\/www.adrianwood.ch\/wp-content\/uploads\/2019\/09\/ALE_0029.jpg 1620w, https:\/\/www.adrianwood.ch\/wp-content\/uploads\/2019\/09\/ALE_0029-300x200.jpg 300w, https:\/\/www.adrianwood.ch\/wp-content\/uploads\/2019\/09\/ALE_0029-768x512.jpg 768w, https:\/\/www.adrianwood.ch\/wp-content\/uploads\/2019\/09\/ALE_0029-1024x683.jpg 1024w\" sizes=\"auto, (max-width: 1620px) 100vw, 1620px\" \/><\/a><figcaption id=\"caption-attachment-20249\" class=\"wp-caption-text\">auf Alp Nessel auf dem Weg nach Belalp<\/figcaption><\/figure>\n<h2><strong>Freitag 23.08.19,<\/strong><strong> Birgisch \u2013 Nessel \u2013 Hotel Belalp<\/strong><\/h2>\n<p>Es ist Freitag, der 23. August 2019. F\u00fcr 17 angemeldete Teilnehmer und Teilnehmerinnen beginnt heute eine vielversprechende dreit\u00e4gige Wanderung. Basel, noch ist es fr\u00fch am Morgen, der Himmel ist klar. Die Wetteraussichten f\u00fcr die n\u00e4chsten Tage sind gut.<\/p>\n<p>P\u00fcnktlich um 06:50 h begr\u00fcsst uns Adrian auf der Passerrelle des Bahnhofs SBB. Mit dem 06:59 Zug fahren wir via Bern nach Brig. Hier steigen wir um ins Postauto, welches uns in ca. 15 Minuten auf 1093m H\u00f6he nach Naters-Birgisch bringt, wo unsere Wanderung beginnt. Vor uns liegen 1200m Aufstieg und 11 km Wegstrecke. Reine Wanderzeit ca. 4-5 Stunden (mit Pausen ca. 7 Stunden).<\/p>\n<p>Schon von Beginn an, ist es recht steil. Vorbei an ein paar Schwarzhalsziegen biegt unser Weg rechts ab in den Wald. Bald treffen wir auf Bew\u00e4sserungskan\u00e4le, die sogenannten Suonen. Wer genau hinschaut, kann die Seitenw\u00e4nde erblicken, mit deren Hilfe der Wasserlauf entweder blockiert oder zwecks Bew\u00e4sserung ge\u00f6ffnet wird. Ein Jahrhunderte altes System und typisch f\u00fcrs Wallis.<\/p>\n<p>Der Aufstieg ist anstrengend und die Gruppe f\u00e4llt auseinander. Bald hat man sich aus den Augen verloren. Stetig geht es weiter bergauf. Es ist heiss und wir kommen ins Schwitzen. Baumfreie Stellen geben den Blick frei ins Tal und auf die gegen\u00fcberliegende Seite der Walliser Bergwelt. Birgisch wird immer kleiner. W\u00e4hrend die ersten weit oben einen Wartehalt einlegen und rasten, h\u00e4lt der andere Teil der Gruppe weiter unten. So kommt es, dass wir keinen gemeinsamen Mittagshalt machen, was ein bisschen schade ist. Schliesslich erreichen alle nacheinander Nessel auf 2010m \u00fc.M. und es er\u00f6ffnet sich ein erster ferner Blick auf den Aletschgletscher.<\/p>\n<p>Von nun an geht es nur noch leicht bergauf. Die Ersten queren die Alp Nessel, kommen vorbei an ein paar Ferienalph\u00fctten und schwarzen Rindern. Alpwiesen pr\u00e4gen hier das Landschaftsbild. Der schmale Pfad f\u00fchrt entlang der Nessjeri, einem frischen kleinen Bergbach. An einer Weggabelung macht die \u201eVorhut\u201c halt. Man ist unsicher, wo\u2019s lang geht. Es wird gewartet, doch der Vorsprung auf den Rest der Gruppe ist so gross, dass man sich entschliesst, nicht zu warten und geht stattdessen weiter. Das Dorf ist bereits in Sichtweite. Es kann kaum etwas schief gehen. Kurz darauf erreicht auch der Rest der Gruppe die Alp Nessel. Doch oh Schreck! Wie jemand sp\u00e4ter berichtete, wurden sie dort von den riesengrossen schwarzen Rindern verfolgt. Zum Gl\u00fcck waren sie friedlich.<\/p>\n<p>Nun ist es nicht mehr weit. Eingangs Belalp bietet sich ein Terrassenrestaurant f\u00fcr eine Pause an. Panach\u00e9 und Bier! Welche Wohltat und welch Gedanken\u00fcbertragung! Als h\u00e4tte man sich abgesprochen, taucht pl\u00f6tzlich auch die andere Gruppe mit Adrian auf der Terrasse auf. Gemeinsam geniesst man die willkommene Erfrischung, bevor man dann das letzte kurze St\u00fcck zum Hotel Belalp unter die m\u00fcden F\u00fcsse nimmt.<\/p>\n<p>Dort angekommen erwartet uns ein super luxuri\u00f6ses Mehrbettzimmer, eine wohltuende warme Dusche, nochmals ein Aperogetr\u00e4nk (wandern macht durstig) und ein hervorragendes Nachtessen.<\/p>\nngg_shortcode_0_placeholder\n","protected":false},"excerpt":{"rendered":"<p>Freitag 23.08.19, Birgisch \u2013 Nessel \u2013 Hotel Belalp Es ist Freitag, der 23. August 2019. F\u00fcr 17 angemeldete Teilnehmer und Teilnehmerinnen beginnt heute eine vielversprechende dreit\u00e4gige Wanderung. Basel, noch ist es fr\u00fch am Morgen, der Himmel ist klar. Die Wetteraussichten f\u00fcr die n\u00e4chsten Tage sind gut. P\u00fcnktlich um 06:50 h begr\u00fcsst uns Adrian auf der &hellip; <a href=\"https:\/\/www.adrianwood.ch\/?page_id=20248\" class=\"more-link\">Continue reading <span class=\"screen-reader-text\">08-23 Belalp<\/span> <span class=\"meta-nav\">&rarr;<\/span><\/a><\/p>\n","protected":false},"author":1,"featured_media":0,"parent":20243,"menu_order":1409,"comment_status":"closed","ping_status":"closed","template":"","meta":{"ngg_post_thumbnail":0,"footnotes":""},"class_list":["post-20248","page","type-page","status-publish","hentry"],"_links":{"self":[{"href":"https:\/\/www.adrianwood.ch\/index.php?rest_route=\/wp\/v2\/pages\/20248","targetHints":{"allow":["GET"]}}],"collection":[{"href":"https:\/\/www.adrianwood.ch\/index.php?rest_route=\/wp\/v2\/pages"}],"about":[{"href":"https:\/\/www.adrianwood.ch\/index.php?rest_route=\/wp\/v2\/types\/page"}],"author":[{"embeddable":true,"href":"https:\/\/www.adrianwood.ch\/index.php?rest_route=\/wp\/v2\/users\/1"}],"replies":[{"embeddable":true,"href":"https:\/\/www.adrianwood.ch\/index.php?rest_route=%2Fwp%2Fv2%2Fcomments&post=20248"}],"version-history":[{"count":3,"href":"https:\/\/www.adrianwood.ch\/index.php?rest_route=\/wp\/v2\/pages\/20248\/revisions"}],"predecessor-version":[{"id":20346,"href":"https:\/\/www.adrianwood.ch\/index.php?rest_route=\/wp\/v2\/pages\/20248\/revisions\/20346"}],"up":[{"embeddable":true,"href":"https:\/\/www.adrianwood.ch\/index.php?rest_route=\/wp\/v2\/pages\/20243"}],"wp:attachment":[{"href":"https:\/\/www.adrianwood.ch\/index.php?rest_route=%2Fwp%2Fv2%2Fmedia&parent=20248"}],"curies":[{"name":"wp","href":"https:\/\/api.w.org\/{rel}","templated":true}]}}