{"id":20362,"date":"2019-09-20T09:31:44","date_gmt":"2019-09-20T09:31:44","guid":{"rendered":"http:\/\/www.adrianwood.ch\/?page_id=20362"},"modified":"2019-09-20T10:20:53","modified_gmt":"2019-09-20T10:20:53","slug":"2019-07-bachalpsee","status":"publish","type":"page","link":"https:\/\/www.adrianwood.ch\/?page_id=20362","title":{"rendered":"2019-07 Bachalpsee"},"content":{"rendered":"<figure id=\"attachment_20363\" aria-describedby=\"caption-attachment-20363\" style=\"width: 1620px\" class=\"wp-caption alignleft\"><a href=\"http:\/\/www.adrianwood.ch\/wp-content\/uploads\/2019\/09\/BAC_0151.jpg\"><img loading=\"lazy\" decoding=\"async\" class=\"size-full wp-image-20363\" src=\"http:\/\/www.adrianwood.ch\/wp-content\/uploads\/2019\/09\/BAC_0151.jpg\" alt=\"\" width=\"1620\" height=\"1080\" srcset=\"https:\/\/www.adrianwood.ch\/wp-content\/uploads\/2019\/09\/BAC_0151.jpg 1620w, https:\/\/www.adrianwood.ch\/wp-content\/uploads\/2019\/09\/BAC_0151-300x200.jpg 300w, https:\/\/www.adrianwood.ch\/wp-content\/uploads\/2019\/09\/BAC_0151-768x512.jpg 768w, https:\/\/www.adrianwood.ch\/wp-content\/uploads\/2019\/09\/BAC_0151-1024x683.jpg 1024w\" sizes=\"auto, (max-width: 1620px) 100vw, 1620px\" \/><\/a><figcaption id=\"caption-attachment-20363\" class=\"wp-caption-text\">die Schnelle Rum\u00e4nin<\/figcaption><\/figure>\n<h2><strong>6.Juli 2019, Wanderung Bachalpsee \u2013 die Schnelle Rum\u00e4nin<\/strong><\/h2>\n<p>Es gab f\u00fcr lange Zeit kaum Anmeldungen und ich dachte, wir w\u00fcrden nur ganz wenige Leute sein, aber in den letzten Minuten kamen sie doch und wir w\u00fcrden 11 Personen wovon die H\u00e4lfte Naturfreunde waren. In letzter Minute kam eine junge Rum\u00e4nin die erst eine Woche als Praktikantin bei Novartis war. Sie hatte nat\u00fcrlich noch kein Halbtax-Abo und ohne das w\u00e4re die Tour sehr teuer gewesen. Ich versuchte, am Vortag ihr zu erkl\u00e4ren wie das geht und sie erschien 10 Minuten vor Zugabfahrt auf der Passerelle \u2013 ohne Abo oder Billette! Man hatte ihr gesagt, dass, wenn sie ein Halbtax-Abo innerhalb einer Woche kauft, bekommt sie die H\u00e4lfte des Billette-preises zur\u00fcckerstattet. (F\u00fcr Personen unter 25 kostet eine Abo nur 100 CHF.) Wir liefen schnell zu einem Billettautomaten und weil ihre Karte dort nicht funktionierte habe ich meine ben\u00fctz. Dann schnell zur\u00fcck zum Zug den wir gerade noch erwischt haben. Dabei habe ich gleich bemerkt, dass sie mit ihren langen Beinen sehr schnell war \u2013 mindestens doppelt so schnell wie ich!<\/p>\n<p>Noch eine Dame ist in Grindelwald zu uns gestossen und wir fuhren alle mit der Seilbahn auf den First, wo wir beim Kaffee schon einen tollen Blick auf die umliegenden Berge geniessen konnten. Der erste Teil der Route f\u00fchrte auf breitem Weg nur leicht steigend zum Bachalpsee. An manchen Stellen lagen noch grosse Schneeflecken, aber dazwischen sprossen schon viele Blumen inklusive Fr\u00fchlings- und Trompeten-enzian, Dotterblumen und mehrere Hahnenfuss-arten. Als wir uns dem See n\u00e4herten, h\u00f6rten wir die tiefen T\u00f6nen eines Alphorns. Jemand stand im Wasser und spielte sein offenbar wasserbest\u00e4ndiges (kunststoff?) Instrument! Es gab viele andere Leute. Wir nahmen Platz auf einer noch freien Bank und machte unsere Mittagspause. Dabei genossen wir einen fantastischen Blick gegen die grossen Berge der Berner Alpen vom Wetterhorn, Schreckhorn und Lauteraarhorn \u00fcber Eiger, M\u00f6nch und Jungfrau bis zur Bl\u00fcmlisalp. Inzwischen war der Alphornbl\u00e4ser zur anderen Seeseite gegangen und hat sich vor der Bergkette kunstvoll in Szene gesetzt.<\/p>\n<p>Nach dem See verliessen wir den breiten Weg und die meisten anderen Leute um durch ein Feuchtgebiet und an einigen Alpenrosen vorbei abzusteigen. Bald erreichten wir unser n\u00e4chstes Ziel, das Restraunt Waldspitz, wo wir unseren Durst l\u00f6schen konnten. Dabei haben wir die schnell ankommenden dunklen Wolken nicht beachtet und wurden von einem Gewitter \u00fcberrascht. Wir fl\u00fcchteten hinunter durch den steilen Wald, der etwas Schutz geboten hat. Dann durchquerten wir steile Wiesen wo T\u00fcrkenbundlilien und viele andere Blumen wuchsen. Leider konnten wir ihnen bei dem Regen keine grosse Aufmerksamkeit schenken.<\/p>\n<p>Den langen, aber immer noch aussichtsreiche Abstieg, haben dann die meisten von uns mittels Seilbahn von der Mittelstation Bort abgek\u00fcrzt. Nur drei von uns, inklusiv die junge Rum\u00e4nin, sind noch nach Grindelwald hinunter gelaufen. Wir mussten nur kurz auf den Zug warten und waren deswegen sehr \u00fcberrascht, sie im gleichen Zug zu treffen. Offenbar ist sie den ganzen Weg gerannt und war fast gleich schnell wie die Bahn! Es stellte sich heraus, dass sie unter anderem Marathonl\u00e4ufe macht. Wenn sie gleich schnell mit der Bezahlung ihrer Schulden bei mir gewesen w\u00e4re, w\u00e4re alles perfekt gelaufen.<\/p>\n<h3><a href=\"https:\/\/map.wanderland.ch\/?lang=en&amp;route=all&amp;bgLayer=pk&amp;resolution=5&amp;E=2646977&amp;N=1166757&amp;logo=yes&amp;season=summer&amp;layers=Wanderland&amp;trackId=4521192\">Karte Schweizmobil<\/a><\/h3>\nngg_shortcode_0_placeholder\n","protected":false},"excerpt":{"rendered":"<p>6.Juli 2019, Wanderung Bachalpsee \u2013 die Schnelle Rum\u00e4nin Es gab f\u00fcr lange Zeit kaum Anmeldungen und ich dachte, wir w\u00fcrden nur ganz wenige Leute sein, aber in den letzten Minuten kamen sie doch und wir w\u00fcrden 11 Personen wovon die H\u00e4lfte Naturfreunde waren. In letzter Minute kam eine junge Rum\u00e4nin die erst eine Woche als &hellip; <a href=\"https:\/\/www.adrianwood.ch\/?page_id=20362\" class=\"more-link\">Continue reading <span class=\"screen-reader-text\">2019-07 Bachalpsee<\/span> <span class=\"meta-nav\">&rarr;<\/span><\/a><\/p>\n","protected":false},"author":1,"featured_media":0,"parent":129,"menu_order":1255,"comment_status":"closed","ping_status":"closed","template":"","meta":{"ngg_post_thumbnail":0,"footnotes":""},"class_list":["post-20362","page","type-page","status-publish","hentry"],"_links":{"self":[{"href":"https:\/\/www.adrianwood.ch\/index.php?rest_route=\/wp\/v2\/pages\/20362","targetHints":{"allow":["GET"]}}],"collection":[{"href":"https:\/\/www.adrianwood.ch\/index.php?rest_route=\/wp\/v2\/pages"}],"about":[{"href":"https:\/\/www.adrianwood.ch\/index.php?rest_route=\/wp\/v2\/types\/page"}],"author":[{"embeddable":true,"href":"https:\/\/www.adrianwood.ch\/index.php?rest_route=\/wp\/v2\/users\/1"}],"replies":[{"embeddable":true,"href":"https:\/\/www.adrianwood.ch\/index.php?rest_route=%2Fwp%2Fv2%2Fcomments&post=20362"}],"version-history":[{"count":6,"href":"https:\/\/www.adrianwood.ch\/index.php?rest_route=\/wp\/v2\/pages\/20362\/revisions"}],"predecessor-version":[{"id":20446,"href":"https:\/\/www.adrianwood.ch\/index.php?rest_route=\/wp\/v2\/pages\/20362\/revisions\/20446"}],"up":[{"embeddable":true,"href":"https:\/\/www.adrianwood.ch\/index.php?rest_route=\/wp\/v2\/pages\/129"}],"wp:attachment":[{"href":"https:\/\/www.adrianwood.ch\/index.php?rest_route=%2Fwp%2Fv2%2Fmedia&parent=20362"}],"curies":[{"name":"wp","href":"https:\/\/api.w.org\/{rel}","templated":true}]}}