{"id":204,"date":"2011-01-05T18:19:43","date_gmt":"2011-01-05T18:19:43","guid":{"rendered":"http:\/\/adrianwood.ch\/"},"modified":"2016-06-15T21:06:43","modified_gmt":"2016-06-15T21:06:43","slug":"st-brais","status":"publish","type":"page","link":"https:\/\/www.adrianwood.ch\/?page_id=204","title":{"rendered":"2007-04 St.Brais"},"content":{"rendered":"<div class=\"mceTemp\">\n<figure id=\"attachment_310\" aria-describedby=\"caption-attachment-310\" style=\"width: 712px\" class=\"wp-caption alignright\"><a href=\"http:\/\/adrianwood.ch\/wp-content\/uploads\/2011\/01\/DSC_0371_r.jpg\"><img loading=\"lazy\" decoding=\"async\" class=\"size-full wp-image-310\" title=\"DSC_0371_r\" src=\"http:\/\/adrianwood.ch\/wp-content\/uploads\/2011\/01\/DSC_0371_r.jpg\" alt=\"St.Brais\" width=\"712\" height=\"473\" \/><\/a><figcaption id=\"caption-attachment-310\" class=\"wp-caption-text\">St.Brais<\/figcaption><\/figure>\n<h2>Jurawanderung St. Brais 21.04.07<\/h2>\n<p><strong>\u00a0<\/strong>Route: Saignel\u00e9gier\u2013 Le Haut du B\u00e9mont (1072m) &#8211; \u00fcber Weitweide nach La Bosse \u2013 Les Enfers (Einkehr im Caf\u00e9 de la Poste) \u2013 St. Brais \u2013 P. 1053 (sch\u00f6ner Aussichtspunkt auf den Fl\u00fchen bei Le Ch\u00e9sal, mit Blick zum Chasseral und hinunter zum Doubs) \u2013\u00a0 Sceut Dessus \u2013 auf aufgehobenem Wanderweg steil hinunter nach Mo\u00e9brai \u2013 Glovelier (510m)<\/p>\n<p>Wir waren von 9 Uhr 15 bis 16 Uhr 45 unterwegs.<\/p>\n<p>Wetter: Warmes, fast kalifornisches Fr\u00fchlingswetter, aber von Dunst beeintr\u00e4chtigte Fernsicht.<\/p>\n<p>Teilnehmer: Jean Carol, Regina Denzler, Elisabeth Gr\u00fcndl, Toni Jost, Rosmarie M\u00fcller (Gast), Peter Schepperle, Vreni Schepperle, Anna Sutter, Peter Sutter, Barbara Winkler, Tammo Winkler, Adrian Wood<\/p>\n<p><!-- default-view.php -->\n<div\n\tclass=\"ngg-galleryoverview default-view\n\t ngg-ajax-pagination-none\t\"\n\tid=\"ngg-gallery-88f3f3193154747bd5926b53d3f0ebfc-1\"\n\tdata-nextgen-gallery-id=\"299\"\n\tdata-gallery-id=\"299\"\n\t\tdata-gallery-name=\"stbrais\"\n\t>\n\n\t\t<!-- Thumbnails -->\n\t\t\t\t<div id=\"ngg-image-0\" class=\"ngg-gallery-thumbnail-box\n\t\t\t\t\t\t\t\tngg-6-columns\t\t\t\"\n\t\t\t>\n\t\t\t\t\t\t<div class=\"ngg-gallery-thumbnail\">\n\t\t<a href=\"https:\/\/www.adrianwood.ch\/wp-content\/gallery\/stbrais\/DSC_0372_m.jpg?t=1776608623\"\n\t\t\ttitle=\"\"\n\t\t\tdata-src=\"https:\/\/www.adrianwood.ch\/wp-content\/gallery\/stbrais\/DSC_0372_m.jpg?t=1776608623\"\n\t\t\tdata-thumbnail=\"https:\/\/www.adrianwood.ch\/wp-content\/gallery\/stbrais\/thumbs\/thumbs_DSC_0372_m.jpg?t=1776608623\"\n\t\t\tdata-image-id=\"8322\"\n\t\t\tdata-image-name=\"DSC_0372_m.jpg\"\n\t\t\tdata-title=\"DSC_0372_m\"\n\t\t\tdata-description=\"\"\n\t\t\tdata-image-slug=\"dsc_0372_m\"\n\t\t\t\t\t\t\t\t\t\t\t\t\t\t\t\t\t\t\t\tclass=\"ngg-fancybox\" rel=\"88f3f3193154747bd5926b53d3f0ebfc\">\n\t\t\t\t\t\t\t\t<img\n\t\t\t\t\ttitle=\"DSC_0372_m\"\n\t\t\t\t\talt=\"DSC_0372_m\"\n\t\t\t\t\tsrc=\"https:\/\/www.adrianwood.ch\/wp-content\/gallery\/stbrais\/cache\/DSC_0372_m.jpg-nggid048322-ngg0dyn-240x160x100-00f0w010c010r110f110r010t010.jpg?t=1776608623\"\n\t\t\t\t\twidth=\"240\"\n\t\t\t\t\theight=\"160\"\n\t\t\t\t\tstyle=\"max-width:100%;\"\n\t\t\t\t\/>\n\t\t\t<\/a>\n\t\t<\/div>\n\t\t\t\t\t\t\t<\/div>\n\t\t\t\n\t\t\t\t<div id=\"ngg-image-1\" class=\"ngg-gallery-thumbnail-box\n\t\t\t\t\t\t\t\tngg-6-columns\t\t\t\"\n\t\t\t>\n\t\t\t\t\t\t<div class=\"ngg-gallery-thumbnail\">\n\t\t<a href=\"https:\/\/www.adrianwood.ch\/wp-content\/gallery\/stbrais\/DSC_0374_m.jpg?t=1776608623\"\n\t\t\ttitle=\"\"\n\t\t\tdata-src=\"https:\/\/www.adrianwood.ch\/wp-content\/gallery\/stbrais\/DSC_0374_m.jpg?t=1776608623\"\n\t\t\tdata-thumbnail=\"https:\/\/www.adrianwood.ch\/wp-content\/gallery\/stbrais\/thumbs\/thumbs_DSC_0374_m.jpg?t=1776608623\"\n\t\t\tdata-image-id=\"8323\"\n\t\t\tdata-image-name=\"DSC_0374_m.jpg\"\n\t\t\tdata-title=\"DSC_0374_m\"\n\t\t\tdata-description=\"\"\n\t\t\tdata-image-slug=\"dsc_0374_m\"\n\t\t\t\t\t\t\t\t\t\t\t\t\t\t\t\t\t\t\t\tclass=\"ngg-fancybox\" rel=\"88f3f3193154747bd5926b53d3f0ebfc\">\n\t\t\t\t\t\t\t\t<img\n\t\t\t\t\ttitle=\"DSC_0374_m\"\n\t\t\t\t\talt=\"DSC_0374_m\"\n\t\t\t\t\tsrc=\"https:\/\/www.adrianwood.ch\/wp-content\/gallery\/stbrais\/cache\/DSC_0374_m.jpg-nggid048323-ngg0dyn-240x160x100-00f0w010c010r110f110r010t010.jpg?t=1776608623\"\n\t\t\t\t\twidth=\"240\"\n\t\t\t\t\theight=\"160\"\n\t\t\t\t\tstyle=\"max-width:100%;\"\n\t\t\t\t\/>\n\t\t\t<\/a>\n\t\t<\/div>\n\t\t\t\t\t\t\t<\/div>\n\t\t\t\n\t\t\t\t<div id=\"ngg-image-2\" class=\"ngg-gallery-thumbnail-box\n\t\t\t\t\t\t\t\tngg-6-columns\t\t\t\"\n\t\t\t>\n\t\t\t\t\t\t<div class=\"ngg-gallery-thumbnail\">\n\t\t<a href=\"https:\/\/www.adrianwood.ch\/wp-content\/gallery\/stbrais\/DSC_0376_m.jpg?t=1776608623\"\n\t\t\ttitle=\"\"\n\t\t\tdata-src=\"https:\/\/www.adrianwood.ch\/wp-content\/gallery\/stbrais\/DSC_0376_m.jpg?t=1776608623\"\n\t\t\tdata-thumbnail=\"https:\/\/www.adrianwood.ch\/wp-content\/gallery\/stbrais\/thumbs\/thumbs_DSC_0376_m.jpg?t=1776608623\"\n\t\t\tdata-image-id=\"8324\"\n\t\t\tdata-image-name=\"DSC_0376_m.jpg\"\n\t\t\tdata-title=\"DSC_0376_m\"\n\t\t\tdata-description=\"\"\n\t\t\tdata-image-slug=\"dsc_0376_m\"\n\t\t\t\t\t\t\t\t\t\t\t\t\t\t\t\t\t\t\t\tclass=\"ngg-fancybox\" rel=\"88f3f3193154747bd5926b53d3f0ebfc\">\n\t\t\t\t\t\t\t\t<img\n\t\t\t\t\ttitle=\"DSC_0376_m\"\n\t\t\t\t\talt=\"DSC_0376_m\"\n\t\t\t\t\tsrc=\"https:\/\/www.adrianwood.ch\/wp-content\/gallery\/stbrais\/cache\/DSC_0376_m.jpg-nggid048324-ngg0dyn-240x160x100-00f0w010c010r110f110r010t010.jpg?t=1776608623\"\n\t\t\t\t\twidth=\"240\"\n\t\t\t\t\theight=\"160\"\n\t\t\t\t\tstyle=\"max-width:100%;\"\n\t\t\t\t\/>\n\t\t\t<\/a>\n\t\t<\/div>\n\t\t\t\t\t\t\t<\/div>\n\t\t\t\n\t\t\t\t<div id=\"ngg-image-3\" class=\"ngg-gallery-thumbnail-box\n\t\t\t\t\t\t\t\tngg-6-columns\t\t\t\"\n\t\t\t>\n\t\t\t\t\t\t<div class=\"ngg-gallery-thumbnail\">\n\t\t<a href=\"https:\/\/www.adrianwood.ch\/wp-content\/gallery\/stbrais\/DSC_0379_1_m.jpg?t=1776608623\"\n\t\t\ttitle=\"\"\n\t\t\tdata-src=\"https:\/\/www.adrianwood.ch\/wp-content\/gallery\/stbrais\/DSC_0379_1_m.jpg?t=1776608623\"\n\t\t\tdata-thumbnail=\"https:\/\/www.adrianwood.ch\/wp-content\/gallery\/stbrais\/thumbs\/thumbs_DSC_0379_1_m.jpg?t=1776608623\"\n\t\t\tdata-image-id=\"8325\"\n\t\t\tdata-image-name=\"DSC_0379_1_m.jpg\"\n\t\t\tdata-title=\"DSC_0379_1_m\"\n\t\t\tdata-description=\"\"\n\t\t\tdata-image-slug=\"dsc_0379_1_m\"\n\t\t\t\t\t\t\t\t\t\t\t\t\t\t\t\t\t\t\t\tclass=\"ngg-fancybox\" rel=\"88f3f3193154747bd5926b53d3f0ebfc\">\n\t\t\t\t\t\t\t\t<img\n\t\t\t\t\ttitle=\"DSC_0379_1_m\"\n\t\t\t\t\talt=\"DSC_0379_1_m\"\n\t\t\t\t\tsrc=\"https:\/\/www.adrianwood.ch\/wp-content\/gallery\/stbrais\/cache\/DSC_0379_1_m.jpg-nggid048325-ngg0dyn-240x160x100-00f0w010c010r110f110r010t010.jpg?t=1776608623\"\n\t\t\t\t\twidth=\"240\"\n\t\t\t\t\theight=\"160\"\n\t\t\t\t\tstyle=\"max-width:100%;\"\n\t\t\t\t\/>\n\t\t\t<\/a>\n\t\t<\/div>\n\t\t\t\t\t\t\t<\/div>\n\t\t\t\n\t\t\t\t<div id=\"ngg-image-4\" class=\"ngg-gallery-thumbnail-box\n\t\t\t\t\t\t\t\tngg-6-columns\t\t\t\"\n\t\t\t>\n\t\t\t\t\t\t<div class=\"ngg-gallery-thumbnail\">\n\t\t<a href=\"https:\/\/www.adrianwood.ch\/wp-content\/gallery\/stbrais\/DSC_0382_1_m.jpg?t=1776608623\"\n\t\t\ttitle=\"\"\n\t\t\tdata-src=\"https:\/\/www.adrianwood.ch\/wp-content\/gallery\/stbrais\/DSC_0382_1_m.jpg?t=1776608623\"\n\t\t\tdata-thumbnail=\"https:\/\/www.adrianwood.ch\/wp-content\/gallery\/stbrais\/thumbs\/thumbs_DSC_0382_1_m.jpg?t=1776608623\"\n\t\t\tdata-image-id=\"8326\"\n\t\t\tdata-image-name=\"DSC_0382_1_m.jpg\"\n\t\t\tdata-title=\"DSC_0382_1_m\"\n\t\t\tdata-description=\"\"\n\t\t\tdata-image-slug=\"dsc_0382_1_m\"\n\t\t\t\t\t\t\t\t\t\t\t\t\t\t\t\t\t\t\t\tclass=\"ngg-fancybox\" rel=\"88f3f3193154747bd5926b53d3f0ebfc\">\n\t\t\t\t\t\t\t\t<img\n\t\t\t\t\ttitle=\"DSC_0382_1_m\"\n\t\t\t\t\talt=\"DSC_0382_1_m\"\n\t\t\t\t\tsrc=\"https:\/\/www.adrianwood.ch\/wp-content\/gallery\/stbrais\/cache\/DSC_0382_1_m.jpg-nggid048326-ngg0dyn-240x160x100-00f0w010c010r110f110r010t010.jpg?t=1776608623\"\n\t\t\t\t\twidth=\"240\"\n\t\t\t\t\theight=\"160\"\n\t\t\t\t\tstyle=\"max-width:100%;\"\n\t\t\t\t\/>\n\t\t\t<\/a>\n\t\t<\/div>\n\t\t\t\t\t\t\t<\/div>\n\t\t\t\n\t\t\t\t<div id=\"ngg-image-5\" class=\"ngg-gallery-thumbnail-box\n\t\t\t\t\t\t\t\tngg-6-columns\t\t\t\"\n\t\t\t>\n\t\t\t\t\t\t<div class=\"ngg-gallery-thumbnail\">\n\t\t<a href=\"https:\/\/www.adrianwood.ch\/wp-content\/gallery\/stbrais\/DSC_0385_m.jpg?t=1776608623\"\n\t\t\ttitle=\"\"\n\t\t\tdata-src=\"https:\/\/www.adrianwood.ch\/wp-content\/gallery\/stbrais\/DSC_0385_m.jpg?t=1776608623\"\n\t\t\tdata-thumbnail=\"https:\/\/www.adrianwood.ch\/wp-content\/gallery\/stbrais\/thumbs\/thumbs_DSC_0385_m.jpg?t=1776608623\"\n\t\t\tdata-image-id=\"8327\"\n\t\t\tdata-image-name=\"DSC_0385_m.jpg\"\n\t\t\tdata-title=\"DSC_0385_m\"\n\t\t\tdata-description=\"\"\n\t\t\tdata-image-slug=\"dsc_0385_m\"\n\t\t\t\t\t\t\t\t\t\t\t\t\t\t\t\t\t\t\t\tclass=\"ngg-fancybox\" rel=\"88f3f3193154747bd5926b53d3f0ebfc\">\n\t\t\t\t\t\t\t\t<img\n\t\t\t\t\ttitle=\"DSC_0385_m\"\n\t\t\t\t\talt=\"DSC_0385_m\"\n\t\t\t\t\tsrc=\"https:\/\/www.adrianwood.ch\/wp-content\/gallery\/stbrais\/cache\/DSC_0385_m.jpg-nggid048327-ngg0dyn-240x160x100-00f0w010c010r110f110r010t010.jpg?t=1776608623\"\n\t\t\t\t\twidth=\"240\"\n\t\t\t\t\theight=\"160\"\n\t\t\t\t\tstyle=\"max-width:100%;\"\n\t\t\t\t\/>\n\t\t\t<\/a>\n\t\t<\/div>\n\t\t\t\t\t\t\t<\/div>\n\t\t\t\n\t\t\t\t<div id=\"ngg-image-6\" class=\"ngg-gallery-thumbnail-box\n\t\t\t\t\t\t\t\tngg-6-columns\t\t\t\"\n\t\t\t>\n\t\t\t\t\t\t<div class=\"ngg-gallery-thumbnail\">\n\t\t<a href=\"https:\/\/www.adrianwood.ch\/wp-content\/gallery\/stbrais\/DSC_0387_1_m.jpg?t=1776608623\"\n\t\t\ttitle=\"\"\n\t\t\tdata-src=\"https:\/\/www.adrianwood.ch\/wp-content\/gallery\/stbrais\/DSC_0387_1_m.jpg?t=1776608623\"\n\t\t\tdata-thumbnail=\"https:\/\/www.adrianwood.ch\/wp-content\/gallery\/stbrais\/thumbs\/thumbs_DSC_0387_1_m.jpg?t=1776608623\"\n\t\t\tdata-image-id=\"8328\"\n\t\t\tdata-image-name=\"DSC_0387_1_m.jpg\"\n\t\t\tdata-title=\"DSC_0387_1_m\"\n\t\t\tdata-description=\"\"\n\t\t\tdata-image-slug=\"dsc_0387_1_m\"\n\t\t\t\t\t\t\t\t\t\t\t\t\t\t\t\t\t\t\t\tclass=\"ngg-fancybox\" rel=\"88f3f3193154747bd5926b53d3f0ebfc\">\n\t\t\t\t\t\t\t\t<img\n\t\t\t\t\ttitle=\"DSC_0387_1_m\"\n\t\t\t\t\talt=\"DSC_0387_1_m\"\n\t\t\t\t\tsrc=\"https:\/\/www.adrianwood.ch\/wp-content\/gallery\/stbrais\/cache\/DSC_0387_1_m.jpg-nggid048328-ngg0dyn-240x160x100-00f0w010c010r110f110r010t010.jpg?t=1776608623\"\n\t\t\t\t\twidth=\"240\"\n\t\t\t\t\theight=\"160\"\n\t\t\t\t\tstyle=\"max-width:100%;\"\n\t\t\t\t\/>\n\t\t\t<\/a>\n\t\t<\/div>\n\t\t\t\t\t\t\t<\/div>\n\t\t\t\n\t\n\t<br style=\"clear: both\" \/>\n\n\t\t<div class=\"slideshowlink\">\n\t\t<a href='https:\/\/www.adrianwood.ch\/index.php\/nggallery\/slideshow?page_id=204'>[Show slideshow]<\/a>\n\n\t<\/div>\n\t\n\t\t<!-- Pagination -->\n\t\t<div class='ngg-clear'><\/div>\t<\/div>\n<\/p>\n<\/div>\n","protected":false},"excerpt":{"rendered":"<p>Jurawanderung St. Brais 21.04.07 \u00a0Route: Saignel\u00e9gier\u2013 Le Haut du B\u00e9mont (1072m) &#8211; \u00fcber Weitweide nach La Bosse \u2013 Les Enfers (Einkehr im Caf\u00e9 de la Poste) \u2013 St. Brais \u2013 P. 1053 (sch\u00f6ner Aussichtspunkt auf den Fl\u00fchen bei Le Ch\u00e9sal, mit Blick zum Chasseral und hinunter zum Doubs) \u2013\u00a0 Sceut Dessus \u2013 auf aufgehobenem Wanderweg &hellip; <a href=\"https:\/\/www.adrianwood.ch\/?page_id=204\" class=\"more-link\">Continue reading <span class=\"screen-reader-text\">2007-04 St.Brais<\/span> <span class=\"meta-nav\">&rarr;<\/span><\/a><\/p>\n","protected":false},"author":1,"featured_media":0,"parent":101,"menu_order":1015,"comment_status":"closed","ping_status":"closed","template":"","meta":{"ngg_post_thumbnail":0,"footnotes":""},"class_list":["post-204","page","type-page","status-publish","hentry"],"_links":{"self":[{"href":"https:\/\/www.adrianwood.ch\/index.php?rest_route=\/wp\/v2\/pages\/204","targetHints":{"allow":["GET"]}}],"collection":[{"href":"https:\/\/www.adrianwood.ch\/index.php?rest_route=\/wp\/v2\/pages"}],"about":[{"href":"https:\/\/www.adrianwood.ch\/index.php?rest_route=\/wp\/v2\/types\/page"}],"author":[{"embeddable":true,"href":"https:\/\/www.adrianwood.ch\/index.php?rest_route=\/wp\/v2\/users\/1"}],"replies":[{"embeddable":true,"href":"https:\/\/www.adrianwood.ch\/index.php?rest_route=%2Fwp%2Fv2%2Fcomments&post=204"}],"version-history":[{"count":5,"href":"https:\/\/www.adrianwood.ch\/index.php?rest_route=\/wp\/v2\/pages\/204\/revisions"}],"predecessor-version":[{"id":7717,"href":"https:\/\/www.adrianwood.ch\/index.php?rest_route=\/wp\/v2\/pages\/204\/revisions\/7717"}],"up":[{"embeddable":true,"href":"https:\/\/www.adrianwood.ch\/index.php?rest_route=\/wp\/v2\/pages\/101"}],"wp:attachment":[{"href":"https:\/\/www.adrianwood.ch\/index.php?rest_route=%2Fwp%2Fv2%2Fmedia&parent=204"}],"curies":[{"name":"wp","href":"https:\/\/api.w.org\/{rel}","templated":true}]}}