{"id":20432,"date":"2019-09-20T09:49:59","date_gmt":"2019-09-20T09:49:59","guid":{"rendered":"http:\/\/www.adrianwood.ch\/?page_id=20432"},"modified":"2019-09-20T11:30:32","modified_gmt":"2019-09-20T11:30:32","slug":"2019-08-rietstockli","status":"publish","type":"page","link":"https:\/\/www.adrianwood.ch\/?page_id=20432","title":{"rendered":"2019-08 Rietst\u00f6ckli"},"content":{"rendered":"<figure id=\"attachment_20435\" aria-describedby=\"caption-attachment-20435\" style=\"width: 1620px\" class=\"wp-caption alignleft\"><a href=\"http:\/\/www.adrianwood.ch\/wp-content\/uploads\/2019\/09\/RIE_0044.jpg\"><img loading=\"lazy\" decoding=\"async\" class=\"size-full wp-image-20435\" src=\"http:\/\/www.adrianwood.ch\/wp-content\/uploads\/2019\/09\/RIE_0044.jpg\" alt=\"\" width=\"1620\" height=\"1080\" srcset=\"https:\/\/www.adrianwood.ch\/wp-content\/uploads\/2019\/09\/RIE_0044.jpg 1620w, https:\/\/www.adrianwood.ch\/wp-content\/uploads\/2019\/09\/RIE_0044-300x200.jpg 300w, https:\/\/www.adrianwood.ch\/wp-content\/uploads\/2019\/09\/RIE_0044-768x512.jpg 768w, https:\/\/www.adrianwood.ch\/wp-content\/uploads\/2019\/09\/RIE_0044-1024x683.jpg 1024w\" sizes=\"auto, (max-width: 1620px) 100vw, 1620px\" \/><\/a><figcaption id=\"caption-attachment-20435\" class=\"wp-caption-text\">Unsere Wanderleiterin trifft ein<\/figcaption><\/figure>\n<h2><strong>11.August 2019, Rietst\u00f6ckli Braunwald GL<\/strong><\/h2>\n<p>Von der Klausenpassstrasse steigen wir auf das Rietst\u00f6ckli 1848m. Durch das Alpgel\u00e4nde steigen wir an der Felsformation T\u00fcfels Chilchi vorbei zum Bergetensseli. \u00dcber Oberstafel 1600m wandern wir hin\u00fcber zur Gondelstation Grotzenb\u00fchl. Wir fahren hinunter nach Braunwald.<\/p>\n<p>So war die Ausschreibung, aber wegen Verkehrsschwerigkeiten hat unsere Wanderleiterin den Zug verpasst und wir sind ohne sie losgelaufen. Es folgt ihren Bericht.<\/p>\n<p>Mit einer Stunde Versp\u00e4tung treffe ich um 12.30h auf dem Rietst\u00f6ckli 1848m auf die Wandergruppe, die dort ihre Mittagspause macht und die pr\u00e4chtige Aussicht geniesst.<br \/>\nBald macht sich die Gruppe an den Abstieg zur Bergetenalp. Dieser Wegabschnitt ist sehr abwechslungsreich und f\u00fchrt zuerst \u00fcber Weiden, dann \u00fcber einen von K\u00fchen total vertrampelten, dreckigen Weg an den auff\u00e4lligen Felsen des T\u00fcfelschlichli vorbei durch ein dicht \u00fcberwachsenes gr\u00fcnes Gebiet in einem eher steilen Hang, um uns dann auf einem angenehmen Bergpfad hinunter zur Bergetenalp zu bringen, wo Mutterk\u00fche friedlich in geb\u00fchrenden Abstand zum Wanderweg weiden. Hier machen wir eine Pause und warten auf die Nachz\u00fcgler. Wir sind umgeben von den gewaltigen Felsw\u00e4nden des Ortstocks und den Felsw\u00e4nden, die sich in einer Art Arena gleich hin\u00fcberziehen zu den Eggst\u00f6cken.<br \/>\nDer Bergetensee ist gr\u00fcn \u00fcberwachsen und vom Wasser ist nichts mehr zu sehen. Wir wandern hin\u00fcber zum Oberstafel 1600m und haben dann noch einige H\u00f6henmeter zu \u00fcberwinden, um hin\u00fcber und auch hinunter zum Grotzenb\u00fchl 1559m zu gelangen, wo wir mit der Gondelbahn hinunter zum H\u00fcttenberg fahren. Von dort aus sind wir in 10 Minuten unten bei der Bergstation der Braunwaldbahn. Die Zeit reicht noch, um sich mit einem erfrischenden Getr\u00e4nk zu versorgen. Um 15.55h f\u00e4hrt die Bahn hinunter zur Talstation, wo wir um 16.18h den Zug nach Ziegelbr\u00fccke besteigen k\u00f6nnen.<\/p>\n<p>Wir hatten grosses Gl\u00fcck mit dem Wetter und auch die Wanderung scheint allen gefallen zu haben, f\u00fchrte sie doch in eine Gegend, die f\u00fcr die einige Leute eher unbekannt war.<\/p>\n<p>Distanz: 10.86km; Aufstieg: 803m; Abstieg: 558m, Wanderzeit 3h 56 min<\/p>\n<h3><a href=\"https:\/\/map.wanderland.ch\/?lang=en&amp;route=all&amp;bgLayer=pk&amp;resolution=10&amp;E=2717037&amp;N=1198764&amp;logo=yes&amp;season=summer&amp;trackId=5898716\">Karte Schweizmobil<\/a><\/h3>\nngg_shortcode_0_placeholder\n","protected":false},"excerpt":{"rendered":"<p>11.August 2019, Rietst\u00f6ckli Braunwald GL Von der Klausenpassstrasse steigen wir auf das Rietst\u00f6ckli 1848m. Durch das Alpgel\u00e4nde steigen wir an der Felsformation T\u00fcfels Chilchi vorbei zum Bergetensseli. \u00dcber Oberstafel 1600m wandern wir hin\u00fcber zur Gondelstation Grotzenb\u00fchl. Wir fahren hinunter nach Braunwald. So war die Ausschreibung, aber wegen Verkehrsschwerigkeiten hat unsere Wanderleiterin den Zug verpasst und &hellip; <a href=\"https:\/\/www.adrianwood.ch\/?page_id=20432\" class=\"more-link\">Continue reading <span class=\"screen-reader-text\">2019-08 Rietst\u00f6ckli<\/span> <span class=\"meta-nav\">&rarr;<\/span><\/a><\/p>\n","protected":false},"author":1,"featured_media":0,"parent":122,"menu_order":1154,"comment_status":"closed","ping_status":"closed","template":"","meta":{"ngg_post_thumbnail":0,"footnotes":""},"class_list":["post-20432","page","type-page","status-publish","hentry"],"_links":{"self":[{"href":"https:\/\/www.adrianwood.ch\/index.php?rest_route=\/wp\/v2\/pages\/20432","targetHints":{"allow":["GET"]}}],"collection":[{"href":"https:\/\/www.adrianwood.ch\/index.php?rest_route=\/wp\/v2\/pages"}],"about":[{"href":"https:\/\/www.adrianwood.ch\/index.php?rest_route=\/wp\/v2\/types\/page"}],"author":[{"embeddable":true,"href":"https:\/\/www.adrianwood.ch\/index.php?rest_route=\/wp\/v2\/users\/1"}],"replies":[{"embeddable":true,"href":"https:\/\/www.adrianwood.ch\/index.php?rest_route=%2Fwp%2Fv2%2Fcomments&post=20432"}],"version-history":[{"count":4,"href":"https:\/\/www.adrianwood.ch\/index.php?rest_route=\/wp\/v2\/pages\/20432\/revisions"}],"predecessor-version":[{"id":20448,"href":"https:\/\/www.adrianwood.ch\/index.php?rest_route=\/wp\/v2\/pages\/20432\/revisions\/20448"}],"up":[{"embeddable":true,"href":"https:\/\/www.adrianwood.ch\/index.php?rest_route=\/wp\/v2\/pages\/122"}],"wp:attachment":[{"href":"https:\/\/www.adrianwood.ch\/index.php?rest_route=%2Fwp%2Fv2%2Fmedia&parent=20432"}],"curies":[{"name":"wp","href":"https:\/\/api.w.org\/{rel}","templated":true}]}}